{"id":74271,"date":"2022-04-02T10:46:21","date_gmt":"2022-04-02T08:46:21","guid":{"rendered":"http:\/\/www.tabakversand.ch\/produkt\/edelweiss-snuff-schnupftabak\/"},"modified":"2026-03-13T15:05:39","modified_gmt":"2026-03-13T14:05:39","slug":"edelweiss","status":"publish","type":"product","link":"https:\/\/www.tabakversand.ch\/fr\/produit\/edelweiss\/","title":{"rendered":"Edelweiss"},"content":{"rendered":"<h1>Edelweiss<\/h1>\n<p>Fra\u00eecheur et plaisir r\u00e9unis : le tabac \u00e0 priser Edelweiss offre une alternative rafra\u00eechissante, sans tabac. Le menthol \u00e9quilibr\u00e9 procure une sensation agr\u00e9ablement fra\u00eeche et vivifiante, tandis que l&rsquo;ar\u00f4me subtil de dextrose apporte une douce saveur sucr\u00e9e et compl\u00e8te harmonieusement l&rsquo;exp\u00e9rience. <\/p>\n<p>Son emballage haut de gamme, orn\u00e9 d&rsquo;un \u00e9l\u00e9gant motif d&rsquo;edelweiss, souligne l&rsquo;h\u00e9ritage alpin et la qualit\u00e9 exceptionnelle de ce produit. Id\u00e9al pour tous ceux qui recherchent un moment de d\u00e9tente sans tabac. <\/p>\n<p>Chez tabakversand.ch, vous recevez votre tabac \u00e0 priser Edelweiss fra\u00eechement conserv\u00e9 dans son emballage d&rsquo;origine. Un stockage soign\u00e9 garantit une pr\u00e9servation optimale de son ar\u00f4me, de son humidit\u00e9 et de sa qualit\u00e9 jusqu&rsquo;\u00e0 l&rsquo;exp\u00e9dition. Gr\u00e2ce \u00e0 une livraison rapide en Suisse, votre tabac \u00e0 priser vous parvient g\u00e9n\u00e9ralement tr\u00e8s rapidement.  <\/p>\n<ul>\n<li>Fabriqu\u00e9 avec du dextrose (sans tabac)<\/li>\n<li>Rafra\u00eechissant avec une l\u00e9g\u00e8re note de menthol.<\/li>\n<\/ul>\n<p>1 bo\u00eete: Capacit\u00e9 10gr.<\/p>\n<p>Pour en savoir plus sur le fabricant, les fr\u00e8res Bernard, veuillez consulter leur page Wikip\u00e9dia&nbsp;: <a href=\"https:\/\/de.wikipedia.org\/wiki\/Gebr%C3%BCder_Bernard\">cliquez ici<\/a> . Si vous avez des questions concernant le produit, n\u2019h\u00e9sitez pas \u00e0 nous contacter&nbsp;: <a href=\"https:\/\/www.tabakversand.ch\/kontakt\/\">cliquez ici<\/a> . <\/p>\n<p>Tous les prix s&rsquo;appliquent uniquement aux commandes en ligne et incluent la TVA. Sous r\u00e9serve de modifications sans pr\u00e9avis, frais de livraison en sus. Sous r\u00e9serve d&rsquo;erreurs, de modifications de contenu de livraison et de conception, de fautes d&rsquo;impression et de modifications de prix. Les prix barr\u00e9s sont des prix de remplacement. Les illustrations peuvent diff\u00e9rer de l&rsquo;original\/du contenu de livraison.<br \/>\n*Livraison gratuite pour les commandes sup\u00e9rieures \u00e0 CHF 250.-.<\/p>\n","protected":false},"excerpt":{"rendered":"<p>Edelweiss Fra\u00eecheur et plaisir r\u00e9unis : le tabac \u00e0 priser Edelweiss offre une alternative rafra\u00eechissante, sans tabac. Le menthol \u00e9quilibr\u00e9 procure une sensation agr\u00e9ablement fra\u00eeche et vivifiante, tandis que l&rsquo;ar\u00f4me subtil de dextrose apporte une douce saveur sucr\u00e9e et compl\u00e8te harmonieusement l&rsquo;exp\u00e9rience. Son emballage haut de gamme, orn\u00e9 d&rsquo;un \u00e9l\u00e9gant motif d&rsquo;edelweiss, souligne l&rsquo;h\u00e9ritage alpin [&hellip;]<\/p>\n","protected":false},"featured_media":74277,"template":"","meta":[],"product_brand":[1527],"product_cat":[1888,1951,1950],"product_tag":[],"class_list":{"0":"post-74271","1":"product","2":"type-product","3":"status-publish","4":"has-post-thumbnail","6":"product_brand-bernards-schnupftabak","7":"product_cat-tabac","8":"product_cat-tabac-a-priser-et-accessoires","9":"product_cat-tabac-a-priser-schnupftabak","11":"first","12":"instock","13":"purchasable","14":"product-type-simple"},"yoast_head":"<!-- This site is optimized with the Yoast SEO plugin v27.0 - https:\/\/yoast.com\/product\/yoast-seo-wordpress\/ -->\n<title>Achetez du tabac \u00e0 priser Edelweiss \u2013 doux, aromatique et traditionnel<\/title>\n<meta name=\"description\" content=\"Edelweiss \u2013 sans tabac, avec une menthol rafra\u00eechissante et une d\u00e9licate note de sucre de raisin. Rafra\u00eechissante, harmonieuse et id\u00e9ale pour un plaisir imm\u00e9diat dans un format pratique.\" \/>\n<meta name=\"robots\" content=\"index, follow, max-snippet:-1, max-image-preview:large, max-video-preview:-1\" \/>\n<link rel=\"canonical\" href=\"https:\/\/www.tabakversand.ch\/produit\/edelweiss\/\" \/>\n<meta property=\"og:locale\" content=\"fr_FR\" \/>\n<meta property=\"og:type\" content=\"article\" \/>\n<meta property=\"og:title\" content=\"Achetez du tabac \u00e0 priser Edelweiss \u2013 doux, aromatique et traditionnel\" \/>\n<meta property=\"og:description\" content=\"Edelweiss \u2013 sans tabac, avec une menthol rafra\u00eechissante et une d\u00e9licate note de sucre de raisin. Rafra\u00eechissante, harmonieuse et id\u00e9ale pour un plaisir imm\u00e9diat dans un format pratique.\" \/>\n<meta property=\"og:url\" content=\"https:\/\/www.tabakversand.ch\/produit\/edelweiss\/\" \/>\n<meta property=\"og:site_name\" content=\"Tabakversand.ch | Alles aus der Welt des Tabaks\" \/>\n<meta property=\"article:modified_time\" content=\"2026-03-13T14:05:39+00:00\" \/>\n<meta property=\"og:image\" content=\"https:\/\/www.tabakversand.ch\/wp-content\/uploads\/2022\/03\/edelweiss-snuff.jpg\" \/>\n\t<meta property=\"og:image:width\" content=\"500\" \/>\n\t<meta property=\"og:image:height\" content=\"500\" \/>\n\t<meta property=\"og:image:type\" content=\"image\/jpeg\" \/>\n<meta name=\"twitter:card\" content=\"summary_large_image\" \/>\n<meta name=\"twitter:label1\" content=\"Dur\u00e9e de lecture estim\u00e9e\" \/>\n\t<meta name=\"twitter:data1\" content=\"2 minutes\" \/>\n<script type=\"application\/ld+json\" class=\"yoast-schema-graph\">{\"@context\":\"https:\/\/schema.org\",\"@graph\":[{\"@type\":\"WebPage\",\"@id\":\"https:\/\/www.tabakversand.ch\/produit\/edelweiss\/\",\"url\":\"https:\/\/www.tabakversand.ch\/produit\/edelweiss\/\",\"name\":\"Achetez du tabac \u00e0 priser Edelweiss \u2013 doux, aromatique et traditionnel\",\"isPartOf\":{\"@id\":\"https:\/\/www.tabakversand.ch\/#website\"},\"primaryImageOfPage\":{\"@id\":\"https:\/\/www.tabakversand.ch\/produit\/edelweiss\/#primaryimage\"},\"image\":{\"@id\":\"https:\/\/www.tabakversand.ch\/produit\/edelweiss\/#primaryimage\"},\"thumbnailUrl\":\"https:\/\/www.tabakversand.ch\/wp-content\/uploads\/2022\/03\/edelweiss-snuff.jpg\",\"datePublished\":\"2022-04-02T08:46:21+00:00\",\"dateModified\":\"2026-03-13T14:05:39+00:00\",\"description\":\"Edelweiss \u2013 sans tabac, avec une menthol rafra\u00eechissante et une d\u00e9licate note de sucre de raisin. Rafra\u00eechissante, harmonieuse et id\u00e9ale pour un plaisir imm\u00e9diat dans un format pratique.\",\"breadcrumb\":{\"@id\":\"https:\/\/www.tabakversand.ch\/produit\/edelweiss\/#breadcrumb\"},\"inLanguage\":\"fr-FR\",\"potentialAction\":[{\"@type\":\"ReadAction\",\"target\":[\"https:\/\/www.tabakversand.ch\/produit\/edelweiss\/\"]}]},{\"@type\":\"ImageObject\",\"inLanguage\":\"fr-FR\",\"@id\":\"https:\/\/www.tabakversand.ch\/produit\/edelweiss\/#primaryimage\",\"url\":\"https:\/\/www.tabakversand.ch\/wp-content\/uploads\/2022\/03\/edelweiss-snuff.jpg\",\"contentUrl\":\"https:\/\/www.tabakversand.ch\/wp-content\/uploads\/2022\/03\/edelweiss-snuff.jpg\",\"width\":500,\"height\":500,\"caption\":\"Edelweiss Snuff Schnupftabak\"},{\"@type\":\"BreadcrumbList\",\"@id\":\"https:\/\/www.tabakversand.ch\/produit\/edelweiss\/#breadcrumb\",\"itemListElement\":[{\"@type\":\"ListItem\",\"position\":1,\"name\":\"Startseite\",\"item\":\"https:\/\/www.tabakversand.ch\/\"},{\"@type\":\"ListItem\",\"position\":2,\"name\":\"Boutique\",\"item\":\"https:\/\/www.tabakversand.ch\/fr\/boutique\/\"},{\"@type\":\"ListItem\",\"position\":3,\"name\":\"Edelweiss\"}]},{\"@type\":\"WebSite\",\"@id\":\"https:\/\/www.tabakversand.ch\/#website\",\"url\":\"https:\/\/www.tabakversand.ch\/\",\"name\":\"Tabakversand.ch | Alles aus der Welt des Tabaks\",\"description\":\"Smoke and carpe diem\",\"potentialAction\":[{\"@type\":\"SearchAction\",\"target\":{\"@type\":\"EntryPoint\",\"urlTemplate\":\"https:\/\/www.tabakversand.ch\/?s={search_term_string}\"},\"query-input\":{\"@type\":\"PropertyValueSpecification\",\"valueRequired\":true,\"valueName\":\"search_term_string\"}}],\"inLanguage\":\"fr-FR\"}]}<\/script>\n<!-- \/ Yoast SEO plugin. -->","yoast_head_json":{"title":"Achetez du tabac \u00e0 priser Edelweiss \u2013 doux, aromatique et traditionnel","description":"Edelweiss \u2013 sans tabac, avec une menthol rafra\u00eechissante et une d\u00e9licate note de sucre de raisin. Rafra\u00eechissante, harmonieuse et id\u00e9ale pour un plaisir imm\u00e9diat dans un format pratique.","robots":{"index":"index","follow":"follow","max-snippet":"max-snippet:-1","max-image-preview":"max-image-preview:large","max-video-preview":"max-video-preview:-1"},"canonical":"https:\/\/www.tabakversand.ch\/produit\/edelweiss\/","og_locale":"fr_FR","og_type":"article","og_title":"Achetez du tabac \u00e0 priser Edelweiss \u2013 doux, aromatique et traditionnel","og_description":"Edelweiss \u2013 sans tabac, avec une menthol rafra\u00eechissante et une d\u00e9licate note de sucre de raisin. Rafra\u00eechissante, harmonieuse et id\u00e9ale pour un plaisir imm\u00e9diat dans un format pratique.","og_url":"https:\/\/www.tabakversand.ch\/produit\/edelweiss\/","og_site_name":"Tabakversand.ch | Alles aus der Welt des Tabaks","article_modified_time":"2026-03-13T14:05:39+00:00","og_image":[{"width":500,"height":500,"url":"https:\/\/www.tabakversand.ch\/wp-content\/uploads\/2022\/03\/edelweiss-snuff.jpg","type":"image\/jpeg"}],"twitter_card":"summary_large_image","twitter_misc":{"Dur\u00e9e de lecture estim\u00e9e":"2 minutes"},"schema":{"@context":"https:\/\/schema.org","@graph":[{"@type":"WebPage","@id":"https:\/\/www.tabakversand.ch\/produit\/edelweiss\/","url":"https:\/\/www.tabakversand.ch\/produit\/edelweiss\/","name":"Achetez du tabac \u00e0 priser Edelweiss \u2013 doux, aromatique et traditionnel","isPartOf":{"@id":"https:\/\/www.tabakversand.ch\/#website"},"primaryImageOfPage":{"@id":"https:\/\/www.tabakversand.ch\/produit\/edelweiss\/#primaryimage"},"image":{"@id":"https:\/\/www.tabakversand.ch\/produit\/edelweiss\/#primaryimage"},"thumbnailUrl":"https:\/\/www.tabakversand.ch\/wp-content\/uploads\/2022\/03\/edelweiss-snuff.jpg","datePublished":"2022-04-02T08:46:21+00:00","dateModified":"2026-03-13T14:05:39+00:00","description":"Edelweiss \u2013 sans tabac, avec une menthol rafra\u00eechissante et une d\u00e9licate note de sucre de raisin. Rafra\u00eechissante, harmonieuse et id\u00e9ale pour un plaisir imm\u00e9diat dans un format pratique.","breadcrumb":{"@id":"https:\/\/www.tabakversand.ch\/produit\/edelweiss\/#breadcrumb"},"inLanguage":"fr-FR","potentialAction":[{"@type":"ReadAction","target":["https:\/\/www.tabakversand.ch\/produit\/edelweiss\/"]}]},{"@type":"ImageObject","inLanguage":"fr-FR","@id":"https:\/\/www.tabakversand.ch\/produit\/edelweiss\/#primaryimage","url":"https:\/\/www.tabakversand.ch\/wp-content\/uploads\/2022\/03\/edelweiss-snuff.jpg","contentUrl":"https:\/\/www.tabakversand.ch\/wp-content\/uploads\/2022\/03\/edelweiss-snuff.jpg","width":500,"height":500,"caption":"Edelweiss Snuff Schnupftabak"},{"@type":"BreadcrumbList","@id":"https:\/\/www.tabakversand.ch\/produit\/edelweiss\/#breadcrumb","itemListElement":[{"@type":"ListItem","position":1,"name":"Startseite","item":"https:\/\/www.tabakversand.ch\/"},{"@type":"ListItem","position":2,"name":"Boutique","item":"https:\/\/www.tabakversand.ch\/fr\/boutique\/"},{"@type":"ListItem","position":3,"name":"Edelweiss"}]},{"@type":"WebSite","@id":"https:\/\/www.tabakversand.ch\/#website","url":"https:\/\/www.tabakversand.ch\/","name":"Tabakversand.ch | Alles aus der Welt des Tabaks","description":"Smoke and carpe diem","potentialAction":[{"@type":"SearchAction","target":{"@type":"EntryPoint","urlTemplate":"https:\/\/www.tabakversand.ch\/?s={search_term_string}"},"query-input":{"@type":"PropertyValueSpecification","valueRequired":true,"valueName":"search_term_string"}}],"inLanguage":"fr-FR"}]}},"_links":{"self":[{"href":"https:\/\/www.tabakversand.ch\/fr\/wp-json\/wp\/v2\/product\/74271","targetHints":{"allow":["GET"]}}],"collection":[{"href":"https:\/\/www.tabakversand.ch\/fr\/wp-json\/wp\/v2\/product"}],"about":[{"href":"https:\/\/www.tabakversand.ch\/fr\/wp-json\/wp\/v2\/types\/product"}],"version-history":[{"count":5,"href":"https:\/\/www.tabakversand.ch\/fr\/wp-json\/wp\/v2\/product\/74271\/revisions"}],"predecessor-version":[{"id":212991,"href":"https:\/\/www.tabakversand.ch\/fr\/wp-json\/wp\/v2\/product\/74271\/revisions\/212991"}],"wp:featuredmedia":[{"embeddable":true,"href":"https:\/\/www.tabakversand.ch\/fr\/wp-json\/wp\/v2\/media\/74277"}],"wp:attachment":[{"href":"https:\/\/www.tabakversand.ch\/fr\/wp-json\/wp\/v2\/media?parent=74271"}],"wp:term":[{"taxonomy":"product_brand","embeddable":true,"href":"https:\/\/www.tabakversand.ch\/fr\/wp-json\/wp\/v2\/product_brand?post=74271"},{"taxonomy":"product_cat","embeddable":true,"href":"https:\/\/www.tabakversand.ch\/fr\/wp-json\/wp\/v2\/product_cat?post=74271"},{"taxonomy":"product_tag","embeddable":true,"href":"https:\/\/www.tabakversand.ch\/fr\/wp-json\/wp\/v2\/product_tag?post=74271"}],"curies":[{"name":"wp","href":"https:\/\/api.w.org\/{rel}","templated":true}]}}