{"id":74360,"date":"2022-04-02T10:46:03","date_gmt":"2022-04-02T08:46:03","guid":{"rendered":"http:\/\/www.tabakversand.ch\/produkt\/pincement-de-glacier-menthol-snuff-snuff-snuff\/"},"modified":"2026-04-03T10:49:48","modified_gmt":"2026-04-03T08:49:48","slug":"brise-glaciaire","status":"publish","type":"product","link":"https:\/\/www.tabakversand.ch\/fr\/produit\/brise-glaciaire\/","title":{"rendered":"brise glaciaire"},"content":{"rendered":"<h1>brise glaciaire<\/h1>\n<p>Le tabac \u00e0 priser menthol\u00e9 Gletscherprise procure une sensation de fra\u00eecheur intense et un ar\u00f4me de menthol pur et puissant. Sa mouture fine assure une application agr\u00e9able et une diffusion rapide de la note aromatique de menthol.<\/p>\n<p>Ce tabac \u00e0 priser s\u00e9duit par son m\u00e9lange \u00e9quilibr\u00e9 et sa fra\u00eecheur vivifiante, particuli\u00e8rement appr\u00e9ci\u00e9e des amateurs de menthol. Id\u00e9al au quotidien ou comme compagnon rafra\u00eechissant lors de vos d\u00e9placements.<\/p>\n<p>Avantages du produit\u00a0:<\/p>\n<ul>\n<li>Ar\u00f4me intense de menthol<\/li>\n<li>Broyage fin et uniforme<\/li>\n<li>Effet de fra\u00eecheur rafra\u00eechissante<\/li>\n<li>Contenant pratique pour les d\u00e9placements<\/li>\n<li>Qualit\u00e9 \u00e9prouv\u00e9e<\/li>\n<li>1 x 10 g<\/li>\n<\/ul>\n<p>Le tabac \u00e0 priser menthol\u00e9 Gletscherprise est le choix id\u00e9al pour tous ceux qui pr\u00e9f\u00e8rent un menthol franc et puissant et qui privil\u00e9gient la qualit\u00e9.<\/p>\n<p>Chez tabakversand.ch, vous recevez votre tabac \u00e0 priser Gletscherprise Menthol fra\u00eechement conserv\u00e9 dans son emballage d&rsquo;origine. Un stockage soign\u00e9 garantit une pr\u00e9servation optimale de son ar\u00f4me, de son humidit\u00e9 et de sa qualit\u00e9 jusqu&rsquo;\u00e0 l&rsquo;exp\u00e9dition. Gr\u00e2ce \u00e0 une livraison rapide en Suisse, votre tabac \u00e0 priser vous parvient g\u00e9n\u00e9ralement tr\u00e8s rapidement.<\/p>\n<p>Pour plus d&rsquo;informations sur le fabricant Alois P\u00f6schl GmbH &amp; Co. KG, veuillez consulter la page Wikip\u00e9dia correspondante\u00a0: <a href=\"https:\/\/de.wikipedia.org\/wiki\/Alois_P%C3%B6schl\">cliquez ici<\/a> . Pour toute question concernant le produit, n&rsquo;h\u00e9sitez pas \u00e0 nous contacter\u00a0: <a href=\"https:\/\/www.tabakversand.ch\/kontakt\/\">cliquez ici<\/a> .<\/p>\n<p>Tous les prix s&rsquo;appliquent uniquement aux commandes en ligne et incluent la TVA. Sous r\u00e9serve de modifications sans pr\u00e9avis, frais de livraison en sus. Sous r\u00e9serve d&rsquo;erreurs, de modifications de contenu de livraison et de conception, de fautes d&rsquo;impression et de modifications de prix. Les prix barr\u00e9s sont des prix de remplacement. Les illustrations peuvent diff\u00e9rer de l&rsquo;original\/du contenu de livraison.<br \/>\n*Livraison gratuite pour les commandes sup\u00e9rieures \u00e0 CHF 250.-.<\/p>\n","protected":false},"excerpt":{"rendered":"<p>brise glaciaire Le tabac \u00e0 priser menthol\u00e9 Gletscherprise procure une sensation de fra\u00eecheur intense et un ar\u00f4me de menthol pur et puissant. Sa mouture fine assure une application agr\u00e9able et une diffusion rapide de la note aromatique de menthol. Ce tabac \u00e0 priser s\u00e9duit par son m\u00e9lange \u00e9quilibr\u00e9 et sa fra\u00eecheur vivifiante, particuli\u00e8rement appr\u00e9ci\u00e9e des [&hellip;]<\/p>\n","protected":false},"featured_media":74364,"template":"","meta":[],"product_brand":[1515],"product_cat":[1888,1951,1950],"product_tag":[],"class_list":{"0":"post-74360","1":"product","2":"type-product","3":"status-publish","4":"has-post-thumbnail","6":"product_brand-poeschl","7":"product_cat-tabac","8":"product_cat-tabac-a-priser-et-accessoires","9":"product_cat-tabac-a-priser-schnupftabak","11":"first","12":"instock","13":"purchasable","14":"product-type-simple"},"yoast_head":"<!-- This site is optimized with the Yoast SEO plugin v27.0 - https:\/\/yoast.com\/product\/yoast-seo-wordpress\/ -->\n<title>brise glaciaire - Tabakversand.ch | Alles aus der Welt des Tabaks<\/title>\n<meta name=\"description\" content=\"brise glaciaire \u2013 tabac \u00e0 priser rafra\u00eechissant \u00e0 l&#039;ar\u00f4me menthol\u00e9 intense et \u00e0 la fra\u00eecheur croquante. Finement moulu et aromatique. Id\u00e9al \u00e0 emporter.\" \/>\n<meta name=\"robots\" content=\"index, follow, max-snippet:-1, max-image-preview:large, max-video-preview:-1\" \/>\n<link rel=\"canonical\" href=\"https:\/\/www.tabakversand.ch\/produit\/gletscherprise\/\" \/>\n<meta property=\"og:locale\" content=\"fr_FR\" \/>\n<meta property=\"og:type\" content=\"article\" \/>\n<meta property=\"og:title\" content=\"brise glaciaire - Tabakversand.ch | Alles aus der Welt des Tabaks\" \/>\n<meta property=\"og:description\" content=\"brise glaciaire \u2013 tabac \u00e0 priser rafra\u00eechissant \u00e0 l&#039;ar\u00f4me menthol\u00e9 intense et \u00e0 la fra\u00eecheur croquante. Finement moulu et aromatique. Id\u00e9al \u00e0 emporter.\" \/>\n<meta property=\"og:url\" content=\"https:\/\/www.tabakversand.ch\/produit\/gletscherprise\/\" \/>\n<meta property=\"og:site_name\" content=\"Tabakversand.ch | Alles aus der Welt des Tabaks\" \/>\n<meta property=\"article:modified_time\" content=\"2026-04-03T08:49:48+00:00\" \/>\n<meta property=\"og:image\" content=\"https:\/\/www.tabakversand.ch\/wp-content\/uploads\/2022\/03\/gletscher-prise-snuff.jpg\" \/>\n\t<meta property=\"og:image:width\" content=\"500\" \/>\n\t<meta property=\"og:image:height\" content=\"500\" \/>\n\t<meta property=\"og:image:type\" content=\"image\/jpeg\" \/>\n<meta name=\"twitter:card\" content=\"summary_large_image\" \/>\n<meta name=\"twitter:label1\" content=\"Dur\u00e9e de lecture estim\u00e9e\" \/>\n\t<meta name=\"twitter:data1\" content=\"2 minutes\" \/>\n<script type=\"application\/ld+json\" class=\"yoast-schema-graph\">{\"@context\":\"https:\/\/schema.org\",\"@graph\":[{\"@type\":\"WebPage\",\"@id\":\"https:\/\/www.tabakversand.ch\/produit\/gletscherprise\/\",\"url\":\"https:\/\/www.tabakversand.ch\/produit\/gletscherprise\/\",\"name\":\"brise glaciaire - Tabakversand.ch | Alles aus der Welt des Tabaks\",\"isPartOf\":{\"@id\":\"https:\/\/www.tabakversand.ch\/#website\"},\"primaryImageOfPage\":{\"@id\":\"https:\/\/www.tabakversand.ch\/produit\/gletscherprise\/#primaryimage\"},\"image\":{\"@id\":\"https:\/\/www.tabakversand.ch\/produit\/gletscherprise\/#primaryimage\"},\"thumbnailUrl\":\"https:\/\/www.tabakversand.ch\/wp-content\/uploads\/2022\/03\/gletscher-prise-snuff.jpg\",\"datePublished\":\"2022-04-02T08:46:03+00:00\",\"dateModified\":\"2026-04-03T08:49:48+00:00\",\"description\":\"brise glaciaire \u2013 tabac \u00e0 priser rafra\u00eechissant \u00e0 l'ar\u00f4me menthol\u00e9 intense et \u00e0 la fra\u00eecheur croquante. Finement moulu et aromatique. Id\u00e9al \u00e0 emporter.\",\"breadcrumb\":{\"@id\":\"https:\/\/www.tabakversand.ch\/produit\/gletscherprise\/#breadcrumb\"},\"inLanguage\":\"fr-FR\",\"potentialAction\":[{\"@type\":\"ReadAction\",\"target\":[\"https:\/\/www.tabakversand.ch\/produit\/gletscherprise\/\"]}]},{\"@type\":\"ImageObject\",\"inLanguage\":\"fr-FR\",\"@id\":\"https:\/\/www.tabakversand.ch\/produit\/gletscherprise\/#primaryimage\",\"url\":\"https:\/\/www.tabakversand.ch\/wp-content\/uploads\/2022\/03\/gletscher-prise-snuff.jpg\",\"contentUrl\":\"https:\/\/www.tabakversand.ch\/wp-content\/uploads\/2022\/03\/gletscher-prise-snuff.jpg\",\"width\":500,\"height\":500,\"caption\":\"Pincement de glacier menthol snuff snuff snuff\"},{\"@type\":\"BreadcrumbList\",\"@id\":\"https:\/\/www.tabakversand.ch\/produit\/gletscherprise\/#breadcrumb\",\"itemListElement\":[{\"@type\":\"ListItem\",\"position\":1,\"name\":\"Startseite\",\"item\":\"https:\/\/www.tabakversand.ch\/\"},{\"@type\":\"ListItem\",\"position\":2,\"name\":\"Boutique\",\"item\":\"https:\/\/www.tabakversand.ch\/fr\/boutique\/\"},{\"@type\":\"ListItem\",\"position\":3,\"name\":\"brise glaciaire\"}]},{\"@type\":\"WebSite\",\"@id\":\"https:\/\/www.tabakversand.ch\/#website\",\"url\":\"https:\/\/www.tabakversand.ch\/\",\"name\":\"Tabakversand.ch | Alles aus der Welt des Tabaks\",\"description\":\"Smoke and carpe diem\",\"potentialAction\":[{\"@type\":\"SearchAction\",\"target\":{\"@type\":\"EntryPoint\",\"urlTemplate\":\"https:\/\/www.tabakversand.ch\/?s={search_term_string}\"},\"query-input\":{\"@type\":\"PropertyValueSpecification\",\"valueRequired\":true,\"valueName\":\"search_term_string\"}}],\"inLanguage\":\"fr-FR\"}]}<\/script>\n<!-- \/ Yoast SEO plugin. -->","yoast_head_json":{"title":"brise glaciaire - Tabakversand.ch | Alles aus der Welt des Tabaks","description":"brise glaciaire \u2013 tabac \u00e0 priser rafra\u00eechissant \u00e0 l'ar\u00f4me menthol\u00e9 intense et \u00e0 la fra\u00eecheur croquante. Finement moulu et aromatique. Id\u00e9al \u00e0 emporter.","robots":{"index":"index","follow":"follow","max-snippet":"max-snippet:-1","max-image-preview":"max-image-preview:large","max-video-preview":"max-video-preview:-1"},"canonical":"https:\/\/www.tabakversand.ch\/produit\/gletscherprise\/","og_locale":"fr_FR","og_type":"article","og_title":"brise glaciaire - Tabakversand.ch | Alles aus der Welt des Tabaks","og_description":"brise glaciaire \u2013 tabac \u00e0 priser rafra\u00eechissant \u00e0 l'ar\u00f4me menthol\u00e9 intense et \u00e0 la fra\u00eecheur croquante. Finement moulu et aromatique. Id\u00e9al \u00e0 emporter.","og_url":"https:\/\/www.tabakversand.ch\/produit\/gletscherprise\/","og_site_name":"Tabakversand.ch | Alles aus der Welt des Tabaks","article_modified_time":"2026-04-03T08:49:48+00:00","og_image":[{"width":500,"height":500,"url":"https:\/\/www.tabakversand.ch\/wp-content\/uploads\/2022\/03\/gletscher-prise-snuff.jpg","type":"image\/jpeg"}],"twitter_card":"summary_large_image","twitter_misc":{"Dur\u00e9e de lecture estim\u00e9e":"2 minutes"},"schema":{"@context":"https:\/\/schema.org","@graph":[{"@type":"WebPage","@id":"https:\/\/www.tabakversand.ch\/produit\/gletscherprise\/","url":"https:\/\/www.tabakversand.ch\/produit\/gletscherprise\/","name":"brise glaciaire - Tabakversand.ch | Alles aus der Welt des Tabaks","isPartOf":{"@id":"https:\/\/www.tabakversand.ch\/#website"},"primaryImageOfPage":{"@id":"https:\/\/www.tabakversand.ch\/produit\/gletscherprise\/#primaryimage"},"image":{"@id":"https:\/\/www.tabakversand.ch\/produit\/gletscherprise\/#primaryimage"},"thumbnailUrl":"https:\/\/www.tabakversand.ch\/wp-content\/uploads\/2022\/03\/gletscher-prise-snuff.jpg","datePublished":"2022-04-02T08:46:03+00:00","dateModified":"2026-04-03T08:49:48+00:00","description":"brise glaciaire \u2013 tabac \u00e0 priser rafra\u00eechissant \u00e0 l'ar\u00f4me menthol\u00e9 intense et \u00e0 la fra\u00eecheur croquante. Finement moulu et aromatique. Id\u00e9al \u00e0 emporter.","breadcrumb":{"@id":"https:\/\/www.tabakversand.ch\/produit\/gletscherprise\/#breadcrumb"},"inLanguage":"fr-FR","potentialAction":[{"@type":"ReadAction","target":["https:\/\/www.tabakversand.ch\/produit\/gletscherprise\/"]}]},{"@type":"ImageObject","inLanguage":"fr-FR","@id":"https:\/\/www.tabakversand.ch\/produit\/gletscherprise\/#primaryimage","url":"https:\/\/www.tabakversand.ch\/wp-content\/uploads\/2022\/03\/gletscher-prise-snuff.jpg","contentUrl":"https:\/\/www.tabakversand.ch\/wp-content\/uploads\/2022\/03\/gletscher-prise-snuff.jpg","width":500,"height":500,"caption":"Pincement de glacier menthol snuff snuff snuff"},{"@type":"BreadcrumbList","@id":"https:\/\/www.tabakversand.ch\/produit\/gletscherprise\/#breadcrumb","itemListElement":[{"@type":"ListItem","position":1,"name":"Startseite","item":"https:\/\/www.tabakversand.ch\/"},{"@type":"ListItem","position":2,"name":"Boutique","item":"https:\/\/www.tabakversand.ch\/fr\/boutique\/"},{"@type":"ListItem","position":3,"name":"brise glaciaire"}]},{"@type":"WebSite","@id":"https:\/\/www.tabakversand.ch\/#website","url":"https:\/\/www.tabakversand.ch\/","name":"Tabakversand.ch | Alles aus der Welt des Tabaks","description":"Smoke and carpe diem","potentialAction":[{"@type":"SearchAction","target":{"@type":"EntryPoint","urlTemplate":"https:\/\/www.tabakversand.ch\/?s={search_term_string}"},"query-input":{"@type":"PropertyValueSpecification","valueRequired":true,"valueName":"search_term_string"}}],"inLanguage":"fr-FR"}]}},"_links":{"self":[{"href":"https:\/\/www.tabakversand.ch\/fr\/wp-json\/wp\/v2\/product\/74360","targetHints":{"allow":["GET"]}}],"collection":[{"href":"https:\/\/www.tabakversand.ch\/fr\/wp-json\/wp\/v2\/product"}],"about":[{"href":"https:\/\/www.tabakversand.ch\/fr\/wp-json\/wp\/v2\/types\/product"}],"version-history":[{"count":4,"href":"https:\/\/www.tabakversand.ch\/fr\/wp-json\/wp\/v2\/product\/74360\/revisions"}],"predecessor-version":[{"id":213966,"href":"https:\/\/www.tabakversand.ch\/fr\/wp-json\/wp\/v2\/product\/74360\/revisions\/213966"}],"wp:featuredmedia":[{"embeddable":true,"href":"https:\/\/www.tabakversand.ch\/fr\/wp-json\/wp\/v2\/media\/74364"}],"wp:attachment":[{"href":"https:\/\/www.tabakversand.ch\/fr\/wp-json\/wp\/v2\/media?parent=74360"}],"wp:term":[{"taxonomy":"product_brand","embeddable":true,"href":"https:\/\/www.tabakversand.ch\/fr\/wp-json\/wp\/v2\/product_brand?post=74360"},{"taxonomy":"product_cat","embeddable":true,"href":"https:\/\/www.tabakversand.ch\/fr\/wp-json\/wp\/v2\/product_cat?post=74360"},{"taxonomy":"product_tag","embeddable":true,"href":"https:\/\/www.tabakversand.ch\/fr\/wp-json\/wp\/v2\/product_tag?post=74360"}],"curies":[{"name":"wp","href":"https:\/\/api.w.org\/{rel}","templated":true}]}}