{"id":74389,"date":"2022-04-02T10:46:03","date_gmt":"2022-04-02T08:46:03","guid":{"rendered":"http:\/\/www.tabakversand.ch\/produkt\/gawith-abricot-tabac-a-priser-schnupftabak\/"},"modified":"2026-03-12T12:14:47","modified_gmt":"2026-03-12T11:14:47","slug":"abricot-gawith","status":"publish","type":"product","link":"https:\/\/www.tabakversand.ch\/fr\/produit\/abricot-gawith\/","title":{"rendered":"Gawith Tabac \u00e0 l&rsquo;abricot"},"content":{"rendered":"<h1>Gawith Tabac \u00e0 l&rsquo;abricot<\/h1>\n<p data-start=\"0\" data-end=\"122\">Le tabac \u00e0 priser Gawith \u00e0 l&rsquo;abricot est une composition finement \u00e9quilibr\u00e9e de menthol rafra\u00eechissant et d&rsquo;un ar\u00f4me subtilement fruit\u00e9 d&rsquo;abricot.<\/p>\n<p data-start=\"124\" data-end=\"382\">La fra\u00eecheur l\u00e9g\u00e8re et vivifiante du menthol procure une sensation de bien-\u00eatre, tandis que la douce saveur de l&rsquo;abricot apporte une profondeur agr\u00e9able et harmonieuse. L&rsquo;alliance de ces deux ar\u00f4mes cr\u00e9e une exp\u00e9rience olfactive \u00e9quilibr\u00e9e et harmonieuse&nbsp;: fra\u00eeche, fruit\u00e9e et subtile. <\/p>\n<p>Chez tabakversand.ch, vous recevez votre tabac \u00e0 priser Gawith \u00e0 l&rsquo;abricot fra\u00eechement conserv\u00e9 dans son emballage d&rsquo;origine. Un stockage soign\u00e9 garantit une pr\u00e9servation optimale de son ar\u00f4me, de son humidit\u00e9 et de sa qualit\u00e9 jusqu&rsquo;\u00e0 l&rsquo;exp\u00e9dition. Gr\u00e2ce \u00e0 une livraison rapide en Suisse, votre tabac \u00e0 priser vous parvient g\u00e9n\u00e9ralement tr\u00e8s rapidement.  <\/p>\n<p>1 bo\u00eete: Capacit\u00e9 10gr.<\/p>\n<p>Pour plus d&rsquo;informations sur le fabricant Alois P\u00f6schl GmbH &amp; Co. KG, veuillez consulter la page Wikip\u00e9dia correspondante&nbsp;: <a href=\"https:\/\/de.wikipedia.org\/wiki\/Alois_P%C3%B6schl\">cliquez ici<\/a> . Pour toute question concernant le produit, n&rsquo;h\u00e9sitez pas \u00e0 nous contacter&nbsp;: <a href=\"https:\/\/www.tabakversand.ch\/kontakt\/\">cliquez ici<\/a> . <\/p>\n<p>Tous les prix s&rsquo;appliquent uniquement aux commandes en ligne et incluent la TVA. Sous r\u00e9serve de modifications sans pr\u00e9avis, frais de livraison en sus. Sous r\u00e9serve d&rsquo;erreurs, de modifications de contenu de livraison et de conception, de fautes d&rsquo;impression et de modifications de prix. Les prix barr\u00e9s sont des prix de remplacement. Les illustrations peuvent diff\u00e9rer de l&rsquo;original\/du contenu de livraison.<br \/>\n*Livraison gratuite pour les commandes sup\u00e9rieures \u00e0 CHF 250.-.<\/p>\n","protected":false},"excerpt":{"rendered":"<p>Gawith Tabac \u00e0 l&rsquo;abricot Le tabac \u00e0 priser Gawith \u00e0 l&rsquo;abricot est une composition finement \u00e9quilibr\u00e9e de menthol rafra\u00eechissant et d&rsquo;un ar\u00f4me subtilement fruit\u00e9 d&rsquo;abricot. La fra\u00eecheur l\u00e9g\u00e8re et vivifiante du menthol procure une sensation de bien-\u00eatre, tandis que la douce saveur de l&rsquo;abricot apporte une profondeur agr\u00e9able et harmonieuse. L&rsquo;alliance de ces deux ar\u00f4mes [&hellip;]<\/p>\n","protected":false},"featured_media":74398,"template":"","meta":[],"product_brand":[1515],"product_cat":[1888,1951,1950],"product_tag":[],"class_list":{"0":"post-74389","1":"product","2":"type-product","3":"status-publish","4":"has-post-thumbnail","6":"product_brand-poeschl","7":"product_cat-tabac","8":"product_cat-tabac-a-priser-et-accessoires","9":"product_cat-tabac-a-priser-schnupftabak","11":"first","12":"instock","13":"purchasable","14":"product-type-simple"},"yoast_head":"<!-- This site is optimized with the Yoast SEO plugin v27.0 - https:\/\/yoast.com\/product\/yoast-seo-wordpress\/ -->\n<title>Gawith Abricot Snuff - Acheter du tabac \u00e0 priser<\/title>\n<meta name=\"description\" content=\"Le tabac \u00e0 priser Gawith \u00e0 l&#039;abricot offre un ar\u00f4me fruit\u00e9 d&#039;abricot et une base de tabac fine et \u00e9quilibr\u00e9e. Doux et agr\u00e9ablement parfum\u00e9, il est id\u00e9al pour les connaisseurs.\" \/>\n<meta name=\"robots\" content=\"index, follow, max-snippet:-1, max-image-preview:large, max-video-preview:-1\" \/>\n<link rel=\"canonical\" href=\"https:\/\/www.tabakversand.ch\/produit\/gawith-apricot\/\" \/>\n<meta property=\"og:locale\" content=\"fr_FR\" \/>\n<meta property=\"og:type\" content=\"article\" \/>\n<meta property=\"og:title\" content=\"Gawith Abricot Snuff - Acheter du tabac \u00e0 priser\" \/>\n<meta property=\"og:description\" content=\"Le tabac \u00e0 priser Gawith \u00e0 l&#039;abricot offre un ar\u00f4me fruit\u00e9 d&#039;abricot et une base de tabac fine et \u00e9quilibr\u00e9e. Doux et agr\u00e9ablement parfum\u00e9, il est id\u00e9al pour les connaisseurs.\" \/>\n<meta property=\"og:url\" content=\"https:\/\/www.tabakversand.ch\/produit\/gawith-apricot\/\" \/>\n<meta property=\"og:site_name\" content=\"Tabakversand.ch | Alles aus der Welt des Tabaks\" \/>\n<meta property=\"article:modified_time\" content=\"2026-03-12T11:14:47+00:00\" \/>\n<meta property=\"og:image\" content=\"https:\/\/www.tabakversand.ch\/wp-content\/uploads\/2022\/03\/gawith-apricot-snuff.jpg\" \/>\n\t<meta property=\"og:image:width\" content=\"500\" \/>\n\t<meta property=\"og:image:height\" content=\"500\" \/>\n\t<meta property=\"og:image:type\" content=\"image\/jpeg\" \/>\n<meta name=\"twitter:card\" content=\"summary_large_image\" \/>\n<meta name=\"twitter:label1\" content=\"Dur\u00e9e de lecture estim\u00e9e\" \/>\n\t<meta name=\"twitter:data1\" content=\"2 minutes\" \/>\n<script type=\"application\/ld+json\" class=\"yoast-schema-graph\">{\"@context\":\"https:\/\/schema.org\",\"@graph\":[{\"@type\":\"WebPage\",\"@id\":\"https:\/\/www.tabakversand.ch\/produit\/gawith-apricot\/\",\"url\":\"https:\/\/www.tabakversand.ch\/produit\/gawith-apricot\/\",\"name\":\"Gawith Abricot Snuff - Acheter du tabac \u00e0 priser\",\"isPartOf\":{\"@id\":\"https:\/\/www.tabakversand.ch\/#website\"},\"primaryImageOfPage\":{\"@id\":\"https:\/\/www.tabakversand.ch\/produit\/gawith-apricot\/#primaryimage\"},\"image\":{\"@id\":\"https:\/\/www.tabakversand.ch\/produit\/gawith-apricot\/#primaryimage\"},\"thumbnailUrl\":\"https:\/\/www.tabakversand.ch\/wp-content\/uploads\/2022\/03\/gawith-apricot-snuff.jpg\",\"datePublished\":\"2022-04-02T08:46:03+00:00\",\"dateModified\":\"2026-03-12T11:14:47+00:00\",\"description\":\"Le tabac \u00e0 priser Gawith \u00e0 l'abricot offre un ar\u00f4me fruit\u00e9 d'abricot et une base de tabac fine et \u00e9quilibr\u00e9e. Doux et agr\u00e9ablement parfum\u00e9, il est id\u00e9al pour les connaisseurs.\",\"breadcrumb\":{\"@id\":\"https:\/\/www.tabakversand.ch\/produit\/gawith-apricot\/#breadcrumb\"},\"inLanguage\":\"fr-FR\",\"potentialAction\":[{\"@type\":\"ReadAction\",\"target\":[\"https:\/\/www.tabakversand.ch\/produit\/gawith-apricot\/\"]}]},{\"@type\":\"ImageObject\",\"inLanguage\":\"fr-FR\",\"@id\":\"https:\/\/www.tabakversand.ch\/produit\/gawith-apricot\/#primaryimage\",\"url\":\"https:\/\/www.tabakversand.ch\/wp-content\/uploads\/2022\/03\/gawith-apricot-snuff.jpg\",\"contentUrl\":\"https:\/\/www.tabakversand.ch\/wp-content\/uploads\/2022\/03\/gawith-apricot-snuff.jpg\",\"width\":500,\"height\":500,\"caption\":\"Gawith Abricot Tabac \u00e0 priser Schnupftabak\"},{\"@type\":\"BreadcrumbList\",\"@id\":\"https:\/\/www.tabakversand.ch\/produit\/gawith-apricot\/#breadcrumb\",\"itemListElement\":[{\"@type\":\"ListItem\",\"position\":1,\"name\":\"Startseite\",\"item\":\"https:\/\/www.tabakversand.ch\/\"},{\"@type\":\"ListItem\",\"position\":2,\"name\":\"Boutique\",\"item\":\"https:\/\/www.tabakversand.ch\/fr\/boutique\/\"},{\"@type\":\"ListItem\",\"position\":3,\"name\":\"Gawith Tabac \u00e0 l'abricot\"}]},{\"@type\":\"WebSite\",\"@id\":\"https:\/\/www.tabakversand.ch\/#website\",\"url\":\"https:\/\/www.tabakversand.ch\/\",\"name\":\"Tabakversand.ch | Alles aus der Welt des Tabaks\",\"description\":\"Smoke and carpe diem\",\"potentialAction\":[{\"@type\":\"SearchAction\",\"target\":{\"@type\":\"EntryPoint\",\"urlTemplate\":\"https:\/\/www.tabakversand.ch\/?s={search_term_string}\"},\"query-input\":{\"@type\":\"PropertyValueSpecification\",\"valueRequired\":true,\"valueName\":\"search_term_string\"}}],\"inLanguage\":\"fr-FR\"}]}<\/script>\n<!-- \/ Yoast SEO plugin. -->","yoast_head_json":{"title":"Gawith Abricot Snuff - Acheter du tabac \u00e0 priser","description":"Le tabac \u00e0 priser Gawith \u00e0 l'abricot offre un ar\u00f4me fruit\u00e9 d'abricot et une base de tabac fine et \u00e9quilibr\u00e9e. Doux et agr\u00e9ablement parfum\u00e9, il est id\u00e9al pour les connaisseurs.","robots":{"index":"index","follow":"follow","max-snippet":"max-snippet:-1","max-image-preview":"max-image-preview:large","max-video-preview":"max-video-preview:-1"},"canonical":"https:\/\/www.tabakversand.ch\/produit\/gawith-apricot\/","og_locale":"fr_FR","og_type":"article","og_title":"Gawith Abricot Snuff - Acheter du tabac \u00e0 priser","og_description":"Le tabac \u00e0 priser Gawith \u00e0 l'abricot offre un ar\u00f4me fruit\u00e9 d'abricot et une base de tabac fine et \u00e9quilibr\u00e9e. Doux et agr\u00e9ablement parfum\u00e9, il est id\u00e9al pour les connaisseurs.","og_url":"https:\/\/www.tabakversand.ch\/produit\/gawith-apricot\/","og_site_name":"Tabakversand.ch | Alles aus der Welt des Tabaks","article_modified_time":"2026-03-12T11:14:47+00:00","og_image":[{"width":500,"height":500,"url":"https:\/\/www.tabakversand.ch\/wp-content\/uploads\/2022\/03\/gawith-apricot-snuff.jpg","type":"image\/jpeg"}],"twitter_card":"summary_large_image","twitter_misc":{"Dur\u00e9e de lecture estim\u00e9e":"2 minutes"},"schema":{"@context":"https:\/\/schema.org","@graph":[{"@type":"WebPage","@id":"https:\/\/www.tabakversand.ch\/produit\/gawith-apricot\/","url":"https:\/\/www.tabakversand.ch\/produit\/gawith-apricot\/","name":"Gawith Abricot Snuff - Acheter du tabac \u00e0 priser","isPartOf":{"@id":"https:\/\/www.tabakversand.ch\/#website"},"primaryImageOfPage":{"@id":"https:\/\/www.tabakversand.ch\/produit\/gawith-apricot\/#primaryimage"},"image":{"@id":"https:\/\/www.tabakversand.ch\/produit\/gawith-apricot\/#primaryimage"},"thumbnailUrl":"https:\/\/www.tabakversand.ch\/wp-content\/uploads\/2022\/03\/gawith-apricot-snuff.jpg","datePublished":"2022-04-02T08:46:03+00:00","dateModified":"2026-03-12T11:14:47+00:00","description":"Le tabac \u00e0 priser Gawith \u00e0 l'abricot offre un ar\u00f4me fruit\u00e9 d'abricot et une base de tabac fine et \u00e9quilibr\u00e9e. Doux et agr\u00e9ablement parfum\u00e9, il est id\u00e9al pour les connaisseurs.","breadcrumb":{"@id":"https:\/\/www.tabakversand.ch\/produit\/gawith-apricot\/#breadcrumb"},"inLanguage":"fr-FR","potentialAction":[{"@type":"ReadAction","target":["https:\/\/www.tabakversand.ch\/produit\/gawith-apricot\/"]}]},{"@type":"ImageObject","inLanguage":"fr-FR","@id":"https:\/\/www.tabakversand.ch\/produit\/gawith-apricot\/#primaryimage","url":"https:\/\/www.tabakversand.ch\/wp-content\/uploads\/2022\/03\/gawith-apricot-snuff.jpg","contentUrl":"https:\/\/www.tabakversand.ch\/wp-content\/uploads\/2022\/03\/gawith-apricot-snuff.jpg","width":500,"height":500,"caption":"Gawith Abricot Tabac \u00e0 priser Schnupftabak"},{"@type":"BreadcrumbList","@id":"https:\/\/www.tabakversand.ch\/produit\/gawith-apricot\/#breadcrumb","itemListElement":[{"@type":"ListItem","position":1,"name":"Startseite","item":"https:\/\/www.tabakversand.ch\/"},{"@type":"ListItem","position":2,"name":"Boutique","item":"https:\/\/www.tabakversand.ch\/fr\/boutique\/"},{"@type":"ListItem","position":3,"name":"Gawith Tabac \u00e0 l'abricot"}]},{"@type":"WebSite","@id":"https:\/\/www.tabakversand.ch\/#website","url":"https:\/\/www.tabakversand.ch\/","name":"Tabakversand.ch | Alles aus der Welt des Tabaks","description":"Smoke and carpe diem","potentialAction":[{"@type":"SearchAction","target":{"@type":"EntryPoint","urlTemplate":"https:\/\/www.tabakversand.ch\/?s={search_term_string}"},"query-input":{"@type":"PropertyValueSpecification","valueRequired":true,"valueName":"search_term_string"}}],"inLanguage":"fr-FR"}]}},"_links":{"self":[{"href":"https:\/\/www.tabakversand.ch\/fr\/wp-json\/wp\/v2\/product\/74389","targetHints":{"allow":["GET"]}}],"collection":[{"href":"https:\/\/www.tabakversand.ch\/fr\/wp-json\/wp\/v2\/product"}],"about":[{"href":"https:\/\/www.tabakversand.ch\/fr\/wp-json\/wp\/v2\/types\/product"}],"version-history":[{"count":10,"href":"https:\/\/www.tabakversand.ch\/fr\/wp-json\/wp\/v2\/product\/74389\/revisions"}],"predecessor-version":[{"id":214608,"href":"https:\/\/www.tabakversand.ch\/fr\/wp-json\/wp\/v2\/product\/74389\/revisions\/214608"}],"wp:featuredmedia":[{"embeddable":true,"href":"https:\/\/www.tabakversand.ch\/fr\/wp-json\/wp\/v2\/media\/74398"}],"wp:attachment":[{"href":"https:\/\/www.tabakversand.ch\/fr\/wp-json\/wp\/v2\/media?parent=74389"}],"wp:term":[{"taxonomy":"product_brand","embeddable":true,"href":"https:\/\/www.tabakversand.ch\/fr\/wp-json\/wp\/v2\/product_brand?post=74389"},{"taxonomy":"product_cat","embeddable":true,"href":"https:\/\/www.tabakversand.ch\/fr\/wp-json\/wp\/v2\/product_cat?post=74389"},{"taxonomy":"product_tag","embeddable":true,"href":"https:\/\/www.tabakversand.ch\/fr\/wp-json\/wp\/v2\/product_tag?post=74389"}],"curies":[{"name":"wp","href":"https:\/\/api.w.org\/{rel}","templated":true}]}}