{"id":74546,"date":"2022-04-02T10:45:02","date_gmt":"2022-04-02T08:45:02","guid":{"rendered":"http:\/\/www.tabakversand.ch\/produkt\/arbo-blond-150gr-tabac-a-cigarettes\/"},"modified":"2026-04-05T17:52:06","modified_gmt":"2026-04-05T15:52:06","slug":"arbo-blond-150gr-tabac-a-cigarette","status":"publish","type":"product","link":"https:\/\/www.tabakversand.ch\/fr\/produit\/arbo-blond-150gr-tabac-a-cigarette\/","title":{"rendered":"Arbo Blond"},"content":{"rendered":"<h1>Arbo Blond<\/h1>\n<p>Doux et \u00e9quilibr\u00e9<\/p>\n<ul>\n<li>1 x 150 g<\/li>\n<\/ul>\n<p>&nbsp;<\/p>\n<p>D\u00e9couvrez Arbo Blond Fine Cut, le tabac \u00e0 rouler doux pour les amateurs de plaisir sans compromis. Compos\u00e9 de tabacs Virginia et Burley soigneusement s\u00e9lectionn\u00e9s, il s\u00e9duit par sa saveur douce et harmonieuse, id\u00e9ale au quotidien. <\/p>\n<p>\u2714 Doux et \u00e9quilibr\u00e9 \u2013 id\u00e9al pour les d\u00e9butants comme pour les connaisseurs<br \/>\n \u2714 M\u00e9lange de tabac de haute qualit\u00e9 \u2013 une exp\u00e9rience de fumage douce sans irritants puissants<br \/>\n \u2714 Parfait pour un usage quotidien \u2013 simple, fiable et aromatique<\/p>\n<p>Offrez-vous une exp\u00e9rience de tabagisme douce, agr\u00e9able et plaisante \u00e0 chaque bouff\u00e9e. Que vous soyez chez vous ou en d\u00e9placement, Arbo Blond Fine Cut transforme chaque cigarette en un moment privil\u00e9gi\u00e9. <\/p>\n<p>Commandez en ligne d\u00e8s maintenant et profitez-en imm\u00e9diatement !<\/p>\n<p>Chez tabakversand.ch, votre tabac Arbo Blond vous est livr\u00e9 dans des conditions optimales de conservation, dans son emballage d&rsquo;origine. Ce stockage soign\u00e9 garantit une pr\u00e9servation parfaite de son ar\u00f4me, de son humidit\u00e9 et de sa qualit\u00e9 jusqu&rsquo;\u00e0 l&rsquo;exp\u00e9dition. Gr\u00e2ce \u00e0 une livraison rapide en Suisse, votre tabac \u00e0 cigarettes vous parvient g\u00e9n\u00e9ralement sous peu.  <\/p>\n<p>Pour plus d&rsquo;informations sur le tabac \u00e0 rouler, veuillez consulter l&rsquo;article Wikip\u00e9dia correspondant&nbsp;: <a href=\"https:\/\/de.wikipedia.org\/wiki\/Shag_(Tabak)\">cliquez ici<\/a> . Si vous avez des questions concernant le produit, n&rsquo;h\u00e9sitez pas \u00e0 nous contacter&nbsp;: <a href=\"https:\/\/www.tabakversand.ch\/kontakt\/\">cliquez ici<\/a><\/p>\n<p>Tous les prix s&rsquo;appliquent uniquement aux commandes en ligne et incluent la TVA. Sous r\u00e9serve de modifications sans pr\u00e9avis, frais de livraison en sus. Sous r\u00e9serve d&rsquo;erreurs, de modifications de contenu de livraison et de conception, de fautes d&rsquo;impression et de modifications de prix. Les prix barr\u00e9s sont des prix de remplacement. Les illustrations peuvent diff\u00e9rer de l&rsquo;original\/du contenu de livraison.<br \/>\n*Livraison gratuite pour les commandes sup\u00e9rieures \u00e0 CHF 250.-.<\/p>\n","protected":false},"excerpt":{"rendered":"<p>Arbo Blond Doux et \u00e9quilibr\u00e9 1 x 150 g &nbsp; D\u00e9couvrez Arbo Blond Fine Cut, le tabac \u00e0 rouler doux pour les amateurs de plaisir sans compromis. Compos\u00e9 de tabacs Virginia et Burley soigneusement s\u00e9lectionn\u00e9s, il s\u00e9duit par sa saveur douce et harmonieuse, id\u00e9ale au quotidien. \u2714 Doux et \u00e9quilibr\u00e9 \u2013 id\u00e9al pour les d\u00e9butants [&hellip;]<\/p>\n","protected":false},"featured_media":74550,"template":"","meta":[],"product_brand":[5685],"product_cat":[1961,1888,1963,1964],"product_tag":[],"class_list":{"0":"post-74546","1":"product","2":"type-product","3":"status-publish","4":"has-post-thumbnail","6":"product_brand-arbo-feinschnitt","7":"product_cat-cigarettes-self-made-fr-2","8":"product_cat-tabac","9":"product_cat-tabac-a-cigarettes","10":"product_cat-tabac-a-cigarettes-fr","12":"first","13":"onbackorder","14":"purchasable","15":"product-type-simple"},"yoast_head":"<!-- This site is optimized with the Yoast SEO plugin v27.5 - https:\/\/yoast.com\/product\/yoast-seo-wordpress\/ -->\n<title>Arbo Blond Fine Cut \u2013 Tabac \u00e0 rouler doux et harmonieux<\/title>\n<meta name=\"description\" content=\"Arbo Blond Fine Cut de Japan Tobacco International\u00a0: tabac \u00e0 rouler doux et aromatique, compos\u00e9 de tabacs Virginie et Burley \u2013 parfait pour un usage quotidien.\" \/>\n<meta name=\"robots\" content=\"index, follow, max-snippet:-1, max-image-preview:large, max-video-preview:-1\" \/>\n<link rel=\"canonical\" href=\"https:\/\/www.tabakversand.ch\/produit\/arbo-blond-150gr-zigarettentabak\/\" \/>\n<meta property=\"og:locale\" content=\"fr_FR\" \/>\n<meta property=\"og:type\" content=\"article\" \/>\n<meta property=\"og:title\" content=\"Arbo Blond Fine Cut \u2013 Tabac \u00e0 rouler doux et harmonieux\" \/>\n<meta property=\"og:description\" content=\"Arbo Blond Fine Cut de Japan Tobacco International\u00a0: tabac \u00e0 rouler doux et aromatique, compos\u00e9 de tabacs Virginie et Burley \u2013 parfait pour un usage quotidien.\" \/>\n<meta property=\"og:url\" content=\"https:\/\/www.tabakversand.ch\/produit\/arbo-blond-150gr-zigarettentabak\/\" \/>\n<meta property=\"og:site_name\" content=\"Tabakversand.ch | Alles aus der Welt des Tabaks\" \/>\n<meta property=\"article:modified_time\" content=\"2026-04-05T15:52:06+00:00\" \/>\n<meta property=\"og:image\" content=\"https:\/\/www.tabakversand.ch\/wp-content\/uploads\/2022\/03\/arbo-blond-tobacco-dose.jpg\" \/>\n\t<meta property=\"og:image:width\" content=\"500\" \/>\n\t<meta property=\"og:image:height\" content=\"500\" \/>\n\t<meta property=\"og:image:type\" content=\"image\/jpeg\" \/>\n<meta name=\"twitter:card\" content=\"summary_large_image\" \/>\n<meta name=\"twitter:label1\" content=\"Dur\u00e9e de lecture estim\u00e9e\" \/>\n\t<meta name=\"twitter:data1\" content=\"1 minute\" \/>\n<script type=\"application\/ld+json\" class=\"yoast-schema-graph\">{\"@context\":\"https:\\\/\\\/schema.org\",\"@graph\":[{\"@type\":\"WebPage\",\"@id\":\"https:\\\/\\\/www.tabakversand.ch\\\/produit\\\/arbo-blond-150gr-zigarettentabak\\\/\",\"url\":\"https:\\\/\\\/www.tabakversand.ch\\\/produit\\\/arbo-blond-150gr-zigarettentabak\\\/\",\"name\":\"Arbo Blond Fine Cut \u2013 Tabac \u00e0 rouler doux et harmonieux\",\"isPartOf\":{\"@id\":\"https:\\\/\\\/www.tabakversand.ch\\\/#website\"},\"primaryImageOfPage\":{\"@id\":\"https:\\\/\\\/www.tabakversand.ch\\\/produit\\\/arbo-blond-150gr-zigarettentabak\\\/#primaryimage\"},\"image\":{\"@id\":\"https:\\\/\\\/www.tabakversand.ch\\\/produit\\\/arbo-blond-150gr-zigarettentabak\\\/#primaryimage\"},\"thumbnailUrl\":\"https:\\\/\\\/www.tabakversand.ch\\\/wp-content\\\/uploads\\\/2022\\\/03\\\/arbo-blond-tobacco-dose.jpg\",\"datePublished\":\"2022-04-02T08:45:02+00:00\",\"dateModified\":\"2026-04-05T15:52:06+00:00\",\"description\":\"Arbo Blond Fine Cut de Japan Tobacco International\u00a0: tabac \u00e0 rouler doux et aromatique, compos\u00e9 de tabacs Virginie et Burley \u2013 parfait pour un usage quotidien.\",\"breadcrumb\":{\"@id\":\"https:\\\/\\\/www.tabakversand.ch\\\/produit\\\/arbo-blond-150gr-zigarettentabak\\\/#breadcrumb\"},\"inLanguage\":\"fr-FR\",\"potentialAction\":[{\"@type\":\"ReadAction\",\"target\":[\"https:\\\/\\\/www.tabakversand.ch\\\/produit\\\/arbo-blond-150gr-zigarettentabak\\\/\"]}]},{\"@type\":\"ImageObject\",\"inLanguage\":\"fr-FR\",\"@id\":\"https:\\\/\\\/www.tabakversand.ch\\\/produit\\\/arbo-blond-150gr-zigarettentabak\\\/#primaryimage\",\"url\":\"https:\\\/\\\/www.tabakversand.ch\\\/wp-content\\\/uploads\\\/2022\\\/03\\\/arbo-blond-tobacco-dose.jpg\",\"contentUrl\":\"https:\\\/\\\/www.tabakversand.ch\\\/wp-content\\\/uploads\\\/2022\\\/03\\\/arbo-blond-tobacco-dose.jpg\",\"width\":500,\"height\":500,\"caption\":\"Arbo Blond 150gr. Tabac \u00e0 cigarettes\"},{\"@type\":\"BreadcrumbList\",\"@id\":\"https:\\\/\\\/www.tabakversand.ch\\\/produit\\\/arbo-blond-150gr-zigarettentabak\\\/#breadcrumb\",\"itemListElement\":[{\"@type\":\"ListItem\",\"position\":1,\"name\":\"Startseite\",\"item\":\"https:\\\/\\\/www.tabakversand.ch\\\/\"},{\"@type\":\"ListItem\",\"position\":2,\"name\":\"Boutique\",\"item\":\"https:\\\/\\\/www.tabakversand.ch\\\/fr\\\/boutique\\\/\"},{\"@type\":\"ListItem\",\"position\":3,\"name\":\"Arbo Blond\"}]},{\"@type\":\"WebSite\",\"@id\":\"https:\\\/\\\/www.tabakversand.ch\\\/#website\",\"url\":\"https:\\\/\\\/www.tabakversand.ch\\\/\",\"name\":\"Tabakversand.ch | Alles aus der Welt des Tabaks\",\"description\":\"Smoke and carpe diem\",\"potentialAction\":[{\"@type\":\"SearchAction\",\"target\":{\"@type\":\"EntryPoint\",\"urlTemplate\":\"https:\\\/\\\/www.tabakversand.ch\\\/?s={search_term_string}\"},\"query-input\":{\"@type\":\"PropertyValueSpecification\",\"valueRequired\":true,\"valueName\":\"search_term_string\"}}],\"inLanguage\":\"fr-FR\"}]}<\/script>\n<!-- \/ Yoast SEO plugin. -->","yoast_head_json":{"title":"Arbo Blond Fine Cut \u2013 Tabac \u00e0 rouler doux et harmonieux","description":"Arbo Blond Fine Cut de Japan Tobacco International\u00a0: tabac \u00e0 rouler doux et aromatique, compos\u00e9 de tabacs Virginie et Burley \u2013 parfait pour un usage quotidien.","robots":{"index":"index","follow":"follow","max-snippet":"max-snippet:-1","max-image-preview":"max-image-preview:large","max-video-preview":"max-video-preview:-1"},"canonical":"https:\/\/www.tabakversand.ch\/produit\/arbo-blond-150gr-zigarettentabak\/","og_locale":"fr_FR","og_type":"article","og_title":"Arbo Blond Fine Cut \u2013 Tabac \u00e0 rouler doux et harmonieux","og_description":"Arbo Blond Fine Cut de Japan Tobacco International\u00a0: tabac \u00e0 rouler doux et aromatique, compos\u00e9 de tabacs Virginie et Burley \u2013 parfait pour un usage quotidien.","og_url":"https:\/\/www.tabakversand.ch\/produit\/arbo-blond-150gr-zigarettentabak\/","og_site_name":"Tabakversand.ch | Alles aus der Welt des Tabaks","article_modified_time":"2026-04-05T15:52:06+00:00","og_image":[{"width":500,"height":500,"url":"https:\/\/www.tabakversand.ch\/wp-content\/uploads\/2022\/03\/arbo-blond-tobacco-dose.jpg","type":"image\/jpeg"}],"twitter_card":"summary_large_image","twitter_misc":{"Dur\u00e9e de lecture estim\u00e9e":"1 minute"},"schema":{"@context":"https:\/\/schema.org","@graph":[{"@type":"WebPage","@id":"https:\/\/www.tabakversand.ch\/produit\/arbo-blond-150gr-zigarettentabak\/","url":"https:\/\/www.tabakversand.ch\/produit\/arbo-blond-150gr-zigarettentabak\/","name":"Arbo Blond Fine Cut \u2013 Tabac \u00e0 rouler doux et harmonieux","isPartOf":{"@id":"https:\/\/www.tabakversand.ch\/#website"},"primaryImageOfPage":{"@id":"https:\/\/www.tabakversand.ch\/produit\/arbo-blond-150gr-zigarettentabak\/#primaryimage"},"image":{"@id":"https:\/\/www.tabakversand.ch\/produit\/arbo-blond-150gr-zigarettentabak\/#primaryimage"},"thumbnailUrl":"https:\/\/www.tabakversand.ch\/wp-content\/uploads\/2022\/03\/arbo-blond-tobacco-dose.jpg","datePublished":"2022-04-02T08:45:02+00:00","dateModified":"2026-04-05T15:52:06+00:00","description":"Arbo Blond Fine Cut de Japan Tobacco International\u00a0: tabac \u00e0 rouler doux et aromatique, compos\u00e9 de tabacs Virginie et Burley \u2013 parfait pour un usage quotidien.","breadcrumb":{"@id":"https:\/\/www.tabakversand.ch\/produit\/arbo-blond-150gr-zigarettentabak\/#breadcrumb"},"inLanguage":"fr-FR","potentialAction":[{"@type":"ReadAction","target":["https:\/\/www.tabakversand.ch\/produit\/arbo-blond-150gr-zigarettentabak\/"]}]},{"@type":"ImageObject","inLanguage":"fr-FR","@id":"https:\/\/www.tabakversand.ch\/produit\/arbo-blond-150gr-zigarettentabak\/#primaryimage","url":"https:\/\/www.tabakversand.ch\/wp-content\/uploads\/2022\/03\/arbo-blond-tobacco-dose.jpg","contentUrl":"https:\/\/www.tabakversand.ch\/wp-content\/uploads\/2022\/03\/arbo-blond-tobacco-dose.jpg","width":500,"height":500,"caption":"Arbo Blond 150gr. Tabac \u00e0 cigarettes"},{"@type":"BreadcrumbList","@id":"https:\/\/www.tabakversand.ch\/produit\/arbo-blond-150gr-zigarettentabak\/#breadcrumb","itemListElement":[{"@type":"ListItem","position":1,"name":"Startseite","item":"https:\/\/www.tabakversand.ch\/"},{"@type":"ListItem","position":2,"name":"Boutique","item":"https:\/\/www.tabakversand.ch\/fr\/boutique\/"},{"@type":"ListItem","position":3,"name":"Arbo Blond"}]},{"@type":"WebSite","@id":"https:\/\/www.tabakversand.ch\/#website","url":"https:\/\/www.tabakversand.ch\/","name":"Tabakversand.ch | Alles aus der Welt des Tabaks","description":"Smoke and carpe diem","potentialAction":[{"@type":"SearchAction","target":{"@type":"EntryPoint","urlTemplate":"https:\/\/www.tabakversand.ch\/?s={search_term_string}"},"query-input":{"@type":"PropertyValueSpecification","valueRequired":true,"valueName":"search_term_string"}}],"inLanguage":"fr-FR"}]}},"_links":{"self":[{"href":"https:\/\/www.tabakversand.ch\/fr\/wp-json\/wp\/v2\/product\/74546","targetHints":{"allow":["GET"]}}],"collection":[{"href":"https:\/\/www.tabakversand.ch\/fr\/wp-json\/wp\/v2\/product"}],"about":[{"href":"https:\/\/www.tabakversand.ch\/fr\/wp-json\/wp\/v2\/types\/product"}],"version-history":[{"count":4,"href":"https:\/\/www.tabakversand.ch\/fr\/wp-json\/wp\/v2\/product\/74546\/revisions"}],"predecessor-version":[{"id":216910,"href":"https:\/\/www.tabakversand.ch\/fr\/wp-json\/wp\/v2\/product\/74546\/revisions\/216910"}],"wp:featuredmedia":[{"embeddable":true,"href":"https:\/\/www.tabakversand.ch\/fr\/wp-json\/wp\/v2\/media\/74550"}],"wp:attachment":[{"href":"https:\/\/www.tabakversand.ch\/fr\/wp-json\/wp\/v2\/media?parent=74546"}],"wp:term":[{"taxonomy":"product_brand","embeddable":true,"href":"https:\/\/www.tabakversand.ch\/fr\/wp-json\/wp\/v2\/product_brand?post=74546"},{"taxonomy":"product_cat","embeddable":true,"href":"https:\/\/www.tabakversand.ch\/fr\/wp-json\/wp\/v2\/product_cat?post=74546"},{"taxonomy":"product_tag","embeddable":true,"href":"https:\/\/www.tabakversand.ch\/fr\/wp-json\/wp\/v2\/product_tag?post=74546"}],"curies":[{"name":"wp","href":"https:\/\/api.w.org\/{rel}","templated":true}]}}