{"id":74686,"date":"2022-04-02T10:44:44","date_gmt":"2022-04-02T08:44:44","guid":{"rendered":"http:\/\/www.tabakversand.ch\/produkt\/manchons-de-filtre-wellauer-500-pcs\/"},"modified":"2026-03-01T12:54:50","modified_gmt":"2026-03-01T11:54:50","slug":"wellauer-tubes","status":"publish","type":"product","link":"https:\/\/www.tabakversand.ch\/fr\/produit\/wellauer-tubes\/","title":{"rendered":"Wellauer Tubes"},"content":{"rendered":"<p>Wellauer Tubes<\/p>\n<p>La qualit\u00e9 \u00e0 un prix juste<\/p>\n<p>Les tubes \u00e0 cigarettes Wellauer vous offrent une solution fiable et de haute qualit\u00e9 pour le remplissage de vos cigarettes. Gr\u00e2ce \u00e0 leur fabrication pr\u00e9cise, ces tubes s&rsquo;adaptent parfaitement aux machines \u00e0 remplir les cigarettes courantes et garantissent une combustion uniforme.<\/p>\n<p>Le format pratique de 500 pi\u00e8ces est id\u00e9al pour les utilisateurs r\u00e9guliers et offre un excellent rapport qualit\u00e9-prix.<\/p>\n<p>Avantages du produit\u00a0:<\/p>\n<ul>\n<li>200 ou 500 tubes \u00e0 cigarettes par paquet<\/li>\n<li>M\u00eame la combustion<\/li>\n<li>Adaptation optimale aux machines \u00e0 rouler les cigarettes standard<\/li>\n<li>Construction robuste<\/li>\n<li>Id\u00e9al en gros<\/li>\n<\/ul>\n<p>Chez tabakversand.ch, vos tubes filtrants Wellauer vous sont livr\u00e9s parfaitement conserv\u00e9s dans leur emballage d&rsquo;origine. Un stockage soign\u00e9 garantit une qualit\u00e9 optimale jusqu&rsquo;\u00e0 l&rsquo;exp\u00e9dition. Gr\u00e2ce \u00e0 une livraison rapide en Suisse, vos tubes filtrants arrivent g\u00e9n\u00e9ralement tr\u00e8s vite.<\/p>\n<p>Pour plus d&rsquo;informations sur les tubes \u00e0 cigarettes, veuillez consulter l&rsquo;article Wikip\u00e9dia correspondant\u00a0: <a href=\"https:\/\/de.wikipedia.org\/wiki\/Zigarettenstopfer\">cliquez ici<\/a> . <a href=\"https:\/\/www.tabakversand.ch\/fr\/categorie-de-produits\/cigarettes-self-made-fr-2\/fabricant-de-cigarettes\/\">Cliquez ici pour obtenir des informations sur les machines \u00e0 rouler les cigarettes.<\/a><\/p>\n<p>Tous les prix s&rsquo;appliquent uniquement aux commandes en ligne et incluent la TVA. Sous r\u00e9serve de modifications sans pr\u00e9avis, frais de livraison en sus. Sous r\u00e9serve d&rsquo;erreurs, de modifications de contenu de livraison et de conception, de fautes d&rsquo;impression et de modifications de prix. Les prix barr\u00e9s sont des prix de remplacement. Les illustrations peuvent diff\u00e9rer de l&rsquo;original\/du contenu de livraison.<br \/>\n*Livraison gratuite pour les commandes sup\u00e9rieures \u00e0 CHF 250.-.<\/p>\n","protected":false},"excerpt":{"rendered":"<p>Wellauer Tubes La qualit\u00e9 \u00e0 un prix juste Les tubes \u00e0 cigarettes Wellauer vous offrent une solution fiable et de haute qualit\u00e9 pour le remplissage de vos cigarettes. Gr\u00e2ce \u00e0 leur fabrication pr\u00e9cise, ces tubes s&rsquo;adaptent parfaitement aux machines \u00e0 remplir les cigarettes courantes et garantissent une combustion uniforme. Le format pratique de 500 pi\u00e8ces [&hellip;]<\/p>\n","protected":false},"featured_media":213928,"template":"","meta":[],"product_brand":[1483],"product_cat":[1961,1956],"product_tag":[],"class_list":{"0":"post-74686","1":"product","2":"type-product","3":"status-publish","4":"has-post-thumbnail","6":"product_brand-wellauer-feinschnitt","7":"product_cat-cigarettes-self-made-fr-2","8":"product_cat-dosettes-de-cigarettes","9":"pa_tabak-huelsen-5-x-200-stk","10":"pa_tabak-huelsen-5-x-500-stk","12":"first","13":"onbackorder","14":"purchasable","15":"product-type-variable"},"yoast_head":"<!-- This site is optimized with the Yoast SEO plugin v27.0 - https:\/\/yoast.com\/product\/yoast-seo-wordpress\/ -->\n<title>Wellauer Tubes - tabakversand.ch<\/title>\n<meta name=\"description\" content=\"Tubes Wellauer \u2013 tubes \u00e0 cigarettes de fabrication pr\u00e9cise pour une combustion uniforme et un ajustement optimal. Compatibles avec toutes les machines \u00e0 rouler les cigarettes courantes.\" \/>\n<meta name=\"robots\" content=\"index, follow, max-snippet:-1, max-image-preview:large, max-video-preview:-1\" \/>\n<link rel=\"canonical\" href=\"https:\/\/www.tabakversand.ch\/produit\/wellauer-huelsen\/\" \/>\n<meta property=\"og:locale\" content=\"fr_FR\" \/>\n<meta property=\"og:type\" content=\"article\" \/>\n<meta property=\"og:title\" content=\"Wellauer Tubes - tabakversand.ch\" \/>\n<meta property=\"og:description\" content=\"Tubes Wellauer \u2013 tubes \u00e0 cigarettes de fabrication pr\u00e9cise pour une combustion uniforme et un ajustement optimal. Compatibles avec toutes les machines \u00e0 rouler les cigarettes courantes.\" \/>\n<meta property=\"og:url\" content=\"https:\/\/www.tabakversand.ch\/produit\/wellauer-huelsen\/\" \/>\n<meta property=\"og:site_name\" content=\"Tabakversand.ch | Alles aus der Welt des Tabaks\" \/>\n<meta property=\"article:modified_time\" content=\"2026-03-01T11:54:50+00:00\" \/>\n<meta property=\"og:image\" content=\"https:\/\/www.tabakversand.ch\/wp-content\/uploads\/2022\/04\/wellauer-zigarettenfilterhuelsen-all.jpg\" \/>\n\t<meta property=\"og:image:width\" content=\"500\" \/>\n\t<meta property=\"og:image:height\" content=\"500\" \/>\n\t<meta property=\"og:image:type\" content=\"image\/jpeg\" \/>\n<meta name=\"twitter:card\" content=\"summary_large_image\" \/>\n<meta name=\"twitter:label1\" content=\"Dur\u00e9e de lecture estim\u00e9e\" \/>\n\t<meta name=\"twitter:data1\" content=\"2 minutes\" \/>\n<script type=\"application\/ld+json\" class=\"yoast-schema-graph\">{\"@context\":\"https:\/\/schema.org\",\"@graph\":[{\"@type\":\"WebPage\",\"@id\":\"https:\/\/www.tabakversand.ch\/produit\/wellauer-huelsen\/\",\"url\":\"https:\/\/www.tabakversand.ch\/produit\/wellauer-huelsen\/\",\"name\":\"Wellauer Tubes - tabakversand.ch\",\"isPartOf\":{\"@id\":\"https:\/\/www.tabakversand.ch\/#website\"},\"primaryImageOfPage\":{\"@id\":\"https:\/\/www.tabakversand.ch\/produit\/wellauer-huelsen\/#primaryimage\"},\"image\":{\"@id\":\"https:\/\/www.tabakversand.ch\/produit\/wellauer-huelsen\/#primaryimage\"},\"thumbnailUrl\":\"https:\/\/www.tabakversand.ch\/wp-content\/uploads\/2022\/04\/wellauer-zigarettenfilterhuelsen-all.jpg\",\"datePublished\":\"2022-04-02T08:44:44+00:00\",\"dateModified\":\"2026-03-01T11:54:50+00:00\",\"description\":\"Tubes Wellauer \u2013 tubes \u00e0 cigarettes de fabrication pr\u00e9cise pour une combustion uniforme et un ajustement optimal. Compatibles avec toutes les machines \u00e0 rouler les cigarettes courantes.\",\"breadcrumb\":{\"@id\":\"https:\/\/www.tabakversand.ch\/produit\/wellauer-huelsen\/#breadcrumb\"},\"inLanguage\":\"fr-FR\",\"potentialAction\":[{\"@type\":\"ReadAction\",\"target\":[\"https:\/\/www.tabakversand.ch\/produit\/wellauer-huelsen\/\"]}]},{\"@type\":\"ImageObject\",\"inLanguage\":\"fr-FR\",\"@id\":\"https:\/\/www.tabakversand.ch\/produit\/wellauer-huelsen\/#primaryimage\",\"url\":\"https:\/\/www.tabakversand.ch\/wp-content\/uploads\/2022\/04\/wellauer-zigarettenfilterhuelsen-all.jpg\",\"contentUrl\":\"https:\/\/www.tabakversand.ch\/wp-content\/uploads\/2022\/04\/wellauer-zigarettenfilterhuelsen-all.jpg\",\"width\":500,\"height\":500,\"caption\":\"Wellauer H\u00fclsen | tabakversand.ch\"},{\"@type\":\"BreadcrumbList\",\"@id\":\"https:\/\/www.tabakversand.ch\/produit\/wellauer-huelsen\/#breadcrumb\",\"itemListElement\":[{\"@type\":\"ListItem\",\"position\":1,\"name\":\"Startseite\",\"item\":\"https:\/\/www.tabakversand.ch\/\"},{\"@type\":\"ListItem\",\"position\":2,\"name\":\"Boutique\",\"item\":\"https:\/\/www.tabakversand.ch\/fr\/boutique\/\"},{\"@type\":\"ListItem\",\"position\":3,\"name\":\"Wellauer Tubes\"}]},{\"@type\":\"WebSite\",\"@id\":\"https:\/\/www.tabakversand.ch\/#website\",\"url\":\"https:\/\/www.tabakversand.ch\/\",\"name\":\"Tabakversand.ch | Alles aus der Welt des Tabaks\",\"description\":\"Smoke and carpe diem\",\"potentialAction\":[{\"@type\":\"SearchAction\",\"target\":{\"@type\":\"EntryPoint\",\"urlTemplate\":\"https:\/\/www.tabakversand.ch\/?s={search_term_string}\"},\"query-input\":{\"@type\":\"PropertyValueSpecification\",\"valueRequired\":true,\"valueName\":\"search_term_string\"}}],\"inLanguage\":\"fr-FR\"}]}<\/script>\n<!-- \/ Yoast SEO plugin. -->","yoast_head_json":{"title":"Wellauer Tubes - tabakversand.ch","description":"Tubes Wellauer \u2013 tubes \u00e0 cigarettes de fabrication pr\u00e9cise pour une combustion uniforme et un ajustement optimal. Compatibles avec toutes les machines \u00e0 rouler les cigarettes courantes.","robots":{"index":"index","follow":"follow","max-snippet":"max-snippet:-1","max-image-preview":"max-image-preview:large","max-video-preview":"max-video-preview:-1"},"canonical":"https:\/\/www.tabakversand.ch\/produit\/wellauer-huelsen\/","og_locale":"fr_FR","og_type":"article","og_title":"Wellauer Tubes - tabakversand.ch","og_description":"Tubes Wellauer \u2013 tubes \u00e0 cigarettes de fabrication pr\u00e9cise pour une combustion uniforme et un ajustement optimal. Compatibles avec toutes les machines \u00e0 rouler les cigarettes courantes.","og_url":"https:\/\/www.tabakversand.ch\/produit\/wellauer-huelsen\/","og_site_name":"Tabakversand.ch | Alles aus der Welt des Tabaks","article_modified_time":"2026-03-01T11:54:50+00:00","og_image":[{"width":500,"height":500,"url":"https:\/\/www.tabakversand.ch\/wp-content\/uploads\/2022\/04\/wellauer-zigarettenfilterhuelsen-all.jpg","type":"image\/jpeg"}],"twitter_card":"summary_large_image","twitter_misc":{"Dur\u00e9e de lecture estim\u00e9e":"2 minutes"},"schema":{"@context":"https:\/\/schema.org","@graph":[{"@type":"WebPage","@id":"https:\/\/www.tabakversand.ch\/produit\/wellauer-huelsen\/","url":"https:\/\/www.tabakversand.ch\/produit\/wellauer-huelsen\/","name":"Wellauer Tubes - tabakversand.ch","isPartOf":{"@id":"https:\/\/www.tabakversand.ch\/#website"},"primaryImageOfPage":{"@id":"https:\/\/www.tabakversand.ch\/produit\/wellauer-huelsen\/#primaryimage"},"image":{"@id":"https:\/\/www.tabakversand.ch\/produit\/wellauer-huelsen\/#primaryimage"},"thumbnailUrl":"https:\/\/www.tabakversand.ch\/wp-content\/uploads\/2022\/04\/wellauer-zigarettenfilterhuelsen-all.jpg","datePublished":"2022-04-02T08:44:44+00:00","dateModified":"2026-03-01T11:54:50+00:00","description":"Tubes Wellauer \u2013 tubes \u00e0 cigarettes de fabrication pr\u00e9cise pour une combustion uniforme et un ajustement optimal. Compatibles avec toutes les machines \u00e0 rouler les cigarettes courantes.","breadcrumb":{"@id":"https:\/\/www.tabakversand.ch\/produit\/wellauer-huelsen\/#breadcrumb"},"inLanguage":"fr-FR","potentialAction":[{"@type":"ReadAction","target":["https:\/\/www.tabakversand.ch\/produit\/wellauer-huelsen\/"]}]},{"@type":"ImageObject","inLanguage":"fr-FR","@id":"https:\/\/www.tabakversand.ch\/produit\/wellauer-huelsen\/#primaryimage","url":"https:\/\/www.tabakversand.ch\/wp-content\/uploads\/2022\/04\/wellauer-zigarettenfilterhuelsen-all.jpg","contentUrl":"https:\/\/www.tabakversand.ch\/wp-content\/uploads\/2022\/04\/wellauer-zigarettenfilterhuelsen-all.jpg","width":500,"height":500,"caption":"Wellauer H\u00fclsen | tabakversand.ch"},{"@type":"BreadcrumbList","@id":"https:\/\/www.tabakversand.ch\/produit\/wellauer-huelsen\/#breadcrumb","itemListElement":[{"@type":"ListItem","position":1,"name":"Startseite","item":"https:\/\/www.tabakversand.ch\/"},{"@type":"ListItem","position":2,"name":"Boutique","item":"https:\/\/www.tabakversand.ch\/fr\/boutique\/"},{"@type":"ListItem","position":3,"name":"Wellauer Tubes"}]},{"@type":"WebSite","@id":"https:\/\/www.tabakversand.ch\/#website","url":"https:\/\/www.tabakversand.ch\/","name":"Tabakversand.ch | Alles aus der Welt des Tabaks","description":"Smoke and carpe diem","potentialAction":[{"@type":"SearchAction","target":{"@type":"EntryPoint","urlTemplate":"https:\/\/www.tabakversand.ch\/?s={search_term_string}"},"query-input":{"@type":"PropertyValueSpecification","valueRequired":true,"valueName":"search_term_string"}}],"inLanguage":"fr-FR"}]}},"_links":{"self":[{"href":"https:\/\/www.tabakversand.ch\/fr\/wp-json\/wp\/v2\/product\/74686","targetHints":{"allow":["GET"]}}],"collection":[{"href":"https:\/\/www.tabakversand.ch\/fr\/wp-json\/wp\/v2\/product"}],"about":[{"href":"https:\/\/www.tabakversand.ch\/fr\/wp-json\/wp\/v2\/types\/product"}],"version-history":[{"count":7,"href":"https:\/\/www.tabakversand.ch\/fr\/wp-json\/wp\/v2\/product\/74686\/revisions"}],"predecessor-version":[{"id":213955,"href":"https:\/\/www.tabakversand.ch\/fr\/wp-json\/wp\/v2\/product\/74686\/revisions\/213955"}],"wp:featuredmedia":[{"embeddable":true,"href":"https:\/\/www.tabakversand.ch\/fr\/wp-json\/wp\/v2\/media\/213928"}],"wp:attachment":[{"href":"https:\/\/www.tabakversand.ch\/fr\/wp-json\/wp\/v2\/media?parent=74686"}],"wp:term":[{"taxonomy":"product_brand","embeddable":true,"href":"https:\/\/www.tabakversand.ch\/fr\/wp-json\/wp\/v2\/product_brand?post=74686"},{"taxonomy":"product_cat","embeddable":true,"href":"https:\/\/www.tabakversand.ch\/fr\/wp-json\/wp\/v2\/product_cat?post=74686"},{"taxonomy":"product_tag","embeddable":true,"href":"https:\/\/www.tabakversand.ch\/fr\/wp-json\/wp\/v2\/product_tag?post=74686"}],"curies":[{"name":"wp","href":"https:\/\/api.w.org\/{rel}","templated":true}]}}