{"id":75111,"date":"2024-10-31T16:47:03","date_gmt":"2024-10-31T15:47:03","guid":{"rendered":"http:\/\/www.tabakversand.ch\/produkt\/nasty-juice-tabacco-silver-blend-10-ml-10-mg-sel\/"},"modified":"2026-03-31T14:39:37","modified_gmt":"2026-03-31T12:39:37","slug":"elf-bar-elfx-kit-edition-standard-argent","status":"publish","type":"product","link":"https:\/\/www.tabakversand.ch\/fr\/produit\/elf-bar-elfx-kit-edition-standard-argent\/","title":{"rendered":"Kit Elf Bar ELFX \u00c9dition Standard argent"},"content":{"rendered":"<p>Kit Elf Bar ELFX \u00c9dition Standard argent<\/p>\n<p>Avec le syst\u00e8me ELFX Pod, Elfbar lance un appareil polyvalent destin\u00e9 aussi bien aux vapoteurs d\u00e9butants qu&rsquo;aux plus exp\u00e9riment\u00e9s. Dot\u00e9 d&rsquo;une batterie de 1000 mAh offrant une puissance maximale de 30 watts et de r\u00e9sistances QUAQ mesh disponibles en deux valeurs, cet appareil est id\u00e9al pour une vape MTL (inhalation indirecte) et RDL (inhalation directe).<br \/>\n Parmi ses atouts, on note le syst\u00e8me de remplissage par le haut tr\u00e8s pratique, qui \u00e9vite de retirer la cartouche de la batterie, et le contr\u00f4le du flux d&rsquo;air int\u00e9gr\u00e9 pour une exp\u00e9rience de vapotage personnalis\u00e9e. Un \u00e9clairage LED immersif et un indicateur de niveau de batterie RGB compl\u00e8tent son design moderne.  <\/p>\n<p>Port\u00e9e de la livraison<\/p>\n<p>1 x porte-batterie ELFBAR ELFX<br \/>\n 1 x ELFX Pod 0,6\u03a9<br \/>\n 1 x ELFX Pod 0,8\u03a9<br \/>\n 1 c\u00e2ble USB-C<br \/>\n 1 x Manuel d&rsquo;instructions<\/p>\n<p>SP\u00c9CIFICATIONS SUPPL\u00c9MENTAIRES<\/p>\n<table width=\"719\">\n<tbody>\n<tr>\n<td>Type d&rsquo;appareil<\/td>\n<td>appareil Pod simple<\/td>\n<\/tr>\n<tr>\n<td>Comportement de vapotage<\/td>\n<td>MTL (bouche au poumon)<\/td>\n<\/tr>\n<tr>\n<td>Type de batterie<\/td>\n<td>install\u00e9 en interne<\/td>\n<\/tr>\n<tr>\n<td>Caract\u00e9ristiques<\/td>\n<td>automatiquement<\/td>\n<\/tr>\n<tr>\n<td>mAh<\/td>\n<td>1000 mAh<\/td>\n<\/tr>\n<tr>\n<td>Quantit\u00e9 de remplissage<\/td>\n<td>2,0 ml<\/td>\n<\/tr>\n<\/tbody>\n<\/table>\n<p><iframe title=\"Elbar ELFX Review und Test\" width=\"800\" height=\"450\" src=\"https:\/\/www.youtube.com\/embed\/wIChfuV0MTY?feature=oembed\" frameborder=\"0\" allow=\"accelerometer; autoplay; clipboard-write; encrypted-media; gyroscope; picture-in-picture; web-share\" referrerpolicy=\"strict-origin-when-cross-origin\" allowfullscreen><\/iframe><\/p>\n<p>Tous les prix s&rsquo;appliquent uniquement aux commandes en ligne et incluent la TVA. Sous r\u00e9serve de modifications sans pr\u00e9avis, frais de livraison en sus. Sous r\u00e9serve d&rsquo;erreurs, de modifications de contenu de livraison et de conception, de fautes d&rsquo;impression et de modifications de prix. Les prix barr\u00e9s sont des prix de remplacement. Les illustrations peuvent diff\u00e9rer de l&rsquo;original\/du contenu de livraison.<br \/>\n*Livraison gratuite pour les commandes sup\u00e9rieures \u00e0 CHF 250.-.<\/p>\n","protected":false},"excerpt":{"rendered":"<p>Kit Elf Bar ELFX \u00c9dition Standard argent Avec le syst\u00e8me ELFX Pod, Elfbar lance un appareil polyvalent destin\u00e9 aussi bien aux vapoteurs d\u00e9butants qu&rsquo;aux plus exp\u00e9riment\u00e9s. Dot\u00e9 d&rsquo;une batterie de 1000 mAh offrant une puissance maximale de 30 watts et de r\u00e9sistances QUAQ mesh disponibles en deux valeurs, cet appareil est id\u00e9al pour une vape [&hellip;]<\/p>\n","protected":false},"featured_media":162086,"template":"","meta":[],"product_brand":[2951],"product_cat":[1913,1995,1895,5565,3208],"product_tag":[],"class_list":{"0":"post-75111","1":"product","2":"type-product","3":"status-publish","4":"has-post-thumbnail","6":"product_brand-elfbar","7":"product_cat-cigarettes-electroniques","8":"product_cat-divers-headshop","9":"product_cat-e-fumee","10":"product_cat-kit-elfx-pour-barre-elf","11":"product_cat-offres","13":"first","14":"instock","15":"sale","16":"purchasable","17":"product-type-simple"},"yoast_head":"<!-- This site is optimized with the Yoast SEO plugin v27.0 - https:\/\/yoast.com\/product\/yoast-seo-wordpress\/ -->\n<title>Kit Elf Bar ELFX \u00c9dition Standard argent - Tabakversand.ch | Alles aus der Welt des Tabaks<\/title>\n<meta name=\"description\" content=\"Kit Elf Bar ELFX \u00c9dition Standard argent | Un tr\u00e8s grand choix de produits du tabac, cigarettes \u00e9lectroniques et accessoires pour fumeurs de qualit\u00e9 sup\u00e9rieure dans toute la Suisse | Cartes accept\u00e9es !\" \/>\n<meta name=\"robots\" content=\"index, follow, max-snippet:-1, max-image-preview:large, max-video-preview:-1\" \/>\n<link rel=\"canonical\" href=\"https:\/\/www.tabakversand.ch\/fr\/produit\/elf-bar-elfx-kit-edition-standard-argent\/\" \/>\n<meta property=\"og:locale\" content=\"fr_FR\" \/>\n<meta property=\"og:type\" content=\"article\" \/>\n<meta property=\"og:title\" content=\"Kit Elf Bar ELFX \u00c9dition Standard argent - Tabakversand.ch | Alles aus der Welt des Tabaks\" \/>\n<meta property=\"og:description\" content=\"Kit Elf Bar ELFX \u00c9dition Standard argent | Un tr\u00e8s grand choix de produits du tabac, cigarettes \u00e9lectroniques et accessoires pour fumeurs de qualit\u00e9 sup\u00e9rieure dans toute la Suisse | Cartes accept\u00e9es !\" \/>\n<meta property=\"og:url\" content=\"https:\/\/www.tabakversand.ch\/fr\/produit\/elf-bar-elfx-kit-edition-standard-argent\/\" \/>\n<meta property=\"og:site_name\" content=\"Tabakversand.ch | Alles aus der Welt des Tabaks\" \/>\n<meta property=\"article:modified_time\" content=\"2026-03-31T12:39:37+00:00\" \/>\n<meta property=\"og:image\" content=\"https:\/\/www.tabakversand.ch\/wp-content\/uploads\/2022\/04\/elfbar-elfx-kit-silver.jpg\" \/>\n\t<meta property=\"og:image:width\" content=\"500\" \/>\n\t<meta property=\"og:image:height\" content=\"500\" \/>\n\t<meta property=\"og:image:type\" content=\"image\/jpeg\" \/>\n<meta name=\"twitter:card\" content=\"summary_large_image\" \/>\n<meta name=\"twitter:label1\" content=\"Dur\u00e9e de lecture estim\u00e9e\" \/>\n\t<meta name=\"twitter:data1\" content=\"2 minutes\" \/>\n<script type=\"application\/ld+json\" class=\"yoast-schema-graph\">{\"@context\":\"https:\/\/schema.org\",\"@graph\":[{\"@type\":\"WebPage\",\"@id\":\"https:\/\/www.tabakversand.ch\/fr\/produit\/elf-bar-elfx-kit-edition-standard-argent\/\",\"url\":\"https:\/\/www.tabakversand.ch\/fr\/produit\/elf-bar-elfx-kit-edition-standard-argent\/\",\"name\":\"Kit Elf Bar ELFX \u00c9dition Standard argent - Tabakversand.ch | Alles aus der Welt des Tabaks\",\"isPartOf\":{\"@id\":\"https:\/\/www.tabakversand.ch\/#website\"},\"primaryImageOfPage\":{\"@id\":\"https:\/\/www.tabakversand.ch\/fr\/produit\/elf-bar-elfx-kit-edition-standard-argent\/#primaryimage\"},\"image\":{\"@id\":\"https:\/\/www.tabakversand.ch\/fr\/produit\/elf-bar-elfx-kit-edition-standard-argent\/#primaryimage\"},\"thumbnailUrl\":\"https:\/\/www.tabakversand.ch\/wp-content\/uploads\/2022\/04\/elfbar-elfx-kit-silver.jpg\",\"datePublished\":\"2024-10-31T15:47:03+00:00\",\"dateModified\":\"2026-03-31T12:39:37+00:00\",\"description\":\"Kit Elf Bar ELFX \u00c9dition Standard argent | Un tr\u00e8s grand choix de produits du tabac, cigarettes \u00e9lectroniques et accessoires pour fumeurs de qualit\u00e9 sup\u00e9rieure dans toute la Suisse | Cartes accept\u00e9es !\",\"breadcrumb\":{\"@id\":\"https:\/\/www.tabakversand.ch\/fr\/produit\/elf-bar-elfx-kit-edition-standard-argent\/#breadcrumb\"},\"inLanguage\":\"fr-FR\",\"potentialAction\":[{\"@type\":\"ReadAction\",\"target\":[\"https:\/\/www.tabakversand.ch\/fr\/produit\/elf-bar-elfx-kit-edition-standard-argent\/\"]}]},{\"@type\":\"ImageObject\",\"inLanguage\":\"fr-FR\",\"@id\":\"https:\/\/www.tabakversand.ch\/fr\/produit\/elf-bar-elfx-kit-edition-standard-argent\/#primaryimage\",\"url\":\"https:\/\/www.tabakversand.ch\/wp-content\/uploads\/2022\/04\/elfbar-elfx-kit-silver.jpg\",\"contentUrl\":\"https:\/\/www.tabakversand.ch\/wp-content\/uploads\/2022\/04\/elfbar-elfx-kit-silver.jpg\",\"width\":500,\"height\":500,\"caption\":\"Kit Elf Bar ELFX \u00c9dition Standard argent | Tabakversand.ch\"},{\"@type\":\"BreadcrumbList\",\"@id\":\"https:\/\/www.tabakversand.ch\/fr\/produit\/elf-bar-elfx-kit-edition-standard-argent\/#breadcrumb\",\"itemListElement\":[{\"@type\":\"ListItem\",\"position\":1,\"name\":\"Startseite\",\"item\":\"https:\/\/www.tabakversand.ch\/\"},{\"@type\":\"ListItem\",\"position\":2,\"name\":\"Boutique\",\"item\":\"https:\/\/www.tabakversand.ch\/fr\/boutique\/\"},{\"@type\":\"ListItem\",\"position\":3,\"name\":\"Kit Elf Bar ELFX \u00c9dition Standard argent\"}]},{\"@type\":\"WebSite\",\"@id\":\"https:\/\/www.tabakversand.ch\/#website\",\"url\":\"https:\/\/www.tabakversand.ch\/\",\"name\":\"Tabakversand.ch | Alles aus der Welt des Tabaks\",\"description\":\"Smoke and carpe diem\",\"potentialAction\":[{\"@type\":\"SearchAction\",\"target\":{\"@type\":\"EntryPoint\",\"urlTemplate\":\"https:\/\/www.tabakversand.ch\/?s={search_term_string}\"},\"query-input\":{\"@type\":\"PropertyValueSpecification\",\"valueRequired\":true,\"valueName\":\"search_term_string\"}}],\"inLanguage\":\"fr-FR\"}]}<\/script>\n<!-- \/ Yoast SEO plugin. -->","yoast_head_json":{"title":"Kit Elf Bar ELFX \u00c9dition Standard argent - Tabakversand.ch | Alles aus der Welt des Tabaks","description":"Kit Elf Bar ELFX \u00c9dition Standard argent | Un tr\u00e8s grand choix de produits du tabac, cigarettes \u00e9lectroniques et accessoires pour fumeurs de qualit\u00e9 sup\u00e9rieure dans toute la Suisse | Cartes accept\u00e9es !","robots":{"index":"index","follow":"follow","max-snippet":"max-snippet:-1","max-image-preview":"max-image-preview:large","max-video-preview":"max-video-preview:-1"},"canonical":"https:\/\/www.tabakversand.ch\/fr\/produit\/elf-bar-elfx-kit-edition-standard-argent\/","og_locale":"fr_FR","og_type":"article","og_title":"Kit Elf Bar ELFX \u00c9dition Standard argent - Tabakversand.ch | Alles aus der Welt des Tabaks","og_description":"Kit Elf Bar ELFX \u00c9dition Standard argent | Un tr\u00e8s grand choix de produits du tabac, cigarettes \u00e9lectroniques et accessoires pour fumeurs de qualit\u00e9 sup\u00e9rieure dans toute la Suisse | Cartes accept\u00e9es !","og_url":"https:\/\/www.tabakversand.ch\/fr\/produit\/elf-bar-elfx-kit-edition-standard-argent\/","og_site_name":"Tabakversand.ch | Alles aus der Welt des Tabaks","article_modified_time":"2026-03-31T12:39:37+00:00","og_image":[{"width":500,"height":500,"url":"https:\/\/www.tabakversand.ch\/wp-content\/uploads\/2022\/04\/elfbar-elfx-kit-silver.jpg","type":"image\/jpeg"}],"twitter_card":"summary_large_image","twitter_misc":{"Dur\u00e9e de lecture estim\u00e9e":"2 minutes"},"schema":{"@context":"https:\/\/schema.org","@graph":[{"@type":"WebPage","@id":"https:\/\/www.tabakversand.ch\/fr\/produit\/elf-bar-elfx-kit-edition-standard-argent\/","url":"https:\/\/www.tabakversand.ch\/fr\/produit\/elf-bar-elfx-kit-edition-standard-argent\/","name":"Kit Elf Bar ELFX \u00c9dition Standard argent - Tabakversand.ch | Alles aus der Welt des Tabaks","isPartOf":{"@id":"https:\/\/www.tabakversand.ch\/#website"},"primaryImageOfPage":{"@id":"https:\/\/www.tabakversand.ch\/fr\/produit\/elf-bar-elfx-kit-edition-standard-argent\/#primaryimage"},"image":{"@id":"https:\/\/www.tabakversand.ch\/fr\/produit\/elf-bar-elfx-kit-edition-standard-argent\/#primaryimage"},"thumbnailUrl":"https:\/\/www.tabakversand.ch\/wp-content\/uploads\/2022\/04\/elfbar-elfx-kit-silver.jpg","datePublished":"2024-10-31T15:47:03+00:00","dateModified":"2026-03-31T12:39:37+00:00","description":"Kit Elf Bar ELFX \u00c9dition Standard argent | Un tr\u00e8s grand choix de produits du tabac, cigarettes \u00e9lectroniques et accessoires pour fumeurs de qualit\u00e9 sup\u00e9rieure dans toute la Suisse | Cartes accept\u00e9es !","breadcrumb":{"@id":"https:\/\/www.tabakversand.ch\/fr\/produit\/elf-bar-elfx-kit-edition-standard-argent\/#breadcrumb"},"inLanguage":"fr-FR","potentialAction":[{"@type":"ReadAction","target":["https:\/\/www.tabakversand.ch\/fr\/produit\/elf-bar-elfx-kit-edition-standard-argent\/"]}]},{"@type":"ImageObject","inLanguage":"fr-FR","@id":"https:\/\/www.tabakversand.ch\/fr\/produit\/elf-bar-elfx-kit-edition-standard-argent\/#primaryimage","url":"https:\/\/www.tabakversand.ch\/wp-content\/uploads\/2022\/04\/elfbar-elfx-kit-silver.jpg","contentUrl":"https:\/\/www.tabakversand.ch\/wp-content\/uploads\/2022\/04\/elfbar-elfx-kit-silver.jpg","width":500,"height":500,"caption":"Kit Elf Bar ELFX \u00c9dition Standard argent | Tabakversand.ch"},{"@type":"BreadcrumbList","@id":"https:\/\/www.tabakversand.ch\/fr\/produit\/elf-bar-elfx-kit-edition-standard-argent\/#breadcrumb","itemListElement":[{"@type":"ListItem","position":1,"name":"Startseite","item":"https:\/\/www.tabakversand.ch\/"},{"@type":"ListItem","position":2,"name":"Boutique","item":"https:\/\/www.tabakversand.ch\/fr\/boutique\/"},{"@type":"ListItem","position":3,"name":"Kit Elf Bar ELFX \u00c9dition Standard argent"}]},{"@type":"WebSite","@id":"https:\/\/www.tabakversand.ch\/#website","url":"https:\/\/www.tabakversand.ch\/","name":"Tabakversand.ch | Alles aus der Welt des Tabaks","description":"Smoke and carpe diem","potentialAction":[{"@type":"SearchAction","target":{"@type":"EntryPoint","urlTemplate":"https:\/\/www.tabakversand.ch\/?s={search_term_string}"},"query-input":{"@type":"PropertyValueSpecification","valueRequired":true,"valueName":"search_term_string"}}],"inLanguage":"fr-FR"}]}},"_links":{"self":[{"href":"https:\/\/www.tabakversand.ch\/fr\/wp-json\/wp\/v2\/product\/75111","targetHints":{"allow":["GET"]}}],"collection":[{"href":"https:\/\/www.tabakversand.ch\/fr\/wp-json\/wp\/v2\/product"}],"about":[{"href":"https:\/\/www.tabakversand.ch\/fr\/wp-json\/wp\/v2\/types\/product"}],"version-history":[{"count":7,"href":"https:\/\/www.tabakversand.ch\/fr\/wp-json\/wp\/v2\/product\/75111\/revisions"}],"predecessor-version":[{"id":216279,"href":"https:\/\/www.tabakversand.ch\/fr\/wp-json\/wp\/v2\/product\/75111\/revisions\/216279"}],"wp:featuredmedia":[{"embeddable":true,"href":"https:\/\/www.tabakversand.ch\/fr\/wp-json\/wp\/v2\/media\/162086"}],"wp:attachment":[{"href":"https:\/\/www.tabakversand.ch\/fr\/wp-json\/wp\/v2\/media?parent=75111"}],"wp:term":[{"taxonomy":"product_brand","embeddable":true,"href":"https:\/\/www.tabakversand.ch\/fr\/wp-json\/wp\/v2\/product_brand?post=75111"},{"taxonomy":"product_cat","embeddable":true,"href":"https:\/\/www.tabakversand.ch\/fr\/wp-json\/wp\/v2\/product_cat?post=75111"},{"taxonomy":"product_tag","embeddable":true,"href":"https:\/\/www.tabakversand.ch\/fr\/wp-json\/wp\/v2\/product_tag?post=75111"}],"curies":[{"name":"wp","href":"https:\/\/api.w.org\/{rel}","templated":true}]}}