{"id":75629,"date":"2022-04-02T10:42:19","date_gmt":"2022-04-02T08:42:19","guid":{"rendered":"http:\/\/www.tabakversand.ch\/produkt\/liquid-station-shot-20mg-70vg-30pg\/"},"modified":"2026-03-25T16:28:54","modified_gmt":"2026-03-25T15:28:54","slug":"liquid-station-shot-20mg-70vg-30pg","status":"publish","type":"product","link":"https:\/\/www.tabakversand.ch\/fr\/produit\/liquid-station-shot-20mg-70vg-30pg\/","title":{"rendered":"Liquid Station Shot 20mg 70VG\/30PG"},"content":{"rendered":"<p>Liquid Station Shot 20mg 70VG\/30PG<\/p>\n<p>1 flacon de 10 ml<\/p>\n<p>Le shot de nicotine de Liquidstation dans le rapport de m\u00e9lange 70% VG \/ 30% PG, est parfait pour tous les liquides \u00a0\u00bbShortFill\u00a0\u00bb. En raison du m\u00e9lange 70\/30, votre liquide pr\u00e9f\u00e9r\u00e9 ne sera pas trop mince, il est donc \u00e9galement parfait pour les \u00e9vaporateurs goutteurs.<\/p>\n<p>Informations d&rsquo;utilisation :<br \/>\n&#8211; Ne prenez pas d&rsquo;injections de nicotine<br \/>\n&#8211; Ins\u00e9rer l&rsquo;aiguille de la seringue dans l&#8217;embout du flacon et pr\u00e9lever la quantit\u00e9 souhait\u00e9e<br \/>\n&#8211; Remplissez ensuite soigneusement la quantit\u00e9 pr\u00e9lev\u00e9e de la seringue dans votre flacon de liquide<br \/>\n&#8211; Apr\u00e8s remplissage, bien agiter et verser dans le vaporisateur<br \/>\n&#8211; Ne remplissez pas le vaporisateur avec le shot pur<br \/>\nM\u00e9lange pour 30 ml de liquides (toujours calcul\u00e9 avec un shot de 20 mg)&nbsp;:<br \/>\nDosage cible&nbsp;:<br \/>\n&#8211; 2 mg \u2192 + 3,3 ml<br \/>\n&#8211; 3 mg \u2192 + 5,3 ml<br \/>\n&#8211; 5 mg \u2192 + 10,0 ml<br \/>\n&#8212;&#8212;&#8212;&#8212;&#8212;&#8212;&#8212;&#8212;&#8212;&#8212;&#8212;&#8212;&#8212;&#8212;&#8212;&#8212;&#8212;&#8212;&#8212;&#8212;&#8212;&#8212;&#8212;&#8212;&#8212;&#8212;&#8212;&#8212;<br \/>\nM\u00e9lange pour 40 ml de liquides (toujours calcul\u00e9 avec un shot de 20 mg)&nbsp;:<br \/>\nDosage cible&nbsp;:<br \/>\n&#8211; 2 mg \u2192 + 4,4 ml<br \/>\n&#8211; 3 mg \u2192 + 7,0 ml<br \/>\n&#8211; 5 mg \u2192 + 13,3 ml<br \/>\n&#8212;&#8212;&#8212;&#8212;&#8212;&#8212;&#8212;&#8212;&#8212;&#8212;&#8212;&#8212;&#8212;&#8212;&#8212;&#8212;&#8212;&#8212;&#8212;&#8212;&#8212;&#8212;&#8212;&#8212;&#8212;&#8212;&#8212;&#8212;<br \/>\nM\u00e9lange pour 50 ml de liquides (toujours calcul\u00e9 avec un shot de 20 mg)&nbsp;:<br \/>\nDosage cible&nbsp;:<br \/>\n&#8211; 2 mg \u2192 + 5,5 ml<br \/>\n&#8211; 3 mg \u2192 + 8,8 ml<br \/>\n&#8211; 5 mg \u2192 + 16,6 ml<br \/>\n&#8212;&#8212;&#8212;&#8212;&#8212;&#8212;&#8212;&#8212;&#8212;&#8212;&#8212;&#8212;&#8212;&#8212;&#8212;&#8212;&#8212;&#8212;&#8212;&#8212;&#8212;&#8212;&#8212;&#8212;&#8212;&#8212;&#8212;&#8212;<br \/>\nM\u00e9lange pour 60 ml de liquides (toujours calcul\u00e9 avec un shot de 20 mg)&nbsp;:<br \/>\nDosage cible&nbsp;:<br \/>\n&#8211; 2 mg \u2192 + 6,6 ml<br \/>\n&#8211; 3 mg \u2192 + 10,6 ml<br \/>\n&#8211; 5 mg \u2192 + 20,0 ml<\/p>\n<p>Tous les prix s&rsquo;appliquent uniquement aux commandes en ligne et incluent la TVA. Sous r\u00e9serve de modifications sans pr\u00e9avis, frais de livraison en sus. Sous r\u00e9serve d&rsquo;erreurs, de modifications de contenu de livraison et de conception, de fautes d&rsquo;impression et de modifications de prix. Les prix barr\u00e9s sont des prix de remplacement. Les illustrations peuvent diff\u00e9rer de l&rsquo;original\/du contenu de livraison.<br \/>\n*Livraison gratuite pour les commandes sup\u00e9rieures \u00e0 CHF 250.-.<\/p>\n","protected":false},"excerpt":{"rendered":"<p>Liquid Station Shot 20mg 70VG\/30PG 1 flacon de 10 ml Le shot de nicotine de Liquidstation dans le rapport de m\u00e9lange 70% VG \/ 30% PG, est parfait pour tous les liquides \u00a0\u00bbShortFill\u00a0\u00bb. En raison du m\u00e9lange 70\/30, votre liquide pr\u00e9f\u00e9r\u00e9 ne sera pas trop mince, il est donc \u00e9galement parfait pour les \u00e9vaporateurs goutteurs. [&hellip;]<\/p>\n","protected":false},"featured_media":75639,"template":"","meta":[],"product_brand":[1448],"product_cat":[1895,1894,2124,2796],"product_tag":[],"class_list":{"0":"post-75629","1":"product","2":"type-product","3":"status-publish","4":"has-post-thumbnail","6":"product_brand-liquid-station","7":"product_cat-e-fumee","8":"product_cat-e-liquide","9":"product_cat-station-de-liquide","10":"product_cat-injection-de-liquide-a-la-nicotine","12":"first","13":"onbackorder","14":"purchasable","15":"product-type-simple"},"yoast_head":"<!-- This site is optimized with the Yoast SEO plugin v27.0 - https:\/\/yoast.com\/product\/yoast-seo-wordpress\/ -->\n<title>Liquid Station Shot 20mg 70VG\/30PG - Tabakversand.ch | Alles aus der Welt des Tabaks<\/title>\n<meta name=\"description\" content=\"Liquid Station Shot 20mg 70VG \/ 30PG | La plus grande s\u00e9lection de produits du tabac de Suisse | Toutes les cartes sont accept\u00e9es!\" \/>\n<meta name=\"robots\" content=\"index, follow, max-snippet:-1, max-image-preview:large, max-video-preview:-1\" \/>\n<link rel=\"canonical\" href=\"https:\/\/www.tabakversand.ch\/fr\/produit\/liquid-station-shot-20mg-70vg-30pg\/\" \/>\n<meta property=\"og:locale\" content=\"fr_FR\" \/>\n<meta property=\"og:type\" content=\"article\" \/>\n<meta property=\"og:title\" content=\"Liquid Station Shot 20mg 70VG\/30PG - Tabakversand.ch | Alles aus der Welt des Tabaks\" \/>\n<meta property=\"og:description\" content=\"Liquid Station Shot 20mg 70VG \/ 30PG | La plus grande s\u00e9lection de produits du tabac de Suisse | Toutes les cartes sont accept\u00e9es!\" \/>\n<meta property=\"og:url\" content=\"https:\/\/www.tabakversand.ch\/fr\/produit\/liquid-station-shot-20mg-70vg-30pg\/\" \/>\n<meta property=\"og:site_name\" content=\"Tabakversand.ch | Alles aus der Welt des Tabaks\" \/>\n<meta property=\"article:modified_time\" content=\"2026-03-25T15:28:54+00:00\" \/>\n<meta property=\"og:image\" content=\"https:\/\/www.tabakversand.ch\/wp-content\/uploads\/2022\/03\/liquid-station-nicobase.jpg\" \/>\n\t<meta property=\"og:image:width\" content=\"400\" \/>\n\t<meta property=\"og:image:height\" content=\"500\" \/>\n\t<meta property=\"og:image:type\" content=\"image\/jpeg\" \/>\n<meta name=\"twitter:card\" content=\"summary_large_image\" \/>\n<meta name=\"twitter:label1\" content=\"Dur\u00e9e de lecture estim\u00e9e\" \/>\n\t<meta name=\"twitter:data1\" content=\"2 minutes\" \/>\n<script type=\"application\/ld+json\" class=\"yoast-schema-graph\">{\"@context\":\"https:\/\/schema.org\",\"@graph\":[{\"@type\":\"WebPage\",\"@id\":\"https:\/\/www.tabakversand.ch\/fr\/produit\/liquid-station-shot-20mg-70vg-30pg\/\",\"url\":\"https:\/\/www.tabakversand.ch\/fr\/produit\/liquid-station-shot-20mg-70vg-30pg\/\",\"name\":\"Liquid Station Shot 20mg 70VG\/30PG - Tabakversand.ch | Alles aus der Welt des Tabaks\",\"isPartOf\":{\"@id\":\"https:\/\/www.tabakversand.ch\/#website\"},\"primaryImageOfPage\":{\"@id\":\"https:\/\/www.tabakversand.ch\/fr\/produit\/liquid-station-shot-20mg-70vg-30pg\/#primaryimage\"},\"image\":{\"@id\":\"https:\/\/www.tabakversand.ch\/fr\/produit\/liquid-station-shot-20mg-70vg-30pg\/#primaryimage\"},\"thumbnailUrl\":\"https:\/\/www.tabakversand.ch\/wp-content\/uploads\/2022\/03\/liquid-station-nicobase.jpg\",\"datePublished\":\"2022-04-02T08:42:19+00:00\",\"dateModified\":\"2026-03-25T15:28:54+00:00\",\"description\":\"Liquid Station Shot 20mg 70VG \/ 30PG | La plus grande s\u00e9lection de produits du tabac de Suisse | Toutes les cartes sont accept\u00e9es!\",\"breadcrumb\":{\"@id\":\"https:\/\/www.tabakversand.ch\/fr\/produit\/liquid-station-shot-20mg-70vg-30pg\/#breadcrumb\"},\"inLanguage\":\"fr-FR\",\"potentialAction\":[{\"@type\":\"ReadAction\",\"target\":[\"https:\/\/www.tabakversand.ch\/fr\/produit\/liquid-station-shot-20mg-70vg-30pg\/\"]}]},{\"@type\":\"ImageObject\",\"inLanguage\":\"fr-FR\",\"@id\":\"https:\/\/www.tabakversand.ch\/fr\/produit\/liquid-station-shot-20mg-70vg-30pg\/#primaryimage\",\"url\":\"https:\/\/www.tabakversand.ch\/wp-content\/uploads\/2022\/03\/liquid-station-nicobase.jpg\",\"contentUrl\":\"https:\/\/www.tabakversand.ch\/wp-content\/uploads\/2022\/03\/liquid-station-nicobase.jpg\",\"width\":400,\"height\":500,\"caption\":\"Liquid Station Shot 20mg 70VG\/30PG\"},{\"@type\":\"BreadcrumbList\",\"@id\":\"https:\/\/www.tabakversand.ch\/fr\/produit\/liquid-station-shot-20mg-70vg-30pg\/#breadcrumb\",\"itemListElement\":[{\"@type\":\"ListItem\",\"position\":1,\"name\":\"Startseite\",\"item\":\"https:\/\/www.tabakversand.ch\/\"},{\"@type\":\"ListItem\",\"position\":2,\"name\":\"Boutique\",\"item\":\"https:\/\/www.tabakversand.ch\/fr\/boutique\/\"},{\"@type\":\"ListItem\",\"position\":3,\"name\":\"Liquid Station Shot 20mg 70VG\/30PG\"}]},{\"@type\":\"WebSite\",\"@id\":\"https:\/\/www.tabakversand.ch\/#website\",\"url\":\"https:\/\/www.tabakversand.ch\/\",\"name\":\"Tabakversand.ch | Alles aus der Welt des Tabaks\",\"description\":\"Smoke and carpe diem\",\"potentialAction\":[{\"@type\":\"SearchAction\",\"target\":{\"@type\":\"EntryPoint\",\"urlTemplate\":\"https:\/\/www.tabakversand.ch\/?s={search_term_string}\"},\"query-input\":{\"@type\":\"PropertyValueSpecification\",\"valueRequired\":true,\"valueName\":\"search_term_string\"}}],\"inLanguage\":\"fr-FR\"}]}<\/script>\n<!-- \/ Yoast SEO plugin. -->","yoast_head_json":{"title":"Liquid Station Shot 20mg 70VG\/30PG - Tabakversand.ch | Alles aus der Welt des Tabaks","description":"Liquid Station Shot 20mg 70VG \/ 30PG | La plus grande s\u00e9lection de produits du tabac de Suisse | Toutes les cartes sont accept\u00e9es!","robots":{"index":"index","follow":"follow","max-snippet":"max-snippet:-1","max-image-preview":"max-image-preview:large","max-video-preview":"max-video-preview:-1"},"canonical":"https:\/\/www.tabakversand.ch\/fr\/produit\/liquid-station-shot-20mg-70vg-30pg\/","og_locale":"fr_FR","og_type":"article","og_title":"Liquid Station Shot 20mg 70VG\/30PG - Tabakversand.ch | Alles aus der Welt des Tabaks","og_description":"Liquid Station Shot 20mg 70VG \/ 30PG | La plus grande s\u00e9lection de produits du tabac de Suisse | Toutes les cartes sont accept\u00e9es!","og_url":"https:\/\/www.tabakversand.ch\/fr\/produit\/liquid-station-shot-20mg-70vg-30pg\/","og_site_name":"Tabakversand.ch | Alles aus der Welt des Tabaks","article_modified_time":"2026-03-25T15:28:54+00:00","og_image":[{"width":400,"height":500,"url":"https:\/\/www.tabakversand.ch\/wp-content\/uploads\/2022\/03\/liquid-station-nicobase.jpg","type":"image\/jpeg"}],"twitter_card":"summary_large_image","twitter_misc":{"Dur\u00e9e de lecture estim\u00e9e":"2 minutes"},"schema":{"@context":"https:\/\/schema.org","@graph":[{"@type":"WebPage","@id":"https:\/\/www.tabakversand.ch\/fr\/produit\/liquid-station-shot-20mg-70vg-30pg\/","url":"https:\/\/www.tabakversand.ch\/fr\/produit\/liquid-station-shot-20mg-70vg-30pg\/","name":"Liquid Station Shot 20mg 70VG\/30PG - Tabakversand.ch | Alles aus der Welt des Tabaks","isPartOf":{"@id":"https:\/\/www.tabakversand.ch\/#website"},"primaryImageOfPage":{"@id":"https:\/\/www.tabakversand.ch\/fr\/produit\/liquid-station-shot-20mg-70vg-30pg\/#primaryimage"},"image":{"@id":"https:\/\/www.tabakversand.ch\/fr\/produit\/liquid-station-shot-20mg-70vg-30pg\/#primaryimage"},"thumbnailUrl":"https:\/\/www.tabakversand.ch\/wp-content\/uploads\/2022\/03\/liquid-station-nicobase.jpg","datePublished":"2022-04-02T08:42:19+00:00","dateModified":"2026-03-25T15:28:54+00:00","description":"Liquid Station Shot 20mg 70VG \/ 30PG | La plus grande s\u00e9lection de produits du tabac de Suisse | Toutes les cartes sont accept\u00e9es!","breadcrumb":{"@id":"https:\/\/www.tabakversand.ch\/fr\/produit\/liquid-station-shot-20mg-70vg-30pg\/#breadcrumb"},"inLanguage":"fr-FR","potentialAction":[{"@type":"ReadAction","target":["https:\/\/www.tabakversand.ch\/fr\/produit\/liquid-station-shot-20mg-70vg-30pg\/"]}]},{"@type":"ImageObject","inLanguage":"fr-FR","@id":"https:\/\/www.tabakversand.ch\/fr\/produit\/liquid-station-shot-20mg-70vg-30pg\/#primaryimage","url":"https:\/\/www.tabakversand.ch\/wp-content\/uploads\/2022\/03\/liquid-station-nicobase.jpg","contentUrl":"https:\/\/www.tabakversand.ch\/wp-content\/uploads\/2022\/03\/liquid-station-nicobase.jpg","width":400,"height":500,"caption":"Liquid Station Shot 20mg 70VG\/30PG"},{"@type":"BreadcrumbList","@id":"https:\/\/www.tabakversand.ch\/fr\/produit\/liquid-station-shot-20mg-70vg-30pg\/#breadcrumb","itemListElement":[{"@type":"ListItem","position":1,"name":"Startseite","item":"https:\/\/www.tabakversand.ch\/"},{"@type":"ListItem","position":2,"name":"Boutique","item":"https:\/\/www.tabakversand.ch\/fr\/boutique\/"},{"@type":"ListItem","position":3,"name":"Liquid Station Shot 20mg 70VG\/30PG"}]},{"@type":"WebSite","@id":"https:\/\/www.tabakversand.ch\/#website","url":"https:\/\/www.tabakversand.ch\/","name":"Tabakversand.ch | Alles aus der Welt des Tabaks","description":"Smoke and carpe diem","potentialAction":[{"@type":"SearchAction","target":{"@type":"EntryPoint","urlTemplate":"https:\/\/www.tabakversand.ch\/?s={search_term_string}"},"query-input":{"@type":"PropertyValueSpecification","valueRequired":true,"valueName":"search_term_string"}}],"inLanguage":"fr-FR"}]}},"_links":{"self":[{"href":"https:\/\/www.tabakversand.ch\/fr\/wp-json\/wp\/v2\/product\/75629","targetHints":{"allow":["GET"]}}],"collection":[{"href":"https:\/\/www.tabakversand.ch\/fr\/wp-json\/wp\/v2\/product"}],"about":[{"href":"https:\/\/www.tabakversand.ch\/fr\/wp-json\/wp\/v2\/types\/product"}],"version-history":[{"count":3,"href":"https:\/\/www.tabakversand.ch\/fr\/wp-json\/wp\/v2\/product\/75629\/revisions"}],"predecessor-version":[{"id":203033,"href":"https:\/\/www.tabakversand.ch\/fr\/wp-json\/wp\/v2\/product\/75629\/revisions\/203033"}],"wp:featuredmedia":[{"embeddable":true,"href":"https:\/\/www.tabakversand.ch\/fr\/wp-json\/wp\/v2\/media\/75639"}],"wp:attachment":[{"href":"https:\/\/www.tabakversand.ch\/fr\/wp-json\/wp\/v2\/media?parent=75629"}],"wp:term":[{"taxonomy":"product_brand","embeddable":true,"href":"https:\/\/www.tabakversand.ch\/fr\/wp-json\/wp\/v2\/product_brand?post=75629"},{"taxonomy":"product_cat","embeddable":true,"href":"https:\/\/www.tabakversand.ch\/fr\/wp-json\/wp\/v2\/product_cat?post=75629"},{"taxonomy":"product_tag","embeddable":true,"href":"https:\/\/www.tabakversand.ch\/fr\/wp-json\/wp\/v2\/product_tag?post=75629"}],"curies":[{"name":"wp","href":"https:\/\/api.w.org\/{rel}","templated":true}]}}