{"id":76823,"date":"2024-10-30T16:05:05","date_gmt":"2024-10-30T15:05:05","guid":{"rendered":"http:\/\/www.tabakversand.ch\/produkt\/insmoke-burley-tabacco-swiss-made-fluid-40-ml\/"},"modified":"2025-07-10T11:52:23","modified_gmt":"2025-07-10T09:52:23","slug":"cendrier-pipe-ceramique-rond-noir-3-etageres","status":"publish","type":"product","link":"https:\/\/www.tabakversand.ch\/fr\/produit\/cendrier-pipe-ceramique-rond-noir-3-etageres\/","title":{"rendered":"Cendrier pipe C\u00e9ramique Rond noir 3 \u00e9tag\u00e8res"},"content":{"rendered":"<p><span style=\"font-size: 16px;\">Cendrier pipe C\u00e9ramique Rond noir 3 \u00e9tag\u00e8res<\/span><\/p>\n<ul>\n<li>c\u00e9ramique<\/li>\n<li>noir<\/li>\n<li>3 \u00e9tag\u00e8res<\/li>\n<li>Li\u00e8ge<\/li>\n<li>\u00d8 17 cm<\/li>\n<\/ul>\n<p>&nbsp;<\/p>\n<p><span style=\"font-size: 16px;\">Tous les prix s&rsquo;appliquent uniquement aux commandes en ligne et incluent la TVA. TVA, sous r\u00e9serve de modifications plus Exp\u00e9dition. Sous r\u00e9serve d&rsquo;erreurs, de modifications de l&rsquo;\u00e9tendue de la livraison et de la conception, d&rsquo;erreurs d&rsquo;impression et de modifications de prix. Les prix barr\u00e9s sont plut\u00f4t des prix. L&rsquo;illustration peut diff\u00e9rer de l&rsquo;original\/de l&rsquo;\u00e9tendue de la livraison.<\/span><\/p>\n<p>*Livraison gratuite pour les commandes sup\u00e9rieures \u00e0 CHF 250.<\/p>\n","protected":false},"excerpt":{"rendered":"<p>Cendrier pipe C\u00e9ramique Rond noir 3 \u00e9tag\u00e8res c\u00e9ramique noir 3 \u00e9tag\u00e8res Li\u00e8ge \u00d8 17 cm &nbsp; Tous les prix s&rsquo;appliquent uniquement aux commandes en ligne et incluent la TVA. TVA, sous r\u00e9serve de modifications plus Exp\u00e9dition. Sous r\u00e9serve d&rsquo;erreurs, de modifications de l&rsquo;\u00e9tendue de la livraison et de la conception, d&rsquo;erreurs d&rsquo;impression et de modifications [&hellip;]<\/p>\n","protected":false},"featured_media":161999,"template":"","meta":[],"product_brand":[],"product_cat":[2499,3179,1949],"product_tag":[],"class_list":{"0":"post-76823","1":"product","2":"type-product","3":"status-publish","4":"has-post-thumbnail","6":"product_cat-accessoires-de-tuyauterie","7":"product_cat-cendres-de-tuyau","8":"product_cat-pipe-world-fr","10":"first","11":"onbackorder","12":"purchasable","13":"product-type-simple"},"yoast_head":"<!-- This site is optimized with the Yoast SEO plugin v27.0 - https:\/\/yoast.com\/product\/yoast-seo-wordpress\/ -->\n<title>Cendrier pipe C\u00e9ramique Rond noir 3 \u00e9tag\u00e8res - Tabakversand.ch | Alles aus der Welt des Tabaks<\/title>\n<meta name=\"description\" content=\"Cendrier pipe C\u00e9ramique Rond noir 3 \u00e9tag\u00e8res | Un tr\u00e8s grand choix de produits du tabac, d&#039;e-smoke et d&#039;ustensiles pour fumer dans toute la Suisse Cartes accept\u00e9es !\" \/>\n<meta name=\"robots\" content=\"index, follow, max-snippet:-1, max-image-preview:large, max-video-preview:-1\" \/>\n<link rel=\"canonical\" href=\"https:\/\/www.tabakversand.ch\/fr\/produit\/cendrier-pipe-ceramique-rond-noir-3-etageres\/\" \/>\n<meta property=\"og:locale\" content=\"fr_FR\" \/>\n<meta property=\"og:type\" content=\"article\" \/>\n<meta property=\"og:title\" content=\"Cendrier pipe C\u00e9ramique Rond noir 3 \u00e9tag\u00e8res - Tabakversand.ch | Alles aus der Welt des Tabaks\" \/>\n<meta property=\"og:description\" content=\"Cendrier pipe C\u00e9ramique Rond noir 3 \u00e9tag\u00e8res | Un tr\u00e8s grand choix de produits du tabac, d&#039;e-smoke et d&#039;ustensiles pour fumer dans toute la Suisse Cartes accept\u00e9es !\" \/>\n<meta property=\"og:url\" content=\"https:\/\/www.tabakversand.ch\/fr\/produit\/cendrier-pipe-ceramique-rond-noir-3-etageres\/\" \/>\n<meta property=\"og:site_name\" content=\"Tabakversand.ch | Alles aus der Welt des Tabaks\" \/>\n<meta property=\"article:modified_time\" content=\"2025-07-10T09:52:23+00:00\" \/>\n<meta property=\"og:image\" content=\"https:\/\/www.tabakversand.ch\/wp-content\/uploads\/2022\/04\/pfeifenascher-ceramic-round-black-drei-pfeifen.jpg\" \/>\n\t<meta property=\"og:image:width\" content=\"500\" \/>\n\t<meta property=\"og:image:height\" content=\"500\" \/>\n\t<meta property=\"og:image:type\" content=\"image\/jpeg\" \/>\n<meta name=\"twitter:card\" content=\"summary_large_image\" \/>\n<meta name=\"twitter:label1\" content=\"Dur\u00e9e de lecture estim\u00e9e\" \/>\n\t<meta name=\"twitter:data1\" content=\"1 minute\" \/>\n<script type=\"application\/ld+json\" class=\"yoast-schema-graph\">{\"@context\":\"https:\/\/schema.org\",\"@graph\":[{\"@type\":\"WebPage\",\"@id\":\"https:\/\/www.tabakversand.ch\/fr\/produit\/cendrier-pipe-ceramique-rond-noir-3-etageres\/\",\"url\":\"https:\/\/www.tabakversand.ch\/fr\/produit\/cendrier-pipe-ceramique-rond-noir-3-etageres\/\",\"name\":\"Cendrier pipe C\u00e9ramique Rond noir 3 \u00e9tag\u00e8res - Tabakversand.ch | Alles aus der Welt des Tabaks\",\"isPartOf\":{\"@id\":\"https:\/\/www.tabakversand.ch\/#website\"},\"primaryImageOfPage\":{\"@id\":\"https:\/\/www.tabakversand.ch\/fr\/produit\/cendrier-pipe-ceramique-rond-noir-3-etageres\/#primaryimage\"},\"image\":{\"@id\":\"https:\/\/www.tabakversand.ch\/fr\/produit\/cendrier-pipe-ceramique-rond-noir-3-etageres\/#primaryimage\"},\"thumbnailUrl\":\"https:\/\/www.tabakversand.ch\/wp-content\/uploads\/2022\/04\/pfeifenascher-ceramic-round-black-drei-pfeifen.jpg\",\"datePublished\":\"2024-10-30T15:05:05+00:00\",\"dateModified\":\"2025-07-10T09:52:23+00:00\",\"description\":\"Cendrier pipe C\u00e9ramique Rond noir 3 \u00e9tag\u00e8res | Un tr\u00e8s grand choix de produits du tabac, d'e-smoke et d'ustensiles pour fumer dans toute la Suisse Cartes accept\u00e9es !\",\"breadcrumb\":{\"@id\":\"https:\/\/www.tabakversand.ch\/fr\/produit\/cendrier-pipe-ceramique-rond-noir-3-etageres\/#breadcrumb\"},\"inLanguage\":\"fr-FR\",\"potentialAction\":[{\"@type\":\"ReadAction\",\"target\":[\"https:\/\/www.tabakversand.ch\/fr\/produit\/cendrier-pipe-ceramique-rond-noir-3-etageres\/\"]}]},{\"@type\":\"ImageObject\",\"inLanguage\":\"fr-FR\",\"@id\":\"https:\/\/www.tabakversand.ch\/fr\/produit\/cendrier-pipe-ceramique-rond-noir-3-etageres\/#primaryimage\",\"url\":\"https:\/\/www.tabakversand.ch\/wp-content\/uploads\/2022\/04\/pfeifenascher-ceramic-round-black-drei-pfeifen.jpg\",\"contentUrl\":\"https:\/\/www.tabakversand.ch\/wp-content\/uploads\/2022\/04\/pfeifenascher-ceramic-round-black-drei-pfeifen.jpg\",\"width\":500,\"height\":500,\"caption\":\"Pfeifenascher Ceramic Round black 3 Ablagen\"},{\"@type\":\"BreadcrumbList\",\"@id\":\"https:\/\/www.tabakversand.ch\/fr\/produit\/cendrier-pipe-ceramique-rond-noir-3-etageres\/#breadcrumb\",\"itemListElement\":[{\"@type\":\"ListItem\",\"position\":1,\"name\":\"Startseite\",\"item\":\"https:\/\/www.tabakversand.ch\/\"},{\"@type\":\"ListItem\",\"position\":2,\"name\":\"Boutique\",\"item\":\"https:\/\/www.tabakversand.ch\/fr\/boutique\/\"},{\"@type\":\"ListItem\",\"position\":3,\"name\":\"Cendrier pipe C\u00e9ramique Rond noir 3 \u00e9tag\u00e8res\"}]},{\"@type\":\"WebSite\",\"@id\":\"https:\/\/www.tabakversand.ch\/#website\",\"url\":\"https:\/\/www.tabakversand.ch\/\",\"name\":\"Tabakversand.ch | Alles aus der Welt des Tabaks\",\"description\":\"Smoke and carpe diem\",\"potentialAction\":[{\"@type\":\"SearchAction\",\"target\":{\"@type\":\"EntryPoint\",\"urlTemplate\":\"https:\/\/www.tabakversand.ch\/?s={search_term_string}\"},\"query-input\":{\"@type\":\"PropertyValueSpecification\",\"valueRequired\":true,\"valueName\":\"search_term_string\"}}],\"inLanguage\":\"fr-FR\"}]}<\/script>\n<!-- \/ Yoast SEO plugin. -->","yoast_head_json":{"title":"Cendrier pipe C\u00e9ramique Rond noir 3 \u00e9tag\u00e8res - Tabakversand.ch | Alles aus der Welt des Tabaks","description":"Cendrier pipe C\u00e9ramique Rond noir 3 \u00e9tag\u00e8res | Un tr\u00e8s grand choix de produits du tabac, d'e-smoke et d'ustensiles pour fumer dans toute la Suisse Cartes accept\u00e9es !","robots":{"index":"index","follow":"follow","max-snippet":"max-snippet:-1","max-image-preview":"max-image-preview:large","max-video-preview":"max-video-preview:-1"},"canonical":"https:\/\/www.tabakversand.ch\/fr\/produit\/cendrier-pipe-ceramique-rond-noir-3-etageres\/","og_locale":"fr_FR","og_type":"article","og_title":"Cendrier pipe C\u00e9ramique Rond noir 3 \u00e9tag\u00e8res - Tabakversand.ch | Alles aus der Welt des Tabaks","og_description":"Cendrier pipe C\u00e9ramique Rond noir 3 \u00e9tag\u00e8res | Un tr\u00e8s grand choix de produits du tabac, d'e-smoke et d'ustensiles pour fumer dans toute la Suisse Cartes accept\u00e9es !","og_url":"https:\/\/www.tabakversand.ch\/fr\/produit\/cendrier-pipe-ceramique-rond-noir-3-etageres\/","og_site_name":"Tabakversand.ch | Alles aus der Welt des Tabaks","article_modified_time":"2025-07-10T09:52:23+00:00","og_image":[{"width":500,"height":500,"url":"https:\/\/www.tabakversand.ch\/wp-content\/uploads\/2022\/04\/pfeifenascher-ceramic-round-black-drei-pfeifen.jpg","type":"image\/jpeg"}],"twitter_card":"summary_large_image","twitter_misc":{"Dur\u00e9e de lecture estim\u00e9e":"1 minute"},"schema":{"@context":"https:\/\/schema.org","@graph":[{"@type":"WebPage","@id":"https:\/\/www.tabakversand.ch\/fr\/produit\/cendrier-pipe-ceramique-rond-noir-3-etageres\/","url":"https:\/\/www.tabakversand.ch\/fr\/produit\/cendrier-pipe-ceramique-rond-noir-3-etageres\/","name":"Cendrier pipe C\u00e9ramique Rond noir 3 \u00e9tag\u00e8res - Tabakversand.ch | Alles aus der Welt des Tabaks","isPartOf":{"@id":"https:\/\/www.tabakversand.ch\/#website"},"primaryImageOfPage":{"@id":"https:\/\/www.tabakversand.ch\/fr\/produit\/cendrier-pipe-ceramique-rond-noir-3-etageres\/#primaryimage"},"image":{"@id":"https:\/\/www.tabakversand.ch\/fr\/produit\/cendrier-pipe-ceramique-rond-noir-3-etageres\/#primaryimage"},"thumbnailUrl":"https:\/\/www.tabakversand.ch\/wp-content\/uploads\/2022\/04\/pfeifenascher-ceramic-round-black-drei-pfeifen.jpg","datePublished":"2024-10-30T15:05:05+00:00","dateModified":"2025-07-10T09:52:23+00:00","description":"Cendrier pipe C\u00e9ramique Rond noir 3 \u00e9tag\u00e8res | Un tr\u00e8s grand choix de produits du tabac, d'e-smoke et d'ustensiles pour fumer dans toute la Suisse Cartes accept\u00e9es !","breadcrumb":{"@id":"https:\/\/www.tabakversand.ch\/fr\/produit\/cendrier-pipe-ceramique-rond-noir-3-etageres\/#breadcrumb"},"inLanguage":"fr-FR","potentialAction":[{"@type":"ReadAction","target":["https:\/\/www.tabakversand.ch\/fr\/produit\/cendrier-pipe-ceramique-rond-noir-3-etageres\/"]}]},{"@type":"ImageObject","inLanguage":"fr-FR","@id":"https:\/\/www.tabakversand.ch\/fr\/produit\/cendrier-pipe-ceramique-rond-noir-3-etageres\/#primaryimage","url":"https:\/\/www.tabakversand.ch\/wp-content\/uploads\/2022\/04\/pfeifenascher-ceramic-round-black-drei-pfeifen.jpg","contentUrl":"https:\/\/www.tabakversand.ch\/wp-content\/uploads\/2022\/04\/pfeifenascher-ceramic-round-black-drei-pfeifen.jpg","width":500,"height":500,"caption":"Pfeifenascher Ceramic Round black 3 Ablagen"},{"@type":"BreadcrumbList","@id":"https:\/\/www.tabakversand.ch\/fr\/produit\/cendrier-pipe-ceramique-rond-noir-3-etageres\/#breadcrumb","itemListElement":[{"@type":"ListItem","position":1,"name":"Startseite","item":"https:\/\/www.tabakversand.ch\/"},{"@type":"ListItem","position":2,"name":"Boutique","item":"https:\/\/www.tabakversand.ch\/fr\/boutique\/"},{"@type":"ListItem","position":3,"name":"Cendrier pipe C\u00e9ramique Rond noir 3 \u00e9tag\u00e8res"}]},{"@type":"WebSite","@id":"https:\/\/www.tabakversand.ch\/#website","url":"https:\/\/www.tabakversand.ch\/","name":"Tabakversand.ch | Alles aus der Welt des Tabaks","description":"Smoke and carpe diem","potentialAction":[{"@type":"SearchAction","target":{"@type":"EntryPoint","urlTemplate":"https:\/\/www.tabakversand.ch\/?s={search_term_string}"},"query-input":{"@type":"PropertyValueSpecification","valueRequired":true,"valueName":"search_term_string"}}],"inLanguage":"fr-FR"}]}},"_links":{"self":[{"href":"https:\/\/www.tabakversand.ch\/fr\/wp-json\/wp\/v2\/product\/76823","targetHints":{"allow":["GET"]}}],"collection":[{"href":"https:\/\/www.tabakversand.ch\/fr\/wp-json\/wp\/v2\/product"}],"about":[{"href":"https:\/\/www.tabakversand.ch\/fr\/wp-json\/wp\/v2\/types\/product"}],"version-history":[{"count":2,"href":"https:\/\/www.tabakversand.ch\/fr\/wp-json\/wp\/v2\/product\/76823\/revisions"}],"predecessor-version":[{"id":162006,"href":"https:\/\/www.tabakversand.ch\/fr\/wp-json\/wp\/v2\/product\/76823\/revisions\/162006"}],"wp:featuredmedia":[{"embeddable":true,"href":"https:\/\/www.tabakversand.ch\/fr\/wp-json\/wp\/v2\/media\/161999"}],"wp:attachment":[{"href":"https:\/\/www.tabakversand.ch\/fr\/wp-json\/wp\/v2\/media?parent=76823"}],"wp:term":[{"taxonomy":"product_brand","embeddable":true,"href":"https:\/\/www.tabakversand.ch\/fr\/wp-json\/wp\/v2\/product_brand?post=76823"},{"taxonomy":"product_cat","embeddable":true,"href":"https:\/\/www.tabakversand.ch\/fr\/wp-json\/wp\/v2\/product_cat?post=76823"},{"taxonomy":"product_tag","embeddable":true,"href":"https:\/\/www.tabakversand.ch\/fr\/wp-json\/wp\/v2\/product_tag?post=76823"}],"curies":[{"name":"wp","href":"https:\/\/api.w.org\/{rel}","templated":true}]}}