{"id":77304,"date":"2024-10-30T16:35:06","date_gmt":"2024-10-30T15:35:06","guid":{"rendered":"http:\/\/www.tabakversand.ch\/produkt\/insmoke-blueberry-swiss-made-fluid-10-ml\/"},"modified":"2024-10-30T16:47:21","modified_gmt":"2024-10-30T15:47:21","slug":"support-de-pipe-en-bois-de-bruyere-2-pieces","status":"publish","type":"product","link":"https:\/\/www.tabakversand.ch\/fr\/produit\/support-de-pipe-en-bois-de-bruyere-2-pieces\/","title":{"rendered":"Support de pipe en bois de bruy\u00e8re 2 pi\u00e8ces"},"content":{"rendered":"<p><span style=\"font-size: 16px;\">Support de pipe en bois de bruy\u00e8re 2 pi\u00e8ces<\/span><\/p>\n<p>Support de tuyau pour 2 tuyaux (sans tuyaux)<\/p>\n<p>&nbsp;<\/p>\n<p><span style=\"font-size: 16px;\">Tous les prix s&rsquo;appliquent uniquement aux commandes en ligne et incluent la TVA. TVA, sous r\u00e9serve de modifications plus Exp\u00e9dition. Sous r\u00e9serve d&rsquo;erreurs, de modifications de l&rsquo;\u00e9tendue de la livraison et de la conception, d&rsquo;erreurs d&rsquo;impression et de modifications de prix. Les prix barr\u00e9s sont plut\u00f4t des prix. L&rsquo;illustration peut diff\u00e9rer de l&rsquo;original\/de l&rsquo;\u00e9tendue de la livraison.<\/span><\/p>\n<p>*Livraison gratuite pour les commandes sup\u00e9rieures \u00e0 CHF 250.<\/p>\n","protected":false},"excerpt":{"rendered":"<p>Support de pipe en bois de bruy\u00e8re 2 pi\u00e8ces Support de tuyau pour 2 tuyaux (sans tuyaux) &nbsp; Tous les prix s&rsquo;appliquent uniquement aux commandes en ligne et incluent la TVA. TVA, sous r\u00e9serve de modifications plus Exp\u00e9dition. Sous r\u00e9serve d&rsquo;erreurs, de modifications de l&rsquo;\u00e9tendue de la livraison et de la conception, d&rsquo;erreurs d&rsquo;impression et [&hellip;]<\/p>\n","protected":false},"featured_media":162025,"template":"","meta":[],"product_brand":[],"product_cat":[2499,1949,2569],"product_tag":[],"class_list":{"0":"post-77304","1":"product","2":"type-product","3":"status-publish","4":"has-post-thumbnail","6":"product_cat-accessoires-de-tuyauterie","7":"product_cat-pipe-world-fr","8":"product_cat-support-de-tuyau","10":"first","11":"onbackorder","12":"purchasable","13":"product-type-simple"},"yoast_head":"<!-- This site is optimized with the Yoast SEO plugin v27.0 - https:\/\/yoast.com\/product\/yoast-seo-wordpress\/ -->\n<title>Support de pipe en bois de bruy\u00e8re 2 pi\u00e8ces - Tabakversand.ch | Alles aus der Welt des Tabaks<\/title>\n<meta name=\"description\" content=\"Support \u00e0 pipe en bois de bruy\u00e8re 2 pi\u00e8ces | Un tr\u00e8s grand choix de produits du tabac, d&#039;e-smoke et d&#039;ustensiles pour fumer dans toute la Suisse Cartes accept\u00e9es !\" \/>\n<meta name=\"robots\" content=\"index, follow, max-snippet:-1, max-image-preview:large, max-video-preview:-1\" \/>\n<link rel=\"canonical\" href=\"https:\/\/www.tabakversand.ch\/fr\/produit\/support-de-pipe-en-bois-de-bruyere-2-pieces\/\" \/>\n<meta property=\"og:locale\" content=\"fr_FR\" \/>\n<meta property=\"og:type\" content=\"article\" \/>\n<meta property=\"og:title\" content=\"Support de pipe en bois de bruy\u00e8re 2 pi\u00e8ces - Tabakversand.ch | Alles aus der Welt des Tabaks\" \/>\n<meta property=\"og:description\" content=\"Support \u00e0 pipe en bois de bruy\u00e8re 2 pi\u00e8ces | Un tr\u00e8s grand choix de produits du tabac, d&#039;e-smoke et d&#039;ustensiles pour fumer dans toute la Suisse Cartes accept\u00e9es !\" \/>\n<meta property=\"og:url\" content=\"https:\/\/www.tabakversand.ch\/fr\/produit\/support-de-pipe-en-bois-de-bruyere-2-pieces\/\" \/>\n<meta property=\"og:site_name\" content=\"Tabakversand.ch | Alles aus der Welt des Tabaks\" \/>\n<meta property=\"article:modified_time\" content=\"2024-10-30T15:47:21+00:00\" \/>\n<meta property=\"og:image\" content=\"https:\/\/www.tabakversand.ch\/wp-content\/uploads\/2022\/04\/pipe-holder-briar-wood-2.jpg\" \/>\n\t<meta property=\"og:image:width\" content=\"500\" \/>\n\t<meta property=\"og:image:height\" content=\"500\" \/>\n\t<meta property=\"og:image:type\" content=\"image\/jpeg\" \/>\n<meta name=\"twitter:card\" content=\"summary_large_image\" \/>\n<meta name=\"twitter:label1\" content=\"Dur\u00e9e de lecture estim\u00e9e\" \/>\n\t<meta name=\"twitter:data1\" content=\"1 minute\" \/>\n<script type=\"application\/ld+json\" class=\"yoast-schema-graph\">{\"@context\":\"https:\/\/schema.org\",\"@graph\":[{\"@type\":\"WebPage\",\"@id\":\"https:\/\/www.tabakversand.ch\/fr\/produit\/support-de-pipe-en-bois-de-bruyere-2-pieces\/\",\"url\":\"https:\/\/www.tabakversand.ch\/fr\/produit\/support-de-pipe-en-bois-de-bruyere-2-pieces\/\",\"name\":\"Support de pipe en bois de bruy\u00e8re 2 pi\u00e8ces - Tabakversand.ch | Alles aus der Welt des Tabaks\",\"isPartOf\":{\"@id\":\"https:\/\/www.tabakversand.ch\/#website\"},\"primaryImageOfPage\":{\"@id\":\"https:\/\/www.tabakversand.ch\/fr\/produit\/support-de-pipe-en-bois-de-bruyere-2-pieces\/#primaryimage\"},\"image\":{\"@id\":\"https:\/\/www.tabakversand.ch\/fr\/produit\/support-de-pipe-en-bois-de-bruyere-2-pieces\/#primaryimage\"},\"thumbnailUrl\":\"https:\/\/www.tabakversand.ch\/wp-content\/uploads\/2022\/04\/pipe-holder-briar-wood-2.jpg\",\"datePublished\":\"2024-10-30T15:35:06+00:00\",\"dateModified\":\"2024-10-30T15:47:21+00:00\",\"description\":\"Support \u00e0 pipe en bois de bruy\u00e8re 2 pi\u00e8ces | Un tr\u00e8s grand choix de produits du tabac, d'e-smoke et d'ustensiles pour fumer dans toute la Suisse Cartes accept\u00e9es !\",\"breadcrumb\":{\"@id\":\"https:\/\/www.tabakversand.ch\/fr\/produit\/support-de-pipe-en-bois-de-bruyere-2-pieces\/#breadcrumb\"},\"inLanguage\":\"fr-FR\",\"potentialAction\":[{\"@type\":\"ReadAction\",\"target\":[\"https:\/\/www.tabakversand.ch\/fr\/produit\/support-de-pipe-en-bois-de-bruyere-2-pieces\/\"]}]},{\"@type\":\"ImageObject\",\"inLanguage\":\"fr-FR\",\"@id\":\"https:\/\/www.tabakversand.ch\/fr\/produit\/support-de-pipe-en-bois-de-bruyere-2-pieces\/#primaryimage\",\"url\":\"https:\/\/www.tabakversand.ch\/wp-content\/uploads\/2022\/04\/pipe-holder-briar-wood-2.jpg\",\"contentUrl\":\"https:\/\/www.tabakversand.ch\/wp-content\/uploads\/2022\/04\/pipe-holder-briar-wood-2.jpg\",\"width\":500,\"height\":500,\"caption\":\"Pfeifenst\u00e4nder briar wood 2 er\"},{\"@type\":\"BreadcrumbList\",\"@id\":\"https:\/\/www.tabakversand.ch\/fr\/produit\/support-de-pipe-en-bois-de-bruyere-2-pieces\/#breadcrumb\",\"itemListElement\":[{\"@type\":\"ListItem\",\"position\":1,\"name\":\"Startseite\",\"item\":\"https:\/\/www.tabakversand.ch\/\"},{\"@type\":\"ListItem\",\"position\":2,\"name\":\"Boutique\",\"item\":\"https:\/\/www.tabakversand.ch\/fr\/boutique\/\"},{\"@type\":\"ListItem\",\"position\":3,\"name\":\"Support de pipe en bois de bruy\u00e8re 2 pi\u00e8ces\"}]},{\"@type\":\"WebSite\",\"@id\":\"https:\/\/www.tabakversand.ch\/#website\",\"url\":\"https:\/\/www.tabakversand.ch\/\",\"name\":\"Tabakversand.ch | Alles aus der Welt des Tabaks\",\"description\":\"Smoke and carpe diem\",\"potentialAction\":[{\"@type\":\"SearchAction\",\"target\":{\"@type\":\"EntryPoint\",\"urlTemplate\":\"https:\/\/www.tabakversand.ch\/?s={search_term_string}\"},\"query-input\":{\"@type\":\"PropertyValueSpecification\",\"valueRequired\":true,\"valueName\":\"search_term_string\"}}],\"inLanguage\":\"fr-FR\"}]}<\/script>\n<!-- \/ Yoast SEO plugin. -->","yoast_head_json":{"title":"Support de pipe en bois de bruy\u00e8re 2 pi\u00e8ces - Tabakversand.ch | Alles aus der Welt des Tabaks","description":"Support \u00e0 pipe en bois de bruy\u00e8re 2 pi\u00e8ces | Un tr\u00e8s grand choix de produits du tabac, d'e-smoke et d'ustensiles pour fumer dans toute la Suisse Cartes accept\u00e9es !","robots":{"index":"index","follow":"follow","max-snippet":"max-snippet:-1","max-image-preview":"max-image-preview:large","max-video-preview":"max-video-preview:-1"},"canonical":"https:\/\/www.tabakversand.ch\/fr\/produit\/support-de-pipe-en-bois-de-bruyere-2-pieces\/","og_locale":"fr_FR","og_type":"article","og_title":"Support de pipe en bois de bruy\u00e8re 2 pi\u00e8ces - Tabakversand.ch | Alles aus der Welt des Tabaks","og_description":"Support \u00e0 pipe en bois de bruy\u00e8re 2 pi\u00e8ces | Un tr\u00e8s grand choix de produits du tabac, d'e-smoke et d'ustensiles pour fumer dans toute la Suisse Cartes accept\u00e9es !","og_url":"https:\/\/www.tabakversand.ch\/fr\/produit\/support-de-pipe-en-bois-de-bruyere-2-pieces\/","og_site_name":"Tabakversand.ch | Alles aus der Welt des Tabaks","article_modified_time":"2024-10-30T15:47:21+00:00","og_image":[{"width":500,"height":500,"url":"https:\/\/www.tabakversand.ch\/wp-content\/uploads\/2022\/04\/pipe-holder-briar-wood-2.jpg","type":"image\/jpeg"}],"twitter_card":"summary_large_image","twitter_misc":{"Dur\u00e9e de lecture estim\u00e9e":"1 minute"},"schema":{"@context":"https:\/\/schema.org","@graph":[{"@type":"WebPage","@id":"https:\/\/www.tabakversand.ch\/fr\/produit\/support-de-pipe-en-bois-de-bruyere-2-pieces\/","url":"https:\/\/www.tabakversand.ch\/fr\/produit\/support-de-pipe-en-bois-de-bruyere-2-pieces\/","name":"Support de pipe en bois de bruy\u00e8re 2 pi\u00e8ces - Tabakversand.ch | Alles aus der Welt des Tabaks","isPartOf":{"@id":"https:\/\/www.tabakversand.ch\/#website"},"primaryImageOfPage":{"@id":"https:\/\/www.tabakversand.ch\/fr\/produit\/support-de-pipe-en-bois-de-bruyere-2-pieces\/#primaryimage"},"image":{"@id":"https:\/\/www.tabakversand.ch\/fr\/produit\/support-de-pipe-en-bois-de-bruyere-2-pieces\/#primaryimage"},"thumbnailUrl":"https:\/\/www.tabakversand.ch\/wp-content\/uploads\/2022\/04\/pipe-holder-briar-wood-2.jpg","datePublished":"2024-10-30T15:35:06+00:00","dateModified":"2024-10-30T15:47:21+00:00","description":"Support \u00e0 pipe en bois de bruy\u00e8re 2 pi\u00e8ces | Un tr\u00e8s grand choix de produits du tabac, d'e-smoke et d'ustensiles pour fumer dans toute la Suisse Cartes accept\u00e9es !","breadcrumb":{"@id":"https:\/\/www.tabakversand.ch\/fr\/produit\/support-de-pipe-en-bois-de-bruyere-2-pieces\/#breadcrumb"},"inLanguage":"fr-FR","potentialAction":[{"@type":"ReadAction","target":["https:\/\/www.tabakversand.ch\/fr\/produit\/support-de-pipe-en-bois-de-bruyere-2-pieces\/"]}]},{"@type":"ImageObject","inLanguage":"fr-FR","@id":"https:\/\/www.tabakversand.ch\/fr\/produit\/support-de-pipe-en-bois-de-bruyere-2-pieces\/#primaryimage","url":"https:\/\/www.tabakversand.ch\/wp-content\/uploads\/2022\/04\/pipe-holder-briar-wood-2.jpg","contentUrl":"https:\/\/www.tabakversand.ch\/wp-content\/uploads\/2022\/04\/pipe-holder-briar-wood-2.jpg","width":500,"height":500,"caption":"Pfeifenst\u00e4nder briar wood 2 er"},{"@type":"BreadcrumbList","@id":"https:\/\/www.tabakversand.ch\/fr\/produit\/support-de-pipe-en-bois-de-bruyere-2-pieces\/#breadcrumb","itemListElement":[{"@type":"ListItem","position":1,"name":"Startseite","item":"https:\/\/www.tabakversand.ch\/"},{"@type":"ListItem","position":2,"name":"Boutique","item":"https:\/\/www.tabakversand.ch\/fr\/boutique\/"},{"@type":"ListItem","position":3,"name":"Support de pipe en bois de bruy\u00e8re 2 pi\u00e8ces"}]},{"@type":"WebSite","@id":"https:\/\/www.tabakversand.ch\/#website","url":"https:\/\/www.tabakversand.ch\/","name":"Tabakversand.ch | Alles aus der Welt des Tabaks","description":"Smoke and carpe diem","potentialAction":[{"@type":"SearchAction","target":{"@type":"EntryPoint","urlTemplate":"https:\/\/www.tabakversand.ch\/?s={search_term_string}"},"query-input":{"@type":"PropertyValueSpecification","valueRequired":true,"valueName":"search_term_string"}}],"inLanguage":"fr-FR"}]}},"_links":{"self":[{"href":"https:\/\/www.tabakversand.ch\/fr\/wp-json\/wp\/v2\/product\/77304","targetHints":{"allow":["GET"]}}],"collection":[{"href":"https:\/\/www.tabakversand.ch\/fr\/wp-json\/wp\/v2\/product"}],"about":[{"href":"https:\/\/www.tabakversand.ch\/fr\/wp-json\/wp\/v2\/types\/product"}],"version-history":[{"count":2,"href":"https:\/\/www.tabakversand.ch\/fr\/wp-json\/wp\/v2\/product\/77304\/revisions"}],"predecessor-version":[{"id":162032,"href":"https:\/\/www.tabakversand.ch\/fr\/wp-json\/wp\/v2\/product\/77304\/revisions\/162032"}],"wp:featuredmedia":[{"embeddable":true,"href":"https:\/\/www.tabakversand.ch\/fr\/wp-json\/wp\/v2\/media\/162025"}],"wp:attachment":[{"href":"https:\/\/www.tabakversand.ch\/fr\/wp-json\/wp\/v2\/media?parent=77304"}],"wp:term":[{"taxonomy":"product_brand","embeddable":true,"href":"https:\/\/www.tabakversand.ch\/fr\/wp-json\/wp\/v2\/product_brand?post=77304"},{"taxonomy":"product_cat","embeddable":true,"href":"https:\/\/www.tabakversand.ch\/fr\/wp-json\/wp\/v2\/product_cat?post=77304"},{"taxonomy":"product_tag","embeddable":true,"href":"https:\/\/www.tabakversand.ch\/fr\/wp-json\/wp\/v2\/product_tag?post=77304"}],"curies":[{"name":"wp","href":"https:\/\/api.w.org\/{rel}","templated":true}]}}