{"id":77681,"date":"2022-04-02T11:30:23","date_gmt":"2022-04-02T09:30:23","guid":{"rendered":"http:\/\/www.tabakversand.ch\/produkt\/melange-monastere-tabac-a-priser-tabac-a-priser\/"},"modified":"2026-02-22T17:10:47","modified_gmt":"2026-02-22T16:10:47","slug":"klostermischung","status":"publish","type":"product","link":"https:\/\/www.tabakversand.ch\/fr\/produit\/klostermischung\/","title":{"rendered":"Klostermischung"},"content":{"rendered":"<h1>Klostermischung<\/h1>\n<p>Une exp\u00e9rience traditionnelle et compl\u00e8te<\/p>\n<p>Le m\u00e9lange Monast\u00e8re est un tabac \u00e0 priser traditionnel qui s\u00e9duit par son association unique de rhum, de tabac br\u00e9silien, de caf\u00e9 et de chocolat noir. Ce m\u00e9lange offre une exp\u00e9rience de prise en bouche harmonieuse et riche, \u00e9quilibr\u00e9e par une forte teneur en nicotine, mais bien tol\u00e9r\u00e9e. Sans menthol, ce tabac propose une palette aromatique \u00e0 la fois douce et intense qui ravira les fumeurs de tabac exp\u00e9riment\u00e9s comme les novices.<\/p>\n<p>Chez tabakversand.ch, vous recevez votre tabac \u00e0 priser Klostermischung fra\u00eechement conserv\u00e9 dans son emballage d&rsquo;origine. Un stockage soign\u00e9 garantit une pr\u00e9servation optimale de son ar\u00f4me, de son humidit\u00e9 et de sa qualit\u00e9 jusqu&rsquo;\u00e0 l&rsquo;exp\u00e9dition. Gr\u00e2ce \u00e0 une livraison rapide en Suisse, votre tabac \u00e0 priser arrive g\u00e9n\u00e9ralement tr\u00e8s vite.<\/p>\n<ul>\n<li>1 bo\u00eete: capacit\u00e9 10 gr.<\/li>\n<\/ul>\n<p>Pour en savoir plus sur le fabricant, les fr\u00e8res Bernard, veuillez consulter leur page Wikip\u00e9dia\u00a0: <a href=\"https:\/\/de.wikipedia.org\/wiki\/Gebr%C3%BCder_Bernard\">cliquez ici<\/a> . Si vous avez des questions concernant le produit, n\u2019h\u00e9sitez pas \u00e0 nous contacter\u00a0: <a href=\"https:\/\/www.tabakversand.ch\/kontakt\/\">cliquez ici<\/a> .<\/p>\n<p>Tous les prix s&rsquo;appliquent uniquement aux commandes en ligne et incluent la TVA. Sous r\u00e9serve de modifications sans pr\u00e9avis, frais de livraison en sus. Sous r\u00e9serve d&rsquo;erreurs, de modifications de contenu de livraison et de conception, de fautes d&rsquo;impression et de modifications de prix. Les prix barr\u00e9s sont des prix de remplacement. Les illustrations peuvent diff\u00e9rer de l&rsquo;original\/du contenu de livraison.<br \/>\n*Livraison gratuite pour les commandes sup\u00e9rieures \u00e0 CHF 250.-.<\/p>\n","protected":false},"excerpt":{"rendered":"<p>Klostermischung Une exp\u00e9rience traditionnelle et compl\u00e8te Le m\u00e9lange Monast\u00e8re est un tabac \u00e0 priser traditionnel qui s\u00e9duit par son association unique de rhum, de tabac br\u00e9silien, de caf\u00e9 et de chocolat noir. Ce m\u00e9lange offre une exp\u00e9rience de prise en bouche harmonieuse et riche, \u00e9quilibr\u00e9e par une forte teneur en nicotine, mais bien tol\u00e9r\u00e9e. Sans [&hellip;]<\/p>\n","protected":false},"featured_media":77682,"template":"","meta":[],"product_brand":[1527],"product_cat":[1888,1951,1950],"product_tag":[],"class_list":{"0":"post-77681","1":"product","2":"type-product","3":"status-publish","4":"has-post-thumbnail","6":"product_brand-bernards-schnupftabak","7":"product_cat-tabac","8":"product_cat-tabac-a-priser-et-accessoires","9":"product_cat-tabac-a-priser-schnupftabak","11":"first","12":"instock","13":"purchasable","14":"product-type-simple"},"yoast_head":"<!-- This site is optimized with the Yoast SEO plugin v27.5 - https:\/\/yoast.com\/product\/yoast-seo-wordpress\/ -->\n<title>Klostermischung - Tabakversand.ch | Alles aus der Welt des Tabaks<\/title>\n<meta name=\"description\" content=\"Klostermischung\u2013 tabac \u00e0 priser traditionnel et aromatique, compos\u00e9 d&#039;un m\u00e9lange \u00e9quilibr\u00e9 de tabacs. Finement moulu, au go\u00fbt doux.\" \/>\n<meta name=\"robots\" content=\"index, follow, max-snippet:-1, max-image-preview:large, max-video-preview:-1\" \/>\n<link rel=\"canonical\" href=\"https:\/\/www.tabakversand.ch\/produit\/klostermischung\/\" \/>\n<meta property=\"og:locale\" content=\"fr_FR\" \/>\n<meta property=\"og:type\" content=\"article\" \/>\n<meta property=\"og:title\" content=\"Klostermischung - Tabakversand.ch | Alles aus der Welt des Tabaks\" \/>\n<meta property=\"og:description\" content=\"Klostermischung\u2013 tabac \u00e0 priser traditionnel et aromatique, compos\u00e9 d&#039;un m\u00e9lange \u00e9quilibr\u00e9 de tabacs. Finement moulu, au go\u00fbt doux.\" \/>\n<meta property=\"og:url\" content=\"https:\/\/www.tabakversand.ch\/produit\/klostermischung\/\" \/>\n<meta property=\"og:site_name\" content=\"Tabakversand.ch | Alles aus der Welt des Tabaks\" \/>\n<meta property=\"article:modified_time\" content=\"2026-02-22T16:10:47+00:00\" \/>\n<meta property=\"og:image\" content=\"https:\/\/www.tabakversand.ch\/wp-content\/uploads\/2022\/03\/klostermischung-snuff.jpg\" \/>\n\t<meta property=\"og:image:width\" content=\"500\" \/>\n\t<meta property=\"og:image:height\" content=\"500\" \/>\n\t<meta property=\"og:image:type\" content=\"image\/jpeg\" \/>\n<meta name=\"twitter:card\" content=\"summary_large_image\" \/>\n<meta name=\"twitter:label1\" content=\"Dur\u00e9e de lecture estim\u00e9e\" \/>\n\t<meta name=\"twitter:data1\" content=\"2 minutes\" \/>\n<script type=\"application\/ld+json\" class=\"yoast-schema-graph\">{\"@context\":\"https:\\\/\\\/schema.org\",\"@graph\":[{\"@type\":\"WebPage\",\"@id\":\"https:\\\/\\\/www.tabakversand.ch\\\/produit\\\/klostermischung\\\/\",\"url\":\"https:\\\/\\\/www.tabakversand.ch\\\/produit\\\/klostermischung\\\/\",\"name\":\"Klostermischung - Tabakversand.ch | Alles aus der Welt des Tabaks\",\"isPartOf\":{\"@id\":\"https:\\\/\\\/www.tabakversand.ch\\\/#website\"},\"primaryImageOfPage\":{\"@id\":\"https:\\\/\\\/www.tabakversand.ch\\\/produit\\\/klostermischung\\\/#primaryimage\"},\"image\":{\"@id\":\"https:\\\/\\\/www.tabakversand.ch\\\/produit\\\/klostermischung\\\/#primaryimage\"},\"thumbnailUrl\":\"https:\\\/\\\/www.tabakversand.ch\\\/wp-content\\\/uploads\\\/2022\\\/03\\\/klostermischung-snuff.jpg\",\"datePublished\":\"2022-04-02T09:30:23+00:00\",\"dateModified\":\"2026-02-22T16:10:47+00:00\",\"description\":\"Klostermischung\u2013 tabac \u00e0 priser traditionnel et aromatique, compos\u00e9 d'un m\u00e9lange \u00e9quilibr\u00e9 de tabacs. Finement moulu, au go\u00fbt doux.\",\"breadcrumb\":{\"@id\":\"https:\\\/\\\/www.tabakversand.ch\\\/produit\\\/klostermischung\\\/#breadcrumb\"},\"inLanguage\":\"fr-FR\",\"potentialAction\":[{\"@type\":\"ReadAction\",\"target\":[\"https:\\\/\\\/www.tabakversand.ch\\\/produit\\\/klostermischung\\\/\"]}]},{\"@type\":\"ImageObject\",\"inLanguage\":\"fr-FR\",\"@id\":\"https:\\\/\\\/www.tabakversand.ch\\\/produit\\\/klostermischung\\\/#primaryimage\",\"url\":\"https:\\\/\\\/www.tabakversand.ch\\\/wp-content\\\/uploads\\\/2022\\\/03\\\/klostermischung-snuff.jpg\",\"contentUrl\":\"https:\\\/\\\/www.tabakversand.ch\\\/wp-content\\\/uploads\\\/2022\\\/03\\\/klostermischung-snuff.jpg\",\"width\":500,\"height\":500,\"caption\":\"M\u00e9lange monast\u00e8re tabac \u00e0 priser tabac \u00e0 priser\"},{\"@type\":\"BreadcrumbList\",\"@id\":\"https:\\\/\\\/www.tabakversand.ch\\\/produit\\\/klostermischung\\\/#breadcrumb\",\"itemListElement\":[{\"@type\":\"ListItem\",\"position\":1,\"name\":\"Startseite\",\"item\":\"https:\\\/\\\/www.tabakversand.ch\\\/\"},{\"@type\":\"ListItem\",\"position\":2,\"name\":\"Boutique\",\"item\":\"https:\\\/\\\/www.tabakversand.ch\\\/fr\\\/boutique\\\/\"},{\"@type\":\"ListItem\",\"position\":3,\"name\":\"Klostermischung\"}]},{\"@type\":\"WebSite\",\"@id\":\"https:\\\/\\\/www.tabakversand.ch\\\/#website\",\"url\":\"https:\\\/\\\/www.tabakversand.ch\\\/\",\"name\":\"Tabakversand.ch | Alles aus der Welt des Tabaks\",\"description\":\"Smoke and carpe diem\",\"potentialAction\":[{\"@type\":\"SearchAction\",\"target\":{\"@type\":\"EntryPoint\",\"urlTemplate\":\"https:\\\/\\\/www.tabakversand.ch\\\/?s={search_term_string}\"},\"query-input\":{\"@type\":\"PropertyValueSpecification\",\"valueRequired\":true,\"valueName\":\"search_term_string\"}}],\"inLanguage\":\"fr-FR\"}]}<\/script>\n<!-- \/ Yoast SEO plugin. -->","yoast_head_json":{"title":"Klostermischung - Tabakversand.ch | Alles aus der Welt des Tabaks","description":"Klostermischung\u2013 tabac \u00e0 priser traditionnel et aromatique, compos\u00e9 d'un m\u00e9lange \u00e9quilibr\u00e9 de tabacs. Finement moulu, au go\u00fbt doux.","robots":{"index":"index","follow":"follow","max-snippet":"max-snippet:-1","max-image-preview":"max-image-preview:large","max-video-preview":"max-video-preview:-1"},"canonical":"https:\/\/www.tabakversand.ch\/produit\/klostermischung\/","og_locale":"fr_FR","og_type":"article","og_title":"Klostermischung - Tabakversand.ch | Alles aus der Welt des Tabaks","og_description":"Klostermischung\u2013 tabac \u00e0 priser traditionnel et aromatique, compos\u00e9 d'un m\u00e9lange \u00e9quilibr\u00e9 de tabacs. Finement moulu, au go\u00fbt doux.","og_url":"https:\/\/www.tabakversand.ch\/produit\/klostermischung\/","og_site_name":"Tabakversand.ch | Alles aus der Welt des Tabaks","article_modified_time":"2026-02-22T16:10:47+00:00","og_image":[{"width":500,"height":500,"url":"https:\/\/www.tabakversand.ch\/wp-content\/uploads\/2022\/03\/klostermischung-snuff.jpg","type":"image\/jpeg"}],"twitter_card":"summary_large_image","twitter_misc":{"Dur\u00e9e de lecture estim\u00e9e":"2 minutes"},"schema":{"@context":"https:\/\/schema.org","@graph":[{"@type":"WebPage","@id":"https:\/\/www.tabakversand.ch\/produit\/klostermischung\/","url":"https:\/\/www.tabakversand.ch\/produit\/klostermischung\/","name":"Klostermischung - Tabakversand.ch | Alles aus der Welt des Tabaks","isPartOf":{"@id":"https:\/\/www.tabakversand.ch\/#website"},"primaryImageOfPage":{"@id":"https:\/\/www.tabakversand.ch\/produit\/klostermischung\/#primaryimage"},"image":{"@id":"https:\/\/www.tabakversand.ch\/produit\/klostermischung\/#primaryimage"},"thumbnailUrl":"https:\/\/www.tabakversand.ch\/wp-content\/uploads\/2022\/03\/klostermischung-snuff.jpg","datePublished":"2022-04-02T09:30:23+00:00","dateModified":"2026-02-22T16:10:47+00:00","description":"Klostermischung\u2013 tabac \u00e0 priser traditionnel et aromatique, compos\u00e9 d'un m\u00e9lange \u00e9quilibr\u00e9 de tabacs. Finement moulu, au go\u00fbt doux.","breadcrumb":{"@id":"https:\/\/www.tabakversand.ch\/produit\/klostermischung\/#breadcrumb"},"inLanguage":"fr-FR","potentialAction":[{"@type":"ReadAction","target":["https:\/\/www.tabakversand.ch\/produit\/klostermischung\/"]}]},{"@type":"ImageObject","inLanguage":"fr-FR","@id":"https:\/\/www.tabakversand.ch\/produit\/klostermischung\/#primaryimage","url":"https:\/\/www.tabakversand.ch\/wp-content\/uploads\/2022\/03\/klostermischung-snuff.jpg","contentUrl":"https:\/\/www.tabakversand.ch\/wp-content\/uploads\/2022\/03\/klostermischung-snuff.jpg","width":500,"height":500,"caption":"M\u00e9lange monast\u00e8re tabac \u00e0 priser tabac \u00e0 priser"},{"@type":"BreadcrumbList","@id":"https:\/\/www.tabakversand.ch\/produit\/klostermischung\/#breadcrumb","itemListElement":[{"@type":"ListItem","position":1,"name":"Startseite","item":"https:\/\/www.tabakversand.ch\/"},{"@type":"ListItem","position":2,"name":"Boutique","item":"https:\/\/www.tabakversand.ch\/fr\/boutique\/"},{"@type":"ListItem","position":3,"name":"Klostermischung"}]},{"@type":"WebSite","@id":"https:\/\/www.tabakversand.ch\/#website","url":"https:\/\/www.tabakversand.ch\/","name":"Tabakversand.ch | Alles aus der Welt des Tabaks","description":"Smoke and carpe diem","potentialAction":[{"@type":"SearchAction","target":{"@type":"EntryPoint","urlTemplate":"https:\/\/www.tabakversand.ch\/?s={search_term_string}"},"query-input":{"@type":"PropertyValueSpecification","valueRequired":true,"valueName":"search_term_string"}}],"inLanguage":"fr-FR"}]}},"_links":{"self":[{"href":"https:\/\/www.tabakversand.ch\/fr\/wp-json\/wp\/v2\/product\/77681","targetHints":{"allow":["GET"]}}],"collection":[{"href":"https:\/\/www.tabakversand.ch\/fr\/wp-json\/wp\/v2\/product"}],"about":[{"href":"https:\/\/www.tabakversand.ch\/fr\/wp-json\/wp\/v2\/types\/product"}],"version-history":[{"count":5,"href":"https:\/\/www.tabakversand.ch\/fr\/wp-json\/wp\/v2\/product\/77681\/revisions"}],"predecessor-version":[{"id":213320,"href":"https:\/\/www.tabakversand.ch\/fr\/wp-json\/wp\/v2\/product\/77681\/revisions\/213320"}],"wp:featuredmedia":[{"embeddable":true,"href":"https:\/\/www.tabakversand.ch\/fr\/wp-json\/wp\/v2\/media\/77682"}],"wp:attachment":[{"href":"https:\/\/www.tabakversand.ch\/fr\/wp-json\/wp\/v2\/media?parent=77681"}],"wp:term":[{"taxonomy":"product_brand","embeddable":true,"href":"https:\/\/www.tabakversand.ch\/fr\/wp-json\/wp\/v2\/product_brand?post=77681"},{"taxonomy":"product_cat","embeddable":true,"href":"https:\/\/www.tabakversand.ch\/fr\/wp-json\/wp\/v2\/product_cat?post=77681"},{"taxonomy":"product_tag","embeddable":true,"href":"https:\/\/www.tabakversand.ch\/fr\/wp-json\/wp\/v2\/product_tag?post=77681"}],"curies":[{"name":"wp","href":"https:\/\/api.w.org\/{rel}","templated":true}]}}