{"id":77702,"date":"2022-04-02T11:30:03","date_gmt":"2022-04-02T09:30:03","guid":{"rendered":"http:\/\/www.tabakversand.ch\/produkt\/bentley-nicaragua-robusto-cigares\/"},"modified":"2026-02-10T12:28:15","modified_gmt":"2026-02-10T11:28:15","slug":"cigares-bentley-nicaragua-robusto","status":"publish","type":"product","link":"https:\/\/www.tabakversand.ch\/fr\/produit\/cigares-bentley-nicaragua-robusto\/","title":{"rendered":"Bentley Nicaragua Robusto Cigares"},"content":{"rendered":"<h1>Bentley Nicaragua Robusto&nbsp;<\/h1>\n<h2>\u00c9tui \u00e0 5 cigares<\/h2>\n<p>  Une cape de la meilleure qualit\u00e9 de Connecticut-\u00c9quateur Rosado et une sous-cape (Piloto) du Nicaragua renferment un m\u00e9lange soigneusement pr\u00e9par\u00e9 de plusieurs tabacs du Panama et du Costa Rica. Ces tabacs bruts \u00e0 la saveur intense sont roul\u00e9s en cigares Bentley exquis par les meilleurs torcedores. Piece by piece, totalmente a mano in Nicaragua. Les trois nouveaux formats ont \u00e9t\u00e9 roul\u00e9s avec un Rosado d&rsquo;\u00c9quateur. Les experts du tabac&nbsp; Je sais \u00e0 quel point cette feuille de tabac sp\u00e9ciale est difficile \u00e0 cultiver en dehors de Cuba.&nbsp; Le liant est aromatique&nbsp; Volado de la vall\u00e9e de Jalapa au Nicaragua, o\u00f9 le vin a vieilli pendant au moins trois ans&nbsp; Les tabacs de remplissage pour les trois nouveaux cigares proviennent.<\/p>\n<p> Format : Robusto<br \/> Longueur : 12,7 cm<br \/> Diam\u00e8tre : 2 cm<\/p>\n<p> Couverture : \u00c9quateur Rosado<br \/> Classeur : Nicaragua<br \/> Ins\u00e9rer&nbsp;: Nicaragua<br \/>  &nbsp; &nbsp; &nbsp; &nbsp; &nbsp; &nbsp;&nbsp;<br \/>  Force : Moyenne<br \/> Ar\u00f4me\/Go\u00fbt&nbsp;: Une exp\u00e9rience de fumage \u00e9l\u00e9gante et harmonieuse, l\u00e9g\u00e8rement sucr\u00e9e et moyennement cors\u00e9e. Parfum d\u2019ambiance tr\u00e8s agr\u00e9able.<br \/> Caract\u00e9ristique sp\u00e9ciale&nbsp;: Tabacs vieillis de 3 \u00e0 5&nbsp;ans, cape Rosado d\u2019\u00c9quateur<br \/> Origine : Nicaragua<br \/> Tous les prix indiqu\u00e9s sont valables uniquement pour les commandes en ligne et incluent la TVA.  TVA, sous r\u00e9serve de modifications plus Exp\u00e9dition. Sous r\u00e9serve d&rsquo;erreurs, de modifications de l&rsquo;\u00e9tendue de la livraison et de la conception, d&rsquo;erreurs d&rsquo;impression et de modifications de prix. Les prix barr\u00e9s sont plut\u00f4t des prix. L&rsquo;illustration peut diff\u00e9rer de l&rsquo;original\/de l&rsquo;\u00e9tendue de la livraison.<br \/>\n*Livraison gratuite pour les commandes sup\u00e9rieures \u00e0 CHF 250.-.<\/p>\n","protected":false},"excerpt":{"rendered":"<p>Bentley Nicaragua Robusto&nbsp; \u00c9tui \u00e0 5 cigares Une cape de la meilleure qualit\u00e9 de Connecticut-\u00c9quateur Rosado et une sous-cape (Piloto) du Nicaragua renferment un m\u00e9lange soigneusement pr\u00e9par\u00e9 de plusieurs tabacs du Panama et du Costa Rica. Ces tabacs bruts \u00e0 la saveur intense sont roul\u00e9s en cigares Bentley exquis par les meilleurs torcedores. Piece by [&hellip;]<\/p>\n","protected":false},"featured_media":77703,"template":"","meta":[],"product_brand":[1523],"product_cat":[2807,1993,1994,2131],"product_tag":[],"class_list":{"0":"post-77702","1":"product","2":"type-product","3":"status-publish","4":"has-post-thumbnail","6":"product_brand-bentley","7":"product_cat-bentley-nicaragua-fr","8":"product_cat-cigares","9":"product_cat-monde-du-cigare","10":"product_cat-nicaragua-fr","12":"first","13":"instock","14":"purchasable","15":"product-type-simple"},"yoast_head":"<!-- This site is optimized with the Yoast SEO plugin v27.5 - https:\/\/yoast.com\/product\/yoast-seo-wordpress\/ -->\n<title>Bentley Nicaragua Robusto Cigares - Tabakversand.ch | Alles aus der Welt des Tabaks<\/title>\n<meta name=\"description\" content=\"Bentley Nicaragua Robusto Cigares | La plus grande s\u00e9lection de produits du tabac de Suisse | Toutes les cartes sont accept\u00e9es!\" \/>\n<meta name=\"robots\" content=\"index, follow, max-snippet:-1, max-image-preview:large, max-video-preview:-1\" \/>\n<link rel=\"canonical\" href=\"https:\/\/www.tabakversand.ch\/produit\/bentley-nicaragua-robusto-zigarren\/\" \/>\n<meta property=\"og:locale\" content=\"fr_FR\" \/>\n<meta property=\"og:type\" content=\"article\" \/>\n<meta property=\"og:title\" content=\"Bentley Nicaragua Robusto Cigares - Tabakversand.ch | Alles aus der Welt des Tabaks\" \/>\n<meta property=\"og:description\" content=\"Bentley Nicaragua Robusto Cigares | La plus grande s\u00e9lection de produits du tabac de Suisse | Toutes les cartes sont accept\u00e9es!\" \/>\n<meta property=\"og:url\" content=\"https:\/\/www.tabakversand.ch\/produit\/bentley-nicaragua-robusto-zigarren\/\" \/>\n<meta property=\"og:site_name\" content=\"Tabakversand.ch | Alles aus der Welt des Tabaks\" \/>\n<meta property=\"article:modified_time\" content=\"2026-02-10T11:28:15+00:00\" \/>\n<meta property=\"og:image\" content=\"https:\/\/www.tabakversand.ch\/wp-content\/uploads\/2022\/03\/bentley-robusto-5er-etui.jpg\" \/>\n\t<meta property=\"og:image:width\" content=\"500\" \/>\n\t<meta property=\"og:image:height\" content=\"400\" \/>\n\t<meta property=\"og:image:type\" content=\"image\/jpeg\" \/>\n<meta name=\"twitter:card\" content=\"summary_large_image\" \/>\n<meta name=\"twitter:label1\" content=\"Dur\u00e9e de lecture estim\u00e9e\" \/>\n\t<meta name=\"twitter:data1\" content=\"1 minute\" \/>\n<script type=\"application\/ld+json\" class=\"yoast-schema-graph\">{\"@context\":\"https:\\\/\\\/schema.org\",\"@graph\":[{\"@type\":\"WebPage\",\"@id\":\"https:\\\/\\\/www.tabakversand.ch\\\/produit\\\/bentley-nicaragua-robusto-zigarren\\\/\",\"url\":\"https:\\\/\\\/www.tabakversand.ch\\\/produit\\\/bentley-nicaragua-robusto-zigarren\\\/\",\"name\":\"Bentley Nicaragua Robusto Cigares - Tabakversand.ch | Alles aus der Welt des Tabaks\",\"isPartOf\":{\"@id\":\"https:\\\/\\\/www.tabakversand.ch\\\/#website\"},\"primaryImageOfPage\":{\"@id\":\"https:\\\/\\\/www.tabakversand.ch\\\/produit\\\/bentley-nicaragua-robusto-zigarren\\\/#primaryimage\"},\"image\":{\"@id\":\"https:\\\/\\\/www.tabakversand.ch\\\/produit\\\/bentley-nicaragua-robusto-zigarren\\\/#primaryimage\"},\"thumbnailUrl\":\"https:\\\/\\\/www.tabakversand.ch\\\/wp-content\\\/uploads\\\/2022\\\/03\\\/bentley-robusto-5er-etui.jpg\",\"datePublished\":\"2022-04-02T09:30:03+00:00\",\"dateModified\":\"2026-02-10T11:28:15+00:00\",\"description\":\"Bentley Nicaragua Robusto Cigares | La plus grande s\u00e9lection de produits du tabac de Suisse | Toutes les cartes sont accept\u00e9es!\",\"breadcrumb\":{\"@id\":\"https:\\\/\\\/www.tabakversand.ch\\\/produit\\\/bentley-nicaragua-robusto-zigarren\\\/#breadcrumb\"},\"inLanguage\":\"fr-FR\",\"potentialAction\":[{\"@type\":\"ReadAction\",\"target\":[\"https:\\\/\\\/www.tabakversand.ch\\\/produit\\\/bentley-nicaragua-robusto-zigarren\\\/\"]}]},{\"@type\":\"ImageObject\",\"inLanguage\":\"fr-FR\",\"@id\":\"https:\\\/\\\/www.tabakversand.ch\\\/produit\\\/bentley-nicaragua-robusto-zigarren\\\/#primaryimage\",\"url\":\"https:\\\/\\\/www.tabakversand.ch\\\/wp-content\\\/uploads\\\/2022\\\/03\\\/bentley-robusto-5er-etui.jpg\",\"contentUrl\":\"https:\\\/\\\/www.tabakversand.ch\\\/wp-content\\\/uploads\\\/2022\\\/03\\\/bentley-robusto-5er-etui.jpg\",\"width\":500,\"height\":400,\"caption\":\"Bentley Nicaragua Robusto Cigares\"},{\"@type\":\"BreadcrumbList\",\"@id\":\"https:\\\/\\\/www.tabakversand.ch\\\/produit\\\/bentley-nicaragua-robusto-zigarren\\\/#breadcrumb\",\"itemListElement\":[{\"@type\":\"ListItem\",\"position\":1,\"name\":\"Startseite\",\"item\":\"https:\\\/\\\/www.tabakversand.ch\\\/\"},{\"@type\":\"ListItem\",\"position\":2,\"name\":\"Boutique\",\"item\":\"https:\\\/\\\/www.tabakversand.ch\\\/fr\\\/boutique\\\/\"},{\"@type\":\"ListItem\",\"position\":3,\"name\":\"Bentley Nicaragua Robusto Cigares\"}]},{\"@type\":\"WebSite\",\"@id\":\"https:\\\/\\\/www.tabakversand.ch\\\/#website\",\"url\":\"https:\\\/\\\/www.tabakversand.ch\\\/\",\"name\":\"Tabakversand.ch | Alles aus der Welt des Tabaks\",\"description\":\"Smoke and carpe diem\",\"potentialAction\":[{\"@type\":\"SearchAction\",\"target\":{\"@type\":\"EntryPoint\",\"urlTemplate\":\"https:\\\/\\\/www.tabakversand.ch\\\/?s={search_term_string}\"},\"query-input\":{\"@type\":\"PropertyValueSpecification\",\"valueRequired\":true,\"valueName\":\"search_term_string\"}}],\"inLanguage\":\"fr-FR\"}]}<\/script>\n<!-- \/ Yoast SEO plugin. -->","yoast_head_json":{"title":"Bentley Nicaragua Robusto Cigares - Tabakversand.ch | Alles aus der Welt des Tabaks","description":"Bentley Nicaragua Robusto Cigares | La plus grande s\u00e9lection de produits du tabac de Suisse | Toutes les cartes sont accept\u00e9es!","robots":{"index":"index","follow":"follow","max-snippet":"max-snippet:-1","max-image-preview":"max-image-preview:large","max-video-preview":"max-video-preview:-1"},"canonical":"https:\/\/www.tabakversand.ch\/produit\/bentley-nicaragua-robusto-zigarren\/","og_locale":"fr_FR","og_type":"article","og_title":"Bentley Nicaragua Robusto Cigares - Tabakversand.ch | Alles aus der Welt des Tabaks","og_description":"Bentley Nicaragua Robusto Cigares | La plus grande s\u00e9lection de produits du tabac de Suisse | Toutes les cartes sont accept\u00e9es!","og_url":"https:\/\/www.tabakversand.ch\/produit\/bentley-nicaragua-robusto-zigarren\/","og_site_name":"Tabakversand.ch | Alles aus der Welt des Tabaks","article_modified_time":"2026-02-10T11:28:15+00:00","og_image":[{"width":500,"height":400,"url":"https:\/\/www.tabakversand.ch\/wp-content\/uploads\/2022\/03\/bentley-robusto-5er-etui.jpg","type":"image\/jpeg"}],"twitter_card":"summary_large_image","twitter_misc":{"Dur\u00e9e de lecture estim\u00e9e":"1 minute"},"schema":{"@context":"https:\/\/schema.org","@graph":[{"@type":"WebPage","@id":"https:\/\/www.tabakversand.ch\/produit\/bentley-nicaragua-robusto-zigarren\/","url":"https:\/\/www.tabakversand.ch\/produit\/bentley-nicaragua-robusto-zigarren\/","name":"Bentley Nicaragua Robusto Cigares - Tabakversand.ch | Alles aus der Welt des Tabaks","isPartOf":{"@id":"https:\/\/www.tabakversand.ch\/#website"},"primaryImageOfPage":{"@id":"https:\/\/www.tabakversand.ch\/produit\/bentley-nicaragua-robusto-zigarren\/#primaryimage"},"image":{"@id":"https:\/\/www.tabakversand.ch\/produit\/bentley-nicaragua-robusto-zigarren\/#primaryimage"},"thumbnailUrl":"https:\/\/www.tabakversand.ch\/wp-content\/uploads\/2022\/03\/bentley-robusto-5er-etui.jpg","datePublished":"2022-04-02T09:30:03+00:00","dateModified":"2026-02-10T11:28:15+00:00","description":"Bentley Nicaragua Robusto Cigares | La plus grande s\u00e9lection de produits du tabac de Suisse | Toutes les cartes sont accept\u00e9es!","breadcrumb":{"@id":"https:\/\/www.tabakversand.ch\/produit\/bentley-nicaragua-robusto-zigarren\/#breadcrumb"},"inLanguage":"fr-FR","potentialAction":[{"@type":"ReadAction","target":["https:\/\/www.tabakversand.ch\/produit\/bentley-nicaragua-robusto-zigarren\/"]}]},{"@type":"ImageObject","inLanguage":"fr-FR","@id":"https:\/\/www.tabakversand.ch\/produit\/bentley-nicaragua-robusto-zigarren\/#primaryimage","url":"https:\/\/www.tabakversand.ch\/wp-content\/uploads\/2022\/03\/bentley-robusto-5er-etui.jpg","contentUrl":"https:\/\/www.tabakversand.ch\/wp-content\/uploads\/2022\/03\/bentley-robusto-5er-etui.jpg","width":500,"height":400,"caption":"Bentley Nicaragua Robusto Cigares"},{"@type":"BreadcrumbList","@id":"https:\/\/www.tabakversand.ch\/produit\/bentley-nicaragua-robusto-zigarren\/#breadcrumb","itemListElement":[{"@type":"ListItem","position":1,"name":"Startseite","item":"https:\/\/www.tabakversand.ch\/"},{"@type":"ListItem","position":2,"name":"Boutique","item":"https:\/\/www.tabakversand.ch\/fr\/boutique\/"},{"@type":"ListItem","position":3,"name":"Bentley Nicaragua Robusto Cigares"}]},{"@type":"WebSite","@id":"https:\/\/www.tabakversand.ch\/#website","url":"https:\/\/www.tabakversand.ch\/","name":"Tabakversand.ch | Alles aus der Welt des Tabaks","description":"Smoke and carpe diem","potentialAction":[{"@type":"SearchAction","target":{"@type":"EntryPoint","urlTemplate":"https:\/\/www.tabakversand.ch\/?s={search_term_string}"},"query-input":{"@type":"PropertyValueSpecification","valueRequired":true,"valueName":"search_term_string"}}],"inLanguage":"fr-FR"}]}},"_links":{"self":[{"href":"https:\/\/www.tabakversand.ch\/fr\/wp-json\/wp\/v2\/product\/77702","targetHints":{"allow":["GET"]}}],"collection":[{"href":"https:\/\/www.tabakversand.ch\/fr\/wp-json\/wp\/v2\/product"}],"about":[{"href":"https:\/\/www.tabakversand.ch\/fr\/wp-json\/wp\/v2\/types\/product"}],"version-history":[{"count":3,"href":"https:\/\/www.tabakversand.ch\/fr\/wp-json\/wp\/v2\/product\/77702\/revisions"}],"predecessor-version":[{"id":212416,"href":"https:\/\/www.tabakversand.ch\/fr\/wp-json\/wp\/v2\/product\/77702\/revisions\/212416"}],"wp:featuredmedia":[{"embeddable":true,"href":"https:\/\/www.tabakversand.ch\/fr\/wp-json\/wp\/v2\/media\/77703"}],"wp:attachment":[{"href":"https:\/\/www.tabakversand.ch\/fr\/wp-json\/wp\/v2\/media?parent=77702"}],"wp:term":[{"taxonomy":"product_brand","embeddable":true,"href":"https:\/\/www.tabakversand.ch\/fr\/wp-json\/wp\/v2\/product_brand?post=77702"},{"taxonomy":"product_cat","embeddable":true,"href":"https:\/\/www.tabakversand.ch\/fr\/wp-json\/wp\/v2\/product_cat?post=77702"},{"taxonomy":"product_tag","embeddable":true,"href":"https:\/\/www.tabakversand.ch\/fr\/wp-json\/wp\/v2\/product_tag?post=77702"}],"curies":[{"name":"wp","href":"https:\/\/api.w.org\/{rel}","templated":true}]}}