{"id":77736,"date":"2022-04-02T11:30:03","date_gmt":"2022-04-02T09:30:03","guid":{"rendered":"http:\/\/www.tabakversand.ch\/produkt\/bentley-nicaragua-half-corona-cigares\/"},"modified":"2024-12-03T11:22:41","modified_gmt":"2024-12-03T10:22:41","slug":"cigares-bentley-nicaragua-half-corona","status":"publish","type":"product","link":"https:\/\/www.tabakversand.ch\/fr\/produit\/cigares-bentley-nicaragua-half-corona\/","title":{"rendered":"Bentley Nicaragua Half Corona Cigares"},"content":{"rendered":"<h1>Bentley Nicaragua Demi Corona&nbsp;<\/h1>\n<h2>5 cigares de caisse<\/h2>\n<p>  Un emballage fait du meilleur Rosado Du Connecticut-\u00c9quateur et un emballage (Piloto) du&nbsp;Nicaragua enveloppent une charge soigneusement r\u00e9gl\u00e9e compos\u00e9e de plusieurs tabacs du Panama et du Costa Rica. Ces tabacs bruts enti\u00e8rement aromatiques sont roul\u00e9s des meilleurs scooters (Torcedores) aux cigares Bentley nobles. Pi\u00e8ce par pi\u00e8ce, totalmente a mano au Nicaragua. Les trois nouveaux formats ont \u00e9t\u00e9 roul\u00e9s avec de l\u2019anrosado&nbsp; de l\u2019\u00c9quateur. Les experts du tabac&nbsp; Je sais \u00e0 quel point cette feuille de tabac sp\u00e9ciale est difficile \u00e0 cultiver en dehors de Cuba.&nbsp; Le liant est aromatique&nbsp; Volado de la vall\u00e9e de Jalapa au Nicaragua, o\u00f9 le vin a vieilli pendant au moins trois ans&nbsp; Les tabacs de remplissage pour les trois nouveaux cigares proviennent.<\/p>\n<p> Format : Petit Corona<br \/> Longueur : 9,5 cm<br \/> Diam\u00e8tre : 1,8 cm<\/p>\n<p> Couverture : \u00c9quateur Rosado<br \/> Classeur : Nicaragua<br \/> Ins\u00e9rer&nbsp;: Nicaragua<br \/>  &nbsp; &nbsp; &nbsp; &nbsp; &nbsp; &nbsp;&nbsp;<br \/>  Force&nbsp;:&nbsp;Moyenne forte<br \/> \u200bAr\u00f4me\/Go\u00fbt&nbsp;: \u00c9l\u00e9gamment harmonieux, l\u00e9g\u00e8rement sucr\u00e9, plaisir de fumer moyennement fort. Note\/parfum d&rsquo;ambiance tr\u00e8s agr\u00e9able.<br \/> Particularit\u00e9 : tabacs \u00e2g\u00e9s de 3 \u00e0 5 ans, cape Equateur Rosado<br \/> Origine : Nicaragua<br \/> Tous les prix s&rsquo;appliquent uniquement aux commandes en ligne et incluent la TVA.  TVA, sous r\u00e9serve de modifications plus Exp\u00e9dition. Sous r\u00e9serve d&rsquo;erreurs, de modifications de l&rsquo;\u00e9tendue de la livraison et de la conception, d&rsquo;erreurs d&rsquo;impression et de modifications de prix. Les prix barr\u00e9s sont plut\u00f4t des prix. L&rsquo;illustration peut diff\u00e9rer de l&rsquo;original\/de l&rsquo;\u00e9tendue de la livraison. *Livraison gratuite pour les commandes sup\u00e9rieures \u00e0 CHF 250.<\/p>\n","protected":false},"excerpt":{"rendered":"<p>Bentley Nicaragua Demi Corona&nbsp; 5 cigares de caisse Un emballage fait du meilleur Rosado Du Connecticut-\u00c9quateur et un emballage (Piloto) du&nbsp;Nicaragua enveloppent une charge soigneusement r\u00e9gl\u00e9e compos\u00e9e de plusieurs tabacs du Panama et du Costa Rica. Ces tabacs bruts enti\u00e8rement aromatiques sont roul\u00e9s des meilleurs scooters (Torcedores) aux cigares Bentley nobles. Pi\u00e8ce par pi\u00e8ce, totalmente [&hellip;]<\/p>\n","protected":false},"featured_media":77737,"template":"","meta":[],"product_brand":[1523],"product_cat":[2807,1993,1994,2131],"product_tag":[],"class_list":{"0":"post-77736","1":"product","2":"type-product","3":"status-publish","4":"has-post-thumbnail","6":"product_brand-bentley","7":"product_cat-bentley-nicaragua-fr","8":"product_cat-cigares","9":"product_cat-monde-du-cigare","10":"product_cat-nicaragua-fr","12":"first","13":"instock","14":"purchasable","15":"product-type-simple"},"yoast_head":"<!-- This site is optimized with the Yoast SEO plugin v27.0 - https:\/\/yoast.com\/product\/yoast-seo-wordpress\/ -->\n<title>Bentley Nicaragua Half Corona Cigares - Tabakversand.ch | Alles aus der Welt des Tabaks<\/title>\n<meta name=\"description\" content=\"Bentley Nicaragua Half Corona Cigares | La plus grande s\u00e9lection de produits du tabac de Suisse | Toutes les cartes sont accept\u00e9es!\" \/>\n<meta name=\"robots\" content=\"index, follow, max-snippet:-1, max-image-preview:large, max-video-preview:-1\" \/>\n<link rel=\"canonical\" href=\"https:\/\/www.tabakversand.ch\/produit\/bentley-nicaragua-half-corona-zigarren\/\" \/>\n<meta property=\"og:locale\" content=\"fr_FR\" \/>\n<meta property=\"og:type\" content=\"article\" \/>\n<meta property=\"og:title\" content=\"Bentley Nicaragua Half Corona Cigares - Tabakversand.ch | Alles aus der Welt des Tabaks\" \/>\n<meta property=\"og:description\" content=\"Bentley Nicaragua Half Corona Cigares | La plus grande s\u00e9lection de produits du tabac de Suisse | Toutes les cartes sont accept\u00e9es!\" \/>\n<meta property=\"og:url\" content=\"https:\/\/www.tabakversand.ch\/produit\/bentley-nicaragua-half-corona-zigarren\/\" \/>\n<meta property=\"og:site_name\" content=\"Tabakversand.ch | Alles aus der Welt des Tabaks\" \/>\n<meta property=\"article:modified_time\" content=\"2024-12-03T10:22:41+00:00\" \/>\n<meta property=\"og:image\" content=\"https:\/\/www.tabakversand.ch\/wp-content\/uploads\/2022\/03\/bentley-half-corona-5er-etui.jpg\" \/>\n\t<meta property=\"og:image:width\" content=\"500\" \/>\n\t<meta property=\"og:image:height\" content=\"500\" \/>\n\t<meta property=\"og:image:type\" content=\"image\/jpeg\" \/>\n<meta name=\"twitter:card\" content=\"summary_large_image\" \/>\n<meta name=\"twitter:label1\" content=\"Dur\u00e9e de lecture estim\u00e9e\" \/>\n\t<meta name=\"twitter:data1\" content=\"1 minute\" \/>\n<script type=\"application\/ld+json\" class=\"yoast-schema-graph\">{\"@context\":\"https:\/\/schema.org\",\"@graph\":[{\"@type\":\"WebPage\",\"@id\":\"https:\/\/www.tabakversand.ch\/produit\/bentley-nicaragua-half-corona-zigarren\/\",\"url\":\"https:\/\/www.tabakversand.ch\/produit\/bentley-nicaragua-half-corona-zigarren\/\",\"name\":\"Bentley Nicaragua Half Corona Cigares - Tabakversand.ch | Alles aus der Welt des Tabaks\",\"isPartOf\":{\"@id\":\"https:\/\/www.tabakversand.ch\/#website\"},\"primaryImageOfPage\":{\"@id\":\"https:\/\/www.tabakversand.ch\/produit\/bentley-nicaragua-half-corona-zigarren\/#primaryimage\"},\"image\":{\"@id\":\"https:\/\/www.tabakversand.ch\/produit\/bentley-nicaragua-half-corona-zigarren\/#primaryimage\"},\"thumbnailUrl\":\"https:\/\/www.tabakversand.ch\/wp-content\/uploads\/2022\/03\/bentley-half-corona-5er-etui.jpg\",\"datePublished\":\"2022-04-02T09:30:03+00:00\",\"dateModified\":\"2024-12-03T10:22:41+00:00\",\"description\":\"Bentley Nicaragua Half Corona Cigares | La plus grande s\u00e9lection de produits du tabac de Suisse | Toutes les cartes sont accept\u00e9es!\",\"breadcrumb\":{\"@id\":\"https:\/\/www.tabakversand.ch\/produit\/bentley-nicaragua-half-corona-zigarren\/#breadcrumb\"},\"inLanguage\":\"fr-FR\",\"potentialAction\":[{\"@type\":\"ReadAction\",\"target\":[\"https:\/\/www.tabakversand.ch\/produit\/bentley-nicaragua-half-corona-zigarren\/\"]}]},{\"@type\":\"ImageObject\",\"inLanguage\":\"fr-FR\",\"@id\":\"https:\/\/www.tabakversand.ch\/produit\/bentley-nicaragua-half-corona-zigarren\/#primaryimage\",\"url\":\"https:\/\/www.tabakversand.ch\/wp-content\/uploads\/2022\/03\/bentley-half-corona-5er-etui.jpg\",\"contentUrl\":\"https:\/\/www.tabakversand.ch\/wp-content\/uploads\/2022\/03\/bentley-half-corona-5er-etui.jpg\",\"width\":500,\"height\":500,\"caption\":\"Bentley Nicaragua Half Corona Cigares\"},{\"@type\":\"BreadcrumbList\",\"@id\":\"https:\/\/www.tabakversand.ch\/produit\/bentley-nicaragua-half-corona-zigarren\/#breadcrumb\",\"itemListElement\":[{\"@type\":\"ListItem\",\"position\":1,\"name\":\"Startseite\",\"item\":\"https:\/\/www.tabakversand.ch\/\"},{\"@type\":\"ListItem\",\"position\":2,\"name\":\"Boutique\",\"item\":\"https:\/\/www.tabakversand.ch\/fr\/boutique\/\"},{\"@type\":\"ListItem\",\"position\":3,\"name\":\"Bentley Nicaragua Half Corona Cigares\"}]},{\"@type\":\"WebSite\",\"@id\":\"https:\/\/www.tabakversand.ch\/#website\",\"url\":\"https:\/\/www.tabakversand.ch\/\",\"name\":\"Tabakversand.ch | Alles aus der Welt des Tabaks\",\"description\":\"Smoke and carpe diem\",\"potentialAction\":[{\"@type\":\"SearchAction\",\"target\":{\"@type\":\"EntryPoint\",\"urlTemplate\":\"https:\/\/www.tabakversand.ch\/?s={search_term_string}\"},\"query-input\":{\"@type\":\"PropertyValueSpecification\",\"valueRequired\":true,\"valueName\":\"search_term_string\"}}],\"inLanguage\":\"fr-FR\"}]}<\/script>\n<!-- \/ Yoast SEO plugin. -->","yoast_head_json":{"title":"Bentley Nicaragua Half Corona Cigares - Tabakversand.ch | Alles aus der Welt des Tabaks","description":"Bentley Nicaragua Half Corona Cigares | La plus grande s\u00e9lection de produits du tabac de Suisse | Toutes les cartes sont accept\u00e9es!","robots":{"index":"index","follow":"follow","max-snippet":"max-snippet:-1","max-image-preview":"max-image-preview:large","max-video-preview":"max-video-preview:-1"},"canonical":"https:\/\/www.tabakversand.ch\/produit\/bentley-nicaragua-half-corona-zigarren\/","og_locale":"fr_FR","og_type":"article","og_title":"Bentley Nicaragua Half Corona Cigares - Tabakversand.ch | Alles aus der Welt des Tabaks","og_description":"Bentley Nicaragua Half Corona Cigares | La plus grande s\u00e9lection de produits du tabac de Suisse | Toutes les cartes sont accept\u00e9es!","og_url":"https:\/\/www.tabakversand.ch\/produit\/bentley-nicaragua-half-corona-zigarren\/","og_site_name":"Tabakversand.ch | Alles aus der Welt des Tabaks","article_modified_time":"2024-12-03T10:22:41+00:00","og_image":[{"width":500,"height":500,"url":"https:\/\/www.tabakversand.ch\/wp-content\/uploads\/2022\/03\/bentley-half-corona-5er-etui.jpg","type":"image\/jpeg"}],"twitter_card":"summary_large_image","twitter_misc":{"Dur\u00e9e de lecture estim\u00e9e":"1 minute"},"schema":{"@context":"https:\/\/schema.org","@graph":[{"@type":"WebPage","@id":"https:\/\/www.tabakversand.ch\/produit\/bentley-nicaragua-half-corona-zigarren\/","url":"https:\/\/www.tabakversand.ch\/produit\/bentley-nicaragua-half-corona-zigarren\/","name":"Bentley Nicaragua Half Corona Cigares - Tabakversand.ch | Alles aus der Welt des Tabaks","isPartOf":{"@id":"https:\/\/www.tabakversand.ch\/#website"},"primaryImageOfPage":{"@id":"https:\/\/www.tabakversand.ch\/produit\/bentley-nicaragua-half-corona-zigarren\/#primaryimage"},"image":{"@id":"https:\/\/www.tabakversand.ch\/produit\/bentley-nicaragua-half-corona-zigarren\/#primaryimage"},"thumbnailUrl":"https:\/\/www.tabakversand.ch\/wp-content\/uploads\/2022\/03\/bentley-half-corona-5er-etui.jpg","datePublished":"2022-04-02T09:30:03+00:00","dateModified":"2024-12-03T10:22:41+00:00","description":"Bentley Nicaragua Half Corona Cigares | La plus grande s\u00e9lection de produits du tabac de Suisse | Toutes les cartes sont accept\u00e9es!","breadcrumb":{"@id":"https:\/\/www.tabakversand.ch\/produit\/bentley-nicaragua-half-corona-zigarren\/#breadcrumb"},"inLanguage":"fr-FR","potentialAction":[{"@type":"ReadAction","target":["https:\/\/www.tabakversand.ch\/produit\/bentley-nicaragua-half-corona-zigarren\/"]}]},{"@type":"ImageObject","inLanguage":"fr-FR","@id":"https:\/\/www.tabakversand.ch\/produit\/bentley-nicaragua-half-corona-zigarren\/#primaryimage","url":"https:\/\/www.tabakversand.ch\/wp-content\/uploads\/2022\/03\/bentley-half-corona-5er-etui.jpg","contentUrl":"https:\/\/www.tabakversand.ch\/wp-content\/uploads\/2022\/03\/bentley-half-corona-5er-etui.jpg","width":500,"height":500,"caption":"Bentley Nicaragua Half Corona Cigares"},{"@type":"BreadcrumbList","@id":"https:\/\/www.tabakversand.ch\/produit\/bentley-nicaragua-half-corona-zigarren\/#breadcrumb","itemListElement":[{"@type":"ListItem","position":1,"name":"Startseite","item":"https:\/\/www.tabakversand.ch\/"},{"@type":"ListItem","position":2,"name":"Boutique","item":"https:\/\/www.tabakversand.ch\/fr\/boutique\/"},{"@type":"ListItem","position":3,"name":"Bentley Nicaragua Half Corona Cigares"}]},{"@type":"WebSite","@id":"https:\/\/www.tabakversand.ch\/#website","url":"https:\/\/www.tabakversand.ch\/","name":"Tabakversand.ch | Alles aus der Welt des Tabaks","description":"Smoke and carpe diem","potentialAction":[{"@type":"SearchAction","target":{"@type":"EntryPoint","urlTemplate":"https:\/\/www.tabakversand.ch\/?s={search_term_string}"},"query-input":{"@type":"PropertyValueSpecification","valueRequired":true,"valueName":"search_term_string"}}],"inLanguage":"fr-FR"}]}},"_links":{"self":[{"href":"https:\/\/www.tabakversand.ch\/fr\/wp-json\/wp\/v2\/product\/77736","targetHints":{"allow":["GET"]}}],"collection":[{"href":"https:\/\/www.tabakversand.ch\/fr\/wp-json\/wp\/v2\/product"}],"about":[{"href":"https:\/\/www.tabakversand.ch\/fr\/wp-json\/wp\/v2\/types\/product"}],"version-history":[{"count":1,"href":"https:\/\/www.tabakversand.ch\/fr\/wp-json\/wp\/v2\/product\/77736\/revisions"}],"predecessor-version":[{"id":163348,"href":"https:\/\/www.tabakversand.ch\/fr\/wp-json\/wp\/v2\/product\/77736\/revisions\/163348"}],"wp:featuredmedia":[{"embeddable":true,"href":"https:\/\/www.tabakversand.ch\/fr\/wp-json\/wp\/v2\/media\/77737"}],"wp:attachment":[{"href":"https:\/\/www.tabakversand.ch\/fr\/wp-json\/wp\/v2\/media?parent=77736"}],"wp:term":[{"taxonomy":"product_brand","embeddable":true,"href":"https:\/\/www.tabakversand.ch\/fr\/wp-json\/wp\/v2\/product_brand?post=77736"},{"taxonomy":"product_cat","embeddable":true,"href":"https:\/\/www.tabakversand.ch\/fr\/wp-json\/wp\/v2\/product_cat?post=77736"},{"taxonomy":"product_tag","embeddable":true,"href":"https:\/\/www.tabakversand.ch\/fr\/wp-json\/wp\/v2\/product_tag?post=77736"}],"curies":[{"name":"wp","href":"https:\/\/api.w.org\/{rel}","templated":true}]}}