{"id":77877,"date":"2022-04-02T11:18:24","date_gmt":"2022-04-02T09:18:24","guid":{"rendered":"http:\/\/www.tabakversand.ch\/produkt\/gizeh-black-dw-papier-a-cigarette-extra-fin\/"},"modified":"2026-01-22T09:01:55","modified_gmt":"2026-01-22T08:01:55","slug":"gizeh-noir-dw-papier-a-cigarette-extra-fin","status":"publish","type":"product","link":"https:\/\/www.tabakversand.ch\/fr\/produit\/gizeh-noir-dw-papier-a-cigarette-extra-fin\/","title":{"rendered":"Gizeh Black DW Papier \u00e0 cigarette extra fin"},"content":{"rendered":"<h1>Gizeh Noir DW Extra Fine<\/h1>\n<h2>Papier \u00e0 cigarettes 20 x 100 feuilles<\/h2>\n<p>Feuilles presque transparentes et extra fines d&rsquo;un grammage de 14 g\/m\u00b2 et d&rsquo;une gomme compos\u00e9e de gomme arabique naturelle, la s\u00e8ve de l&rsquo;acacia. Le papier extra fin assure un plaisir pur et pur. La feuille a des coins coup\u00e9s qui facilitent la rotation. Il br\u00fble tr\u00e8s lentement et s\u2019\u00e9teint s\u2019il n\u2019est pas tir\u00e9 sur l\u2019auto-tourn\u00e9. Chaque 100 notices est dans un paquet avec fermeture magn\u00e9tique. Et, bien s\u00fbr, les emballages sont enti\u00e8rement recyclables.<\/p>\n<p>Caract\u00e9ristiques:<br \/>\n Contenu : 20 feuilles de 100 unit\u00e9s<br \/>\n Longueur : 68 mm<br \/>\n Largeur : 35,8 mm<br \/>\n Poids : 14 g\/m\u00b2<\/p>\n<p>Tous les prix s&rsquo;appliquent uniquement aux commandes en ligne et incluent la TVA. Sous r\u00e9serve de modifications sans pr\u00e9avis, frais de livraison en sus. Sous r\u00e9serve d&rsquo;erreurs, de modifications de contenu de livraison et de conception, de fautes d&rsquo;impression et de modifications de prix. Les prix barr\u00e9s sont des prix de remplacement. Les illustrations peuvent diff\u00e9rer de l&rsquo;original\/du contenu de livraison.<br \/>\n*Livraison gratuite pour les commandes sup\u00e9rieures \u00e0 CHF 250.-.<\/p>\n","protected":false},"excerpt":{"rendered":"<p>Gizeh Noir DW Extra Fine Papier \u00e0 cigarettes 20 x 100 feuilles Feuilles presque transparentes et extra fines d&rsquo;un grammage de 14 g\/m\u00b2 et d&rsquo;une gomme compos\u00e9e de gomme arabique naturelle, la s\u00e8ve de l&rsquo;acacia. Le papier extra fin assure un plaisir pur et pur. La feuille a des coins coup\u00e9s qui facilitent la rotation. [&hellip;]<\/p>\n","protected":false},"featured_media":77878,"template":"","meta":[],"product_brand":[1564],"product_cat":[1961,5200,2015],"product_tag":[],"class_list":{"0":"post-77877","1":"product","2":"type-product","3":"status-publish","4":"has-post-thumbnail","6":"product_brand-gizeh","7":"product_cat-cigarettes-self-made-fr-2","8":"product_cat-papier","9":"product_cat-papier-a-rouler","11":"first","12":"onbackorder","13":"purchasable","14":"product-type-simple"},"yoast_head":"<!-- This site is optimized with the Yoast SEO plugin v27.5 - https:\/\/yoast.com\/product\/yoast-seo-wordpress\/ -->\n<title>Gizeh Black DW Papier \u00e0 cigarette extra fin - Tabakversand.ch | Alles aus der Welt des Tabaks<\/title>\n<meta name=\"description\" content=\"Papier \u00e0 cigarettes extra fin Gizeh Black DW | Le plus grand choix de produits du tabac haut de gamme en Suisse | Toutes les cartes accept\u00e9es !\" \/>\n<meta name=\"robots\" content=\"index, follow, max-snippet:-1, max-image-preview:large, max-video-preview:-1\" \/>\n<link rel=\"canonical\" href=\"https:\/\/www.tabakversand.ch\/produit\/gizeh-black-dw-extra-fine-zigarettenpapier\/\" \/>\n<meta property=\"og:locale\" content=\"fr_FR\" \/>\n<meta property=\"og:type\" content=\"article\" \/>\n<meta property=\"og:title\" content=\"Gizeh Black DW Papier \u00e0 cigarette extra fin - Tabakversand.ch | Alles aus der Welt des Tabaks\" \/>\n<meta property=\"og:description\" content=\"Papier \u00e0 cigarettes extra fin Gizeh Black DW | Le plus grand choix de produits du tabac haut de gamme en Suisse | Toutes les cartes accept\u00e9es !\" \/>\n<meta property=\"og:url\" content=\"https:\/\/www.tabakversand.ch\/produit\/gizeh-black-dw-extra-fine-zigarettenpapier\/\" \/>\n<meta property=\"og:site_name\" content=\"Tabakversand.ch | Alles aus der Welt des Tabaks\" \/>\n<meta property=\"article:modified_time\" content=\"2026-01-22T08:01:55+00:00\" \/>\n<meta property=\"og:image\" content=\"https:\/\/www.tabakversand.ch\/wp-content\/uploads\/2022\/03\/gizeh-black-dw-extrafine.jpg\" \/>\n\t<meta property=\"og:image:width\" content=\"500\" \/>\n\t<meta property=\"og:image:height\" content=\"500\" \/>\n\t<meta property=\"og:image:type\" content=\"image\/jpeg\" \/>\n<meta name=\"twitter:card\" content=\"summary_large_image\" \/>\n<meta name=\"twitter:label1\" content=\"Dur\u00e9e de lecture estim\u00e9e\" \/>\n\t<meta name=\"twitter:data1\" content=\"1 minute\" \/>\n<script type=\"application\/ld+json\" class=\"yoast-schema-graph\">{\"@context\":\"https:\\\/\\\/schema.org\",\"@graph\":[{\"@type\":\"WebPage\",\"@id\":\"https:\\\/\\\/www.tabakversand.ch\\\/produit\\\/gizeh-black-dw-extra-fine-zigarettenpapier\\\/\",\"url\":\"https:\\\/\\\/www.tabakversand.ch\\\/produit\\\/gizeh-black-dw-extra-fine-zigarettenpapier\\\/\",\"name\":\"Gizeh Black DW Papier \u00e0 cigarette extra fin - Tabakversand.ch | Alles aus der Welt des Tabaks\",\"isPartOf\":{\"@id\":\"https:\\\/\\\/www.tabakversand.ch\\\/#website\"},\"primaryImageOfPage\":{\"@id\":\"https:\\\/\\\/www.tabakversand.ch\\\/produit\\\/gizeh-black-dw-extra-fine-zigarettenpapier\\\/#primaryimage\"},\"image\":{\"@id\":\"https:\\\/\\\/www.tabakversand.ch\\\/produit\\\/gizeh-black-dw-extra-fine-zigarettenpapier\\\/#primaryimage\"},\"thumbnailUrl\":\"https:\\\/\\\/www.tabakversand.ch\\\/wp-content\\\/uploads\\\/2022\\\/03\\\/gizeh-black-dw-extrafine.jpg\",\"datePublished\":\"2022-04-02T09:18:24+00:00\",\"dateModified\":\"2026-01-22T08:01:55+00:00\",\"description\":\"Papier \u00e0 cigarettes extra fin Gizeh Black DW | Le plus grand choix de produits du tabac haut de gamme en Suisse | Toutes les cartes accept\u00e9es !\",\"breadcrumb\":{\"@id\":\"https:\\\/\\\/www.tabakversand.ch\\\/produit\\\/gizeh-black-dw-extra-fine-zigarettenpapier\\\/#breadcrumb\"},\"inLanguage\":\"fr-FR\",\"potentialAction\":[{\"@type\":\"ReadAction\",\"target\":[\"https:\\\/\\\/www.tabakversand.ch\\\/produit\\\/gizeh-black-dw-extra-fine-zigarettenpapier\\\/\"]}]},{\"@type\":\"ImageObject\",\"inLanguage\":\"fr-FR\",\"@id\":\"https:\\\/\\\/www.tabakversand.ch\\\/produit\\\/gizeh-black-dw-extra-fine-zigarettenpapier\\\/#primaryimage\",\"url\":\"https:\\\/\\\/www.tabakversand.ch\\\/wp-content\\\/uploads\\\/2022\\\/03\\\/gizeh-black-dw-extrafine.jpg\",\"contentUrl\":\"https:\\\/\\\/www.tabakversand.ch\\\/wp-content\\\/uploads\\\/2022\\\/03\\\/gizeh-black-dw-extrafine.jpg\",\"width\":500,\"height\":500,\"caption\":\"Gizeh Black DW Papier \u00e0 cigarette extra fin\"},{\"@type\":\"BreadcrumbList\",\"@id\":\"https:\\\/\\\/www.tabakversand.ch\\\/produit\\\/gizeh-black-dw-extra-fine-zigarettenpapier\\\/#breadcrumb\",\"itemListElement\":[{\"@type\":\"ListItem\",\"position\":1,\"name\":\"Startseite\",\"item\":\"https:\\\/\\\/www.tabakversand.ch\\\/\"},{\"@type\":\"ListItem\",\"position\":2,\"name\":\"Boutique\",\"item\":\"https:\\\/\\\/www.tabakversand.ch\\\/fr\\\/boutique\\\/\"},{\"@type\":\"ListItem\",\"position\":3,\"name\":\"Gizeh Black DW Papier \u00e0 cigarette extra fin\"}]},{\"@type\":\"WebSite\",\"@id\":\"https:\\\/\\\/www.tabakversand.ch\\\/#website\",\"url\":\"https:\\\/\\\/www.tabakversand.ch\\\/\",\"name\":\"Tabakversand.ch | Alles aus der Welt des Tabaks\",\"description\":\"Smoke and carpe diem\",\"potentialAction\":[{\"@type\":\"SearchAction\",\"target\":{\"@type\":\"EntryPoint\",\"urlTemplate\":\"https:\\\/\\\/www.tabakversand.ch\\\/?s={search_term_string}\"},\"query-input\":{\"@type\":\"PropertyValueSpecification\",\"valueRequired\":true,\"valueName\":\"search_term_string\"}}],\"inLanguage\":\"fr-FR\"}]}<\/script>\n<!-- \/ Yoast SEO plugin. -->","yoast_head_json":{"title":"Gizeh Black DW Papier \u00e0 cigarette extra fin - Tabakversand.ch | Alles aus der Welt des Tabaks","description":"Papier \u00e0 cigarettes extra fin Gizeh Black DW | Le plus grand choix de produits du tabac haut de gamme en Suisse | Toutes les cartes accept\u00e9es !","robots":{"index":"index","follow":"follow","max-snippet":"max-snippet:-1","max-image-preview":"max-image-preview:large","max-video-preview":"max-video-preview:-1"},"canonical":"https:\/\/www.tabakversand.ch\/produit\/gizeh-black-dw-extra-fine-zigarettenpapier\/","og_locale":"fr_FR","og_type":"article","og_title":"Gizeh Black DW Papier \u00e0 cigarette extra fin - Tabakversand.ch | Alles aus der Welt des Tabaks","og_description":"Papier \u00e0 cigarettes extra fin Gizeh Black DW | Le plus grand choix de produits du tabac haut de gamme en Suisse | Toutes les cartes accept\u00e9es !","og_url":"https:\/\/www.tabakversand.ch\/produit\/gizeh-black-dw-extra-fine-zigarettenpapier\/","og_site_name":"Tabakversand.ch | Alles aus der Welt des Tabaks","article_modified_time":"2026-01-22T08:01:55+00:00","og_image":[{"width":500,"height":500,"url":"https:\/\/www.tabakversand.ch\/wp-content\/uploads\/2022\/03\/gizeh-black-dw-extrafine.jpg","type":"image\/jpeg"}],"twitter_card":"summary_large_image","twitter_misc":{"Dur\u00e9e de lecture estim\u00e9e":"1 minute"},"schema":{"@context":"https:\/\/schema.org","@graph":[{"@type":"WebPage","@id":"https:\/\/www.tabakversand.ch\/produit\/gizeh-black-dw-extra-fine-zigarettenpapier\/","url":"https:\/\/www.tabakversand.ch\/produit\/gizeh-black-dw-extra-fine-zigarettenpapier\/","name":"Gizeh Black DW Papier \u00e0 cigarette extra fin - Tabakversand.ch | Alles aus der Welt des Tabaks","isPartOf":{"@id":"https:\/\/www.tabakversand.ch\/#website"},"primaryImageOfPage":{"@id":"https:\/\/www.tabakversand.ch\/produit\/gizeh-black-dw-extra-fine-zigarettenpapier\/#primaryimage"},"image":{"@id":"https:\/\/www.tabakversand.ch\/produit\/gizeh-black-dw-extra-fine-zigarettenpapier\/#primaryimage"},"thumbnailUrl":"https:\/\/www.tabakversand.ch\/wp-content\/uploads\/2022\/03\/gizeh-black-dw-extrafine.jpg","datePublished":"2022-04-02T09:18:24+00:00","dateModified":"2026-01-22T08:01:55+00:00","description":"Papier \u00e0 cigarettes extra fin Gizeh Black DW | Le plus grand choix de produits du tabac haut de gamme en Suisse | Toutes les cartes accept\u00e9es !","breadcrumb":{"@id":"https:\/\/www.tabakversand.ch\/produit\/gizeh-black-dw-extra-fine-zigarettenpapier\/#breadcrumb"},"inLanguage":"fr-FR","potentialAction":[{"@type":"ReadAction","target":["https:\/\/www.tabakversand.ch\/produit\/gizeh-black-dw-extra-fine-zigarettenpapier\/"]}]},{"@type":"ImageObject","inLanguage":"fr-FR","@id":"https:\/\/www.tabakversand.ch\/produit\/gizeh-black-dw-extra-fine-zigarettenpapier\/#primaryimage","url":"https:\/\/www.tabakversand.ch\/wp-content\/uploads\/2022\/03\/gizeh-black-dw-extrafine.jpg","contentUrl":"https:\/\/www.tabakversand.ch\/wp-content\/uploads\/2022\/03\/gizeh-black-dw-extrafine.jpg","width":500,"height":500,"caption":"Gizeh Black DW Papier \u00e0 cigarette extra fin"},{"@type":"BreadcrumbList","@id":"https:\/\/www.tabakversand.ch\/produit\/gizeh-black-dw-extra-fine-zigarettenpapier\/#breadcrumb","itemListElement":[{"@type":"ListItem","position":1,"name":"Startseite","item":"https:\/\/www.tabakversand.ch\/"},{"@type":"ListItem","position":2,"name":"Boutique","item":"https:\/\/www.tabakversand.ch\/fr\/boutique\/"},{"@type":"ListItem","position":3,"name":"Gizeh Black DW Papier \u00e0 cigarette extra fin"}]},{"@type":"WebSite","@id":"https:\/\/www.tabakversand.ch\/#website","url":"https:\/\/www.tabakversand.ch\/","name":"Tabakversand.ch | Alles aus der Welt des Tabaks","description":"Smoke and carpe diem","potentialAction":[{"@type":"SearchAction","target":{"@type":"EntryPoint","urlTemplate":"https:\/\/www.tabakversand.ch\/?s={search_term_string}"},"query-input":{"@type":"PropertyValueSpecification","valueRequired":true,"valueName":"search_term_string"}}],"inLanguage":"fr-FR"}]}},"_links":{"self":[{"href":"https:\/\/www.tabakversand.ch\/fr\/wp-json\/wp\/v2\/product\/77877","targetHints":{"allow":["GET"]}}],"collection":[{"href":"https:\/\/www.tabakversand.ch\/fr\/wp-json\/wp\/v2\/product"}],"about":[{"href":"https:\/\/www.tabakversand.ch\/fr\/wp-json\/wp\/v2\/types\/product"}],"version-history":[{"count":2,"href":"https:\/\/www.tabakversand.ch\/fr\/wp-json\/wp\/v2\/product\/77877\/revisions"}],"predecessor-version":[{"id":207739,"href":"https:\/\/www.tabakversand.ch\/fr\/wp-json\/wp\/v2\/product\/77877\/revisions\/207739"}],"wp:featuredmedia":[{"embeddable":true,"href":"https:\/\/www.tabakversand.ch\/fr\/wp-json\/wp\/v2\/media\/77878"}],"wp:attachment":[{"href":"https:\/\/www.tabakversand.ch\/fr\/wp-json\/wp\/v2\/media?parent=77877"}],"wp:term":[{"taxonomy":"product_brand","embeddable":true,"href":"https:\/\/www.tabakversand.ch\/fr\/wp-json\/wp\/v2\/product_brand?post=77877"},{"taxonomy":"product_cat","embeddable":true,"href":"https:\/\/www.tabakversand.ch\/fr\/wp-json\/wp\/v2\/product_cat?post=77877"},{"taxonomy":"product_tag","embeddable":true,"href":"https:\/\/www.tabakversand.ch\/fr\/wp-json\/wp\/v2\/product_tag?post=77877"}],"curies":[{"name":"wp","href":"https:\/\/api.w.org\/{rel}","templated":true}]}}