{"id":77910,"date":"2022-04-02T11:18:24","date_gmt":"2022-04-02T09:18:24","guid":{"rendered":"http:\/\/www.tabakversand.ch\/produkt\/gizeh-noir-dw-papier-a-cigarette-fine\/"},"modified":"2026-01-22T09:02:00","modified_gmt":"2026-01-22T08:02:00","slug":"gizeh-noir-dw-papier-cigarette-fin","status":"publish","type":"product","link":"https:\/\/www.tabakversand.ch\/fr\/produit\/gizeh-noir-dw-papier-cigarette-fin\/","title":{"rendered":"Gizeh Noir DW Papier \u00e0 Cigarette Fine"},"content":{"rendered":"<h1>Gizeh Noir DWFine&nbsp;<\/h1>\n<h2>Papier \u00e0 cigarettes 20 x 100 feuilles<\/h2>\n<p>  GIZEH FINE est une feuille particuli\u00e8rement fine d\u2019un poids de base de 18,5 g\/m\u00b2 et d\u2019un rev\u00eatement en caoutchouc naturel en gomme arabique, la s\u00e8ve de l\u2019acacia. Le papier fin est compos\u00e9 \u00e0 100% de lin et de chanvre et assure un pur plaisir du tabac. La feuille peut \u00eatre bien tourn\u00e9e, mais est un peu plus lisse et a donc des coins coup\u00e9s qui facilitent le tournage. Il br\u00fble lentement et s\u2019\u00e9teint parfois \u00e0 moins qu\u2019il ne soit tir\u00e9. Chaque 100 notices est dans un paquet avec fermeture magn\u00e9tique. Et bien s\u00fbr, les emballages sont enti\u00e8rement recyclables.&nbsp;<\/p>\n<p>  Caract\u00e9ristiques:<br \/> Contenu : 20 feuilles de 100 unit\u00e9s<br \/> Longueur : 68 mm<br \/> Largeur : 35,8 mm&nbsp;<br \/>  Poids:&nbsp;18,5 g\/m2<br \/>  &nbsp;<br \/>  &nbsp;<br \/>Tous les prix s&rsquo;appliquent uniquement aux commandes en ligne et incluent la TVA. Sous r\u00e9serve de modifications sans pr\u00e9avis, frais de livraison en sus. Sous r\u00e9serve d&rsquo;erreurs, de modifications de contenu de livraison et de conception, de fautes d&rsquo;impression et de modifications de prix. Les prix barr\u00e9s sont des prix de remplacement. Les illustrations peuvent diff\u00e9rer de l&rsquo;original\/du contenu de livraison.<br \/>\n*Livraison gratuite pour les commandes sup\u00e9rieures \u00e0 CHF 250.-.<\/p>\n","protected":false},"excerpt":{"rendered":"<p>Gizeh Noir DWFine&nbsp; Papier \u00e0 cigarettes 20 x 100 feuilles GIZEH FINE est une feuille particuli\u00e8rement fine d\u2019un poids de base de 18,5 g\/m\u00b2 et d\u2019un rev\u00eatement en caoutchouc naturel en gomme arabique, la s\u00e8ve de l\u2019acacia. Le papier fin est compos\u00e9 \u00e0 100% de lin et de chanvre et assure un pur plaisir du [&hellip;]<\/p>\n","protected":false},"featured_media":77911,"template":"","meta":[],"product_brand":[1564],"product_cat":[1961,5200,2015],"product_tag":[],"class_list":{"0":"post-77910","1":"product","2":"type-product","3":"status-publish","4":"has-post-thumbnail","6":"product_brand-gizeh","7":"product_cat-cigarettes-self-made-fr-2","8":"product_cat-papier","9":"product_cat-papier-a-rouler","11":"first","12":"onbackorder","13":"purchasable","14":"product-type-simple"},"yoast_head":"<!-- This site is optimized with the Yoast SEO plugin v27.0 - https:\/\/yoast.com\/product\/yoast-seo-wordpress\/ -->\n<title>Gizeh Noir DW Papier \u00e0 Cigarette Fine - Tabakversand.ch | Alles aus der Welt des Tabaks<\/title>\n<meta name=\"description\" content=\"Papiers \u00e0 cigarettes Gizeh Black DW Fine | Le plus grand choix de produits du tabac de qualit\u00e9 sup\u00e9rieure en Suisse | Toutes les cartes sont accept\u00e9es !\" \/>\n<meta name=\"robots\" content=\"index, follow, max-snippet:-1, max-image-preview:large, max-video-preview:-1\" \/>\n<link rel=\"canonical\" href=\"https:\/\/www.tabakversand.ch\/produit\/gizeh-black-dw-fine-zigarettenpapier\/\" \/>\n<meta property=\"og:locale\" content=\"fr_FR\" \/>\n<meta property=\"og:type\" content=\"article\" \/>\n<meta property=\"og:title\" content=\"Gizeh Noir DW Papier \u00e0 Cigarette Fine - Tabakversand.ch | Alles aus der Welt des Tabaks\" \/>\n<meta property=\"og:description\" content=\"Papiers \u00e0 cigarettes Gizeh Black DW Fine | Le plus grand choix de produits du tabac de qualit\u00e9 sup\u00e9rieure en Suisse | Toutes les cartes sont accept\u00e9es !\" \/>\n<meta property=\"og:url\" content=\"https:\/\/www.tabakversand.ch\/produit\/gizeh-black-dw-fine-zigarettenpapier\/\" \/>\n<meta property=\"og:site_name\" content=\"Tabakversand.ch | Alles aus der Welt des Tabaks\" \/>\n<meta property=\"article:modified_time\" content=\"2026-01-22T08:02:00+00:00\" \/>\n<meta property=\"og:image\" content=\"https:\/\/www.tabakversand.ch\/wp-content\/uploads\/2022\/03\/gizeh-black-dw-fine.jpg\" \/>\n\t<meta property=\"og:image:width\" content=\"500\" \/>\n\t<meta property=\"og:image:height\" content=\"500\" \/>\n\t<meta property=\"og:image:type\" content=\"image\/jpeg\" \/>\n<meta name=\"twitter:card\" content=\"summary_large_image\" \/>\n<meta name=\"twitter:label1\" content=\"Dur\u00e9e de lecture estim\u00e9e\" \/>\n\t<meta name=\"twitter:data1\" content=\"1 minute\" \/>\n<script type=\"application\/ld+json\" class=\"yoast-schema-graph\">{\"@context\":\"https:\/\/schema.org\",\"@graph\":[{\"@type\":\"WebPage\",\"@id\":\"https:\/\/www.tabakversand.ch\/produit\/gizeh-black-dw-fine-zigarettenpapier\/\",\"url\":\"https:\/\/www.tabakversand.ch\/produit\/gizeh-black-dw-fine-zigarettenpapier\/\",\"name\":\"Gizeh Noir DW Papier \u00e0 Cigarette Fine - Tabakversand.ch | Alles aus der Welt des Tabaks\",\"isPartOf\":{\"@id\":\"https:\/\/www.tabakversand.ch\/#website\"},\"primaryImageOfPage\":{\"@id\":\"https:\/\/www.tabakversand.ch\/produit\/gizeh-black-dw-fine-zigarettenpapier\/#primaryimage\"},\"image\":{\"@id\":\"https:\/\/www.tabakversand.ch\/produit\/gizeh-black-dw-fine-zigarettenpapier\/#primaryimage\"},\"thumbnailUrl\":\"https:\/\/www.tabakversand.ch\/wp-content\/uploads\/2022\/03\/gizeh-black-dw-fine.jpg\",\"datePublished\":\"2022-04-02T09:18:24+00:00\",\"dateModified\":\"2026-01-22T08:02:00+00:00\",\"description\":\"Papiers \u00e0 cigarettes Gizeh Black DW Fine | Le plus grand choix de produits du tabac de qualit\u00e9 sup\u00e9rieure en Suisse | Toutes les cartes sont accept\u00e9es !\",\"breadcrumb\":{\"@id\":\"https:\/\/www.tabakversand.ch\/produit\/gizeh-black-dw-fine-zigarettenpapier\/#breadcrumb\"},\"inLanguage\":\"fr-FR\",\"potentialAction\":[{\"@type\":\"ReadAction\",\"target\":[\"https:\/\/www.tabakversand.ch\/produit\/gizeh-black-dw-fine-zigarettenpapier\/\"]}]},{\"@type\":\"ImageObject\",\"inLanguage\":\"fr-FR\",\"@id\":\"https:\/\/www.tabakversand.ch\/produit\/gizeh-black-dw-fine-zigarettenpapier\/#primaryimage\",\"url\":\"https:\/\/www.tabakversand.ch\/wp-content\/uploads\/2022\/03\/gizeh-black-dw-fine.jpg\",\"contentUrl\":\"https:\/\/www.tabakversand.ch\/wp-content\/uploads\/2022\/03\/gizeh-black-dw-fine.jpg\",\"width\":500,\"height\":500,\"caption\":\"Gizeh Noir DW Papier \u00e0 Cigarette Fine\"},{\"@type\":\"BreadcrumbList\",\"@id\":\"https:\/\/www.tabakversand.ch\/produit\/gizeh-black-dw-fine-zigarettenpapier\/#breadcrumb\",\"itemListElement\":[{\"@type\":\"ListItem\",\"position\":1,\"name\":\"Startseite\",\"item\":\"https:\/\/www.tabakversand.ch\/\"},{\"@type\":\"ListItem\",\"position\":2,\"name\":\"Boutique\",\"item\":\"https:\/\/www.tabakversand.ch\/fr\/boutique\/\"},{\"@type\":\"ListItem\",\"position\":3,\"name\":\"Gizeh Noir DW Papier \u00e0 Cigarette Fine\"}]},{\"@type\":\"WebSite\",\"@id\":\"https:\/\/www.tabakversand.ch\/#website\",\"url\":\"https:\/\/www.tabakversand.ch\/\",\"name\":\"Tabakversand.ch | Alles aus der Welt des Tabaks\",\"description\":\"Smoke and carpe diem\",\"potentialAction\":[{\"@type\":\"SearchAction\",\"target\":{\"@type\":\"EntryPoint\",\"urlTemplate\":\"https:\/\/www.tabakversand.ch\/?s={search_term_string}\"},\"query-input\":{\"@type\":\"PropertyValueSpecification\",\"valueRequired\":true,\"valueName\":\"search_term_string\"}}],\"inLanguage\":\"fr-FR\"}]}<\/script>\n<!-- \/ Yoast SEO plugin. -->","yoast_head_json":{"title":"Gizeh Noir DW Papier \u00e0 Cigarette Fine - Tabakversand.ch | Alles aus der Welt des Tabaks","description":"Papiers \u00e0 cigarettes Gizeh Black DW Fine | Le plus grand choix de produits du tabac de qualit\u00e9 sup\u00e9rieure en Suisse | Toutes les cartes sont accept\u00e9es !","robots":{"index":"index","follow":"follow","max-snippet":"max-snippet:-1","max-image-preview":"max-image-preview:large","max-video-preview":"max-video-preview:-1"},"canonical":"https:\/\/www.tabakversand.ch\/produit\/gizeh-black-dw-fine-zigarettenpapier\/","og_locale":"fr_FR","og_type":"article","og_title":"Gizeh Noir DW Papier \u00e0 Cigarette Fine - Tabakversand.ch | Alles aus der Welt des Tabaks","og_description":"Papiers \u00e0 cigarettes Gizeh Black DW Fine | Le plus grand choix de produits du tabac de qualit\u00e9 sup\u00e9rieure en Suisse | Toutes les cartes sont accept\u00e9es !","og_url":"https:\/\/www.tabakversand.ch\/produit\/gizeh-black-dw-fine-zigarettenpapier\/","og_site_name":"Tabakversand.ch | Alles aus der Welt des Tabaks","article_modified_time":"2026-01-22T08:02:00+00:00","og_image":[{"width":500,"height":500,"url":"https:\/\/www.tabakversand.ch\/wp-content\/uploads\/2022\/03\/gizeh-black-dw-fine.jpg","type":"image\/jpeg"}],"twitter_card":"summary_large_image","twitter_misc":{"Dur\u00e9e de lecture estim\u00e9e":"1 minute"},"schema":{"@context":"https:\/\/schema.org","@graph":[{"@type":"WebPage","@id":"https:\/\/www.tabakversand.ch\/produit\/gizeh-black-dw-fine-zigarettenpapier\/","url":"https:\/\/www.tabakversand.ch\/produit\/gizeh-black-dw-fine-zigarettenpapier\/","name":"Gizeh Noir DW Papier \u00e0 Cigarette Fine - Tabakversand.ch | Alles aus der Welt des Tabaks","isPartOf":{"@id":"https:\/\/www.tabakversand.ch\/#website"},"primaryImageOfPage":{"@id":"https:\/\/www.tabakversand.ch\/produit\/gizeh-black-dw-fine-zigarettenpapier\/#primaryimage"},"image":{"@id":"https:\/\/www.tabakversand.ch\/produit\/gizeh-black-dw-fine-zigarettenpapier\/#primaryimage"},"thumbnailUrl":"https:\/\/www.tabakversand.ch\/wp-content\/uploads\/2022\/03\/gizeh-black-dw-fine.jpg","datePublished":"2022-04-02T09:18:24+00:00","dateModified":"2026-01-22T08:02:00+00:00","description":"Papiers \u00e0 cigarettes Gizeh Black DW Fine | Le plus grand choix de produits du tabac de qualit\u00e9 sup\u00e9rieure en Suisse | Toutes les cartes sont accept\u00e9es !","breadcrumb":{"@id":"https:\/\/www.tabakversand.ch\/produit\/gizeh-black-dw-fine-zigarettenpapier\/#breadcrumb"},"inLanguage":"fr-FR","potentialAction":[{"@type":"ReadAction","target":["https:\/\/www.tabakversand.ch\/produit\/gizeh-black-dw-fine-zigarettenpapier\/"]}]},{"@type":"ImageObject","inLanguage":"fr-FR","@id":"https:\/\/www.tabakversand.ch\/produit\/gizeh-black-dw-fine-zigarettenpapier\/#primaryimage","url":"https:\/\/www.tabakversand.ch\/wp-content\/uploads\/2022\/03\/gizeh-black-dw-fine.jpg","contentUrl":"https:\/\/www.tabakversand.ch\/wp-content\/uploads\/2022\/03\/gizeh-black-dw-fine.jpg","width":500,"height":500,"caption":"Gizeh Noir DW Papier \u00e0 Cigarette Fine"},{"@type":"BreadcrumbList","@id":"https:\/\/www.tabakversand.ch\/produit\/gizeh-black-dw-fine-zigarettenpapier\/#breadcrumb","itemListElement":[{"@type":"ListItem","position":1,"name":"Startseite","item":"https:\/\/www.tabakversand.ch\/"},{"@type":"ListItem","position":2,"name":"Boutique","item":"https:\/\/www.tabakversand.ch\/fr\/boutique\/"},{"@type":"ListItem","position":3,"name":"Gizeh Noir DW Papier \u00e0 Cigarette Fine"}]},{"@type":"WebSite","@id":"https:\/\/www.tabakversand.ch\/#website","url":"https:\/\/www.tabakversand.ch\/","name":"Tabakversand.ch | Alles aus der Welt des Tabaks","description":"Smoke and carpe diem","potentialAction":[{"@type":"SearchAction","target":{"@type":"EntryPoint","urlTemplate":"https:\/\/www.tabakversand.ch\/?s={search_term_string}"},"query-input":{"@type":"PropertyValueSpecification","valueRequired":true,"valueName":"search_term_string"}}],"inLanguage":"fr-FR"}]}},"_links":{"self":[{"href":"https:\/\/www.tabakversand.ch\/fr\/wp-json\/wp\/v2\/product\/77910","targetHints":{"allow":["GET"]}}],"collection":[{"href":"https:\/\/www.tabakversand.ch\/fr\/wp-json\/wp\/v2\/product"}],"about":[{"href":"https:\/\/www.tabakversand.ch\/fr\/wp-json\/wp\/v2\/types\/product"}],"version-history":[{"count":1,"href":"https:\/\/www.tabakversand.ch\/fr\/wp-json\/wp\/v2\/product\/77910\/revisions"}],"predecessor-version":[{"id":209779,"href":"https:\/\/www.tabakversand.ch\/fr\/wp-json\/wp\/v2\/product\/77910\/revisions\/209779"}],"wp:featuredmedia":[{"embeddable":true,"href":"https:\/\/www.tabakversand.ch\/fr\/wp-json\/wp\/v2\/media\/77911"}],"wp:attachment":[{"href":"https:\/\/www.tabakversand.ch\/fr\/wp-json\/wp\/v2\/media?parent=77910"}],"wp:term":[{"taxonomy":"product_brand","embeddable":true,"href":"https:\/\/www.tabakversand.ch\/fr\/wp-json\/wp\/v2\/product_brand?post=77910"},{"taxonomy":"product_cat","embeddable":true,"href":"https:\/\/www.tabakversand.ch\/fr\/wp-json\/wp\/v2\/product_cat?post=77910"},{"taxonomy":"product_tag","embeddable":true,"href":"https:\/\/www.tabakversand.ch\/fr\/wp-json\/wp\/v2\/product_tag?post=77910"}],"curies":[{"name":"wp","href":"https:\/\/api.w.org\/{rel}","templated":true}]}}