{"id":77923,"date":"2022-04-02T11:18:24","date_gmt":"2022-04-02T09:18:24","guid":{"rendered":"http:\/\/www.tabakversand.ch\/produkt\/gizeh-black-king-size-slim-et-tips-papier-a-cigarettes\/"},"modified":"2026-01-22T09:15:05","modified_gmt":"2026-01-22T08:15:05","slug":"gizeh-black-king-size-slim-and-tips-papier-a-cigarettes","status":"publish","type":"product","link":"https:\/\/www.tabakversand.ch\/fr\/produit\/gizeh-black-king-size-slim-and-tips-papier-a-cigarettes\/","title":{"rendered":"Gizeh Black King Size Slim et Tips Papier \u00e0 cigarettes"},"content":{"rendered":"<h1>Gizeh Black King Size Slimund&nbsp; Tips<\/h1>\n<h2>Papier \u00e0 cigarette 26x&nbsp; 34&nbsp; feuilles + embouts de filtre<\/h2>\n<p>  Le livret pratique avec fermeture magn\u00e9tique contient 34 d\u00e9pliants King Size Slim et 34 embouts filtrants. Cela rend le tournage encore plus agr\u00e9able: le papier et le filtre n\u2019ont pas besoin d\u2019\u00eatre stock\u00e9s s\u00e9par\u00e9ment. Les embouts du filtre sont doublement perfor\u00e9s pour une utilisation en format r\u00e9gulier ou mince. Les feuilles extra fines, presque transparentes, ont un poids de base de 14 g\/m\u00b2 et un rev\u00eatement en caoutchouc en gomme arabique naturelle, la s\u00e8ve de l\u2019acacia. Le papier extra fin assure un plaisir pur et pur. Les papiers br\u00fblent tr\u00e8s lentement et s&rsquo;\u00e9teignent si la cigarette roul\u00e9e n&rsquo;est pas tir\u00e9e.<\/p>\n<p> Caract\u00e9ristiques:<br \/> Contenu:&nbsp; 26 x 34 feuilles + filtres<br \/> Longueur:&nbsp; 108 mm<br \/> Largeur:&nbsp; 44 mm&nbsp;<br \/>  Poids : 14 g\/m\u00b2<br \/>  &nbsp;<br \/>  &nbsp;<br \/>Tous les prix s&rsquo;appliquent uniquement aux commandes en ligne et incluent la TVA. Sous r\u00e9serve de modifications sans pr\u00e9avis, frais de livraison en sus. Sous r\u00e9serve d&rsquo;erreurs, de modifications de contenu de livraison et de conception, de fautes d&rsquo;impression et de modifications de prix. Les prix barr\u00e9s sont des prix de remplacement. Les illustrations peuvent diff\u00e9rer de l&rsquo;original\/du contenu de livraison.<br \/>\n*Livraison gratuite pour les commandes sup\u00e9rieures \u00e0 CHF 250.-.<\/p>\n","protected":false},"excerpt":{"rendered":"<p>Gizeh Black King Size Slimund&nbsp; Tips Papier \u00e0 cigarette 26x&nbsp; 34&nbsp; feuilles + embouts de filtre Le livret pratique avec fermeture magn\u00e9tique contient 34 d\u00e9pliants King Size Slim et 34 embouts filtrants. Cela rend le tournage encore plus agr\u00e9able: le papier et le filtre n\u2019ont pas besoin d\u2019\u00eatre stock\u00e9s s\u00e9par\u00e9ment. Les embouts du filtre sont [&hellip;]<\/p>\n","protected":false},"featured_media":77924,"template":"","meta":[],"product_brand":[1564],"product_cat":[3263,3219,1961,5184,1995,3231,2014,5194,2015,3227],"product_tag":[],"class_list":{"0":"post-77923","1":"product","2":"type-product","3":"status-publish","4":"has-post-thumbnail","6":"product_brand-gizeh","7":"product_cat-article-long","8":"product_cat-boutique-de-tete","9":"product_cat-cigarettes-self-made-fr-2","10":"product_cat-conseils-de-filtre","11":"product_cat-divers-headshop","12":"product_cat-filtre","13":"product_cat-filtres-a-cigarettes","14":"product_cat-longpaper","15":"product_cat-papier-a-rouler","16":"product_cat-papier-long-et-rouleaux","18":"first","19":"onbackorder","20":"purchasable","21":"product-type-simple"},"yoast_head":"<!-- This site is optimized with the Yoast SEO plugin v27.5 - https:\/\/yoast.com\/product\/yoast-seo-wordpress\/ -->\n<title>Gizeh Black King Size Slim et Tips Papier \u00e0 cigarettes - Tabakversand.ch | Alles aus der Welt des Tabaks<\/title>\n<meta name=\"description\" content=\"Papiers \u00e0 cigarettes Gizeh Black King Size Slim et Tips | Le plus grand choix de produits du tabac en Suisse | Toutes les cartes accept\u00e9es !\" \/>\n<meta name=\"robots\" content=\"index, follow, max-snippet:-1, max-image-preview:large, max-video-preview:-1\" \/>\n<link rel=\"canonical\" href=\"https:\/\/www.tabakversand.ch\/produit\/gizeh-black-king-size-slim-und-tips-zigarettenpapier\/\" \/>\n<meta property=\"og:locale\" content=\"fr_FR\" \/>\n<meta property=\"og:type\" content=\"article\" \/>\n<meta property=\"og:title\" content=\"Gizeh Black King Size Slim et Tips Papier \u00e0 cigarettes - Tabakversand.ch | Alles aus der Welt des Tabaks\" \/>\n<meta property=\"og:description\" content=\"Papiers \u00e0 cigarettes Gizeh Black King Size Slim et Tips | Le plus grand choix de produits du tabac en Suisse | Toutes les cartes accept\u00e9es !\" \/>\n<meta property=\"og:url\" content=\"https:\/\/www.tabakversand.ch\/produit\/gizeh-black-king-size-slim-und-tips-zigarettenpapier\/\" \/>\n<meta property=\"og:site_name\" content=\"Tabakversand.ch | Alles aus der Welt des Tabaks\" \/>\n<meta property=\"article:modified_time\" content=\"2026-01-22T08:15:05+00:00\" \/>\n<meta property=\"og:image\" content=\"https:\/\/www.tabakversand.ch\/wp-content\/uploads\/2022\/03\/gizeh-black-king-size-slim-tips.jpg\" \/>\n\t<meta property=\"og:image:width\" content=\"500\" \/>\n\t<meta property=\"og:image:height\" content=\"500\" \/>\n\t<meta property=\"og:image:type\" content=\"image\/jpeg\" \/>\n<meta name=\"twitter:card\" content=\"summary_large_image\" \/>\n<meta name=\"twitter:label1\" content=\"Dur\u00e9e de lecture estim\u00e9e\" \/>\n\t<meta name=\"twitter:data1\" content=\"1 minute\" \/>\n<script type=\"application\/ld+json\" class=\"yoast-schema-graph\">{\"@context\":\"https:\\\/\\\/schema.org\",\"@graph\":[{\"@type\":\"WebPage\",\"@id\":\"https:\\\/\\\/www.tabakversand.ch\\\/produit\\\/gizeh-black-king-size-slim-und-tips-zigarettenpapier\\\/\",\"url\":\"https:\\\/\\\/www.tabakversand.ch\\\/produit\\\/gizeh-black-king-size-slim-und-tips-zigarettenpapier\\\/\",\"name\":\"Gizeh Black King Size Slim et Tips Papier \u00e0 cigarettes - Tabakversand.ch | Alles aus der Welt des Tabaks\",\"isPartOf\":{\"@id\":\"https:\\\/\\\/www.tabakversand.ch\\\/#website\"},\"primaryImageOfPage\":{\"@id\":\"https:\\\/\\\/www.tabakversand.ch\\\/produit\\\/gizeh-black-king-size-slim-und-tips-zigarettenpapier\\\/#primaryimage\"},\"image\":{\"@id\":\"https:\\\/\\\/www.tabakversand.ch\\\/produit\\\/gizeh-black-king-size-slim-und-tips-zigarettenpapier\\\/#primaryimage\"},\"thumbnailUrl\":\"https:\\\/\\\/www.tabakversand.ch\\\/wp-content\\\/uploads\\\/2022\\\/03\\\/gizeh-black-king-size-slim-tips.jpg\",\"datePublished\":\"2022-04-02T09:18:24+00:00\",\"dateModified\":\"2026-01-22T08:15:05+00:00\",\"description\":\"Papiers \u00e0 cigarettes Gizeh Black King Size Slim et Tips | Le plus grand choix de produits du tabac en Suisse | Toutes les cartes accept\u00e9es !\",\"breadcrumb\":{\"@id\":\"https:\\\/\\\/www.tabakversand.ch\\\/produit\\\/gizeh-black-king-size-slim-und-tips-zigarettenpapier\\\/#breadcrumb\"},\"inLanguage\":\"fr-FR\",\"potentialAction\":[{\"@type\":\"ReadAction\",\"target\":[\"https:\\\/\\\/www.tabakversand.ch\\\/produit\\\/gizeh-black-king-size-slim-und-tips-zigarettenpapier\\\/\"]}]},{\"@type\":\"ImageObject\",\"inLanguage\":\"fr-FR\",\"@id\":\"https:\\\/\\\/www.tabakversand.ch\\\/produit\\\/gizeh-black-king-size-slim-und-tips-zigarettenpapier\\\/#primaryimage\",\"url\":\"https:\\\/\\\/www.tabakversand.ch\\\/wp-content\\\/uploads\\\/2022\\\/03\\\/gizeh-black-king-size-slim-tips.jpg\",\"contentUrl\":\"https:\\\/\\\/www.tabakversand.ch\\\/wp-content\\\/uploads\\\/2022\\\/03\\\/gizeh-black-king-size-slim-tips.jpg\",\"width\":500,\"height\":500,\"caption\":\"Gizeh Black King Size Slim et Tips Papier \u00e0 cigarettes\"},{\"@type\":\"BreadcrumbList\",\"@id\":\"https:\\\/\\\/www.tabakversand.ch\\\/produit\\\/gizeh-black-king-size-slim-und-tips-zigarettenpapier\\\/#breadcrumb\",\"itemListElement\":[{\"@type\":\"ListItem\",\"position\":1,\"name\":\"Startseite\",\"item\":\"https:\\\/\\\/www.tabakversand.ch\\\/\"},{\"@type\":\"ListItem\",\"position\":2,\"name\":\"Boutique\",\"item\":\"https:\\\/\\\/www.tabakversand.ch\\\/fr\\\/boutique\\\/\"},{\"@type\":\"ListItem\",\"position\":3,\"name\":\"Gizeh Black King Size Slim et Tips Papier \u00e0 cigarettes\"}]},{\"@type\":\"WebSite\",\"@id\":\"https:\\\/\\\/www.tabakversand.ch\\\/#website\",\"url\":\"https:\\\/\\\/www.tabakversand.ch\\\/\",\"name\":\"Tabakversand.ch | Alles aus der Welt des Tabaks\",\"description\":\"Smoke and carpe diem\",\"potentialAction\":[{\"@type\":\"SearchAction\",\"target\":{\"@type\":\"EntryPoint\",\"urlTemplate\":\"https:\\\/\\\/www.tabakversand.ch\\\/?s={search_term_string}\"},\"query-input\":{\"@type\":\"PropertyValueSpecification\",\"valueRequired\":true,\"valueName\":\"search_term_string\"}}],\"inLanguage\":\"fr-FR\"}]}<\/script>\n<!-- \/ Yoast SEO plugin. -->","yoast_head_json":{"title":"Gizeh Black King Size Slim et Tips Papier \u00e0 cigarettes - Tabakversand.ch | Alles aus der Welt des Tabaks","description":"Papiers \u00e0 cigarettes Gizeh Black King Size Slim et Tips | Le plus grand choix de produits du tabac en Suisse | Toutes les cartes accept\u00e9es !","robots":{"index":"index","follow":"follow","max-snippet":"max-snippet:-1","max-image-preview":"max-image-preview:large","max-video-preview":"max-video-preview:-1"},"canonical":"https:\/\/www.tabakversand.ch\/produit\/gizeh-black-king-size-slim-und-tips-zigarettenpapier\/","og_locale":"fr_FR","og_type":"article","og_title":"Gizeh Black King Size Slim et Tips Papier \u00e0 cigarettes - Tabakversand.ch | Alles aus der Welt des Tabaks","og_description":"Papiers \u00e0 cigarettes Gizeh Black King Size Slim et Tips | Le plus grand choix de produits du tabac en Suisse | Toutes les cartes accept\u00e9es !","og_url":"https:\/\/www.tabakversand.ch\/produit\/gizeh-black-king-size-slim-und-tips-zigarettenpapier\/","og_site_name":"Tabakversand.ch | Alles aus der Welt des Tabaks","article_modified_time":"2026-01-22T08:15:05+00:00","og_image":[{"width":500,"height":500,"url":"https:\/\/www.tabakversand.ch\/wp-content\/uploads\/2022\/03\/gizeh-black-king-size-slim-tips.jpg","type":"image\/jpeg"}],"twitter_card":"summary_large_image","twitter_misc":{"Dur\u00e9e de lecture estim\u00e9e":"1 minute"},"schema":{"@context":"https:\/\/schema.org","@graph":[{"@type":"WebPage","@id":"https:\/\/www.tabakversand.ch\/produit\/gizeh-black-king-size-slim-und-tips-zigarettenpapier\/","url":"https:\/\/www.tabakversand.ch\/produit\/gizeh-black-king-size-slim-und-tips-zigarettenpapier\/","name":"Gizeh Black King Size Slim et Tips Papier \u00e0 cigarettes - Tabakversand.ch | Alles aus der Welt des Tabaks","isPartOf":{"@id":"https:\/\/www.tabakversand.ch\/#website"},"primaryImageOfPage":{"@id":"https:\/\/www.tabakversand.ch\/produit\/gizeh-black-king-size-slim-und-tips-zigarettenpapier\/#primaryimage"},"image":{"@id":"https:\/\/www.tabakversand.ch\/produit\/gizeh-black-king-size-slim-und-tips-zigarettenpapier\/#primaryimage"},"thumbnailUrl":"https:\/\/www.tabakversand.ch\/wp-content\/uploads\/2022\/03\/gizeh-black-king-size-slim-tips.jpg","datePublished":"2022-04-02T09:18:24+00:00","dateModified":"2026-01-22T08:15:05+00:00","description":"Papiers \u00e0 cigarettes Gizeh Black King Size Slim et Tips | Le plus grand choix de produits du tabac en Suisse | Toutes les cartes accept\u00e9es !","breadcrumb":{"@id":"https:\/\/www.tabakversand.ch\/produit\/gizeh-black-king-size-slim-und-tips-zigarettenpapier\/#breadcrumb"},"inLanguage":"fr-FR","potentialAction":[{"@type":"ReadAction","target":["https:\/\/www.tabakversand.ch\/produit\/gizeh-black-king-size-slim-und-tips-zigarettenpapier\/"]}]},{"@type":"ImageObject","inLanguage":"fr-FR","@id":"https:\/\/www.tabakversand.ch\/produit\/gizeh-black-king-size-slim-und-tips-zigarettenpapier\/#primaryimage","url":"https:\/\/www.tabakversand.ch\/wp-content\/uploads\/2022\/03\/gizeh-black-king-size-slim-tips.jpg","contentUrl":"https:\/\/www.tabakversand.ch\/wp-content\/uploads\/2022\/03\/gizeh-black-king-size-slim-tips.jpg","width":500,"height":500,"caption":"Gizeh Black King Size Slim et Tips Papier \u00e0 cigarettes"},{"@type":"BreadcrumbList","@id":"https:\/\/www.tabakversand.ch\/produit\/gizeh-black-king-size-slim-und-tips-zigarettenpapier\/#breadcrumb","itemListElement":[{"@type":"ListItem","position":1,"name":"Startseite","item":"https:\/\/www.tabakversand.ch\/"},{"@type":"ListItem","position":2,"name":"Boutique","item":"https:\/\/www.tabakversand.ch\/fr\/boutique\/"},{"@type":"ListItem","position":3,"name":"Gizeh Black King Size Slim et Tips Papier \u00e0 cigarettes"}]},{"@type":"WebSite","@id":"https:\/\/www.tabakversand.ch\/#website","url":"https:\/\/www.tabakversand.ch\/","name":"Tabakversand.ch | Alles aus der Welt des Tabaks","description":"Smoke and carpe diem","potentialAction":[{"@type":"SearchAction","target":{"@type":"EntryPoint","urlTemplate":"https:\/\/www.tabakversand.ch\/?s={search_term_string}"},"query-input":{"@type":"PropertyValueSpecification","valueRequired":true,"valueName":"search_term_string"}}],"inLanguage":"fr-FR"}]}},"_links":{"self":[{"href":"https:\/\/www.tabakversand.ch\/fr\/wp-json\/wp\/v2\/product\/77923","targetHints":{"allow":["GET"]}}],"collection":[{"href":"https:\/\/www.tabakversand.ch\/fr\/wp-json\/wp\/v2\/product"}],"about":[{"href":"https:\/\/www.tabakversand.ch\/fr\/wp-json\/wp\/v2\/types\/product"}],"version-history":[{"count":2,"href":"https:\/\/www.tabakversand.ch\/fr\/wp-json\/wp\/v2\/product\/77923\/revisions"}],"predecessor-version":[{"id":209570,"href":"https:\/\/www.tabakversand.ch\/fr\/wp-json\/wp\/v2\/product\/77923\/revisions\/209570"}],"wp:featuredmedia":[{"embeddable":true,"href":"https:\/\/www.tabakversand.ch\/fr\/wp-json\/wp\/v2\/media\/77924"}],"wp:attachment":[{"href":"https:\/\/www.tabakversand.ch\/fr\/wp-json\/wp\/v2\/media?parent=77923"}],"wp:term":[{"taxonomy":"product_brand","embeddable":true,"href":"https:\/\/www.tabakversand.ch\/fr\/wp-json\/wp\/v2\/product_brand?post=77923"},{"taxonomy":"product_cat","embeddable":true,"href":"https:\/\/www.tabakversand.ch\/fr\/wp-json\/wp\/v2\/product_cat?post=77923"},{"taxonomy":"product_tag","embeddable":true,"href":"https:\/\/www.tabakversand.ch\/fr\/wp-json\/wp\/v2\/product_tag?post=77923"}],"curies":[{"name":"wp","href":"https:\/\/api.w.org\/{rel}","templated":true}]}}