{"id":78005,"date":"2022-04-02T11:18:04","date_gmt":"2022-04-02T09:18:04","guid":{"rendered":"http:\/\/www.tabakversand.ch\/produkt\/xikar-lighter-forte-soft-black-burl-cigar-lighter\/"},"modified":"2026-04-08T16:23:03","modified_gmt":"2026-04-08T14:23:03","slug":"xikar-lighter-forte-soft-black-burl-allume-cigare","status":"publish","type":"product","link":"https:\/\/www.tabakversand.ch\/fr\/produit\/xikar-lighter-forte-soft-black-burl-allume-cigare\/","title":{"rendered":"Briquet \u00e0 cigares Xikar Lighter Forte Soft en loupe noire"},"content":{"rendered":"<h1>Briquet Xikar Forte Soft Black Burl<\/h1>\n<h2>briquet \u00e0 cigares<\/h2>\n<p>  Le XIKAR Forte, un appareil polyvalent, est d\u00e9sormais disponible avec une flamme douce. Le nouveau briquet Forte Soft Flame est con\u00e7u de A \u00e0 Z. Son m\u00e9canisme interne int\u00e8gre les derni\u00e8res technologies en mati\u00e8re de performance, tandis que ses inserts m\u00e9talliques \u00e0 motif pied-de-poule lui conf\u00e8rent une allure classique. Son corps enti\u00e8rement m\u00e9tallique renferme \u00e9galement un coupe-cigare de 7 mm ultra-tranchant, pour \u00eatre toujours pr\u00eat \u00e0 savourer un cigare.  <br \/>  &nbsp;<br \/>Tous les prix s&rsquo;appliquent uniquement aux commandes en ligne et incluent la TVA. Sous r\u00e9serve de modifications sans pr\u00e9avis, frais de livraison en sus. Sous r\u00e9serve d&rsquo;erreurs, de modifications de contenu de livraison et de conception, de fautes d&rsquo;impression et de modifications de prix. Les prix barr\u00e9s sont des prix de remplacement. Les illustrations peuvent diff\u00e9rer de l&rsquo;original\/du contenu de livraison.<br \/>\n*Livraison gratuite pour les commandes sup\u00e9rieures \u00e0 CHF 250.-.<\/p>\n","protected":false},"excerpt":{"rendered":"<p>Briquet Xikar Forte Soft Black Burl briquet \u00e0 cigares Le XIKAR Forte, un appareil polyvalent, est d\u00e9sormais disponible avec une flamme douce. Le nouveau briquet Forte Soft Flame est con\u00e7u de A \u00e0 Z. Son m\u00e9canisme interne int\u00e8gre les derni\u00e8res technologies en mati\u00e8re de performance, tandis que ses inserts m\u00e9talliques \u00e0 motif pied-de-poule lui conf\u00e8rent [&hellip;]<\/p>\n","protected":false},"featured_media":78006,"template":"","meta":[],"product_brand":[1703],"product_cat":[2119,2381,1927,3355,3586,2382,1994],"product_tag":[],"class_list":{"0":"post-78005","1":"product","2":"type-product","3":"status-publish","4":"has-post-thumbnail","6":"product_brand-xikar-raucherbedarf","7":"product_cat-accessoires-pour-cigares","8":"product_cat-allume-cigares","9":"product_cat-briquets","10":"product_cat-briquets-de-marque","11":"product_cat-briquets-divers","12":"product_cat-briquets-xikar","13":"product_cat-monde-du-cigare","15":"first","16":"onbackorder","17":"purchasable","18":"product-type-simple"},"yoast_head":"<!-- This site is optimized with the Yoast SEO plugin v27.0 - https:\/\/yoast.com\/product\/yoast-seo-wordpress\/ -->\n<title>Briquet \u00e0 cigares Xikar Lighter Forte Soft en loupe noire - Tabakversand.ch | Alles aus der Welt des Tabaks<\/title>\n<meta name=\"description\" content=\"Briquet \u00e0 cigares Xikar Lighter Forte Soft en loupe noire | Le plus grand choix de produits du tabac de qualit\u00e9 sup\u00e9rieure en Suisse | Toutes les cartes sont accept\u00e9es !\" \/>\n<meta name=\"robots\" content=\"index, follow, max-snippet:-1, max-image-preview:large, max-video-preview:-1\" \/>\n<link rel=\"canonical\" href=\"https:\/\/www.tabakversand.ch\/fr\/produit\/xikar-lighter-forte-soft-black-burl-allume-cigare\/\" \/>\n<meta property=\"og:locale\" content=\"fr_FR\" \/>\n<meta property=\"og:type\" content=\"article\" \/>\n<meta property=\"og:title\" content=\"Briquet \u00e0 cigares Xikar Lighter Forte Soft en loupe noire - Tabakversand.ch | Alles aus der Welt des Tabaks\" \/>\n<meta property=\"og:description\" content=\"Briquet \u00e0 cigares Xikar Lighter Forte Soft en loupe noire | Le plus grand choix de produits du tabac de qualit\u00e9 sup\u00e9rieure en Suisse | Toutes les cartes sont accept\u00e9es !\" \/>\n<meta property=\"og:url\" content=\"https:\/\/www.tabakversand.ch\/fr\/produit\/xikar-lighter-forte-soft-black-burl-allume-cigare\/\" \/>\n<meta property=\"og:site_name\" content=\"Tabakversand.ch | Alles aus der Welt des Tabaks\" \/>\n<meta property=\"article:modified_time\" content=\"2026-04-08T14:23:03+00:00\" \/>\n<meta property=\"og:image\" content=\"https:\/\/www.tabakversand.ch\/wp-content\/uploads\/2022\/03\/xikar-lighter-forte-soft-black-burl.jpg\" \/>\n\t<meta property=\"og:image:width\" content=\"500\" \/>\n\t<meta property=\"og:image:height\" content=\"500\" \/>\n\t<meta property=\"og:image:type\" content=\"image\/jpeg\" \/>\n<meta name=\"twitter:card\" content=\"summary_large_image\" \/>\n<meta name=\"twitter:label1\" content=\"Dur\u00e9e de lecture estim\u00e9e\" \/>\n\t<meta name=\"twitter:data1\" content=\"1 minute\" \/>\n<script type=\"application\/ld+json\" class=\"yoast-schema-graph\">{\"@context\":\"https:\/\/schema.org\",\"@graph\":[{\"@type\":\"WebPage\",\"@id\":\"https:\/\/www.tabakversand.ch\/fr\/produit\/xikar-lighter-forte-soft-black-burl-allume-cigare\/\",\"url\":\"https:\/\/www.tabakversand.ch\/fr\/produit\/xikar-lighter-forte-soft-black-burl-allume-cigare\/\",\"name\":\"Briquet \u00e0 cigares Xikar Lighter Forte Soft en loupe noire - Tabakversand.ch | Alles aus der Welt des Tabaks\",\"isPartOf\":{\"@id\":\"https:\/\/www.tabakversand.ch\/#website\"},\"primaryImageOfPage\":{\"@id\":\"https:\/\/www.tabakversand.ch\/fr\/produit\/xikar-lighter-forte-soft-black-burl-allume-cigare\/#primaryimage\"},\"image\":{\"@id\":\"https:\/\/www.tabakversand.ch\/fr\/produit\/xikar-lighter-forte-soft-black-burl-allume-cigare\/#primaryimage\"},\"thumbnailUrl\":\"https:\/\/www.tabakversand.ch\/wp-content\/uploads\/2022\/03\/xikar-lighter-forte-soft-black-burl.jpg\",\"datePublished\":\"2022-04-02T09:18:04+00:00\",\"dateModified\":\"2026-04-08T14:23:03+00:00\",\"description\":\"Briquet \u00e0 cigares Xikar Lighter Forte Soft en loupe noire | Le plus grand choix de produits du tabac de qualit\u00e9 sup\u00e9rieure en Suisse | Toutes les cartes sont accept\u00e9es !\",\"breadcrumb\":{\"@id\":\"https:\/\/www.tabakversand.ch\/fr\/produit\/xikar-lighter-forte-soft-black-burl-allume-cigare\/#breadcrumb\"},\"inLanguage\":\"fr-FR\",\"potentialAction\":[{\"@type\":\"ReadAction\",\"target\":[\"https:\/\/www.tabakversand.ch\/fr\/produit\/xikar-lighter-forte-soft-black-burl-allume-cigare\/\"]}]},{\"@type\":\"ImageObject\",\"inLanguage\":\"fr-FR\",\"@id\":\"https:\/\/www.tabakversand.ch\/fr\/produit\/xikar-lighter-forte-soft-black-burl-allume-cigare\/#primaryimage\",\"url\":\"https:\/\/www.tabakversand.ch\/wp-content\/uploads\/2022\/03\/xikar-lighter-forte-soft-black-burl.jpg\",\"contentUrl\":\"https:\/\/www.tabakversand.ch\/wp-content\/uploads\/2022\/03\/xikar-lighter-forte-soft-black-burl.jpg\",\"width\":500,\"height\":500,\"caption\":\"Briquet \u00e0 cigares Xikar Lighter Forte Soft en loupe noire\"},{\"@type\":\"BreadcrumbList\",\"@id\":\"https:\/\/www.tabakversand.ch\/fr\/produit\/xikar-lighter-forte-soft-black-burl-allume-cigare\/#breadcrumb\",\"itemListElement\":[{\"@type\":\"ListItem\",\"position\":1,\"name\":\"Startseite\",\"item\":\"https:\/\/www.tabakversand.ch\/\"},{\"@type\":\"ListItem\",\"position\":2,\"name\":\"Boutique\",\"item\":\"https:\/\/www.tabakversand.ch\/fr\/boutique\/\"},{\"@type\":\"ListItem\",\"position\":3,\"name\":\"Briquet \u00e0 cigares Xikar Lighter Forte Soft en loupe noire\"}]},{\"@type\":\"WebSite\",\"@id\":\"https:\/\/www.tabakversand.ch\/#website\",\"url\":\"https:\/\/www.tabakversand.ch\/\",\"name\":\"Tabakversand.ch | Alles aus der Welt des Tabaks\",\"description\":\"Smoke and carpe diem\",\"potentialAction\":[{\"@type\":\"SearchAction\",\"target\":{\"@type\":\"EntryPoint\",\"urlTemplate\":\"https:\/\/www.tabakversand.ch\/?s={search_term_string}\"},\"query-input\":{\"@type\":\"PropertyValueSpecification\",\"valueRequired\":true,\"valueName\":\"search_term_string\"}}],\"inLanguage\":\"fr-FR\"}]}<\/script>\n<!-- \/ Yoast SEO plugin. -->","yoast_head_json":{"title":"Briquet \u00e0 cigares Xikar Lighter Forte Soft en loupe noire - Tabakversand.ch | Alles aus der Welt des Tabaks","description":"Briquet \u00e0 cigares Xikar Lighter Forte Soft en loupe noire | Le plus grand choix de produits du tabac de qualit\u00e9 sup\u00e9rieure en Suisse | Toutes les cartes sont accept\u00e9es !","robots":{"index":"index","follow":"follow","max-snippet":"max-snippet:-1","max-image-preview":"max-image-preview:large","max-video-preview":"max-video-preview:-1"},"canonical":"https:\/\/www.tabakversand.ch\/fr\/produit\/xikar-lighter-forte-soft-black-burl-allume-cigare\/","og_locale":"fr_FR","og_type":"article","og_title":"Briquet \u00e0 cigares Xikar Lighter Forte Soft en loupe noire - Tabakversand.ch | Alles aus der Welt des Tabaks","og_description":"Briquet \u00e0 cigares Xikar Lighter Forte Soft en loupe noire | Le plus grand choix de produits du tabac de qualit\u00e9 sup\u00e9rieure en Suisse | Toutes les cartes sont accept\u00e9es !","og_url":"https:\/\/www.tabakversand.ch\/fr\/produit\/xikar-lighter-forte-soft-black-burl-allume-cigare\/","og_site_name":"Tabakversand.ch | Alles aus der Welt des Tabaks","article_modified_time":"2026-04-08T14:23:03+00:00","og_image":[{"width":500,"height":500,"url":"https:\/\/www.tabakversand.ch\/wp-content\/uploads\/2022\/03\/xikar-lighter-forte-soft-black-burl.jpg","type":"image\/jpeg"}],"twitter_card":"summary_large_image","twitter_misc":{"Dur\u00e9e de lecture estim\u00e9e":"1 minute"},"schema":{"@context":"https:\/\/schema.org","@graph":[{"@type":"WebPage","@id":"https:\/\/www.tabakversand.ch\/fr\/produit\/xikar-lighter-forte-soft-black-burl-allume-cigare\/","url":"https:\/\/www.tabakversand.ch\/fr\/produit\/xikar-lighter-forte-soft-black-burl-allume-cigare\/","name":"Briquet \u00e0 cigares Xikar Lighter Forte Soft en loupe noire - Tabakversand.ch | Alles aus der Welt des Tabaks","isPartOf":{"@id":"https:\/\/www.tabakversand.ch\/#website"},"primaryImageOfPage":{"@id":"https:\/\/www.tabakversand.ch\/fr\/produit\/xikar-lighter-forte-soft-black-burl-allume-cigare\/#primaryimage"},"image":{"@id":"https:\/\/www.tabakversand.ch\/fr\/produit\/xikar-lighter-forte-soft-black-burl-allume-cigare\/#primaryimage"},"thumbnailUrl":"https:\/\/www.tabakversand.ch\/wp-content\/uploads\/2022\/03\/xikar-lighter-forte-soft-black-burl.jpg","datePublished":"2022-04-02T09:18:04+00:00","dateModified":"2026-04-08T14:23:03+00:00","description":"Briquet \u00e0 cigares Xikar Lighter Forte Soft en loupe noire | Le plus grand choix de produits du tabac de qualit\u00e9 sup\u00e9rieure en Suisse | Toutes les cartes sont accept\u00e9es !","breadcrumb":{"@id":"https:\/\/www.tabakversand.ch\/fr\/produit\/xikar-lighter-forte-soft-black-burl-allume-cigare\/#breadcrumb"},"inLanguage":"fr-FR","potentialAction":[{"@type":"ReadAction","target":["https:\/\/www.tabakversand.ch\/fr\/produit\/xikar-lighter-forte-soft-black-burl-allume-cigare\/"]}]},{"@type":"ImageObject","inLanguage":"fr-FR","@id":"https:\/\/www.tabakversand.ch\/fr\/produit\/xikar-lighter-forte-soft-black-burl-allume-cigare\/#primaryimage","url":"https:\/\/www.tabakversand.ch\/wp-content\/uploads\/2022\/03\/xikar-lighter-forte-soft-black-burl.jpg","contentUrl":"https:\/\/www.tabakversand.ch\/wp-content\/uploads\/2022\/03\/xikar-lighter-forte-soft-black-burl.jpg","width":500,"height":500,"caption":"Briquet \u00e0 cigares Xikar Lighter Forte Soft en loupe noire"},{"@type":"BreadcrumbList","@id":"https:\/\/www.tabakversand.ch\/fr\/produit\/xikar-lighter-forte-soft-black-burl-allume-cigare\/#breadcrumb","itemListElement":[{"@type":"ListItem","position":1,"name":"Startseite","item":"https:\/\/www.tabakversand.ch\/"},{"@type":"ListItem","position":2,"name":"Boutique","item":"https:\/\/www.tabakversand.ch\/fr\/boutique\/"},{"@type":"ListItem","position":3,"name":"Briquet \u00e0 cigares Xikar Lighter Forte Soft en loupe noire"}]},{"@type":"WebSite","@id":"https:\/\/www.tabakversand.ch\/#website","url":"https:\/\/www.tabakversand.ch\/","name":"Tabakversand.ch | Alles aus der Welt des Tabaks","description":"Smoke and carpe diem","potentialAction":[{"@type":"SearchAction","target":{"@type":"EntryPoint","urlTemplate":"https:\/\/www.tabakversand.ch\/?s={search_term_string}"},"query-input":{"@type":"PropertyValueSpecification","valueRequired":true,"valueName":"search_term_string"}}],"inLanguage":"fr-FR"}]}},"_links":{"self":[{"href":"https:\/\/www.tabakversand.ch\/fr\/wp-json\/wp\/v2\/product\/78005","targetHints":{"allow":["GET"]}}],"collection":[{"href":"https:\/\/www.tabakversand.ch\/fr\/wp-json\/wp\/v2\/product"}],"about":[{"href":"https:\/\/www.tabakversand.ch\/fr\/wp-json\/wp\/v2\/types\/product"}],"version-history":[{"count":3,"href":"https:\/\/www.tabakversand.ch\/fr\/wp-json\/wp\/v2\/product\/78005\/revisions"}],"predecessor-version":[{"id":217449,"href":"https:\/\/www.tabakversand.ch\/fr\/wp-json\/wp\/v2\/product\/78005\/revisions\/217449"}],"wp:featuredmedia":[{"embeddable":true,"href":"https:\/\/www.tabakversand.ch\/fr\/wp-json\/wp\/v2\/media\/78006"}],"wp:attachment":[{"href":"https:\/\/www.tabakversand.ch\/fr\/wp-json\/wp\/v2\/media?parent=78005"}],"wp:term":[{"taxonomy":"product_brand","embeddable":true,"href":"https:\/\/www.tabakversand.ch\/fr\/wp-json\/wp\/v2\/product_brand?post=78005"},{"taxonomy":"product_cat","embeddable":true,"href":"https:\/\/www.tabakversand.ch\/fr\/wp-json\/wp\/v2\/product_cat?post=78005"},{"taxonomy":"product_tag","embeddable":true,"href":"https:\/\/www.tabakversand.ch\/fr\/wp-json\/wp\/v2\/product_tag?post=78005"}],"curies":[{"name":"wp","href":"https:\/\/api.w.org\/{rel}","templated":true}]}}