{"id":78111,"date":"2022-04-02T11:18:04","date_gmt":"2022-04-02T09:18:04","guid":{"rendered":"http:\/\/www.tabakversand.ch\/produkt\/xikar-cigar-case-envoy-cuir-noir-1-cigare\/"},"modified":"2022-10-07T14:49:51","modified_gmt":"2022-10-07T12:49:51","slug":"xikar-cigare-case-envoy-cuir-noir-1-cigare","status":"publish","type":"product","link":"https:\/\/www.tabakversand.ch\/fr\/produit\/xikar-cigare-case-envoy-cuir-noir-1-cigare\/","title":{"rendered":"Xikar Cigar Case Envoy Cuir noir 1 Cigare"},"content":{"rendered":"<h1>Xikar Cigar Case Envoy Cuir noir<\/h1>\n<h2>1 cigare<\/h2>\n<p>  Chaque \u00e9tui \u00e0 cigares Envoy contient un, deux ou trois cigares jusqu\u2019\u00e0 une taille de Ring 54. Chaque pi\u00e8ce a un look bien habill\u00e9 et une sensation douce. Des coutures contrast\u00e9es s\u00e9curisent le cuir et lui donnent un aspect contemporain. La doublure int\u00e9rieure du bo\u00eetier incassable, en bois de c\u00e8dre espagnol v\u00e9ritable, maintient l\u2019humidit\u00e9 ambiante du cigare et projette l\u2019odeur de c\u00e8dre frais d\u2019un humidor. Des capuchons m\u00e9talliques \u00e9l\u00e9gants couvrent chaque extr\u00e9mit\u00e9 et renforcent le bo\u00eetier.<br \/>  &nbsp;<\/p>\n<p>  &nbsp;<br \/>Tous les prix ne sont valables que pour les commandes en ligne et comprennent La TVA, sont sujettes \u00e0 changement plus la TVA. Frais d\u2019exp\u00e9dition. Erreurs, changements dans l\u2019\u00e9tendue de la livraison et de la conception, erreurs d\u2019impression et changements de prix r\u00e9serv\u00e9s. Les prix barr\u00e9s sont stattpreise. L\u2019illustration peut diff\u00e9rer de l\u2019original \/ de la port\u00e9e de la livraison.<br \/>\n*Livraison gratuite \u00e0 partir de CHF 250.- valeur de la commande.<\/p>\n","protected":false},"excerpt":{"rendered":"<p>Xikar Cigar Case Envoy Cuir noir 1 cigare Chaque \u00e9tui \u00e0 cigares Envoy contient un, deux ou trois cigares jusqu\u2019\u00e0 une taille de Ring 54. Chaque pi\u00e8ce a un look bien habill\u00e9 et une sensation douce. Des coutures contrast\u00e9es s\u00e9curisent le cuir et lui donnent un aspect contemporain. La doublure int\u00e9rieure du bo\u00eetier incassable, en [&hellip;]<\/p>\n","protected":false},"featured_media":78112,"template":"","meta":[],"product_brand":[1703],"product_cat":[2119,2398,1994],"product_tag":[],"class_list":{"0":"post-78111","1":"product","2":"type-product","3":"status-publish","4":"has-post-thumbnail","6":"product_brand-xikar-raucherbedarf","7":"product_cat-accessoires-pour-cigares","8":"product_cat-etui-a-cigares","9":"product_cat-monde-du-cigare","11":"first","12":"onbackorder","13":"purchasable","14":"product-type-simple"},"yoast_head":"<!-- This site is optimized with the Yoast SEO plugin v27.5 - https:\/\/yoast.com\/product\/yoast-seo-wordpress\/ -->\n<title>Xikar Cigar Case Envoy Cuir noir 1 Cigare - Tabakversand.ch | Alles aus der Welt des Tabaks<\/title>\n<meta name=\"description\" content=\"Xikar Cigar Case Envoy Cuir noir 1 Cigar | La plus grande s\u00e9lection de produits du tabac de Suisse | Toutes les cartes sont accept\u00e9es!\" \/>\n<meta name=\"robots\" content=\"index, follow, max-snippet:-1, max-image-preview:large, max-video-preview:-1\" \/>\n<link rel=\"canonical\" href=\"https:\/\/www.tabakversand.ch\/?post_type=product&p=55495\" \/>\n<meta property=\"og:locale\" content=\"fr_FR\" \/>\n<meta property=\"og:type\" content=\"article\" \/>\n<meta property=\"og:title\" content=\"Xikar Cigar Case Envoy Cuir noir 1 Cigare - Tabakversand.ch | Alles aus der Welt des Tabaks\" \/>\n<meta property=\"og:description\" content=\"Xikar Cigar Case Envoy Cuir noir 1 Cigar | La plus grande s\u00e9lection de produits du tabac de Suisse | Toutes les cartes sont accept\u00e9es!\" \/>\n<meta property=\"og:url\" content=\"https:\/\/www.tabakversand.ch\/?post_type=product&amp;p=55495\" \/>\n<meta property=\"og:site_name\" content=\"Tabakversand.ch | Alles aus der Welt des Tabaks\" \/>\n<meta property=\"article:modified_time\" content=\"2022-10-07T12:49:51+00:00\" \/>\n<meta property=\"og:image\" content=\"https:\/\/www.tabakversand.ch\/wp-content\/uploads\/2022\/03\/xikar-cigar-case-1-cigar-black-241bk.jpg\" \/>\n\t<meta property=\"og:image:width\" content=\"450\" \/>\n\t<meta property=\"og:image:height\" content=\"400\" \/>\n\t<meta property=\"og:image:type\" content=\"image\/jpeg\" \/>\n<meta name=\"twitter:card\" content=\"summary_large_image\" \/>\n<meta name=\"twitter:label1\" content=\"Dur\u00e9e de lecture estim\u00e9e\" \/>\n\t<meta name=\"twitter:data1\" content=\"1 minute\" \/>\n<script type=\"application\/ld+json\" class=\"yoast-schema-graph\">{\"@context\":\"https:\\\/\\\/schema.org\",\"@graph\":[{\"@type\":\"WebPage\",\"@id\":\"https:\\\/\\\/www.tabakversand.ch\\\/?post_type=product&p=55495\",\"url\":\"https:\\\/\\\/www.tabakversand.ch\\\/?post_type=product&p=55495\",\"name\":\"Xikar Cigar Case Envoy Cuir noir 1 Cigare - Tabakversand.ch | Alles aus der Welt des Tabaks\",\"isPartOf\":{\"@id\":\"https:\\\/\\\/www.tabakversand.ch\\\/#website\"},\"primaryImageOfPage\":{\"@id\":\"https:\\\/\\\/www.tabakversand.ch\\\/?post_type=product&p=55495#primaryimage\"},\"image\":{\"@id\":\"https:\\\/\\\/www.tabakversand.ch\\\/?post_type=product&p=55495#primaryimage\"},\"thumbnailUrl\":\"https:\\\/\\\/www.tabakversand.ch\\\/wp-content\\\/uploads\\\/2022\\\/03\\\/xikar-cigar-case-1-cigar-black-241bk.jpg\",\"datePublished\":\"2022-04-02T09:18:04+00:00\",\"dateModified\":\"2022-10-07T12:49:51+00:00\",\"description\":\"Xikar Cigar Case Envoy Cuir noir 1 Cigar | La plus grande s\u00e9lection de produits du tabac de Suisse | Toutes les cartes sont accept\u00e9es!\",\"breadcrumb\":{\"@id\":\"https:\\\/\\\/www.tabakversand.ch\\\/?post_type=product&p=55495#breadcrumb\"},\"inLanguage\":\"fr-FR\",\"potentialAction\":[{\"@type\":\"ReadAction\",\"target\":[\"https:\\\/\\\/www.tabakversand.ch\\\/?post_type=product&p=55495\"]}]},{\"@type\":\"ImageObject\",\"inLanguage\":\"fr-FR\",\"@id\":\"https:\\\/\\\/www.tabakversand.ch\\\/?post_type=product&p=55495#primaryimage\",\"url\":\"https:\\\/\\\/www.tabakversand.ch\\\/wp-content\\\/uploads\\\/2022\\\/03\\\/xikar-cigar-case-1-cigar-black-241bk.jpg\",\"contentUrl\":\"https:\\\/\\\/www.tabakversand.ch\\\/wp-content\\\/uploads\\\/2022\\\/03\\\/xikar-cigar-case-1-cigar-black-241bk.jpg\",\"width\":450,\"height\":400,\"caption\":\"Xikar Cigar Case Envoy Cuir noir 1 Cigare\"},{\"@type\":\"BreadcrumbList\",\"@id\":\"https:\\\/\\\/www.tabakversand.ch\\\/?post_type=product&p=55495#breadcrumb\",\"itemListElement\":[{\"@type\":\"ListItem\",\"position\":1,\"name\":\"Startseite\",\"item\":\"https:\\\/\\\/www.tabakversand.ch\\\/\"},{\"@type\":\"ListItem\",\"position\":2,\"name\":\"Boutique\",\"item\":\"https:\\\/\\\/www.tabakversand.ch\\\/fr\\\/boutique\\\/\"},{\"@type\":\"ListItem\",\"position\":3,\"name\":\"Xikar Cigar Case Envoy Cuir noir 1 Cigare\"}]},{\"@type\":\"WebSite\",\"@id\":\"https:\\\/\\\/www.tabakversand.ch\\\/#website\",\"url\":\"https:\\\/\\\/www.tabakversand.ch\\\/\",\"name\":\"Tabakversand.ch | Alles aus der Welt des Tabaks\",\"description\":\"Smoke and carpe diem\",\"potentialAction\":[{\"@type\":\"SearchAction\",\"target\":{\"@type\":\"EntryPoint\",\"urlTemplate\":\"https:\\\/\\\/www.tabakversand.ch\\\/?s={search_term_string}\"},\"query-input\":{\"@type\":\"PropertyValueSpecification\",\"valueRequired\":true,\"valueName\":\"search_term_string\"}}],\"inLanguage\":\"fr-FR\"}]}<\/script>\n<!-- \/ Yoast SEO plugin. -->","yoast_head_json":{"title":"Xikar Cigar Case Envoy Cuir noir 1 Cigare - Tabakversand.ch | Alles aus der Welt des Tabaks","description":"Xikar Cigar Case Envoy Cuir noir 1 Cigar | La plus grande s\u00e9lection de produits du tabac de Suisse | Toutes les cartes sont accept\u00e9es!","robots":{"index":"index","follow":"follow","max-snippet":"max-snippet:-1","max-image-preview":"max-image-preview:large","max-video-preview":"max-video-preview:-1"},"canonical":"https:\/\/www.tabakversand.ch\/?post_type=product&p=55495","og_locale":"fr_FR","og_type":"article","og_title":"Xikar Cigar Case Envoy Cuir noir 1 Cigare - Tabakversand.ch | Alles aus der Welt des Tabaks","og_description":"Xikar Cigar Case Envoy Cuir noir 1 Cigar | La plus grande s\u00e9lection de produits du tabac de Suisse | Toutes les cartes sont accept\u00e9es!","og_url":"https:\/\/www.tabakversand.ch\/?post_type=product&p=55495","og_site_name":"Tabakversand.ch | Alles aus der Welt des Tabaks","article_modified_time":"2022-10-07T12:49:51+00:00","og_image":[{"width":450,"height":400,"url":"https:\/\/www.tabakversand.ch\/wp-content\/uploads\/2022\/03\/xikar-cigar-case-1-cigar-black-241bk.jpg","type":"image\/jpeg"}],"twitter_card":"summary_large_image","twitter_misc":{"Dur\u00e9e de lecture estim\u00e9e":"1 minute"},"schema":{"@context":"https:\/\/schema.org","@graph":[{"@type":"WebPage","@id":"https:\/\/www.tabakversand.ch\/?post_type=product&p=55495","url":"https:\/\/www.tabakversand.ch\/?post_type=product&p=55495","name":"Xikar Cigar Case Envoy Cuir noir 1 Cigare - Tabakversand.ch | Alles aus der Welt des Tabaks","isPartOf":{"@id":"https:\/\/www.tabakversand.ch\/#website"},"primaryImageOfPage":{"@id":"https:\/\/www.tabakversand.ch\/?post_type=product&p=55495#primaryimage"},"image":{"@id":"https:\/\/www.tabakversand.ch\/?post_type=product&p=55495#primaryimage"},"thumbnailUrl":"https:\/\/www.tabakversand.ch\/wp-content\/uploads\/2022\/03\/xikar-cigar-case-1-cigar-black-241bk.jpg","datePublished":"2022-04-02T09:18:04+00:00","dateModified":"2022-10-07T12:49:51+00:00","description":"Xikar Cigar Case Envoy Cuir noir 1 Cigar | La plus grande s\u00e9lection de produits du tabac de Suisse | Toutes les cartes sont accept\u00e9es!","breadcrumb":{"@id":"https:\/\/www.tabakversand.ch\/?post_type=product&p=55495#breadcrumb"},"inLanguage":"fr-FR","potentialAction":[{"@type":"ReadAction","target":["https:\/\/www.tabakversand.ch\/?post_type=product&p=55495"]}]},{"@type":"ImageObject","inLanguage":"fr-FR","@id":"https:\/\/www.tabakversand.ch\/?post_type=product&p=55495#primaryimage","url":"https:\/\/www.tabakversand.ch\/wp-content\/uploads\/2022\/03\/xikar-cigar-case-1-cigar-black-241bk.jpg","contentUrl":"https:\/\/www.tabakversand.ch\/wp-content\/uploads\/2022\/03\/xikar-cigar-case-1-cigar-black-241bk.jpg","width":450,"height":400,"caption":"Xikar Cigar Case Envoy Cuir noir 1 Cigare"},{"@type":"BreadcrumbList","@id":"https:\/\/www.tabakversand.ch\/?post_type=product&p=55495#breadcrumb","itemListElement":[{"@type":"ListItem","position":1,"name":"Startseite","item":"https:\/\/www.tabakversand.ch\/"},{"@type":"ListItem","position":2,"name":"Boutique","item":"https:\/\/www.tabakversand.ch\/fr\/boutique\/"},{"@type":"ListItem","position":3,"name":"Xikar Cigar Case Envoy Cuir noir 1 Cigare"}]},{"@type":"WebSite","@id":"https:\/\/www.tabakversand.ch\/#website","url":"https:\/\/www.tabakversand.ch\/","name":"Tabakversand.ch | Alles aus der Welt des Tabaks","description":"Smoke and carpe diem","potentialAction":[{"@type":"SearchAction","target":{"@type":"EntryPoint","urlTemplate":"https:\/\/www.tabakversand.ch\/?s={search_term_string}"},"query-input":{"@type":"PropertyValueSpecification","valueRequired":true,"valueName":"search_term_string"}}],"inLanguage":"fr-FR"}]}},"_links":{"self":[{"href":"https:\/\/www.tabakversand.ch\/fr\/wp-json\/wp\/v2\/product\/78111","targetHints":{"allow":["GET"]}}],"collection":[{"href":"https:\/\/www.tabakversand.ch\/fr\/wp-json\/wp\/v2\/product"}],"about":[{"href":"https:\/\/www.tabakversand.ch\/fr\/wp-json\/wp\/v2\/types\/product"}],"version-history":[{"count":0,"href":"https:\/\/www.tabakversand.ch\/fr\/wp-json\/wp\/v2\/product\/78111\/revisions"}],"wp:featuredmedia":[{"embeddable":true,"href":"https:\/\/www.tabakversand.ch\/fr\/wp-json\/wp\/v2\/media\/78112"}],"wp:attachment":[{"href":"https:\/\/www.tabakversand.ch\/fr\/wp-json\/wp\/v2\/media?parent=78111"}],"wp:term":[{"taxonomy":"product_brand","embeddable":true,"href":"https:\/\/www.tabakversand.ch\/fr\/wp-json\/wp\/v2\/product_brand?post=78111"},{"taxonomy":"product_cat","embeddable":true,"href":"https:\/\/www.tabakversand.ch\/fr\/wp-json\/wp\/v2\/product_cat?post=78111"},{"taxonomy":"product_tag","embeddable":true,"href":"https:\/\/www.tabakversand.ch\/fr\/wp-json\/wp\/v2\/product_tag?post=78111"}],"curies":[{"name":"wp","href":"https:\/\/api.w.org\/{rel}","templated":true}]}}