{"id":78352,"date":"2022-04-02T11:08:24","date_gmt":"2022-04-02T09:08:24","guid":{"rendered":"http:\/\/www.tabakversand.ch\/produkt\/villiger-1492-minutos-8-er-case-cigares\/"},"modified":"2026-03-02T15:53:18","modified_gmt":"2026-03-02T14:53:18","slug":"villiger-1492-minutos-8-er-etui-cigares","status":"publish","type":"product","link":"https:\/\/www.tabakversand.ch\/fr\/produit\/villiger-1492-minutos-8-er-etui-cigares\/","title":{"rendered":"Villiger 1492 Minutos"},"content":{"rendered":"<h1>Villiger 1492 Minutos<\/h1>\n<p>Un luxe compact pour chaque instant<\/p>\n<p>Les Villiger 1492 Minutos allient un savoir-faire exclusif \u00e0 un ar\u00f4me intense \u2013 parfaits pour ceux qui recherchent un plaisir haut de gamme dans un format compact. Id\u00e9aux pour de courts moments de d\u00e9tente sans compromis sur la qualit\u00e9 ni le go\u00fbt. <\/p>\n<p>Gr\u00e2ce \u00e0 un m\u00e9lange de tabacs soigneusement \u00e9labor\u00e9, chaque cigare d\u00e9voile un ar\u00f4me riche et cors\u00e9, subtilement \u00e9pic\u00e9. La combustion r\u00e9guli\u00e8re et le tirage optimal garantissent une exp\u00e9rience de d\u00e9gustation parfaitement satisfaisante. <\/p>\n<p>1 x 8 pi\u00e8ces.<\/p>\n<p>Moments forts des 1492 minutes de Villiger<\/p>\n<ul>\n<li>Format compact pour des moments de plaisir flexibles<\/li>\n<li>Ar\u00f4me riche et harmonieux d&rsquo;\u00e9pices<\/li>\n<li>Un savoir-faire de haute qualit\u00e9 sign\u00e9 Villiger<\/li>\n<li>combustion constante et uniforme<\/li>\n<\/ul>\n<p>Longueur : 102 mm<br \/>\n Diam\u00e8tre : 11,9 mm<br \/>\n Ins\u00e9rer&nbsp;: Seco Piloto, Ligero Piloto Santo Domingo, Seco Olor Santo Domingo<br \/>\n Couverture : Graines Connecticut d&rsquo;\u00c9quateur<br \/>\n Liant : Indon\u00e9sie Java Besuki<\/p>\n<p>Que ce soit pour un moment \u00e9l\u00e9gant entre deux boissons ou pour accompagner un caf\u00e9 ou d&rsquo;autres boissons, les Villiger 1492 Minutos offrent un plaisir haut de gamme qui convainc.<\/p>\n<p>Un cigare doux mais aromatique. Id\u00e9al pour combler les courtes pauses.<\/p>\n<p>Chez tabakversand.ch, vos Minutos Villiger 1492 vous sont livr\u00e9s fra\u00eechement conserv\u00e9s dans leur emballage d&rsquo;origine. Un stockage soign\u00e9 garantit la pr\u00e9servation optimale de leur ar\u00f4me, de leur humidit\u00e9 et de leur qualit\u00e9 jusqu&rsquo;\u00e0 l&rsquo;exp\u00e9dition. Gr\u00e2ce \u00e0 une livraison rapide en Suisse, vos Minutos vous parviendront g\u00e9n\u00e9ralement sous peu.  <\/p>\n<p>Pour plus d&rsquo;informations sur le fabricant, Villiger S\u00f6hne Holding, veuillez consulter la page Wikip\u00e9dia correspondante&nbsp;: <a href=\"https:\/\/de.wikipedia.org\/wiki\/Villiger_S%C3%B6hne_Holding\">cliquez ici<\/a> . Si vous avez des questions concernant le produit, n&rsquo;h\u00e9sitez pas \u00e0 nous contacter&nbsp;: <a href=\"https:\/\/www.tabakversand.ch\/kontakt\/\">cliquez ici<\/a> . <\/p>\n<p>Tous les prix s&rsquo;appliquent uniquement aux commandes en ligne et incluent la TVA. Sous r\u00e9serve de modifications sans pr\u00e9avis, frais de livraison en sus. Sous r\u00e9serve d&rsquo;erreurs, de modifications de contenu de livraison et de conception, de fautes d&rsquo;impression et de modifications de prix. Les prix barr\u00e9s sont des prix de remplacement. Les illustrations peuvent diff\u00e9rer de l&rsquo;original\/du contenu de livraison.<br \/>\n*Livraison gratuite pour les commandes sup\u00e9rieures \u00e0 CHF 250.-.<\/p>\n","protected":false},"excerpt":{"rendered":"<p>Villiger 1492 Minutos Un luxe compact pour chaque instant Les Villiger 1492 Minutos allient un savoir-faire exclusif \u00e0 un ar\u00f4me intense \u2013 parfaits pour ceux qui recherchent un plaisir haut de gamme dans un format compact. Id\u00e9aux pour de courts moments de d\u00e9tente sans compromis sur la qualit\u00e9 ni le go\u00fbt. Gr\u00e2ce \u00e0 un m\u00e9lange [&hellip;]<\/p>\n","protected":false},"featured_media":78353,"template":"","meta":[],"product_brand":[],"product_cat":[1993,1994,1992,2524,2715],"product_tag":[],"class_list":{"0":"post-78352","1":"product","2":"type-product","3":"status-publish","4":"has-post-thumbnail","6":"product_cat-cigares","7":"product_cat-monde-du-cigare","8":"product_cat-republique-dominicaine","9":"product_cat-villiger-fr-2","10":"product_cat-villiger-1492-fr","12":"first","13":"instock","14":"purchasable","15":"product-type-simple"},"yoast_head":"<!-- This site is optimized with the Yoast SEO plugin v27.5 - https:\/\/yoast.com\/product\/yoast-seo-wordpress\/ -->\n<title>Villiger 1492 Minutos - Tabakversand.ch | Alles aus der Welt des Tabaks<\/title>\n<meta name=\"description\" content=\"Villiger 1492 Minutos \u2013 cigares premium compacts \u00e0 l&#039;ar\u00f4me riche et \u00e0 la combustion parfaite. D\u00e9couvrez-les en ligne d\u00e8s maintenant et offrez-vous une exp\u00e9rience exclusive\u00a0!\" \/>\n<meta name=\"robots\" content=\"index, follow, max-snippet:-1, max-image-preview:large, max-video-preview:-1\" \/>\n<link rel=\"canonical\" href=\"https:\/\/www.tabakversand.ch\/fr\/produit\/villiger-1492-minutos-8-er-etui-cigares\/\" \/>\n<meta property=\"og:locale\" content=\"fr_FR\" \/>\n<meta property=\"og:type\" content=\"article\" \/>\n<meta property=\"og:title\" content=\"Villiger 1492 Minutos - Tabakversand.ch | Alles aus der Welt des Tabaks\" \/>\n<meta property=\"og:description\" content=\"Villiger 1492 Minutos \u2013 cigares premium compacts \u00e0 l&#039;ar\u00f4me riche et \u00e0 la combustion parfaite. D\u00e9couvrez-les en ligne d\u00e8s maintenant et offrez-vous une exp\u00e9rience exclusive\u00a0!\" \/>\n<meta property=\"og:url\" content=\"https:\/\/www.tabakversand.ch\/fr\/produit\/villiger-1492-minutos-8-er-etui-cigares\/\" \/>\n<meta property=\"og:site_name\" content=\"Tabakversand.ch | Alles aus der Welt des Tabaks\" \/>\n<meta property=\"article:modified_time\" content=\"2026-03-02T14:53:18+00:00\" \/>\n<meta property=\"og:image\" content=\"https:\/\/www.tabakversand.ch\/wp-content\/uploads\/2022\/03\/villiger-1492-minutos-8-etui.jpg\" \/>\n\t<meta property=\"og:image:width\" content=\"500\" \/>\n\t<meta property=\"og:image:height\" content=\"500\" \/>\n\t<meta property=\"og:image:type\" content=\"image\/jpeg\" \/>\n<meta name=\"twitter:card\" content=\"summary_large_image\" \/>\n<meta name=\"twitter:label1\" content=\"Dur\u00e9e de lecture estim\u00e9e\" \/>\n\t<meta name=\"twitter:data1\" content=\"2 minutes\" \/>\n<script type=\"application\/ld+json\" class=\"yoast-schema-graph\">{\"@context\":\"https:\\\/\\\/schema.org\",\"@graph\":[{\"@type\":\"WebPage\",\"@id\":\"https:\\\/\\\/www.tabakversand.ch\\\/fr\\\/produit\\\/villiger-1492-minutos-8-er-etui-cigares\\\/\",\"url\":\"https:\\\/\\\/www.tabakversand.ch\\\/fr\\\/produit\\\/villiger-1492-minutos-8-er-etui-cigares\\\/\",\"name\":\"Villiger 1492 Minutos - Tabakversand.ch | Alles aus der Welt des Tabaks\",\"isPartOf\":{\"@id\":\"https:\\\/\\\/www.tabakversand.ch\\\/#website\"},\"primaryImageOfPage\":{\"@id\":\"https:\\\/\\\/www.tabakversand.ch\\\/fr\\\/produit\\\/villiger-1492-minutos-8-er-etui-cigares\\\/#primaryimage\"},\"image\":{\"@id\":\"https:\\\/\\\/www.tabakversand.ch\\\/fr\\\/produit\\\/villiger-1492-minutos-8-er-etui-cigares\\\/#primaryimage\"},\"thumbnailUrl\":\"https:\\\/\\\/www.tabakversand.ch\\\/wp-content\\\/uploads\\\/2022\\\/03\\\/villiger-1492-minutos-8-etui.jpg\",\"datePublished\":\"2022-04-02T09:08:24+00:00\",\"dateModified\":\"2026-03-02T14:53:18+00:00\",\"description\":\"Villiger 1492 Minutos \u2013 cigares premium compacts \u00e0 l'ar\u00f4me riche et \u00e0 la combustion parfaite. D\u00e9couvrez-les en ligne d\u00e8s maintenant et offrez-vous une exp\u00e9rience exclusive\u00a0!\",\"breadcrumb\":{\"@id\":\"https:\\\/\\\/www.tabakversand.ch\\\/fr\\\/produit\\\/villiger-1492-minutos-8-er-etui-cigares\\\/#breadcrumb\"},\"inLanguage\":\"fr-FR\",\"potentialAction\":[{\"@type\":\"ReadAction\",\"target\":[\"https:\\\/\\\/www.tabakversand.ch\\\/fr\\\/produit\\\/villiger-1492-minutos-8-er-etui-cigares\\\/\"]}]},{\"@type\":\"ImageObject\",\"inLanguage\":\"fr-FR\",\"@id\":\"https:\\\/\\\/www.tabakversand.ch\\\/fr\\\/produit\\\/villiger-1492-minutos-8-er-etui-cigares\\\/#primaryimage\",\"url\":\"https:\\\/\\\/www.tabakversand.ch\\\/wp-content\\\/uploads\\\/2022\\\/03\\\/villiger-1492-minutos-8-etui.jpg\",\"contentUrl\":\"https:\\\/\\\/www.tabakversand.ch\\\/wp-content\\\/uploads\\\/2022\\\/03\\\/villiger-1492-minutos-8-etui.jpg\",\"width\":500,\"height\":500,\"caption\":\"Etui 8 cigares Villiger 1492 Minutos\"},{\"@type\":\"BreadcrumbList\",\"@id\":\"https:\\\/\\\/www.tabakversand.ch\\\/fr\\\/produit\\\/villiger-1492-minutos-8-er-etui-cigares\\\/#breadcrumb\",\"itemListElement\":[{\"@type\":\"ListItem\",\"position\":1,\"name\":\"Startseite\",\"item\":\"https:\\\/\\\/www.tabakversand.ch\\\/\"},{\"@type\":\"ListItem\",\"position\":2,\"name\":\"Boutique\",\"item\":\"https:\\\/\\\/www.tabakversand.ch\\\/fr\\\/boutique\\\/\"},{\"@type\":\"ListItem\",\"position\":3,\"name\":\"Villiger 1492 Minutos\"}]},{\"@type\":\"WebSite\",\"@id\":\"https:\\\/\\\/www.tabakversand.ch\\\/#website\",\"url\":\"https:\\\/\\\/www.tabakversand.ch\\\/\",\"name\":\"Tabakversand.ch | Alles aus der Welt des Tabaks\",\"description\":\"Smoke and carpe diem\",\"potentialAction\":[{\"@type\":\"SearchAction\",\"target\":{\"@type\":\"EntryPoint\",\"urlTemplate\":\"https:\\\/\\\/www.tabakversand.ch\\\/?s={search_term_string}\"},\"query-input\":{\"@type\":\"PropertyValueSpecification\",\"valueRequired\":true,\"valueName\":\"search_term_string\"}}],\"inLanguage\":\"fr-FR\"}]}<\/script>\n<!-- \/ Yoast SEO plugin. -->","yoast_head_json":{"title":"Villiger 1492 Minutos - Tabakversand.ch | Alles aus der Welt des Tabaks","description":"Villiger 1492 Minutos \u2013 cigares premium compacts \u00e0 l'ar\u00f4me riche et \u00e0 la combustion parfaite. D\u00e9couvrez-les en ligne d\u00e8s maintenant et offrez-vous une exp\u00e9rience exclusive\u00a0!","robots":{"index":"index","follow":"follow","max-snippet":"max-snippet:-1","max-image-preview":"max-image-preview:large","max-video-preview":"max-video-preview:-1"},"canonical":"https:\/\/www.tabakversand.ch\/fr\/produit\/villiger-1492-minutos-8-er-etui-cigares\/","og_locale":"fr_FR","og_type":"article","og_title":"Villiger 1492 Minutos - Tabakversand.ch | Alles aus der Welt des Tabaks","og_description":"Villiger 1492 Minutos \u2013 cigares premium compacts \u00e0 l'ar\u00f4me riche et \u00e0 la combustion parfaite. D\u00e9couvrez-les en ligne d\u00e8s maintenant et offrez-vous une exp\u00e9rience exclusive\u00a0!","og_url":"https:\/\/www.tabakversand.ch\/fr\/produit\/villiger-1492-minutos-8-er-etui-cigares\/","og_site_name":"Tabakversand.ch | Alles aus der Welt des Tabaks","article_modified_time":"2026-03-02T14:53:18+00:00","og_image":[{"width":500,"height":500,"url":"https:\/\/www.tabakversand.ch\/wp-content\/uploads\/2022\/03\/villiger-1492-minutos-8-etui.jpg","type":"image\/jpeg"}],"twitter_card":"summary_large_image","twitter_misc":{"Dur\u00e9e de lecture estim\u00e9e":"2 minutes"},"schema":{"@context":"https:\/\/schema.org","@graph":[{"@type":"WebPage","@id":"https:\/\/www.tabakversand.ch\/fr\/produit\/villiger-1492-minutos-8-er-etui-cigares\/","url":"https:\/\/www.tabakversand.ch\/fr\/produit\/villiger-1492-minutos-8-er-etui-cigares\/","name":"Villiger 1492 Minutos - Tabakversand.ch | Alles aus der Welt des Tabaks","isPartOf":{"@id":"https:\/\/www.tabakversand.ch\/#website"},"primaryImageOfPage":{"@id":"https:\/\/www.tabakversand.ch\/fr\/produit\/villiger-1492-minutos-8-er-etui-cigares\/#primaryimage"},"image":{"@id":"https:\/\/www.tabakversand.ch\/fr\/produit\/villiger-1492-minutos-8-er-etui-cigares\/#primaryimage"},"thumbnailUrl":"https:\/\/www.tabakversand.ch\/wp-content\/uploads\/2022\/03\/villiger-1492-minutos-8-etui.jpg","datePublished":"2022-04-02T09:08:24+00:00","dateModified":"2026-03-02T14:53:18+00:00","description":"Villiger 1492 Minutos \u2013 cigares premium compacts \u00e0 l'ar\u00f4me riche et \u00e0 la combustion parfaite. D\u00e9couvrez-les en ligne d\u00e8s maintenant et offrez-vous une exp\u00e9rience exclusive\u00a0!","breadcrumb":{"@id":"https:\/\/www.tabakversand.ch\/fr\/produit\/villiger-1492-minutos-8-er-etui-cigares\/#breadcrumb"},"inLanguage":"fr-FR","potentialAction":[{"@type":"ReadAction","target":["https:\/\/www.tabakversand.ch\/fr\/produit\/villiger-1492-minutos-8-er-etui-cigares\/"]}]},{"@type":"ImageObject","inLanguage":"fr-FR","@id":"https:\/\/www.tabakversand.ch\/fr\/produit\/villiger-1492-minutos-8-er-etui-cigares\/#primaryimage","url":"https:\/\/www.tabakversand.ch\/wp-content\/uploads\/2022\/03\/villiger-1492-minutos-8-etui.jpg","contentUrl":"https:\/\/www.tabakversand.ch\/wp-content\/uploads\/2022\/03\/villiger-1492-minutos-8-etui.jpg","width":500,"height":500,"caption":"Etui 8 cigares Villiger 1492 Minutos"},{"@type":"BreadcrumbList","@id":"https:\/\/www.tabakversand.ch\/fr\/produit\/villiger-1492-minutos-8-er-etui-cigares\/#breadcrumb","itemListElement":[{"@type":"ListItem","position":1,"name":"Startseite","item":"https:\/\/www.tabakversand.ch\/"},{"@type":"ListItem","position":2,"name":"Boutique","item":"https:\/\/www.tabakversand.ch\/fr\/boutique\/"},{"@type":"ListItem","position":3,"name":"Villiger 1492 Minutos"}]},{"@type":"WebSite","@id":"https:\/\/www.tabakversand.ch\/#website","url":"https:\/\/www.tabakversand.ch\/","name":"Tabakversand.ch | Alles aus der Welt des Tabaks","description":"Smoke and carpe diem","potentialAction":[{"@type":"SearchAction","target":{"@type":"EntryPoint","urlTemplate":"https:\/\/www.tabakversand.ch\/?s={search_term_string}"},"query-input":{"@type":"PropertyValueSpecification","valueRequired":true,"valueName":"search_term_string"}}],"inLanguage":"fr-FR"}]}},"_links":{"self":[{"href":"https:\/\/www.tabakversand.ch\/fr\/wp-json\/wp\/v2\/product\/78352","targetHints":{"allow":["GET"]}}],"collection":[{"href":"https:\/\/www.tabakversand.ch\/fr\/wp-json\/wp\/v2\/product"}],"about":[{"href":"https:\/\/www.tabakversand.ch\/fr\/wp-json\/wp\/v2\/types\/product"}],"version-history":[{"count":2,"href":"https:\/\/www.tabakversand.ch\/fr\/wp-json\/wp\/v2\/product\/78352\/revisions"}],"predecessor-version":[{"id":214014,"href":"https:\/\/www.tabakversand.ch\/fr\/wp-json\/wp\/v2\/product\/78352\/revisions\/214014"}],"wp:featuredmedia":[{"embeddable":true,"href":"https:\/\/www.tabakversand.ch\/fr\/wp-json\/wp\/v2\/media\/78353"}],"wp:attachment":[{"href":"https:\/\/www.tabakversand.ch\/fr\/wp-json\/wp\/v2\/media?parent=78352"}],"wp:term":[{"taxonomy":"product_brand","embeddable":true,"href":"https:\/\/www.tabakversand.ch\/fr\/wp-json\/wp\/v2\/product_brand?post=78352"},{"taxonomy":"product_cat","embeddable":true,"href":"https:\/\/www.tabakversand.ch\/fr\/wp-json\/wp\/v2\/product_cat?post=78352"},{"taxonomy":"product_tag","embeddable":true,"href":"https:\/\/www.tabakversand.ch\/fr\/wp-json\/wp\/v2\/product_tag?post=78352"}],"curies":[{"name":"wp","href":"https:\/\/api.w.org\/{rel}","templated":true}]}}