{"id":78828,"date":"2022-04-02T11:06:23","date_gmt":"2022-04-02T09:06:23","guid":{"rendered":"http:\/\/www.tabakversand.ch\/produkt\/xikar-cutter-x8-gauche-64-noir\/"},"modified":"2026-04-08T16:18:34","modified_gmt":"2026-04-08T14:18:34","slug":"xikar-cutter-x8-gauche-64-noir","status":"publish","type":"product","link":"https:\/\/www.tabakversand.ch\/fr\/produit\/xikar-cutter-x8-gauche-64-noir\/","title":{"rendered":"Xikar Cutter X8 Gauche 64 Noir"},"content":{"rendered":"<h1>Xikar Cutter X8 Gauche 64 Noir<\/h1>\n<p>  La d\u00e9coupeuse \u00e0 double lame Classic X8 de Xikar est d\u00e9sormais habill\u00e9e d\u2019un corps en m\u00e9tal lisse pour un look raffin\u00e9 et des performances am\u00e9lior\u00e9es. Ses lames tranchantes en acier inoxydable enl\u00e8vent proprement le capuchon d\u2019un cigare de calibre 64 anneaux.<br \/>  &nbsp;<br \/>Tous les prix s&rsquo;appliquent uniquement aux commandes en ligne et incluent la TVA. Sous r\u00e9serve de modifications sans pr\u00e9avis, frais de livraison en sus. Sous r\u00e9serve d&rsquo;erreurs, de modifications de contenu de livraison et de conception, de fautes d&rsquo;impression et de modifications de prix. Les prix barr\u00e9s sont des prix de remplacement. Les illustrations peuvent diff\u00e9rer de l&rsquo;original\/du contenu de livraison.<br \/>\n*Livraison gratuite pour les commandes sup\u00e9rieures \u00e0 CHF 250.-.<\/p>\n","protected":false},"excerpt":{"rendered":"<p>Xikar Cutter X8 Gauche 64 Noir La d\u00e9coupeuse \u00e0 double lame Classic X8 de Xikar est d\u00e9sormais habill\u00e9e d\u2019un corps en m\u00e9tal lisse pour un look raffin\u00e9 et des performances am\u00e9lior\u00e9es. Ses lames tranchantes en acier inoxydable enl\u00e8vent proprement le capuchon d\u2019un cigare de calibre 64 anneaux. &nbsp;Tous les prix s&rsquo;appliquent uniquement aux commandes en [&hellip;]<\/p>\n","protected":false},"featured_media":78829,"template":"","meta":[],"product_brand":[1703],"product_cat":[2119,2118,3329,1994],"product_tag":[],"class_list":{"0":"post-78828","1":"product","2":"type-product","3":"status-publish","4":"has-post-thumbnail","6":"product_brand-xikar-raucherbedarf","7":"product_cat-accessoires-pour-cigares","8":"product_cat-coupe-cigares","9":"product_cat-coupe-lame-a-double-lame","10":"product_cat-monde-du-cigare","12":"first","13":"instock","14":"purchasable","15":"product-type-simple"},"yoast_head":"<!-- This site is optimized with the Yoast SEO plugin v27.0 - https:\/\/yoast.com\/product\/yoast-seo-wordpress\/ -->\n<title>Xikar Cutter X8 Gauche 64 Noir - Tabakversand.ch | Alles aus der Welt des Tabaks<\/title>\n<meta name=\"description\" content=\"Xikar Cutter X8 Gauche 64 Noir | La plus grande s\u00e9lection de produits du tabac de Suisse | Toutes les cartes sont accept\u00e9es!\" \/>\n<meta name=\"robots\" content=\"index, follow, max-snippet:-1, max-image-preview:large, max-video-preview:-1\" \/>\n<link rel=\"canonical\" href=\"https:\/\/www.tabakversand.ch\/fr\/produit\/xikar-cutter-x8-gauche-64-noir\/\" \/>\n<meta property=\"og:locale\" content=\"fr_FR\" \/>\n<meta property=\"og:type\" content=\"article\" \/>\n<meta property=\"og:title\" content=\"Xikar Cutter X8 Gauche 64 Noir - Tabakversand.ch | Alles aus der Welt des Tabaks\" \/>\n<meta property=\"og:description\" content=\"Xikar Cutter X8 Gauche 64 Noir | La plus grande s\u00e9lection de produits du tabac de Suisse | Toutes les cartes sont accept\u00e9es!\" \/>\n<meta property=\"og:url\" content=\"https:\/\/www.tabakversand.ch\/fr\/produit\/xikar-cutter-x8-gauche-64-noir\/\" \/>\n<meta property=\"og:site_name\" content=\"Tabakversand.ch | Alles aus der Welt des Tabaks\" \/>\n<meta property=\"article:modified_time\" content=\"2026-04-08T14:18:34+00:00\" \/>\n<meta property=\"og:image\" content=\"https:\/\/www.tabakversand.ch\/wp-content\/uploads\/2022\/03\/xikar-cutter-x8-black-208bk.jpg\" \/>\n\t<meta property=\"og:image:width\" content=\"500\" \/>\n\t<meta property=\"og:image:height\" content=\"500\" \/>\n\t<meta property=\"og:image:type\" content=\"image\/jpeg\" \/>\n<meta name=\"twitter:card\" content=\"summary_large_image\" \/>\n<meta name=\"twitter:label1\" content=\"Dur\u00e9e de lecture estim\u00e9e\" \/>\n\t<meta name=\"twitter:data1\" content=\"1 minute\" \/>\n<script type=\"application\/ld+json\" class=\"yoast-schema-graph\">{\"@context\":\"https:\/\/schema.org\",\"@graph\":[{\"@type\":\"WebPage\",\"@id\":\"https:\/\/www.tabakversand.ch\/fr\/produit\/xikar-cutter-x8-gauche-64-noir\/\",\"url\":\"https:\/\/www.tabakversand.ch\/fr\/produit\/xikar-cutter-x8-gauche-64-noir\/\",\"name\":\"Xikar Cutter X8 Gauche 64 Noir - Tabakversand.ch | Alles aus der Welt des Tabaks\",\"isPartOf\":{\"@id\":\"https:\/\/www.tabakversand.ch\/#website\"},\"primaryImageOfPage\":{\"@id\":\"https:\/\/www.tabakversand.ch\/fr\/produit\/xikar-cutter-x8-gauche-64-noir\/#primaryimage\"},\"image\":{\"@id\":\"https:\/\/www.tabakversand.ch\/fr\/produit\/xikar-cutter-x8-gauche-64-noir\/#primaryimage\"},\"thumbnailUrl\":\"https:\/\/www.tabakversand.ch\/wp-content\/uploads\/2022\/03\/xikar-cutter-x8-black-208bk.jpg\",\"datePublished\":\"2022-04-02T09:06:23+00:00\",\"dateModified\":\"2026-04-08T14:18:34+00:00\",\"description\":\"Xikar Cutter X8 Gauche 64 Noir | La plus grande s\u00e9lection de produits du tabac de Suisse | Toutes les cartes sont accept\u00e9es!\",\"breadcrumb\":{\"@id\":\"https:\/\/www.tabakversand.ch\/fr\/produit\/xikar-cutter-x8-gauche-64-noir\/#breadcrumb\"},\"inLanguage\":\"fr-FR\",\"potentialAction\":[{\"@type\":\"ReadAction\",\"target\":[\"https:\/\/www.tabakversand.ch\/fr\/produit\/xikar-cutter-x8-gauche-64-noir\/\"]}]},{\"@type\":\"ImageObject\",\"inLanguage\":\"fr-FR\",\"@id\":\"https:\/\/www.tabakversand.ch\/fr\/produit\/xikar-cutter-x8-gauche-64-noir\/#primaryimage\",\"url\":\"https:\/\/www.tabakversand.ch\/wp-content\/uploads\/2022\/03\/xikar-cutter-x8-black-208bk.jpg\",\"contentUrl\":\"https:\/\/www.tabakversand.ch\/wp-content\/uploads\/2022\/03\/xikar-cutter-x8-black-208bk.jpg\",\"width\":500,\"height\":500,\"caption\":\"Xikar Cutter X8 Gauche 64 Noir\"},{\"@type\":\"BreadcrumbList\",\"@id\":\"https:\/\/www.tabakversand.ch\/fr\/produit\/xikar-cutter-x8-gauche-64-noir\/#breadcrumb\",\"itemListElement\":[{\"@type\":\"ListItem\",\"position\":1,\"name\":\"Startseite\",\"item\":\"https:\/\/www.tabakversand.ch\/\"},{\"@type\":\"ListItem\",\"position\":2,\"name\":\"Boutique\",\"item\":\"https:\/\/www.tabakversand.ch\/fr\/boutique\/\"},{\"@type\":\"ListItem\",\"position\":3,\"name\":\"Xikar Cutter X8 Gauche 64 Noir\"}]},{\"@type\":\"WebSite\",\"@id\":\"https:\/\/www.tabakversand.ch\/#website\",\"url\":\"https:\/\/www.tabakversand.ch\/\",\"name\":\"Tabakversand.ch | Alles aus der Welt des Tabaks\",\"description\":\"Smoke and carpe diem\",\"potentialAction\":[{\"@type\":\"SearchAction\",\"target\":{\"@type\":\"EntryPoint\",\"urlTemplate\":\"https:\/\/www.tabakversand.ch\/?s={search_term_string}\"},\"query-input\":{\"@type\":\"PropertyValueSpecification\",\"valueRequired\":true,\"valueName\":\"search_term_string\"}}],\"inLanguage\":\"fr-FR\"}]}<\/script>\n<!-- \/ Yoast SEO plugin. -->","yoast_head_json":{"title":"Xikar Cutter X8 Gauche 64 Noir - Tabakversand.ch | Alles aus der Welt des Tabaks","description":"Xikar Cutter X8 Gauche 64 Noir | La plus grande s\u00e9lection de produits du tabac de Suisse | Toutes les cartes sont accept\u00e9es!","robots":{"index":"index","follow":"follow","max-snippet":"max-snippet:-1","max-image-preview":"max-image-preview:large","max-video-preview":"max-video-preview:-1"},"canonical":"https:\/\/www.tabakversand.ch\/fr\/produit\/xikar-cutter-x8-gauche-64-noir\/","og_locale":"fr_FR","og_type":"article","og_title":"Xikar Cutter X8 Gauche 64 Noir - Tabakversand.ch | Alles aus der Welt des Tabaks","og_description":"Xikar Cutter X8 Gauche 64 Noir | La plus grande s\u00e9lection de produits du tabac de Suisse | Toutes les cartes sont accept\u00e9es!","og_url":"https:\/\/www.tabakversand.ch\/fr\/produit\/xikar-cutter-x8-gauche-64-noir\/","og_site_name":"Tabakversand.ch | Alles aus der Welt des Tabaks","article_modified_time":"2026-04-08T14:18:34+00:00","og_image":[{"width":500,"height":500,"url":"https:\/\/www.tabakversand.ch\/wp-content\/uploads\/2022\/03\/xikar-cutter-x8-black-208bk.jpg","type":"image\/jpeg"}],"twitter_card":"summary_large_image","twitter_misc":{"Dur\u00e9e de lecture estim\u00e9e":"1 minute"},"schema":{"@context":"https:\/\/schema.org","@graph":[{"@type":"WebPage","@id":"https:\/\/www.tabakversand.ch\/fr\/produit\/xikar-cutter-x8-gauche-64-noir\/","url":"https:\/\/www.tabakversand.ch\/fr\/produit\/xikar-cutter-x8-gauche-64-noir\/","name":"Xikar Cutter X8 Gauche 64 Noir - Tabakversand.ch | Alles aus der Welt des Tabaks","isPartOf":{"@id":"https:\/\/www.tabakversand.ch\/#website"},"primaryImageOfPage":{"@id":"https:\/\/www.tabakversand.ch\/fr\/produit\/xikar-cutter-x8-gauche-64-noir\/#primaryimage"},"image":{"@id":"https:\/\/www.tabakversand.ch\/fr\/produit\/xikar-cutter-x8-gauche-64-noir\/#primaryimage"},"thumbnailUrl":"https:\/\/www.tabakversand.ch\/wp-content\/uploads\/2022\/03\/xikar-cutter-x8-black-208bk.jpg","datePublished":"2022-04-02T09:06:23+00:00","dateModified":"2026-04-08T14:18:34+00:00","description":"Xikar Cutter X8 Gauche 64 Noir | La plus grande s\u00e9lection de produits du tabac de Suisse | Toutes les cartes sont accept\u00e9es!","breadcrumb":{"@id":"https:\/\/www.tabakversand.ch\/fr\/produit\/xikar-cutter-x8-gauche-64-noir\/#breadcrumb"},"inLanguage":"fr-FR","potentialAction":[{"@type":"ReadAction","target":["https:\/\/www.tabakversand.ch\/fr\/produit\/xikar-cutter-x8-gauche-64-noir\/"]}]},{"@type":"ImageObject","inLanguage":"fr-FR","@id":"https:\/\/www.tabakversand.ch\/fr\/produit\/xikar-cutter-x8-gauche-64-noir\/#primaryimage","url":"https:\/\/www.tabakversand.ch\/wp-content\/uploads\/2022\/03\/xikar-cutter-x8-black-208bk.jpg","contentUrl":"https:\/\/www.tabakversand.ch\/wp-content\/uploads\/2022\/03\/xikar-cutter-x8-black-208bk.jpg","width":500,"height":500,"caption":"Xikar Cutter X8 Gauche 64 Noir"},{"@type":"BreadcrumbList","@id":"https:\/\/www.tabakversand.ch\/fr\/produit\/xikar-cutter-x8-gauche-64-noir\/#breadcrumb","itemListElement":[{"@type":"ListItem","position":1,"name":"Startseite","item":"https:\/\/www.tabakversand.ch\/"},{"@type":"ListItem","position":2,"name":"Boutique","item":"https:\/\/www.tabakversand.ch\/fr\/boutique\/"},{"@type":"ListItem","position":3,"name":"Xikar Cutter X8 Gauche 64 Noir"}]},{"@type":"WebSite","@id":"https:\/\/www.tabakversand.ch\/#website","url":"https:\/\/www.tabakversand.ch\/","name":"Tabakversand.ch | Alles aus der Welt des Tabaks","description":"Smoke and carpe diem","potentialAction":[{"@type":"SearchAction","target":{"@type":"EntryPoint","urlTemplate":"https:\/\/www.tabakversand.ch\/?s={search_term_string}"},"query-input":{"@type":"PropertyValueSpecification","valueRequired":true,"valueName":"search_term_string"}}],"inLanguage":"fr-FR"}]}},"_links":{"self":[{"href":"https:\/\/www.tabakversand.ch\/fr\/wp-json\/wp\/v2\/product\/78828","targetHints":{"allow":["GET"]}}],"collection":[{"href":"https:\/\/www.tabakversand.ch\/fr\/wp-json\/wp\/v2\/product"}],"about":[{"href":"https:\/\/www.tabakversand.ch\/fr\/wp-json\/wp\/v2\/types\/product"}],"version-history":[{"count":2,"href":"https:\/\/www.tabakversand.ch\/fr\/wp-json\/wp\/v2\/product\/78828\/revisions"}],"predecessor-version":[{"id":217363,"href":"https:\/\/www.tabakversand.ch\/fr\/wp-json\/wp\/v2\/product\/78828\/revisions\/217363"}],"wp:featuredmedia":[{"embeddable":true,"href":"https:\/\/www.tabakversand.ch\/fr\/wp-json\/wp\/v2\/media\/78829"}],"wp:attachment":[{"href":"https:\/\/www.tabakversand.ch\/fr\/wp-json\/wp\/v2\/media?parent=78828"}],"wp:term":[{"taxonomy":"product_brand","embeddable":true,"href":"https:\/\/www.tabakversand.ch\/fr\/wp-json\/wp\/v2\/product_brand?post=78828"},{"taxonomy":"product_cat","embeddable":true,"href":"https:\/\/www.tabakversand.ch\/fr\/wp-json\/wp\/v2\/product_cat?post=78828"},{"taxonomy":"product_tag","embeddable":true,"href":"https:\/\/www.tabakversand.ch\/fr\/wp-json\/wp\/v2\/product_tag?post=78828"}],"curies":[{"name":"wp","href":"https:\/\/api.w.org\/{rel}","templated":true}]}}