{"id":78995,"date":"2022-04-02T10:56:49","date_gmt":"2022-04-02T08:56:49","guid":{"rendered":"http:\/\/www.tabakversand.ch\/produkt\/davidoff-demi-cup-10-cas\/"},"modified":"2026-04-23T15:55:30","modified_gmt":"2026-04-23T13:55:30","slug":"davidoff-demi-tasse-5-x-10-pieces","status":"publish","type":"product","link":"https:\/\/www.tabakversand.ch\/fr\/produit\/davidoff-demi-tasse-5-x-10-pieces\/","title":{"rendered":"Davidoff demi-tasse 5 x 10 pi\u00e8ces."},"content":{"rendered":"<h3>Davidoff Demi-Tasse \u2013 Un plaisir \u00e9l\u00e9gant du cigarillo dans un format premium<\/h3>\n<p>Les cigarillos Davidoff Demi-Tasse sont le choix id\u00e9al pour les fumeurs exigeants recherchant une exp\u00e9rience de fumage plus riche et aromatique dans un format compact. Ces cigarillos de haute qualit\u00e9 allient la qualit\u00e9 Davidoff habituelle \u00e0 un profil aromatique agr\u00e9ablement doux et expressif. <\/p>\n<h5>M\u00e9lange de tabac de qualit\u00e9 sup\u00e9rieure provenant des meilleures r\u00e9gions de culture<\/h5>\n<p>Davidoff Demi-Tasse est \u00e9labor\u00e9 \u00e0 partir d&rsquo;un m\u00e9lange soigneusement s\u00e9lectionn\u00e9 de tabacs de premi\u00e8re qualit\u00e9 provenant d&rsquo;Indon\u00e9sie, du Br\u00e9sil et des Cara\u00efbes. Cette combinaison cr\u00e9e un ar\u00f4me harmonieux et finement \u00e9quilibr\u00e9, aux nuances douces et l\u00e9g\u00e8rement \u00e9pic\u00e9es, et d&rsquo;une \u00e9l\u00e9gante profondeur de saveur. <\/p>\n<h5>Une fabrication de haute qualit\u00e9 pour un plaisir constant<\/h5>\n<p>Envelopp\u00e9s d&rsquo;une sous-cape indon\u00e9sienne et d&rsquo;une fine cape de Sumatra, ces cigarillos impressionnent par leur qualit\u00e9 de fabrication exceptionnelle. Ceci garantit une combustion uniforme et un tirage agr\u00e9able, id\u00e9al pour un moment de d\u00e9tente et de plaisir. <\/p>\n<h5>Doux, aromatique et parfaitement \u00e9quilibr\u00e9<\/h5>\n<p>Les cigares Davidoff Demi-Tasse offrent une exp\u00e9rience de d\u00e9gustation \u00e9quilibr\u00e9e&nbsp;: doux et riches en ar\u00f4mes d\u00e9licats. Ils conviennent ainsi aux amateurs avertis comme aux connaisseurs qui privil\u00e9gient un format \u00e9l\u00e9gant et subtil. <\/p>\n<h5>Protection optimale et emballage pratique<\/h5>\n<p>Chaque cigarillo est emball\u00e9 individuellement sous cellophane pour pr\u00e9server au mieux sa fra\u00eecheur, son humidit\u00e9 et son ar\u00f4me. Le conditionnement en paquets de 5 x 10 pi\u00e8ces assure \u00e9galement un stockage id\u00e9al et une flexibilit\u00e9 maximale. <\/p>\n<h5>Parfait pour de courts moments de plaisir<\/h5>\n<p>Que ce soit pendant une pause, apr\u00e8s un repas ou pour un moment de calme, la tasse Davidoff Demi-Cup est id\u00e9ale pour tous ceux qui souhaitent allier qualit\u00e9 et style dans un format compact.<\/p>\n<p>Chez tabakversand.ch, vos cigarillos Davidoff Demi-Tasse vous seront livr\u00e9s dans leur emballage d&rsquo;origine, parfaitement conserv\u00e9s. Un stockage soign\u00e9 garantit la pr\u00e9servation optimale de leur ar\u00f4me, de leur humidit\u00e9 et de leur qualit\u00e9 jusqu&rsquo;\u00e0 l&rsquo;exp\u00e9dition. Gr\u00e2ce \u00e0 une livraison rapide en Suisse, vos cigarillos vous parviennent g\u00e9n\u00e9ralement tr\u00e8s rapidement.  <\/p>\n<p>Pour plus d&rsquo;informations sur le fabricant de Davidoff, veuillez consulter l&rsquo;article Wikip\u00e9dia correspondant&nbsp;: <a href=\"https:\/\/de.wikipedia.org\/wiki\/Zino_Davidoff\">cliquez ici<\/a> . Si vous avez des questions concernant le produit, n&rsquo;h\u00e9sitez pas \u00e0 nous contacter&nbsp;: <a href=\"https:\/\/www.tabakversand.ch\/kontakt\/\">cliquez ici<\/a> .<\/p>\n<p>Tous les prix indiqu\u00e9s sont valables uniquement pour les commandes en ligne, TVA incluse, et peuvent \u00eatre modifi\u00e9s sans pr\u00e9avis. Les frais de port sont en sus.   Sous r\u00e9serve d&rsquo;erreurs, de modifications de l&rsquo;\u00e9tendue de la livraison et de la conception, d&rsquo;erreurs d&rsquo;impression et de modifications de prix. Les prix barr\u00e9s sont plut\u00f4t des prix. L&rsquo;illustration peut diff\u00e9rer de l&rsquo;original\/de l&rsquo;\u00e9tendue de la livraison.<br \/>\n*Livraison gratuite pour les commandes sup\u00e9rieures \u00e0 CHF 250.-.<\/p>\n","protected":false},"excerpt":{"rendered":"<p>Davidoff Demi-Tasse \u2013 Un plaisir \u00e9l\u00e9gant du cigarillo dans un format premium Les cigarillos Davidoff Demi-Tasse sont le choix id\u00e9al pour les fumeurs exigeants recherchant une exp\u00e9rience de fumage plus riche et aromatique dans un format compact. Ces cigarillos de haute qualit\u00e9 allient la qualit\u00e9 Davidoff habituelle \u00e0 un profil aromatique agr\u00e9ablement doux et expressif. [&hellip;]<\/p>\n","protected":false},"featured_media":78996,"template":"","meta":[],"product_brand":[1487],"product_cat":[1994,2059],"product_tag":[],"class_list":{"0":"post-78995","1":"product","2":"type-product","3":"status-publish","4":"has-post-thumbnail","6":"product_brand-davidoff","7":"product_cat-monde-du-cigare","8":"product_cat-cigarillos-fr","10":"first","11":"onbackorder","12":"purchasable","13":"product-type-simple"},"yoast_head":"<!-- This site is optimized with the Yoast SEO plugin v27.0 - https:\/\/yoast.com\/product\/yoast-seo-wordpress\/ -->\n<title>Cigarillos Davidoff Demi-Tasse \u2013 doux et aromatiques<\/title>\n<meta name=\"description\" content=\"Cigarillos Davidoff Demi-Tasse \u2713 M\u00e9lange de tabacs fins des Cara\u00efbes, du Br\u00e9sil et d&#039;Indon\u00e9sie \u2713 Doux et aromatique \u2713 Emball\u00e9s individuellement sous cellophane \u2713 Achetez maintenant !\" \/>\n<meta name=\"robots\" content=\"index, follow, max-snippet:-1, max-image-preview:large, max-video-preview:-1\" \/>\n<link rel=\"canonical\" href=\"https:\/\/www.tabakversand.ch\/fr\/produit\/davidoff-demi-tasse-5-x-10-pieces\/\" \/>\n<meta property=\"og:locale\" content=\"fr_FR\" \/>\n<meta property=\"og:type\" content=\"article\" \/>\n<meta property=\"og:title\" content=\"Cigarillos Davidoff Demi-Tasse \u2013 doux et aromatiques\" \/>\n<meta property=\"og:description\" content=\"Cigarillos Davidoff Demi-Tasse \u2713 M\u00e9lange de tabacs fins des Cara\u00efbes, du Br\u00e9sil et d&#039;Indon\u00e9sie \u2713 Doux et aromatique \u2713 Emball\u00e9s individuellement sous cellophane \u2713 Achetez maintenant !\" \/>\n<meta property=\"og:url\" content=\"https:\/\/www.tabakversand.ch\/fr\/produit\/davidoff-demi-tasse-5-x-10-pieces\/\" \/>\n<meta property=\"og:site_name\" content=\"Tabakversand.ch | Alles aus der Welt des Tabaks\" \/>\n<meta property=\"article:modified_time\" content=\"2026-04-23T13:55:30+00:00\" \/>\n<meta property=\"og:image\" content=\"https:\/\/www.tabakversand.ch\/wp-content\/uploads\/2022\/03\/davidoff-demitasse-10-open.jpg\" \/>\n\t<meta property=\"og:image:width\" content=\"600\" \/>\n\t<meta property=\"og:image:height\" content=\"600\" \/>\n\t<meta property=\"og:image:type\" content=\"image\/jpeg\" \/>\n<meta name=\"twitter:card\" content=\"summary_large_image\" \/>\n<meta name=\"twitter:label1\" content=\"Dur\u00e9e de lecture estim\u00e9e\" \/>\n\t<meta name=\"twitter:data1\" content=\"2 minutes\" \/>\n<script type=\"application\/ld+json\" class=\"yoast-schema-graph\">{\"@context\":\"https:\/\/schema.org\",\"@graph\":[{\"@type\":\"WebPage\",\"@id\":\"https:\/\/www.tabakversand.ch\/fr\/produit\/davidoff-demi-tasse-5-x-10-pieces\/\",\"url\":\"https:\/\/www.tabakversand.ch\/fr\/produit\/davidoff-demi-tasse-5-x-10-pieces\/\",\"name\":\"Cigarillos Davidoff Demi-Tasse \u2013 doux et aromatiques\",\"isPartOf\":{\"@id\":\"https:\/\/www.tabakversand.ch\/#website\"},\"primaryImageOfPage\":{\"@id\":\"https:\/\/www.tabakversand.ch\/fr\/produit\/davidoff-demi-tasse-5-x-10-pieces\/#primaryimage\"},\"image\":{\"@id\":\"https:\/\/www.tabakversand.ch\/fr\/produit\/davidoff-demi-tasse-5-x-10-pieces\/#primaryimage\"},\"thumbnailUrl\":\"https:\/\/www.tabakversand.ch\/wp-content\/uploads\/2022\/03\/davidoff-demitasse-10-open.jpg\",\"datePublished\":\"2022-04-02T08:56:49+00:00\",\"dateModified\":\"2026-04-23T13:55:30+00:00\",\"description\":\"Cigarillos Davidoff Demi-Tasse \u2713 M\u00e9lange de tabacs fins des Cara\u00efbes, du Br\u00e9sil et d&#39;Indon\u00e9sie \u2713 Doux et aromatique \u2713 Emball\u00e9s individuellement sous cellophane \u2713 Achetez maintenant !\",\"breadcrumb\":{\"@id\":\"https:\/\/www.tabakversand.ch\/fr\/produit\/davidoff-demi-tasse-5-x-10-pieces\/#breadcrumb\"},\"inLanguage\":\"fr-FR\",\"potentialAction\":[{\"@type\":\"ReadAction\",\"target\":[\"https:\/\/www.tabakversand.ch\/fr\/produit\/davidoff-demi-tasse-5-x-10-pieces\/\"]}]},{\"@type\":\"ImageObject\",\"inLanguage\":\"fr-FR\",\"@id\":\"https:\/\/www.tabakversand.ch\/fr\/produit\/davidoff-demi-tasse-5-x-10-pieces\/#primaryimage\",\"url\":\"https:\/\/www.tabakversand.ch\/wp-content\/uploads\/2022\/03\/davidoff-demitasse-10-open.jpg\",\"contentUrl\":\"https:\/\/www.tabakversand.ch\/wp-content\/uploads\/2022\/03\/davidoff-demitasse-10-open.jpg\",\"width\":600,\"height\":600,\"caption\":\"Davidoff Demi Cup 10 Cas\"},{\"@type\":\"BreadcrumbList\",\"@id\":\"https:\/\/www.tabakversand.ch\/fr\/produit\/davidoff-demi-tasse-5-x-10-pieces\/#breadcrumb\",\"itemListElement\":[{\"@type\":\"ListItem\",\"position\":1,\"name\":\"Startseite\",\"item\":\"https:\/\/www.tabakversand.ch\/\"},{\"@type\":\"ListItem\",\"position\":2,\"name\":\"Boutique\",\"item\":\"https:\/\/www.tabakversand.ch\/fr\/boutique\/\"},{\"@type\":\"ListItem\",\"position\":3,\"name\":\"Davidoff demi-tasse 5 x 10 pi\u00e8ces.\"}]},{\"@type\":\"WebSite\",\"@id\":\"https:\/\/www.tabakversand.ch\/#website\",\"url\":\"https:\/\/www.tabakversand.ch\/\",\"name\":\"Tabakversand.ch | Alles aus der Welt des Tabaks\",\"description\":\"Smoke and carpe diem\",\"potentialAction\":[{\"@type\":\"SearchAction\",\"target\":{\"@type\":\"EntryPoint\",\"urlTemplate\":\"https:\/\/www.tabakversand.ch\/?s={search_term_string}\"},\"query-input\":{\"@type\":\"PropertyValueSpecification\",\"valueRequired\":true,\"valueName\":\"search_term_string\"}}],\"inLanguage\":\"fr-FR\"}]}<\/script>\n<!-- \/ Yoast SEO plugin. -->","yoast_head_json":{"title":"Cigarillos Davidoff Demi-Tasse \u2013 doux et aromatiques","description":"Cigarillos Davidoff Demi-Tasse \u2713 M\u00e9lange de tabacs fins des Cara\u00efbes, du Br\u00e9sil et d&#39;Indon\u00e9sie \u2713 Doux et aromatique \u2713 Emball\u00e9s individuellement sous cellophane \u2713 Achetez maintenant !","robots":{"index":"index","follow":"follow","max-snippet":"max-snippet:-1","max-image-preview":"max-image-preview:large","max-video-preview":"max-video-preview:-1"},"canonical":"https:\/\/www.tabakversand.ch\/fr\/produit\/davidoff-demi-tasse-5-x-10-pieces\/","og_locale":"fr_FR","og_type":"article","og_title":"Cigarillos Davidoff Demi-Tasse \u2013 doux et aromatiques","og_description":"Cigarillos Davidoff Demi-Tasse \u2713 M\u00e9lange de tabacs fins des Cara\u00efbes, du Br\u00e9sil et d&#39;Indon\u00e9sie \u2713 Doux et aromatique \u2713 Emball\u00e9s individuellement sous cellophane \u2713 Achetez maintenant !","og_url":"https:\/\/www.tabakversand.ch\/fr\/produit\/davidoff-demi-tasse-5-x-10-pieces\/","og_site_name":"Tabakversand.ch | Alles aus der Welt des Tabaks","article_modified_time":"2026-04-23T13:55:30+00:00","og_image":[{"width":600,"height":600,"url":"https:\/\/www.tabakversand.ch\/wp-content\/uploads\/2022\/03\/davidoff-demitasse-10-open.jpg","type":"image\/jpeg"}],"twitter_card":"summary_large_image","twitter_misc":{"Dur\u00e9e de lecture estim\u00e9e":"2 minutes"},"schema":{"@context":"https:\/\/schema.org","@graph":[{"@type":"WebPage","@id":"https:\/\/www.tabakversand.ch\/fr\/produit\/davidoff-demi-tasse-5-x-10-pieces\/","url":"https:\/\/www.tabakversand.ch\/fr\/produit\/davidoff-demi-tasse-5-x-10-pieces\/","name":"Cigarillos Davidoff Demi-Tasse \u2013 doux et aromatiques","isPartOf":{"@id":"https:\/\/www.tabakversand.ch\/#website"},"primaryImageOfPage":{"@id":"https:\/\/www.tabakversand.ch\/fr\/produit\/davidoff-demi-tasse-5-x-10-pieces\/#primaryimage"},"image":{"@id":"https:\/\/www.tabakversand.ch\/fr\/produit\/davidoff-demi-tasse-5-x-10-pieces\/#primaryimage"},"thumbnailUrl":"https:\/\/www.tabakversand.ch\/wp-content\/uploads\/2022\/03\/davidoff-demitasse-10-open.jpg","datePublished":"2022-04-02T08:56:49+00:00","dateModified":"2026-04-23T13:55:30+00:00","description":"Cigarillos Davidoff Demi-Tasse \u2713 M\u00e9lange de tabacs fins des Cara\u00efbes, du Br\u00e9sil et d&#39;Indon\u00e9sie \u2713 Doux et aromatique \u2713 Emball\u00e9s individuellement sous cellophane \u2713 Achetez maintenant !","breadcrumb":{"@id":"https:\/\/www.tabakversand.ch\/fr\/produit\/davidoff-demi-tasse-5-x-10-pieces\/#breadcrumb"},"inLanguage":"fr-FR","potentialAction":[{"@type":"ReadAction","target":["https:\/\/www.tabakversand.ch\/fr\/produit\/davidoff-demi-tasse-5-x-10-pieces\/"]}]},{"@type":"ImageObject","inLanguage":"fr-FR","@id":"https:\/\/www.tabakversand.ch\/fr\/produit\/davidoff-demi-tasse-5-x-10-pieces\/#primaryimage","url":"https:\/\/www.tabakversand.ch\/wp-content\/uploads\/2022\/03\/davidoff-demitasse-10-open.jpg","contentUrl":"https:\/\/www.tabakversand.ch\/wp-content\/uploads\/2022\/03\/davidoff-demitasse-10-open.jpg","width":600,"height":600,"caption":"Davidoff Demi Cup 10 Cas"},{"@type":"BreadcrumbList","@id":"https:\/\/www.tabakversand.ch\/fr\/produit\/davidoff-demi-tasse-5-x-10-pieces\/#breadcrumb","itemListElement":[{"@type":"ListItem","position":1,"name":"Startseite","item":"https:\/\/www.tabakversand.ch\/"},{"@type":"ListItem","position":2,"name":"Boutique","item":"https:\/\/www.tabakversand.ch\/fr\/boutique\/"},{"@type":"ListItem","position":3,"name":"Davidoff demi-tasse 5 x 10 pi\u00e8ces."}]},{"@type":"WebSite","@id":"https:\/\/www.tabakversand.ch\/#website","url":"https:\/\/www.tabakversand.ch\/","name":"Tabakversand.ch | Alles aus der Welt des Tabaks","description":"Smoke and carpe diem","potentialAction":[{"@type":"SearchAction","target":{"@type":"EntryPoint","urlTemplate":"https:\/\/www.tabakversand.ch\/?s={search_term_string}"},"query-input":{"@type":"PropertyValueSpecification","valueRequired":true,"valueName":"search_term_string"}}],"inLanguage":"fr-FR"}]}},"_links":{"self":[{"href":"https:\/\/www.tabakversand.ch\/fr\/wp-json\/wp\/v2\/product\/78995","targetHints":{"allow":["GET"]}}],"collection":[{"href":"https:\/\/www.tabakversand.ch\/fr\/wp-json\/wp\/v2\/product"}],"about":[{"href":"https:\/\/www.tabakversand.ch\/fr\/wp-json\/wp\/v2\/types\/product"}],"version-history":[{"count":5,"href":"https:\/\/www.tabakversand.ch\/fr\/wp-json\/wp\/v2\/product\/78995\/revisions"}],"predecessor-version":[{"id":218563,"href":"https:\/\/www.tabakversand.ch\/fr\/wp-json\/wp\/v2\/product\/78995\/revisions\/218563"}],"wp:featuredmedia":[{"embeddable":true,"href":"https:\/\/www.tabakversand.ch\/fr\/wp-json\/wp\/v2\/media\/78996"}],"wp:attachment":[{"href":"https:\/\/www.tabakversand.ch\/fr\/wp-json\/wp\/v2\/media?parent=78995"}],"wp:term":[{"taxonomy":"product_brand","embeddable":true,"href":"https:\/\/www.tabakversand.ch\/fr\/wp-json\/wp\/v2\/product_brand?post=78995"},{"taxonomy":"product_cat","embeddable":true,"href":"https:\/\/www.tabakversand.ch\/fr\/wp-json\/wp\/v2\/product_cat?post=78995"},{"taxonomy":"product_tag","embeddable":true,"href":"https:\/\/www.tabakversand.ch\/fr\/wp-json\/wp\/v2\/product_tag?post=78995"}],"curies":[{"name":"wp","href":"https:\/\/api.w.org\/{rel}","templated":true}]}}