{"id":79496,"date":"2022-03-24T20:32:45","date_gmt":"2022-03-24T19:32:45","guid":{"rendered":"http:\/\/www.tabakversand.ch\/informativa-sulla-privacy-2\/"},"modified":"2025-12-15T14:16:55","modified_gmt":"2025-12-15T13:16:55","slug":"informativa-sulla-privacy-2","status":"publish","type":"page","link":"https:\/\/www.tabakversand.ch\/it\/informativa-sulla-privacy-2\/","title":{"rendered":"Informativa sulla privacy"},"content":{"rendered":"<style>.elementor-79496 .elementor-element.elementor-element-a196ffd > .elementor-container > .elementor-column > .elementor-widget-wrap{align-content:center;align-items:center;}.elementor-79496 .elementor-element.elementor-element-a196ffd:not(.elementor-motion-effects-element-type-background), .elementor-79496 .elementor-element.elementor-element-a196ffd > .elementor-motion-effects-container > .elementor-motion-effects-layer{background-color:#F5F5F5;}.elementor-79496 .elementor-element.elementor-element-a196ffd > .elementor-background-overlay{opacity:0.5;transition:background 0.3s, border-radius 0.3s, opacity 0.3s;}.elementor-79496 .elementor-element.elementor-element-a196ffd{transition:background 0.3s, border 0.3s, border-radius 0.3s, box-shadow 0.3s;padding:60px 0px 60px 0px;}.elementor-79496 .elementor-element.elementor-element-48f4ff5{text-align:start;}.elementor-79496 .elementor-element.elementor-element-48f4ff5 .elementor-heading-title{font-family:\"Jost\", Sans-serif;font-size:24px;font-weight:600;text-transform:uppercase;line-height:1.2em;letter-spacing:1.5px;color:#292929;}.elementor-79496 .elementor-element.elementor-element-74cf35c .elementor-icon-list-items:not(.elementor-inline-items) .elementor-icon-list-item:not(:last-child){padding-block-end:calc(5px\/2);}.elementor-79496 .elementor-element.elementor-element-74cf35c .elementor-icon-list-items:not(.elementor-inline-items) .elementor-icon-list-item:not(:first-child){margin-block-start:calc(5px\/2);}.elementor-79496 .elementor-element.elementor-element-74cf35c .elementor-icon-list-items.elementor-inline-items .elementor-icon-list-item{margin-inline:calc(5px\/2);}.elementor-79496 .elementor-element.elementor-element-74cf35c .elementor-icon-list-items.elementor-inline-items{margin-inline:calc(-5px\/2);}.elementor-79496 .elementor-element.elementor-element-74cf35c .elementor-icon-list-items.elementor-inline-items .elementor-icon-list-item:after{inset-inline-end:calc(-5px\/2);}.elementor-79496 .elementor-element.elementor-element-74cf35c .elementor-icon-list-icon i{color:var( --e-global-color-secondary );transition:color 0.3s;}.elementor-79496 .elementor-element.elementor-element-74cf35c .elementor-icon-list-icon svg{fill:var( --e-global-color-secondary );transition:fill 0.3s;}.elementor-79496 .elementor-element.elementor-element-74cf35c{--e-icon-list-icon-size:14px;--icon-vertical-offset:0px;}.elementor-79496 .elementor-element.elementor-element-74cf35c .elementor-icon-list-icon{padding-inline-end:10px;}.elementor-79496 .elementor-element.elementor-element-74cf35c .elementor-icon-list-item > .elementor-icon-list-text, .elementor-79496 .elementor-element.elementor-element-74cf35c .elementor-icon-list-item > a{font-family:\"Heebo\", Sans-serif;font-size:16px;font-weight:300;}.elementor-79496 .elementor-element.elementor-element-74cf35c .elementor-icon-list-text{color:#7A7A7A;transition:color 0.3s;}.elementor-79496 .elementor-element.elementor-element-8a4f5a0{padding:100px 0px 100px 0px;}.elementor-79496 .elementor-element.elementor-element-51b3efc > .elementor-container > .elementor-column > .elementor-widget-wrap{align-content:center;align-items:center;}.elementor-79496 .elementor-element.elementor-element-f57d3cb{--divider-border-style:solid;--divider-color:#EAEAEA;--divider-border-width:1px;}.elementor-79496 .elementor-element.elementor-element-f57d3cb .elementor-divider-separator{width:100%;}.elementor-79496 .elementor-element.elementor-element-f57d3cb .elementor-divider{padding-block-start:15px;padding-block-end:15px;}.elementor-79496 .elementor-element.elementor-element-65639ed > .elementor-element-populated{padding:10px 10px 10px 10px;}.elementor-79496 .elementor-element.elementor-element-0cc4653{text-align:center;z-index:2;}.elementor-79496 .elementor-element.elementor-element-0cc4653 .elementor-heading-title{font-family:\"Jost\", Sans-serif;font-size:24px;font-weight:600;text-transform:uppercase;line-height:1.2em;letter-spacing:1.5px;color:#292929;}.elementor-79496 .elementor-element.elementor-element-0cc4653 > .elementor-widget-container{background-color:#FFFFFF;}.elementor-79496 .elementor-element.elementor-element-2f3bba0{--divider-border-style:solid;--divider-color:#EAEAEA;--divider-border-width:1px;}.elementor-79496 .elementor-element.elementor-element-2f3bba0 .elementor-divider-separator{width:100%;}.elementor-79496 .elementor-element.elementor-element-2f3bba0 .elementor-divider{padding-block-start:15px;padding-block-end:15px;}.elementor-79496 .elementor-element.elementor-element-87e4311 > .elementor-container > .elementor-column > .elementor-widget-wrap{align-content:center;align-items:center;}.elementor-79496 .elementor-element.elementor-element-87e4311{margin-top:40px;margin-bottom:0px;}.elementor-79496 .elementor-element.elementor-element-f0670ab > .elementor-element-populated{padding:0px 30px 0px 0px;}:root{--page-title-display:none;}@media(max-width:1024px){.elementor-79496 .elementor-element.elementor-element-a196ffd{padding:60px 10px 60px 10px;}.elementor-79496 .elementor-element.elementor-element-8a4f5a0{padding:60px 10px 60px 10px;}.elementor-79496 .elementor-element.elementor-element-0cc4653 .elementor-heading-title{font-size:24px;}}@media(max-width:767px){.elementor-79496 .elementor-element.elementor-element-a196ffd{padding:60px 10px 60px 10px;}.elementor-79496 .elementor-element.elementor-element-4133f9a{width:50%;}.elementor-79496 .elementor-element.elementor-element-48f4ff5{text-align:start;}.elementor-79496 .elementor-element.elementor-element-48f4ff5 .elementor-heading-title{font-size:20px;}.elementor-79496 .elementor-element.elementor-element-debb8ba{width:50%;}.elementor-79496 .elementor-element.elementor-element-74cf35c .elementor-icon-list-item > .elementor-icon-list-text, .elementor-79496 .elementor-element.elementor-element-74cf35c .elementor-icon-list-item > a{font-size:14px;}.elementor-79496 .elementor-element.elementor-element-8a4f5a0{padding:40px 10px 40px 10px;}.elementor-79496 .elementor-element.elementor-element-fa20b0f{width:15%;}.elementor-79496 .elementor-element.elementor-element-65639ed{width:70%;}.elementor-79496 .elementor-element.elementor-element-0cc4653 .elementor-heading-title{font-size:18px;}.elementor-79496 .elementor-element.elementor-element-255c969{width:15%;}.elementor-79496 .elementor-element.elementor-element-87e4311{margin-top:20px;margin-bottom:0px;}.elementor-79496 .elementor-element.elementor-element-f0670ab > .elementor-element-populated{padding:0px 0px 0px 0px;}}@media(min-width:768px){.elementor-79496 .elementor-element.elementor-element-fa20b0f{width:28.036%;}.elementor-79496 .elementor-element.elementor-element-65639ed{width:43.571%;}.elementor-79496 .elementor-element.elementor-element-255c969{width:28.039%;}}@media(max-width:1024px) and (min-width:768px){.elementor-79496 .elementor-element.elementor-element-fa20b0f{width:17%;}.elementor-79496 .elementor-element.elementor-element-65639ed{width:66%;}.elementor-79496 .elementor-element.elementor-element-255c969{width:17%;}}<\/style>\t\t<div data-elementor-type=\"wp-page\" data-elementor-id=\"79496\" class=\"elementor elementor-79496 elementor-3\" data-elementor-post-type=\"page\">\n\t\t\t\t\t\t<section class=\"elementor-section elementor-top-section elementor-element elementor-element-a196ffd elementor-section-content-middle elementor-section-boxed elementor-section-height-default elementor-section-height-default\" data-id=\"a196ffd\" data-element_type=\"section\" data-e-type=\"section\" data-settings=\"{&quot;background_background&quot;:&quot;classic&quot;}\">\n\t\t\t\t\t\t\t<div class=\"elementor-background-overlay\"><\/div>\n\t\t\t\t\t\t\t<div class=\"elementor-container elementor-column-gap-default\">\n\t\t\t\t\t<div class=\"elementor-column elementor-col-50 elementor-top-column elementor-element elementor-element-4133f9a\" data-id=\"4133f9a\" data-element_type=\"column\" data-e-type=\"column\">\n\t\t\t<div class=\"elementor-widget-wrap elementor-element-populated\">\n\t\t\t\t\t\t<div class=\"elementor-element elementor-element-48f4ff5 elementor-widget elementor-widget-heading\" data-id=\"48f4ff5\" data-element_type=\"widget\" data-e-type=\"widget\" data-widget_type=\"heading.default\">\n\t\t\t\t<div class=\"elementor-widget-container\">\n\t\t\t\t\t<h2 class=\"elementor-heading-title elementor-size-default\">Privacy<\/h2>\t\t\t\t<\/div>\n\t\t\t\t<\/div>\n\t\t\t\t\t<\/div>\n\t\t<\/div>\n\t\t\t\t<div class=\"elementor-column elementor-col-50 elementor-top-column elementor-element elementor-element-debb8ba\" data-id=\"debb8ba\" data-element_type=\"column\" data-e-type=\"column\">\n\t\t\t<div class=\"elementor-widget-wrap elementor-element-populated\">\n\t\t\t\t\t\t<div class=\"elementor-element elementor-element-74cf35c elementor-icon-list--layout-inline elementor-align-end elementor-mobile-align-end elementor-list-item-link-full_width elementor-widget elementor-widget-icon-list\" data-id=\"74cf35c\" data-element_type=\"widget\" data-e-type=\"widget\" data-widget_type=\"icon-list.default\">\n\t\t\t\t<div class=\"elementor-widget-container\">\n\t\t\t\t\t\t\t<ul class=\"elementor-icon-list-items elementor-inline-items\">\n\t\t\t\t\t\t\t<li class=\"elementor-icon-list-item elementor-inline-item\">\n\t\t\t\t\t\t\t\t\t\t\t<a href=\"https:\/\/www.tabakversand.ch\/it\/\">\n\n\t\t\t\t\t\t\t\t\t\t\t<span class=\"elementor-icon-list-text\">Casa<\/span>\n\t\t\t\t\t\t\t\t\t\t\t<\/a>\n\t\t\t\t\t\t\t\t\t<\/li>\n\t\t\t\t\t\t\t\t<li class=\"elementor-icon-list-item elementor-inline-item\">\n\t\t\t\t\t\t\t\t\t\t\t<span class=\"elementor-icon-list-icon\">\n\t\t\t\t\t\t\t<i aria-hidden=\"true\" class=\"fas fa-chevron-right\"><\/i>\t\t\t\t\t\t<\/span>\n\t\t\t\t\t\t\t\t\t\t<span class=\"elementor-icon-list-text\">Informativa sulla privacy<\/span>\n\t\t\t\t\t\t\t\t\t<\/li>\n\t\t\t\t\t\t<\/ul>\n\t\t\t\t\t\t<\/div>\n\t\t\t\t<\/div>\n\t\t\t\t\t<\/div>\n\t\t<\/div>\n\t\t\t\t\t<\/div>\n\t\t<\/section>\n\t\t\t\t<section class=\"elementor-section elementor-top-section elementor-element elementor-element-8a4f5a0 elementor-section-boxed elementor-section-height-default elementor-section-height-default\" data-id=\"8a4f5a0\" data-element_type=\"section\" data-e-type=\"section\">\n\t\t\t\t\t\t<div class=\"elementor-container elementor-column-gap-default\">\n\t\t\t\t\t<div class=\"elementor-column elementor-col-100 elementor-top-column elementor-element elementor-element-d78bad4\" data-id=\"d78bad4\" data-element_type=\"column\" data-e-type=\"column\">\n\t\t\t<div class=\"elementor-widget-wrap elementor-element-populated\">\n\t\t\t\t\t\t<section class=\"elementor-section elementor-inner-section elementor-element elementor-element-51b3efc elementor-section-content-middle elementor-section-boxed elementor-section-height-default elementor-section-height-default\" data-id=\"51b3efc\" data-element_type=\"section\" data-e-type=\"section\">\n\t\t\t\t\t\t<div class=\"elementor-container elementor-column-gap-no\">\n\t\t\t\t\t<div class=\"elementor-column elementor-col-33 elementor-inner-column elementor-element elementor-element-fa20b0f\" data-id=\"fa20b0f\" data-element_type=\"column\" data-e-type=\"column\">\n\t\t\t<div class=\"elementor-widget-wrap elementor-element-populated\">\n\t\t\t\t\t\t<div class=\"elementor-element elementor-element-f57d3cb elementor-widget-divider--view-line elementor-widget elementor-widget-divider\" data-id=\"f57d3cb\" data-element_type=\"widget\" data-e-type=\"widget\" data-widget_type=\"divider.default\">\n\t\t\t\t<div class=\"elementor-widget-container\">\n\t\t\t\t\t\t\t<div class=\"elementor-divider\">\n\t\t\t<span class=\"elementor-divider-separator\">\n\t\t\t\t\t\t<\/span>\n\t\t<\/div>\n\t\t\t\t\t\t<\/div>\n\t\t\t\t<\/div>\n\t\t\t\t\t<\/div>\n\t\t<\/div>\n\t\t\t\t<div class=\"elementor-column elementor-col-33 elementor-inner-column elementor-element elementor-element-65639ed\" data-id=\"65639ed\" data-element_type=\"column\" data-e-type=\"column\">\n\t\t\t<div class=\"elementor-widget-wrap elementor-element-populated\">\n\t\t\t\t\t\t<div class=\"elementor-element elementor-element-0cc4653 elementor-widget elementor-widget-heading\" data-id=\"0cc4653\" data-element_type=\"widget\" data-e-type=\"widget\" data-widget_type=\"heading.default\">\n\t\t\t\t<div class=\"elementor-widget-container\">\n\t\t\t\t\t<h2 class=\"elementor-heading-title elementor-size-default\">Informativa sulla privacy<\/h2>\t\t\t\t<\/div>\n\t\t\t\t<\/div>\n\t\t\t\t\t<\/div>\n\t\t<\/div>\n\t\t\t\t<div class=\"elementor-column elementor-col-33 elementor-inner-column elementor-element elementor-element-255c969\" data-id=\"255c969\" data-element_type=\"column\" data-e-type=\"column\">\n\t\t\t<div class=\"elementor-widget-wrap elementor-element-populated\">\n\t\t\t\t\t\t<div class=\"elementor-element elementor-element-2f3bba0 elementor-widget-divider--view-line elementor-widget elementor-widget-divider\" data-id=\"2f3bba0\" data-element_type=\"widget\" data-e-type=\"widget\" data-widget_type=\"divider.default\">\n\t\t\t\t<div class=\"elementor-widget-container\">\n\t\t\t\t\t\t\t<div class=\"elementor-divider\">\n\t\t\t<span class=\"elementor-divider-separator\">\n\t\t\t\t\t\t<\/span>\n\t\t<\/div>\n\t\t\t\t\t\t<\/div>\n\t\t\t\t<\/div>\n\t\t\t\t\t<\/div>\n\t\t<\/div>\n\t\t\t\t\t<\/div>\n\t\t<\/section>\n\t\t\t\t<section class=\"elementor-section elementor-inner-section elementor-element elementor-element-87e4311 elementor-section-content-middle elementor-section-boxed elementor-section-height-default elementor-section-height-default\" data-id=\"87e4311\" data-element_type=\"section\" data-e-type=\"section\">\n\t\t\t\t\t\t<div class=\"elementor-container elementor-column-gap-no\">\n\t\t\t\t\t<div class=\"elementor-column elementor-col-100 elementor-inner-column elementor-element elementor-element-f0670ab\" data-id=\"f0670ab\" data-element_type=\"column\" data-e-type=\"column\">\n\t\t\t<div class=\"elementor-widget-wrap elementor-element-populated\">\n\t\t\t\t\t\t<div class=\"elementor-element elementor-element-a5c8b9a elementor-widget elementor-widget-text-editor\" data-id=\"a5c8b9a\" data-element_type=\"widget\" data-e-type=\"widget\" data-widget_type=\"text-editor.default\">\n\t\t\t\t<div class=\"elementor-widget-container\">\n\t\t\t\t\t\t\t\t\t<h2>Informativa sulla privacy<\/h2><p>L&#8217;organismo responsabile ai sensi delle leggi sulla protezione dei dati, in particolare il regolamento generale sulla protezione dei dati (GDPR) dell&#8217;UE, \u00e8:<\/p><p>Tabakachermann consegna tabacco Thun<br> Lilli Achermann<br> Via Bierigut 1<br> 3608 Thun<\/p><p>E-mail: info@tabakversand.ch<br> Sito web: http:\/\/www.tabakversand.ch\/<\/p><h2>Elaborazione degli ordini nel negozio online con account cliente<\/h2><p>Trattiamo i dati dei nostri clienti acc. le norme sulla protezione dei dati del governo federale (legge sulla protezione dei dati, DSG) e il GDPR dell&#8217;UE, nel contesto dei processi di ordinazione nel nostro negozio online, al fine di consentire all&#8217;utente di selezionare e ordinare i prodotti e i servizi selezionati, nonch\u00e9 il loro pagamento e consegna o esecuzione.<\/p><p>I dati trattati includono dati anagrafici (dati di inventario), dati di comunicazione, dati contrattuali, dati di pagamento e le persone interessate dal trattamento includono i nostri clienti, parti interessate e altri partner commerciali. Il trattamento avviene allo scopo di fornire servizi contrattuali nel contesto del funzionamento di un negozio online, fatturazione, consegna e servizi ai clienti. Utilizziamo cookie di sessione, e.B. per la memorizzazione del contenuto del carrello e cookie permanenti, e.B. per la memorizzazione dello stato di accesso.<\/p><p>Per effettuare un ordine online, \u00e8 necessario caricare un documento d&#8217;identit\u00e0 valido, come una carta d&#8217;identit\u00e0 o un passaporto. Questo documento \u00e8 archiviato in un ambiente server dedicato, accessibile solo a Tabakversand o Webtrics. <\/p><p>Il trattamento \u00e8 effettuato sulla base dell&#8217;articolo 6 par. 1 lit. b (esecuzione dei processi d&#8217;ordine) e c (archiviazione obbligatoria per legge) GDPR. Le informazioni contrassegnate come richieste sono necessarie per l&#8217;istituzione e l&#8217;adempimento del contratto. Divulghiamo i dati a terzi solo nel contesto della consegna, del pagamento o nell&#8217;ambito di autorizzazioni e obblighi legali. I dati saranno trattati in paesi terzi solo se ci\u00f2 \u00e8 necessario per l&#8217;adempimento del contratto (e.B. su richiesta del cliente al momento della consegna o del pagamento).<\/p><p>Gli utenti devono creare un account utente, nel quale potranno, in particolare, visualizzare i propri ordini. Nell&#8217;ambito della registrazione, le informazioni obbligatorie richieste saranno comunicate agli utenti. Gli account utente non sono pubblici e non possono essere indicizzati dai motori di ricerca, e.B. Google. Se gli utenti hanno chiuso il loro account utente, i loro dati saranno cancellati per quanto riguarda l&#8217;account utente, fatta salva la loro conservazione per motivi commerciali o fiscali. Art. 6 cpv. 1 lit. c GDPR necessario. Le informazioni nell&#8217;account cliente rimangono fino a quando non vengono cancellate con successiva archiviazione in caso di obbligo legale. \u00c8 responsabilit\u00e0 degli utenti eseguire il backup dei propri dati prima della fine del contratto in caso di risoluzione.<\/p><p>Come parte della registrazione e della nuova registrazione, nonch\u00e9 dell&#8217;utilizzo dei nostri servizi online, memorizziamo l&#8217;indirizzo IP e l&#8217;ora della rispettiva azione dell&#8217;utente. La conservazione avviene sulla base dei nostri legittimi interessi, nonch\u00e9 della protezione dell&#8217;utente contro l&#8217;uso improprio e altri usi non autorizzati. In linea di principio, questi dati non saranno trasmessi a terzi a meno che non sia necessario per perseguire i nostri reclami o vi sia un obbligo legale di farlo acc. Art. 6 cpv. 1 lit. c GDPR.<\/p><p>La cancellazione avviene dopo la scadenza della garanzia legale e degli obblighi comparabili, la necessit\u00e0 di conservare i dati viene verificata a intervalli irregolari. Nel caso di obblighi di archiviazione previsti dalla legge, la cancellazione avviene dopo la loro scadenza.<\/p><h2>Cambiamenti<\/h2><p>Possiamo modificare la presente Informativa sulla privacy in qualsiasi momento senza preavviso. Si applica la versione attuale pubblicata sul nostro sito web. Nella misura in cui l&#8217;Informativa sulla privacy fa parte di un accordo con te, ti informeremo della modifica via e-mail o altri mezzi appropriati in caso di aggiornamento.<\/p><h2>Domande al responsabile della protezione dei dati<\/h2><p>In caso di domande sulla protezione dei dati, si prega di inviarci un&#8217;e-mail o contattare la persona responsabile della protezione dei dati elencata all&#8217;inizio dell&#8217;informativa sulla privacy nella nostra organizzazione.<\/p><p>Fonte: <a href=\"https:\/\/www.swissanwalt.ch\" target=\"_blank\" rel=\"noopener\">SwissAnwalt<\/a> (varie)<\/p>\t\t\t\t\t\t\t\t<\/div>\n\t\t\t\t<\/div>\n\t\t\t\t\t<\/div>\n\t\t<\/div>\n\t\t\t\t\t<\/div>\n\t\t<\/section>\n\t\t\t\t\t<\/div>\n\t\t<\/div>\n\t\t\t\t\t<\/div>\n\t\t<\/section>\n\t\t\t\t<\/div>\n\t\t","protected":false},"excerpt":{"rendered":"<p>Privacy Casa Informativa sulla privacy Informativa sulla privacy Informativa sulla privacy L&#8217;organismo responsabile ai sensi delle leggi sulla protezione dei dati, in particolare il regolamento generale sulla protezione dei dati (GDPR) dell&#8217;UE, \u00e8: Tabakachermann consegna tabacco Thun Lilli Achermann Via Bierigut 1 3608 Thun E-mail: info@tabakversand.ch Sito web: http:\/\/www.tabakversand.ch\/ Elaborazione degli ordini nel negozio online [&hellip;]<\/p>\n","protected":false},"author":1,"featured_media":0,"parent":0,"menu_order":0,"comment_status":"closed","ping_status":"open","template":"","meta":{"footnotes":""},"class_list":["post-79496","page","type-page","status-publish","hentry"],"yoast_head":"<!-- This site is optimized with the Yoast SEO plugin v27.0 - https:\/\/yoast.com\/product\/yoast-seo-wordpress\/ -->\n<title>Informativa sulla privacy - Tabakversand.ch | Alles aus der Welt des Tabaks<\/title>\n<meta name=\"robots\" content=\"index, follow, max-snippet:-1, max-image-preview:large, max-video-preview:-1\" \/>\n<link rel=\"canonical\" href=\"https:\/\/www.tabakversand.ch\/it\/informativa-sulla-privacy-2\/\" \/>\n<meta property=\"og:locale\" content=\"it_IT\" \/>\n<meta property=\"og:type\" content=\"article\" \/>\n<meta property=\"og:title\" content=\"Informativa sulla privacy - Tabakversand.ch | Alles aus der Welt des Tabaks\" \/>\n<meta property=\"og:description\" content=\"Privacy Casa Informativa sulla privacy Informativa sulla privacy Informativa sulla privacy L&#8217;organismo responsabile ai sensi delle leggi sulla protezione dei dati, in particolare il regolamento generale sulla protezione dei dati (GDPR) dell&#8217;UE, \u00e8: Tabakachermann consegna tabacco Thun Lilli Achermann Via Bierigut 1 3608 Thun E-mail: info@tabakversand.ch Sito web: http:\/\/www.tabakversand.ch\/ Elaborazione degli ordini nel negozio online [&hellip;]\" \/>\n<meta property=\"og:url\" content=\"https:\/\/www.tabakversand.ch\/it\/informativa-sulla-privacy-2\/\" \/>\n<meta property=\"og:site_name\" content=\"Tabakversand.ch | Alles aus der Welt des Tabaks\" \/>\n<meta property=\"article:modified_time\" content=\"2025-12-15T13:16:55+00:00\" \/>\n<meta name=\"twitter:card\" content=\"summary_large_image\" \/>\n<meta name=\"twitter:label1\" content=\"Tempo di lettura stimato\" \/>\n\t<meta name=\"twitter:data1\" content=\"4 minuti\" \/>\n<script type=\"application\/ld+json\" class=\"yoast-schema-graph\">{\"@context\":\"https:\/\/schema.org\",\"@graph\":[{\"@type\":\"WebPage\",\"@id\":\"https:\/\/www.tabakversand.ch\/it\/informativa-sulla-privacy-2\/\",\"url\":\"https:\/\/www.tabakversand.ch\/it\/informativa-sulla-privacy-2\/\",\"name\":\"Informativa sulla privacy - Tabakversand.ch | Alles aus der Welt des Tabaks\",\"isPartOf\":{\"@id\":\"https:\/\/www.tabakversand.ch\/#website\"},\"datePublished\":\"2022-03-24T19:32:45+00:00\",\"dateModified\":\"2025-12-15T13:16:55+00:00\",\"breadcrumb\":{\"@id\":\"https:\/\/www.tabakversand.ch\/it\/informativa-sulla-privacy-2\/#breadcrumb\"},\"inLanguage\":\"it-IT\",\"potentialAction\":[{\"@type\":\"ReadAction\",\"target\":[\"https:\/\/www.tabakversand.ch\/it\/informativa-sulla-privacy-2\/\"]}]},{\"@type\":\"BreadcrumbList\",\"@id\":\"https:\/\/www.tabakversand.ch\/it\/informativa-sulla-privacy-2\/#breadcrumb\",\"itemListElement\":[{\"@type\":\"ListItem\",\"position\":1,\"name\":\"Startseite\",\"item\":\"https:\/\/www.tabakversand.ch\/\"},{\"@type\":\"ListItem\",\"position\":2,\"name\":\"Informativa sulla privacy\"}]},{\"@type\":\"WebSite\",\"@id\":\"https:\/\/www.tabakversand.ch\/#website\",\"url\":\"https:\/\/www.tabakversand.ch\/\",\"name\":\"Tabakversand.ch | Alles aus der Welt des Tabaks\",\"description\":\"Smoke and carpe diem\",\"potentialAction\":[{\"@type\":\"SearchAction\",\"target\":{\"@type\":\"EntryPoint\",\"urlTemplate\":\"https:\/\/www.tabakversand.ch\/?s={search_term_string}\"},\"query-input\":{\"@type\":\"PropertyValueSpecification\",\"valueRequired\":true,\"valueName\":\"search_term_string\"}}],\"inLanguage\":\"it-IT\"}]}<\/script>\n<!-- \/ Yoast SEO plugin. -->","yoast_head_json":{"title":"Informativa sulla privacy - Tabakversand.ch | Alles aus der Welt des Tabaks","robots":{"index":"index","follow":"follow","max-snippet":"max-snippet:-1","max-image-preview":"max-image-preview:large","max-video-preview":"max-video-preview:-1"},"canonical":"https:\/\/www.tabakversand.ch\/it\/informativa-sulla-privacy-2\/","og_locale":"it_IT","og_type":"article","og_title":"Informativa sulla privacy - Tabakversand.ch | Alles aus der Welt des Tabaks","og_description":"Privacy Casa Informativa sulla privacy Informativa sulla privacy Informativa sulla privacy L&#8217;organismo responsabile ai sensi delle leggi sulla protezione dei dati, in particolare il regolamento generale sulla protezione dei dati (GDPR) dell&#8217;UE, \u00e8: Tabakachermann consegna tabacco Thun Lilli Achermann Via Bierigut 1 3608 Thun E-mail: info@tabakversand.ch Sito web: http:\/\/www.tabakversand.ch\/ Elaborazione degli ordini nel negozio online [&hellip;]","og_url":"https:\/\/www.tabakversand.ch\/it\/informativa-sulla-privacy-2\/","og_site_name":"Tabakversand.ch | Alles aus der Welt des Tabaks","article_modified_time":"2025-12-15T13:16:55+00:00","twitter_card":"summary_large_image","twitter_misc":{"Tempo di lettura stimato":"4 minuti"},"schema":{"@context":"https:\/\/schema.org","@graph":[{"@type":"WebPage","@id":"https:\/\/www.tabakversand.ch\/it\/informativa-sulla-privacy-2\/","url":"https:\/\/www.tabakversand.ch\/it\/informativa-sulla-privacy-2\/","name":"Informativa sulla privacy - Tabakversand.ch | Alles aus der Welt des Tabaks","isPartOf":{"@id":"https:\/\/www.tabakversand.ch\/#website"},"datePublished":"2022-03-24T19:32:45+00:00","dateModified":"2025-12-15T13:16:55+00:00","breadcrumb":{"@id":"https:\/\/www.tabakversand.ch\/it\/informativa-sulla-privacy-2\/#breadcrumb"},"inLanguage":"it-IT","potentialAction":[{"@type":"ReadAction","target":["https:\/\/www.tabakversand.ch\/it\/informativa-sulla-privacy-2\/"]}]},{"@type":"BreadcrumbList","@id":"https:\/\/www.tabakversand.ch\/it\/informativa-sulla-privacy-2\/#breadcrumb","itemListElement":[{"@type":"ListItem","position":1,"name":"Startseite","item":"https:\/\/www.tabakversand.ch\/"},{"@type":"ListItem","position":2,"name":"Informativa sulla privacy"}]},{"@type":"WebSite","@id":"https:\/\/www.tabakversand.ch\/#website","url":"https:\/\/www.tabakversand.ch\/","name":"Tabakversand.ch | Alles aus der Welt des Tabaks","description":"Smoke and carpe diem","potentialAction":[{"@type":"SearchAction","target":{"@type":"EntryPoint","urlTemplate":"https:\/\/www.tabakversand.ch\/?s={search_term_string}"},"query-input":{"@type":"PropertyValueSpecification","valueRequired":true,"valueName":"search_term_string"}}],"inLanguage":"it-IT"}]}},"_links":{"self":[{"href":"https:\/\/www.tabakversand.ch\/it\/wp-json\/wp\/v2\/pages\/79496","targetHints":{"allow":["GET"]}}],"collection":[{"href":"https:\/\/www.tabakversand.ch\/it\/wp-json\/wp\/v2\/pages"}],"about":[{"href":"https:\/\/www.tabakversand.ch\/it\/wp-json\/wp\/v2\/types\/page"}],"author":[{"embeddable":true,"href":"https:\/\/www.tabakversand.ch\/it\/wp-json\/wp\/v2\/users\/1"}],"replies":[{"embeddable":true,"href":"https:\/\/www.tabakversand.ch\/it\/wp-json\/wp\/v2\/comments?post=79496"}],"version-history":[{"count":6,"href":"https:\/\/www.tabakversand.ch\/it\/wp-json\/wp\/v2\/pages\/79496\/revisions"}],"predecessor-version":[{"id":207725,"href":"https:\/\/www.tabakversand.ch\/it\/wp-json\/wp\/v2\/pages\/79496\/revisions\/207725"}],"wp:attachment":[{"href":"https:\/\/www.tabakversand.ch\/it\/wp-json\/wp\/v2\/media?parent=79496"}],"curies":[{"name":"wp","href":"https:\/\/api.w.org\/{rel}","templated":true}]}}