{"id":111967,"date":"2023-09-15T05:43:12","date_gmt":"2023-09-15T03:43:12","guid":{"rendered":"http:\/\/www.tabakversand.ch\/?post_type=product&#038;p=111967"},"modified":"2026-04-06T08:53:28","modified_gmt":"2026-04-06T06:53:28","slug":"vero-foglia-biologico-tabacco-sostituto-kraeutermischung","status":"publish","type":"product","link":"https:\/\/www.tabakversand.ch\/it\/prodotto\/vero-foglia-biologico-tabacco-sostituto-kraeutermischung\/","title":{"rendered":"Real Leaf Organic Tobacco Substitute Herbal Blend 30 gr."},"content":{"rendered":"<div id=\"tab-label-description\" class=\"data item title active\" role=\"tab\" data-role=\"collapsible\" data-collapsible=\"true\">\n<div id=\"description\" class=\"data item content\" role=\"tabpanel\" data-role=\"content\" aria-labelledby=\"tab-label-description\" aria-hidden=\"false\">\n<div class=\"product attribute9 description\">\n<div class=\"value product_value_description\">\n<p>Real Leaf Organic Tobacco Substitute Herbal Blend 30 gr.<\/p>\n<p>5 buste da 30 g ciascuna<\/p>\n<p>La societ\u00e0 RealLeaf \u00e8 stata fondata nel 2012. Fin dall&#8217;inizio, l&#8217;obiettivo era quello di trovare un&#8217;alternativa meno dannosa al consumo di tabacco e sigarette. Real Leaf \u00e8 ora una delle aziende leader nelle miscele di erbe senza nicotina. L&#8217;esperienza del fumo \u00e8 piacevole e pi\u00f9 pulita del tabacco puro, che \u00e8 spesso fornito di sostanze chimiche.<\/p>\n<p>Propriet\u00e0 e contenuto di Real Leaf.<\/p>\n<ul>\n<li>100% senza nicotina<\/li>\n<li>100% biologico e naturale<\/li>\n<li>ideale per l&#8217;avvitamento<\/li>\n<li>LA soluzione per tutti coloro che non vogliono utilizzare un tabacco rotativo per la miscelazione<\/li>\n<li>LA soluzione per smettere di fumare tabacco<\/li>\n<\/ul>\n<p>5 bustine<\/p>\n<p>Tutti i prezzi sono validi solo per gli ordini online e includono l&#8217;IVA, sono soggetti a modifiche senza preavviso e non includono le spese di spedizione.   Con riserva di errori, modifiche nella fornitura e nella progettazione, errori di stampa e modifiche dei prezzi. I prezzi barrati sono invece prezzi. L&#8217;immagine pu\u00f2 differire dall&#8217;originale\/dalla fornitura.<\/p>\n<\/div>\n<\/div>\n<\/div>\n<\/div>\n<p>*Spedizione gratuita per ordini superiori a CHF 250.-.<\/p>\n","protected":false},"excerpt":{"rendered":"<p>Real Leaf Organic Tobacco Substitute Herbal Blend 30 gr. 5 buste da 30 g ciascuna La societ\u00e0 RealLeaf \u00e8 stata fondata nel 2012. Fin dall&#8217;inizio, l&#8217;obiettivo era quello di trovare un&#8217;alternativa meno dannosa al consumo di tabacco e sigarette. Real Leaf \u00e8 ora una delle aziende leader nelle miscele di erbe senza nicotina. L&#8217;esperienza del [&hellip;]<\/p>\n","protected":false},"featured_media":111971,"template":"","meta":[],"product_brand":[5706],"product_cat":[1962,2403,1889,1966,1965],"product_tag":[],"class_list":{"0":"post-111967","1":"product","2":"type-product","3":"status-publish","4":"has-post-thumbnail","6":"product_brand-real-leaf-tabakersatz","7":"product_cat-sigarette-self-made","8":"product_cat-sostituti-del-tabacco","9":"product_cat-tabacco","10":"product_cat-tabacco-da-sigaretta-it","11":"product_cat-tabacco-da-sigaretta","13":"first","14":"onbackorder","15":"purchasable","16":"product-type-simple"},"yoast_head":"<!-- This site is optimized with the Yoast SEO plugin v27.0 - https:\/\/yoast.com\/product\/yoast-seo-wordpress\/ -->\n<title>Real Leaf Organic Tobacco Substitute Herbal Blend 30 gr. -<\/title>\n<meta name=\"description\" content=\"Real Leaf Organic Tobacco Substitute Herbal Blend 30 gr. | Una vasta selezione di prodotti del tabacco | in tutta la Svizzera Carte accettate!\" \/>\n<meta name=\"robots\" content=\"index, follow, max-snippet:-1, max-image-preview:large, max-video-preview:-1\" \/>\n<link rel=\"canonical\" href=\"https:\/\/www.tabakversand.ch\/it\/prodotto\/vero-foglia-biologico-tabacco-sostituto-kraeutermischung\/\" \/>\n<meta property=\"og:locale\" content=\"it_IT\" \/>\n<meta property=\"og:type\" content=\"article\" \/>\n<meta property=\"og:title\" content=\"Real Leaf Organic Tobacco Substitute Herbal Blend 30 gr. -\" \/>\n<meta property=\"og:description\" content=\"Real Leaf Organic Tobacco Substitute Herbal Blend 30 gr. | Una vasta selezione di prodotti del tabacco | in tutta la Svizzera Carte accettate!\" \/>\n<meta property=\"og:url\" content=\"https:\/\/www.tabakversand.ch\/it\/prodotto\/vero-foglia-biologico-tabacco-sostituto-kraeutermischung\/\" \/>\n<meta property=\"og:site_name\" content=\"Tabakversand.ch | Alles aus der Welt des Tabaks\" \/>\n<meta property=\"article:modified_time\" content=\"2026-04-06T06:53:28+00:00\" \/>\n<meta property=\"og:image\" content=\"https:\/\/www.tabakversand.ch\/wp-content\/uploads\/2022\/04\/real-leaf-organic.jpg\" \/>\n\t<meta property=\"og:image:width\" content=\"500\" \/>\n\t<meta property=\"og:image:height\" content=\"500\" \/>\n\t<meta property=\"og:image:type\" content=\"image\/jpeg\" \/>\n<meta name=\"twitter:card\" content=\"summary_large_image\" \/>\n<meta name=\"twitter:label1\" content=\"Tempo di lettura stimato\" \/>\n\t<meta name=\"twitter:data1\" content=\"1 minuto\" \/>\n<script type=\"application\/ld+json\" class=\"yoast-schema-graph\">{\"@context\":\"https:\/\/schema.org\",\"@graph\":[{\"@type\":\"WebPage\",\"@id\":\"https:\/\/www.tabakversand.ch\/it\/prodotto\/vero-foglia-biologico-tabacco-sostituto-kraeutermischung\/\",\"url\":\"https:\/\/www.tabakversand.ch\/it\/prodotto\/vero-foglia-biologico-tabacco-sostituto-kraeutermischung\/\",\"name\":\"Real Leaf Organic Tobacco Substitute Herbal Blend 30 gr. -\",\"isPartOf\":{\"@id\":\"https:\/\/www.tabakversand.ch\/#website\"},\"primaryImageOfPage\":{\"@id\":\"https:\/\/www.tabakversand.ch\/it\/prodotto\/vero-foglia-biologico-tabacco-sostituto-kraeutermischung\/#primaryimage\"},\"image\":{\"@id\":\"https:\/\/www.tabakversand.ch\/it\/prodotto\/vero-foglia-biologico-tabacco-sostituto-kraeutermischung\/#primaryimage\"},\"thumbnailUrl\":\"https:\/\/www.tabakversand.ch\/wp-content\/uploads\/2022\/04\/real-leaf-organic.jpg\",\"datePublished\":\"2023-09-15T03:43:12+00:00\",\"dateModified\":\"2026-04-06T06:53:28+00:00\",\"description\":\"Real Leaf Organic Tobacco Substitute Herbal Blend 30 gr. | Una vasta selezione di prodotti del tabacco | in tutta la Svizzera Carte accettate!\",\"breadcrumb\":{\"@id\":\"https:\/\/www.tabakversand.ch\/it\/prodotto\/vero-foglia-biologico-tabacco-sostituto-kraeutermischung\/#breadcrumb\"},\"inLanguage\":\"it-IT\",\"potentialAction\":[{\"@type\":\"ReadAction\",\"target\":[\"https:\/\/www.tabakversand.ch\/it\/prodotto\/vero-foglia-biologico-tabacco-sostituto-kraeutermischung\/\"]}]},{\"@type\":\"ImageObject\",\"inLanguage\":\"it-IT\",\"@id\":\"https:\/\/www.tabakversand.ch\/it\/prodotto\/vero-foglia-biologico-tabacco-sostituto-kraeutermischung\/#primaryimage\",\"url\":\"https:\/\/www.tabakversand.ch\/wp-content\/uploads\/2022\/04\/real-leaf-organic.jpg\",\"contentUrl\":\"https:\/\/www.tabakversand.ch\/wp-content\/uploads\/2022\/04\/real-leaf-organic.jpg\",\"width\":500,\"height\":500,\"caption\":\"Real Leaf Organic Tobacco Substitute Herbal Blend | Tabakversand.ch\"},{\"@type\":\"BreadcrumbList\",\"@id\":\"https:\/\/www.tabakversand.ch\/it\/prodotto\/vero-foglia-biologico-tabacco-sostituto-kraeutermischung\/#breadcrumb\",\"itemListElement\":[{\"@type\":\"ListItem\",\"position\":1,\"name\":\"Startseite\",\"item\":\"https:\/\/www.tabakversand.ch\/\"},{\"@type\":\"ListItem\",\"position\":2,\"name\":\"Negozio\",\"item\":\"https:\/\/www.tabakversand.ch\/it\/negozio\/\"},{\"@type\":\"ListItem\",\"position\":3,\"name\":\"Real Leaf Organic Tobacco Substitute Herbal Blend 30 gr.\"}]},{\"@type\":\"WebSite\",\"@id\":\"https:\/\/www.tabakversand.ch\/#website\",\"url\":\"https:\/\/www.tabakversand.ch\/\",\"name\":\"Tabakversand.ch | Alles aus der Welt des Tabaks\",\"description\":\"Smoke and carpe diem\",\"potentialAction\":[{\"@type\":\"SearchAction\",\"target\":{\"@type\":\"EntryPoint\",\"urlTemplate\":\"https:\/\/www.tabakversand.ch\/?s={search_term_string}\"},\"query-input\":{\"@type\":\"PropertyValueSpecification\",\"valueRequired\":true,\"valueName\":\"search_term_string\"}}],\"inLanguage\":\"it-IT\"}]}<\/script>\n<!-- \/ Yoast SEO plugin. -->","yoast_head_json":{"title":"Real Leaf Organic Tobacco Substitute Herbal Blend 30 gr. -","description":"Real Leaf Organic Tobacco Substitute Herbal Blend 30 gr. | Una vasta selezione di prodotti del tabacco | in tutta la Svizzera Carte accettate!","robots":{"index":"index","follow":"follow","max-snippet":"max-snippet:-1","max-image-preview":"max-image-preview:large","max-video-preview":"max-video-preview:-1"},"canonical":"https:\/\/www.tabakversand.ch\/it\/prodotto\/vero-foglia-biologico-tabacco-sostituto-kraeutermischung\/","og_locale":"it_IT","og_type":"article","og_title":"Real Leaf Organic Tobacco Substitute Herbal Blend 30 gr. -","og_description":"Real Leaf Organic Tobacco Substitute Herbal Blend 30 gr. | Una vasta selezione di prodotti del tabacco | in tutta la Svizzera Carte accettate!","og_url":"https:\/\/www.tabakversand.ch\/it\/prodotto\/vero-foglia-biologico-tabacco-sostituto-kraeutermischung\/","og_site_name":"Tabakversand.ch | Alles aus der Welt des Tabaks","article_modified_time":"2026-04-06T06:53:28+00:00","og_image":[{"width":500,"height":500,"url":"https:\/\/www.tabakversand.ch\/wp-content\/uploads\/2022\/04\/real-leaf-organic.jpg","type":"image\/jpeg"}],"twitter_card":"summary_large_image","twitter_misc":{"Tempo di lettura stimato":"1 minuto"},"schema":{"@context":"https:\/\/schema.org","@graph":[{"@type":"WebPage","@id":"https:\/\/www.tabakversand.ch\/it\/prodotto\/vero-foglia-biologico-tabacco-sostituto-kraeutermischung\/","url":"https:\/\/www.tabakversand.ch\/it\/prodotto\/vero-foglia-biologico-tabacco-sostituto-kraeutermischung\/","name":"Real Leaf Organic Tobacco Substitute Herbal Blend 30 gr. -","isPartOf":{"@id":"https:\/\/www.tabakversand.ch\/#website"},"primaryImageOfPage":{"@id":"https:\/\/www.tabakversand.ch\/it\/prodotto\/vero-foglia-biologico-tabacco-sostituto-kraeutermischung\/#primaryimage"},"image":{"@id":"https:\/\/www.tabakversand.ch\/it\/prodotto\/vero-foglia-biologico-tabacco-sostituto-kraeutermischung\/#primaryimage"},"thumbnailUrl":"https:\/\/www.tabakversand.ch\/wp-content\/uploads\/2022\/04\/real-leaf-organic.jpg","datePublished":"2023-09-15T03:43:12+00:00","dateModified":"2026-04-06T06:53:28+00:00","description":"Real Leaf Organic Tobacco Substitute Herbal Blend 30 gr. | Una vasta selezione di prodotti del tabacco | in tutta la Svizzera Carte accettate!","breadcrumb":{"@id":"https:\/\/www.tabakversand.ch\/it\/prodotto\/vero-foglia-biologico-tabacco-sostituto-kraeutermischung\/#breadcrumb"},"inLanguage":"it-IT","potentialAction":[{"@type":"ReadAction","target":["https:\/\/www.tabakversand.ch\/it\/prodotto\/vero-foglia-biologico-tabacco-sostituto-kraeutermischung\/"]}]},{"@type":"ImageObject","inLanguage":"it-IT","@id":"https:\/\/www.tabakversand.ch\/it\/prodotto\/vero-foglia-biologico-tabacco-sostituto-kraeutermischung\/#primaryimage","url":"https:\/\/www.tabakversand.ch\/wp-content\/uploads\/2022\/04\/real-leaf-organic.jpg","contentUrl":"https:\/\/www.tabakversand.ch\/wp-content\/uploads\/2022\/04\/real-leaf-organic.jpg","width":500,"height":500,"caption":"Real Leaf Organic Tobacco Substitute Herbal Blend | Tabakversand.ch"},{"@type":"BreadcrumbList","@id":"https:\/\/www.tabakversand.ch\/it\/prodotto\/vero-foglia-biologico-tabacco-sostituto-kraeutermischung\/#breadcrumb","itemListElement":[{"@type":"ListItem","position":1,"name":"Startseite","item":"https:\/\/www.tabakversand.ch\/"},{"@type":"ListItem","position":2,"name":"Negozio","item":"https:\/\/www.tabakversand.ch\/it\/negozio\/"},{"@type":"ListItem","position":3,"name":"Real Leaf Organic Tobacco Substitute Herbal Blend 30 gr."}]},{"@type":"WebSite","@id":"https:\/\/www.tabakversand.ch\/#website","url":"https:\/\/www.tabakversand.ch\/","name":"Tabakversand.ch | Alles aus der Welt des Tabaks","description":"Smoke and carpe diem","potentialAction":[{"@type":"SearchAction","target":{"@type":"EntryPoint","urlTemplate":"https:\/\/www.tabakversand.ch\/?s={search_term_string}"},"query-input":{"@type":"PropertyValueSpecification","valueRequired":true,"valueName":"search_term_string"}}],"inLanguage":"it-IT"}]}},"_links":{"self":[{"href":"https:\/\/www.tabakversand.ch\/it\/wp-json\/wp\/v2\/product\/111967","targetHints":{"allow":["GET"]}}],"collection":[{"href":"https:\/\/www.tabakversand.ch\/it\/wp-json\/wp\/v2\/product"}],"about":[{"href":"https:\/\/www.tabakversand.ch\/it\/wp-json\/wp\/v2\/types\/product"}],"version-history":[{"count":4,"href":"https:\/\/www.tabakversand.ch\/it\/wp-json\/wp\/v2\/product\/111967\/revisions"}],"predecessor-version":[{"id":217041,"href":"https:\/\/www.tabakversand.ch\/it\/wp-json\/wp\/v2\/product\/111967\/revisions\/217041"}],"wp:featuredmedia":[{"embeddable":true,"href":"https:\/\/www.tabakversand.ch\/it\/wp-json\/wp\/v2\/media\/111971"}],"wp:attachment":[{"href":"https:\/\/www.tabakversand.ch\/it\/wp-json\/wp\/v2\/media?parent=111967"}],"wp:term":[{"taxonomy":"product_brand","embeddable":true,"href":"https:\/\/www.tabakversand.ch\/it\/wp-json\/wp\/v2\/product_brand?post=111967"},{"taxonomy":"product_cat","embeddable":true,"href":"https:\/\/www.tabakversand.ch\/it\/wp-json\/wp\/v2\/product_cat?post=111967"},{"taxonomy":"product_tag","embeddable":true,"href":"https:\/\/www.tabakversand.ch\/it\/wp-json\/wp\/v2\/product_tag?post=111967"}],"curies":[{"name":"wp","href":"https:\/\/api.w.org\/{rel}","templated":true}]}}