{"id":116836,"date":"2023-11-09T14:40:40","date_gmt":"2023-11-09T13:40:40","guid":{"rendered":"https:\/\/www.tabakversand.ch\/?post_type=product&#038;p=116836"},"modified":"2025-08-24T20:12:48","modified_gmt":"2025-08-24T18:12:48","slug":"elf-bar-elfa-pro-2-x-2ml-pod-20mg","status":"publish","type":"product","link":"https:\/\/www.tabakversand.ch\/it\/prodotto\/elf-bar-elfa-pro-2-x-2ml-pod-20mg\/","title":{"rendered":"Elf Bar ELFA Pro 2 capsule da 2 ml da 20 mg"},"content":{"rendered":"<p class=\"fn product-title\">Elf Bar ELFA Pro 2 capsule da 2 ml 20 mg<\/p>\n<p>Immergiti in un mondo pieno di variet\u00e0 di sapori con le nuove ELFA Pro Pods. Ogni pod \u00e8 accuratamente riempito con e-liquid di alta qualit\u00e0 che forniscono il massimo sapore e soddisfazione. Le cialde sono il cuore della tua esperienza di svapo, progettate per offrirti sapori puri e intensi ad ogni inalazione. Goditi le complessit\u00e0 dello svapo con l&#8217;avanzata tecnologia E-Liquid Coil Separation (ECS) e QUAQ Mesh Coil integrata nei pod ELFA Pro. Queste tecnologie garantiscono un vapore ricco e un gusto genuino, evitando il rischio di un gusto di bruciato. I pod ELFA Pro dimostrano che Elfbar mette al primo posto la sicurezza e la soddisfazione dello svapatore. Protetti dal sistema \u201cVerifica Prodotto\u201d, garantiscono l&#8217;autenticit\u00e0 del tuo prodotto e offrono protezione contro le contraffazioni.<\/p>\n<table width=\"719\">\n<tbody>\n<tr>\n<td>Numero di mosse<\/td>\n<td>circa 1200<\/td>\n<\/tr>\n<tr>\n<td>Tipo di dispositivo<\/td>\n<td>Monouso con nicotina<\/td>\n<\/tr>\n<tr>\n<td>Contenuto di nicotina\/ml<\/td>\n<td>20 mg<\/td>\n<\/tr>\n<tr>\n<td>Quantit\u00e0 di riempimento<\/td>\n<td>2,0 ml<\/td>\n<\/tr>\n<\/tbody>\n<\/table>\n<p>Tutti i prezzi si applicano solo agli ordini online e sono comprensivi di IVA. Soggetto a modifiche senza preavviso, escluse le spese di spedizione. Con riserva di errori, modifiche nell&#8217;ambito di consegna e nel design, errori di stampa e variazioni di prezzo. I prezzi barrati sono prezzi sostitutivi. Le illustrazioni possono differire dall&#8217;originale\/dall&#8217;ambito di consegna.<br \/>\n*Spedizione gratuita per ordini superiori a CHF 250.-.<\/p>\n","protected":false},"excerpt":{"rendered":"<p>Elf Bar ELFA Pro 2 capsule da 2 ml 20 mg Immergiti in un mondo pieno di variet\u00e0 di sapori con le nuove ELFA Pro Pods. Ogni pod \u00e8 accuratamente riempito con e-liquid di alta qualit\u00e0 che forniscono il massimo sapore e soddisfazione. Le cialde sono il cuore della tua esperienza di svapo, progettate per [&hellip;]<\/p>\n","protected":false},"featured_media":195628,"template":"","meta":[],"product_brand":[2951],"product_cat":[1875,1869,2881],"product_tag":[],"class_list":{"0":"post-116836","1":"product","2":"type-product","3":"status-publish","4":"has-post-thumbnail","6":"product_brand-elfbar","7":"product_cat-e-fumo","8":"product_cat-e-liquid-it","9":"product_cat-elf-bar-elfa-pro-pod-it","10":"pa_geschmack-ace-tobacco-it","11":"pa_geschmack-apple-peach-it","12":"pa_geschmack-banana-it","13":"pa_geschmack-blue-razz-lemonade-it","14":"pa_geschmack-blueberry-it","15":"pa_geschmack-blueberry-bg-it","16":"pa_geschmack-blueberry-cloudd-it","17":"pa_geschmack-blueberry-snoow-it","18":"pa_geschmack-blueberry-sour-raspberry-it","19":"pa_geschmack-cherry-cloudd-it","20":"pa_geschmack-cherry-cola-it","21":"pa_geschmack-cola-it","22":"pa_geschmack-cranberry-grape-it","23":"pa_geschmack-cuba-it","24":"pa_geschmack-elfturbo-it","25":"pa_geschmack-kiwi-passionfruit-guava-it","26":"pa_geschmack-lemon-lime-it","27":"pa_geschmack-lemon-mint-it","28":"pa_geschmack-mad-blue-it","29":"pa_geschmack-mango-it","30":"pa_geschmack-mix-berries-it","31":"pa_geschmack-peach-ice-it","32":"pa_geschmack-pear-it","33":"pa_geschmack-pineapple-ice-it","34":"pa_geschmack-pineapple-lemon-iq-it","35":"pa_geschmack-pink-lemonade-it","36":"pa_geschmack-raspberry-watermelon-it","37":"pa_geschmack-snoow-tobacco-it","38":"pa_geschmack-spearmint-it","39":"pa_geschmack-strawberry-grape-it","40":"pa_geschmack-strawberry-ice-it","41":"pa_geschmack-strawberry-kiwi-it","42":"pa_geschmack-strawberry-raspberry-it","43":"pa_geschmack-strawberry-raspberry-cherry-ice-it","44":"pa_geschmack-strawberry-snoow-it","45":"pa_geschmack-tropical-fruit-it","46":"pa_geschmack-usa-mix-it","47":"pa_geschmack-watermelon-it","48":"pa_geschmack-watermelon-cherry-it","49":"pa_geschmack-watermelon-mojito-it","50":"pa_geschmack-wild-orange-it","52":"first","53":"onbackorder","54":"purchasable","55":"product-type-variable"},"yoast_head":"<!-- This site is optimized with the Yoast SEO plugin v27.0 - https:\/\/yoast.com\/product\/yoast-seo-wordpress\/ -->\n<title>Elf Bar ELFA Pro 2 capsule da 2 ml da 20 mg<\/title>\n<meta name=\"description\" content=\"Elf Bar ELFA Pro 2 x 2ml Pod 20mg | Un&#039;ampia selezione di prodotti del tabacco, sigarette elettroniche e accessori per fumatori in tutta la Svizzera | Si accettano carte di credito!\" \/>\n<meta name=\"robots\" content=\"index, follow, max-snippet:-1, max-image-preview:large, max-video-preview:-1\" \/>\n<link rel=\"canonical\" href=\"https:\/\/www.tabakversand.ch\/it\/prodotto\/elf-bar-elfa-pro-2-x-2ml-pod-20mg\/\" \/>\n<meta property=\"og:locale\" content=\"it_IT\" \/>\n<meta property=\"og:type\" content=\"article\" \/>\n<meta property=\"og:title\" content=\"Elf Bar ELFA Pro 2 capsule da 2 ml da 20 mg\" \/>\n<meta property=\"og:description\" content=\"Elf Bar ELFA Pro 2 x 2ml Pod 20mg | Un&#039;ampia selezione di prodotti del tabacco, sigarette elettroniche e accessori per fumatori in tutta la Svizzera | Si accettano carte di credito!\" \/>\n<meta property=\"og:url\" content=\"https:\/\/www.tabakversand.ch\/it\/prodotto\/elf-bar-elfa-pro-2-x-2ml-pod-20mg\/\" \/>\n<meta property=\"og:site_name\" content=\"Tabakversand.ch | Alles aus der Welt des Tabaks\" \/>\n<meta property=\"article:modified_time\" content=\"2025-08-24T18:12:48+00:00\" \/>\n<meta property=\"og:image\" content=\"http:\/\/www.tabakversand.ch\/wp-content\/uploads\/2023\/11\/elfa-pro-2ml-pods-all-20mg-.jpg\" \/>\n\t<meta property=\"og:image:width\" content=\"500\" \/>\n\t<meta property=\"og:image:height\" content=\"500\" \/>\n\t<meta property=\"og:image:type\" content=\"image\/jpeg\" \/>\n<meta name=\"twitter:card\" content=\"summary_large_image\" \/>\n<meta name=\"twitter:label1\" content=\"Tempo di lettura stimato\" \/>\n\t<meta name=\"twitter:data1\" content=\"2 minuti\" \/>\n<script type=\"application\/ld+json\" class=\"yoast-schema-graph\">{\"@context\":\"https:\/\/schema.org\",\"@graph\":[{\"@type\":\"WebPage\",\"@id\":\"https:\/\/www.tabakversand.ch\/it\/prodotto\/elf-bar-elfa-pro-2-x-2ml-pod-20mg\/\",\"url\":\"https:\/\/www.tabakversand.ch\/it\/prodotto\/elf-bar-elfa-pro-2-x-2ml-pod-20mg\/\",\"name\":\"Elf Bar ELFA Pro 2 capsule da 2 ml da 20 mg\",\"isPartOf\":{\"@id\":\"https:\/\/www.tabakversand.ch\/#website\"},\"primaryImageOfPage\":{\"@id\":\"https:\/\/www.tabakversand.ch\/it\/prodotto\/elf-bar-elfa-pro-2-x-2ml-pod-20mg\/#primaryimage\"},\"image\":{\"@id\":\"https:\/\/www.tabakversand.ch\/it\/prodotto\/elf-bar-elfa-pro-2-x-2ml-pod-20mg\/#primaryimage\"},\"thumbnailUrl\":\"https:\/\/www.tabakversand.ch\/wp-content\/uploads\/2023\/11\/elfa-pro-2ml-pods-all-20mg-.jpg\",\"datePublished\":\"2023-11-09T13:40:40+00:00\",\"dateModified\":\"2025-08-24T18:12:48+00:00\",\"description\":\"Elf Bar ELFA Pro 2 x 2ml Pod 20mg | Un'ampia selezione di prodotti del tabacco, sigarette elettroniche e accessori per fumatori in tutta la Svizzera | Si accettano carte di credito!\",\"breadcrumb\":{\"@id\":\"https:\/\/www.tabakversand.ch\/it\/prodotto\/elf-bar-elfa-pro-2-x-2ml-pod-20mg\/#breadcrumb\"},\"inLanguage\":\"it-IT\",\"potentialAction\":[{\"@type\":\"ReadAction\",\"target\":[\"https:\/\/www.tabakversand.ch\/it\/prodotto\/elf-bar-elfa-pro-2-x-2ml-pod-20mg\/\"]}]},{\"@type\":\"ImageObject\",\"inLanguage\":\"it-IT\",\"@id\":\"https:\/\/www.tabakversand.ch\/it\/prodotto\/elf-bar-elfa-pro-2-x-2ml-pod-20mg\/#primaryimage\",\"url\":\"https:\/\/www.tabakversand.ch\/wp-content\/uploads\/2023\/11\/elfa-pro-2ml-pods-all-20mg-.jpg\",\"contentUrl\":\"https:\/\/www.tabakversand.ch\/wp-content\/uploads\/2023\/11\/elfa-pro-2ml-pods-all-20mg-.jpg\",\"width\":500,\"height\":500,\"caption\":\"Elf Bar ELFA Pro 2 capsule da 2 ml 20 mg | Tabakversand.ch\"},{\"@type\":\"BreadcrumbList\",\"@id\":\"https:\/\/www.tabakversand.ch\/it\/prodotto\/elf-bar-elfa-pro-2-x-2ml-pod-20mg\/#breadcrumb\",\"itemListElement\":[{\"@type\":\"ListItem\",\"position\":1,\"name\":\"Startseite\",\"item\":\"https:\/\/www.tabakversand.ch\/\"},{\"@type\":\"ListItem\",\"position\":2,\"name\":\"Negozio\",\"item\":\"https:\/\/www.tabakversand.ch\/it\/negozio\/\"},{\"@type\":\"ListItem\",\"position\":3,\"name\":\"Elf Bar ELFA Pro 2 capsule da 2 ml da 20 mg\"}]},{\"@type\":\"WebSite\",\"@id\":\"https:\/\/www.tabakversand.ch\/#website\",\"url\":\"https:\/\/www.tabakversand.ch\/\",\"name\":\"Tabakversand.ch | Alles aus der Welt des Tabaks\",\"description\":\"Smoke and carpe diem\",\"potentialAction\":[{\"@type\":\"SearchAction\",\"target\":{\"@type\":\"EntryPoint\",\"urlTemplate\":\"https:\/\/www.tabakversand.ch\/?s={search_term_string}\"},\"query-input\":{\"@type\":\"PropertyValueSpecification\",\"valueRequired\":true,\"valueName\":\"search_term_string\"}}],\"inLanguage\":\"it-IT\"}]}<\/script>\n<!-- \/ Yoast SEO plugin. -->","yoast_head_json":{"title":"Elf Bar ELFA Pro 2 capsule da 2 ml da 20 mg","description":"Elf Bar ELFA Pro 2 x 2ml Pod 20mg | Un'ampia selezione di prodotti del tabacco, sigarette elettroniche e accessori per fumatori in tutta la Svizzera | Si accettano carte di credito!","robots":{"index":"index","follow":"follow","max-snippet":"max-snippet:-1","max-image-preview":"max-image-preview:large","max-video-preview":"max-video-preview:-1"},"canonical":"https:\/\/www.tabakversand.ch\/it\/prodotto\/elf-bar-elfa-pro-2-x-2ml-pod-20mg\/","og_locale":"it_IT","og_type":"article","og_title":"Elf Bar ELFA Pro 2 capsule da 2 ml da 20 mg","og_description":"Elf Bar ELFA Pro 2 x 2ml Pod 20mg | Un'ampia selezione di prodotti del tabacco, sigarette elettroniche e accessori per fumatori in tutta la Svizzera | Si accettano carte di credito!","og_url":"https:\/\/www.tabakversand.ch\/it\/prodotto\/elf-bar-elfa-pro-2-x-2ml-pod-20mg\/","og_site_name":"Tabakversand.ch | Alles aus der Welt des Tabaks","article_modified_time":"2025-08-24T18:12:48+00:00","og_image":[{"width":500,"height":500,"url":"http:\/\/www.tabakversand.ch\/wp-content\/uploads\/2023\/11\/elfa-pro-2ml-pods-all-20mg-.jpg","type":"image\/jpeg"}],"twitter_card":"summary_large_image","twitter_misc":{"Tempo di lettura stimato":"2 minuti"},"schema":{"@context":"https:\/\/schema.org","@graph":[{"@type":"WebPage","@id":"https:\/\/www.tabakversand.ch\/it\/prodotto\/elf-bar-elfa-pro-2-x-2ml-pod-20mg\/","url":"https:\/\/www.tabakversand.ch\/it\/prodotto\/elf-bar-elfa-pro-2-x-2ml-pod-20mg\/","name":"Elf Bar ELFA Pro 2 capsule da 2 ml da 20 mg","isPartOf":{"@id":"https:\/\/www.tabakversand.ch\/#website"},"primaryImageOfPage":{"@id":"https:\/\/www.tabakversand.ch\/it\/prodotto\/elf-bar-elfa-pro-2-x-2ml-pod-20mg\/#primaryimage"},"image":{"@id":"https:\/\/www.tabakversand.ch\/it\/prodotto\/elf-bar-elfa-pro-2-x-2ml-pod-20mg\/#primaryimage"},"thumbnailUrl":"https:\/\/www.tabakversand.ch\/wp-content\/uploads\/2023\/11\/elfa-pro-2ml-pods-all-20mg-.jpg","datePublished":"2023-11-09T13:40:40+00:00","dateModified":"2025-08-24T18:12:48+00:00","description":"Elf Bar ELFA Pro 2 x 2ml Pod 20mg | Un'ampia selezione di prodotti del tabacco, sigarette elettroniche e accessori per fumatori in tutta la Svizzera | Si accettano carte di credito!","breadcrumb":{"@id":"https:\/\/www.tabakversand.ch\/it\/prodotto\/elf-bar-elfa-pro-2-x-2ml-pod-20mg\/#breadcrumb"},"inLanguage":"it-IT","potentialAction":[{"@type":"ReadAction","target":["https:\/\/www.tabakversand.ch\/it\/prodotto\/elf-bar-elfa-pro-2-x-2ml-pod-20mg\/"]}]},{"@type":"ImageObject","inLanguage":"it-IT","@id":"https:\/\/www.tabakversand.ch\/it\/prodotto\/elf-bar-elfa-pro-2-x-2ml-pod-20mg\/#primaryimage","url":"https:\/\/www.tabakversand.ch\/wp-content\/uploads\/2023\/11\/elfa-pro-2ml-pods-all-20mg-.jpg","contentUrl":"https:\/\/www.tabakversand.ch\/wp-content\/uploads\/2023\/11\/elfa-pro-2ml-pods-all-20mg-.jpg","width":500,"height":500,"caption":"Elf Bar ELFA Pro 2 capsule da 2 ml 20 mg | Tabakversand.ch"},{"@type":"BreadcrumbList","@id":"https:\/\/www.tabakversand.ch\/it\/prodotto\/elf-bar-elfa-pro-2-x-2ml-pod-20mg\/#breadcrumb","itemListElement":[{"@type":"ListItem","position":1,"name":"Startseite","item":"https:\/\/www.tabakversand.ch\/"},{"@type":"ListItem","position":2,"name":"Negozio","item":"https:\/\/www.tabakversand.ch\/it\/negozio\/"},{"@type":"ListItem","position":3,"name":"Elf Bar ELFA Pro 2 capsule da 2 ml da 20 mg"}]},{"@type":"WebSite","@id":"https:\/\/www.tabakversand.ch\/#website","url":"https:\/\/www.tabakversand.ch\/","name":"Tabakversand.ch | Alles aus der Welt des Tabaks","description":"Smoke and carpe diem","potentialAction":[{"@type":"SearchAction","target":{"@type":"EntryPoint","urlTemplate":"https:\/\/www.tabakversand.ch\/?s={search_term_string}"},"query-input":{"@type":"PropertyValueSpecification","valueRequired":true,"valueName":"search_term_string"}}],"inLanguage":"it-IT"}]}},"_links":{"self":[{"href":"https:\/\/www.tabakversand.ch\/it\/wp-json\/wp\/v2\/product\/116836","targetHints":{"allow":["GET"]}}],"collection":[{"href":"https:\/\/www.tabakversand.ch\/it\/wp-json\/wp\/v2\/product"}],"about":[{"href":"https:\/\/www.tabakversand.ch\/it\/wp-json\/wp\/v2\/types\/product"}],"version-history":[{"count":7,"href":"https:\/\/www.tabakversand.ch\/it\/wp-json\/wp\/v2\/product\/116836\/revisions"}],"predecessor-version":[{"id":195799,"href":"https:\/\/www.tabakversand.ch\/it\/wp-json\/wp\/v2\/product\/116836\/revisions\/195799"}],"wp:featuredmedia":[{"embeddable":true,"href":"https:\/\/www.tabakversand.ch\/it\/wp-json\/wp\/v2\/media\/195628"}],"wp:attachment":[{"href":"https:\/\/www.tabakversand.ch\/it\/wp-json\/wp\/v2\/media?parent=116836"}],"wp:term":[{"taxonomy":"product_brand","embeddable":true,"href":"https:\/\/www.tabakversand.ch\/it\/wp-json\/wp\/v2\/product_brand?post=116836"},{"taxonomy":"product_cat","embeddable":true,"href":"https:\/\/www.tabakversand.ch\/it\/wp-json\/wp\/v2\/product_cat?post=116836"},{"taxonomy":"product_tag","embeddable":true,"href":"https:\/\/www.tabakversand.ch\/it\/wp-json\/wp\/v2\/product_tag?post=116836"}],"curies":[{"name":"wp","href":"https:\/\/api.w.org\/{rel}","templated":true}]}}