{"id":122944,"date":"2023-09-14T17:01:16","date_gmt":"2023-09-14T15:01:16","guid":{"rendered":"https:\/\/www.tabakversand.ch\/?post_type=product&#038;p=122944"},"modified":"2026-04-16T13:49:43","modified_gmt":"2026-04-16T11:49:43","slug":"peterson-de-luxe-navy-rolls-tabacco-da-pipa-50-gr","status":"publish","type":"product","link":"https:\/\/www.tabakversand.ch\/it\/prodotto\/peterson-de-luxe-navy-rolls-tabacco-da-pipa-50-gr\/","title":{"rendered":"Peterson De Luxe Navy Rolls"},"content":{"rendered":"<h1>Peterson De Luxe Navy Rolls<\/h1>\n<ul>\n<li>1 x 50 gr.<\/li>\n<\/ul>\n<p>Peterson De Luxe Navy Rolls \u00e8 una miscela di tabacco da pipa tradizionale, considerata un vero e proprio cult, e uno dei classici tra le miscele Dunhill, un tempo molto conosciute. Per decenni, questa miscela ha goduto di grande popolarit\u00e0 tra gli intenditori che ne apprezzano il sapore naturale e puro. Come in passato, anche oggi si evitano consapevolmente gli aromi artificiali.  <\/p>\n<p>Nell&#8217;ambito del rebranding del 2019, alcune miscele Dunhill originariamente ritirate dal mercato sono state rilanciate con il nome Peterson. La ricetta del De Luxe Navy Roll \u00e8 rimasta invariata: stesso tabacco, stessa qualit\u00e0, \u00e8 cambiato solo il nome. <\/p>\n<p>Questa squisita miscela unisce tabacchi Virginia di alta qualit\u00e0 con Perique della Louisiana. I tabacchi vengono prima pressati in sottili fogli, poi formati in lunghe strisce (rotoli) e ulteriormente invecchiati. Dopo l&#8217;invecchiamento, vengono tagliati in sottili fette, note come Navy Rolls. Questo elaborato processo di lavorazione garantisce un aroma particolarmente armonioso ed equilibrato.   <\/p>\n<p>Il De Luxe Navy Rolls colpisce per l&#8217;armonioso equilibrio tra la naturale dolcezza dei Virginia e la sottile speziatura del Perique. Il risultato \u00e8 un tabacco da pipa leggermente aromatico, ma al contempo di carattere, con delicate sfumature dolci. <\/p>\n<p>&nbsp;<\/p>\n<p>Su tabakversand.ch riceverete il tabacco da pipa Peterson De Luxe Navy Rolls, conservato fresco e nella sua confezione originale. Un&#8217;attenta conservazione garantisce che aroma, umidit\u00e0 e qualit\u00e0 siano preservati al meglio fino alla spedizione. Grazie alla consegna rapida in Svizzera, il vostro tabacco da pipa arriver\u00e0 solitamente in tempi brevissimi.  <\/p>\n<p>Per maggiori informazioni sul tabacco, visita la voce corrispondente su Wikipedia: <a href=\"https:\/\/de.wikipedia.org\/wiki\/Tabak\">clicca qui<\/a> . Per qualsiasi domanda sul prodotto, non esitare a contattarci: <a href=\"https:\/\/www.tabakversand.ch\/kontakt\/\">clicca qui<\/a> . <\/p>\n<p>Tutti i prezzi sono validi solo per gli ordini online e includono l&#8217;IVA, sono soggetti a modifiche senza preavviso e non includono le spese di spedizione.   Con riserva di errori, modifiche nella fornitura e nella progettazione, errori di stampa e modifiche dei prezzi. I prezzi barrati sono invece prezzi. L&#8217;immagine pu\u00f2 differire dall&#8217;originale\/dalla fornitura.<br \/>\n*Spedizione gratuita per ordini superiori a CHF 250.-.<\/p>\n","protected":false},"excerpt":{"rendered":"<p>Peterson De Luxe Navy Rolls 1 x 50 gr. Peterson De Luxe Navy Rolls \u00e8 una miscela di tabacco da pipa tradizionale, considerata un vero e proprio cult, e uno dei classici tra le miscele Dunhill, un tempo molto conosciute. Per decenni, questa miscela ha goduto di grande popolarit\u00e0 tra gli intenditori che ne apprezzano [&hellip;]<\/p>\n","protected":false},"featured_media":122948,"template":"","meta":[],"product_brand":[1807],"product_cat":[5810,1944,1889,2050],"product_tag":[],"class_list":{"0":"post-122944","1":"product","2":"type-product","3":"status-publish","4":"has-post-thumbnail","6":"product_brand-peterson-pfeifen-und-pfeifentabak","7":"product_cat-canta","8":"product_cat-mondo-pipe","9":"product_cat-tabacco","10":"product_cat-tabacco-da-pipa-it","12":"first","13":"instock","14":"purchasable","15":"product-type-simple"},"yoast_head":"<!-- This site is optimized with the Yoast SEO plugin v27.5 - https:\/\/yoast.com\/product\/yoast-seo-wordpress\/ -->\n<title>Acquista tabacco da pipa Peterson De Luxe Navy Rolls<\/title>\n<meta name=\"description\" content=\"Tabacco da pipa Peterson De Luxe Navy Rolls \u2013 Delicato e aromatico con note dolci e leggermente dolci. Taglio Navy Rolls per un&#039;esperienza di fumo uniforme.\" \/>\n<meta name=\"robots\" content=\"index, follow, max-snippet:-1, max-image-preview:large, max-video-preview:-1\" \/>\n<link rel=\"canonical\" href=\"https:\/\/www.tabakversand.ch\/it\/prodotto\/peterson-de-luxe-navy-rolls-tabacco-da-pipa-50-gr\/\" \/>\n<meta property=\"og:locale\" content=\"it_IT\" \/>\n<meta property=\"og:type\" content=\"article\" \/>\n<meta property=\"og:title\" content=\"Acquista tabacco da pipa Peterson De Luxe Navy Rolls\" \/>\n<meta property=\"og:description\" content=\"Tabacco da pipa Peterson De Luxe Navy Rolls \u2013 Delicato e aromatico con note dolci e leggermente dolci. Taglio Navy Rolls per un&#039;esperienza di fumo uniforme.\" \/>\n<meta property=\"og:url\" content=\"https:\/\/www.tabakversand.ch\/it\/prodotto\/peterson-de-luxe-navy-rolls-tabacco-da-pipa-50-gr\/\" \/>\n<meta property=\"og:site_name\" content=\"Tabakversand.ch | Alles aus der Welt des Tabaks\" \/>\n<meta property=\"article:modified_time\" content=\"2026-04-16T11:49:43+00:00\" \/>\n<meta property=\"og:image\" content=\"https:\/\/www.tabakversand.ch\/wp-content\/uploads\/2022\/11\/peterson-de-luxe-navy-rolls.jpg\" \/>\n\t<meta property=\"og:image:width\" content=\"500\" \/>\n\t<meta property=\"og:image:height\" content=\"500\" \/>\n\t<meta property=\"og:image:type\" content=\"image\/jpeg\" \/>\n<meta name=\"twitter:card\" content=\"summary_large_image\" \/>\n<meta name=\"twitter:label1\" content=\"Tempo di lettura stimato\" \/>\n\t<meta name=\"twitter:data1\" content=\"2 minuti\" \/>\n<script type=\"application\/ld+json\" class=\"yoast-schema-graph\">{\"@context\":\"https:\\\/\\\/schema.org\",\"@graph\":[{\"@type\":\"WebPage\",\"@id\":\"https:\\\/\\\/www.tabakversand.ch\\\/it\\\/prodotto\\\/peterson-de-luxe-navy-rolls-tabacco-da-pipa-50-gr\\\/\",\"url\":\"https:\\\/\\\/www.tabakversand.ch\\\/it\\\/prodotto\\\/peterson-de-luxe-navy-rolls-tabacco-da-pipa-50-gr\\\/\",\"name\":\"Acquista tabacco da pipa Peterson De Luxe Navy Rolls\",\"isPartOf\":{\"@id\":\"https:\\\/\\\/www.tabakversand.ch\\\/#website\"},\"primaryImageOfPage\":{\"@id\":\"https:\\\/\\\/www.tabakversand.ch\\\/it\\\/prodotto\\\/peterson-de-luxe-navy-rolls-tabacco-da-pipa-50-gr\\\/#primaryimage\"},\"image\":{\"@id\":\"https:\\\/\\\/www.tabakversand.ch\\\/it\\\/prodotto\\\/peterson-de-luxe-navy-rolls-tabacco-da-pipa-50-gr\\\/#primaryimage\"},\"thumbnailUrl\":\"https:\\\/\\\/www.tabakversand.ch\\\/wp-content\\\/uploads\\\/2022\\\/11\\\/peterson-de-luxe-navy-rolls.jpg\",\"datePublished\":\"2023-09-14T15:01:16+00:00\",\"dateModified\":\"2026-04-16T11:49:43+00:00\",\"description\":\"Tabacco da pipa Peterson De Luxe Navy Rolls \u2013 Delicato e aromatico con note dolci e leggermente dolci. Taglio Navy Rolls per un'esperienza di fumo uniforme.\",\"breadcrumb\":{\"@id\":\"https:\\\/\\\/www.tabakversand.ch\\\/it\\\/prodotto\\\/peterson-de-luxe-navy-rolls-tabacco-da-pipa-50-gr\\\/#breadcrumb\"},\"inLanguage\":\"it-IT\",\"potentialAction\":[{\"@type\":\"ReadAction\",\"target\":[\"https:\\\/\\\/www.tabakversand.ch\\\/it\\\/prodotto\\\/peterson-de-luxe-navy-rolls-tabacco-da-pipa-50-gr\\\/\"]}]},{\"@type\":\"ImageObject\",\"inLanguage\":\"it-IT\",\"@id\":\"https:\\\/\\\/www.tabakversand.ch\\\/it\\\/prodotto\\\/peterson-de-luxe-navy-rolls-tabacco-da-pipa-50-gr\\\/#primaryimage\",\"url\":\"https:\\\/\\\/www.tabakversand.ch\\\/wp-content\\\/uploads\\\/2022\\\/11\\\/peterson-de-luxe-navy-rolls.jpg\",\"contentUrl\":\"https:\\\/\\\/www.tabakversand.ch\\\/wp-content\\\/uploads\\\/2022\\\/11\\\/peterson-de-luxe-navy-rolls.jpg\",\"width\":500,\"height\":500,\"caption\":\"Peterson De Luxe Navy Rolls tabacco da pipa 50 gr. | Tabakversand.ch\"},{\"@type\":\"BreadcrumbList\",\"@id\":\"https:\\\/\\\/www.tabakversand.ch\\\/it\\\/prodotto\\\/peterson-de-luxe-navy-rolls-tabacco-da-pipa-50-gr\\\/#breadcrumb\",\"itemListElement\":[{\"@type\":\"ListItem\",\"position\":1,\"name\":\"Startseite\",\"item\":\"https:\\\/\\\/www.tabakversand.ch\\\/\"},{\"@type\":\"ListItem\",\"position\":2,\"name\":\"Negozio\",\"item\":\"https:\\\/\\\/www.tabakversand.ch\\\/it\\\/negozio\\\/\"},{\"@type\":\"ListItem\",\"position\":3,\"name\":\"Peterson De Luxe Navy Rolls\"}]},{\"@type\":\"WebSite\",\"@id\":\"https:\\\/\\\/www.tabakversand.ch\\\/#website\",\"url\":\"https:\\\/\\\/www.tabakversand.ch\\\/\",\"name\":\"Tabakversand.ch | Alles aus der Welt des Tabaks\",\"description\":\"Smoke and carpe diem\",\"potentialAction\":[{\"@type\":\"SearchAction\",\"target\":{\"@type\":\"EntryPoint\",\"urlTemplate\":\"https:\\\/\\\/www.tabakversand.ch\\\/?s={search_term_string}\"},\"query-input\":{\"@type\":\"PropertyValueSpecification\",\"valueRequired\":true,\"valueName\":\"search_term_string\"}}],\"inLanguage\":\"it-IT\"}]}<\/script>\n<!-- \/ Yoast SEO plugin. -->","yoast_head_json":{"title":"Acquista tabacco da pipa Peterson De Luxe Navy Rolls","description":"Tabacco da pipa Peterson De Luxe Navy Rolls \u2013 Delicato e aromatico con note dolci e leggermente dolci. Taglio Navy Rolls per un'esperienza di fumo uniforme.","robots":{"index":"index","follow":"follow","max-snippet":"max-snippet:-1","max-image-preview":"max-image-preview:large","max-video-preview":"max-video-preview:-1"},"canonical":"https:\/\/www.tabakversand.ch\/it\/prodotto\/peterson-de-luxe-navy-rolls-tabacco-da-pipa-50-gr\/","og_locale":"it_IT","og_type":"article","og_title":"Acquista tabacco da pipa Peterson De Luxe Navy Rolls","og_description":"Tabacco da pipa Peterson De Luxe Navy Rolls \u2013 Delicato e aromatico con note dolci e leggermente dolci. Taglio Navy Rolls per un'esperienza di fumo uniforme.","og_url":"https:\/\/www.tabakversand.ch\/it\/prodotto\/peterson-de-luxe-navy-rolls-tabacco-da-pipa-50-gr\/","og_site_name":"Tabakversand.ch | Alles aus der Welt des Tabaks","article_modified_time":"2026-04-16T11:49:43+00:00","og_image":[{"width":500,"height":500,"url":"https:\/\/www.tabakversand.ch\/wp-content\/uploads\/2022\/11\/peterson-de-luxe-navy-rolls.jpg","type":"image\/jpeg"}],"twitter_card":"summary_large_image","twitter_misc":{"Tempo di lettura stimato":"2 minuti"},"schema":{"@context":"https:\/\/schema.org","@graph":[{"@type":"WebPage","@id":"https:\/\/www.tabakversand.ch\/it\/prodotto\/peterson-de-luxe-navy-rolls-tabacco-da-pipa-50-gr\/","url":"https:\/\/www.tabakversand.ch\/it\/prodotto\/peterson-de-luxe-navy-rolls-tabacco-da-pipa-50-gr\/","name":"Acquista tabacco da pipa Peterson De Luxe Navy Rolls","isPartOf":{"@id":"https:\/\/www.tabakversand.ch\/#website"},"primaryImageOfPage":{"@id":"https:\/\/www.tabakversand.ch\/it\/prodotto\/peterson-de-luxe-navy-rolls-tabacco-da-pipa-50-gr\/#primaryimage"},"image":{"@id":"https:\/\/www.tabakversand.ch\/it\/prodotto\/peterson-de-luxe-navy-rolls-tabacco-da-pipa-50-gr\/#primaryimage"},"thumbnailUrl":"https:\/\/www.tabakversand.ch\/wp-content\/uploads\/2022\/11\/peterson-de-luxe-navy-rolls.jpg","datePublished":"2023-09-14T15:01:16+00:00","dateModified":"2026-04-16T11:49:43+00:00","description":"Tabacco da pipa Peterson De Luxe Navy Rolls \u2013 Delicato e aromatico con note dolci e leggermente dolci. Taglio Navy Rolls per un'esperienza di fumo uniforme.","breadcrumb":{"@id":"https:\/\/www.tabakversand.ch\/it\/prodotto\/peterson-de-luxe-navy-rolls-tabacco-da-pipa-50-gr\/#breadcrumb"},"inLanguage":"it-IT","potentialAction":[{"@type":"ReadAction","target":["https:\/\/www.tabakversand.ch\/it\/prodotto\/peterson-de-luxe-navy-rolls-tabacco-da-pipa-50-gr\/"]}]},{"@type":"ImageObject","inLanguage":"it-IT","@id":"https:\/\/www.tabakversand.ch\/it\/prodotto\/peterson-de-luxe-navy-rolls-tabacco-da-pipa-50-gr\/#primaryimage","url":"https:\/\/www.tabakversand.ch\/wp-content\/uploads\/2022\/11\/peterson-de-luxe-navy-rolls.jpg","contentUrl":"https:\/\/www.tabakversand.ch\/wp-content\/uploads\/2022\/11\/peterson-de-luxe-navy-rolls.jpg","width":500,"height":500,"caption":"Peterson De Luxe Navy Rolls tabacco da pipa 50 gr. | Tabakversand.ch"},{"@type":"BreadcrumbList","@id":"https:\/\/www.tabakversand.ch\/it\/prodotto\/peterson-de-luxe-navy-rolls-tabacco-da-pipa-50-gr\/#breadcrumb","itemListElement":[{"@type":"ListItem","position":1,"name":"Startseite","item":"https:\/\/www.tabakversand.ch\/"},{"@type":"ListItem","position":2,"name":"Negozio","item":"https:\/\/www.tabakversand.ch\/it\/negozio\/"},{"@type":"ListItem","position":3,"name":"Peterson De Luxe Navy Rolls"}]},{"@type":"WebSite","@id":"https:\/\/www.tabakversand.ch\/#website","url":"https:\/\/www.tabakversand.ch\/","name":"Tabakversand.ch | Alles aus der Welt des Tabaks","description":"Smoke and carpe diem","potentialAction":[{"@type":"SearchAction","target":{"@type":"EntryPoint","urlTemplate":"https:\/\/www.tabakversand.ch\/?s={search_term_string}"},"query-input":{"@type":"PropertyValueSpecification","valueRequired":true,"valueName":"search_term_string"}}],"inLanguage":"it-IT"}]}},"_links":{"self":[{"href":"https:\/\/www.tabakversand.ch\/it\/wp-json\/wp\/v2\/product\/122944","targetHints":{"allow":["GET"]}}],"collection":[{"href":"https:\/\/www.tabakversand.ch\/it\/wp-json\/wp\/v2\/product"}],"about":[{"href":"https:\/\/www.tabakversand.ch\/it\/wp-json\/wp\/v2\/types\/product"}],"version-history":[{"count":6,"href":"https:\/\/www.tabakversand.ch\/it\/wp-json\/wp\/v2\/product\/122944\/revisions"}],"predecessor-version":[{"id":217924,"href":"https:\/\/www.tabakversand.ch\/it\/wp-json\/wp\/v2\/product\/122944\/revisions\/217924"}],"wp:featuredmedia":[{"embeddable":true,"href":"https:\/\/www.tabakversand.ch\/it\/wp-json\/wp\/v2\/media\/122948"}],"wp:attachment":[{"href":"https:\/\/www.tabakversand.ch\/it\/wp-json\/wp\/v2\/media?parent=122944"}],"wp:term":[{"taxonomy":"product_brand","embeddable":true,"href":"https:\/\/www.tabakversand.ch\/it\/wp-json\/wp\/v2\/product_brand?post=122944"},{"taxonomy":"product_cat","embeddable":true,"href":"https:\/\/www.tabakversand.ch\/it\/wp-json\/wp\/v2\/product_cat?post=122944"},{"taxonomy":"product_tag","embeddable":true,"href":"https:\/\/www.tabakversand.ch\/it\/wp-json\/wp\/v2\/product_tag?post=122944"}],"curies":[{"name":"wp","href":"https:\/\/api.w.org\/{rel}","templated":true}]}}