{"id":124602,"date":"2023-09-14T13:49:25","date_gmt":"2023-09-14T11:49:25","guid":{"rendered":"https:\/\/www.tabakversand.ch\/?post_type=product&#038;p=124602"},"modified":"2023-09-14T13:49:30","modified_gmt":"2023-09-14T11:49:30","slug":"sonnenfeld-marie-anna-cbd-hasch-schwarzer-afghano-3-gr","status":"publish","type":"product","link":"https:\/\/www.tabakversand.ch\/it\/prodotto\/sonnenfeld-marie-anna-cbd-hasch-schwarzer-afghano-3-gr\/","title":{"rendered":"Sonnenfeld Marie &amp; Anna CBD hash nero afgano 3 gr."},"content":{"rendered":"<p>Sonnenfeld Marie &amp; Anna CBD hash nero afgano 3 gr.<\/p>\n<p>Black Afghan \u00e8 una delle variet\u00e0 di hashish pi\u00f9 popolari. L&#8217;aroma si avvicina molto al classico odore di resina. A causa della produzione lenta, \u00e8 possibile ottenere molto aroma. Inoltre, \u00e8 descritto come piccante con una nota leggermente dolce. Il nero afgano ha il suo colore nero dalla resina scura, che viene estratta dalla pianta durante la lavorazione.<\/p>\n<p>CBD &lt;33% \/ THC &lt;1%<\/p>\n<p>Tutti i prezzi sono validi solo per gli ordini online e includono IVA, sono soggetti a modifiche pi\u00f9 IVA. Spese di spedizione. Errori, modifiche nella fornitura e nella progettazione, errori di stampa e variazioni di prezzo riservate. I prezzi barrati sono stattpreise. L&#8217;illustrazione pu\u00f2 differire dall&#8217;originale\/ambito di fornitura.<br \/>\n*Spedizione gratuita a partire da CHF 250.- valore dell&#8217;ordine.<\/p>\n","protected":false},"excerpt":{"rendered":"<p>Sonnenfeld Marie &amp; Anna CBD hash nero afgano 3 gr. Black Afghan \u00e8 una delle variet\u00e0 di hashish pi\u00f9 popolari. L&#8217;aroma si avvicina molto al classico odore di resina. A causa della produzione lenta, \u00e8 possibile ottenere molto aroma. Inoltre, \u00e8 descritto come piccante con una nota leggermente dolce. Il nero afgano ha il suo [&hellip;]<\/p>\n","protected":false},"featured_media":124606,"template":"","meta":[],"product_brand":[1768],"product_cat":[2100,2004],"product_tag":[],"class_list":{"0":"post-124602","1":"product","2":"type-product","3":"status-publish","4":"has-post-thumbnail","6":"product_brand-sonnenfeld","7":"product_cat-canapa-cbd","8":"product_cat-diverso-headshop","10":"first","11":"onbackorder","12":"purchasable","13":"product-type-simple"},"yoast_head":"<!-- This site is optimized with the Yoast SEO plugin v27.0 - https:\/\/yoast.com\/product\/yoast-seo-wordpress\/ -->\n<title>Sonnenfeld Marie &amp; Anna CBD hash nero afgano 3 gr.<\/title>\n<meta name=\"description\" content=\"Sonnenfeld Marie &amp; Anna CBD hash nero afgano 3 gr. | Una vasta gamma di prodotti del tabacco in tutta la Svizzera | Carte accettate!\" \/>\n<meta name=\"robots\" content=\"index, follow, max-snippet:-1, max-image-preview:large, max-video-preview:-1\" \/>\n<link rel=\"canonical\" href=\"https:\/\/www.tabakversand.ch\/it\/prodotto\/sonnenfeld-marie-anna-cbd-hasch-schwarzer-afghano-3-gr\/\" \/>\n<meta property=\"og:locale\" content=\"it_IT\" \/>\n<meta property=\"og:type\" content=\"article\" \/>\n<meta property=\"og:title\" content=\"Sonnenfeld Marie &amp; Anna CBD hash nero afgano 3 gr.\" \/>\n<meta property=\"og:description\" content=\"Sonnenfeld Marie &amp; Anna CBD hash nero afgano 3 gr. | Una vasta gamma di prodotti del tabacco in tutta la Svizzera | Carte accettate!\" \/>\n<meta property=\"og:url\" content=\"https:\/\/www.tabakversand.ch\/it\/prodotto\/sonnenfeld-marie-anna-cbd-hasch-schwarzer-afghano-3-gr\/\" \/>\n<meta property=\"og:site_name\" content=\"Tabakversand.ch | Alles aus der Welt des Tabaks\" \/>\n<meta property=\"article:modified_time\" content=\"2023-09-14T11:49:30+00:00\" \/>\n<meta property=\"og:image\" content=\"https:\/\/www.tabakversand.ch\/wp-content\/uploads\/2022\/12\/sonnenfeld-marie-anna-cbd-hasch-schwarzer-afghane.jpg\" \/>\n\t<meta property=\"og:image:width\" content=\"500\" \/>\n\t<meta property=\"og:image:height\" content=\"500\" \/>\n\t<meta property=\"og:image:type\" content=\"image\/jpeg\" \/>\n<meta name=\"twitter:card\" content=\"summary_large_image\" \/>\n<meta name=\"twitter:label1\" content=\"Tempo di lettura stimato\" \/>\n\t<meta name=\"twitter:data1\" content=\"1 minuto\" \/>\n<script type=\"application\/ld+json\" class=\"yoast-schema-graph\">{\"@context\":\"https:\/\/schema.org\",\"@graph\":[{\"@type\":\"WebPage\",\"@id\":\"https:\/\/www.tabakversand.ch\/it\/prodotto\/sonnenfeld-marie-anna-cbd-hasch-schwarzer-afghano-3-gr\/\",\"url\":\"https:\/\/www.tabakversand.ch\/it\/prodotto\/sonnenfeld-marie-anna-cbd-hasch-schwarzer-afghano-3-gr\/\",\"name\":\"Sonnenfeld Marie &amp; Anna CBD hash nero afgano 3 gr.\",\"isPartOf\":{\"@id\":\"https:\/\/www.tabakversand.ch\/#website\"},\"primaryImageOfPage\":{\"@id\":\"https:\/\/www.tabakversand.ch\/it\/prodotto\/sonnenfeld-marie-anna-cbd-hasch-schwarzer-afghano-3-gr\/#primaryimage\"},\"image\":{\"@id\":\"https:\/\/www.tabakversand.ch\/it\/prodotto\/sonnenfeld-marie-anna-cbd-hasch-schwarzer-afghano-3-gr\/#primaryimage\"},\"thumbnailUrl\":\"https:\/\/www.tabakversand.ch\/wp-content\/uploads\/2022\/12\/sonnenfeld-marie-anna-cbd-hasch-schwarzer-afghane.jpg\",\"datePublished\":\"2023-09-14T11:49:25+00:00\",\"dateModified\":\"2023-09-14T11:49:30+00:00\",\"description\":\"Sonnenfeld Marie & Anna CBD hash nero afgano 3 gr. | Una vasta gamma di prodotti del tabacco in tutta la Svizzera | Carte accettate!\",\"breadcrumb\":{\"@id\":\"https:\/\/www.tabakversand.ch\/it\/prodotto\/sonnenfeld-marie-anna-cbd-hasch-schwarzer-afghano-3-gr\/#breadcrumb\"},\"inLanguage\":\"it-IT\",\"potentialAction\":[{\"@type\":\"ReadAction\",\"target\":[\"https:\/\/www.tabakversand.ch\/it\/prodotto\/sonnenfeld-marie-anna-cbd-hasch-schwarzer-afghano-3-gr\/\"]}]},{\"@type\":\"ImageObject\",\"inLanguage\":\"it-IT\",\"@id\":\"https:\/\/www.tabakversand.ch\/it\/prodotto\/sonnenfeld-marie-anna-cbd-hasch-schwarzer-afghano-3-gr\/#primaryimage\",\"url\":\"https:\/\/www.tabakversand.ch\/wp-content\/uploads\/2022\/12\/sonnenfeld-marie-anna-cbd-hasch-schwarzer-afghane.jpg\",\"contentUrl\":\"https:\/\/www.tabakversand.ch\/wp-content\/uploads\/2022\/12\/sonnenfeld-marie-anna-cbd-hasch-schwarzer-afghane.jpg\",\"width\":500,\"height\":500,\"caption\":\"Sonnenfeld Marie & Anna CBD Hasch schwarzer Afghane 3 gr.\"},{\"@type\":\"BreadcrumbList\",\"@id\":\"https:\/\/www.tabakversand.ch\/it\/prodotto\/sonnenfeld-marie-anna-cbd-hasch-schwarzer-afghano-3-gr\/#breadcrumb\",\"itemListElement\":[{\"@type\":\"ListItem\",\"position\":1,\"name\":\"Startseite\",\"item\":\"https:\/\/www.tabakversand.ch\/\"},{\"@type\":\"ListItem\",\"position\":2,\"name\":\"Negozio\",\"item\":\"https:\/\/www.tabakversand.ch\/it\/negozio\/\"},{\"@type\":\"ListItem\",\"position\":3,\"name\":\"Sonnenfeld Marie &amp; Anna CBD hash nero afgano 3 gr.\"}]},{\"@type\":\"WebSite\",\"@id\":\"https:\/\/www.tabakversand.ch\/#website\",\"url\":\"https:\/\/www.tabakversand.ch\/\",\"name\":\"Tabakversand.ch | Alles aus der Welt des Tabaks\",\"description\":\"Smoke and carpe diem\",\"potentialAction\":[{\"@type\":\"SearchAction\",\"target\":{\"@type\":\"EntryPoint\",\"urlTemplate\":\"https:\/\/www.tabakversand.ch\/?s={search_term_string}\"},\"query-input\":{\"@type\":\"PropertyValueSpecification\",\"valueRequired\":true,\"valueName\":\"search_term_string\"}}],\"inLanguage\":\"it-IT\"}]}<\/script>\n<!-- \/ Yoast SEO plugin. -->","yoast_head_json":{"title":"Sonnenfeld Marie &amp; Anna CBD hash nero afgano 3 gr.","description":"Sonnenfeld Marie & Anna CBD hash nero afgano 3 gr. | Una vasta gamma di prodotti del tabacco in tutta la Svizzera | Carte accettate!","robots":{"index":"index","follow":"follow","max-snippet":"max-snippet:-1","max-image-preview":"max-image-preview:large","max-video-preview":"max-video-preview:-1"},"canonical":"https:\/\/www.tabakversand.ch\/it\/prodotto\/sonnenfeld-marie-anna-cbd-hasch-schwarzer-afghano-3-gr\/","og_locale":"it_IT","og_type":"article","og_title":"Sonnenfeld Marie &amp; Anna CBD hash nero afgano 3 gr.","og_description":"Sonnenfeld Marie & Anna CBD hash nero afgano 3 gr. | Una vasta gamma di prodotti del tabacco in tutta la Svizzera | Carte accettate!","og_url":"https:\/\/www.tabakversand.ch\/it\/prodotto\/sonnenfeld-marie-anna-cbd-hasch-schwarzer-afghano-3-gr\/","og_site_name":"Tabakversand.ch | Alles aus der Welt des Tabaks","article_modified_time":"2023-09-14T11:49:30+00:00","og_image":[{"width":500,"height":500,"url":"https:\/\/www.tabakversand.ch\/wp-content\/uploads\/2022\/12\/sonnenfeld-marie-anna-cbd-hasch-schwarzer-afghane.jpg","type":"image\/jpeg"}],"twitter_card":"summary_large_image","twitter_misc":{"Tempo di lettura stimato":"1 minuto"},"schema":{"@context":"https:\/\/schema.org","@graph":[{"@type":"WebPage","@id":"https:\/\/www.tabakversand.ch\/it\/prodotto\/sonnenfeld-marie-anna-cbd-hasch-schwarzer-afghano-3-gr\/","url":"https:\/\/www.tabakversand.ch\/it\/prodotto\/sonnenfeld-marie-anna-cbd-hasch-schwarzer-afghano-3-gr\/","name":"Sonnenfeld Marie &amp; Anna CBD hash nero afgano 3 gr.","isPartOf":{"@id":"https:\/\/www.tabakversand.ch\/#website"},"primaryImageOfPage":{"@id":"https:\/\/www.tabakversand.ch\/it\/prodotto\/sonnenfeld-marie-anna-cbd-hasch-schwarzer-afghano-3-gr\/#primaryimage"},"image":{"@id":"https:\/\/www.tabakversand.ch\/it\/prodotto\/sonnenfeld-marie-anna-cbd-hasch-schwarzer-afghano-3-gr\/#primaryimage"},"thumbnailUrl":"https:\/\/www.tabakversand.ch\/wp-content\/uploads\/2022\/12\/sonnenfeld-marie-anna-cbd-hasch-schwarzer-afghane.jpg","datePublished":"2023-09-14T11:49:25+00:00","dateModified":"2023-09-14T11:49:30+00:00","description":"Sonnenfeld Marie & Anna CBD hash nero afgano 3 gr. | Una vasta gamma di prodotti del tabacco in tutta la Svizzera | Carte accettate!","breadcrumb":{"@id":"https:\/\/www.tabakversand.ch\/it\/prodotto\/sonnenfeld-marie-anna-cbd-hasch-schwarzer-afghano-3-gr\/#breadcrumb"},"inLanguage":"it-IT","potentialAction":[{"@type":"ReadAction","target":["https:\/\/www.tabakversand.ch\/it\/prodotto\/sonnenfeld-marie-anna-cbd-hasch-schwarzer-afghano-3-gr\/"]}]},{"@type":"ImageObject","inLanguage":"it-IT","@id":"https:\/\/www.tabakversand.ch\/it\/prodotto\/sonnenfeld-marie-anna-cbd-hasch-schwarzer-afghano-3-gr\/#primaryimage","url":"https:\/\/www.tabakversand.ch\/wp-content\/uploads\/2022\/12\/sonnenfeld-marie-anna-cbd-hasch-schwarzer-afghane.jpg","contentUrl":"https:\/\/www.tabakversand.ch\/wp-content\/uploads\/2022\/12\/sonnenfeld-marie-anna-cbd-hasch-schwarzer-afghane.jpg","width":500,"height":500,"caption":"Sonnenfeld Marie & Anna CBD Hasch schwarzer Afghane 3 gr."},{"@type":"BreadcrumbList","@id":"https:\/\/www.tabakversand.ch\/it\/prodotto\/sonnenfeld-marie-anna-cbd-hasch-schwarzer-afghano-3-gr\/#breadcrumb","itemListElement":[{"@type":"ListItem","position":1,"name":"Startseite","item":"https:\/\/www.tabakversand.ch\/"},{"@type":"ListItem","position":2,"name":"Negozio","item":"https:\/\/www.tabakversand.ch\/it\/negozio\/"},{"@type":"ListItem","position":3,"name":"Sonnenfeld Marie &amp; Anna CBD hash nero afgano 3 gr."}]},{"@type":"WebSite","@id":"https:\/\/www.tabakversand.ch\/#website","url":"https:\/\/www.tabakversand.ch\/","name":"Tabakversand.ch | Alles aus der Welt des Tabaks","description":"Smoke and carpe diem","potentialAction":[{"@type":"SearchAction","target":{"@type":"EntryPoint","urlTemplate":"https:\/\/www.tabakversand.ch\/?s={search_term_string}"},"query-input":{"@type":"PropertyValueSpecification","valueRequired":true,"valueName":"search_term_string"}}],"inLanguage":"it-IT"}]}},"_links":{"self":[{"href":"https:\/\/www.tabakversand.ch\/it\/wp-json\/wp\/v2\/product\/124602","targetHints":{"allow":["GET"]}}],"collection":[{"href":"https:\/\/www.tabakversand.ch\/it\/wp-json\/wp\/v2\/product"}],"about":[{"href":"https:\/\/www.tabakversand.ch\/it\/wp-json\/wp\/v2\/types\/product"}],"version-history":[{"count":1,"href":"https:\/\/www.tabakversand.ch\/it\/wp-json\/wp\/v2\/product\/124602\/revisions"}],"predecessor-version":[{"id":138046,"href":"https:\/\/www.tabakversand.ch\/it\/wp-json\/wp\/v2\/product\/124602\/revisions\/138046"}],"wp:featuredmedia":[{"embeddable":true,"href":"https:\/\/www.tabakversand.ch\/it\/wp-json\/wp\/v2\/media\/124606"}],"wp:attachment":[{"href":"https:\/\/www.tabakversand.ch\/it\/wp-json\/wp\/v2\/media?parent=124602"}],"wp:term":[{"taxonomy":"product_brand","embeddable":true,"href":"https:\/\/www.tabakversand.ch\/it\/wp-json\/wp\/v2\/product_brand?post=124602"},{"taxonomy":"product_cat","embeddable":true,"href":"https:\/\/www.tabakversand.ch\/it\/wp-json\/wp\/v2\/product_cat?post=124602"},{"taxonomy":"product_tag","embeddable":true,"href":"https:\/\/www.tabakversand.ch\/it\/wp-json\/wp\/v2\/product_tag?post=124602"}],"curies":[{"name":"wp","href":"https:\/\/api.w.org\/{rel}","templated":true}]}}