{"id":128816,"date":"2023-02-08T12:21:05","date_gmt":"2023-02-08T11:21:05","guid":{"rendered":"https:\/\/www.tabakversand.ch\/?post_type=product&#038;p=128816"},"modified":"2026-04-11T20:08:10","modified_gmt":"2026-04-11T18:08:10","slug":"bentley-mini-cigarillo","status":"publish","type":"product","link":"https:\/\/www.tabakversand.ch\/it\/prodotto\/bentley-mini-cigarillo\/","title":{"rendered":"Mini sigaretti Bentley"},"content":{"rendered":"<h1>Bentley Mini<\/h1>\n<p>I mini sigaretti Bentley offrono un piacere di fumo di alta qualit\u00e0 in un formato compatto, ideale per chi non vuole rinunciare alla qualit\u00e0, nemmeno per brevi periodi. La miscela di tabacco accuratamente selezionata garantisce un aroma piacevolmente intenso ed equilibrato, che conquister\u00e0 sia i principianti che gli intenditori pi\u00f9 esperti. <\/p>\n<p>Grazie alle loro dimensioni compatte, questi mini sigaretti sono perfetti da portare sempre con s\u00e9, per una breve pausa o per concedersi un piccolo piacere con stile. Bentley \u00e8 sinonimo di qualit\u00e0 affidabile, meticolosa cura artigianale e un&#8217;esperienza di fumo sempre di alto livello. <\/p>\n<p>Chiunque sia alla ricerca di sigaretti pratici, aromatici e di alta qualit\u00e0 trover\u00e0 nei Bentley Mini Cigarillos la scelta ideale.<\/p>\n<ul>\n<li>1 x 20 pezzi.<\/li>\n<\/ul>\n<p>100% tabacco dall&#8217;Ecuador e Dom. Repubblica<\/p>\n<p>Da lieve a medio corpo<\/p>\n<p>Lunghezza: 8,5 cm<\/p>\n<p>Diametro: 7,9 mm<\/p>\n<p>Perch\u00e9 i mini sigaretti Bentley?<\/p>\n<ul>\n<li>Formato compatto per un rapido utilizzo<\/li>\n<li>Un&#8217;esperienza gustativa armoniosa e aromatica<\/li>\n<li>Miscela di tabacco di alta qualit\u00e0<\/li>\n<li>Ideale per chi \u00e8 sempre in movimento o per brevi soggiorni.<\/li>\n<li>Qualit\u00e0 premium costante<\/li>\n<li>Ideale sia per principianti che per esperti.<\/li>\n<\/ul>\n<p>Su tabakversand.ch riceverete i mini sigaretti Bentley ben conservati e nella loro confezione originale. Un&#8217;attenta conservazione garantisce che aroma, umidit\u00e0 e qualit\u00e0 siano preservati al meglio fino alla spedizione. Grazie alla consegna rapida in Svizzera, i vostri sigaretti arriveranno solitamente in tempi brevissimi.  <\/p>\n<p>Per ulteriori informazioni sull&#8217;argomento dei sigaretti, si prega di consultare la relativa voce di Wikipedia: <a href=\"https:\/\/de.wikipedia.org\/wiki\/Tabak\">clicca qui<\/a> . Per qualsiasi domanda sul prodotto, non esitate a contattarci: <a href=\"https:\/\/www.tabakversand.ch\/kontakt\/\">cliccate qui<\/a> .<\/p>\n<p>Tutti i prezzi sono validi solo per gli ordini online e includono l&#8217;IVA, sono soggetti a modifiche senza preavviso e non includono le spese di spedizione.   Con riserva di errori, modifiche nella fornitura e nella progettazione, errori di stampa e modifiche dei prezzi. I prezzi barrati sono invece prezzi. L&#8217;immagine pu\u00f2 differire dall&#8217;originale\/dalla fornitura.<br \/>\n*Spedizione gratuita per ordini superiori a CHF 250.-.<\/p>\n","protected":false},"excerpt":{"rendered":"<p>Bentley Mini I mini sigaretti Bentley offrono un piacere di fumo di alta qualit\u00e0 in un formato compatto, ideale per chi non vuole rinunciare alla qualit\u00e0, nemmeno per brevi periodi. La miscela di tabacco accuratamente selezionata garantisce un aroma piacevolmente intenso ed equilibrato, che conquister\u00e0 sia i principianti che gli intenditori pi\u00f9 esperti. Grazie alle [&hellip;]<\/p>\n","protected":false},"featured_media":128820,"template":"","meta":[],"product_brand":[1523],"product_cat":[2003,2058],"product_tag":[],"class_list":{"0":"post-128816","1":"product","2":"type-product","3":"status-publish","4":"has-post-thumbnail","6":"product_brand-bentley","7":"product_cat-mondo-dei-sigari","8":"product_cat-sigaretti","10":"first","11":"instock","12":"purchasable","13":"product-type-simple"},"yoast_head":"<!-- This site is optimized with the Yoast SEO plugin v27.0 - https:\/\/yoast.com\/product\/yoast-seo-wordpress\/ -->\n<title>Bentley Mini \u2013 Acquista sigaretti premium online<\/title>\n<meta name=\"description\" content=\"I mini sigaretti Bentley offrono un sapore intenso in un pratico formato. Tabacco di alta qualit\u00e0, ideale per brevi momenti di piacere. Ordina online ora!\" \/>\n<meta name=\"robots\" content=\"index, follow, max-snippet:-1, max-image-preview:large, max-video-preview:-1\" \/>\n<link rel=\"canonical\" href=\"https:\/\/www.tabakversand.ch\/prodotto\/bentley-mini-cigarillo\/\" \/>\n<meta property=\"og:locale\" content=\"it_IT\" \/>\n<meta property=\"og:type\" content=\"article\" \/>\n<meta property=\"og:title\" content=\"Bentley Mini \u2013 Acquista sigaretti premium online\" \/>\n<meta property=\"og:description\" content=\"I mini sigaretti Bentley offrono un sapore intenso in un pratico formato. Tabacco di alta qualit\u00e0, ideale per brevi momenti di piacere. Ordina online ora!\" \/>\n<meta property=\"og:url\" content=\"https:\/\/www.tabakversand.ch\/prodotto\/bentley-mini-cigarillo\/\" \/>\n<meta property=\"og:site_name\" content=\"Tabakversand.ch | Alles aus der Welt des Tabaks\" \/>\n<meta property=\"article:modified_time\" content=\"2026-04-11T18:08:10+00:00\" \/>\n<meta property=\"og:image\" content=\"https:\/\/www.tabakversand.ch\/wp-content\/uploads\/2023\/02\/bentley-mini-cigarillos.jpg\" \/>\n\t<meta property=\"og:image:width\" content=\"500\" \/>\n\t<meta property=\"og:image:height\" content=\"500\" \/>\n\t<meta property=\"og:image:type\" content=\"image\/jpeg\" \/>\n<meta name=\"twitter:card\" content=\"summary_large_image\" \/>\n<meta name=\"twitter:label1\" content=\"Tempo di lettura stimato\" \/>\n\t<meta name=\"twitter:data1\" content=\"2 minuti\" \/>\n<script type=\"application\/ld+json\" class=\"yoast-schema-graph\">{\"@context\":\"https:\/\/schema.org\",\"@graph\":[{\"@type\":\"WebPage\",\"@id\":\"https:\/\/www.tabakversand.ch\/prodotto\/bentley-mini-cigarillo\/\",\"url\":\"https:\/\/www.tabakversand.ch\/prodotto\/bentley-mini-cigarillo\/\",\"name\":\"Bentley Mini \u2013 Acquista sigaretti premium online\",\"isPartOf\":{\"@id\":\"https:\/\/www.tabakversand.ch\/#website\"},\"primaryImageOfPage\":{\"@id\":\"https:\/\/www.tabakversand.ch\/prodotto\/bentley-mini-cigarillo\/#primaryimage\"},\"image\":{\"@id\":\"https:\/\/www.tabakversand.ch\/prodotto\/bentley-mini-cigarillo\/#primaryimage\"},\"thumbnailUrl\":\"https:\/\/www.tabakversand.ch\/wp-content\/uploads\/2023\/02\/bentley-mini-cigarillos.jpg\",\"datePublished\":\"2023-02-08T11:21:05+00:00\",\"dateModified\":\"2026-04-11T18:08:10+00:00\",\"description\":\"I mini sigaretti Bentley offrono un sapore intenso in un pratico formato. Tabacco di alta qualit\u00e0, ideale per brevi momenti di piacere. Ordina online ora!\",\"breadcrumb\":{\"@id\":\"https:\/\/www.tabakversand.ch\/prodotto\/bentley-mini-cigarillo\/#breadcrumb\"},\"inLanguage\":\"it-IT\",\"potentialAction\":[{\"@type\":\"ReadAction\",\"target\":[\"https:\/\/www.tabakversand.ch\/prodotto\/bentley-mini-cigarillo\/\"]}]},{\"@type\":\"ImageObject\",\"inLanguage\":\"it-IT\",\"@id\":\"https:\/\/www.tabakversand.ch\/prodotto\/bentley-mini-cigarillo\/#primaryimage\",\"url\":\"https:\/\/www.tabakversand.ch\/wp-content\/uploads\/2023\/02\/bentley-mini-cigarillos.jpg\",\"contentUrl\":\"https:\/\/www.tabakversand.ch\/wp-content\/uploads\/2023\/02\/bentley-mini-cigarillos.jpg\",\"width\":500,\"height\":500,\"caption\":\"Sigaretto Bentley Mini | Tabakversand.ch\"},{\"@type\":\"BreadcrumbList\",\"@id\":\"https:\/\/www.tabakversand.ch\/prodotto\/bentley-mini-cigarillo\/#breadcrumb\",\"itemListElement\":[{\"@type\":\"ListItem\",\"position\":1,\"name\":\"Startseite\",\"item\":\"https:\/\/www.tabakversand.ch\/\"},{\"@type\":\"ListItem\",\"position\":2,\"name\":\"Negozio\",\"item\":\"https:\/\/www.tabakversand.ch\/it\/negozio\/\"},{\"@type\":\"ListItem\",\"position\":3,\"name\":\"Mini sigaretti Bentley\"}]},{\"@type\":\"WebSite\",\"@id\":\"https:\/\/www.tabakversand.ch\/#website\",\"url\":\"https:\/\/www.tabakversand.ch\/\",\"name\":\"Tabakversand.ch | Alles aus der Welt des Tabaks\",\"description\":\"Smoke and carpe diem\",\"potentialAction\":[{\"@type\":\"SearchAction\",\"target\":{\"@type\":\"EntryPoint\",\"urlTemplate\":\"https:\/\/www.tabakversand.ch\/?s={search_term_string}\"},\"query-input\":{\"@type\":\"PropertyValueSpecification\",\"valueRequired\":true,\"valueName\":\"search_term_string\"}}],\"inLanguage\":\"it-IT\"}]}<\/script>\n<!-- \/ Yoast SEO plugin. -->","yoast_head_json":{"title":"Bentley Mini \u2013 Acquista sigaretti premium online","description":"I mini sigaretti Bentley offrono un sapore intenso in un pratico formato. Tabacco di alta qualit\u00e0, ideale per brevi momenti di piacere. Ordina online ora!","robots":{"index":"index","follow":"follow","max-snippet":"max-snippet:-1","max-image-preview":"max-image-preview:large","max-video-preview":"max-video-preview:-1"},"canonical":"https:\/\/www.tabakversand.ch\/prodotto\/bentley-mini-cigarillo\/","og_locale":"it_IT","og_type":"article","og_title":"Bentley Mini \u2013 Acquista sigaretti premium online","og_description":"I mini sigaretti Bentley offrono un sapore intenso in un pratico formato. Tabacco di alta qualit\u00e0, ideale per brevi momenti di piacere. Ordina online ora!","og_url":"https:\/\/www.tabakversand.ch\/prodotto\/bentley-mini-cigarillo\/","og_site_name":"Tabakversand.ch | Alles aus der Welt des Tabaks","article_modified_time":"2026-04-11T18:08:10+00:00","og_image":[{"width":500,"height":500,"url":"https:\/\/www.tabakversand.ch\/wp-content\/uploads\/2023\/02\/bentley-mini-cigarillos.jpg","type":"image\/jpeg"}],"twitter_card":"summary_large_image","twitter_misc":{"Tempo di lettura stimato":"2 minuti"},"schema":{"@context":"https:\/\/schema.org","@graph":[{"@type":"WebPage","@id":"https:\/\/www.tabakversand.ch\/prodotto\/bentley-mini-cigarillo\/","url":"https:\/\/www.tabakversand.ch\/prodotto\/bentley-mini-cigarillo\/","name":"Bentley Mini \u2013 Acquista sigaretti premium online","isPartOf":{"@id":"https:\/\/www.tabakversand.ch\/#website"},"primaryImageOfPage":{"@id":"https:\/\/www.tabakversand.ch\/prodotto\/bentley-mini-cigarillo\/#primaryimage"},"image":{"@id":"https:\/\/www.tabakversand.ch\/prodotto\/bentley-mini-cigarillo\/#primaryimage"},"thumbnailUrl":"https:\/\/www.tabakversand.ch\/wp-content\/uploads\/2023\/02\/bentley-mini-cigarillos.jpg","datePublished":"2023-02-08T11:21:05+00:00","dateModified":"2026-04-11T18:08:10+00:00","description":"I mini sigaretti Bentley offrono un sapore intenso in un pratico formato. Tabacco di alta qualit\u00e0, ideale per brevi momenti di piacere. Ordina online ora!","breadcrumb":{"@id":"https:\/\/www.tabakversand.ch\/prodotto\/bentley-mini-cigarillo\/#breadcrumb"},"inLanguage":"it-IT","potentialAction":[{"@type":"ReadAction","target":["https:\/\/www.tabakversand.ch\/prodotto\/bentley-mini-cigarillo\/"]}]},{"@type":"ImageObject","inLanguage":"it-IT","@id":"https:\/\/www.tabakversand.ch\/prodotto\/bentley-mini-cigarillo\/#primaryimage","url":"https:\/\/www.tabakversand.ch\/wp-content\/uploads\/2023\/02\/bentley-mini-cigarillos.jpg","contentUrl":"https:\/\/www.tabakversand.ch\/wp-content\/uploads\/2023\/02\/bentley-mini-cigarillos.jpg","width":500,"height":500,"caption":"Sigaretto Bentley Mini | Tabakversand.ch"},{"@type":"BreadcrumbList","@id":"https:\/\/www.tabakversand.ch\/prodotto\/bentley-mini-cigarillo\/#breadcrumb","itemListElement":[{"@type":"ListItem","position":1,"name":"Startseite","item":"https:\/\/www.tabakversand.ch\/"},{"@type":"ListItem","position":2,"name":"Negozio","item":"https:\/\/www.tabakversand.ch\/it\/negozio\/"},{"@type":"ListItem","position":3,"name":"Mini sigaretti Bentley"}]},{"@type":"WebSite","@id":"https:\/\/www.tabakversand.ch\/#website","url":"https:\/\/www.tabakversand.ch\/","name":"Tabakversand.ch | Alles aus der Welt des Tabaks","description":"Smoke and carpe diem","potentialAction":[{"@type":"SearchAction","target":{"@type":"EntryPoint","urlTemplate":"https:\/\/www.tabakversand.ch\/?s={search_term_string}"},"query-input":{"@type":"PropertyValueSpecification","valueRequired":true,"valueName":"search_term_string"}}],"inLanguage":"it-IT"}]}},"_links":{"self":[{"href":"https:\/\/www.tabakversand.ch\/it\/wp-json\/wp\/v2\/product\/128816","targetHints":{"allow":["GET"]}}],"collection":[{"href":"https:\/\/www.tabakversand.ch\/it\/wp-json\/wp\/v2\/product"}],"about":[{"href":"https:\/\/www.tabakversand.ch\/it\/wp-json\/wp\/v2\/types\/product"}],"version-history":[{"count":4,"href":"https:\/\/www.tabakversand.ch\/it\/wp-json\/wp\/v2\/product\/128816\/revisions"}],"predecessor-version":[{"id":217629,"href":"https:\/\/www.tabakversand.ch\/it\/wp-json\/wp\/v2\/product\/128816\/revisions\/217629"}],"wp:featuredmedia":[{"embeddable":true,"href":"https:\/\/www.tabakversand.ch\/it\/wp-json\/wp\/v2\/media\/128820"}],"wp:attachment":[{"href":"https:\/\/www.tabakversand.ch\/it\/wp-json\/wp\/v2\/media?parent=128816"}],"wp:term":[{"taxonomy":"product_brand","embeddable":true,"href":"https:\/\/www.tabakversand.ch\/it\/wp-json\/wp\/v2\/product_brand?post=128816"},{"taxonomy":"product_cat","embeddable":true,"href":"https:\/\/www.tabakversand.ch\/it\/wp-json\/wp\/v2\/product_cat?post=128816"},{"taxonomy":"product_tag","embeddable":true,"href":"https:\/\/www.tabakversand.ch\/it\/wp-json\/wp\/v2\/product_tag?post=128816"}],"curies":[{"name":"wp","href":"https:\/\/api.w.org\/{rel}","templated":true}]}}