{"id":129695,"date":"2023-03-23T15:09:46","date_gmt":"2023-03-23T14:09:46","guid":{"rendered":"https:\/\/www.tabakversand.ch\/?post_type=product&#038;p=129695"},"modified":"2025-09-17T10:23:08","modified_gmt":"2025-09-17T08:23:08","slug":"eos-mirtillo-snus-11-gr","status":"publish","type":"product","link":"https:\/\/www.tabakversand.ch\/it\/prodotto\/eos-mirtillo-snus-11-gr\/","title":{"rendered":"EOS Mirtillo Snus 11g"},"content":{"rendered":"<p>EOS Mirtillo Snus 11g<\/p>\n<p>Goditi il gusto dei mirtilli freschi che fuoriescono da questa busta. Combinato con la nicotina, il sacchetto dona una stimolante sensazione fruttata.<\/p>\n<p>EOS Snus \u00e8 una busta per nicotina completamente bianca senza tabacco con un elevato standard di qualit\u00e0. Anche i prodotti aromatizzati alla frutta contengono pezzi di frutta biologica e il sapore \u00e8 pienamente presente per circa 2 ore.<\/p>\n<p>Particolarit\u00e0: un nuovo scomparto extra per lo smaltimento della custodia usata.<\/p>\n<p>Forza di nicotina (6 milligrammi per busta)<\/p>\n<p>Contenuto: 20 buste<\/p>\n<p>Ingredienti: fibra di cellulosa, polvere di mirtilli biologici, maltitolo, mannitolo, aromi, nicotina, correttore di acidit\u00e0, sale, legante, dolcificante<\/p>\n<p>5 barattoli da 11 gr.<\/p>\n<p>Tutti i prezzi si applicano solo agli ordini online e sono comprensivi di IVA. Soggetto a modifiche senza preavviso, escluse le spese di spedizione. Con riserva di errori, modifiche nell&#8217;ambito di consegna e nel design, errori di stampa e variazioni di prezzo. I prezzi barrati sono prezzi sostitutivi. Le illustrazioni possono differire dall&#8217;originale\/dall&#8217;ambito di consegna.<br \/>\n*Spedizione gratuita per ordini superiori a CHF 250.-.<\/p>\n","protected":false},"excerpt":{"rendered":"<p>EOS Mirtillo Snus 11g Goditi il gusto dei mirtilli freschi che fuoriescono da questa busta. Combinato con la nicotina, il sacchetto dona una stimolante sensazione fruttata. EOS Snus \u00e8 una busta per nicotina completamente bianca senza tabacco con un elevato standard di qualit\u00e0. Anche i prodotti aromatizzati alla frutta contengono pezzi di frutta biologica e [&hellip;]<\/p>\n","protected":false},"featured_media":129699,"template":"","meta":[],"product_brand":[],"product_cat":[4565,1889,1901,1902],"product_tag":[],"class_list":{"0":"post-129695","1":"product","2":"type-product","3":"status-publish","4":"has-post-thumbnail","6":"product_cat-snus-in-una-bustina","7":"product_cat-tabacco","8":"product_cat-tabacco-da-masticare-in-un-sacchetto","9":"product_cat-tabacco-da-masticare-snus","11":"first","12":"onbackorder","13":"purchasable","14":"product-type-simple"},"yoast_head":"<!-- This site is optimized with the Yoast SEO plugin v27.0 - https:\/\/yoast.com\/product\/yoast-seo-wordpress\/ -->\n<title>EOS Mirtillo Snus 11g - tabakversand.ch<\/title>\n<meta name=\"description\" content=\"EOS Mirtillo Snus 11g | La pi\u00f9 grande selezione svizzera di prodotti del tabacco | Carte accettate!\" \/>\n<meta name=\"robots\" content=\"index, follow, max-snippet:-1, max-image-preview:large, max-video-preview:-1\" \/>\n<link rel=\"canonical\" href=\"https:\/\/www.tabakversand.ch\/it\/prodotto\/eos-mirtillo-snus-11-gr\/\" \/>\n<meta property=\"og:locale\" content=\"it_IT\" \/>\n<meta property=\"og:type\" content=\"article\" \/>\n<meta property=\"og:title\" content=\"EOS Mirtillo Snus 11g - tabakversand.ch\" \/>\n<meta property=\"og:description\" content=\"EOS Mirtillo Snus 11g | La pi\u00f9 grande selezione svizzera di prodotti del tabacco | Carte accettate!\" \/>\n<meta property=\"og:url\" content=\"https:\/\/www.tabakversand.ch\/it\/prodotto\/eos-mirtillo-snus-11-gr\/\" \/>\n<meta property=\"og:site_name\" content=\"Tabakversand.ch | Alles aus der Welt des Tabaks\" \/>\n<meta property=\"article:modified_time\" content=\"2025-09-17T08:23:08+00:00\" \/>\n<meta property=\"og:image\" content=\"https:\/\/www.tabakversand.ch\/wp-content\/uploads\/2023\/03\/eos-blueberry-e.jpg\" \/>\n\t<meta property=\"og:image:width\" content=\"500\" \/>\n\t<meta property=\"og:image:height\" content=\"500\" \/>\n\t<meta property=\"og:image:type\" content=\"image\/jpeg\" \/>\n<meta name=\"twitter:card\" content=\"summary_large_image\" \/>\n<meta name=\"twitter:label1\" content=\"Tempo di lettura stimato\" \/>\n\t<meta name=\"twitter:data1\" content=\"1 minuto\" \/>\n<script type=\"application\/ld+json\" class=\"yoast-schema-graph\">{\"@context\":\"https:\/\/schema.org\",\"@graph\":[{\"@type\":\"WebPage\",\"@id\":\"https:\/\/www.tabakversand.ch\/it\/prodotto\/eos-mirtillo-snus-11-gr\/\",\"url\":\"https:\/\/www.tabakversand.ch\/it\/prodotto\/eos-mirtillo-snus-11-gr\/\",\"name\":\"EOS Mirtillo Snus 11g - tabakversand.ch\",\"isPartOf\":{\"@id\":\"https:\/\/www.tabakversand.ch\/#website\"},\"primaryImageOfPage\":{\"@id\":\"https:\/\/www.tabakversand.ch\/it\/prodotto\/eos-mirtillo-snus-11-gr\/#primaryimage\"},\"image\":{\"@id\":\"https:\/\/www.tabakversand.ch\/it\/prodotto\/eos-mirtillo-snus-11-gr\/#primaryimage\"},\"thumbnailUrl\":\"https:\/\/www.tabakversand.ch\/wp-content\/uploads\/2023\/03\/eos-blueberry-e.jpg\",\"datePublished\":\"2023-03-23T14:09:46+00:00\",\"dateModified\":\"2025-09-17T08:23:08+00:00\",\"description\":\"EOS Mirtillo Snus 11g | La pi\u00f9 grande selezione svizzera di prodotti del tabacco | Carte accettate!\",\"breadcrumb\":{\"@id\":\"https:\/\/www.tabakversand.ch\/it\/prodotto\/eos-mirtillo-snus-11-gr\/#breadcrumb\"},\"inLanguage\":\"it-IT\",\"potentialAction\":[{\"@type\":\"ReadAction\",\"target\":[\"https:\/\/www.tabakversand.ch\/it\/prodotto\/eos-mirtillo-snus-11-gr\/\"]}]},{\"@type\":\"ImageObject\",\"inLanguage\":\"it-IT\",\"@id\":\"https:\/\/www.tabakversand.ch\/it\/prodotto\/eos-mirtillo-snus-11-gr\/#primaryimage\",\"url\":\"https:\/\/www.tabakversand.ch\/wp-content\/uploads\/2023\/03\/eos-blueberry-e.jpg\",\"contentUrl\":\"https:\/\/www.tabakversand.ch\/wp-content\/uploads\/2023\/03\/eos-blueberry-e.jpg\",\"width\":500,\"height\":500,\"caption\":\"EOS Mirtillo Snus 11g | Tabakversand.ch\"},{\"@type\":\"BreadcrumbList\",\"@id\":\"https:\/\/www.tabakversand.ch\/it\/prodotto\/eos-mirtillo-snus-11-gr\/#breadcrumb\",\"itemListElement\":[{\"@type\":\"ListItem\",\"position\":1,\"name\":\"Startseite\",\"item\":\"https:\/\/www.tabakversand.ch\/\"},{\"@type\":\"ListItem\",\"position\":2,\"name\":\"Negozio\",\"item\":\"https:\/\/www.tabakversand.ch\/it\/negozio\/\"},{\"@type\":\"ListItem\",\"position\":3,\"name\":\"EOS Mirtillo Snus 11g\"}]},{\"@type\":\"WebSite\",\"@id\":\"https:\/\/www.tabakversand.ch\/#website\",\"url\":\"https:\/\/www.tabakversand.ch\/\",\"name\":\"Tabakversand.ch | Alles aus der Welt des Tabaks\",\"description\":\"Smoke and carpe diem\",\"potentialAction\":[{\"@type\":\"SearchAction\",\"target\":{\"@type\":\"EntryPoint\",\"urlTemplate\":\"https:\/\/www.tabakversand.ch\/?s={search_term_string}\"},\"query-input\":{\"@type\":\"PropertyValueSpecification\",\"valueRequired\":true,\"valueName\":\"search_term_string\"}}],\"inLanguage\":\"it-IT\"}]}<\/script>\n<!-- \/ Yoast SEO plugin. -->","yoast_head_json":{"title":"EOS Mirtillo Snus 11g - tabakversand.ch","description":"EOS Mirtillo Snus 11g | La pi\u00f9 grande selezione svizzera di prodotti del tabacco | Carte accettate!","robots":{"index":"index","follow":"follow","max-snippet":"max-snippet:-1","max-image-preview":"max-image-preview:large","max-video-preview":"max-video-preview:-1"},"canonical":"https:\/\/www.tabakversand.ch\/it\/prodotto\/eos-mirtillo-snus-11-gr\/","og_locale":"it_IT","og_type":"article","og_title":"EOS Mirtillo Snus 11g - tabakversand.ch","og_description":"EOS Mirtillo Snus 11g | La pi\u00f9 grande selezione svizzera di prodotti del tabacco | Carte accettate!","og_url":"https:\/\/www.tabakversand.ch\/it\/prodotto\/eos-mirtillo-snus-11-gr\/","og_site_name":"Tabakversand.ch | Alles aus der Welt des Tabaks","article_modified_time":"2025-09-17T08:23:08+00:00","og_image":[{"width":500,"height":500,"url":"https:\/\/www.tabakversand.ch\/wp-content\/uploads\/2023\/03\/eos-blueberry-e.jpg","type":"image\/jpeg"}],"twitter_card":"summary_large_image","twitter_misc":{"Tempo di lettura stimato":"1 minuto"},"schema":{"@context":"https:\/\/schema.org","@graph":[{"@type":"WebPage","@id":"https:\/\/www.tabakversand.ch\/it\/prodotto\/eos-mirtillo-snus-11-gr\/","url":"https:\/\/www.tabakversand.ch\/it\/prodotto\/eos-mirtillo-snus-11-gr\/","name":"EOS Mirtillo Snus 11g - tabakversand.ch","isPartOf":{"@id":"https:\/\/www.tabakversand.ch\/#website"},"primaryImageOfPage":{"@id":"https:\/\/www.tabakversand.ch\/it\/prodotto\/eos-mirtillo-snus-11-gr\/#primaryimage"},"image":{"@id":"https:\/\/www.tabakversand.ch\/it\/prodotto\/eos-mirtillo-snus-11-gr\/#primaryimage"},"thumbnailUrl":"https:\/\/www.tabakversand.ch\/wp-content\/uploads\/2023\/03\/eos-blueberry-e.jpg","datePublished":"2023-03-23T14:09:46+00:00","dateModified":"2025-09-17T08:23:08+00:00","description":"EOS Mirtillo Snus 11g | La pi\u00f9 grande selezione svizzera di prodotti del tabacco | Carte accettate!","breadcrumb":{"@id":"https:\/\/www.tabakversand.ch\/it\/prodotto\/eos-mirtillo-snus-11-gr\/#breadcrumb"},"inLanguage":"it-IT","potentialAction":[{"@type":"ReadAction","target":["https:\/\/www.tabakversand.ch\/it\/prodotto\/eos-mirtillo-snus-11-gr\/"]}]},{"@type":"ImageObject","inLanguage":"it-IT","@id":"https:\/\/www.tabakversand.ch\/it\/prodotto\/eos-mirtillo-snus-11-gr\/#primaryimage","url":"https:\/\/www.tabakversand.ch\/wp-content\/uploads\/2023\/03\/eos-blueberry-e.jpg","contentUrl":"https:\/\/www.tabakversand.ch\/wp-content\/uploads\/2023\/03\/eos-blueberry-e.jpg","width":500,"height":500,"caption":"EOS Mirtillo Snus 11g | Tabakversand.ch"},{"@type":"BreadcrumbList","@id":"https:\/\/www.tabakversand.ch\/it\/prodotto\/eos-mirtillo-snus-11-gr\/#breadcrumb","itemListElement":[{"@type":"ListItem","position":1,"name":"Startseite","item":"https:\/\/www.tabakversand.ch\/"},{"@type":"ListItem","position":2,"name":"Negozio","item":"https:\/\/www.tabakversand.ch\/it\/negozio\/"},{"@type":"ListItem","position":3,"name":"EOS Mirtillo Snus 11g"}]},{"@type":"WebSite","@id":"https:\/\/www.tabakversand.ch\/#website","url":"https:\/\/www.tabakversand.ch\/","name":"Tabakversand.ch | Alles aus der Welt des Tabaks","description":"Smoke and carpe diem","potentialAction":[{"@type":"SearchAction","target":{"@type":"EntryPoint","urlTemplate":"https:\/\/www.tabakversand.ch\/?s={search_term_string}"},"query-input":{"@type":"PropertyValueSpecification","valueRequired":true,"valueName":"search_term_string"}}],"inLanguage":"it-IT"}]}},"_links":{"self":[{"href":"https:\/\/www.tabakversand.ch\/it\/wp-json\/wp\/v2\/product\/129695","targetHints":{"allow":["GET"]}}],"collection":[{"href":"https:\/\/www.tabakversand.ch\/it\/wp-json\/wp\/v2\/product"}],"about":[{"href":"https:\/\/www.tabakversand.ch\/it\/wp-json\/wp\/v2\/types\/product"}],"version-history":[{"count":2,"href":"https:\/\/www.tabakversand.ch\/it\/wp-json\/wp\/v2\/product\/129695\/revisions"}],"predecessor-version":[{"id":200061,"href":"https:\/\/www.tabakversand.ch\/it\/wp-json\/wp\/v2\/product\/129695\/revisions\/200061"}],"wp:featuredmedia":[{"embeddable":true,"href":"https:\/\/www.tabakversand.ch\/it\/wp-json\/wp\/v2\/media\/129699"}],"wp:attachment":[{"href":"https:\/\/www.tabakversand.ch\/it\/wp-json\/wp\/v2\/media?parent=129695"}],"wp:term":[{"taxonomy":"product_brand","embeddable":true,"href":"https:\/\/www.tabakversand.ch\/it\/wp-json\/wp\/v2\/product_brand?post=129695"},{"taxonomy":"product_cat","embeddable":true,"href":"https:\/\/www.tabakversand.ch\/it\/wp-json\/wp\/v2\/product_cat?post=129695"},{"taxonomy":"product_tag","embeddable":true,"href":"https:\/\/www.tabakversand.ch\/it\/wp-json\/wp\/v2\/product_tag?post=129695"}],"curies":[{"name":"wp","href":"https:\/\/api.w.org\/{rel}","templated":true}]}}