{"id":133556,"date":"2023-05-11T13:25:17","date_gmt":"2023-05-11T11:25:17","guid":{"rendered":"https:\/\/www.tabakversand.ch\/?post_type=product&#038;p=133556"},"modified":"2026-03-07T12:01:26","modified_gmt":"2026-03-07T11:01:26","slug":"shisha-azlan-yang-bianco-chiaro","status":"publish","type":"product","link":"https:\/\/www.tabakversand.ch\/it\/prodotto\/shisha-azlan-yang-bianco-chiaro\/","title":{"rendered":"Azlan Yang Luce Bianca"},"content":{"rendered":"<h1>Azlan Yang Luce Bianca<\/h1>\n<p>Il narghil\u00e8 Azlan Yang White Light \u00e8 dotato di due attacchi per tubi flessibili e pu\u00f2 essere utilizzato anche da solo.<\/p>\n<p>Viene fornito come un pacchetto completo che comprende un pesante braciere in gres a 4 fori e un camino, due tubi igienici in silicone, bocchini in alluminio abbinati e un diffusore a vite per chi ama il bubbler. Grazie alla chiusura a innesto integrata, il narghil\u00e8 pu\u00f2 essere aperto e chiuso in un batter d&#8217;occhio. I raccordi dei tubi flessibili sono fissati direttamente alla base, eliminando cos\u00ec la necessit\u00e0 di guarnizioni che altrimenti richiederebbero la sostituzione in un secondo momento. L&#8217;elegante sistema di soffiaggio \u00e8 la ciliegina sulla torta. Il fumo stantio viene espulso verso il basso da sotto la piastra di carbone. <\/p>\n<ul>\n<li>Materiale: acciaio inossidabile, vetro borosilicato<\/li>\n<li>Diametro interno tubo di immersione: circa 13mm<\/li>\n<li>Spessore del vetro: circa 5mm<\/li>\n<li>Altezza: 53 cm<\/li>\n<\/ul>\n<p>Contenuto della confezione:<\/p>\n<ul>\n<li>1 attacco per canna fumaria<\/li>\n<li>1x testa di tabacco<\/li>\n<li>1x piatto di carbone<\/li>\n<li>1x colonna di fumo<\/li>\n<li>Base 1&#215;2<\/li>\n<li>2 bocchini<\/li>\n<li>2 tubi in silicone<\/li>\n<li>2 molle di protezione antipiega<\/li>\n<li>1x tubo pescante con diffusore<\/li>\n<li>1x ciotola con chiusura plug-in<\/li>\n<li>1x pinze per carbone<\/li>\n<\/ul>\n<p>Su tabakversand.ch, riceverete il narghil\u00e8 Azlan Yang White Light ben conservato e nella sua confezione originale. Una conservazione accurata garantisce che la qualit\u00e0 rimanga ottimale fino alla spedizione. Grazie alla consegna rapida in Svizzera, il vostro narghil\u00e8\/pipa ad acqua arriver\u00e0 in tempi rapidi.  <\/p>\n<p>Per maggiori informazioni su shisha\/pipe ad acqua, visita la voce corrispondente su Wikipedia: <a href=\"https:\/\/de.wikipedia.org\/wiki\/Shisha\">clicca qui<\/a> . Per qualsiasi domanda sul prodotto, non esitare a contattarci: <a href=\"https:\/\/www.tabakversand.ch\/kontakt\/\">clicca qui<\/a> . <\/p>\n<p>Tutti i prezzi si applicano solo agli ordini online e sono comprensivi di IVA. Soggetto a modifiche senza preavviso, escluse le spese di spedizione. Con riserva di errori, modifiche nell&#8217;ambito di consegna e nel design, errori di stampa e variazioni di prezzo. I prezzi barrati sono prezzi sostitutivi. Le illustrazioni possono differire dall&#8217;originale\/dall&#8217;ambito di consegna.<br \/>\n*Spedizione gratuita per ordini superiori a CHF 250.-.<\/p>\n","protected":false},"excerpt":{"rendered":"<p>Azlan Yang Luce Bianca Il narghil\u00e8 Azlan Yang White Light \u00e8 dotato di due attacchi per tubi flessibili e pu\u00f2 essere utilizzato anche da solo. Viene fornito come un pacchetto completo che comprende un pesante braciere in gres a 4 fori e un camino, due tubi igienici in silicone, bocchini in alluminio abbinati e un [&hellip;]<\/p>\n","protected":false},"featured_media":133561,"template":"","meta":[],"product_brand":[1841],"product_cat":[1892,2150],"product_tag":[],"class_list":{"0":"post-133556","1":"product","2":"type-product","3":"status-publish","4":"has-post-thumbnail","6":"product_brand-azlan","7":"product_cat-narghile","8":"product_cat-narghile-shisha","10":"first","11":"instock","12":"purchasable","13":"product-type-simple"},"yoast_head":"<!-- This site is optimized with the Yoast SEO plugin v27.0 - https:\/\/yoast.com\/product\/yoast-seo-wordpress\/ -->\n<title>Azlan Yang Luce Bianca - tabakversand.ch<\/title>\n<meta name=\"description\" content=\"Scopri il narghil\u00e8 Azlan Yang White Light: design moderno e prestazioni potenti. Elegante finitura bianca.\" \/>\n<meta name=\"robots\" content=\"index, follow, max-snippet:-1, max-image-preview:large, max-video-preview:-1\" \/>\n<link rel=\"canonical\" href=\"https:\/\/www.tabakversand.ch\/it\/prodotto\/shisha-azlan-yang-bianco-chiaro\/\" \/>\n<meta property=\"og:locale\" content=\"it_IT\" \/>\n<meta property=\"og:type\" content=\"article\" \/>\n<meta property=\"og:title\" content=\"Azlan Yang Luce Bianca - tabakversand.ch\" \/>\n<meta property=\"og:description\" content=\"Scopri il narghil\u00e8 Azlan Yang White Light: design moderno e prestazioni potenti. Elegante finitura bianca.\" \/>\n<meta property=\"og:url\" content=\"https:\/\/www.tabakversand.ch\/it\/prodotto\/shisha-azlan-yang-bianco-chiaro\/\" \/>\n<meta property=\"og:site_name\" content=\"Tabakversand.ch | Alles aus der Welt des Tabaks\" \/>\n<meta property=\"article:modified_time\" content=\"2026-03-07T11:01:26+00:00\" \/>\n<meta property=\"og:image\" content=\"https:\/\/www.tabakversand.ch\/wp-content\/uploads\/2023\/05\/azlan-yang-white-light.jpg\" \/>\n\t<meta property=\"og:image:width\" content=\"500\" \/>\n\t<meta property=\"og:image:height\" content=\"500\" \/>\n\t<meta property=\"og:image:type\" content=\"image\/jpeg\" \/>\n<meta name=\"twitter:card\" content=\"summary_large_image\" \/>\n<meta name=\"twitter:label1\" content=\"Tempo di lettura stimato\" \/>\n\t<meta name=\"twitter:data1\" content=\"2 minuti\" \/>\n<script type=\"application\/ld+json\" class=\"yoast-schema-graph\">{\"@context\":\"https:\/\/schema.org\",\"@graph\":[{\"@type\":\"WebPage\",\"@id\":\"https:\/\/www.tabakversand.ch\/it\/prodotto\/shisha-azlan-yang-bianco-chiaro\/\",\"url\":\"https:\/\/www.tabakversand.ch\/it\/prodotto\/shisha-azlan-yang-bianco-chiaro\/\",\"name\":\"Azlan Yang Luce Bianca - tabakversand.ch\",\"isPartOf\":{\"@id\":\"https:\/\/www.tabakversand.ch\/#website\"},\"primaryImageOfPage\":{\"@id\":\"https:\/\/www.tabakversand.ch\/it\/prodotto\/shisha-azlan-yang-bianco-chiaro\/#primaryimage\"},\"image\":{\"@id\":\"https:\/\/www.tabakversand.ch\/it\/prodotto\/shisha-azlan-yang-bianco-chiaro\/#primaryimage\"},\"thumbnailUrl\":\"https:\/\/www.tabakversand.ch\/wp-content\/uploads\/2023\/05\/azlan-yang-white-light.jpg\",\"datePublished\":\"2023-05-11T11:25:17+00:00\",\"dateModified\":\"2026-03-07T11:01:26+00:00\",\"description\":\"Scopri il narghil\u00e8 Azlan Yang White Light: design moderno e prestazioni potenti. Elegante finitura bianca.\",\"breadcrumb\":{\"@id\":\"https:\/\/www.tabakversand.ch\/it\/prodotto\/shisha-azlan-yang-bianco-chiaro\/#breadcrumb\"},\"inLanguage\":\"it-IT\",\"potentialAction\":[{\"@type\":\"ReadAction\",\"target\":[\"https:\/\/www.tabakversand.ch\/it\/prodotto\/shisha-azlan-yang-bianco-chiaro\/\"]}]},{\"@type\":\"ImageObject\",\"inLanguage\":\"it-IT\",\"@id\":\"https:\/\/www.tabakversand.ch\/it\/prodotto\/shisha-azlan-yang-bianco-chiaro\/#primaryimage\",\"url\":\"https:\/\/www.tabakversand.ch\/wp-content\/uploads\/2023\/05\/azlan-yang-white-light.jpg\",\"contentUrl\":\"https:\/\/www.tabakversand.ch\/wp-content\/uploads\/2023\/05\/azlan-yang-white-light.jpg\",\"width\":500,\"height\":500,\"caption\":\"Shisha Azlan Yang a luce bianca | Tabakversand.ch\"},{\"@type\":\"BreadcrumbList\",\"@id\":\"https:\/\/www.tabakversand.ch\/it\/prodotto\/shisha-azlan-yang-bianco-chiaro\/#breadcrumb\",\"itemListElement\":[{\"@type\":\"ListItem\",\"position\":1,\"name\":\"Startseite\",\"item\":\"https:\/\/www.tabakversand.ch\/\"},{\"@type\":\"ListItem\",\"position\":2,\"name\":\"Negozio\",\"item\":\"https:\/\/www.tabakversand.ch\/it\/negozio\/\"},{\"@type\":\"ListItem\",\"position\":3,\"name\":\"Azlan Yang Luce Bianca\"}]},{\"@type\":\"WebSite\",\"@id\":\"https:\/\/www.tabakversand.ch\/#website\",\"url\":\"https:\/\/www.tabakversand.ch\/\",\"name\":\"Tabakversand.ch | Alles aus der Welt des Tabaks\",\"description\":\"Smoke and carpe diem\",\"potentialAction\":[{\"@type\":\"SearchAction\",\"target\":{\"@type\":\"EntryPoint\",\"urlTemplate\":\"https:\/\/www.tabakversand.ch\/?s={search_term_string}\"},\"query-input\":{\"@type\":\"PropertyValueSpecification\",\"valueRequired\":true,\"valueName\":\"search_term_string\"}}],\"inLanguage\":\"it-IT\"}]}<\/script>\n<!-- \/ Yoast SEO plugin. -->","yoast_head_json":{"title":"Azlan Yang Luce Bianca - tabakversand.ch","description":"Scopri il narghil\u00e8 Azlan Yang White Light: design moderno e prestazioni potenti. Elegante finitura bianca.","robots":{"index":"index","follow":"follow","max-snippet":"max-snippet:-1","max-image-preview":"max-image-preview:large","max-video-preview":"max-video-preview:-1"},"canonical":"https:\/\/www.tabakversand.ch\/it\/prodotto\/shisha-azlan-yang-bianco-chiaro\/","og_locale":"it_IT","og_type":"article","og_title":"Azlan Yang Luce Bianca - tabakversand.ch","og_description":"Scopri il narghil\u00e8 Azlan Yang White Light: design moderno e prestazioni potenti. Elegante finitura bianca.","og_url":"https:\/\/www.tabakversand.ch\/it\/prodotto\/shisha-azlan-yang-bianco-chiaro\/","og_site_name":"Tabakversand.ch | Alles aus der Welt des Tabaks","article_modified_time":"2026-03-07T11:01:26+00:00","og_image":[{"width":500,"height":500,"url":"https:\/\/www.tabakversand.ch\/wp-content\/uploads\/2023\/05\/azlan-yang-white-light.jpg","type":"image\/jpeg"}],"twitter_card":"summary_large_image","twitter_misc":{"Tempo di lettura stimato":"2 minuti"},"schema":{"@context":"https:\/\/schema.org","@graph":[{"@type":"WebPage","@id":"https:\/\/www.tabakversand.ch\/it\/prodotto\/shisha-azlan-yang-bianco-chiaro\/","url":"https:\/\/www.tabakversand.ch\/it\/prodotto\/shisha-azlan-yang-bianco-chiaro\/","name":"Azlan Yang Luce Bianca - tabakversand.ch","isPartOf":{"@id":"https:\/\/www.tabakversand.ch\/#website"},"primaryImageOfPage":{"@id":"https:\/\/www.tabakversand.ch\/it\/prodotto\/shisha-azlan-yang-bianco-chiaro\/#primaryimage"},"image":{"@id":"https:\/\/www.tabakversand.ch\/it\/prodotto\/shisha-azlan-yang-bianco-chiaro\/#primaryimage"},"thumbnailUrl":"https:\/\/www.tabakversand.ch\/wp-content\/uploads\/2023\/05\/azlan-yang-white-light.jpg","datePublished":"2023-05-11T11:25:17+00:00","dateModified":"2026-03-07T11:01:26+00:00","description":"Scopri il narghil\u00e8 Azlan Yang White Light: design moderno e prestazioni potenti. Elegante finitura bianca.","breadcrumb":{"@id":"https:\/\/www.tabakversand.ch\/it\/prodotto\/shisha-azlan-yang-bianco-chiaro\/#breadcrumb"},"inLanguage":"it-IT","potentialAction":[{"@type":"ReadAction","target":["https:\/\/www.tabakversand.ch\/it\/prodotto\/shisha-azlan-yang-bianco-chiaro\/"]}]},{"@type":"ImageObject","inLanguage":"it-IT","@id":"https:\/\/www.tabakversand.ch\/it\/prodotto\/shisha-azlan-yang-bianco-chiaro\/#primaryimage","url":"https:\/\/www.tabakversand.ch\/wp-content\/uploads\/2023\/05\/azlan-yang-white-light.jpg","contentUrl":"https:\/\/www.tabakversand.ch\/wp-content\/uploads\/2023\/05\/azlan-yang-white-light.jpg","width":500,"height":500,"caption":"Shisha Azlan Yang a luce bianca | Tabakversand.ch"},{"@type":"BreadcrumbList","@id":"https:\/\/www.tabakversand.ch\/it\/prodotto\/shisha-azlan-yang-bianco-chiaro\/#breadcrumb","itemListElement":[{"@type":"ListItem","position":1,"name":"Startseite","item":"https:\/\/www.tabakversand.ch\/"},{"@type":"ListItem","position":2,"name":"Negozio","item":"https:\/\/www.tabakversand.ch\/it\/negozio\/"},{"@type":"ListItem","position":3,"name":"Azlan Yang Luce Bianca"}]},{"@type":"WebSite","@id":"https:\/\/www.tabakversand.ch\/#website","url":"https:\/\/www.tabakversand.ch\/","name":"Tabakversand.ch | Alles aus der Welt des Tabaks","description":"Smoke and carpe diem","potentialAction":[{"@type":"SearchAction","target":{"@type":"EntryPoint","urlTemplate":"https:\/\/www.tabakversand.ch\/?s={search_term_string}"},"query-input":{"@type":"PropertyValueSpecification","valueRequired":true,"valueName":"search_term_string"}}],"inLanguage":"it-IT"}]}},"_links":{"self":[{"href":"https:\/\/www.tabakversand.ch\/it\/wp-json\/wp\/v2\/product\/133556","targetHints":{"allow":["GET"]}}],"collection":[{"href":"https:\/\/www.tabakversand.ch\/it\/wp-json\/wp\/v2\/product"}],"about":[{"href":"https:\/\/www.tabakversand.ch\/it\/wp-json\/wp\/v2\/types\/product"}],"version-history":[{"count":2,"href":"https:\/\/www.tabakversand.ch\/it\/wp-json\/wp\/v2\/product\/133556\/revisions"}],"predecessor-version":[{"id":214305,"href":"https:\/\/www.tabakversand.ch\/it\/wp-json\/wp\/v2\/product\/133556\/revisions\/214305"}],"wp:featuredmedia":[{"embeddable":true,"href":"https:\/\/www.tabakversand.ch\/it\/wp-json\/wp\/v2\/media\/133561"}],"wp:attachment":[{"href":"https:\/\/www.tabakversand.ch\/it\/wp-json\/wp\/v2\/media?parent=133556"}],"wp:term":[{"taxonomy":"product_brand","embeddable":true,"href":"https:\/\/www.tabakversand.ch\/it\/wp-json\/wp\/v2\/product_brand?post=133556"},{"taxonomy":"product_cat","embeddable":true,"href":"https:\/\/www.tabakversand.ch\/it\/wp-json\/wp\/v2\/product_cat?post=133556"},{"taxonomy":"product_tag","embeddable":true,"href":"https:\/\/www.tabakversand.ch\/it\/wp-json\/wp\/v2\/product_tag?post=133556"}],"curies":[{"name":"wp","href":"https:\/\/api.w.org\/{rel}","templated":true}]}}