{"id":133767,"date":"2023-05-12T10:24:36","date_gmt":"2023-05-12T08:24:36","guid":{"rendered":"https:\/\/www.tabakversand.ch\/?post_type=product&#038;p=133767"},"modified":"2026-03-05T10:21:12","modified_gmt":"2026-03-05T09:21:12","slug":"amy-adattatore-tubo-argento","status":"publish","type":"product","link":"https:\/\/www.tabakversand.ch\/it\/prodotto\/amy-adattatore-tubo-argento\/","title":{"rendered":"Portagomma argento Amy"},"content":{"rendered":"<h1 style=\"text-align: left;\">adattatore per tubo flessibile<\/h1>\n<ul>\n<li style=\"text-align: left;\">AMY argento<\/li>\n<\/ul>\n<p>&nbsp;<\/p>\n<p>Al posto della valvola si avvita l&#8217;adattatore per tubo flessibile argentato AMY.<br \/>\n Per utilizzare l&#8217;adattatore aggiuntivo sar\u00e0 necessario anche un tubo flessibile.<\/p>\n<p>Adatto ai modelli AMY Deluxe e a vari altri tubi dell&#8217;acqua con filettatura standard M16x1.<\/p>\n<p>Sfera della valvola non inclusa<\/p>\n<ul>\n<li>Diametro interno del raccordo del tubo: circa 18 mm<\/li>\n<li>Diametro lato filetto: circa 15 mm<\/li>\n<li>Altezza: circa 4,3 cm<\/li>\n<\/ul>\n<p>&nbsp;<\/p>\n<p>Su tabakversand.ch riceverete l&#8217;adattatore per tubo flessibile AMY color argento, ben conservato e nella sua confezione originale. Una conservazione accurata garantisce che la qualit\u00e0 rimanga ottimale fino alla spedizione. Grazie alla consegna rapida in Svizzera, l&#8217;adattatore per tubo flessibile arriver\u00e0 solitamente in breve tempo.  <\/p>\n<p>Per maggiori informazioni su shisha\/pipe ad acqua, visita la voce corrispondente su Wikipedia: <a href=\"https:\/\/de.wikipedia.org\/wiki\/Shisha\">clicca qui<\/a> . Per qualsiasi domanda sul prodotto, non esitare a contattarci: <a href=\"https:\/\/www.tabakversand.ch\/kontakt\/\">clicca qui<\/a> . <\/p>\n<p>&nbsp;<\/p>\n<p>Tutti i prezzi si applicano solo agli ordini online e sono comprensivi di IVA. Soggetto a modifiche senza preavviso, escluse le spese di spedizione. Con riserva di errori, modifiche nell&#8217;ambito di consegna e nel design, errori di stampa e variazioni di prezzo. I prezzi barrati sono prezzi sostitutivi. Le illustrazioni possono differire dall&#8217;originale\/dall&#8217;ambito di consegna.<br \/>\n*Spedizione gratuita per ordini superiori a CHF 250.-.<\/p>\n","protected":false},"excerpt":{"rendered":"<p>adattatore per tubo flessibile AMY argento &nbsp; Al posto della valvola si avvita l&#8217;adattatore per tubo flessibile argentato AMY. Per utilizzare l&#8217;adattatore aggiuntivo sar\u00e0 necessario anche un tubo flessibile. Adatto ai modelli AMY Deluxe e a vari altri tubi dell&#8217;acqua con filettatura standard M16x1. Sfera della valvola non inclusa Diametro interno del raccordo del tubo: [&hellip;]<\/p>\n","protected":false},"featured_media":133771,"template":"","meta":[],"product_brand":[2862],"product_cat":[1892,2110,3374],"product_tag":[],"class_list":{"0":"post-133767","1":"product","2":"type-product","3":"status-publish","4":"has-post-thumbnail","6":"product_brand-amy-delux","7":"product_cat-narghile","8":"product_cat-shisha-accessori","9":"product_cat-tubo-per-shisha","11":"first","12":"instock","13":"purchasable","14":"product-type-simple"},"yoast_head":"<!-- This site is optimized with the Yoast SEO plugin v27.0 - https:\/\/yoast.com\/product\/yoast-seo-wordpress\/ -->\n<title>Portagomma argento Amy<\/title>\n<meta name=\"description\" content=\"Acquista gli adattatori per tubi Amy in argento: accessori per narghil\u00e8 di alta qualit\u00e0 e resistenti, per una vestibilit\u00e0 perfetta e una facile maneggevolezza. Ordina subito online!\" \/>\n<meta name=\"robots\" content=\"index, follow, max-snippet:-1, max-image-preview:large, max-video-preview:-1\" \/>\n<link rel=\"canonical\" href=\"https:\/\/www.tabakversand.ch\/it\/prodotto\/amy-adattatore-tubo-argento\/\" \/>\n<meta property=\"og:locale\" content=\"it_IT\" \/>\n<meta property=\"og:type\" content=\"article\" \/>\n<meta property=\"og:title\" content=\"Portagomma argento Amy\" \/>\n<meta property=\"og:description\" content=\"Acquista gli adattatori per tubi Amy in argento: accessori per narghil\u00e8 di alta qualit\u00e0 e resistenti, per una vestibilit\u00e0 perfetta e una facile maneggevolezza. Ordina subito online!\" \/>\n<meta property=\"og:url\" content=\"https:\/\/www.tabakversand.ch\/it\/prodotto\/amy-adattatore-tubo-argento\/\" \/>\n<meta property=\"og:site_name\" content=\"Tabakversand.ch | Alles aus der Welt des Tabaks\" \/>\n<meta property=\"article:modified_time\" content=\"2026-03-05T09:21:12+00:00\" \/>\n<meta property=\"og:image\" content=\"https:\/\/www.tabakversand.ch\/wp-content\/uploads\/2023\/05\/amy-schlauchadapter-silber.jpg\" \/>\n\t<meta property=\"og:image:width\" content=\"500\" \/>\n\t<meta property=\"og:image:height\" content=\"500\" \/>\n\t<meta property=\"og:image:type\" content=\"image\/jpeg\" \/>\n<meta name=\"twitter:card\" content=\"summary_large_image\" \/>\n<meta name=\"twitter:label1\" content=\"Tempo di lettura stimato\" \/>\n\t<meta name=\"twitter:data1\" content=\"1 minuto\" \/>\n<script type=\"application\/ld+json\" class=\"yoast-schema-graph\">{\"@context\":\"https:\/\/schema.org\",\"@graph\":[{\"@type\":\"WebPage\",\"@id\":\"https:\/\/www.tabakversand.ch\/it\/prodotto\/amy-adattatore-tubo-argento\/\",\"url\":\"https:\/\/www.tabakversand.ch\/it\/prodotto\/amy-adattatore-tubo-argento\/\",\"name\":\"Portagomma argento Amy\",\"isPartOf\":{\"@id\":\"https:\/\/www.tabakversand.ch\/#website\"},\"primaryImageOfPage\":{\"@id\":\"https:\/\/www.tabakversand.ch\/it\/prodotto\/amy-adattatore-tubo-argento\/#primaryimage\"},\"image\":{\"@id\":\"https:\/\/www.tabakversand.ch\/it\/prodotto\/amy-adattatore-tubo-argento\/#primaryimage\"},\"thumbnailUrl\":\"https:\/\/www.tabakversand.ch\/wp-content\/uploads\/2023\/05\/amy-schlauchadapter-silber.jpg\",\"datePublished\":\"2023-05-12T08:24:36+00:00\",\"dateModified\":\"2026-03-05T09:21:12+00:00\",\"description\":\"Acquista gli adattatori per tubi Amy in argento: accessori per narghil\u00e8 di alta qualit\u00e0 e resistenti, per una vestibilit\u00e0 perfetta e una facile maneggevolezza. Ordina subito online!\",\"breadcrumb\":{\"@id\":\"https:\/\/www.tabakversand.ch\/it\/prodotto\/amy-adattatore-tubo-argento\/#breadcrumb\"},\"inLanguage\":\"it-IT\",\"potentialAction\":[{\"@type\":\"ReadAction\",\"target\":[\"https:\/\/www.tabakversand.ch\/it\/prodotto\/amy-adattatore-tubo-argento\/\"]}]},{\"@type\":\"ImageObject\",\"inLanguage\":\"it-IT\",\"@id\":\"https:\/\/www.tabakversand.ch\/it\/prodotto\/amy-adattatore-tubo-argento\/#primaryimage\",\"url\":\"https:\/\/www.tabakversand.ch\/wp-content\/uploads\/2023\/05\/amy-schlauchadapter-silber.jpg\",\"contentUrl\":\"https:\/\/www.tabakversand.ch\/wp-content\/uploads\/2023\/05\/amy-schlauchadapter-silber.jpg\",\"width\":500,\"height\":500,\"caption\":\"Adattatore per tubo flessibile Amy argento | Tabakversand.ch\"},{\"@type\":\"BreadcrumbList\",\"@id\":\"https:\/\/www.tabakversand.ch\/it\/prodotto\/amy-adattatore-tubo-argento\/#breadcrumb\",\"itemListElement\":[{\"@type\":\"ListItem\",\"position\":1,\"name\":\"Startseite\",\"item\":\"https:\/\/www.tabakversand.ch\/\"},{\"@type\":\"ListItem\",\"position\":2,\"name\":\"Negozio\",\"item\":\"https:\/\/www.tabakversand.ch\/it\/negozio\/\"},{\"@type\":\"ListItem\",\"position\":3,\"name\":\"Portagomma argento Amy\"}]},{\"@type\":\"WebSite\",\"@id\":\"https:\/\/www.tabakversand.ch\/#website\",\"url\":\"https:\/\/www.tabakversand.ch\/\",\"name\":\"Tabakversand.ch | Alles aus der Welt des Tabaks\",\"description\":\"Smoke and carpe diem\",\"potentialAction\":[{\"@type\":\"SearchAction\",\"target\":{\"@type\":\"EntryPoint\",\"urlTemplate\":\"https:\/\/www.tabakversand.ch\/?s={search_term_string}\"},\"query-input\":{\"@type\":\"PropertyValueSpecification\",\"valueRequired\":true,\"valueName\":\"search_term_string\"}}],\"inLanguage\":\"it-IT\"}]}<\/script>\n<!-- \/ Yoast SEO plugin. -->","yoast_head_json":{"title":"Portagomma argento Amy","description":"Acquista gli adattatori per tubi Amy in argento: accessori per narghil\u00e8 di alta qualit\u00e0 e resistenti, per una vestibilit\u00e0 perfetta e una facile maneggevolezza. Ordina subito online!","robots":{"index":"index","follow":"follow","max-snippet":"max-snippet:-1","max-image-preview":"max-image-preview:large","max-video-preview":"max-video-preview:-1"},"canonical":"https:\/\/www.tabakversand.ch\/it\/prodotto\/amy-adattatore-tubo-argento\/","og_locale":"it_IT","og_type":"article","og_title":"Portagomma argento Amy","og_description":"Acquista gli adattatori per tubi Amy in argento: accessori per narghil\u00e8 di alta qualit\u00e0 e resistenti, per una vestibilit\u00e0 perfetta e una facile maneggevolezza. Ordina subito online!","og_url":"https:\/\/www.tabakversand.ch\/it\/prodotto\/amy-adattatore-tubo-argento\/","og_site_name":"Tabakversand.ch | Alles aus der Welt des Tabaks","article_modified_time":"2026-03-05T09:21:12+00:00","og_image":[{"width":500,"height":500,"url":"https:\/\/www.tabakversand.ch\/wp-content\/uploads\/2023\/05\/amy-schlauchadapter-silber.jpg","type":"image\/jpeg"}],"twitter_card":"summary_large_image","twitter_misc":{"Tempo di lettura stimato":"1 minuto"},"schema":{"@context":"https:\/\/schema.org","@graph":[{"@type":"WebPage","@id":"https:\/\/www.tabakversand.ch\/it\/prodotto\/amy-adattatore-tubo-argento\/","url":"https:\/\/www.tabakversand.ch\/it\/prodotto\/amy-adattatore-tubo-argento\/","name":"Portagomma argento Amy","isPartOf":{"@id":"https:\/\/www.tabakversand.ch\/#website"},"primaryImageOfPage":{"@id":"https:\/\/www.tabakversand.ch\/it\/prodotto\/amy-adattatore-tubo-argento\/#primaryimage"},"image":{"@id":"https:\/\/www.tabakversand.ch\/it\/prodotto\/amy-adattatore-tubo-argento\/#primaryimage"},"thumbnailUrl":"https:\/\/www.tabakversand.ch\/wp-content\/uploads\/2023\/05\/amy-schlauchadapter-silber.jpg","datePublished":"2023-05-12T08:24:36+00:00","dateModified":"2026-03-05T09:21:12+00:00","description":"Acquista gli adattatori per tubi Amy in argento: accessori per narghil\u00e8 di alta qualit\u00e0 e resistenti, per una vestibilit\u00e0 perfetta e una facile maneggevolezza. Ordina subito online!","breadcrumb":{"@id":"https:\/\/www.tabakversand.ch\/it\/prodotto\/amy-adattatore-tubo-argento\/#breadcrumb"},"inLanguage":"it-IT","potentialAction":[{"@type":"ReadAction","target":["https:\/\/www.tabakversand.ch\/it\/prodotto\/amy-adattatore-tubo-argento\/"]}]},{"@type":"ImageObject","inLanguage":"it-IT","@id":"https:\/\/www.tabakversand.ch\/it\/prodotto\/amy-adattatore-tubo-argento\/#primaryimage","url":"https:\/\/www.tabakversand.ch\/wp-content\/uploads\/2023\/05\/amy-schlauchadapter-silber.jpg","contentUrl":"https:\/\/www.tabakversand.ch\/wp-content\/uploads\/2023\/05\/amy-schlauchadapter-silber.jpg","width":500,"height":500,"caption":"Adattatore per tubo flessibile Amy argento | Tabakversand.ch"},{"@type":"BreadcrumbList","@id":"https:\/\/www.tabakversand.ch\/it\/prodotto\/amy-adattatore-tubo-argento\/#breadcrumb","itemListElement":[{"@type":"ListItem","position":1,"name":"Startseite","item":"https:\/\/www.tabakversand.ch\/"},{"@type":"ListItem","position":2,"name":"Negozio","item":"https:\/\/www.tabakversand.ch\/it\/negozio\/"},{"@type":"ListItem","position":3,"name":"Portagomma argento Amy"}]},{"@type":"WebSite","@id":"https:\/\/www.tabakversand.ch\/#website","url":"https:\/\/www.tabakversand.ch\/","name":"Tabakversand.ch | Alles aus der Welt des Tabaks","description":"Smoke and carpe diem","potentialAction":[{"@type":"SearchAction","target":{"@type":"EntryPoint","urlTemplate":"https:\/\/www.tabakversand.ch\/?s={search_term_string}"},"query-input":{"@type":"PropertyValueSpecification","valueRequired":true,"valueName":"search_term_string"}}],"inLanguage":"it-IT"}]}},"_links":{"self":[{"href":"https:\/\/www.tabakversand.ch\/it\/wp-json\/wp\/v2\/product\/133767","targetHints":{"allow":["GET"]}}],"collection":[{"href":"https:\/\/www.tabakversand.ch\/it\/wp-json\/wp\/v2\/product"}],"about":[{"href":"https:\/\/www.tabakversand.ch\/it\/wp-json\/wp\/v2\/types\/product"}],"version-history":[{"count":3,"href":"https:\/\/www.tabakversand.ch\/it\/wp-json\/wp\/v2\/product\/133767\/revisions"}],"predecessor-version":[{"id":214197,"href":"https:\/\/www.tabakversand.ch\/it\/wp-json\/wp\/v2\/product\/133767\/revisions\/214197"}],"wp:featuredmedia":[{"embeddable":true,"href":"https:\/\/www.tabakversand.ch\/it\/wp-json\/wp\/v2\/media\/133771"}],"wp:attachment":[{"href":"https:\/\/www.tabakversand.ch\/it\/wp-json\/wp\/v2\/media?parent=133767"}],"wp:term":[{"taxonomy":"product_brand","embeddable":true,"href":"https:\/\/www.tabakversand.ch\/it\/wp-json\/wp\/v2\/product_brand?post=133767"},{"taxonomy":"product_cat","embeddable":true,"href":"https:\/\/www.tabakversand.ch\/it\/wp-json\/wp\/v2\/product_cat?post=133767"},{"taxonomy":"product_tag","embeddable":true,"href":"https:\/\/www.tabakversand.ch\/it\/wp-json\/wp\/v2\/product_tag?post=133767"}],"curies":[{"name":"wp","href":"https:\/\/api.w.org\/{rel}","templated":true}]}}