{"id":134900,"date":"2023-05-31T17:02:07","date_gmt":"2023-05-31T15:02:07","guid":{"rendered":"https:\/\/www.tabakversand.ch\/?post_type=product&#038;p=134900"},"modified":"2026-01-22T08:08:41","modified_gmt":"2026-01-22T07:08:41","slug":"gizeh-rosa-filtro-attivo-6-mm-50-pz","status":"publish","type":"product","link":"https:\/\/www.tabakversand.ch\/it\/prodotto\/gizeh-rosa-filtro-attivo-6-mm-50-pz\/","title":{"rendered":"Filtro Attivo Rosa Gizeh 6 mm 50 pz."},"content":{"rendered":"<p>Filtro Attivo Rosa Gizeh 6 mm 50 pz.<\/p>\n<p>10 bustine<\/p>\n<p>Rendi i tuoi 420 momenti ancora pi\u00f9 appariscenti: i popolari filtri a carboni attivi in formato slim (diametro 6 mm) sono ora disponibili anche in rosa. I filtri attivi sono stati sviluppati appositamente per un divertimento king-size: il carbone attivo pulito all&#8217;interno filtra le sostanze inquinanti e garantisce un gusto equilibrato. \u00c8 prodotto sulla base di gusci di cocco, una materia prima rinnovabile. I tappi in ceramica di alta qualit\u00e0 su entrambe le estremit\u00e0 hanno sette fori per un tiraggio ottimale. I filtri attivi GIZEH sono &#8220;Made in Germany&#8221; e possono essere utilizzati pi\u00f9 volte.<\/p>\n<p>Fatti:<br \/>\n &#8211; Confezione rosa<br \/>\n &#8211; Carta da regalo rosa del Filtro Attivo<br \/>\n &#8211; Diametro: 6 mm<br \/>\n &#8211; Lunghezza filtro: 27 mm<br \/>\n &#8211; Con carbone attivo purificato da gusci di cocco<br \/>\n &#8211; Cappucci in ceramica su entrambe le estremit\u00e0<br \/>\n &#8211; Possibilit\u00e0 di utilizzo multiplo<br \/>\n &#8211; Filtro &#8220;Made in Germany&#8221;<br \/>\n &#8211; Ideale per un divertimento king-size<\/p>\n<p>Tutti i prezzi si applicano solo agli ordini online e sono comprensivi di IVA. Soggetto a modifiche senza preavviso, escluse le spese di spedizione. Con riserva di errori, modifiche nell&#8217;ambito di consegna e nel design, errori di stampa e variazioni di prezzo. I prezzi barrati sono prezzi sostitutivi. Le illustrazioni possono differire dall&#8217;originale\/dall&#8217;ambito di consegna.<br \/>\n*Spedizione gratuita per ordini superiori a CHF 250.-.<\/p>\n","protected":false},"excerpt":{"rendered":"<p>Filtro Attivo Rosa Gizeh 6 mm 50 pz. 10 bustine Rendi i tuoi 420 momenti ancora pi\u00f9 appariscenti: i popolari filtri a carboni attivi in formato slim (diametro 6 mm) sono ora disponibili anche in rosa. I filtri attivi sono stati sviluppati appositamente per un divertimento king-size: il carbone attivo pulito all&#8217;interno filtra le sostanze [&hellip;]<\/p>\n","protected":false},"featured_media":134904,"template":"","meta":[],"product_brand":[1564],"product_cat":[2004,3220,3233,1962,2016,5179],"product_tag":[],"class_list":{"0":"post-134900","1":"product","2":"type-product","3":"status-publish","4":"has-post-thumbnail","6":"product_brand-gizeh","7":"product_cat-diverso-headshop","8":"product_cat-negozio-di-teste","9":"product_cat-filtro","10":"product_cat-sigarette-self-made","11":"product_cat-filtri-per-sigarette","12":"product_cat-filtro-a-carbone-attivo","14":"first","15":"onbackorder","16":"purchasable","17":"product-type-simple"},"yoast_head":"<!-- This site is optimized with the Yoast SEO plugin v27.0 - https:\/\/yoast.com\/product\/yoast-seo-wordpress\/ -->\n<title>Filtro Attivo Rosa Gizeh 6 mm 50 pz.<\/title>\n<meta name=\"description\" content=\"Filtro Attivo Rosa Gizeh 6 mm 50 pz. | Un&#039;ampia selezione top di prodotti del tabacco, e-smoke e utensili da fumo in tutta la Svizzera | Carte accettate!\" \/>\n<meta name=\"robots\" content=\"index, follow, max-snippet:-1, max-image-preview:large, max-video-preview:-1\" \/>\n<link rel=\"canonical\" href=\"https:\/\/www.tabakversand.ch\/prodotto\/gizeh-pink-active-filter-6-mm-50-stk\/\" \/>\n<meta property=\"og:locale\" content=\"it_IT\" \/>\n<meta property=\"og:type\" content=\"article\" \/>\n<meta property=\"og:title\" content=\"Filtro Attivo Rosa Gizeh 6 mm 50 pz.\" \/>\n<meta property=\"og:description\" content=\"Filtro Attivo Rosa Gizeh 6 mm 50 pz. | Un&#039;ampia selezione top di prodotti del tabacco, e-smoke e utensili da fumo in tutta la Svizzera | Carte accettate!\" \/>\n<meta property=\"og:url\" content=\"https:\/\/www.tabakversand.ch\/prodotto\/gizeh-pink-active-filter-6-mm-50-stk\/\" \/>\n<meta property=\"og:site_name\" content=\"Tabakversand.ch | Alles aus der Welt des Tabaks\" \/>\n<meta property=\"article:modified_time\" content=\"2026-01-22T07:08:41+00:00\" \/>\n<meta property=\"og:image\" content=\"https:\/\/www.tabakversand.ch\/wp-content\/uploads\/2023\/05\/gizeh-pink-aktive-filter-6mm.jpg\" \/>\n\t<meta property=\"og:image:width\" content=\"500\" \/>\n\t<meta property=\"og:image:height\" content=\"500\" \/>\n\t<meta property=\"og:image:type\" content=\"image\/jpeg\" \/>\n<meta name=\"twitter:card\" content=\"summary_large_image\" \/>\n<meta name=\"twitter:label1\" content=\"Tempo di lettura stimato\" \/>\n\t<meta name=\"twitter:data1\" content=\"1 minuto\" \/>\n<script type=\"application\/ld+json\" class=\"yoast-schema-graph\">{\"@context\":\"https:\/\/schema.org\",\"@graph\":[{\"@type\":\"WebPage\",\"@id\":\"https:\/\/www.tabakversand.ch\/prodotto\/gizeh-pink-active-filter-6-mm-50-stk\/\",\"url\":\"https:\/\/www.tabakversand.ch\/prodotto\/gizeh-pink-active-filter-6-mm-50-stk\/\",\"name\":\"Filtro Attivo Rosa Gizeh 6 mm 50 pz.\",\"isPartOf\":{\"@id\":\"https:\/\/www.tabakversand.ch\/#website\"},\"primaryImageOfPage\":{\"@id\":\"https:\/\/www.tabakversand.ch\/prodotto\/gizeh-pink-active-filter-6-mm-50-stk\/#primaryimage\"},\"image\":{\"@id\":\"https:\/\/www.tabakversand.ch\/prodotto\/gizeh-pink-active-filter-6-mm-50-stk\/#primaryimage\"},\"thumbnailUrl\":\"https:\/\/www.tabakversand.ch\/wp-content\/uploads\/2023\/05\/gizeh-pink-aktive-filter-6mm.jpg\",\"datePublished\":\"2023-05-31T15:02:07+00:00\",\"dateModified\":\"2026-01-22T07:08:41+00:00\",\"description\":\"Filtro Attivo Rosa Gizeh 6 mm 50 pz. | Un'ampia selezione top di prodotti del tabacco, e-smoke e utensili da fumo in tutta la Svizzera | Carte accettate!\",\"breadcrumb\":{\"@id\":\"https:\/\/www.tabakversand.ch\/prodotto\/gizeh-pink-active-filter-6-mm-50-stk\/#breadcrumb\"},\"inLanguage\":\"it-IT\",\"potentialAction\":[{\"@type\":\"ReadAction\",\"target\":[\"https:\/\/www.tabakversand.ch\/prodotto\/gizeh-pink-active-filter-6-mm-50-stk\/\"]}]},{\"@type\":\"ImageObject\",\"inLanguage\":\"it-IT\",\"@id\":\"https:\/\/www.tabakversand.ch\/prodotto\/gizeh-pink-active-filter-6-mm-50-stk\/#primaryimage\",\"url\":\"https:\/\/www.tabakversand.ch\/wp-content\/uploads\/2023\/05\/gizeh-pink-aktive-filter-6mm.jpg\",\"contentUrl\":\"https:\/\/www.tabakversand.ch\/wp-content\/uploads\/2023\/05\/gizeh-pink-aktive-filter-6mm.jpg\",\"width\":500,\"height\":500,\"caption\":\"Filtro Attivo Rosa Gizeh 6 mm 50 pz. | Tabakversand.ch\"},{\"@type\":\"BreadcrumbList\",\"@id\":\"https:\/\/www.tabakversand.ch\/prodotto\/gizeh-pink-active-filter-6-mm-50-stk\/#breadcrumb\",\"itemListElement\":[{\"@type\":\"ListItem\",\"position\":1,\"name\":\"Startseite\",\"item\":\"https:\/\/www.tabakversand.ch\/\"},{\"@type\":\"ListItem\",\"position\":2,\"name\":\"Negozio\",\"item\":\"https:\/\/www.tabakversand.ch\/it\/negozio\/\"},{\"@type\":\"ListItem\",\"position\":3,\"name\":\"Filtro Attivo Rosa Gizeh 6 mm 50 pz.\"}]},{\"@type\":\"WebSite\",\"@id\":\"https:\/\/www.tabakversand.ch\/#website\",\"url\":\"https:\/\/www.tabakversand.ch\/\",\"name\":\"Tabakversand.ch | Alles aus der Welt des Tabaks\",\"description\":\"Smoke and carpe diem\",\"potentialAction\":[{\"@type\":\"SearchAction\",\"target\":{\"@type\":\"EntryPoint\",\"urlTemplate\":\"https:\/\/www.tabakversand.ch\/?s={search_term_string}\"},\"query-input\":{\"@type\":\"PropertyValueSpecification\",\"valueRequired\":true,\"valueName\":\"search_term_string\"}}],\"inLanguage\":\"it-IT\"}]}<\/script>\n<!-- \/ Yoast SEO plugin. -->","yoast_head_json":{"title":"Filtro Attivo Rosa Gizeh 6 mm 50 pz.","description":"Filtro Attivo Rosa Gizeh 6 mm 50 pz. | Un'ampia selezione top di prodotti del tabacco, e-smoke e utensili da fumo in tutta la Svizzera | Carte accettate!","robots":{"index":"index","follow":"follow","max-snippet":"max-snippet:-1","max-image-preview":"max-image-preview:large","max-video-preview":"max-video-preview:-1"},"canonical":"https:\/\/www.tabakversand.ch\/prodotto\/gizeh-pink-active-filter-6-mm-50-stk\/","og_locale":"it_IT","og_type":"article","og_title":"Filtro Attivo Rosa Gizeh 6 mm 50 pz.","og_description":"Filtro Attivo Rosa Gizeh 6 mm 50 pz. | Un'ampia selezione top di prodotti del tabacco, e-smoke e utensili da fumo in tutta la Svizzera | Carte accettate!","og_url":"https:\/\/www.tabakversand.ch\/prodotto\/gizeh-pink-active-filter-6-mm-50-stk\/","og_site_name":"Tabakversand.ch | Alles aus der Welt des Tabaks","article_modified_time":"2026-01-22T07:08:41+00:00","og_image":[{"width":500,"height":500,"url":"https:\/\/www.tabakversand.ch\/wp-content\/uploads\/2023\/05\/gizeh-pink-aktive-filter-6mm.jpg","type":"image\/jpeg"}],"twitter_card":"summary_large_image","twitter_misc":{"Tempo di lettura stimato":"1 minuto"},"schema":{"@context":"https:\/\/schema.org","@graph":[{"@type":"WebPage","@id":"https:\/\/www.tabakversand.ch\/prodotto\/gizeh-pink-active-filter-6-mm-50-stk\/","url":"https:\/\/www.tabakversand.ch\/prodotto\/gizeh-pink-active-filter-6-mm-50-stk\/","name":"Filtro Attivo Rosa Gizeh 6 mm 50 pz.","isPartOf":{"@id":"https:\/\/www.tabakversand.ch\/#website"},"primaryImageOfPage":{"@id":"https:\/\/www.tabakversand.ch\/prodotto\/gizeh-pink-active-filter-6-mm-50-stk\/#primaryimage"},"image":{"@id":"https:\/\/www.tabakversand.ch\/prodotto\/gizeh-pink-active-filter-6-mm-50-stk\/#primaryimage"},"thumbnailUrl":"https:\/\/www.tabakversand.ch\/wp-content\/uploads\/2023\/05\/gizeh-pink-aktive-filter-6mm.jpg","datePublished":"2023-05-31T15:02:07+00:00","dateModified":"2026-01-22T07:08:41+00:00","description":"Filtro Attivo Rosa Gizeh 6 mm 50 pz. | Un'ampia selezione top di prodotti del tabacco, e-smoke e utensili da fumo in tutta la Svizzera | Carte accettate!","breadcrumb":{"@id":"https:\/\/www.tabakversand.ch\/prodotto\/gizeh-pink-active-filter-6-mm-50-stk\/#breadcrumb"},"inLanguage":"it-IT","potentialAction":[{"@type":"ReadAction","target":["https:\/\/www.tabakversand.ch\/prodotto\/gizeh-pink-active-filter-6-mm-50-stk\/"]}]},{"@type":"ImageObject","inLanguage":"it-IT","@id":"https:\/\/www.tabakversand.ch\/prodotto\/gizeh-pink-active-filter-6-mm-50-stk\/#primaryimage","url":"https:\/\/www.tabakversand.ch\/wp-content\/uploads\/2023\/05\/gizeh-pink-aktive-filter-6mm.jpg","contentUrl":"https:\/\/www.tabakversand.ch\/wp-content\/uploads\/2023\/05\/gizeh-pink-aktive-filter-6mm.jpg","width":500,"height":500,"caption":"Filtro Attivo Rosa Gizeh 6 mm 50 pz. | Tabakversand.ch"},{"@type":"BreadcrumbList","@id":"https:\/\/www.tabakversand.ch\/prodotto\/gizeh-pink-active-filter-6-mm-50-stk\/#breadcrumb","itemListElement":[{"@type":"ListItem","position":1,"name":"Startseite","item":"https:\/\/www.tabakversand.ch\/"},{"@type":"ListItem","position":2,"name":"Negozio","item":"https:\/\/www.tabakversand.ch\/it\/negozio\/"},{"@type":"ListItem","position":3,"name":"Filtro Attivo Rosa Gizeh 6 mm 50 pz."}]},{"@type":"WebSite","@id":"https:\/\/www.tabakversand.ch\/#website","url":"https:\/\/www.tabakversand.ch\/","name":"Tabakversand.ch | Alles aus der Welt des Tabaks","description":"Smoke and carpe diem","potentialAction":[{"@type":"SearchAction","target":{"@type":"EntryPoint","urlTemplate":"https:\/\/www.tabakversand.ch\/?s={search_term_string}"},"query-input":{"@type":"PropertyValueSpecification","valueRequired":true,"valueName":"search_term_string"}}],"inLanguage":"it-IT"}]}},"_links":{"self":[{"href":"https:\/\/www.tabakversand.ch\/it\/wp-json\/wp\/v2\/product\/134900","targetHints":{"allow":["GET"]}}],"collection":[{"href":"https:\/\/www.tabakversand.ch\/it\/wp-json\/wp\/v2\/product"}],"about":[{"href":"https:\/\/www.tabakversand.ch\/it\/wp-json\/wp\/v2\/types\/product"}],"version-history":[{"count":2,"href":"https:\/\/www.tabakversand.ch\/it\/wp-json\/wp\/v2\/product\/134900\/revisions"}],"predecessor-version":[{"id":209600,"href":"https:\/\/www.tabakversand.ch\/it\/wp-json\/wp\/v2\/product\/134900\/revisions\/209600"}],"wp:featuredmedia":[{"embeddable":true,"href":"https:\/\/www.tabakversand.ch\/it\/wp-json\/wp\/v2\/media\/134904"}],"wp:attachment":[{"href":"https:\/\/www.tabakversand.ch\/it\/wp-json\/wp\/v2\/media?parent=134900"}],"wp:term":[{"taxonomy":"product_brand","embeddable":true,"href":"https:\/\/www.tabakversand.ch\/it\/wp-json\/wp\/v2\/product_brand?post=134900"},{"taxonomy":"product_cat","embeddable":true,"href":"https:\/\/www.tabakversand.ch\/it\/wp-json\/wp\/v2\/product_cat?post=134900"},{"taxonomy":"product_tag","embeddable":true,"href":"https:\/\/www.tabakversand.ch\/it\/wp-json\/wp\/v2\/product_tag?post=134900"}],"curies":[{"name":"wp","href":"https:\/\/api.w.org\/{rel}","templated":true}]}}