{"id":135146,"date":"2023-06-03T12:03:16","date_gmt":"2023-06-03T10:03:16","guid":{"rendered":"https:\/\/www.tabakversand.ch\/?post_type=product&#038;p=135146"},"modified":"2026-01-22T08:09:13","modified_gmt":"2026-01-22T07:09:13","slug":"gizeh-filtro-attivo-conico-10-pz","status":"publish","type":"product","link":"https:\/\/www.tabakversand.ch\/it\/prodotto\/gizeh-filtro-attivo-conico-10-pz\/","title":{"rendered":"Gizeh Filtro Attivo Conico 10 x 10pz."},"content":{"rendered":"<p>Gizeh Filtro Attivo Conico 10 x 10pz.<\/p>\n<p>La misura perfetta per i tuoi momenti king-size: i filtri attivi a forma conica (6-7 mm di diametro) sono stati sviluppati appositamente per il divertimento king-size. Il design affusolato impedisce lo scivolamento durante la rotazione. Il carbone attivo pulito all&#8217;interno del filtro \u00e8 prodotto da gusci di cocco &#8211; una materia prima rinnovabile &#8211; e garantisce un gusto morbido. I cappucci in ceramica su entrambe le estremit\u00e0 hanno ciascuno sette fori per un flusso d&#8217;aria ottimale. C&#8217;\u00e8 qualcosa di meglio che aver trovato la soluzione perfetta? Questo vale sia per Tinder Match che per la sneaker dei sogni. E ora anche per i nostri Filtri Attivi. Sono disponibili anche in forma conica da met\u00e0 luglio. Affusolato &#8211; ti suona strano? Significa semplicemente: il filtro si restringe verso il basso e quindi si adatta perfettamente alla tua borsa. Quindi non solo sembra una piccola borsa, ma si adatta anche perfettamente. Ma non \u00e8 tutto! Inoltre, ci sono ovviamente i comprovati vantaggi del filtro attivo GIZEH:<\/p>\n<p>Il carbone attivo pulito all&#8217;interno del filtro \u00e8 costituito da gusci di cocco, una materia prima rinnovabile che garantisce un gusto particolarmente morbido quando si fuma!<\/p>\n<p>Suggerimento professionale: per ottenere il miglior effetto vorticoso, agitare delicatamente prima dell&#8217;uso e soffiare.<\/p>\n<p>I tappi in ceramica di alta qualit\u00e0, ciascuno con sette fori su entrambi i lati, garantiscono inoltre un perfetto tiraggio e una resistenza ideale al tiraggio.<\/p>\n<p>E come sempre: i filtri attivi GIZEH filtrano molto, ma non il divertimento! E per avere sempre con te i tuoi filtri attivi conici in perfette condizioni e a portata di mano, la confezione da 10 ha una pratica chiusura magnetica. Ci\u00f2 consente di richiuderli pi\u00f9 e pi\u00f9 volte e proteggere perfettamente i filtri. Ottimo per gli spostamenti. Quindi tutto sommato una partita perfetta!<\/p>\n<p>Tutti i prezzi si applicano solo agli ordini online e sono comprensivi di IVA. Soggetto a modifiche senza preavviso, escluse le spese di spedizione. Con riserva di errori, modifiche nell&#8217;ambito di consegna e nel design, errori di stampa e variazioni di prezzo. I prezzi barrati sono prezzi sostitutivi. Le illustrazioni possono differire dall&#8217;originale\/dall&#8217;ambito di consegna.<br \/>\n*Spedizione gratuita per ordini superiori a CHF 250.-.<\/p>\n","protected":false},"excerpt":{"rendered":"<p>Gizeh Filtro Attivo Conico 10 x 10pz. La misura perfetta per i tuoi momenti king-size: i filtri attivi a forma conica (6-7 mm di diametro) sono stati sviluppati appositamente per il divertimento king-size. Il design affusolato impedisce lo scivolamento durante la rotazione. Il carbone attivo pulito all&#8217;interno del filtro \u00e8 prodotto da gusci di cocco [&hellip;]<\/p>\n","protected":false},"featured_media":135150,"template":"","meta":[],"product_brand":[1564],"product_cat":[2004,2016,3233,5179,3220,1962],"product_tag":[],"class_list":{"0":"post-135146","1":"product","2":"type-product","3":"status-publish","4":"has-post-thumbnail","6":"product_brand-gizeh","7":"product_cat-diverso-headshop","8":"product_cat-filtri-per-sigarette","9":"product_cat-filtro","10":"product_cat-filtro-a-carbone-attivo","11":"product_cat-negozio-di-teste","12":"product_cat-sigarette-self-made","14":"first","15":"onbackorder","16":"purchasable","17":"product-type-simple"},"yoast_head":"<!-- This site is optimized with the Yoast SEO plugin v27.5 - https:\/\/yoast.com\/product\/yoast-seo-wordpress\/ -->\n<title>Gizeh Filtro Attivo Conico 10 x 10pz.<\/title>\n<meta name=\"description\" content=\"Gizeh Filtro Attivo Conico 10 x 10pz. | Un&#039;ampia selezione top di prodotti del tabacco, e-smoke e utensili da fumo in tutta la Svizzera | Carte accettate!\" \/>\n<meta name=\"robots\" content=\"index, follow, max-snippet:-1, max-image-preview:large, max-video-preview:-1\" \/>\n<link rel=\"canonical\" href=\"https:\/\/www.tabakversand.ch\/prodotto\/gizeh-active-filter-konisch-10-x-10stk\/\" \/>\n<meta property=\"og:locale\" content=\"it_IT\" \/>\n<meta property=\"og:type\" content=\"article\" \/>\n<meta property=\"og:title\" content=\"Gizeh Filtro Attivo Conico 10 x 10pz.\" \/>\n<meta property=\"og:description\" content=\"Gizeh Filtro Attivo Conico 10 x 10pz. | Un&#039;ampia selezione top di prodotti del tabacco, e-smoke e utensili da fumo in tutta la Svizzera | Carte accettate!\" \/>\n<meta property=\"og:url\" content=\"https:\/\/www.tabakversand.ch\/prodotto\/gizeh-active-filter-konisch-10-x-10stk\/\" \/>\n<meta property=\"og:site_name\" content=\"Tabakversand.ch | Alles aus der Welt des Tabaks\" \/>\n<meta property=\"article:modified_time\" content=\"2026-01-22T07:09:13+00:00\" \/>\n<meta property=\"og:image\" content=\"https:\/\/www.tabakversand.ch\/wp-content\/uploads\/2023\/06\/gizeh-aktive-filter-konisch.jpg\" \/>\n\t<meta property=\"og:image:width\" content=\"500\" \/>\n\t<meta property=\"og:image:height\" content=\"500\" \/>\n\t<meta property=\"og:image:type\" content=\"image\/jpeg\" \/>\n<meta name=\"twitter:card\" content=\"summary_large_image\" \/>\n<meta name=\"twitter:label1\" content=\"Tempo di lettura stimato\" \/>\n\t<meta name=\"twitter:data1\" content=\"2 minuti\" \/>\n<script type=\"application\/ld+json\" class=\"yoast-schema-graph\">{\"@context\":\"https:\\\/\\\/schema.org\",\"@graph\":[{\"@type\":\"WebPage\",\"@id\":\"https:\\\/\\\/www.tabakversand.ch\\\/prodotto\\\/gizeh-active-filter-konisch-10-x-10stk\\\/\",\"url\":\"https:\\\/\\\/www.tabakversand.ch\\\/prodotto\\\/gizeh-active-filter-konisch-10-x-10stk\\\/\",\"name\":\"Gizeh Filtro Attivo Conico 10 x 10pz.\",\"isPartOf\":{\"@id\":\"https:\\\/\\\/www.tabakversand.ch\\\/#website\"},\"primaryImageOfPage\":{\"@id\":\"https:\\\/\\\/www.tabakversand.ch\\\/prodotto\\\/gizeh-active-filter-konisch-10-x-10stk\\\/#primaryimage\"},\"image\":{\"@id\":\"https:\\\/\\\/www.tabakversand.ch\\\/prodotto\\\/gizeh-active-filter-konisch-10-x-10stk\\\/#primaryimage\"},\"thumbnailUrl\":\"https:\\\/\\\/www.tabakversand.ch\\\/wp-content\\\/uploads\\\/2023\\\/06\\\/gizeh-aktive-filter-konisch.jpg\",\"datePublished\":\"2023-06-03T10:03:16+00:00\",\"dateModified\":\"2026-01-22T07:09:13+00:00\",\"description\":\"Gizeh Filtro Attivo Conico 10 x 10pz. | Un'ampia selezione top di prodotti del tabacco, e-smoke e utensili da fumo in tutta la Svizzera | Carte accettate!\",\"breadcrumb\":{\"@id\":\"https:\\\/\\\/www.tabakversand.ch\\\/prodotto\\\/gizeh-active-filter-konisch-10-x-10stk\\\/#breadcrumb\"},\"inLanguage\":\"it-IT\",\"potentialAction\":[{\"@type\":\"ReadAction\",\"target\":[\"https:\\\/\\\/www.tabakversand.ch\\\/prodotto\\\/gizeh-active-filter-konisch-10-x-10stk\\\/\"]}]},{\"@type\":\"ImageObject\",\"inLanguage\":\"it-IT\",\"@id\":\"https:\\\/\\\/www.tabakversand.ch\\\/prodotto\\\/gizeh-active-filter-konisch-10-x-10stk\\\/#primaryimage\",\"url\":\"https:\\\/\\\/www.tabakversand.ch\\\/wp-content\\\/uploads\\\/2023\\\/06\\\/gizeh-aktive-filter-konisch.jpg\",\"contentUrl\":\"https:\\\/\\\/www.tabakversand.ch\\\/wp-content\\\/uploads\\\/2023\\\/06\\\/gizeh-aktive-filter-konisch.jpg\",\"width\":500,\"height\":500,\"caption\":\"Gizeh Filtro Attivo Conico 10 pz. | Tabakversand.ch\"},{\"@type\":\"BreadcrumbList\",\"@id\":\"https:\\\/\\\/www.tabakversand.ch\\\/prodotto\\\/gizeh-active-filter-konisch-10-x-10stk\\\/#breadcrumb\",\"itemListElement\":[{\"@type\":\"ListItem\",\"position\":1,\"name\":\"Startseite\",\"item\":\"https:\\\/\\\/www.tabakversand.ch\\\/\"},{\"@type\":\"ListItem\",\"position\":2,\"name\":\"Negozio\",\"item\":\"https:\\\/\\\/www.tabakversand.ch\\\/it\\\/negozio\\\/\"},{\"@type\":\"ListItem\",\"position\":3,\"name\":\"Gizeh Filtro Attivo Conico 10 x 10pz.\"}]},{\"@type\":\"WebSite\",\"@id\":\"https:\\\/\\\/www.tabakversand.ch\\\/#website\",\"url\":\"https:\\\/\\\/www.tabakversand.ch\\\/\",\"name\":\"Tabakversand.ch | Alles aus der Welt des Tabaks\",\"description\":\"Smoke and carpe diem\",\"potentialAction\":[{\"@type\":\"SearchAction\",\"target\":{\"@type\":\"EntryPoint\",\"urlTemplate\":\"https:\\\/\\\/www.tabakversand.ch\\\/?s={search_term_string}\"},\"query-input\":{\"@type\":\"PropertyValueSpecification\",\"valueRequired\":true,\"valueName\":\"search_term_string\"}}],\"inLanguage\":\"it-IT\"}]}<\/script>\n<!-- \/ Yoast SEO plugin. -->","yoast_head_json":{"title":"Gizeh Filtro Attivo Conico 10 x 10pz.","description":"Gizeh Filtro Attivo Conico 10 x 10pz. | Un'ampia selezione top di prodotti del tabacco, e-smoke e utensili da fumo in tutta la Svizzera | Carte accettate!","robots":{"index":"index","follow":"follow","max-snippet":"max-snippet:-1","max-image-preview":"max-image-preview:large","max-video-preview":"max-video-preview:-1"},"canonical":"https:\/\/www.tabakversand.ch\/prodotto\/gizeh-active-filter-konisch-10-x-10stk\/","og_locale":"it_IT","og_type":"article","og_title":"Gizeh Filtro Attivo Conico 10 x 10pz.","og_description":"Gizeh Filtro Attivo Conico 10 x 10pz. | Un'ampia selezione top di prodotti del tabacco, e-smoke e utensili da fumo in tutta la Svizzera | Carte accettate!","og_url":"https:\/\/www.tabakversand.ch\/prodotto\/gizeh-active-filter-konisch-10-x-10stk\/","og_site_name":"Tabakversand.ch | Alles aus der Welt des Tabaks","article_modified_time":"2026-01-22T07:09:13+00:00","og_image":[{"width":500,"height":500,"url":"https:\/\/www.tabakversand.ch\/wp-content\/uploads\/2023\/06\/gizeh-aktive-filter-konisch.jpg","type":"image\/jpeg"}],"twitter_card":"summary_large_image","twitter_misc":{"Tempo di lettura stimato":"2 minuti"},"schema":{"@context":"https:\/\/schema.org","@graph":[{"@type":"WebPage","@id":"https:\/\/www.tabakversand.ch\/prodotto\/gizeh-active-filter-konisch-10-x-10stk\/","url":"https:\/\/www.tabakversand.ch\/prodotto\/gizeh-active-filter-konisch-10-x-10stk\/","name":"Gizeh Filtro Attivo Conico 10 x 10pz.","isPartOf":{"@id":"https:\/\/www.tabakversand.ch\/#website"},"primaryImageOfPage":{"@id":"https:\/\/www.tabakversand.ch\/prodotto\/gizeh-active-filter-konisch-10-x-10stk\/#primaryimage"},"image":{"@id":"https:\/\/www.tabakversand.ch\/prodotto\/gizeh-active-filter-konisch-10-x-10stk\/#primaryimage"},"thumbnailUrl":"https:\/\/www.tabakversand.ch\/wp-content\/uploads\/2023\/06\/gizeh-aktive-filter-konisch.jpg","datePublished":"2023-06-03T10:03:16+00:00","dateModified":"2026-01-22T07:09:13+00:00","description":"Gizeh Filtro Attivo Conico 10 x 10pz. | Un'ampia selezione top di prodotti del tabacco, e-smoke e utensili da fumo in tutta la Svizzera | Carte accettate!","breadcrumb":{"@id":"https:\/\/www.tabakversand.ch\/prodotto\/gizeh-active-filter-konisch-10-x-10stk\/#breadcrumb"},"inLanguage":"it-IT","potentialAction":[{"@type":"ReadAction","target":["https:\/\/www.tabakversand.ch\/prodotto\/gizeh-active-filter-konisch-10-x-10stk\/"]}]},{"@type":"ImageObject","inLanguage":"it-IT","@id":"https:\/\/www.tabakversand.ch\/prodotto\/gizeh-active-filter-konisch-10-x-10stk\/#primaryimage","url":"https:\/\/www.tabakversand.ch\/wp-content\/uploads\/2023\/06\/gizeh-aktive-filter-konisch.jpg","contentUrl":"https:\/\/www.tabakversand.ch\/wp-content\/uploads\/2023\/06\/gizeh-aktive-filter-konisch.jpg","width":500,"height":500,"caption":"Gizeh Filtro Attivo Conico 10 pz. | Tabakversand.ch"},{"@type":"BreadcrumbList","@id":"https:\/\/www.tabakversand.ch\/prodotto\/gizeh-active-filter-konisch-10-x-10stk\/#breadcrumb","itemListElement":[{"@type":"ListItem","position":1,"name":"Startseite","item":"https:\/\/www.tabakversand.ch\/"},{"@type":"ListItem","position":2,"name":"Negozio","item":"https:\/\/www.tabakversand.ch\/it\/negozio\/"},{"@type":"ListItem","position":3,"name":"Gizeh Filtro Attivo Conico 10 x 10pz."}]},{"@type":"WebSite","@id":"https:\/\/www.tabakversand.ch\/#website","url":"https:\/\/www.tabakversand.ch\/","name":"Tabakversand.ch | Alles aus der Welt des Tabaks","description":"Smoke and carpe diem","potentialAction":[{"@type":"SearchAction","target":{"@type":"EntryPoint","urlTemplate":"https:\/\/www.tabakversand.ch\/?s={search_term_string}"},"query-input":{"@type":"PropertyValueSpecification","valueRequired":true,"valueName":"search_term_string"}}],"inLanguage":"it-IT"}]}},"_links":{"self":[{"href":"https:\/\/www.tabakversand.ch\/it\/wp-json\/wp\/v2\/product\/135146","targetHints":{"allow":["GET"]}}],"collection":[{"href":"https:\/\/www.tabakversand.ch\/it\/wp-json\/wp\/v2\/product"}],"about":[{"href":"https:\/\/www.tabakversand.ch\/it\/wp-json\/wp\/v2\/types\/product"}],"version-history":[{"count":4,"href":"https:\/\/www.tabakversand.ch\/it\/wp-json\/wp\/v2\/product\/135146\/revisions"}],"predecessor-version":[{"id":206635,"href":"https:\/\/www.tabakversand.ch\/it\/wp-json\/wp\/v2\/product\/135146\/revisions\/206635"}],"wp:featuredmedia":[{"embeddable":true,"href":"https:\/\/www.tabakversand.ch\/it\/wp-json\/wp\/v2\/media\/135150"}],"wp:attachment":[{"href":"https:\/\/www.tabakversand.ch\/it\/wp-json\/wp\/v2\/media?parent=135146"}],"wp:term":[{"taxonomy":"product_brand","embeddable":true,"href":"https:\/\/www.tabakversand.ch\/it\/wp-json\/wp\/v2\/product_brand?post=135146"},{"taxonomy":"product_cat","embeddable":true,"href":"https:\/\/www.tabakversand.ch\/it\/wp-json\/wp\/v2\/product_cat?post=135146"},{"taxonomy":"product_tag","embeddable":true,"href":"https:\/\/www.tabakversand.ch\/it\/wp-json\/wp\/v2\/product_tag?post=135146"}],"curies":[{"name":"wp","href":"https:\/\/api.w.org\/{rel}","templated":true}]}}