{"id":135247,"date":"2023-06-06T14:31:07","date_gmt":"2023-06-06T12:31:07","guid":{"rendered":"https:\/\/www.tabakversand.ch\/?post_type=product&#038;p=135247"},"modified":"2026-01-22T08:09:31","modified_gmt":"2026-01-22T07:09:31","slug":"gizeh-filtro-attivo-per-canapa-ed-erba-6mm-10-pz","status":"publish","type":"product","link":"https:\/\/www.tabakversand.ch\/it\/prodotto\/gizeh-filtro-attivo-per-canapa-ed-erba-6mm-10-pz\/","title":{"rendered":"Gizeh Filtro Attivo Canapa ed Erba 6 mm 10 pz."},"content":{"rendered":"<p>Gizeh Filtro Attivo Canapa ed Erba 6 mm 10 pz.<\/p>\n<p>20 x 10 pz.<\/p>\n<p>I filtri GIZEH Hemp Active in formato sottile (6 mm di diametro) assicurano un piacere naturale: il carbone attivo pulito all&#8217;interno del filtro \u00e8 prodotto sulla base di gusci di cocco, una materia prima rinnovabile. Inoltre, la carta da filtro naturale \u00e8 realizzata in canapa, che \u00e8 particolarmente maneggevole ed \u00e8 quindi ideale per il vostro rotolo arrotolato senza scivolare. I filtri hanno anche tappi in ceramica di alta qualit\u00e0, ciascuno con sette fori su entrambi i lati, che garantiscono un tiraggio ottimale.<\/p>\n<p>Un altro vantaggio sostenibile per il nostro GIZEH Hemp Active Filter: il nostro packaging sostenibile in carta erba \u00e8 stato sviluppato per i prodotti Hemp &amp; Grass.<\/p>\n<p>&#8211; Imballaggi in carta erba<br \/>\n &#8211; Carta da filtro naturale in canapa<br \/>\n &#8211; Gusto equilibrato grazie ai granuli di carbone attivo ricavati da gusci di cocco puliti<br \/>\n &#8211; Tappi in ceramica utilizzabili su entrambi i lati per un tiraggio ideale<br \/>\n &#8211; Diametro filtro: 6 mm<br \/>\n &#8211; Lunghezza filtro: 27 mm<\/p>\n<p>Tutti i prezzi si applicano solo agli ordini online e sono comprensivi di IVA. Soggetto a modifiche senza preavviso, escluse le spese di spedizione. Con riserva di errori, modifiche nell&#8217;ambito di consegna e nel design, errori di stampa e variazioni di prezzo. I prezzi barrati sono prezzi sostitutivi. Le illustrazioni possono differire dall&#8217;originale\/dall&#8217;ambito di consegna.<br \/>\n*Spedizione gratuita per ordini superiori a CHF 250.-.<\/p>\n","protected":false},"excerpt":{"rendered":"<p>Gizeh Filtro Attivo Canapa ed Erba 6 mm 10 pz. 20 x 10 pz. I filtri GIZEH Hemp Active in formato sottile (6 mm di diametro) assicurano un piacere naturale: il carbone attivo pulito all&#8217;interno del filtro \u00e8 prodotto sulla base di gusci di cocco, una materia prima rinnovabile. Inoltre, la carta da filtro naturale [&hellip;]<\/p>\n","protected":false},"featured_media":135251,"template":"","meta":[],"product_brand":[1564],"product_cat":[2004,2016,3233,5179,3220,1962],"product_tag":[],"class_list":{"0":"post-135247","1":"product","2":"type-product","3":"status-publish","4":"has-post-thumbnail","6":"product_brand-gizeh","7":"product_cat-diverso-headshop","8":"product_cat-filtri-per-sigarette","9":"product_cat-filtro","10":"product_cat-filtro-a-carbone-attivo","11":"product_cat-negozio-di-teste","12":"product_cat-sigarette-self-made","14":"first","15":"onbackorder","16":"purchasable","17":"product-type-simple"},"yoast_head":"<!-- This site is optimized with the Yoast SEO plugin v27.0 - https:\/\/yoast.com\/product\/yoast-seo-wordpress\/ -->\n<title>Gizeh Filtro Attivo Canapa ed Erba 6 mm 10 pz.<\/title>\n<meta name=\"description\" content=\"Gizeh Filtro Attivo Canapa ed Erba 6 mm 10 pz. | Un&#039;ampia selezione di prodotti del tabacco, e-smoke e utensili da fumo in tutta la Svizzera | Carte accettate!\" \/>\n<meta name=\"robots\" content=\"index, follow, max-snippet:-1, max-image-preview:large, max-video-preview:-1\" \/>\n<link rel=\"canonical\" href=\"https:\/\/www.tabakversand.ch\/prodotto\/gizeh-hanf-und-gras-active-filter-6-mm-10-stk\/\" \/>\n<meta property=\"og:locale\" content=\"it_IT\" \/>\n<meta property=\"og:type\" content=\"article\" \/>\n<meta property=\"og:title\" content=\"Gizeh Filtro Attivo Canapa ed Erba 6 mm 10 pz.\" \/>\n<meta property=\"og:description\" content=\"Gizeh Filtro Attivo Canapa ed Erba 6 mm 10 pz. | Un&#039;ampia selezione di prodotti del tabacco, e-smoke e utensili da fumo in tutta la Svizzera | Carte accettate!\" \/>\n<meta property=\"og:url\" content=\"https:\/\/www.tabakversand.ch\/prodotto\/gizeh-hanf-und-gras-active-filter-6-mm-10-stk\/\" \/>\n<meta property=\"og:site_name\" content=\"Tabakversand.ch | Alles aus der Welt des Tabaks\" \/>\n<meta property=\"article:modified_time\" content=\"2026-01-22T07:09:31+00:00\" \/>\n<meta property=\"og:image\" content=\"https:\/\/www.tabakversand.ch\/wp-content\/uploads\/2023\/06\/gizeh-hanf-und-gras-aktive-filter-6mm-10stk.jpg\" \/>\n\t<meta property=\"og:image:width\" content=\"500\" \/>\n\t<meta property=\"og:image:height\" content=\"500\" \/>\n\t<meta property=\"og:image:type\" content=\"image\/jpeg\" \/>\n<meta name=\"twitter:card\" content=\"summary_large_image\" \/>\n<meta name=\"twitter:label1\" content=\"Tempo di lettura stimato\" \/>\n\t<meta name=\"twitter:data1\" content=\"1 minuto\" \/>\n<script type=\"application\/ld+json\" class=\"yoast-schema-graph\">{\"@context\":\"https:\/\/schema.org\",\"@graph\":[{\"@type\":\"WebPage\",\"@id\":\"https:\/\/www.tabakversand.ch\/prodotto\/gizeh-hanf-und-gras-active-filter-6-mm-10-stk\/\",\"url\":\"https:\/\/www.tabakversand.ch\/prodotto\/gizeh-hanf-und-gras-active-filter-6-mm-10-stk\/\",\"name\":\"Gizeh Filtro Attivo Canapa ed Erba 6 mm 10 pz.\",\"isPartOf\":{\"@id\":\"https:\/\/www.tabakversand.ch\/#website\"},\"primaryImageOfPage\":{\"@id\":\"https:\/\/www.tabakversand.ch\/prodotto\/gizeh-hanf-und-gras-active-filter-6-mm-10-stk\/#primaryimage\"},\"image\":{\"@id\":\"https:\/\/www.tabakversand.ch\/prodotto\/gizeh-hanf-und-gras-active-filter-6-mm-10-stk\/#primaryimage\"},\"thumbnailUrl\":\"https:\/\/www.tabakversand.ch\/wp-content\/uploads\/2023\/06\/gizeh-hanf-und-gras-aktive-filter-6mm-10stk.jpg\",\"datePublished\":\"2023-06-06T12:31:07+00:00\",\"dateModified\":\"2026-01-22T07:09:31+00:00\",\"description\":\"Gizeh Filtro Attivo Canapa ed Erba 6 mm 10 pz. | Un'ampia selezione di prodotti del tabacco, e-smoke e utensili da fumo in tutta la Svizzera | Carte accettate!\",\"breadcrumb\":{\"@id\":\"https:\/\/www.tabakversand.ch\/prodotto\/gizeh-hanf-und-gras-active-filter-6-mm-10-stk\/#breadcrumb\"},\"inLanguage\":\"it-IT\",\"potentialAction\":[{\"@type\":\"ReadAction\",\"target\":[\"https:\/\/www.tabakversand.ch\/prodotto\/gizeh-hanf-und-gras-active-filter-6-mm-10-stk\/\"]}]},{\"@type\":\"ImageObject\",\"inLanguage\":\"it-IT\",\"@id\":\"https:\/\/www.tabakversand.ch\/prodotto\/gizeh-hanf-und-gras-active-filter-6-mm-10-stk\/#primaryimage\",\"url\":\"https:\/\/www.tabakversand.ch\/wp-content\/uploads\/2023\/06\/gizeh-hanf-und-gras-aktive-filter-6mm-10stk.jpg\",\"contentUrl\":\"https:\/\/www.tabakversand.ch\/wp-content\/uploads\/2023\/06\/gizeh-hanf-und-gras-aktive-filter-6mm-10stk.jpg\",\"width\":500,\"height\":500,\"caption\":\"Gizeh Filtro Attivo Canapa ed Erba 6 mm 10 pz. | Tabakversand.ch\"},{\"@type\":\"BreadcrumbList\",\"@id\":\"https:\/\/www.tabakversand.ch\/prodotto\/gizeh-hanf-und-gras-active-filter-6-mm-10-stk\/#breadcrumb\",\"itemListElement\":[{\"@type\":\"ListItem\",\"position\":1,\"name\":\"Startseite\",\"item\":\"https:\/\/www.tabakversand.ch\/\"},{\"@type\":\"ListItem\",\"position\":2,\"name\":\"Negozio\",\"item\":\"https:\/\/www.tabakversand.ch\/it\/negozio\/\"},{\"@type\":\"ListItem\",\"position\":3,\"name\":\"Gizeh Filtro Attivo Canapa ed Erba 6 mm 10 pz.\"}]},{\"@type\":\"WebSite\",\"@id\":\"https:\/\/www.tabakversand.ch\/#website\",\"url\":\"https:\/\/www.tabakversand.ch\/\",\"name\":\"Tabakversand.ch | Alles aus der Welt des Tabaks\",\"description\":\"Smoke and carpe diem\",\"potentialAction\":[{\"@type\":\"SearchAction\",\"target\":{\"@type\":\"EntryPoint\",\"urlTemplate\":\"https:\/\/www.tabakversand.ch\/?s={search_term_string}\"},\"query-input\":{\"@type\":\"PropertyValueSpecification\",\"valueRequired\":true,\"valueName\":\"search_term_string\"}}],\"inLanguage\":\"it-IT\"}]}<\/script>\n<!-- \/ Yoast SEO plugin. -->","yoast_head_json":{"title":"Gizeh Filtro Attivo Canapa ed Erba 6 mm 10 pz.","description":"Gizeh Filtro Attivo Canapa ed Erba 6 mm 10 pz. | Un'ampia selezione di prodotti del tabacco, e-smoke e utensili da fumo in tutta la Svizzera | Carte accettate!","robots":{"index":"index","follow":"follow","max-snippet":"max-snippet:-1","max-image-preview":"max-image-preview:large","max-video-preview":"max-video-preview:-1"},"canonical":"https:\/\/www.tabakversand.ch\/prodotto\/gizeh-hanf-und-gras-active-filter-6-mm-10-stk\/","og_locale":"it_IT","og_type":"article","og_title":"Gizeh Filtro Attivo Canapa ed Erba 6 mm 10 pz.","og_description":"Gizeh Filtro Attivo Canapa ed Erba 6 mm 10 pz. | Un'ampia selezione di prodotti del tabacco, e-smoke e utensili da fumo in tutta la Svizzera | Carte accettate!","og_url":"https:\/\/www.tabakversand.ch\/prodotto\/gizeh-hanf-und-gras-active-filter-6-mm-10-stk\/","og_site_name":"Tabakversand.ch | Alles aus der Welt des Tabaks","article_modified_time":"2026-01-22T07:09:31+00:00","og_image":[{"width":500,"height":500,"url":"https:\/\/www.tabakversand.ch\/wp-content\/uploads\/2023\/06\/gizeh-hanf-und-gras-aktive-filter-6mm-10stk.jpg","type":"image\/jpeg"}],"twitter_card":"summary_large_image","twitter_misc":{"Tempo di lettura stimato":"1 minuto"},"schema":{"@context":"https:\/\/schema.org","@graph":[{"@type":"WebPage","@id":"https:\/\/www.tabakversand.ch\/prodotto\/gizeh-hanf-und-gras-active-filter-6-mm-10-stk\/","url":"https:\/\/www.tabakversand.ch\/prodotto\/gizeh-hanf-und-gras-active-filter-6-mm-10-stk\/","name":"Gizeh Filtro Attivo Canapa ed Erba 6 mm 10 pz.","isPartOf":{"@id":"https:\/\/www.tabakversand.ch\/#website"},"primaryImageOfPage":{"@id":"https:\/\/www.tabakversand.ch\/prodotto\/gizeh-hanf-und-gras-active-filter-6-mm-10-stk\/#primaryimage"},"image":{"@id":"https:\/\/www.tabakversand.ch\/prodotto\/gizeh-hanf-und-gras-active-filter-6-mm-10-stk\/#primaryimage"},"thumbnailUrl":"https:\/\/www.tabakversand.ch\/wp-content\/uploads\/2023\/06\/gizeh-hanf-und-gras-aktive-filter-6mm-10stk.jpg","datePublished":"2023-06-06T12:31:07+00:00","dateModified":"2026-01-22T07:09:31+00:00","description":"Gizeh Filtro Attivo Canapa ed Erba 6 mm 10 pz. | Un'ampia selezione di prodotti del tabacco, e-smoke e utensili da fumo in tutta la Svizzera | Carte accettate!","breadcrumb":{"@id":"https:\/\/www.tabakversand.ch\/prodotto\/gizeh-hanf-und-gras-active-filter-6-mm-10-stk\/#breadcrumb"},"inLanguage":"it-IT","potentialAction":[{"@type":"ReadAction","target":["https:\/\/www.tabakversand.ch\/prodotto\/gizeh-hanf-und-gras-active-filter-6-mm-10-stk\/"]}]},{"@type":"ImageObject","inLanguage":"it-IT","@id":"https:\/\/www.tabakversand.ch\/prodotto\/gizeh-hanf-und-gras-active-filter-6-mm-10-stk\/#primaryimage","url":"https:\/\/www.tabakversand.ch\/wp-content\/uploads\/2023\/06\/gizeh-hanf-und-gras-aktive-filter-6mm-10stk.jpg","contentUrl":"https:\/\/www.tabakversand.ch\/wp-content\/uploads\/2023\/06\/gizeh-hanf-und-gras-aktive-filter-6mm-10stk.jpg","width":500,"height":500,"caption":"Gizeh Filtro Attivo Canapa ed Erba 6 mm 10 pz. | Tabakversand.ch"},{"@type":"BreadcrumbList","@id":"https:\/\/www.tabakversand.ch\/prodotto\/gizeh-hanf-und-gras-active-filter-6-mm-10-stk\/#breadcrumb","itemListElement":[{"@type":"ListItem","position":1,"name":"Startseite","item":"https:\/\/www.tabakversand.ch\/"},{"@type":"ListItem","position":2,"name":"Negozio","item":"https:\/\/www.tabakversand.ch\/it\/negozio\/"},{"@type":"ListItem","position":3,"name":"Gizeh Filtro Attivo Canapa ed Erba 6 mm 10 pz."}]},{"@type":"WebSite","@id":"https:\/\/www.tabakversand.ch\/#website","url":"https:\/\/www.tabakversand.ch\/","name":"Tabakversand.ch | Alles aus der Welt des Tabaks","description":"Smoke and carpe diem","potentialAction":[{"@type":"SearchAction","target":{"@type":"EntryPoint","urlTemplate":"https:\/\/www.tabakversand.ch\/?s={search_term_string}"},"query-input":{"@type":"PropertyValueSpecification","valueRequired":true,"valueName":"search_term_string"}}],"inLanguage":"it-IT"}]}},"_links":{"self":[{"href":"https:\/\/www.tabakversand.ch\/it\/wp-json\/wp\/v2\/product\/135247","targetHints":{"allow":["GET"]}}],"collection":[{"href":"https:\/\/www.tabakversand.ch\/it\/wp-json\/wp\/v2\/product"}],"about":[{"href":"https:\/\/www.tabakversand.ch\/it\/wp-json\/wp\/v2\/types\/product"}],"version-history":[{"count":2,"href":"https:\/\/www.tabakversand.ch\/it\/wp-json\/wp\/v2\/product\/135247\/revisions"}],"predecessor-version":[{"id":209616,"href":"https:\/\/www.tabakversand.ch\/it\/wp-json\/wp\/v2\/product\/135247\/revisions\/209616"}],"wp:featuredmedia":[{"embeddable":true,"href":"https:\/\/www.tabakversand.ch\/it\/wp-json\/wp\/v2\/media\/135251"}],"wp:attachment":[{"href":"https:\/\/www.tabakversand.ch\/it\/wp-json\/wp\/v2\/media?parent=135247"}],"wp:term":[{"taxonomy":"product_brand","embeddable":true,"href":"https:\/\/www.tabakversand.ch\/it\/wp-json\/wp\/v2\/product_brand?post=135247"},{"taxonomy":"product_cat","embeddable":true,"href":"https:\/\/www.tabakversand.ch\/it\/wp-json\/wp\/v2\/product_cat?post=135247"},{"taxonomy":"product_tag","embeddable":true,"href":"https:\/\/www.tabakversand.ch\/it\/wp-json\/wp\/v2\/product_tag?post=135247"}],"curies":[{"name":"wp","href":"https:\/\/api.w.org\/{rel}","templated":true}]}}