{"id":135351,"date":"2023-06-09T13:54:45","date_gmt":"2023-06-09T11:54:45","guid":{"rendered":"https:\/\/www.tabakversand.ch\/?post_type=product&#038;p=135351"},"modified":"2025-02-09T06:09:18","modified_gmt":"2025-02-09T05:09:18","slug":"onegree-secure-box-alluminio-antracite","status":"publish","type":"product","link":"https:\/\/www.tabakversand.ch\/it\/prodotto\/onegree-secure-box-alluminio-antracite\/","title":{"rendered":"OneGree Secure Box Alluminio Antracite"},"content":{"rendered":"<p>OneGree Secure Box Alluminio Antracite<\/p>\n<p>La Secure Box \u00e8 stata valutata dai clienti con i pi\u00f9 alti standard di qualit\u00e0. Rivestimenti speciali assicurano che gli standard medici siano soddisfatti e rispettati. OneGee \u00e8 sinonimo di prodotti e servizi discreti che aumentano la sicurezza dei consumatori.<br \/>\n La consegna avviene in un imballaggio neutro e viene affidata solo a clienti che hanno pi\u00f9 di 18 anni.<\/p>\n<p>dimensioni di una carta di credito<\/p>\n<p>Solo 5,4 mm<\/p>\n<p>14 scomparti con tubo integrato<\/p>\n<p>Coperchio Secure Lock e cursore Secure Lock<\/p>\n<p>Fresato da un unico pezzo di alluminio con superficie antibatterica<\/p>\n<p>Contenuto dell&#8217;imballaggio:<\/p>\n<p>1 pz. scatola sicura<\/p>\n<p>2 pezzi. tubi in carbonio<\/p>\n<p>1 pz. Cucchiaio per riempire le fessure<\/p>\n<p>2 pezzi. Carte specchiate<\/p>\n<p>1 pz. Imballaggio di alta qualit\u00e0 in un sacchetto di seta<\/p>\n<p>Tutti i prezzi si applicano solo agli ordini online e sono comprensivi di IVA. IVA, soggetta a modifiche pi\u00f9 Spedizione. Con riserva di errori, modifiche nella fornitura e nella progettazione, errori di stampa e modifiche dei prezzi. I prezzi barrati sono invece prezzi. L&#8217;immagine pu\u00f2 differire dall&#8217;originale\/dalla fornitura.<br \/>\n*Spedizione gratuita per ordini superiori a CHF 250.<\/p>\n","protected":false},"excerpt":{"rendered":"<p>OneGree Secure Box Alluminio Antracite La Secure Box \u00e8 stata valutata dai clienti con i pi\u00f9 alti standard di qualit\u00e0. Rivestimenti speciali assicurano che gli standard medici siano soddisfatti e rispettati. OneGee \u00e8 sinonimo di prodotti e servizi discreti che aumentano la sicurezza dei consumatori. La consegna avviene in un imballaggio neutro e viene affidata [&hellip;]<\/p>\n","protected":false},"featured_media":135355,"template":"","meta":[],"product_brand":[],"product_cat":[2004,3220,2108,3239,1953],"product_tag":[],"class_list":{"0":"post-135351","1":"product","2":"type-product","3":"status-publish","4":"has-post-thumbnail","6":"product_cat-diverso-headshop","7":"product_cat-negozio-di-teste","8":"product_cat-snuff-snuff-accessori","9":"product_cat-tabacco-da-fiuto","10":"product_cat-tabacco-da-fiuto-accessori","12":"first","13":"onbackorder","14":"purchasable","15":"product-type-simple"},"yoast_head":"<!-- This site is optimized with the Yoast SEO plugin v27.0 - https:\/\/yoast.com\/product\/yoast-seo-wordpress\/ -->\n<title>OneGree Secure Box Alluminio Antracite - tabakversand.ch<\/title>\n<meta name=\"description\" content=\"OneGree Secure Box Alluminio Antracite | Un&#039;ampia selezione top di prodotti del tabacco, e-smoke e utensili da fumo in tutta la Svizzera | Carte accettate!\" \/>\n<meta name=\"robots\" content=\"index, follow, max-snippet:-1, max-image-preview:large, max-video-preview:-1\" \/>\n<link rel=\"canonical\" href=\"https:\/\/www.tabakversand.ch\/it\/prodotto\/onegree-secure-box-alluminio-antracite\/\" \/>\n<meta property=\"og:locale\" content=\"it_IT\" \/>\n<meta property=\"og:type\" content=\"article\" \/>\n<meta property=\"og:title\" content=\"OneGree Secure Box Alluminio Antracite - tabakversand.ch\" \/>\n<meta property=\"og:description\" content=\"OneGree Secure Box Alluminio Antracite | Un&#039;ampia selezione top di prodotti del tabacco, e-smoke e utensili da fumo in tutta la Svizzera | Carte accettate!\" \/>\n<meta property=\"og:url\" content=\"https:\/\/www.tabakversand.ch\/it\/prodotto\/onegree-secure-box-alluminio-antracite\/\" \/>\n<meta property=\"og:site_name\" content=\"Tabakversand.ch | Alles aus der Welt des Tabaks\" \/>\n<meta property=\"article:modified_time\" content=\"2025-02-09T05:09:18+00:00\" \/>\n<meta property=\"og:image\" content=\"https:\/\/www.tabakversand.ch\/wp-content\/uploads\/2023\/06\/one-gree-secure-box.jpg\" \/>\n\t<meta property=\"og:image:width\" content=\"500\" \/>\n\t<meta property=\"og:image:height\" content=\"500\" \/>\n\t<meta property=\"og:image:type\" content=\"image\/jpeg\" \/>\n<meta name=\"twitter:card\" content=\"summary_large_image\" \/>\n<meta name=\"twitter:label1\" content=\"Tempo di lettura stimato\" \/>\n\t<meta name=\"twitter:data1\" content=\"1 minuto\" \/>\n<script type=\"application\/ld+json\" class=\"yoast-schema-graph\">{\"@context\":\"https:\/\/schema.org\",\"@graph\":[{\"@type\":\"WebPage\",\"@id\":\"https:\/\/www.tabakversand.ch\/it\/prodotto\/onegree-secure-box-alluminio-antracite\/\",\"url\":\"https:\/\/www.tabakversand.ch\/it\/prodotto\/onegree-secure-box-alluminio-antracite\/\",\"name\":\"OneGree Secure Box Alluminio Antracite - tabakversand.ch\",\"isPartOf\":{\"@id\":\"https:\/\/www.tabakversand.ch\/#website\"},\"primaryImageOfPage\":{\"@id\":\"https:\/\/www.tabakversand.ch\/it\/prodotto\/onegree-secure-box-alluminio-antracite\/#primaryimage\"},\"image\":{\"@id\":\"https:\/\/www.tabakversand.ch\/it\/prodotto\/onegree-secure-box-alluminio-antracite\/#primaryimage\"},\"thumbnailUrl\":\"https:\/\/www.tabakversand.ch\/wp-content\/uploads\/2023\/06\/one-gree-secure-box.jpg\",\"datePublished\":\"2023-06-09T11:54:45+00:00\",\"dateModified\":\"2025-02-09T05:09:18+00:00\",\"description\":\"OneGree Secure Box Alluminio Antracite | Un'ampia selezione top di prodotti del tabacco, e-smoke e utensili da fumo in tutta la Svizzera | Carte accettate!\",\"breadcrumb\":{\"@id\":\"https:\/\/www.tabakversand.ch\/it\/prodotto\/onegree-secure-box-alluminio-antracite\/#breadcrumb\"},\"inLanguage\":\"it-IT\",\"potentialAction\":[{\"@type\":\"ReadAction\",\"target\":[\"https:\/\/www.tabakversand.ch\/it\/prodotto\/onegree-secure-box-alluminio-antracite\/\"]}]},{\"@type\":\"ImageObject\",\"inLanguage\":\"it-IT\",\"@id\":\"https:\/\/www.tabakversand.ch\/it\/prodotto\/onegree-secure-box-alluminio-antracite\/#primaryimage\",\"url\":\"https:\/\/www.tabakversand.ch\/wp-content\/uploads\/2023\/06\/one-gree-secure-box.jpg\",\"contentUrl\":\"https:\/\/www.tabakversand.ch\/wp-content\/uploads\/2023\/06\/one-gree-secure-box.jpg\",\"width\":500,\"height\":500,\"caption\":\"OneGree Secure Box Aluminium Anthracite\"},{\"@type\":\"BreadcrumbList\",\"@id\":\"https:\/\/www.tabakversand.ch\/it\/prodotto\/onegree-secure-box-alluminio-antracite\/#breadcrumb\",\"itemListElement\":[{\"@type\":\"ListItem\",\"position\":1,\"name\":\"Startseite\",\"item\":\"https:\/\/www.tabakversand.ch\/\"},{\"@type\":\"ListItem\",\"position\":2,\"name\":\"Negozio\",\"item\":\"https:\/\/www.tabakversand.ch\/it\/negozio\/\"},{\"@type\":\"ListItem\",\"position\":3,\"name\":\"OneGree Secure Box Alluminio Antracite\"}]},{\"@type\":\"WebSite\",\"@id\":\"https:\/\/www.tabakversand.ch\/#website\",\"url\":\"https:\/\/www.tabakversand.ch\/\",\"name\":\"Tabakversand.ch | Alles aus der Welt des Tabaks\",\"description\":\"Smoke and carpe diem\",\"potentialAction\":[{\"@type\":\"SearchAction\",\"target\":{\"@type\":\"EntryPoint\",\"urlTemplate\":\"https:\/\/www.tabakversand.ch\/?s={search_term_string}\"},\"query-input\":{\"@type\":\"PropertyValueSpecification\",\"valueRequired\":true,\"valueName\":\"search_term_string\"}}],\"inLanguage\":\"it-IT\"}]}<\/script>\n<!-- \/ Yoast SEO plugin. -->","yoast_head_json":{"title":"OneGree Secure Box Alluminio Antracite - tabakversand.ch","description":"OneGree Secure Box Alluminio Antracite | Un'ampia selezione top di prodotti del tabacco, e-smoke e utensili da fumo in tutta la Svizzera | Carte accettate!","robots":{"index":"index","follow":"follow","max-snippet":"max-snippet:-1","max-image-preview":"max-image-preview:large","max-video-preview":"max-video-preview:-1"},"canonical":"https:\/\/www.tabakversand.ch\/it\/prodotto\/onegree-secure-box-alluminio-antracite\/","og_locale":"it_IT","og_type":"article","og_title":"OneGree Secure Box Alluminio Antracite - tabakversand.ch","og_description":"OneGree Secure Box Alluminio Antracite | Un'ampia selezione top di prodotti del tabacco, e-smoke e utensili da fumo in tutta la Svizzera | Carte accettate!","og_url":"https:\/\/www.tabakversand.ch\/it\/prodotto\/onegree-secure-box-alluminio-antracite\/","og_site_name":"Tabakversand.ch | Alles aus der Welt des Tabaks","article_modified_time":"2025-02-09T05:09:18+00:00","og_image":[{"width":500,"height":500,"url":"https:\/\/www.tabakversand.ch\/wp-content\/uploads\/2023\/06\/one-gree-secure-box.jpg","type":"image\/jpeg"}],"twitter_card":"summary_large_image","twitter_misc":{"Tempo di lettura stimato":"1 minuto"},"schema":{"@context":"https:\/\/schema.org","@graph":[{"@type":"WebPage","@id":"https:\/\/www.tabakversand.ch\/it\/prodotto\/onegree-secure-box-alluminio-antracite\/","url":"https:\/\/www.tabakversand.ch\/it\/prodotto\/onegree-secure-box-alluminio-antracite\/","name":"OneGree Secure Box Alluminio Antracite - tabakversand.ch","isPartOf":{"@id":"https:\/\/www.tabakversand.ch\/#website"},"primaryImageOfPage":{"@id":"https:\/\/www.tabakversand.ch\/it\/prodotto\/onegree-secure-box-alluminio-antracite\/#primaryimage"},"image":{"@id":"https:\/\/www.tabakversand.ch\/it\/prodotto\/onegree-secure-box-alluminio-antracite\/#primaryimage"},"thumbnailUrl":"https:\/\/www.tabakversand.ch\/wp-content\/uploads\/2023\/06\/one-gree-secure-box.jpg","datePublished":"2023-06-09T11:54:45+00:00","dateModified":"2025-02-09T05:09:18+00:00","description":"OneGree Secure Box Alluminio Antracite | Un'ampia selezione top di prodotti del tabacco, e-smoke e utensili da fumo in tutta la Svizzera | Carte accettate!","breadcrumb":{"@id":"https:\/\/www.tabakversand.ch\/it\/prodotto\/onegree-secure-box-alluminio-antracite\/#breadcrumb"},"inLanguage":"it-IT","potentialAction":[{"@type":"ReadAction","target":["https:\/\/www.tabakversand.ch\/it\/prodotto\/onegree-secure-box-alluminio-antracite\/"]}]},{"@type":"ImageObject","inLanguage":"it-IT","@id":"https:\/\/www.tabakversand.ch\/it\/prodotto\/onegree-secure-box-alluminio-antracite\/#primaryimage","url":"https:\/\/www.tabakversand.ch\/wp-content\/uploads\/2023\/06\/one-gree-secure-box.jpg","contentUrl":"https:\/\/www.tabakversand.ch\/wp-content\/uploads\/2023\/06\/one-gree-secure-box.jpg","width":500,"height":500,"caption":"OneGree Secure Box Aluminium Anthracite"},{"@type":"BreadcrumbList","@id":"https:\/\/www.tabakversand.ch\/it\/prodotto\/onegree-secure-box-alluminio-antracite\/#breadcrumb","itemListElement":[{"@type":"ListItem","position":1,"name":"Startseite","item":"https:\/\/www.tabakversand.ch\/"},{"@type":"ListItem","position":2,"name":"Negozio","item":"https:\/\/www.tabakversand.ch\/it\/negozio\/"},{"@type":"ListItem","position":3,"name":"OneGree Secure Box Alluminio Antracite"}]},{"@type":"WebSite","@id":"https:\/\/www.tabakversand.ch\/#website","url":"https:\/\/www.tabakversand.ch\/","name":"Tabakversand.ch | Alles aus der Welt des Tabaks","description":"Smoke and carpe diem","potentialAction":[{"@type":"SearchAction","target":{"@type":"EntryPoint","urlTemplate":"https:\/\/www.tabakversand.ch\/?s={search_term_string}"},"query-input":{"@type":"PropertyValueSpecification","valueRequired":true,"valueName":"search_term_string"}}],"inLanguage":"it-IT"}]}},"_links":{"self":[{"href":"https:\/\/www.tabakversand.ch\/it\/wp-json\/wp\/v2\/product\/135351","targetHints":{"allow":["GET"]}}],"collection":[{"href":"https:\/\/www.tabakversand.ch\/it\/wp-json\/wp\/v2\/product"}],"about":[{"href":"https:\/\/www.tabakversand.ch\/it\/wp-json\/wp\/v2\/types\/product"}],"version-history":[{"count":1,"href":"https:\/\/www.tabakversand.ch\/it\/wp-json\/wp\/v2\/product\/135351\/revisions"}],"predecessor-version":[{"id":168835,"href":"https:\/\/www.tabakversand.ch\/it\/wp-json\/wp\/v2\/product\/135351\/revisions\/168835"}],"wp:featuredmedia":[{"embeddable":true,"href":"https:\/\/www.tabakversand.ch\/it\/wp-json\/wp\/v2\/media\/135355"}],"wp:attachment":[{"href":"https:\/\/www.tabakversand.ch\/it\/wp-json\/wp\/v2\/media?parent=135351"}],"wp:term":[{"taxonomy":"product_brand","embeddable":true,"href":"https:\/\/www.tabakversand.ch\/it\/wp-json\/wp\/v2\/product_brand?post=135351"},{"taxonomy":"product_cat","embeddable":true,"href":"https:\/\/www.tabakversand.ch\/it\/wp-json\/wp\/v2\/product_cat?post=135351"},{"taxonomy":"product_tag","embeddable":true,"href":"https:\/\/www.tabakversand.ch\/it\/wp-json\/wp\/v2\/product_tag?post=135351"}],"curies":[{"name":"wp","href":"https:\/\/api.w.org\/{rel}","templated":true}]}}