{"id":135529,"date":"2023-06-10T11:26:51","date_gmt":"2023-06-10T09:26:51","guid":{"rendered":"https:\/\/www.tabakversand.ch\/?post_type=product&#038;p=135529"},"modified":"2026-04-13T20:10:20","modified_gmt":"2026-04-13T18:10:20","slug":"tabacco-da-pipa-rattrays-year-of-the-dragon-100-gr","status":"publish","type":"product","link":"https:\/\/www.tabakversand.ch\/it\/prodotto\/tabacco-da-pipa-rattrays-year-of-the-dragon-100-gr\/","title":{"rendered":"Tabacco da pipa Rattray&#8217;s Year of the Dragon 100 gr."},"content":{"rendered":"<p class=\"fn product-title\">Tabacco da pipa Rattray&#8217;s Year of the Dragon 100 gr.<\/p>\n<p>Ti aspetta una miscela complessa, la cui immagine \u00e8 caratterizzata da una miscela colorata di Black Cavendish e Virginia dorata. Burley e Virginia Ready-Rubbed completano questa miscela altamente aromatica. In sostanza, questi tabacchi di alta qualit\u00e0 offrono gi\u00e0 di per s\u00e9 una meravigliosa esperienza di fumo. Tuttavia, ci siamo presi la libert\u00e0 di dare alla miscela un tocco finale sotto forma di un rabarbaro dolce e dolce e un aroma cremoso di vaniglia. Godetevi i primi raggi di sole e sperimentate un melange con &#8220;L&#8217;anno del drago di Rattray&#8221; che incanter\u00e0 le vostre papille gustative.<\/p>\n<p>Gusto: il Virginia in diversi tagli garantisce una dolcezza naturale e un bruciore fresco. Il Black Cavendish esalta intensamente l&#8217;aroma meravigliosamente cremoso di rabarbaro e vaniglia.<\/p>\n<table width=\"39%\">\n<tbody>\n<tr>\n<td>Tipo:<\/td>\n<td width=\"59%\">Aroma danese<\/td>\n<\/tr>\n<tr>\n<td>Aroma:<\/td>\n<td width=\"59%\">Rabarbaro e vaniglia<\/td>\n<\/tr>\n<tr>\n<td>Forza:<\/td>\n<td width=\"59%\">2,5\/5<\/td>\n<\/tr>\n<tr>\n<td>Nota sulla camera:<\/td>\n<td width=\"59%\">4\/5<\/td>\n<\/tr>\n<tr>\n<td>Tipo di taglio:<\/td>\n<td width=\"59%\">Miscela<\/td>\n<\/tr>\n<\/tbody>\n<\/table>\n<p>Tutti i prezzi sono validi solo per gli ordini online e includono l&#8217;IVA, sono soggetti a modifiche senza preavviso e non includono le spese di spedizione.   Con riserva di errori, modifiche nella fornitura e nella progettazione, errori di stampa e modifiche dei prezzi. I prezzi barrati sono invece prezzi. L&#8217;immagine pu\u00f2 differire dall&#8217;originale\/dalla fornitura.<br \/>\n*Spedizione gratuita per ordini superiori a CHF 250.-.<\/p>\n","protected":false},"excerpt":{"rendered":"<p>Tabacco da pipa Rattray&#8217;s Year of the Dragon 100 gr. Ti aspetta una miscela complessa, la cui immagine \u00e8 caratterizzata da una miscela colorata di Black Cavendish e Virginia dorata. Burley e Virginia Ready-Rubbed completano questa miscela altamente aromatica. In sostanza, questi tabacchi di alta qualit\u00e0 offrono gi\u00e0 di per s\u00e9 una meravigliosa esperienza di [&hellip;]<\/p>\n","protected":false},"featured_media":153749,"template":"","meta":[],"product_brand":[1854],"product_cat":[5810,1944,1889,2050],"product_tag":[],"class_list":{"0":"post-135529","1":"product","2":"type-product","3":"status-publish","4":"has-post-thumbnail","6":"product_brand-rattrays","7":"product_cat-canta","8":"product_cat-mondo-pipe","9":"product_cat-tabacco","10":"product_cat-tabacco-da-pipa-it","12":"first","13":"onbackorder","14":"purchasable","15":"product-type-simple"},"yoast_head":"<!-- This site is optimized with the Yoast SEO plugin v27.5 - https:\/\/yoast.com\/product\/yoast-seo-wordpress\/ -->\n<title>Tabacco da pipa Rattray&#039;s Year of the Dragon 100 gr. - tabakversand.ch<\/title>\n<meta name=\"description\" content=\"Tabacco da pipa Rattray&#039;s Year of the Dragon 100 gr. | Una vasta scelta di prodotti del tabacco, e-smoke e utensili per fumare in tutta la Svizzera Carte accettate!\" \/>\n<meta name=\"robots\" content=\"index, follow, max-snippet:-1, max-image-preview:large, max-video-preview:-1\" \/>\n<link rel=\"canonical\" href=\"https:\/\/www.tabakversand.ch\/it\/prodotto\/tabacco-da-pipa-rattrays-year-of-the-dragon-100-gr\/\" \/>\n<meta property=\"og:locale\" content=\"it_IT\" \/>\n<meta property=\"og:type\" content=\"article\" \/>\n<meta property=\"og:title\" content=\"Tabacco da pipa Rattray&#039;s Year of the Dragon 100 gr. - tabakversand.ch\" \/>\n<meta property=\"og:description\" content=\"Tabacco da pipa Rattray&#039;s Year of the Dragon 100 gr. | Una vasta scelta di prodotti del tabacco, e-smoke e utensili per fumare in tutta la Svizzera Carte accettate!\" \/>\n<meta property=\"og:url\" content=\"https:\/\/www.tabakversand.ch\/it\/prodotto\/tabacco-da-pipa-rattrays-year-of-the-dragon-100-gr\/\" \/>\n<meta property=\"og:site_name\" content=\"Tabakversand.ch | Alles aus der Welt des Tabaks\" \/>\n<meta property=\"article:modified_time\" content=\"2026-04-13T18:10:20+00:00\" \/>\n<meta property=\"og:image\" content=\"https:\/\/www.tabakversand.ch\/wp-content\/uploads\/2023\/06\/rattrays-year-of-the-dragon.jpg\" \/>\n\t<meta property=\"og:image:width\" content=\"500\" \/>\n\t<meta property=\"og:image:height\" content=\"501\" \/>\n\t<meta property=\"og:image:type\" content=\"image\/jpeg\" \/>\n<meta name=\"twitter:card\" content=\"summary_large_image\" \/>\n<meta name=\"twitter:label1\" content=\"Tempo di lettura stimato\" \/>\n\t<meta name=\"twitter:data1\" content=\"2 minuti\" \/>\n<script type=\"application\/ld+json\" class=\"yoast-schema-graph\">{\"@context\":\"https:\\\/\\\/schema.org\",\"@graph\":[{\"@type\":\"WebPage\",\"@id\":\"https:\\\/\\\/www.tabakversand.ch\\\/it\\\/prodotto\\\/tabacco-da-pipa-rattrays-year-of-the-dragon-100-gr\\\/\",\"url\":\"https:\\\/\\\/www.tabakversand.ch\\\/it\\\/prodotto\\\/tabacco-da-pipa-rattrays-year-of-the-dragon-100-gr\\\/\",\"name\":\"Tabacco da pipa Rattray's Year of the Dragon 100 gr. - tabakversand.ch\",\"isPartOf\":{\"@id\":\"https:\\\/\\\/www.tabakversand.ch\\\/#website\"},\"primaryImageOfPage\":{\"@id\":\"https:\\\/\\\/www.tabakversand.ch\\\/it\\\/prodotto\\\/tabacco-da-pipa-rattrays-year-of-the-dragon-100-gr\\\/#primaryimage\"},\"image\":{\"@id\":\"https:\\\/\\\/www.tabakversand.ch\\\/it\\\/prodotto\\\/tabacco-da-pipa-rattrays-year-of-the-dragon-100-gr\\\/#primaryimage\"},\"thumbnailUrl\":\"https:\\\/\\\/www.tabakversand.ch\\\/wp-content\\\/uploads\\\/2023\\\/06\\\/rattrays-year-of-the-dragon.jpg\",\"datePublished\":\"2023-06-10T09:26:51+00:00\",\"dateModified\":\"2026-04-13T18:10:20+00:00\",\"description\":\"Tabacco da pipa Rattray's Year of the Dragon 100 gr. | Una vasta scelta di prodotti del tabacco, e-smoke e utensili per fumare in tutta la Svizzera Carte accettate!\",\"breadcrumb\":{\"@id\":\"https:\\\/\\\/www.tabakversand.ch\\\/it\\\/prodotto\\\/tabacco-da-pipa-rattrays-year-of-the-dragon-100-gr\\\/#breadcrumb\"},\"inLanguage\":\"it-IT\",\"potentialAction\":[{\"@type\":\"ReadAction\",\"target\":[\"https:\\\/\\\/www.tabakversand.ch\\\/it\\\/prodotto\\\/tabacco-da-pipa-rattrays-year-of-the-dragon-100-gr\\\/\"]}]},{\"@type\":\"ImageObject\",\"inLanguage\":\"it-IT\",\"@id\":\"https:\\\/\\\/www.tabakversand.ch\\\/it\\\/prodotto\\\/tabacco-da-pipa-rattrays-year-of-the-dragon-100-gr\\\/#primaryimage\",\"url\":\"https:\\\/\\\/www.tabakversand.ch\\\/wp-content\\\/uploads\\\/2023\\\/06\\\/rattrays-year-of-the-dragon.jpg\",\"contentUrl\":\"https:\\\/\\\/www.tabakversand.ch\\\/wp-content\\\/uploads\\\/2023\\\/06\\\/rattrays-year-of-the-dragon.jpg\",\"width\":500,\"height\":501,\"caption\":\"Tabacco da pipa Rattray's Year of the Dragon 100 gr. | Tabakversand.ch\"},{\"@type\":\"BreadcrumbList\",\"@id\":\"https:\\\/\\\/www.tabakversand.ch\\\/it\\\/prodotto\\\/tabacco-da-pipa-rattrays-year-of-the-dragon-100-gr\\\/#breadcrumb\",\"itemListElement\":[{\"@type\":\"ListItem\",\"position\":1,\"name\":\"Startseite\",\"item\":\"https:\\\/\\\/www.tabakversand.ch\\\/\"},{\"@type\":\"ListItem\",\"position\":2,\"name\":\"Negozio\",\"item\":\"https:\\\/\\\/www.tabakversand.ch\\\/it\\\/negozio\\\/\"},{\"@type\":\"ListItem\",\"position\":3,\"name\":\"Tabacco da pipa Rattray's Year of the Dragon 100 gr.\"}]},{\"@type\":\"WebSite\",\"@id\":\"https:\\\/\\\/www.tabakversand.ch\\\/#website\",\"url\":\"https:\\\/\\\/www.tabakversand.ch\\\/\",\"name\":\"Tabakversand.ch | Alles aus der Welt des Tabaks\",\"description\":\"Smoke and carpe diem\",\"potentialAction\":[{\"@type\":\"SearchAction\",\"target\":{\"@type\":\"EntryPoint\",\"urlTemplate\":\"https:\\\/\\\/www.tabakversand.ch\\\/?s={search_term_string}\"},\"query-input\":{\"@type\":\"PropertyValueSpecification\",\"valueRequired\":true,\"valueName\":\"search_term_string\"}}],\"inLanguage\":\"it-IT\"}]}<\/script>\n<!-- \/ Yoast SEO plugin. -->","yoast_head_json":{"title":"Tabacco da pipa Rattray's Year of the Dragon 100 gr. - tabakversand.ch","description":"Tabacco da pipa Rattray's Year of the Dragon 100 gr. | Una vasta scelta di prodotti del tabacco, e-smoke e utensili per fumare in tutta la Svizzera Carte accettate!","robots":{"index":"index","follow":"follow","max-snippet":"max-snippet:-1","max-image-preview":"max-image-preview:large","max-video-preview":"max-video-preview:-1"},"canonical":"https:\/\/www.tabakversand.ch\/it\/prodotto\/tabacco-da-pipa-rattrays-year-of-the-dragon-100-gr\/","og_locale":"it_IT","og_type":"article","og_title":"Tabacco da pipa Rattray's Year of the Dragon 100 gr. - tabakversand.ch","og_description":"Tabacco da pipa Rattray's Year of the Dragon 100 gr. | Una vasta scelta di prodotti del tabacco, e-smoke e utensili per fumare in tutta la Svizzera Carte accettate!","og_url":"https:\/\/www.tabakversand.ch\/it\/prodotto\/tabacco-da-pipa-rattrays-year-of-the-dragon-100-gr\/","og_site_name":"Tabakversand.ch | Alles aus der Welt des Tabaks","article_modified_time":"2026-04-13T18:10:20+00:00","og_image":[{"width":500,"height":501,"url":"https:\/\/www.tabakversand.ch\/wp-content\/uploads\/2023\/06\/rattrays-year-of-the-dragon.jpg","type":"image\/jpeg"}],"twitter_card":"summary_large_image","twitter_misc":{"Tempo di lettura stimato":"2 minuti"},"schema":{"@context":"https:\/\/schema.org","@graph":[{"@type":"WebPage","@id":"https:\/\/www.tabakversand.ch\/it\/prodotto\/tabacco-da-pipa-rattrays-year-of-the-dragon-100-gr\/","url":"https:\/\/www.tabakversand.ch\/it\/prodotto\/tabacco-da-pipa-rattrays-year-of-the-dragon-100-gr\/","name":"Tabacco da pipa Rattray's Year of the Dragon 100 gr. - tabakversand.ch","isPartOf":{"@id":"https:\/\/www.tabakversand.ch\/#website"},"primaryImageOfPage":{"@id":"https:\/\/www.tabakversand.ch\/it\/prodotto\/tabacco-da-pipa-rattrays-year-of-the-dragon-100-gr\/#primaryimage"},"image":{"@id":"https:\/\/www.tabakversand.ch\/it\/prodotto\/tabacco-da-pipa-rattrays-year-of-the-dragon-100-gr\/#primaryimage"},"thumbnailUrl":"https:\/\/www.tabakversand.ch\/wp-content\/uploads\/2023\/06\/rattrays-year-of-the-dragon.jpg","datePublished":"2023-06-10T09:26:51+00:00","dateModified":"2026-04-13T18:10:20+00:00","description":"Tabacco da pipa Rattray's Year of the Dragon 100 gr. | Una vasta scelta di prodotti del tabacco, e-smoke e utensili per fumare in tutta la Svizzera Carte accettate!","breadcrumb":{"@id":"https:\/\/www.tabakversand.ch\/it\/prodotto\/tabacco-da-pipa-rattrays-year-of-the-dragon-100-gr\/#breadcrumb"},"inLanguage":"it-IT","potentialAction":[{"@type":"ReadAction","target":["https:\/\/www.tabakversand.ch\/it\/prodotto\/tabacco-da-pipa-rattrays-year-of-the-dragon-100-gr\/"]}]},{"@type":"ImageObject","inLanguage":"it-IT","@id":"https:\/\/www.tabakversand.ch\/it\/prodotto\/tabacco-da-pipa-rattrays-year-of-the-dragon-100-gr\/#primaryimage","url":"https:\/\/www.tabakversand.ch\/wp-content\/uploads\/2023\/06\/rattrays-year-of-the-dragon.jpg","contentUrl":"https:\/\/www.tabakversand.ch\/wp-content\/uploads\/2023\/06\/rattrays-year-of-the-dragon.jpg","width":500,"height":501,"caption":"Tabacco da pipa Rattray's Year of the Dragon 100 gr. | Tabakversand.ch"},{"@type":"BreadcrumbList","@id":"https:\/\/www.tabakversand.ch\/it\/prodotto\/tabacco-da-pipa-rattrays-year-of-the-dragon-100-gr\/#breadcrumb","itemListElement":[{"@type":"ListItem","position":1,"name":"Startseite","item":"https:\/\/www.tabakversand.ch\/"},{"@type":"ListItem","position":2,"name":"Negozio","item":"https:\/\/www.tabakversand.ch\/it\/negozio\/"},{"@type":"ListItem","position":3,"name":"Tabacco da pipa Rattray's Year of the Dragon 100 gr."}]},{"@type":"WebSite","@id":"https:\/\/www.tabakversand.ch\/#website","url":"https:\/\/www.tabakversand.ch\/","name":"Tabakversand.ch | Alles aus der Welt des Tabaks","description":"Smoke and carpe diem","potentialAction":[{"@type":"SearchAction","target":{"@type":"EntryPoint","urlTemplate":"https:\/\/www.tabakversand.ch\/?s={search_term_string}"},"query-input":{"@type":"PropertyValueSpecification","valueRequired":true,"valueName":"search_term_string"}}],"inLanguage":"it-IT"}]}},"_links":{"self":[{"href":"https:\/\/www.tabakversand.ch\/it\/wp-json\/wp\/v2\/product\/135529","targetHints":{"allow":["GET"]}}],"collection":[{"href":"https:\/\/www.tabakversand.ch\/it\/wp-json\/wp\/v2\/product"}],"about":[{"href":"https:\/\/www.tabakversand.ch\/it\/wp-json\/wp\/v2\/types\/product"}],"version-history":[{"count":4,"href":"https:\/\/www.tabakversand.ch\/it\/wp-json\/wp\/v2\/product\/135529\/revisions"}],"predecessor-version":[{"id":217976,"href":"https:\/\/www.tabakversand.ch\/it\/wp-json\/wp\/v2\/product\/135529\/revisions\/217976"}],"wp:featuredmedia":[{"embeddable":true,"href":"https:\/\/www.tabakversand.ch\/it\/wp-json\/wp\/v2\/media\/153749"}],"wp:attachment":[{"href":"https:\/\/www.tabakversand.ch\/it\/wp-json\/wp\/v2\/media?parent=135529"}],"wp:term":[{"taxonomy":"product_brand","embeddable":true,"href":"https:\/\/www.tabakversand.ch\/it\/wp-json\/wp\/v2\/product_brand?post=135529"},{"taxonomy":"product_cat","embeddable":true,"href":"https:\/\/www.tabakversand.ch\/it\/wp-json\/wp\/v2\/product_cat?post=135529"},{"taxonomy":"product_tag","embeddable":true,"href":"https:\/\/www.tabakversand.ch\/it\/wp-json\/wp\/v2\/product_tag?post=135529"}],"curies":[{"name":"wp","href":"https:\/\/api.w.org\/{rel}","templated":true}]}}