{"id":135722,"date":"2023-06-13T16:57:49","date_gmt":"2023-06-13T14:57:49","guid":{"rendered":"https:\/\/www.tabakversand.ch\/?post_type=product&#038;p=135722"},"modified":"2023-06-13T17:08:43","modified_gmt":"2023-06-13T15:08:43","slug":"el-loco-el-huerfano-petit-corona-35-box-sigari","status":"publish","type":"product","link":"https:\/\/www.tabakversand.ch\/it\/prodotto\/el-loco-el-huerfano-petit-corona-35-box-sigari\/","title":{"rendered":"El Loco EL Hu\u00e9rfano Petit Corona Scatola da 35 sigari"},"content":{"rendered":"<p>El Loco EL Hu\u00e9rfano Petit Corona Scatola da 35 sigari<\/p>\n<p>El Loco &#8211; il pazzo &#8211; rappresenta miti e tradizioni del Messico, come il Giorno dei Morti; questo \u00e8 celebrato in modo allegro e colorato in Messico. Loco \u00e8 anche il fatto che il tabacco utilizzato viene fermentato pi\u00f9 a freddo, cio\u00e8 pi\u00f9 lentamente, in modo da ottenere pi\u00f9 aromi possibili.<\/p>\n<table width=\"416\">\n<tbody>\n<tr>\n<td>Foglio di copertina:<\/td>\n<td width=\"276\">Criollo 98 Messico<\/td>\n<\/tr>\n<tr>\n<td>Intarsio:<\/td>\n<td width=\"276\">Criollo 98 Messico, Criollo 98 Nicaragua<\/td>\n<\/tr>\n<tr>\n<td>Formato:Piccolo:<\/td>\n<td width=\"276\">Piccola Corona<\/td>\n<\/tr>\n<tr>\n<td>Origine:<\/td>\n<td width=\"276\">Messico<\/td>\n<\/tr>\n<tr>\n<td>Pollice:<\/td>\n<td width=\"276\">4<\/td>\n<\/tr>\n<tr>\n<td>calibro ad anello:<\/td>\n<td width=\"276\">48<\/td>\n<\/tr>\n<tr>\n<td>raccoglitore:<\/td>\n<td width=\"276\">Criollo 98 Messico<\/td>\n<\/tr>\n<\/tbody>\n<\/table>\n<p>Tutti i prezzi sono validi solo per gli ordini online e includono IVA, sono soggetti a modifiche pi\u00f9 IVA. Spese di spedizione. Errori, modifiche nella fornitura e nella progettazione, errori di stampa e variazioni di prezzo riservate. I prezzi barrati sono stattpreise. L&#8217;illustrazione pu\u00f2 differire dall&#8217;originale\/ambito di fornitura.<br \/>\n*Spedizione gratuita a partire da CHF 250.- valore dell&#8217;ordine.<\/p>\n","protected":false},"excerpt":{"rendered":"<p>El Loco EL Hu\u00e9rfano Petit Corona Scatola da 35 sigari El Loco &#8211; il pazzo &#8211; rappresenta miti e tradizioni del Messico, come il Giorno dei Morti; questo \u00e8 celebrato in modo allegro e colorato in Messico. Loco \u00e8 anche il fatto che il tabacco utilizzato viene fermentato pi\u00f9 a freddo, cio\u00e8 pi\u00f9 lentamente, in [&hellip;]<\/p>\n","protected":false},"featured_media":135726,"template":"","meta":[],"product_brand":[],"product_cat":[3045,3048,2003,2002],"product_tag":[],"class_list":{"0":"post-135722","1":"product","2":"type-product","3":"status-publish","4":"has-post-thumbnail","6":"product_cat-el-loco-it","7":"product_cat-messico","8":"product_cat-mondo-dei-sigari","9":"product_cat-sigari","11":"first","12":"onbackorder","13":"purchasable","14":"product-type-simple"},"yoast_head":"<!-- This site is optimized with the Yoast SEO plugin v27.5 - https:\/\/yoast.com\/product\/yoast-seo-wordpress\/ -->\n<title>El Loco EL Hu\u00e9rfano Petit Corona Scatola da 35 sigari<\/title>\n<meta name=\"description\" content=\"El Loco EL Hu\u00e9rfano Petit Corona Scatola da 35 sigari | Un&#039;ampia selezione top di prodotti del tabacco, e-smoke e utensili da fumo in tutta la Svizzera | Carte accettate!\" \/>\n<meta name=\"robots\" content=\"index, follow, max-snippet:-1, max-image-preview:large, max-video-preview:-1\" \/>\n<link rel=\"canonical\" href=\"https:\/\/www.tabakversand.ch\/it\/prodotto\/el-loco-el-huerfano-petit-corona-35-box-sigari\/\" \/>\n<meta property=\"og:locale\" content=\"it_IT\" \/>\n<meta property=\"og:type\" content=\"article\" \/>\n<meta property=\"og:title\" content=\"El Loco EL Hu\u00e9rfano Petit Corona Scatola da 35 sigari\" \/>\n<meta property=\"og:description\" content=\"El Loco EL Hu\u00e9rfano Petit Corona Scatola da 35 sigari | Un&#039;ampia selezione top di prodotti del tabacco, e-smoke e utensili da fumo in tutta la Svizzera | Carte accettate!\" \/>\n<meta property=\"og:url\" content=\"https:\/\/www.tabakversand.ch\/it\/prodotto\/el-loco-el-huerfano-petit-corona-35-box-sigari\/\" \/>\n<meta property=\"og:site_name\" content=\"Tabakversand.ch | Alles aus der Welt des Tabaks\" \/>\n<meta property=\"article:modified_time\" content=\"2023-06-13T15:08:43+00:00\" \/>\n<meta property=\"og:image\" content=\"https:\/\/www.tabakversand.ch\/wp-content\/uploads\/2023\/06\/el-loco-el-huerfano-box.jpg\" \/>\n\t<meta property=\"og:image:width\" content=\"500\" \/>\n\t<meta property=\"og:image:height\" content=\"500\" \/>\n\t<meta property=\"og:image:type\" content=\"image\/jpeg\" \/>\n<meta name=\"twitter:card\" content=\"summary_large_image\" \/>\n<meta name=\"twitter:label1\" content=\"Tempo di lettura stimato\" \/>\n\t<meta name=\"twitter:data1\" content=\"1 minuto\" \/>\n<script type=\"application\/ld+json\" class=\"yoast-schema-graph\">{\"@context\":\"https:\\\/\\\/schema.org\",\"@graph\":[{\"@type\":\"WebPage\",\"@id\":\"https:\\\/\\\/www.tabakversand.ch\\\/it\\\/prodotto\\\/el-loco-el-huerfano-petit-corona-35-box-sigari\\\/\",\"url\":\"https:\\\/\\\/www.tabakversand.ch\\\/it\\\/prodotto\\\/el-loco-el-huerfano-petit-corona-35-box-sigari\\\/\",\"name\":\"El Loco EL Hu\u00e9rfano Petit Corona Scatola da 35 sigari\",\"isPartOf\":{\"@id\":\"https:\\\/\\\/www.tabakversand.ch\\\/#website\"},\"primaryImageOfPage\":{\"@id\":\"https:\\\/\\\/www.tabakversand.ch\\\/it\\\/prodotto\\\/el-loco-el-huerfano-petit-corona-35-box-sigari\\\/#primaryimage\"},\"image\":{\"@id\":\"https:\\\/\\\/www.tabakversand.ch\\\/it\\\/prodotto\\\/el-loco-el-huerfano-petit-corona-35-box-sigari\\\/#primaryimage\"},\"thumbnailUrl\":\"https:\\\/\\\/www.tabakversand.ch\\\/wp-content\\\/uploads\\\/2023\\\/06\\\/el-loco-el-huerfano-box.jpg\",\"datePublished\":\"2023-06-13T14:57:49+00:00\",\"dateModified\":\"2023-06-13T15:08:43+00:00\",\"description\":\"El Loco EL Hu\u00e9rfano Petit Corona Scatola da 35 sigari | Un'ampia selezione top di prodotti del tabacco, e-smoke e utensili da fumo in tutta la Svizzera | Carte accettate!\",\"breadcrumb\":{\"@id\":\"https:\\\/\\\/www.tabakversand.ch\\\/it\\\/prodotto\\\/el-loco-el-huerfano-petit-corona-35-box-sigari\\\/#breadcrumb\"},\"inLanguage\":\"it-IT\",\"potentialAction\":[{\"@type\":\"ReadAction\",\"target\":[\"https:\\\/\\\/www.tabakversand.ch\\\/it\\\/prodotto\\\/el-loco-el-huerfano-petit-corona-35-box-sigari\\\/\"]}]},{\"@type\":\"ImageObject\",\"inLanguage\":\"it-IT\",\"@id\":\"https:\\\/\\\/www.tabakversand.ch\\\/it\\\/prodotto\\\/el-loco-el-huerfano-petit-corona-35-box-sigari\\\/#primaryimage\",\"url\":\"https:\\\/\\\/www.tabakversand.ch\\\/wp-content\\\/uploads\\\/2023\\\/06\\\/el-loco-el-huerfano-box.jpg\",\"contentUrl\":\"https:\\\/\\\/www.tabakversand.ch\\\/wp-content\\\/uploads\\\/2023\\\/06\\\/el-loco-el-huerfano-box.jpg\",\"width\":500,\"height\":500,\"caption\":\"El Loco EL Hu\u00e9rfano Petit Corona 35er Kistli Zigarren\"},{\"@type\":\"BreadcrumbList\",\"@id\":\"https:\\\/\\\/www.tabakversand.ch\\\/it\\\/prodotto\\\/el-loco-el-huerfano-petit-corona-35-box-sigari\\\/#breadcrumb\",\"itemListElement\":[{\"@type\":\"ListItem\",\"position\":1,\"name\":\"Startseite\",\"item\":\"https:\\\/\\\/www.tabakversand.ch\\\/\"},{\"@type\":\"ListItem\",\"position\":2,\"name\":\"Negozio\",\"item\":\"https:\\\/\\\/www.tabakversand.ch\\\/it\\\/negozio\\\/\"},{\"@type\":\"ListItem\",\"position\":3,\"name\":\"El Loco EL Hu\u00e9rfano Petit Corona Scatola da 35 sigari\"}]},{\"@type\":\"WebSite\",\"@id\":\"https:\\\/\\\/www.tabakversand.ch\\\/#website\",\"url\":\"https:\\\/\\\/www.tabakversand.ch\\\/\",\"name\":\"Tabakversand.ch | Alles aus der Welt des Tabaks\",\"description\":\"Smoke and carpe diem\",\"potentialAction\":[{\"@type\":\"SearchAction\",\"target\":{\"@type\":\"EntryPoint\",\"urlTemplate\":\"https:\\\/\\\/www.tabakversand.ch\\\/?s={search_term_string}\"},\"query-input\":{\"@type\":\"PropertyValueSpecification\",\"valueRequired\":true,\"valueName\":\"search_term_string\"}}],\"inLanguage\":\"it-IT\"}]}<\/script>\n<!-- \/ Yoast SEO plugin. -->","yoast_head_json":{"title":"El Loco EL Hu\u00e9rfano Petit Corona Scatola da 35 sigari","description":"El Loco EL Hu\u00e9rfano Petit Corona Scatola da 35 sigari | Un'ampia selezione top di prodotti del tabacco, e-smoke e utensili da fumo in tutta la Svizzera | Carte accettate!","robots":{"index":"index","follow":"follow","max-snippet":"max-snippet:-1","max-image-preview":"max-image-preview:large","max-video-preview":"max-video-preview:-1"},"canonical":"https:\/\/www.tabakversand.ch\/it\/prodotto\/el-loco-el-huerfano-petit-corona-35-box-sigari\/","og_locale":"it_IT","og_type":"article","og_title":"El Loco EL Hu\u00e9rfano Petit Corona Scatola da 35 sigari","og_description":"El Loco EL Hu\u00e9rfano Petit Corona Scatola da 35 sigari | Un'ampia selezione top di prodotti del tabacco, e-smoke e utensili da fumo in tutta la Svizzera | Carte accettate!","og_url":"https:\/\/www.tabakversand.ch\/it\/prodotto\/el-loco-el-huerfano-petit-corona-35-box-sigari\/","og_site_name":"Tabakversand.ch | Alles aus der Welt des Tabaks","article_modified_time":"2023-06-13T15:08:43+00:00","og_image":[{"width":500,"height":500,"url":"https:\/\/www.tabakversand.ch\/wp-content\/uploads\/2023\/06\/el-loco-el-huerfano-box.jpg","type":"image\/jpeg"}],"twitter_card":"summary_large_image","twitter_misc":{"Tempo di lettura stimato":"1 minuto"},"schema":{"@context":"https:\/\/schema.org","@graph":[{"@type":"WebPage","@id":"https:\/\/www.tabakversand.ch\/it\/prodotto\/el-loco-el-huerfano-petit-corona-35-box-sigari\/","url":"https:\/\/www.tabakversand.ch\/it\/prodotto\/el-loco-el-huerfano-petit-corona-35-box-sigari\/","name":"El Loco EL Hu\u00e9rfano Petit Corona Scatola da 35 sigari","isPartOf":{"@id":"https:\/\/www.tabakversand.ch\/#website"},"primaryImageOfPage":{"@id":"https:\/\/www.tabakversand.ch\/it\/prodotto\/el-loco-el-huerfano-petit-corona-35-box-sigari\/#primaryimage"},"image":{"@id":"https:\/\/www.tabakversand.ch\/it\/prodotto\/el-loco-el-huerfano-petit-corona-35-box-sigari\/#primaryimage"},"thumbnailUrl":"https:\/\/www.tabakversand.ch\/wp-content\/uploads\/2023\/06\/el-loco-el-huerfano-box.jpg","datePublished":"2023-06-13T14:57:49+00:00","dateModified":"2023-06-13T15:08:43+00:00","description":"El Loco EL Hu\u00e9rfano Petit Corona Scatola da 35 sigari | Un'ampia selezione top di prodotti del tabacco, e-smoke e utensili da fumo in tutta la Svizzera | Carte accettate!","breadcrumb":{"@id":"https:\/\/www.tabakversand.ch\/it\/prodotto\/el-loco-el-huerfano-petit-corona-35-box-sigari\/#breadcrumb"},"inLanguage":"it-IT","potentialAction":[{"@type":"ReadAction","target":["https:\/\/www.tabakversand.ch\/it\/prodotto\/el-loco-el-huerfano-petit-corona-35-box-sigari\/"]}]},{"@type":"ImageObject","inLanguage":"it-IT","@id":"https:\/\/www.tabakversand.ch\/it\/prodotto\/el-loco-el-huerfano-petit-corona-35-box-sigari\/#primaryimage","url":"https:\/\/www.tabakversand.ch\/wp-content\/uploads\/2023\/06\/el-loco-el-huerfano-box.jpg","contentUrl":"https:\/\/www.tabakversand.ch\/wp-content\/uploads\/2023\/06\/el-loco-el-huerfano-box.jpg","width":500,"height":500,"caption":"El Loco EL Hu\u00e9rfano Petit Corona 35er Kistli Zigarren"},{"@type":"BreadcrumbList","@id":"https:\/\/www.tabakversand.ch\/it\/prodotto\/el-loco-el-huerfano-petit-corona-35-box-sigari\/#breadcrumb","itemListElement":[{"@type":"ListItem","position":1,"name":"Startseite","item":"https:\/\/www.tabakversand.ch\/"},{"@type":"ListItem","position":2,"name":"Negozio","item":"https:\/\/www.tabakversand.ch\/it\/negozio\/"},{"@type":"ListItem","position":3,"name":"El Loco EL Hu\u00e9rfano Petit Corona Scatola da 35 sigari"}]},{"@type":"WebSite","@id":"https:\/\/www.tabakversand.ch\/#website","url":"https:\/\/www.tabakversand.ch\/","name":"Tabakversand.ch | Alles aus der Welt des Tabaks","description":"Smoke and carpe diem","potentialAction":[{"@type":"SearchAction","target":{"@type":"EntryPoint","urlTemplate":"https:\/\/www.tabakversand.ch\/?s={search_term_string}"},"query-input":{"@type":"PropertyValueSpecification","valueRequired":true,"valueName":"search_term_string"}}],"inLanguage":"it-IT"}]}},"_links":{"self":[{"href":"https:\/\/www.tabakversand.ch\/it\/wp-json\/wp\/v2\/product\/135722","targetHints":{"allow":["GET"]}}],"collection":[{"href":"https:\/\/www.tabakversand.ch\/it\/wp-json\/wp\/v2\/product"}],"about":[{"href":"https:\/\/www.tabakversand.ch\/it\/wp-json\/wp\/v2\/types\/product"}],"version-history":[{"count":0,"href":"https:\/\/www.tabakversand.ch\/it\/wp-json\/wp\/v2\/product\/135722\/revisions"}],"wp:featuredmedia":[{"embeddable":true,"href":"https:\/\/www.tabakversand.ch\/it\/wp-json\/wp\/v2\/media\/135726"}],"wp:attachment":[{"href":"https:\/\/www.tabakversand.ch\/it\/wp-json\/wp\/v2\/media?parent=135722"}],"wp:term":[{"taxonomy":"product_brand","embeddable":true,"href":"https:\/\/www.tabakversand.ch\/it\/wp-json\/wp\/v2\/product_brand?post=135722"},{"taxonomy":"product_cat","embeddable":true,"href":"https:\/\/www.tabakversand.ch\/it\/wp-json\/wp\/v2\/product_cat?post=135722"},{"taxonomy":"product_tag","embeddable":true,"href":"https:\/\/www.tabakversand.ch\/it\/wp-json\/wp\/v2\/product_tag?post=135722"}],"curies":[{"name":"wp","href":"https:\/\/api.w.org\/{rel}","templated":true}]}}