{"id":135772,"date":"2023-06-14T14:23:52","date_gmt":"2023-06-14T12:23:52","guid":{"rendered":"https:\/\/www.tabakversand.ch\/?post_type=product&#038;p=135772"},"modified":"2023-06-14T14:54:48","modified_gmt":"2023-06-14T12:54:48","slug":"cigarkings-sun-grown-petit-robusto-24er-kistli-sigari","status":"publish","type":"product","link":"https:\/\/www.tabakversand.ch\/it\/prodotto\/cigarkings-sun-grown-petit-robusto-24er-kistli-sigari\/","title":{"rendered":"Cigarkings Sun Grown Petit Robusto Confezione da 24 sigari"},"content":{"rendered":"<p>Cigarkings Sun Grown Petit Robusto Confezione da 24 sigari<\/p>\n<p>Il Petit Robusto Sun Grown combina l&#8217;eleganza con il gusto, anche se in una forma pi\u00f9 piccola e classica per un gusto pi\u00f9 intenso, che rende l&#8217;esperienza CigarKings ancora pi\u00f9 emozionante.<\/p>\n<p>Una bella fumatina nel mezzo &#8211; non vedo l&#8217;ora!<\/p>\n<table width=\"397\">\n<tbody>\n<tr>\n<td>Foglio di copertina:<\/td>\n<td width=\"253\">HBN Ecuador cresciuto al sole<\/td>\n<\/tr>\n<tr>\n<td>Unit\u00e0:<\/td>\n<td width=\"253\">scatola da 24<\/td>\n<\/tr>\n<tr>\n<td>Intarsio:<\/td>\n<td width=\"253\">Nicaragua Seco \/ Viso<\/td>\n<\/tr>\n<tr>\n<td>Origine:<\/td>\n<td width=\"253\">Nicaragua<\/td>\n<\/tr>\n<tr>\n<td>Pollice:<\/td>\n<td width=\"253\">4<\/td>\n<\/tr>\n<tr>\n<td>calibro ad anello:<\/td>\n<td width=\"253\">48<\/td>\n<\/tr>\n<tr>\n<td>Offerte speciali :<\/td>\n<td width=\"253\">tripla calotta<\/td>\n<\/tr>\n<tr>\n<td>raccoglitore:<\/td>\n<td width=\"253\">2 raccoglitori Cigarkings selezionati<\/td>\n<\/tr>\n<\/tbody>\n<\/table>\n<p>Tutti i prezzi sono validi solo per gli ordini online e includono IVA, sono soggetti a modifiche pi\u00f9 IVA. Spese di spedizione. Errori, modifiche nella fornitura e nella progettazione, errori di stampa e variazioni di prezzo riservate. I prezzi barrati sono stattpreise. L&#8217;illustrazione pu\u00f2 differire dall&#8217;originale\/ambito di fornitura.<\/p>\n<p>*Spedizione gratuita a partire da CHF 250.- valore dell&#8217;ordine.<\/p>\n","protected":false},"excerpt":{"rendered":"<p>Cigarkings Sun Grown Petit Robusto Confezione da 24 sigari Il Petit Robusto Sun Grown combina l&#8217;eleganza con il gusto, anche se in una forma pi\u00f9 piccola e classica per un gusto pi\u00f9 intenso, che rende l&#8217;esperienza CigarKings ancora pi\u00f9 emozionante. Una bella fumatina nel mezzo &#8211; non vedo l&#8217;ora! Foglio di copertina: HBN Ecuador cresciuto [&hellip;]<\/p>\n","protected":false},"featured_media":135776,"template":"","meta":[],"product_brand":[],"product_cat":[2003,2134,3051,2002],"product_tag":[],"class_list":{"0":"post-135772","1":"product","2":"type-product","3":"status-publish","4":"has-post-thumbnail","6":"product_cat-mondo-dei-sigari","7":"product_cat-nicaragua-it","8":"product_cat-re-dei-sigari","9":"product_cat-sigari","11":"first","12":"onbackorder","13":"purchasable","14":"product-type-simple"},"yoast_head":"<!-- This site is optimized with the Yoast SEO plugin v27.0 - https:\/\/yoast.com\/product\/yoast-seo-wordpress\/ -->\n<title>Cigarkings Sun Grown Petit Robusto Confezione da 24 sigari<\/title>\n<meta name=\"description\" content=\"Cigarkings Sun Grown Petit Robusto Confezione da 24 Sigari | Una selezione top di prodotti del tabacco, e-smoke e utensili da fumo in tutta la Svizzera | Carte accettate!\" \/>\n<meta name=\"robots\" content=\"index, follow, max-snippet:-1, max-image-preview:large, max-video-preview:-1\" \/>\n<link rel=\"canonical\" href=\"https:\/\/www.tabakversand.ch\/it\/prodotto\/cigarkings-sun-grown-petit-robusto-24er-kistli-sigari\/\" \/>\n<meta property=\"og:locale\" content=\"it_IT\" \/>\n<meta property=\"og:type\" content=\"article\" \/>\n<meta property=\"og:title\" content=\"Cigarkings Sun Grown Petit Robusto Confezione da 24 sigari\" \/>\n<meta property=\"og:description\" content=\"Cigarkings Sun Grown Petit Robusto Confezione da 24 Sigari | Una selezione top di prodotti del tabacco, e-smoke e utensili da fumo in tutta la Svizzera | Carte accettate!\" \/>\n<meta property=\"og:url\" content=\"https:\/\/www.tabakversand.ch\/it\/prodotto\/cigarkings-sun-grown-petit-robusto-24er-kistli-sigari\/\" \/>\n<meta property=\"og:site_name\" content=\"Tabakversand.ch | Alles aus der Welt des Tabaks\" \/>\n<meta property=\"article:modified_time\" content=\"2023-06-14T12:54:48+00:00\" \/>\n<meta property=\"og:image\" content=\"https:\/\/www.tabakversand.ch\/wp-content\/uploads\/2023\/06\/sun-grown-petit-robusto-box-open.jpg\" \/>\n\t<meta property=\"og:image:width\" content=\"500\" \/>\n\t<meta property=\"og:image:height\" content=\"500\" \/>\n\t<meta property=\"og:image:type\" content=\"image\/jpeg\" \/>\n<meta name=\"twitter:card\" content=\"summary_large_image\" \/>\n<meta name=\"twitter:label1\" content=\"Tempo di lettura stimato\" \/>\n\t<meta name=\"twitter:data1\" content=\"1 minuto\" \/>\n<script type=\"application\/ld+json\" class=\"yoast-schema-graph\">{\"@context\":\"https:\/\/schema.org\",\"@graph\":[{\"@type\":\"WebPage\",\"@id\":\"https:\/\/www.tabakversand.ch\/it\/prodotto\/cigarkings-sun-grown-petit-robusto-24er-kistli-sigari\/\",\"url\":\"https:\/\/www.tabakversand.ch\/it\/prodotto\/cigarkings-sun-grown-petit-robusto-24er-kistli-sigari\/\",\"name\":\"Cigarkings Sun Grown Petit Robusto Confezione da 24 sigari\",\"isPartOf\":{\"@id\":\"https:\/\/www.tabakversand.ch\/#website\"},\"primaryImageOfPage\":{\"@id\":\"https:\/\/www.tabakversand.ch\/it\/prodotto\/cigarkings-sun-grown-petit-robusto-24er-kistli-sigari\/#primaryimage\"},\"image\":{\"@id\":\"https:\/\/www.tabakversand.ch\/it\/prodotto\/cigarkings-sun-grown-petit-robusto-24er-kistli-sigari\/#primaryimage\"},\"thumbnailUrl\":\"https:\/\/www.tabakversand.ch\/wp-content\/uploads\/2023\/06\/sun-grown-petit-robusto-box-open.jpg\",\"datePublished\":\"2023-06-14T12:23:52+00:00\",\"dateModified\":\"2023-06-14T12:54:48+00:00\",\"description\":\"Cigarkings Sun Grown Petit Robusto Confezione da 24 Sigari | Una selezione top di prodotti del tabacco, e-smoke e utensili da fumo in tutta la Svizzera | Carte accettate!\",\"breadcrumb\":{\"@id\":\"https:\/\/www.tabakversand.ch\/it\/prodotto\/cigarkings-sun-grown-petit-robusto-24er-kistli-sigari\/#breadcrumb\"},\"inLanguage\":\"it-IT\",\"potentialAction\":[{\"@type\":\"ReadAction\",\"target\":[\"https:\/\/www.tabakversand.ch\/it\/prodotto\/cigarkings-sun-grown-petit-robusto-24er-kistli-sigari\/\"]}]},{\"@type\":\"ImageObject\",\"inLanguage\":\"it-IT\",\"@id\":\"https:\/\/www.tabakversand.ch\/it\/prodotto\/cigarkings-sun-grown-petit-robusto-24er-kistli-sigari\/#primaryimage\",\"url\":\"https:\/\/www.tabakversand.ch\/wp-content\/uploads\/2023\/06\/sun-grown-petit-robusto-box-open.jpg\",\"contentUrl\":\"https:\/\/www.tabakversand.ch\/wp-content\/uploads\/2023\/06\/sun-grown-petit-robusto-box-open.jpg\",\"width\":500,\"height\":500,\"caption\":\"Cigarkings Sun Grown Petit Robusto 24er Kistli Zigarren\"},{\"@type\":\"BreadcrumbList\",\"@id\":\"https:\/\/www.tabakversand.ch\/it\/prodotto\/cigarkings-sun-grown-petit-robusto-24er-kistli-sigari\/#breadcrumb\",\"itemListElement\":[{\"@type\":\"ListItem\",\"position\":1,\"name\":\"Startseite\",\"item\":\"https:\/\/www.tabakversand.ch\/\"},{\"@type\":\"ListItem\",\"position\":2,\"name\":\"Negozio\",\"item\":\"https:\/\/www.tabakversand.ch\/it\/negozio\/\"},{\"@type\":\"ListItem\",\"position\":3,\"name\":\"Cigarkings Sun Grown Petit Robusto Confezione da 24 sigari\"}]},{\"@type\":\"WebSite\",\"@id\":\"https:\/\/www.tabakversand.ch\/#website\",\"url\":\"https:\/\/www.tabakversand.ch\/\",\"name\":\"Tabakversand.ch | Alles aus der Welt des Tabaks\",\"description\":\"Smoke and carpe diem\",\"potentialAction\":[{\"@type\":\"SearchAction\",\"target\":{\"@type\":\"EntryPoint\",\"urlTemplate\":\"https:\/\/www.tabakversand.ch\/?s={search_term_string}\"},\"query-input\":{\"@type\":\"PropertyValueSpecification\",\"valueRequired\":true,\"valueName\":\"search_term_string\"}}],\"inLanguage\":\"it-IT\"}]}<\/script>\n<!-- \/ Yoast SEO plugin. -->","yoast_head_json":{"title":"Cigarkings Sun Grown Petit Robusto Confezione da 24 sigari","description":"Cigarkings Sun Grown Petit Robusto Confezione da 24 Sigari | Una selezione top di prodotti del tabacco, e-smoke e utensili da fumo in tutta la Svizzera | Carte accettate!","robots":{"index":"index","follow":"follow","max-snippet":"max-snippet:-1","max-image-preview":"max-image-preview:large","max-video-preview":"max-video-preview:-1"},"canonical":"https:\/\/www.tabakversand.ch\/it\/prodotto\/cigarkings-sun-grown-petit-robusto-24er-kistli-sigari\/","og_locale":"it_IT","og_type":"article","og_title":"Cigarkings Sun Grown Petit Robusto Confezione da 24 sigari","og_description":"Cigarkings Sun Grown Petit Robusto Confezione da 24 Sigari | Una selezione top di prodotti del tabacco, e-smoke e utensili da fumo in tutta la Svizzera | Carte accettate!","og_url":"https:\/\/www.tabakversand.ch\/it\/prodotto\/cigarkings-sun-grown-petit-robusto-24er-kistli-sigari\/","og_site_name":"Tabakversand.ch | Alles aus der Welt des Tabaks","article_modified_time":"2023-06-14T12:54:48+00:00","og_image":[{"width":500,"height":500,"url":"https:\/\/www.tabakversand.ch\/wp-content\/uploads\/2023\/06\/sun-grown-petit-robusto-box-open.jpg","type":"image\/jpeg"}],"twitter_card":"summary_large_image","twitter_misc":{"Tempo di lettura stimato":"1 minuto"},"schema":{"@context":"https:\/\/schema.org","@graph":[{"@type":"WebPage","@id":"https:\/\/www.tabakversand.ch\/it\/prodotto\/cigarkings-sun-grown-petit-robusto-24er-kistli-sigari\/","url":"https:\/\/www.tabakversand.ch\/it\/prodotto\/cigarkings-sun-grown-petit-robusto-24er-kistli-sigari\/","name":"Cigarkings Sun Grown Petit Robusto Confezione da 24 sigari","isPartOf":{"@id":"https:\/\/www.tabakversand.ch\/#website"},"primaryImageOfPage":{"@id":"https:\/\/www.tabakversand.ch\/it\/prodotto\/cigarkings-sun-grown-petit-robusto-24er-kistli-sigari\/#primaryimage"},"image":{"@id":"https:\/\/www.tabakversand.ch\/it\/prodotto\/cigarkings-sun-grown-petit-robusto-24er-kistli-sigari\/#primaryimage"},"thumbnailUrl":"https:\/\/www.tabakversand.ch\/wp-content\/uploads\/2023\/06\/sun-grown-petit-robusto-box-open.jpg","datePublished":"2023-06-14T12:23:52+00:00","dateModified":"2023-06-14T12:54:48+00:00","description":"Cigarkings Sun Grown Petit Robusto Confezione da 24 Sigari | Una selezione top di prodotti del tabacco, e-smoke e utensili da fumo in tutta la Svizzera | Carte accettate!","breadcrumb":{"@id":"https:\/\/www.tabakversand.ch\/it\/prodotto\/cigarkings-sun-grown-petit-robusto-24er-kistli-sigari\/#breadcrumb"},"inLanguage":"it-IT","potentialAction":[{"@type":"ReadAction","target":["https:\/\/www.tabakversand.ch\/it\/prodotto\/cigarkings-sun-grown-petit-robusto-24er-kistli-sigari\/"]}]},{"@type":"ImageObject","inLanguage":"it-IT","@id":"https:\/\/www.tabakversand.ch\/it\/prodotto\/cigarkings-sun-grown-petit-robusto-24er-kistli-sigari\/#primaryimage","url":"https:\/\/www.tabakversand.ch\/wp-content\/uploads\/2023\/06\/sun-grown-petit-robusto-box-open.jpg","contentUrl":"https:\/\/www.tabakversand.ch\/wp-content\/uploads\/2023\/06\/sun-grown-petit-robusto-box-open.jpg","width":500,"height":500,"caption":"Cigarkings Sun Grown Petit Robusto 24er Kistli Zigarren"},{"@type":"BreadcrumbList","@id":"https:\/\/www.tabakversand.ch\/it\/prodotto\/cigarkings-sun-grown-petit-robusto-24er-kistli-sigari\/#breadcrumb","itemListElement":[{"@type":"ListItem","position":1,"name":"Startseite","item":"https:\/\/www.tabakversand.ch\/"},{"@type":"ListItem","position":2,"name":"Negozio","item":"https:\/\/www.tabakversand.ch\/it\/negozio\/"},{"@type":"ListItem","position":3,"name":"Cigarkings Sun Grown Petit Robusto Confezione da 24 sigari"}]},{"@type":"WebSite","@id":"https:\/\/www.tabakversand.ch\/#website","url":"https:\/\/www.tabakversand.ch\/","name":"Tabakversand.ch | Alles aus der Welt des Tabaks","description":"Smoke and carpe diem","potentialAction":[{"@type":"SearchAction","target":{"@type":"EntryPoint","urlTemplate":"https:\/\/www.tabakversand.ch\/?s={search_term_string}"},"query-input":{"@type":"PropertyValueSpecification","valueRequired":true,"valueName":"search_term_string"}}],"inLanguage":"it-IT"}]}},"_links":{"self":[{"href":"https:\/\/www.tabakversand.ch\/it\/wp-json\/wp\/v2\/product\/135772","targetHints":{"allow":["GET"]}}],"collection":[{"href":"https:\/\/www.tabakversand.ch\/it\/wp-json\/wp\/v2\/product"}],"about":[{"href":"https:\/\/www.tabakversand.ch\/it\/wp-json\/wp\/v2\/types\/product"}],"version-history":[{"count":0,"href":"https:\/\/www.tabakversand.ch\/it\/wp-json\/wp\/v2\/product\/135772\/revisions"}],"wp:featuredmedia":[{"embeddable":true,"href":"https:\/\/www.tabakversand.ch\/it\/wp-json\/wp\/v2\/media\/135776"}],"wp:attachment":[{"href":"https:\/\/www.tabakversand.ch\/it\/wp-json\/wp\/v2\/media?parent=135772"}],"wp:term":[{"taxonomy":"product_brand","embeddable":true,"href":"https:\/\/www.tabakversand.ch\/it\/wp-json\/wp\/v2\/product_brand?post=135772"},{"taxonomy":"product_cat","embeddable":true,"href":"https:\/\/www.tabakversand.ch\/it\/wp-json\/wp\/v2\/product_cat?post=135772"},{"taxonomy":"product_tag","embeddable":true,"href":"https:\/\/www.tabakversand.ch\/it\/wp-json\/wp\/v2\/product_tag?post=135772"}],"curies":[{"name":"wp","href":"https:\/\/api.w.org\/{rel}","templated":true}]}}