{"id":135784,"date":"2023-06-14T14:30:11","date_gmt":"2023-06-14T12:30:11","guid":{"rendered":"https:\/\/www.tabakversand.ch\/?post_type=product&#038;p=135784"},"modified":"2023-06-14T14:54:44","modified_gmt":"2023-06-14T12:54:44","slug":"cigarkings-sun-grown-elegante-scatola-di-12-sigari","status":"publish","type":"product","link":"https:\/\/www.tabakversand.ch\/it\/prodotto\/cigarkings-sun-grown-elegante-scatola-di-12-sigari\/","title":{"rendered":"Cigarkings Sun Grown Elegante confezione da 12 sigari"},"content":{"rendered":"<p>Cigarkings Sun Grown Elegante confezione da 12 sigari<\/p>\n<p>The Elegantes \u00e8, come suggerisce il nome, l&#8217;epitome dell&#8217;eleganza nel mondo dei sigari. La loro forma \u00e8 il nostro modo di esprimere la passione in questa forma d&#8217;arte iconica e creare un sigaro che fa una dichiarazione audace.<\/p>\n<p>Con una forma cos\u00ec unica e distintiva, abbiamo progettato l&#8217;Elegantes per portare il sapore a un livello di intensit\u00e0 completamente nuovo attraverso la sua base affusolata. Elegantes pu\u00f2 essere gustata in un perfetto tempo di fumo di 1 ora, conferendole una grande versatilit\u00e0.<\/p>\n<table width=\"378\">\n<tbody>\n<tr>\n<td>Foglio di copertina:<\/td>\n<td width=\"215\">HBN Ecuador cresciuto al sole<\/td>\n<\/tr>\n<tr>\n<td>Unit\u00e0:<\/td>\n<td width=\"215\">scatola da 12<\/td>\n<\/tr>\n<tr>\n<td>Intarsio:<\/td>\n<td width=\"215\">Nicaragua Seco \/ Viso<\/td>\n<\/tr>\n<tr>\n<td>Origine:<\/td>\n<td width=\"215\">Nicaragua<\/td>\n<\/tr>\n<tr>\n<td>Pollice:<\/td>\n<td width=\"215\">5.5<\/td>\n<\/tr>\n<tr>\n<td>calibro ad anello:<\/td>\n<td width=\"215\">46<\/td>\n<\/tr>\n<tr>\n<td>raccoglitore:<\/td>\n<td width=\"215\">2 raccoglitori Cigarkings selezionati<\/td>\n<\/tr>\n<\/tbody>\n<\/table>\n<p>Tutti i prezzi sono validi solo per gli ordini online e includono IVA, sono soggetti a modifiche pi\u00f9 IVA. Spese di spedizione. Errori, modifiche nella fornitura e nella progettazione, errori di stampa e variazioni di prezzo riservate. I prezzi barrati sono stattpreise. L&#8217;illustrazione pu\u00f2 differire dall&#8217;originale\/ambito di fornitura.<\/p>\n<p>*Spedizione gratuita a partire da CHF 250.- valore dell&#8217;ordine.<\/p>\n","protected":false},"excerpt":{"rendered":"<p>Cigarkings Sun Grown Elegante confezione da 12 sigari The Elegantes \u00e8, come suggerisce il nome, l&#8217;epitome dell&#8217;eleganza nel mondo dei sigari. La loro forma \u00e8 il nostro modo di esprimere la passione in questa forma d&#8217;arte iconica e creare un sigaro che fa una dichiarazione audace. Con una forma cos\u00ec unica e distintiva, abbiamo progettato [&hellip;]<\/p>\n","protected":false},"featured_media":135792,"template":"","meta":[],"product_brand":[],"product_cat":[2003,2134,3051,2002],"product_tag":[],"class_list":{"0":"post-135784","1":"product","2":"type-product","3":"status-publish","4":"has-post-thumbnail","6":"product_cat-mondo-dei-sigari","7":"product_cat-nicaragua-it","8":"product_cat-re-dei-sigari","9":"product_cat-sigari","11":"first","12":"onbackorder","13":"purchasable","14":"product-type-simple"},"yoast_head":"<!-- This site is optimized with the Yoast SEO plugin v27.0 - https:\/\/yoast.com\/product\/yoast-seo-wordpress\/ -->\n<title>Cigarkings Sun Grown Elegante confezione da 12 sigari<\/title>\n<meta name=\"description\" content=\"Cigarkings Sun Grown Elegante confezione da 12 sigari | Una selezione top di prodotti del tabacco, e-smoke e utensili da fumo in tutta la Svizzera | Carte accettate!\" \/>\n<meta name=\"robots\" content=\"index, follow, max-snippet:-1, max-image-preview:large, max-video-preview:-1\" \/>\n<link rel=\"canonical\" href=\"https:\/\/www.tabakversand.ch\/it\/prodotto\/cigarkings-sun-grown-elegante-scatola-di-12-sigari\/\" \/>\n<meta property=\"og:locale\" content=\"it_IT\" \/>\n<meta property=\"og:type\" content=\"article\" \/>\n<meta property=\"og:title\" content=\"Cigarkings Sun Grown Elegante confezione da 12 sigari\" \/>\n<meta property=\"og:description\" content=\"Cigarkings Sun Grown Elegante confezione da 12 sigari | Una selezione top di prodotti del tabacco, e-smoke e utensili da fumo in tutta la Svizzera | Carte accettate!\" \/>\n<meta property=\"og:url\" content=\"https:\/\/www.tabakversand.ch\/it\/prodotto\/cigarkings-sun-grown-elegante-scatola-di-12-sigari\/\" \/>\n<meta property=\"og:site_name\" content=\"Tabakversand.ch | Alles aus der Welt des Tabaks\" \/>\n<meta property=\"article:modified_time\" content=\"2023-06-14T12:54:44+00:00\" \/>\n<meta property=\"og:image\" content=\"https:\/\/www.tabakversand.ch\/wp-content\/uploads\/2023\/06\/sun-grown-elegantes-box-open.jpg\" \/>\n\t<meta property=\"og:image:width\" content=\"500\" \/>\n\t<meta property=\"og:image:height\" content=\"500\" \/>\n\t<meta property=\"og:image:type\" content=\"image\/jpeg\" \/>\n<meta name=\"twitter:card\" content=\"summary_large_image\" \/>\n<meta name=\"twitter:label1\" content=\"Tempo di lettura stimato\" \/>\n\t<meta name=\"twitter:data1\" content=\"1 minuto\" \/>\n<script type=\"application\/ld+json\" class=\"yoast-schema-graph\">{\"@context\":\"https:\/\/schema.org\",\"@graph\":[{\"@type\":\"WebPage\",\"@id\":\"https:\/\/www.tabakversand.ch\/it\/prodotto\/cigarkings-sun-grown-elegante-scatola-di-12-sigari\/\",\"url\":\"https:\/\/www.tabakversand.ch\/it\/prodotto\/cigarkings-sun-grown-elegante-scatola-di-12-sigari\/\",\"name\":\"Cigarkings Sun Grown Elegante confezione da 12 sigari\",\"isPartOf\":{\"@id\":\"https:\/\/www.tabakversand.ch\/#website\"},\"primaryImageOfPage\":{\"@id\":\"https:\/\/www.tabakversand.ch\/it\/prodotto\/cigarkings-sun-grown-elegante-scatola-di-12-sigari\/#primaryimage\"},\"image\":{\"@id\":\"https:\/\/www.tabakversand.ch\/it\/prodotto\/cigarkings-sun-grown-elegante-scatola-di-12-sigari\/#primaryimage\"},\"thumbnailUrl\":\"https:\/\/www.tabakversand.ch\/wp-content\/uploads\/2023\/06\/sun-grown-elegantes-box-open.jpg\",\"datePublished\":\"2023-06-14T12:30:11+00:00\",\"dateModified\":\"2023-06-14T12:54:44+00:00\",\"description\":\"Cigarkings Sun Grown Elegante confezione da 12 sigari | Una selezione top di prodotti del tabacco, e-smoke e utensili da fumo in tutta la Svizzera | Carte accettate!\",\"breadcrumb\":{\"@id\":\"https:\/\/www.tabakversand.ch\/it\/prodotto\/cigarkings-sun-grown-elegante-scatola-di-12-sigari\/#breadcrumb\"},\"inLanguage\":\"it-IT\",\"potentialAction\":[{\"@type\":\"ReadAction\",\"target\":[\"https:\/\/www.tabakversand.ch\/it\/prodotto\/cigarkings-sun-grown-elegante-scatola-di-12-sigari\/\"]}]},{\"@type\":\"ImageObject\",\"inLanguage\":\"it-IT\",\"@id\":\"https:\/\/www.tabakversand.ch\/it\/prodotto\/cigarkings-sun-grown-elegante-scatola-di-12-sigari\/#primaryimage\",\"url\":\"https:\/\/www.tabakversand.ch\/wp-content\/uploads\/2023\/06\/sun-grown-elegantes-box-open.jpg\",\"contentUrl\":\"https:\/\/www.tabakversand.ch\/wp-content\/uploads\/2023\/06\/sun-grown-elegantes-box-open.jpg\",\"width\":500,\"height\":500,\"caption\":\"Cigarkings Sun Grown Elegantes 12er Kistli Zigarren\"},{\"@type\":\"BreadcrumbList\",\"@id\":\"https:\/\/www.tabakversand.ch\/it\/prodotto\/cigarkings-sun-grown-elegante-scatola-di-12-sigari\/#breadcrumb\",\"itemListElement\":[{\"@type\":\"ListItem\",\"position\":1,\"name\":\"Startseite\",\"item\":\"https:\/\/www.tabakversand.ch\/\"},{\"@type\":\"ListItem\",\"position\":2,\"name\":\"Negozio\",\"item\":\"https:\/\/www.tabakversand.ch\/it\/negozio\/\"},{\"@type\":\"ListItem\",\"position\":3,\"name\":\"Cigarkings Sun Grown Elegante confezione da 12 sigari\"}]},{\"@type\":\"WebSite\",\"@id\":\"https:\/\/www.tabakversand.ch\/#website\",\"url\":\"https:\/\/www.tabakversand.ch\/\",\"name\":\"Tabakversand.ch | Alles aus der Welt des Tabaks\",\"description\":\"Smoke and carpe diem\",\"potentialAction\":[{\"@type\":\"SearchAction\",\"target\":{\"@type\":\"EntryPoint\",\"urlTemplate\":\"https:\/\/www.tabakversand.ch\/?s={search_term_string}\"},\"query-input\":{\"@type\":\"PropertyValueSpecification\",\"valueRequired\":true,\"valueName\":\"search_term_string\"}}],\"inLanguage\":\"it-IT\"}]}<\/script>\n<!-- \/ Yoast SEO plugin. -->","yoast_head_json":{"title":"Cigarkings Sun Grown Elegante confezione da 12 sigari","description":"Cigarkings Sun Grown Elegante confezione da 12 sigari | Una selezione top di prodotti del tabacco, e-smoke e utensili da fumo in tutta la Svizzera | Carte accettate!","robots":{"index":"index","follow":"follow","max-snippet":"max-snippet:-1","max-image-preview":"max-image-preview:large","max-video-preview":"max-video-preview:-1"},"canonical":"https:\/\/www.tabakversand.ch\/it\/prodotto\/cigarkings-sun-grown-elegante-scatola-di-12-sigari\/","og_locale":"it_IT","og_type":"article","og_title":"Cigarkings Sun Grown Elegante confezione da 12 sigari","og_description":"Cigarkings Sun Grown Elegante confezione da 12 sigari | Una selezione top di prodotti del tabacco, e-smoke e utensili da fumo in tutta la Svizzera | Carte accettate!","og_url":"https:\/\/www.tabakversand.ch\/it\/prodotto\/cigarkings-sun-grown-elegante-scatola-di-12-sigari\/","og_site_name":"Tabakversand.ch | Alles aus der Welt des Tabaks","article_modified_time":"2023-06-14T12:54:44+00:00","og_image":[{"width":500,"height":500,"url":"https:\/\/www.tabakversand.ch\/wp-content\/uploads\/2023\/06\/sun-grown-elegantes-box-open.jpg","type":"image\/jpeg"}],"twitter_card":"summary_large_image","twitter_misc":{"Tempo di lettura stimato":"1 minuto"},"schema":{"@context":"https:\/\/schema.org","@graph":[{"@type":"WebPage","@id":"https:\/\/www.tabakversand.ch\/it\/prodotto\/cigarkings-sun-grown-elegante-scatola-di-12-sigari\/","url":"https:\/\/www.tabakversand.ch\/it\/prodotto\/cigarkings-sun-grown-elegante-scatola-di-12-sigari\/","name":"Cigarkings Sun Grown Elegante confezione da 12 sigari","isPartOf":{"@id":"https:\/\/www.tabakversand.ch\/#website"},"primaryImageOfPage":{"@id":"https:\/\/www.tabakversand.ch\/it\/prodotto\/cigarkings-sun-grown-elegante-scatola-di-12-sigari\/#primaryimage"},"image":{"@id":"https:\/\/www.tabakversand.ch\/it\/prodotto\/cigarkings-sun-grown-elegante-scatola-di-12-sigari\/#primaryimage"},"thumbnailUrl":"https:\/\/www.tabakversand.ch\/wp-content\/uploads\/2023\/06\/sun-grown-elegantes-box-open.jpg","datePublished":"2023-06-14T12:30:11+00:00","dateModified":"2023-06-14T12:54:44+00:00","description":"Cigarkings Sun Grown Elegante confezione da 12 sigari | Una selezione top di prodotti del tabacco, e-smoke e utensili da fumo in tutta la Svizzera | Carte accettate!","breadcrumb":{"@id":"https:\/\/www.tabakversand.ch\/it\/prodotto\/cigarkings-sun-grown-elegante-scatola-di-12-sigari\/#breadcrumb"},"inLanguage":"it-IT","potentialAction":[{"@type":"ReadAction","target":["https:\/\/www.tabakversand.ch\/it\/prodotto\/cigarkings-sun-grown-elegante-scatola-di-12-sigari\/"]}]},{"@type":"ImageObject","inLanguage":"it-IT","@id":"https:\/\/www.tabakversand.ch\/it\/prodotto\/cigarkings-sun-grown-elegante-scatola-di-12-sigari\/#primaryimage","url":"https:\/\/www.tabakversand.ch\/wp-content\/uploads\/2023\/06\/sun-grown-elegantes-box-open.jpg","contentUrl":"https:\/\/www.tabakversand.ch\/wp-content\/uploads\/2023\/06\/sun-grown-elegantes-box-open.jpg","width":500,"height":500,"caption":"Cigarkings Sun Grown Elegantes 12er Kistli Zigarren"},{"@type":"BreadcrumbList","@id":"https:\/\/www.tabakversand.ch\/it\/prodotto\/cigarkings-sun-grown-elegante-scatola-di-12-sigari\/#breadcrumb","itemListElement":[{"@type":"ListItem","position":1,"name":"Startseite","item":"https:\/\/www.tabakversand.ch\/"},{"@type":"ListItem","position":2,"name":"Negozio","item":"https:\/\/www.tabakversand.ch\/it\/negozio\/"},{"@type":"ListItem","position":3,"name":"Cigarkings Sun Grown Elegante confezione da 12 sigari"}]},{"@type":"WebSite","@id":"https:\/\/www.tabakversand.ch\/#website","url":"https:\/\/www.tabakversand.ch\/","name":"Tabakversand.ch | Alles aus der Welt des Tabaks","description":"Smoke and carpe diem","potentialAction":[{"@type":"SearchAction","target":{"@type":"EntryPoint","urlTemplate":"https:\/\/www.tabakversand.ch\/?s={search_term_string}"},"query-input":{"@type":"PropertyValueSpecification","valueRequired":true,"valueName":"search_term_string"}}],"inLanguage":"it-IT"}]}},"_links":{"self":[{"href":"https:\/\/www.tabakversand.ch\/it\/wp-json\/wp\/v2\/product\/135784","targetHints":{"allow":["GET"]}}],"collection":[{"href":"https:\/\/www.tabakversand.ch\/it\/wp-json\/wp\/v2\/product"}],"about":[{"href":"https:\/\/www.tabakversand.ch\/it\/wp-json\/wp\/v2\/types\/product"}],"version-history":[{"count":0,"href":"https:\/\/www.tabakversand.ch\/it\/wp-json\/wp\/v2\/product\/135784\/revisions"}],"wp:featuredmedia":[{"embeddable":true,"href":"https:\/\/www.tabakversand.ch\/it\/wp-json\/wp\/v2\/media\/135792"}],"wp:attachment":[{"href":"https:\/\/www.tabakversand.ch\/it\/wp-json\/wp\/v2\/media?parent=135784"}],"wp:term":[{"taxonomy":"product_brand","embeddable":true,"href":"https:\/\/www.tabakversand.ch\/it\/wp-json\/wp\/v2\/product_brand?post=135784"},{"taxonomy":"product_cat","embeddable":true,"href":"https:\/\/www.tabakversand.ch\/it\/wp-json\/wp\/v2\/product_cat?post=135784"},{"taxonomy":"product_tag","embeddable":true,"href":"https:\/\/www.tabakversand.ch\/it\/wp-json\/wp\/v2\/product_tag?post=135784"}],"curies":[{"name":"wp","href":"https:\/\/api.w.org\/{rel}","templated":true}]}}