{"id":135808,"date":"2023-06-14T14:44:21","date_gmt":"2023-06-14T12:44:21","guid":{"rendered":"https:\/\/www.tabakversand.ch\/?post_type=product&#038;p=135808"},"modified":"2023-06-14T14:54:41","modified_gmt":"2023-06-14T12:54:41","slug":"sigari-cigarkings-sun-grown-toro-12er-kistli","status":"publish","type":"product","link":"https:\/\/www.tabakversand.ch\/it\/prodotto\/sigari-cigarkings-sun-grown-toro-12er-kistli\/","title":{"rendered":"Cigarkings Sun Grown Toro Scatola da 12 sigari"},"content":{"rendered":"<p>Cigarkings Sun Grown Toro Scatola da 12 sigari<\/p>\n<p>Il Toro \u00e8 il nostro fiore all&#8217;occhiello della serie Nicaragua. Con il calibro ad anello pi\u00f9 grande e il calibro pi\u00f9 lungo, \u00e8 l&#8217;epitome del nostro marchio, elevando al massimo livello gli attributi legati a ogni CigarKings. Naturalmente, dal momento che \u00e8 la nostra regina, ha la durata di fumo pi\u00f9 lunga di circa 1 ora e 30 minuti, dando agli appassionati abbastanza tempo per svelare la complessit\u00e0 del sapore. Vivi l&#8217;ultima esperienza di CigarKings con ogni singolo tiro di questo delizioso sigaro.<\/p>\n<table width=\"378\">\n<tbody>\n<tr>\n<td>Foglio di copertina:<\/td>\n<td width=\"215\">HBN Ecuador cresciuto al sole<\/td>\n<\/tr>\n<tr>\n<td>Unit\u00e0:<\/td>\n<td width=\"215\">scatola da 12<\/td>\n<\/tr>\n<tr>\n<td>Intarsio:<\/td>\n<td width=\"215\">Nicaragua Seco \/ Viso<\/td>\n<\/tr>\n<tr>\n<td>Origine:<\/td>\n<td width=\"215\">Nicaragua<\/td>\n<\/tr>\n<tr>\n<td>Pollice:<\/td>\n<td width=\"215\">6<\/td>\n<\/tr>\n<tr>\n<td>calibro ad anello:<\/td>\n<td width=\"215\">52<\/td>\n<\/tr>\n<tr>\n<td>Offerte speciali :<\/td>\n<td width=\"215\">tripla calotta<\/td>\n<\/tr>\n<tr>\n<td>raccoglitore:<\/td>\n<td width=\"215\">2 raccoglitori Cigarkings selezionati<\/td>\n<\/tr>\n<\/tbody>\n<\/table>\n<p>Tutti i prezzi sono validi solo per gli ordini online e includono IVA, sono soggetti a modifiche pi\u00f9 IVA. Spese di spedizione. Errori, modifiche nella fornitura e nella progettazione, errori di stampa e variazioni di prezzo riservate. I prezzi barrati sono stattpreise. L&#8217;illustrazione pu\u00f2 differire dall&#8217;originale\/ambito di fornitura.<\/p>\n<p>*Spedizione gratuita a partire da CHF 250.- valore dell&#8217;ordine.<\/p>\n","protected":false},"excerpt":{"rendered":"<p>Cigarkings Sun Grown Toro Scatola da 12 sigari Il Toro \u00e8 il nostro fiore all&#8217;occhiello della serie Nicaragua. Con il calibro ad anello pi\u00f9 grande e il calibro pi\u00f9 lungo, \u00e8 l&#8217;epitome del nostro marchio, elevando al massimo livello gli attributi legati a ogni CigarKings. Naturalmente, dal momento che \u00e8 la nostra regina, ha la [&hellip;]<\/p>\n","protected":false},"featured_media":135812,"template":"","meta":[],"product_brand":[],"product_cat":[2003,2134,3051,2002],"product_tag":[],"class_list":{"0":"post-135808","1":"product","2":"type-product","3":"status-publish","4":"has-post-thumbnail","6":"product_cat-mondo-dei-sigari","7":"product_cat-nicaragua-it","8":"product_cat-re-dei-sigari","9":"product_cat-sigari","11":"first","12":"onbackorder","13":"purchasable","14":"product-type-simple"},"yoast_head":"<!-- This site is optimized with the Yoast SEO plugin v27.0 - https:\/\/yoast.com\/product\/yoast-seo-wordpress\/ -->\n<title>Cigarkings Sun Grown Toro Scatola da 12 sigari - tabakversand.ch<\/title>\n<meta name=\"description\" content=\"Cigarkings Sun Grown Toro Confezione da 12 Sigari | Una selezione top di prodotti del tabacco, e-smoke e utensili da fumo in tutta la Svizzera | Carte accettate!\" \/>\n<meta name=\"robots\" content=\"index, follow, max-snippet:-1, max-image-preview:large, max-video-preview:-1\" \/>\n<link rel=\"canonical\" href=\"https:\/\/www.tabakversand.ch\/it\/prodotto\/sigari-cigarkings-sun-grown-toro-12er-kistli\/\" \/>\n<meta property=\"og:locale\" content=\"it_IT\" \/>\n<meta property=\"og:type\" content=\"article\" \/>\n<meta property=\"og:title\" content=\"Cigarkings Sun Grown Toro Scatola da 12 sigari - tabakversand.ch\" \/>\n<meta property=\"og:description\" content=\"Cigarkings Sun Grown Toro Confezione da 12 Sigari | Una selezione top di prodotti del tabacco, e-smoke e utensili da fumo in tutta la Svizzera | Carte accettate!\" \/>\n<meta property=\"og:url\" content=\"https:\/\/www.tabakversand.ch\/it\/prodotto\/sigari-cigarkings-sun-grown-toro-12er-kistli\/\" \/>\n<meta property=\"og:site_name\" content=\"Tabakversand.ch | Alles aus der Welt des Tabaks\" \/>\n<meta property=\"article:modified_time\" content=\"2023-06-14T12:54:41+00:00\" \/>\n<meta property=\"og:image\" content=\"https:\/\/www.tabakversand.ch\/wp-content\/uploads\/2023\/06\/sun-grown-toro-box-open.jpg\" \/>\n\t<meta property=\"og:image:width\" content=\"500\" \/>\n\t<meta property=\"og:image:height\" content=\"500\" \/>\n\t<meta property=\"og:image:type\" content=\"image\/jpeg\" \/>\n<meta name=\"twitter:card\" content=\"summary_large_image\" \/>\n<meta name=\"twitter:label1\" content=\"Tempo di lettura stimato\" \/>\n\t<meta name=\"twitter:data1\" content=\"1 minuto\" \/>\n<script type=\"application\/ld+json\" class=\"yoast-schema-graph\">{\"@context\":\"https:\/\/schema.org\",\"@graph\":[{\"@type\":\"WebPage\",\"@id\":\"https:\/\/www.tabakversand.ch\/it\/prodotto\/sigari-cigarkings-sun-grown-toro-12er-kistli\/\",\"url\":\"https:\/\/www.tabakversand.ch\/it\/prodotto\/sigari-cigarkings-sun-grown-toro-12er-kistli\/\",\"name\":\"Cigarkings Sun Grown Toro Scatola da 12 sigari - tabakversand.ch\",\"isPartOf\":{\"@id\":\"https:\/\/www.tabakversand.ch\/#website\"},\"primaryImageOfPage\":{\"@id\":\"https:\/\/www.tabakversand.ch\/it\/prodotto\/sigari-cigarkings-sun-grown-toro-12er-kistli\/#primaryimage\"},\"image\":{\"@id\":\"https:\/\/www.tabakversand.ch\/it\/prodotto\/sigari-cigarkings-sun-grown-toro-12er-kistli\/#primaryimage\"},\"thumbnailUrl\":\"https:\/\/www.tabakversand.ch\/wp-content\/uploads\/2023\/06\/sun-grown-toro-box-open.jpg\",\"datePublished\":\"2023-06-14T12:44:21+00:00\",\"dateModified\":\"2023-06-14T12:54:41+00:00\",\"description\":\"Cigarkings Sun Grown Toro Confezione da 12 Sigari | Una selezione top di prodotti del tabacco, e-smoke e utensili da fumo in tutta la Svizzera | Carte accettate!\",\"breadcrumb\":{\"@id\":\"https:\/\/www.tabakversand.ch\/it\/prodotto\/sigari-cigarkings-sun-grown-toro-12er-kistli\/#breadcrumb\"},\"inLanguage\":\"it-IT\",\"potentialAction\":[{\"@type\":\"ReadAction\",\"target\":[\"https:\/\/www.tabakversand.ch\/it\/prodotto\/sigari-cigarkings-sun-grown-toro-12er-kistli\/\"]}]},{\"@type\":\"ImageObject\",\"inLanguage\":\"it-IT\",\"@id\":\"https:\/\/www.tabakversand.ch\/it\/prodotto\/sigari-cigarkings-sun-grown-toro-12er-kistli\/#primaryimage\",\"url\":\"https:\/\/www.tabakversand.ch\/wp-content\/uploads\/2023\/06\/sun-grown-toro-box-open.jpg\",\"contentUrl\":\"https:\/\/www.tabakversand.ch\/wp-content\/uploads\/2023\/06\/sun-grown-toro-box-open.jpg\",\"width\":500,\"height\":500,\"caption\":\"Cigarkings Sun Grown Toro 12er Kistli Zigarren\"},{\"@type\":\"BreadcrumbList\",\"@id\":\"https:\/\/www.tabakversand.ch\/it\/prodotto\/sigari-cigarkings-sun-grown-toro-12er-kistli\/#breadcrumb\",\"itemListElement\":[{\"@type\":\"ListItem\",\"position\":1,\"name\":\"Startseite\",\"item\":\"https:\/\/www.tabakversand.ch\/\"},{\"@type\":\"ListItem\",\"position\":2,\"name\":\"Negozio\",\"item\":\"https:\/\/www.tabakversand.ch\/it\/negozio\/\"},{\"@type\":\"ListItem\",\"position\":3,\"name\":\"Cigarkings Sun Grown Toro Scatola da 12 sigari\"}]},{\"@type\":\"WebSite\",\"@id\":\"https:\/\/www.tabakversand.ch\/#website\",\"url\":\"https:\/\/www.tabakversand.ch\/\",\"name\":\"Tabakversand.ch | Alles aus der Welt des Tabaks\",\"description\":\"Smoke and carpe diem\",\"potentialAction\":[{\"@type\":\"SearchAction\",\"target\":{\"@type\":\"EntryPoint\",\"urlTemplate\":\"https:\/\/www.tabakversand.ch\/?s={search_term_string}\"},\"query-input\":{\"@type\":\"PropertyValueSpecification\",\"valueRequired\":true,\"valueName\":\"search_term_string\"}}],\"inLanguage\":\"it-IT\"}]}<\/script>\n<!-- \/ Yoast SEO plugin. -->","yoast_head_json":{"title":"Cigarkings Sun Grown Toro Scatola da 12 sigari - tabakversand.ch","description":"Cigarkings Sun Grown Toro Confezione da 12 Sigari | Una selezione top di prodotti del tabacco, e-smoke e utensili da fumo in tutta la Svizzera | Carte accettate!","robots":{"index":"index","follow":"follow","max-snippet":"max-snippet:-1","max-image-preview":"max-image-preview:large","max-video-preview":"max-video-preview:-1"},"canonical":"https:\/\/www.tabakversand.ch\/it\/prodotto\/sigari-cigarkings-sun-grown-toro-12er-kistli\/","og_locale":"it_IT","og_type":"article","og_title":"Cigarkings Sun Grown Toro Scatola da 12 sigari - tabakversand.ch","og_description":"Cigarkings Sun Grown Toro Confezione da 12 Sigari | Una selezione top di prodotti del tabacco, e-smoke e utensili da fumo in tutta la Svizzera | Carte accettate!","og_url":"https:\/\/www.tabakversand.ch\/it\/prodotto\/sigari-cigarkings-sun-grown-toro-12er-kistli\/","og_site_name":"Tabakversand.ch | Alles aus der Welt des Tabaks","article_modified_time":"2023-06-14T12:54:41+00:00","og_image":[{"width":500,"height":500,"url":"https:\/\/www.tabakversand.ch\/wp-content\/uploads\/2023\/06\/sun-grown-toro-box-open.jpg","type":"image\/jpeg"}],"twitter_card":"summary_large_image","twitter_misc":{"Tempo di lettura stimato":"1 minuto"},"schema":{"@context":"https:\/\/schema.org","@graph":[{"@type":"WebPage","@id":"https:\/\/www.tabakversand.ch\/it\/prodotto\/sigari-cigarkings-sun-grown-toro-12er-kistli\/","url":"https:\/\/www.tabakversand.ch\/it\/prodotto\/sigari-cigarkings-sun-grown-toro-12er-kistli\/","name":"Cigarkings Sun Grown Toro Scatola da 12 sigari - tabakversand.ch","isPartOf":{"@id":"https:\/\/www.tabakversand.ch\/#website"},"primaryImageOfPage":{"@id":"https:\/\/www.tabakversand.ch\/it\/prodotto\/sigari-cigarkings-sun-grown-toro-12er-kistli\/#primaryimage"},"image":{"@id":"https:\/\/www.tabakversand.ch\/it\/prodotto\/sigari-cigarkings-sun-grown-toro-12er-kistli\/#primaryimage"},"thumbnailUrl":"https:\/\/www.tabakversand.ch\/wp-content\/uploads\/2023\/06\/sun-grown-toro-box-open.jpg","datePublished":"2023-06-14T12:44:21+00:00","dateModified":"2023-06-14T12:54:41+00:00","description":"Cigarkings Sun Grown Toro Confezione da 12 Sigari | Una selezione top di prodotti del tabacco, e-smoke e utensili da fumo in tutta la Svizzera | Carte accettate!","breadcrumb":{"@id":"https:\/\/www.tabakversand.ch\/it\/prodotto\/sigari-cigarkings-sun-grown-toro-12er-kistli\/#breadcrumb"},"inLanguage":"it-IT","potentialAction":[{"@type":"ReadAction","target":["https:\/\/www.tabakversand.ch\/it\/prodotto\/sigari-cigarkings-sun-grown-toro-12er-kistli\/"]}]},{"@type":"ImageObject","inLanguage":"it-IT","@id":"https:\/\/www.tabakversand.ch\/it\/prodotto\/sigari-cigarkings-sun-grown-toro-12er-kistli\/#primaryimage","url":"https:\/\/www.tabakversand.ch\/wp-content\/uploads\/2023\/06\/sun-grown-toro-box-open.jpg","contentUrl":"https:\/\/www.tabakversand.ch\/wp-content\/uploads\/2023\/06\/sun-grown-toro-box-open.jpg","width":500,"height":500,"caption":"Cigarkings Sun Grown Toro 12er Kistli Zigarren"},{"@type":"BreadcrumbList","@id":"https:\/\/www.tabakversand.ch\/it\/prodotto\/sigari-cigarkings-sun-grown-toro-12er-kistli\/#breadcrumb","itemListElement":[{"@type":"ListItem","position":1,"name":"Startseite","item":"https:\/\/www.tabakversand.ch\/"},{"@type":"ListItem","position":2,"name":"Negozio","item":"https:\/\/www.tabakversand.ch\/it\/negozio\/"},{"@type":"ListItem","position":3,"name":"Cigarkings Sun Grown Toro Scatola da 12 sigari"}]},{"@type":"WebSite","@id":"https:\/\/www.tabakversand.ch\/#website","url":"https:\/\/www.tabakversand.ch\/","name":"Tabakversand.ch | Alles aus der Welt des Tabaks","description":"Smoke and carpe diem","potentialAction":[{"@type":"SearchAction","target":{"@type":"EntryPoint","urlTemplate":"https:\/\/www.tabakversand.ch\/?s={search_term_string}"},"query-input":{"@type":"PropertyValueSpecification","valueRequired":true,"valueName":"search_term_string"}}],"inLanguage":"it-IT"}]}},"_links":{"self":[{"href":"https:\/\/www.tabakversand.ch\/it\/wp-json\/wp\/v2\/product\/135808","targetHints":{"allow":["GET"]}}],"collection":[{"href":"https:\/\/www.tabakversand.ch\/it\/wp-json\/wp\/v2\/product"}],"about":[{"href":"https:\/\/www.tabakversand.ch\/it\/wp-json\/wp\/v2\/types\/product"}],"version-history":[{"count":0,"href":"https:\/\/www.tabakversand.ch\/it\/wp-json\/wp\/v2\/product\/135808\/revisions"}],"wp:featuredmedia":[{"embeddable":true,"href":"https:\/\/www.tabakversand.ch\/it\/wp-json\/wp\/v2\/media\/135812"}],"wp:attachment":[{"href":"https:\/\/www.tabakversand.ch\/it\/wp-json\/wp\/v2\/media?parent=135808"}],"wp:term":[{"taxonomy":"product_brand","embeddable":true,"href":"https:\/\/www.tabakversand.ch\/it\/wp-json\/wp\/v2\/product_brand?post=135808"},{"taxonomy":"product_cat","embeddable":true,"href":"https:\/\/www.tabakversand.ch\/it\/wp-json\/wp\/v2\/product_cat?post=135808"},{"taxonomy":"product_tag","embeddable":true,"href":"https:\/\/www.tabakversand.ch\/it\/wp-json\/wp\/v2\/product_tag?post=135808"}],"curies":[{"name":"wp","href":"https:\/\/api.w.org\/{rel}","templated":true}]}}