{"id":137954,"date":"2023-09-14T13:48:46","date_gmt":"2023-09-14T11:48:46","guid":{"rendered":"https:\/\/www.tabakversand.ch\/?post_type=product&#038;p=137954"},"modified":"2026-02-04T10:05:30","modified_gmt":"2026-02-04T09:05:30","slug":"qualicann-canne-prerollate-sweet-star-x-purize-22-pz","status":"publish","type":"product","link":"https:\/\/www.tabakversand.ch\/it\/prodotto\/qualicann-canne-prerollate-sweet-star-x-purize-22-pz\/","title":{"rendered":"Canne Prerollate Qualicann Sweet Star x Purize 22 pz."},"content":{"rendered":"<div id=\"tab-label-description\" class=\"data item title active\" role=\"tab\" data-role=\"collapsible\" data-collapsible=\"true\">\n<div id=\"description\" class=\"data item content\" role=\"tabpanel\" data-role=\"content\" aria-labelledby=\"tab-label-description\" aria-hidden=\"false\">\n<div class=\"product attribute9 description\">\n<p>Canne Prerollate Qualicann Sweet Star x Purize 22 pz.<\/p>\n<p>I preroll sono costituiti esclusivamente da fiori CBD della migliore qualit\u00e0 della nostra genetica di fascia alta SWEET STAR. Ogni canna CBD non contiene steli, foglie o altri materiali secondari della pianta di canapa. Inoltre, ogni canna SWEET STAR PREROLL \u00e8 completamente priva di tabacco.<\/p>\n<p>Come caratteristica speciale, noi e Purize abbiamo deciso di aggiungere un filtro a carbone attivo ai nostri pre-roll. Ci\u00f2 consente ai nostri clienti di scegliere tra un filtro normale o un filtro a carboni attivi. Il coperchio della scatola pu\u00f2 anche essere ripiegato in un batter d&#8217;occhio in un espositore e pu\u00f2 quindi essere utilizzato idealmente anche come espositore da banco.<\/p>\n<p>Le articolazioni offrono una luminosit\u00e0 di lunga durata grazie alle loro propriet\u00e0 di combustione uniforme e lenta. Naturalmente anche questi sono realizzati con materiali naturali e senza additivi chimici.<\/p>\n<p>Ogni singolo SWEET STAR CBD PREROLL viene fornito in un pratico ed elegante contenitore di plastica ed \u00e8 sigillato ermeticamente con un coperchio riutilizzabile in gomma morbida. Solo cos\u00ec possiamo garantire una lunga conservabilit\u00e0 senza perdere profumo e freschezza.<\/p>\n<ul>\n<li>CBD&lt; 26%<\/li>\n<li>THC&lt; 1%<\/li>\n<li>Contenuto: 22 canne CBD pre-rollate del peso di 0,9 grammi ciascuna<\/li>\n<li>Senza tabacco<\/li>\n<li>Prodotti a base vegetale<\/li>\n<li>Filtro a carbone attivo su ogni canna CBD pre-rollata<\/li>\n<li>Lunghezza: 12 cm \/ Larghezza: 8 cm \/ Altezza: 5 cm<\/li>\n<li>Confezione ermetica e riutilizzabile di ogni singola canna CBD<\/li>\n<li>Trasformabile in contropiastra<\/li>\n<\/ul>\n<p>Tutti i prezzi si applicano solo agli ordini online e sono comprensivi di IVA. Soggetto a modifiche senza preavviso, escluse le spese di spedizione. Con riserva di errori, modifiche nell&#8217;ambito di consegna e nel design, errori di stampa e variazioni di prezzo. I prezzi barrati sono prezzi sostitutivi. Le illustrazioni possono differire dall&#8217;originale\/dall&#8217;ambito di consegna.     <\/p>\n<\/div>\n<\/div>\n<\/div>\n<p>*Spedizione gratuita per ordini superiori a CHF 250.-.<\/p>\n","protected":false},"excerpt":{"rendered":"<p>Canne Prerollate Qualicann Sweet Star x Purize 22 pz. I preroll sono costituiti esclusivamente da fiori CBD della migliore qualit\u00e0 della nostra genetica di fascia alta SWEET STAR. Ogni canna CBD non contiene steli, foglie o altri materiali secondari della pianta di canapa. Inoltre, ogni canna SWEET STAR PREROLL \u00e8 completamente priva di tabacco. Come [&hellip;]<\/p>\n","protected":false},"featured_media":137958,"template":"","meta":[],"product_brand":[5235],"product_cat":[2100,2004],"product_tag":[],"class_list":{"0":"post-137954","1":"product","2":"type-product","3":"status-publish","4":"has-post-thumbnail","6":"product_brand-qualicann","7":"product_cat-canapa-cbd","8":"product_cat-diverso-headshop","10":"first","11":"onbackorder","12":"purchasable","13":"product-type-simple"},"yoast_head":"<!-- This site is optimized with the Yoast SEO plugin v27.0 - https:\/\/yoast.com\/product\/yoast-seo-wordpress\/ -->\n<title>Canne Prerollate Qualicann Sweet Star x Purize 22 pz.<\/title>\n<meta name=\"description\" content=\"Canne Prerollate Qualicann Sweet Star x Purize 22 pz. | Un vasto assortimento di prodotti del tabacco e utensili per fumatori in tutta la Svizzera | Carte accettate!\" \/>\n<meta name=\"robots\" content=\"index, follow, max-snippet:-1, max-image-preview:large, max-video-preview:-1\" \/>\n<link rel=\"canonical\" href=\"https:\/\/www.tabakversand.ch\/it\/prodotto\/qualicann-canne-prerollate-sweet-star-x-purize-22-pz\/\" \/>\n<meta property=\"og:locale\" content=\"it_IT\" \/>\n<meta property=\"og:type\" content=\"article\" \/>\n<meta property=\"og:title\" content=\"Canne Prerollate Qualicann Sweet Star x Purize 22 pz.\" \/>\n<meta property=\"og:description\" content=\"Canne Prerollate Qualicann Sweet Star x Purize 22 pz. | Un vasto assortimento di prodotti del tabacco e utensili per fumatori in tutta la Svizzera | Carte accettate!\" \/>\n<meta property=\"og:url\" content=\"https:\/\/www.tabakversand.ch\/it\/prodotto\/qualicann-canne-prerollate-sweet-star-x-purize-22-pz\/\" \/>\n<meta property=\"og:site_name\" content=\"Tabakversand.ch | Alles aus der Welt des Tabaks\" \/>\n<meta property=\"article:modified_time\" content=\"2026-02-04T09:05:30+00:00\" \/>\n<meta property=\"og:image\" content=\"https:\/\/www.tabakversand.ch\/wp-content\/uploads\/2023\/09\/qualicann-prerolled-joints.jpg\" \/>\n\t<meta property=\"og:image:width\" content=\"500\" \/>\n\t<meta property=\"og:image:height\" content=\"500\" \/>\n\t<meta property=\"og:image:type\" content=\"image\/jpeg\" \/>\n<meta name=\"twitter:card\" content=\"summary_large_image\" \/>\n<meta name=\"twitter:label1\" content=\"Tempo di lettura stimato\" \/>\n\t<meta name=\"twitter:data1\" content=\"1 minuto\" \/>\n<script type=\"application\/ld+json\" class=\"yoast-schema-graph\">{\"@context\":\"https:\/\/schema.org\",\"@graph\":[{\"@type\":\"WebPage\",\"@id\":\"https:\/\/www.tabakversand.ch\/it\/prodotto\/qualicann-canne-prerollate-sweet-star-x-purize-22-pz\/\",\"url\":\"https:\/\/www.tabakversand.ch\/it\/prodotto\/qualicann-canne-prerollate-sweet-star-x-purize-22-pz\/\",\"name\":\"Canne Prerollate Qualicann Sweet Star x Purize 22 pz.\",\"isPartOf\":{\"@id\":\"https:\/\/www.tabakversand.ch\/#website\"},\"primaryImageOfPage\":{\"@id\":\"https:\/\/www.tabakversand.ch\/it\/prodotto\/qualicann-canne-prerollate-sweet-star-x-purize-22-pz\/#primaryimage\"},\"image\":{\"@id\":\"https:\/\/www.tabakversand.ch\/it\/prodotto\/qualicann-canne-prerollate-sweet-star-x-purize-22-pz\/#primaryimage\"},\"thumbnailUrl\":\"https:\/\/www.tabakversand.ch\/wp-content\/uploads\/2023\/09\/qualicann-prerolled-joints.jpg\",\"datePublished\":\"2023-09-14T11:48:46+00:00\",\"dateModified\":\"2026-02-04T09:05:30+00:00\",\"description\":\"Canne Prerollate Qualicann Sweet Star x Purize 22 pz. | Un vasto assortimento di prodotti del tabacco e utensili per fumatori in tutta la Svizzera | Carte accettate!\",\"breadcrumb\":{\"@id\":\"https:\/\/www.tabakversand.ch\/it\/prodotto\/qualicann-canne-prerollate-sweet-star-x-purize-22-pz\/#breadcrumb\"},\"inLanguage\":\"it-IT\",\"potentialAction\":[{\"@type\":\"ReadAction\",\"target\":[\"https:\/\/www.tabakversand.ch\/it\/prodotto\/qualicann-canne-prerollate-sweet-star-x-purize-22-pz\/\"]}]},{\"@type\":\"ImageObject\",\"inLanguage\":\"it-IT\",\"@id\":\"https:\/\/www.tabakversand.ch\/it\/prodotto\/qualicann-canne-prerollate-sweet-star-x-purize-22-pz\/#primaryimage\",\"url\":\"https:\/\/www.tabakversand.ch\/wp-content\/uploads\/2023\/09\/qualicann-prerolled-joints.jpg\",\"contentUrl\":\"https:\/\/www.tabakversand.ch\/wp-content\/uploads\/2023\/09\/qualicann-prerolled-joints.jpg\",\"width\":500,\"height\":500,\"caption\":\"Canne Prerollate Qualicann Sweet Star x Purize 22 pz. | Tabakversand.ch\"},{\"@type\":\"BreadcrumbList\",\"@id\":\"https:\/\/www.tabakversand.ch\/it\/prodotto\/qualicann-canne-prerollate-sweet-star-x-purize-22-pz\/#breadcrumb\",\"itemListElement\":[{\"@type\":\"ListItem\",\"position\":1,\"name\":\"Startseite\",\"item\":\"https:\/\/www.tabakversand.ch\/\"},{\"@type\":\"ListItem\",\"position\":2,\"name\":\"Negozio\",\"item\":\"https:\/\/www.tabakversand.ch\/it\/negozio\/\"},{\"@type\":\"ListItem\",\"position\":3,\"name\":\"Canne Prerollate Qualicann Sweet Star x Purize 22 pz.\"}]},{\"@type\":\"WebSite\",\"@id\":\"https:\/\/www.tabakversand.ch\/#website\",\"url\":\"https:\/\/www.tabakversand.ch\/\",\"name\":\"Tabakversand.ch | Alles aus der Welt des Tabaks\",\"description\":\"Smoke and carpe diem\",\"potentialAction\":[{\"@type\":\"SearchAction\",\"target\":{\"@type\":\"EntryPoint\",\"urlTemplate\":\"https:\/\/www.tabakversand.ch\/?s={search_term_string}\"},\"query-input\":{\"@type\":\"PropertyValueSpecification\",\"valueRequired\":true,\"valueName\":\"search_term_string\"}}],\"inLanguage\":\"it-IT\"}]}<\/script>\n<!-- \/ Yoast SEO plugin. -->","yoast_head_json":{"title":"Canne Prerollate Qualicann Sweet Star x Purize 22 pz.","description":"Canne Prerollate Qualicann Sweet Star x Purize 22 pz. | Un vasto assortimento di prodotti del tabacco e utensili per fumatori in tutta la Svizzera | Carte accettate!","robots":{"index":"index","follow":"follow","max-snippet":"max-snippet:-1","max-image-preview":"max-image-preview:large","max-video-preview":"max-video-preview:-1"},"canonical":"https:\/\/www.tabakversand.ch\/it\/prodotto\/qualicann-canne-prerollate-sweet-star-x-purize-22-pz\/","og_locale":"it_IT","og_type":"article","og_title":"Canne Prerollate Qualicann Sweet Star x Purize 22 pz.","og_description":"Canne Prerollate Qualicann Sweet Star x Purize 22 pz. | Un vasto assortimento di prodotti del tabacco e utensili per fumatori in tutta la Svizzera | Carte accettate!","og_url":"https:\/\/www.tabakversand.ch\/it\/prodotto\/qualicann-canne-prerollate-sweet-star-x-purize-22-pz\/","og_site_name":"Tabakversand.ch | Alles aus der Welt des Tabaks","article_modified_time":"2026-02-04T09:05:30+00:00","og_image":[{"width":500,"height":500,"url":"https:\/\/www.tabakversand.ch\/wp-content\/uploads\/2023\/09\/qualicann-prerolled-joints.jpg","type":"image\/jpeg"}],"twitter_card":"summary_large_image","twitter_misc":{"Tempo di lettura stimato":"1 minuto"},"schema":{"@context":"https:\/\/schema.org","@graph":[{"@type":"WebPage","@id":"https:\/\/www.tabakversand.ch\/it\/prodotto\/qualicann-canne-prerollate-sweet-star-x-purize-22-pz\/","url":"https:\/\/www.tabakversand.ch\/it\/prodotto\/qualicann-canne-prerollate-sweet-star-x-purize-22-pz\/","name":"Canne Prerollate Qualicann Sweet Star x Purize 22 pz.","isPartOf":{"@id":"https:\/\/www.tabakversand.ch\/#website"},"primaryImageOfPage":{"@id":"https:\/\/www.tabakversand.ch\/it\/prodotto\/qualicann-canne-prerollate-sweet-star-x-purize-22-pz\/#primaryimage"},"image":{"@id":"https:\/\/www.tabakversand.ch\/it\/prodotto\/qualicann-canne-prerollate-sweet-star-x-purize-22-pz\/#primaryimage"},"thumbnailUrl":"https:\/\/www.tabakversand.ch\/wp-content\/uploads\/2023\/09\/qualicann-prerolled-joints.jpg","datePublished":"2023-09-14T11:48:46+00:00","dateModified":"2026-02-04T09:05:30+00:00","description":"Canne Prerollate Qualicann Sweet Star x Purize 22 pz. | Un vasto assortimento di prodotti del tabacco e utensili per fumatori in tutta la Svizzera | Carte accettate!","breadcrumb":{"@id":"https:\/\/www.tabakversand.ch\/it\/prodotto\/qualicann-canne-prerollate-sweet-star-x-purize-22-pz\/#breadcrumb"},"inLanguage":"it-IT","potentialAction":[{"@type":"ReadAction","target":["https:\/\/www.tabakversand.ch\/it\/prodotto\/qualicann-canne-prerollate-sweet-star-x-purize-22-pz\/"]}]},{"@type":"ImageObject","inLanguage":"it-IT","@id":"https:\/\/www.tabakversand.ch\/it\/prodotto\/qualicann-canne-prerollate-sweet-star-x-purize-22-pz\/#primaryimage","url":"https:\/\/www.tabakversand.ch\/wp-content\/uploads\/2023\/09\/qualicann-prerolled-joints.jpg","contentUrl":"https:\/\/www.tabakversand.ch\/wp-content\/uploads\/2023\/09\/qualicann-prerolled-joints.jpg","width":500,"height":500,"caption":"Canne Prerollate Qualicann Sweet Star x Purize 22 pz. | Tabakversand.ch"},{"@type":"BreadcrumbList","@id":"https:\/\/www.tabakversand.ch\/it\/prodotto\/qualicann-canne-prerollate-sweet-star-x-purize-22-pz\/#breadcrumb","itemListElement":[{"@type":"ListItem","position":1,"name":"Startseite","item":"https:\/\/www.tabakversand.ch\/"},{"@type":"ListItem","position":2,"name":"Negozio","item":"https:\/\/www.tabakversand.ch\/it\/negozio\/"},{"@type":"ListItem","position":3,"name":"Canne Prerollate Qualicann Sweet Star x Purize 22 pz."}]},{"@type":"WebSite","@id":"https:\/\/www.tabakversand.ch\/#website","url":"https:\/\/www.tabakversand.ch\/","name":"Tabakversand.ch | Alles aus der Welt des Tabaks","description":"Smoke and carpe diem","potentialAction":[{"@type":"SearchAction","target":{"@type":"EntryPoint","urlTemplate":"https:\/\/www.tabakversand.ch\/?s={search_term_string}"},"query-input":{"@type":"PropertyValueSpecification","valueRequired":true,"valueName":"search_term_string"}}],"inLanguage":"it-IT"}]}},"_links":{"self":[{"href":"https:\/\/www.tabakversand.ch\/it\/wp-json\/wp\/v2\/product\/137954","targetHints":{"allow":["GET"]}}],"collection":[{"href":"https:\/\/www.tabakversand.ch\/it\/wp-json\/wp\/v2\/product"}],"about":[{"href":"https:\/\/www.tabakversand.ch\/it\/wp-json\/wp\/v2\/types\/product"}],"version-history":[{"count":2,"href":"https:\/\/www.tabakversand.ch\/it\/wp-json\/wp\/v2\/product\/137954\/revisions"}],"predecessor-version":[{"id":211991,"href":"https:\/\/www.tabakversand.ch\/it\/wp-json\/wp\/v2\/product\/137954\/revisions\/211991"}],"wp:featuredmedia":[{"embeddable":true,"href":"https:\/\/www.tabakversand.ch\/it\/wp-json\/wp\/v2\/media\/137958"}],"wp:attachment":[{"href":"https:\/\/www.tabakversand.ch\/it\/wp-json\/wp\/v2\/media?parent=137954"}],"wp:term":[{"taxonomy":"product_brand","embeddable":true,"href":"https:\/\/www.tabakversand.ch\/it\/wp-json\/wp\/v2\/product_brand?post=137954"},{"taxonomy":"product_cat","embeddable":true,"href":"https:\/\/www.tabakversand.ch\/it\/wp-json\/wp\/v2\/product_cat?post=137954"},{"taxonomy":"product_tag","embeddable":true,"href":"https:\/\/www.tabakversand.ch\/it\/wp-json\/wp\/v2\/product_tag?post=137954"}],"curies":[{"name":"wp","href":"https:\/\/api.w.org\/{rel}","templated":true}]}}