{"id":142269,"date":"2023-10-20T12:54:23","date_gmt":"2023-10-20T10:54:23","guid":{"rendered":"https:\/\/www.tabakversand.ch\/?post_type=product&#038;p=142269"},"modified":"2026-04-13T20:08:18","modified_gmt":"2026-04-13T18:08:18","slug":"rattrays-summer-breeze-2023-tabacco-da-pipa-100-gr","status":"publish","type":"product","link":"https:\/\/www.tabakversand.ch\/it\/prodotto\/rattrays-summer-breeze-2023-tabacco-da-pipa-100-gr\/","title":{"rendered":"Rattray&#8217;s Summer Breeze 2023 tabacco da pipa 100 gr."},"content":{"rendered":"<p>Rattray&#8217;s Summer Breeze 2023 tabacco da pipa 100 gr.<\/p>\n<p>Quest&#8217;anno il portagioie della &#8220;Rattray&#8217;s Summer Edition 2023&#8221; \u00e8 decorato con un cardo. Questa \u00e8 la pianta nazionale scozzese ed \u00e8 comunemente usata come metafora dell&#8217;orgoglio e della fermezza degli scozzesi. Tende a essere trascurata e appare dura e pungente. Tuttavia, se guardi da vicino, puoi vedere un bellissimo fiore. Comunque sia, il gusto degli scozzesi in fatto di fiori \u00e8 discutibile. Tutto il contrario dei loro gusti in fatto di tabacco da pipa. Quasi nessun paese pu\u00f2 vantare una tradizione pi\u00f9 lunga nel settore della pipa. Nel corso degli anni l&#8217;azienda Rattray&#8217;s ha prodotto molte miscele fenomenali. Ed \u00e8 per questo che nessun&#8217;altra pianta potrebbe rappresentare la Summer Edition di quest&#8217;anno meglio del cardo.<\/p>\n<p>La miscela \u00e8 meravigliosamente equilibrata. Vari tabacchi Virginia si sposano felicemente con una forte porzione di Black Cavendish e un pizzico di Burley. Il tutto si completa con il gustoso aroma del mango e del frutto della passione. Un pizzico di acero offre una dolcezza caramellata e sentori di sapori legnosi.<\/p>\n<p>Gusto: l&#8217;aroma offre una pura esperienza estiva. L&#8217;interazione dei vari tabacchi Virginia con lo scuro Black Cavendish e il nocciolato Burley \u00e8 a dir poco meravigliosa. L&#8217;incontro degli accordi esotici e dolci di mango e frutto della passione \u00e8 pieno di freschezza e frutto. L&#8217;aroma dell&#8217;acero d\u00e0 al tutto il tocco finale.<\/p>\n<table width=\"30%\">\n<tbody>\n<tr>\n<td width=\"50%\">Tipo:<\/td>\n<td width=\"50%\">danese<\/td>\n<\/tr>\n<tr>\n<td width=\"50%\">Aroma:<\/td>\n<td width=\"50%\">4\/5<\/td>\n<\/tr>\n<tr>\n<td width=\"50%\">Forza:<\/td>\n<td width=\"50%\">2\/5<\/td>\n<\/tr>\n<tr>\n<td width=\"50%\">Valutazione della camera:<\/td>\n<td width=\"50%\">3,5\/5<\/td>\n<\/tr>\n<\/tbody>\n<\/table>\n<p>Tutti i prezzi sono validi solo per gli ordini online e includono l&#8217;IVA, sono soggetti a modifiche senza preavviso e non includono le spese di spedizione.   Con riserva di errori, modifiche nella fornitura e nella progettazione, errori di stampa e modifiche dei prezzi. I prezzi barrati sono invece prezzi. L&#8217;immagine pu\u00f2 differire dall&#8217;originale\/dalla fornitura.<br \/>\n*Spedizione gratuita per ordini superiori a CHF 250.-.<\/p>\n","protected":false},"excerpt":{"rendered":"<p>Rattray&#8217;s Summer Breeze 2023 tabacco da pipa 100 gr. Quest&#8217;anno il portagioie della &#8220;Rattray&#8217;s Summer Edition 2023&#8221; \u00e8 decorato con un cardo. Questa \u00e8 la pianta nazionale scozzese ed \u00e8 comunemente usata come metafora dell&#8217;orgoglio e della fermezza degli scozzesi. Tende a essere trascurata e appare dura e pungente. Tuttavia, se guardi da vicino, puoi [&hellip;]<\/p>\n","protected":false},"featured_media":142273,"template":"","meta":[],"product_brand":[1854],"product_cat":[5810,1944,1889,2050],"product_tag":[],"class_list":{"0":"post-142269","1":"product","2":"type-product","3":"status-publish","4":"has-post-thumbnail","6":"product_brand-rattrays","7":"product_cat-canta","8":"product_cat-mondo-pipe","9":"product_cat-tabacco","10":"product_cat-tabacco-da-pipa-it","12":"first","13":"onbackorder","14":"purchasable","15":"product-type-simple"},"yoast_head":"<!-- This site is optimized with the Yoast SEO plugin v27.5 - https:\/\/yoast.com\/product\/yoast-seo-wordpress\/ -->\n<title>Rattray&#039;s Summer Breeze 2023 tabacco da pipa 100 gr.<\/title>\n<meta name=\"description\" content=\"Rattray&#039;s Summer Breeze 2023 tabacco da pipa 100 gr. | A Tabakversand.ch puoi ottenere questo eccellente tabacco da pipa | Carte accettate!\" \/>\n<meta name=\"robots\" content=\"index, follow, max-snippet:-1, max-image-preview:large, max-video-preview:-1\" \/>\n<link rel=\"canonical\" href=\"https:\/\/www.tabakversand.ch\/it\/prodotto\/rattrays-summer-breeze-2023-tabacco-da-pipa-100-gr\/\" \/>\n<meta property=\"og:locale\" content=\"it_IT\" \/>\n<meta property=\"og:type\" content=\"article\" \/>\n<meta property=\"og:title\" content=\"Rattray&#039;s Summer Breeze 2023 tabacco da pipa 100 gr.\" \/>\n<meta property=\"og:description\" content=\"Rattray&#039;s Summer Breeze 2023 tabacco da pipa 100 gr. | A Tabakversand.ch puoi ottenere questo eccellente tabacco da pipa | Carte accettate!\" \/>\n<meta property=\"og:url\" content=\"https:\/\/www.tabakversand.ch\/it\/prodotto\/rattrays-summer-breeze-2023-tabacco-da-pipa-100-gr\/\" \/>\n<meta property=\"og:site_name\" content=\"Tabakversand.ch | Alles aus der Welt des Tabaks\" \/>\n<meta property=\"article:modified_time\" content=\"2026-04-13T18:08:18+00:00\" \/>\n<meta property=\"og:image\" content=\"https:\/\/www.tabakversand.ch\/wp-content\/uploads\/2023\/10\/rattrays-summer-breeze-2023.jpg\" \/>\n\t<meta property=\"og:image:width\" content=\"500\" \/>\n\t<meta property=\"og:image:height\" content=\"500\" \/>\n\t<meta property=\"og:image:type\" content=\"image\/jpeg\" \/>\n<meta name=\"twitter:card\" content=\"summary_large_image\" \/>\n<meta name=\"twitter:label1\" content=\"Tempo di lettura stimato\" \/>\n\t<meta name=\"twitter:data1\" content=\"1 minuto\" \/>\n<script type=\"application\/ld+json\" class=\"yoast-schema-graph\">{\"@context\":\"https:\\\/\\\/schema.org\",\"@graph\":[{\"@type\":\"WebPage\",\"@id\":\"https:\\\/\\\/www.tabakversand.ch\\\/it\\\/prodotto\\\/rattrays-summer-breeze-2023-tabacco-da-pipa-100-gr\\\/\",\"url\":\"https:\\\/\\\/www.tabakversand.ch\\\/it\\\/prodotto\\\/rattrays-summer-breeze-2023-tabacco-da-pipa-100-gr\\\/\",\"name\":\"Rattray's Summer Breeze 2023 tabacco da pipa 100 gr.\",\"isPartOf\":{\"@id\":\"https:\\\/\\\/www.tabakversand.ch\\\/#website\"},\"primaryImageOfPage\":{\"@id\":\"https:\\\/\\\/www.tabakversand.ch\\\/it\\\/prodotto\\\/rattrays-summer-breeze-2023-tabacco-da-pipa-100-gr\\\/#primaryimage\"},\"image\":{\"@id\":\"https:\\\/\\\/www.tabakversand.ch\\\/it\\\/prodotto\\\/rattrays-summer-breeze-2023-tabacco-da-pipa-100-gr\\\/#primaryimage\"},\"thumbnailUrl\":\"https:\\\/\\\/www.tabakversand.ch\\\/wp-content\\\/uploads\\\/2023\\\/10\\\/rattrays-summer-breeze-2023.jpg\",\"datePublished\":\"2023-10-20T10:54:23+00:00\",\"dateModified\":\"2026-04-13T18:08:18+00:00\",\"description\":\"Rattray's Summer Breeze 2023 tabacco da pipa 100 gr. | A Tabakversand.ch puoi ottenere questo eccellente tabacco da pipa | Carte accettate!\",\"breadcrumb\":{\"@id\":\"https:\\\/\\\/www.tabakversand.ch\\\/it\\\/prodotto\\\/rattrays-summer-breeze-2023-tabacco-da-pipa-100-gr\\\/#breadcrumb\"},\"inLanguage\":\"it-IT\",\"potentialAction\":[{\"@type\":\"ReadAction\",\"target\":[\"https:\\\/\\\/www.tabakversand.ch\\\/it\\\/prodotto\\\/rattrays-summer-breeze-2023-tabacco-da-pipa-100-gr\\\/\"]}]},{\"@type\":\"ImageObject\",\"inLanguage\":\"it-IT\",\"@id\":\"https:\\\/\\\/www.tabakversand.ch\\\/it\\\/prodotto\\\/rattrays-summer-breeze-2023-tabacco-da-pipa-100-gr\\\/#primaryimage\",\"url\":\"https:\\\/\\\/www.tabakversand.ch\\\/wp-content\\\/uploads\\\/2023\\\/10\\\/rattrays-summer-breeze-2023.jpg\",\"contentUrl\":\"https:\\\/\\\/www.tabakversand.ch\\\/wp-content\\\/uploads\\\/2023\\\/10\\\/rattrays-summer-breeze-2023.jpg\",\"width\":500,\"height\":500,\"caption\":\"Rattray's Summer Breeze 2023 tabacco da pipa 100 gr. | Tabakversand.ch\"},{\"@type\":\"BreadcrumbList\",\"@id\":\"https:\\\/\\\/www.tabakversand.ch\\\/it\\\/prodotto\\\/rattrays-summer-breeze-2023-tabacco-da-pipa-100-gr\\\/#breadcrumb\",\"itemListElement\":[{\"@type\":\"ListItem\",\"position\":1,\"name\":\"Startseite\",\"item\":\"https:\\\/\\\/www.tabakversand.ch\\\/\"},{\"@type\":\"ListItem\",\"position\":2,\"name\":\"Negozio\",\"item\":\"https:\\\/\\\/www.tabakversand.ch\\\/it\\\/negozio\\\/\"},{\"@type\":\"ListItem\",\"position\":3,\"name\":\"Rattray's Summer Breeze 2023 tabacco da pipa 100 gr.\"}]},{\"@type\":\"WebSite\",\"@id\":\"https:\\\/\\\/www.tabakversand.ch\\\/#website\",\"url\":\"https:\\\/\\\/www.tabakversand.ch\\\/\",\"name\":\"Tabakversand.ch | Alles aus der Welt des Tabaks\",\"description\":\"Smoke and carpe diem\",\"potentialAction\":[{\"@type\":\"SearchAction\",\"target\":{\"@type\":\"EntryPoint\",\"urlTemplate\":\"https:\\\/\\\/www.tabakversand.ch\\\/?s={search_term_string}\"},\"query-input\":{\"@type\":\"PropertyValueSpecification\",\"valueRequired\":true,\"valueName\":\"search_term_string\"}}],\"inLanguage\":\"it-IT\"}]}<\/script>\n<!-- \/ Yoast SEO plugin. -->","yoast_head_json":{"title":"Rattray's Summer Breeze 2023 tabacco da pipa 100 gr.","description":"Rattray's Summer Breeze 2023 tabacco da pipa 100 gr. | A Tabakversand.ch puoi ottenere questo eccellente tabacco da pipa | Carte accettate!","robots":{"index":"index","follow":"follow","max-snippet":"max-snippet:-1","max-image-preview":"max-image-preview:large","max-video-preview":"max-video-preview:-1"},"canonical":"https:\/\/www.tabakversand.ch\/it\/prodotto\/rattrays-summer-breeze-2023-tabacco-da-pipa-100-gr\/","og_locale":"it_IT","og_type":"article","og_title":"Rattray's Summer Breeze 2023 tabacco da pipa 100 gr.","og_description":"Rattray's Summer Breeze 2023 tabacco da pipa 100 gr. | A Tabakversand.ch puoi ottenere questo eccellente tabacco da pipa | Carte accettate!","og_url":"https:\/\/www.tabakversand.ch\/it\/prodotto\/rattrays-summer-breeze-2023-tabacco-da-pipa-100-gr\/","og_site_name":"Tabakversand.ch | Alles aus der Welt des Tabaks","article_modified_time":"2026-04-13T18:08:18+00:00","og_image":[{"width":500,"height":500,"url":"https:\/\/www.tabakversand.ch\/wp-content\/uploads\/2023\/10\/rattrays-summer-breeze-2023.jpg","type":"image\/jpeg"}],"twitter_card":"summary_large_image","twitter_misc":{"Tempo di lettura stimato":"1 minuto"},"schema":{"@context":"https:\/\/schema.org","@graph":[{"@type":"WebPage","@id":"https:\/\/www.tabakversand.ch\/it\/prodotto\/rattrays-summer-breeze-2023-tabacco-da-pipa-100-gr\/","url":"https:\/\/www.tabakversand.ch\/it\/prodotto\/rattrays-summer-breeze-2023-tabacco-da-pipa-100-gr\/","name":"Rattray's Summer Breeze 2023 tabacco da pipa 100 gr.","isPartOf":{"@id":"https:\/\/www.tabakversand.ch\/#website"},"primaryImageOfPage":{"@id":"https:\/\/www.tabakversand.ch\/it\/prodotto\/rattrays-summer-breeze-2023-tabacco-da-pipa-100-gr\/#primaryimage"},"image":{"@id":"https:\/\/www.tabakversand.ch\/it\/prodotto\/rattrays-summer-breeze-2023-tabacco-da-pipa-100-gr\/#primaryimage"},"thumbnailUrl":"https:\/\/www.tabakversand.ch\/wp-content\/uploads\/2023\/10\/rattrays-summer-breeze-2023.jpg","datePublished":"2023-10-20T10:54:23+00:00","dateModified":"2026-04-13T18:08:18+00:00","description":"Rattray's Summer Breeze 2023 tabacco da pipa 100 gr. | A Tabakversand.ch puoi ottenere questo eccellente tabacco da pipa | Carte accettate!","breadcrumb":{"@id":"https:\/\/www.tabakversand.ch\/it\/prodotto\/rattrays-summer-breeze-2023-tabacco-da-pipa-100-gr\/#breadcrumb"},"inLanguage":"it-IT","potentialAction":[{"@type":"ReadAction","target":["https:\/\/www.tabakversand.ch\/it\/prodotto\/rattrays-summer-breeze-2023-tabacco-da-pipa-100-gr\/"]}]},{"@type":"ImageObject","inLanguage":"it-IT","@id":"https:\/\/www.tabakversand.ch\/it\/prodotto\/rattrays-summer-breeze-2023-tabacco-da-pipa-100-gr\/#primaryimage","url":"https:\/\/www.tabakversand.ch\/wp-content\/uploads\/2023\/10\/rattrays-summer-breeze-2023.jpg","contentUrl":"https:\/\/www.tabakversand.ch\/wp-content\/uploads\/2023\/10\/rattrays-summer-breeze-2023.jpg","width":500,"height":500,"caption":"Rattray's Summer Breeze 2023 tabacco da pipa 100 gr. | Tabakversand.ch"},{"@type":"BreadcrumbList","@id":"https:\/\/www.tabakversand.ch\/it\/prodotto\/rattrays-summer-breeze-2023-tabacco-da-pipa-100-gr\/#breadcrumb","itemListElement":[{"@type":"ListItem","position":1,"name":"Startseite","item":"https:\/\/www.tabakversand.ch\/"},{"@type":"ListItem","position":2,"name":"Negozio","item":"https:\/\/www.tabakversand.ch\/it\/negozio\/"},{"@type":"ListItem","position":3,"name":"Rattray's Summer Breeze 2023 tabacco da pipa 100 gr."}]},{"@type":"WebSite","@id":"https:\/\/www.tabakversand.ch\/#website","url":"https:\/\/www.tabakversand.ch\/","name":"Tabakversand.ch | Alles aus der Welt des Tabaks","description":"Smoke and carpe diem","potentialAction":[{"@type":"SearchAction","target":{"@type":"EntryPoint","urlTemplate":"https:\/\/www.tabakversand.ch\/?s={search_term_string}"},"query-input":{"@type":"PropertyValueSpecification","valueRequired":true,"valueName":"search_term_string"}}],"inLanguage":"it-IT"}]}},"_links":{"self":[{"href":"https:\/\/www.tabakversand.ch\/it\/wp-json\/wp\/v2\/product\/142269","targetHints":{"allow":["GET"]}}],"collection":[{"href":"https:\/\/www.tabakversand.ch\/it\/wp-json\/wp\/v2\/product"}],"about":[{"href":"https:\/\/www.tabakversand.ch\/it\/wp-json\/wp\/v2\/types\/product"}],"version-history":[{"count":3,"href":"https:\/\/www.tabakversand.ch\/it\/wp-json\/wp\/v2\/product\/142269\/revisions"}],"predecessor-version":[{"id":217953,"href":"https:\/\/www.tabakversand.ch\/it\/wp-json\/wp\/v2\/product\/142269\/revisions\/217953"}],"wp:featuredmedia":[{"embeddable":true,"href":"https:\/\/www.tabakversand.ch\/it\/wp-json\/wp\/v2\/media\/142273"}],"wp:attachment":[{"href":"https:\/\/www.tabakversand.ch\/it\/wp-json\/wp\/v2\/media?parent=142269"}],"wp:term":[{"taxonomy":"product_brand","embeddable":true,"href":"https:\/\/www.tabakversand.ch\/it\/wp-json\/wp\/v2\/product_brand?post=142269"},{"taxonomy":"product_cat","embeddable":true,"href":"https:\/\/www.tabakversand.ch\/it\/wp-json\/wp\/v2\/product_cat?post=142269"},{"taxonomy":"product_tag","embeddable":true,"href":"https:\/\/www.tabakversand.ch\/it\/wp-json\/wp\/v2\/product_tag?post=142269"}],"curies":[{"name":"wp","href":"https:\/\/api.w.org\/{rel}","templated":true}]}}