{"id":147118,"date":"2023-12-19T16:05:21","date_gmt":"2023-12-19T15:05:21","guid":{"rendered":"https:\/\/www.tabakversand.ch\/?post_type=product&#038;p=147118"},"modified":"2026-01-22T08:00:40","modified_gmt":"2026-01-22T07:00:40","slug":"minifiltro-detergente-corona-24-pz","status":"publish","type":"product","link":"https:\/\/www.tabakversand.ch\/it\/prodotto\/minifiltro-detergente-corona-24-pz\/","title":{"rendered":"Korona Cleaner Mini Filter 24 pz."},"content":{"rendered":"<p>Korona Cleaner Mini Filter 24 pz.<\/p>\n<p>1 scatola<\/p>\n<p>Microfiltri per sigarette: adatti per circa 4-6 sigarette per filtro. Riducono le sostanze nocive fino all&#8217;80% senza alterare il gusto. Korona Cleaner non \u00e8 solo un bocchino compatto e facile da usare, ma anche un filtro efficace e riutilizzabile, tutto in uno. Senza alterare il sapore del tabacco, il detergente Korona rimuove attivamente l&#8217;80% del catrame. Ci\u00f2 vi garantir\u00e0 un&#8217;esperienza di fumo pi\u00f9 piacevole e appagante. I filtri non solo proteggono la tua salute, ma prevengono anche lo scolorimento dei denti e l&#8217;alito cattivo. Si consiglia di utilizzare ogni filtro per 4-6 sigarette.<\/p>\n<p>Conservare a temperatura ambiente. Tenere fuori dalla portata dei bambini.<br \/>\n Se la marcatura colorata \u00e8 completamente coperta, il filtro deve essere sostituito.<\/p>\n<p>Tutti i prezzi si applicano solo agli ordini online e sono comprensivi di IVA. Soggetto a modifiche senza preavviso, escluse le spese di spedizione. Con riserva di errori, modifiche nell&#8217;ambito di consegna e nel design, errori di stampa e variazioni di prezzo. I prezzi barrati sono prezzi sostitutivi. Le illustrazioni possono differire dall&#8217;originale\/dall&#8217;ambito di consegna.<br \/>\n*Spedizione gratuita per ordini superiori a CHF 250.-.<\/p>\n","protected":false},"excerpt":{"rendered":"<p>Korona Cleaner Mini Filter 24 pz. 1 scatola Microfiltri per sigarette: adatti per circa 4-6 sigarette per filtro. Riducono le sostanze nocive fino all&#8217;80% senza alterare il gusto. Korona Cleaner non \u00e8 solo un bocchino compatto e facile da usare, ma anche un filtro efficace e riutilizzabile, tutto in uno. Senza alterare il sapore del [&hellip;]<\/p>\n","protected":false},"featured_media":147122,"template":"","meta":[],"product_brand":[1753],"product_cat":[2004,2016,3233,5186,3220,1962],"product_tag":[],"class_list":{"0":"post-147118","1":"product","2":"type-product","3":"status-publish","4":"has-post-thumbnail","6":"product_brand-korona-golden-crown","7":"product_cat-diverso-headshop","8":"product_cat-filtri-per-sigarette","9":"product_cat-filtro","11":"product_cat-negozio-di-teste","12":"product_cat-sigarette-self-made","14":"first","15":"onbackorder","16":"purchasable","17":"product-type-simple"},"yoast_head":"<!-- This site is optimized with the Yoast SEO plugin v27.0 - https:\/\/yoast.com\/product\/yoast-seo-wordpress\/ -->\n<title>Korona Cleaner Mini Filter 24 pz. - tabakversand.ch<\/title>\n<meta name=\"description\" content=\"Korona Cleaner Mini Filtri 24 pz. | Un&#039;ampia scelta di prodotti e accessori per il tabacco di prima qualit\u00e0 in tutta la Svizzera | Si accettano carte di credito!\" \/>\n<meta name=\"robots\" content=\"index, follow, max-snippet:-1, max-image-preview:large, max-video-preview:-1\" \/>\n<link rel=\"canonical\" href=\"https:\/\/www.tabakversand.ch\/it\/prodotto\/minifiltro-detergente-corona-24-pz\/\" \/>\n<meta property=\"og:locale\" content=\"it_IT\" \/>\n<meta property=\"og:type\" content=\"article\" \/>\n<meta property=\"og:title\" content=\"Korona Cleaner Mini Filter 24 pz. - tabakversand.ch\" \/>\n<meta property=\"og:description\" content=\"Korona Cleaner Mini Filtri 24 pz. | Un&#039;ampia scelta di prodotti e accessori per il tabacco di prima qualit\u00e0 in tutta la Svizzera | Si accettano carte di credito!\" \/>\n<meta property=\"og:url\" content=\"https:\/\/www.tabakversand.ch\/it\/prodotto\/minifiltro-detergente-corona-24-pz\/\" \/>\n<meta property=\"og:site_name\" content=\"Tabakversand.ch | Alles aus der Welt des Tabaks\" \/>\n<meta property=\"article:modified_time\" content=\"2026-01-22T07:00:40+00:00\" \/>\n<meta property=\"og:image\" content=\"https:\/\/www.tabakversand.ch\/wp-content\/uploads\/2023\/12\/korona-cleaner-minifilter.jpg\" \/>\n\t<meta property=\"og:image:width\" content=\"500\" \/>\n\t<meta property=\"og:image:height\" content=\"500\" \/>\n\t<meta property=\"og:image:type\" content=\"image\/jpeg\" \/>\n<meta name=\"twitter:card\" content=\"summary_large_image\" \/>\n<meta name=\"twitter:label1\" content=\"Tempo di lettura stimato\" \/>\n\t<meta name=\"twitter:data1\" content=\"1 minuto\" \/>\n<script type=\"application\/ld+json\" class=\"yoast-schema-graph\">{\"@context\":\"https:\/\/schema.org\",\"@graph\":[{\"@type\":\"WebPage\",\"@id\":\"https:\/\/www.tabakversand.ch\/it\/prodotto\/minifiltro-detergente-corona-24-pz\/\",\"url\":\"https:\/\/www.tabakversand.ch\/it\/prodotto\/minifiltro-detergente-corona-24-pz\/\",\"name\":\"Korona Cleaner Mini Filter 24 pz. - tabakversand.ch\",\"isPartOf\":{\"@id\":\"https:\/\/www.tabakversand.ch\/#website\"},\"primaryImageOfPage\":{\"@id\":\"https:\/\/www.tabakversand.ch\/it\/prodotto\/minifiltro-detergente-corona-24-pz\/#primaryimage\"},\"image\":{\"@id\":\"https:\/\/www.tabakversand.ch\/it\/prodotto\/minifiltro-detergente-corona-24-pz\/#primaryimage\"},\"thumbnailUrl\":\"https:\/\/www.tabakversand.ch\/wp-content\/uploads\/2023\/12\/korona-cleaner-minifilter.jpg\",\"datePublished\":\"2023-12-19T15:05:21+00:00\",\"dateModified\":\"2026-01-22T07:00:40+00:00\",\"description\":\"Korona Cleaner Mini Filtri 24 pz. | Un'ampia scelta di prodotti e accessori per il tabacco di prima qualit\u00e0 in tutta la Svizzera | Si accettano carte di credito!\",\"breadcrumb\":{\"@id\":\"https:\/\/www.tabakversand.ch\/it\/prodotto\/minifiltro-detergente-corona-24-pz\/#breadcrumb\"},\"inLanguage\":\"it-IT\",\"potentialAction\":[{\"@type\":\"ReadAction\",\"target\":[\"https:\/\/www.tabakversand.ch\/it\/prodotto\/minifiltro-detergente-corona-24-pz\/\"]}]},{\"@type\":\"ImageObject\",\"inLanguage\":\"it-IT\",\"@id\":\"https:\/\/www.tabakversand.ch\/it\/prodotto\/minifiltro-detergente-corona-24-pz\/#primaryimage\",\"url\":\"https:\/\/www.tabakversand.ch\/wp-content\/uploads\/2023\/12\/korona-cleaner-minifilter.jpg\",\"contentUrl\":\"https:\/\/www.tabakversand.ch\/wp-content\/uploads\/2023\/12\/korona-cleaner-minifilter.jpg\",\"width\":500,\"height\":500,\"caption\":\"Korona Cleaner Mini Filter 24 pz. | Tabakversand.ch\"},{\"@type\":\"BreadcrumbList\",\"@id\":\"https:\/\/www.tabakversand.ch\/it\/prodotto\/minifiltro-detergente-corona-24-pz\/#breadcrumb\",\"itemListElement\":[{\"@type\":\"ListItem\",\"position\":1,\"name\":\"Startseite\",\"item\":\"https:\/\/www.tabakversand.ch\/\"},{\"@type\":\"ListItem\",\"position\":2,\"name\":\"Negozio\",\"item\":\"https:\/\/www.tabakversand.ch\/it\/negozio\/\"},{\"@type\":\"ListItem\",\"position\":3,\"name\":\"Korona Cleaner Mini Filter 24 pz.\"}]},{\"@type\":\"WebSite\",\"@id\":\"https:\/\/www.tabakversand.ch\/#website\",\"url\":\"https:\/\/www.tabakversand.ch\/\",\"name\":\"Tabakversand.ch | Alles aus der Welt des Tabaks\",\"description\":\"Smoke and carpe diem\",\"potentialAction\":[{\"@type\":\"SearchAction\",\"target\":{\"@type\":\"EntryPoint\",\"urlTemplate\":\"https:\/\/www.tabakversand.ch\/?s={search_term_string}\"},\"query-input\":{\"@type\":\"PropertyValueSpecification\",\"valueRequired\":true,\"valueName\":\"search_term_string\"}}],\"inLanguage\":\"it-IT\"}]}<\/script>\n<!-- \/ Yoast SEO plugin. -->","yoast_head_json":{"title":"Korona Cleaner Mini Filter 24 pz. - tabakversand.ch","description":"Korona Cleaner Mini Filtri 24 pz. | Un'ampia scelta di prodotti e accessori per il tabacco di prima qualit\u00e0 in tutta la Svizzera | Si accettano carte di credito!","robots":{"index":"index","follow":"follow","max-snippet":"max-snippet:-1","max-image-preview":"max-image-preview:large","max-video-preview":"max-video-preview:-1"},"canonical":"https:\/\/www.tabakversand.ch\/it\/prodotto\/minifiltro-detergente-corona-24-pz\/","og_locale":"it_IT","og_type":"article","og_title":"Korona Cleaner Mini Filter 24 pz. - tabakversand.ch","og_description":"Korona Cleaner Mini Filtri 24 pz. | Un'ampia scelta di prodotti e accessori per il tabacco di prima qualit\u00e0 in tutta la Svizzera | Si accettano carte di credito!","og_url":"https:\/\/www.tabakversand.ch\/it\/prodotto\/minifiltro-detergente-corona-24-pz\/","og_site_name":"Tabakversand.ch | Alles aus der Welt des Tabaks","article_modified_time":"2026-01-22T07:00:40+00:00","og_image":[{"width":500,"height":500,"url":"https:\/\/www.tabakversand.ch\/wp-content\/uploads\/2023\/12\/korona-cleaner-minifilter.jpg","type":"image\/jpeg"}],"twitter_card":"summary_large_image","twitter_misc":{"Tempo di lettura stimato":"1 minuto"},"schema":{"@context":"https:\/\/schema.org","@graph":[{"@type":"WebPage","@id":"https:\/\/www.tabakversand.ch\/it\/prodotto\/minifiltro-detergente-corona-24-pz\/","url":"https:\/\/www.tabakversand.ch\/it\/prodotto\/minifiltro-detergente-corona-24-pz\/","name":"Korona Cleaner Mini Filter 24 pz. - tabakversand.ch","isPartOf":{"@id":"https:\/\/www.tabakversand.ch\/#website"},"primaryImageOfPage":{"@id":"https:\/\/www.tabakversand.ch\/it\/prodotto\/minifiltro-detergente-corona-24-pz\/#primaryimage"},"image":{"@id":"https:\/\/www.tabakversand.ch\/it\/prodotto\/minifiltro-detergente-corona-24-pz\/#primaryimage"},"thumbnailUrl":"https:\/\/www.tabakversand.ch\/wp-content\/uploads\/2023\/12\/korona-cleaner-minifilter.jpg","datePublished":"2023-12-19T15:05:21+00:00","dateModified":"2026-01-22T07:00:40+00:00","description":"Korona Cleaner Mini Filtri 24 pz. | Un'ampia scelta di prodotti e accessori per il tabacco di prima qualit\u00e0 in tutta la Svizzera | Si accettano carte di credito!","breadcrumb":{"@id":"https:\/\/www.tabakversand.ch\/it\/prodotto\/minifiltro-detergente-corona-24-pz\/#breadcrumb"},"inLanguage":"it-IT","potentialAction":[{"@type":"ReadAction","target":["https:\/\/www.tabakversand.ch\/it\/prodotto\/minifiltro-detergente-corona-24-pz\/"]}]},{"@type":"ImageObject","inLanguage":"it-IT","@id":"https:\/\/www.tabakversand.ch\/it\/prodotto\/minifiltro-detergente-corona-24-pz\/#primaryimage","url":"https:\/\/www.tabakversand.ch\/wp-content\/uploads\/2023\/12\/korona-cleaner-minifilter.jpg","contentUrl":"https:\/\/www.tabakversand.ch\/wp-content\/uploads\/2023\/12\/korona-cleaner-minifilter.jpg","width":500,"height":500,"caption":"Korona Cleaner Mini Filter 24 pz. | Tabakversand.ch"},{"@type":"BreadcrumbList","@id":"https:\/\/www.tabakversand.ch\/it\/prodotto\/minifiltro-detergente-corona-24-pz\/#breadcrumb","itemListElement":[{"@type":"ListItem","position":1,"name":"Startseite","item":"https:\/\/www.tabakversand.ch\/"},{"@type":"ListItem","position":2,"name":"Negozio","item":"https:\/\/www.tabakversand.ch\/it\/negozio\/"},{"@type":"ListItem","position":3,"name":"Korona Cleaner Mini Filter 24 pz."}]},{"@type":"WebSite","@id":"https:\/\/www.tabakversand.ch\/#website","url":"https:\/\/www.tabakversand.ch\/","name":"Tabakversand.ch | Alles aus der Welt des Tabaks","description":"Smoke and carpe diem","potentialAction":[{"@type":"SearchAction","target":{"@type":"EntryPoint","urlTemplate":"https:\/\/www.tabakversand.ch\/?s={search_term_string}"},"query-input":{"@type":"PropertyValueSpecification","valueRequired":true,"valueName":"search_term_string"}}],"inLanguage":"it-IT"}]}},"_links":{"self":[{"href":"https:\/\/www.tabakversand.ch\/it\/wp-json\/wp\/v2\/product\/147118","targetHints":{"allow":["GET"]}}],"collection":[{"href":"https:\/\/www.tabakversand.ch\/it\/wp-json\/wp\/v2\/product"}],"about":[{"href":"https:\/\/www.tabakversand.ch\/it\/wp-json\/wp\/v2\/types\/product"}],"version-history":[{"count":5,"href":"https:\/\/www.tabakversand.ch\/it\/wp-json\/wp\/v2\/product\/147118\/revisions"}],"predecessor-version":[{"id":209555,"href":"https:\/\/www.tabakversand.ch\/it\/wp-json\/wp\/v2\/product\/147118\/revisions\/209555"}],"wp:featuredmedia":[{"embeddable":true,"href":"https:\/\/www.tabakversand.ch\/it\/wp-json\/wp\/v2\/media\/147122"}],"wp:attachment":[{"href":"https:\/\/www.tabakversand.ch\/it\/wp-json\/wp\/v2\/media?parent=147118"}],"wp:term":[{"taxonomy":"product_brand","embeddable":true,"href":"https:\/\/www.tabakversand.ch\/it\/wp-json\/wp\/v2\/product_brand?post=147118"},{"taxonomy":"product_cat","embeddable":true,"href":"https:\/\/www.tabakversand.ch\/it\/wp-json\/wp\/v2\/product_cat?post=147118"},{"taxonomy":"product_tag","embeddable":true,"href":"https:\/\/www.tabakversand.ch\/it\/wp-json\/wp\/v2\/product_tag?post=147118"}],"curies":[{"name":"wp","href":"https:\/\/api.w.org\/{rel}","templated":true}]}}