{"id":149612,"date":"2024-04-05T17:00:03","date_gmt":"2024-04-05T15:00:03","guid":{"rendered":"https:\/\/www.tabakversand.ch\/?post_type=product&#038;p=149612"},"modified":"2025-09-12T16:43:22","modified_gmt":"2025-09-12T14:43:22","slug":"sigaro-davidoff-maduro-short-corona-1","status":"publish","type":"product","link":"https:\/\/www.tabakversand.ch\/it\/prodotto\/sigaro-davidoff-maduro-short-corona-1\/","title":{"rendered":"Sigaro Davidoff Maduro Short Corona 1"},"content":{"rendered":"<p>Sigaro Davidoff Maduro Short Corona 1<\/p>\n<p>Edizione Limitet<\/p>\n<p>INTENSIT\u00c0: 3 su 5<\/p>\n<p>FORMATO: Corona breve<\/p>\n<p>ORIGINE: Repubblica Dominicana<\/p>\n<p>LUNGHEZZA: 4&#8243; \/\/ 8,7 cm<\/p>\n<p>MISURA ANELLO: RG 43 \/\/ 1,6 cm<\/p>\n<p>TEMPO DI PIACERE: 25-40 min<\/p>\n<p>Esperienza di gusto<br \/>\n Con le sue variet\u00e0 di tabacco provenienti da Ecuador, Messico e Repubblica Dominicana, questo Short Corona regala una stimolazione al palato tipica di un vero Maduro. La notevole influenza della fascia ecuadoriana in particolare assicura un&#8217;esperienza gustativa dolce e cremosa, corposa e di media intensit\u00e0 con note di cioccolato fondente, miele e noci tostate.<\/p>\n<p>Storia del sigaro<br \/>\n Un vero Maduro \u00e8 fatto di tempo. Il tempo della fermentazione. Il tempo della maturit\u00e0. La versione limitata Davidoff Maduro perfeziona e ridefinisce ci\u00f2 che \u00e8 e pu\u00f2 essere un Maduro. 16 mesi di fermentazione e 2 anni di invecchiamento della speciale fascia ecuadoriana hanno dato come risultato un bellissimo sigaro pi\u00f9 dolce, pi\u00f9 raffinato e, soprattutto, pi\u00f9 ricco di aroma.<\/p>\n<p>Tutti i prezzi si applicano solo agli ordini online e sono comprensivi di IVA. Soggetto a modifiche senza preavviso, escluse le spese di spedizione. Con riserva di errori, modifiche nell&#8217;ambito di consegna e nel design, errori di stampa e variazioni di prezzo. I prezzi barrati sono prezzi sostitutivi. Le illustrazioni possono differire dall&#8217;originale\/dall&#8217;ambito di consegna.<br \/>\n*Spedizione gratuita per ordini superiori a CHF 250.-.<\/p>\n","protected":false},"excerpt":{"rendered":"<p>Sigaro Davidoff Maduro Short Corona 1 Edizione Limitet INTENSIT\u00c0: 3 su 5 FORMATO: Corona breve ORIGINE: Repubblica Dominicana LUNGHEZZA: 4&#8243; \/\/ 8,7 cm MISURA ANELLO: RG 43 \/\/ 1,6 cm TEMPO DI PIACERE: 25-40 min Esperienza di gusto Con le sue variet\u00e0 di tabacco provenienti da Ecuador, Messico e Repubblica Dominicana, questo Short Corona regala [&hellip;]<\/p>\n","protected":false},"featured_media":179325,"template":"","meta":[],"product_brand":[1487],"product_cat":[2000,1999,3101,2004,2003,3207,2001,2002],"product_tag":[],"class_list":{"0":"post-149612","1":"product","2":"type-product","3":"status-publish","4":"has-post-thumbnail","6":"product_brand-davidoff","7":"product_cat-davidoff-it","8":"product_cat-davidoff-edizione-limitata","9":"product_cat-davidoff-maduro-it","10":"product_cat-diverso-headshop","11":"product_cat-mondo-dei-sigari","12":"product_cat-offerte","13":"product_cat-repubblica-dominicana","14":"product_cat-sigari","16":"first","17":"instock","18":"sale","19":"purchasable","20":"product-type-simple"},"yoast_head":"<!-- This site is optimized with the Yoast SEO plugin v27.5 - https:\/\/yoast.com\/product\/yoast-seo-wordpress\/ -->\n<title>Sigaro Davidoff Maduro Short Corona 1 - Tabakversand.ch | Alles aus der Welt des Tabaks<\/title>\n<meta name=\"description\" content=\"Sigaro Davidoff Maduro Short Corona 1 | Un&#039;ampia scelta di prodotti di tabacco di prima qualit\u00e0, e-smoke e accessori per fumatori in tutta la Svizzera | Carte accettate!\" \/>\n<meta name=\"robots\" content=\"index, follow, max-snippet:-1, max-image-preview:large, max-video-preview:-1\" \/>\n<link rel=\"canonical\" href=\"https:\/\/www.tabakversand.ch\/it\/prodotto\/sigaro-davidoff-maduro-short-corona-1\/\" \/>\n<meta property=\"og:locale\" content=\"it_IT\" \/>\n<meta property=\"og:type\" content=\"article\" \/>\n<meta property=\"og:title\" content=\"Sigaro Davidoff Maduro Short Corona 1 - Tabakversand.ch | Alles aus der Welt des Tabaks\" \/>\n<meta property=\"og:description\" content=\"Sigaro Davidoff Maduro Short Corona 1 | Un&#039;ampia scelta di prodotti di tabacco di prima qualit\u00e0, e-smoke e accessori per fumatori in tutta la Svizzera | Carte accettate!\" \/>\n<meta property=\"og:url\" content=\"https:\/\/www.tabakversand.ch\/it\/prodotto\/sigaro-davidoff-maduro-short-corona-1\/\" \/>\n<meta property=\"og:site_name\" content=\"Tabakversand.ch | Alles aus der Welt des Tabaks\" \/>\n<meta property=\"article:modified_time\" content=\"2025-09-12T14:43:22+00:00\" \/>\n<meta property=\"og:image\" content=\"https:\/\/www.tabakversand.ch\/wp-content\/uploads\/2024\/04\/davidoff-maduro-short-corona-e-1.jpg\" \/>\n\t<meta property=\"og:image:width\" content=\"500\" \/>\n\t<meta property=\"og:image:height\" content=\"500\" \/>\n\t<meta property=\"og:image:type\" content=\"image\/jpeg\" \/>\n<meta name=\"twitter:card\" content=\"summary_large_image\" \/>\n<meta name=\"twitter:label1\" content=\"Tempo di lettura stimato\" \/>\n\t<meta name=\"twitter:data1\" content=\"2 minuti\" \/>\n<script type=\"application\/ld+json\" class=\"yoast-schema-graph\">{\"@context\":\"https:\\\/\\\/schema.org\",\"@graph\":[{\"@type\":\"WebPage\",\"@id\":\"https:\\\/\\\/www.tabakversand.ch\\\/it\\\/prodotto\\\/sigaro-davidoff-maduro-short-corona-1\\\/\",\"url\":\"https:\\\/\\\/www.tabakversand.ch\\\/it\\\/prodotto\\\/sigaro-davidoff-maduro-short-corona-1\\\/\",\"name\":\"Sigaro Davidoff Maduro Short Corona 1 - Tabakversand.ch | Alles aus der Welt des Tabaks\",\"isPartOf\":{\"@id\":\"https:\\\/\\\/www.tabakversand.ch\\\/#website\"},\"primaryImageOfPage\":{\"@id\":\"https:\\\/\\\/www.tabakversand.ch\\\/it\\\/prodotto\\\/sigaro-davidoff-maduro-short-corona-1\\\/#primaryimage\"},\"image\":{\"@id\":\"https:\\\/\\\/www.tabakversand.ch\\\/it\\\/prodotto\\\/sigaro-davidoff-maduro-short-corona-1\\\/#primaryimage\"},\"thumbnailUrl\":\"https:\\\/\\\/www.tabakversand.ch\\\/wp-content\\\/uploads\\\/2024\\\/04\\\/davidoff-maduro-short-corona-e-1.jpg\",\"datePublished\":\"2024-04-05T15:00:03+00:00\",\"dateModified\":\"2025-09-12T14:43:22+00:00\",\"description\":\"Sigaro Davidoff Maduro Short Corona 1 | Un'ampia scelta di prodotti di tabacco di prima qualit\u00e0, e-smoke e accessori per fumatori in tutta la Svizzera | Carte accettate!\",\"breadcrumb\":{\"@id\":\"https:\\\/\\\/www.tabakversand.ch\\\/it\\\/prodotto\\\/sigaro-davidoff-maduro-short-corona-1\\\/#breadcrumb\"},\"inLanguage\":\"it-IT\",\"potentialAction\":[{\"@type\":\"ReadAction\",\"target\":[\"https:\\\/\\\/www.tabakversand.ch\\\/it\\\/prodotto\\\/sigaro-davidoff-maduro-short-corona-1\\\/\"]}]},{\"@type\":\"ImageObject\",\"inLanguage\":\"it-IT\",\"@id\":\"https:\\\/\\\/www.tabakversand.ch\\\/it\\\/prodotto\\\/sigaro-davidoff-maduro-short-corona-1\\\/#primaryimage\",\"url\":\"https:\\\/\\\/www.tabakversand.ch\\\/wp-content\\\/uploads\\\/2024\\\/04\\\/davidoff-maduro-short-corona-e-1.jpg\",\"contentUrl\":\"https:\\\/\\\/www.tabakversand.ch\\\/wp-content\\\/uploads\\\/2024\\\/04\\\/davidoff-maduro-short-corona-e-1.jpg\",\"width\":500,\"height\":500,\"caption\":\"Sigaro Davidoff Maduro Short Corona 1 | Tabakversand.ch\"},{\"@type\":\"BreadcrumbList\",\"@id\":\"https:\\\/\\\/www.tabakversand.ch\\\/it\\\/prodotto\\\/sigaro-davidoff-maduro-short-corona-1\\\/#breadcrumb\",\"itemListElement\":[{\"@type\":\"ListItem\",\"position\":1,\"name\":\"Startseite\",\"item\":\"https:\\\/\\\/www.tabakversand.ch\\\/\"},{\"@type\":\"ListItem\",\"position\":2,\"name\":\"Negozio\",\"item\":\"https:\\\/\\\/www.tabakversand.ch\\\/it\\\/negozio\\\/\"},{\"@type\":\"ListItem\",\"position\":3,\"name\":\"Sigaro Davidoff Maduro Short Corona 1\"}]},{\"@type\":\"WebSite\",\"@id\":\"https:\\\/\\\/www.tabakversand.ch\\\/#website\",\"url\":\"https:\\\/\\\/www.tabakversand.ch\\\/\",\"name\":\"Tabakversand.ch | Alles aus der Welt des Tabaks\",\"description\":\"Smoke and carpe diem\",\"potentialAction\":[{\"@type\":\"SearchAction\",\"target\":{\"@type\":\"EntryPoint\",\"urlTemplate\":\"https:\\\/\\\/www.tabakversand.ch\\\/?s={search_term_string}\"},\"query-input\":{\"@type\":\"PropertyValueSpecification\",\"valueRequired\":true,\"valueName\":\"search_term_string\"}}],\"inLanguage\":\"it-IT\"}]}<\/script>\n<!-- \/ Yoast SEO plugin. -->","yoast_head_json":{"title":"Sigaro Davidoff Maduro Short Corona 1 - Tabakversand.ch | Alles aus der Welt des Tabaks","description":"Sigaro Davidoff Maduro Short Corona 1 | Un'ampia scelta di prodotti di tabacco di prima qualit\u00e0, e-smoke e accessori per fumatori in tutta la Svizzera | Carte accettate!","robots":{"index":"index","follow":"follow","max-snippet":"max-snippet:-1","max-image-preview":"max-image-preview:large","max-video-preview":"max-video-preview:-1"},"canonical":"https:\/\/www.tabakversand.ch\/it\/prodotto\/sigaro-davidoff-maduro-short-corona-1\/","og_locale":"it_IT","og_type":"article","og_title":"Sigaro Davidoff Maduro Short Corona 1 - Tabakversand.ch | Alles aus der Welt des Tabaks","og_description":"Sigaro Davidoff Maduro Short Corona 1 | Un'ampia scelta di prodotti di tabacco di prima qualit\u00e0, e-smoke e accessori per fumatori in tutta la Svizzera | Carte accettate!","og_url":"https:\/\/www.tabakversand.ch\/it\/prodotto\/sigaro-davidoff-maduro-short-corona-1\/","og_site_name":"Tabakversand.ch | Alles aus der Welt des Tabaks","article_modified_time":"2025-09-12T14:43:22+00:00","og_image":[{"width":500,"height":500,"url":"https:\/\/www.tabakversand.ch\/wp-content\/uploads\/2024\/04\/davidoff-maduro-short-corona-e-1.jpg","type":"image\/jpeg"}],"twitter_card":"summary_large_image","twitter_misc":{"Tempo di lettura stimato":"2 minuti"},"schema":{"@context":"https:\/\/schema.org","@graph":[{"@type":"WebPage","@id":"https:\/\/www.tabakversand.ch\/it\/prodotto\/sigaro-davidoff-maduro-short-corona-1\/","url":"https:\/\/www.tabakversand.ch\/it\/prodotto\/sigaro-davidoff-maduro-short-corona-1\/","name":"Sigaro Davidoff Maduro Short Corona 1 - Tabakversand.ch | Alles aus der Welt des Tabaks","isPartOf":{"@id":"https:\/\/www.tabakversand.ch\/#website"},"primaryImageOfPage":{"@id":"https:\/\/www.tabakversand.ch\/it\/prodotto\/sigaro-davidoff-maduro-short-corona-1\/#primaryimage"},"image":{"@id":"https:\/\/www.tabakversand.ch\/it\/prodotto\/sigaro-davidoff-maduro-short-corona-1\/#primaryimage"},"thumbnailUrl":"https:\/\/www.tabakversand.ch\/wp-content\/uploads\/2024\/04\/davidoff-maduro-short-corona-e-1.jpg","datePublished":"2024-04-05T15:00:03+00:00","dateModified":"2025-09-12T14:43:22+00:00","description":"Sigaro Davidoff Maduro Short Corona 1 | Un'ampia scelta di prodotti di tabacco di prima qualit\u00e0, e-smoke e accessori per fumatori in tutta la Svizzera | Carte accettate!","breadcrumb":{"@id":"https:\/\/www.tabakversand.ch\/it\/prodotto\/sigaro-davidoff-maduro-short-corona-1\/#breadcrumb"},"inLanguage":"it-IT","potentialAction":[{"@type":"ReadAction","target":["https:\/\/www.tabakversand.ch\/it\/prodotto\/sigaro-davidoff-maduro-short-corona-1\/"]}]},{"@type":"ImageObject","inLanguage":"it-IT","@id":"https:\/\/www.tabakversand.ch\/it\/prodotto\/sigaro-davidoff-maduro-short-corona-1\/#primaryimage","url":"https:\/\/www.tabakversand.ch\/wp-content\/uploads\/2024\/04\/davidoff-maduro-short-corona-e-1.jpg","contentUrl":"https:\/\/www.tabakversand.ch\/wp-content\/uploads\/2024\/04\/davidoff-maduro-short-corona-e-1.jpg","width":500,"height":500,"caption":"Sigaro Davidoff Maduro Short Corona 1 | Tabakversand.ch"},{"@type":"BreadcrumbList","@id":"https:\/\/www.tabakversand.ch\/it\/prodotto\/sigaro-davidoff-maduro-short-corona-1\/#breadcrumb","itemListElement":[{"@type":"ListItem","position":1,"name":"Startseite","item":"https:\/\/www.tabakversand.ch\/"},{"@type":"ListItem","position":2,"name":"Negozio","item":"https:\/\/www.tabakversand.ch\/it\/negozio\/"},{"@type":"ListItem","position":3,"name":"Sigaro Davidoff Maduro Short Corona 1"}]},{"@type":"WebSite","@id":"https:\/\/www.tabakversand.ch\/#website","url":"https:\/\/www.tabakversand.ch\/","name":"Tabakversand.ch | Alles aus der Welt des Tabaks","description":"Smoke and carpe diem","potentialAction":[{"@type":"SearchAction","target":{"@type":"EntryPoint","urlTemplate":"https:\/\/www.tabakversand.ch\/?s={search_term_string}"},"query-input":{"@type":"PropertyValueSpecification","valueRequired":true,"valueName":"search_term_string"}}],"inLanguage":"it-IT"}]}},"_links":{"self":[{"href":"https:\/\/www.tabakversand.ch\/it\/wp-json\/wp\/v2\/product\/149612","targetHints":{"allow":["GET"]}}],"collection":[{"href":"https:\/\/www.tabakversand.ch\/it\/wp-json\/wp\/v2\/product"}],"about":[{"href":"https:\/\/www.tabakversand.ch\/it\/wp-json\/wp\/v2\/types\/product"}],"version-history":[{"count":6,"href":"https:\/\/www.tabakversand.ch\/it\/wp-json\/wp\/v2\/product\/149612\/revisions"}],"predecessor-version":[{"id":194262,"href":"https:\/\/www.tabakversand.ch\/it\/wp-json\/wp\/v2\/product\/149612\/revisions\/194262"}],"wp:featuredmedia":[{"embeddable":true,"href":"https:\/\/www.tabakversand.ch\/it\/wp-json\/wp\/v2\/media\/179325"}],"wp:attachment":[{"href":"https:\/\/www.tabakversand.ch\/it\/wp-json\/wp\/v2\/media?parent=149612"}],"wp:term":[{"taxonomy":"product_brand","embeddable":true,"href":"https:\/\/www.tabakversand.ch\/it\/wp-json\/wp\/v2\/product_brand?post=149612"},{"taxonomy":"product_cat","embeddable":true,"href":"https:\/\/www.tabakversand.ch\/it\/wp-json\/wp\/v2\/product_cat?post=149612"},{"taxonomy":"product_tag","embeddable":true,"href":"https:\/\/www.tabakversand.ch\/it\/wp-json\/wp\/v2\/product_tag?post=149612"}],"curies":[{"name":"wp","href":"https:\/\/api.w.org\/{rel}","templated":true}]}}