{"id":149671,"date":"2024-04-09T10:10:17","date_gmt":"2024-04-09T08:10:17","guid":{"rendered":"https:\/\/www.tabakversand.ch\/?post_type=product&#038;p=149671"},"modified":"2025-09-25T13:57:53","modified_gmt":"2025-09-25T11:57:53","slug":"annusa-energia-magica-del-patrono","status":"publish","type":"product","link":"https:\/\/www.tabakversand.ch\/it\/prodotto\/annusa-energia-magica-del-patrono\/","title":{"rendered":"Annusa energia magica del Patrono"},"content":{"rendered":"<p>Annusa energia magica del Patrono<\/p>\n<p>1g &#8211; circa 20 sniffate<\/p>\n<p>Ingredienti: Caffeina, Taurina, Tribulus terrestris, Guaran\u00e0, Spirulina, Alanina, Fosfato tricalcico<\/p>\n<p>Vuoi iniziare la giornata con slancio o aumentare le tue prestazioni?<\/p>\n<p>Magic Patron Energy Sniff \u00e8 pi\u00f9 di un semplice prodotto energetico: \u00e8 il tuo energizzante personale che ti porta naturalmente al massimo delle prestazioni. Questo prodotto contiene solo ingredienti biologici accuratamente selezionati provenienti da coltivazioni sostenibili, che ti danno pi\u00f9 energia per affrontare qualsiasi compito. Che tu sia in ufficio, in palestra o in un&#8217;avventura, Magic Patron ti dar\u00e0 rapidamente la sferzata di energia di cui hai bisogno per ottenere il massimo dalla tua giornata. Discreto e facile da usare: goditi l&#8217;effetto immediato, senza alcuno sforzo. Magic Patron \u00e8 adatto a tutte le et\u00e0 e offre una soluzione naturale per avere pi\u00f9 energia e gioia nella vita, indipendentemente dall&#8217;et\u00e0 o dalla fase della vita.<\/p>\n<p>Forte, pi\u00f9 forte, Magic Patron: Il Magic Patron Energy Pinch \u00e8 considerato LO stimolante tra tutti gli sniffatori di energia attualmente disponibili.<\/p>\n<p>Tutti i prezzi si applicano solo agli ordini online e sono comprensivi di IVA. Soggetto a modifiche senza preavviso, escluse le spese di spedizione. Con riserva di errori, modifiche nell&#8217;ambito di consegna e nel design, errori di stampa e variazioni di prezzo. I prezzi barrati sono prezzi sostitutivi. Le illustrazioni possono differire dall&#8217;originale\/dall&#8217;ambito di consegna.<br \/>\n*Spedizione gratuita per ordini superiori a CHF 250.-.<\/p>\n","protected":false},"excerpt":{"rendered":"<p>Annusa energia magica del Patrono 1g &#8211; circa 20 sniffate Ingredienti: Caffeina, Taurina, Tribulus terrestris, Guaran\u00e0, Spirulina, Alanina, Fosfato tricalcico Vuoi iniziare la giornata con slancio o aumentare le tue prestazioni? Magic Patron Energy Sniff \u00e8 pi\u00f9 di un semplice prodotto energetico: \u00e8 il tuo energizzante personale che ti porta naturalmente al massimo delle prestazioni. [&hellip;]<\/p>\n","protected":false},"featured_media":155319,"template":"","meta":[],"product_brand":[],"product_cat":[1952,1889,1953],"product_tag":[],"class_list":{"0":"post-149671","1":"product","2":"type-product","3":"status-publish","4":"has-post-thumbnail","6":"product_cat-schnupftabak-tabacco-da-fiuto","7":"product_cat-tabacco","8":"product_cat-tabacco-da-fiuto-accessori","10":"first","11":"onbackorder","12":"featured","13":"purchasable","14":"product-type-simple"},"yoast_head":"<!-- This site is optimized with the Yoast SEO plugin v27.0 - https:\/\/yoast.com\/product\/yoast-seo-wordpress\/ -->\n<title>Annusa energia magica del Patrono -<\/title>\n<meta name=\"description\" content=\"Magic Patron Energy Sniff | Un vasto assortimento di prodotti del tabacco e accessori per fumatori in tutta la Svizzera | Carte accettate!\" \/>\n<meta name=\"robots\" content=\"index, follow, max-snippet:-1, max-image-preview:large, max-video-preview:-1\" \/>\n<link rel=\"canonical\" href=\"https:\/\/www.tabakversand.ch\/it\/prodotto\/annusa-energia-magica-del-patrono\/\" \/>\n<meta property=\"og:locale\" content=\"it_IT\" \/>\n<meta property=\"og:type\" content=\"article\" \/>\n<meta property=\"og:title\" content=\"Annusa energia magica del Patrono -\" \/>\n<meta property=\"og:description\" content=\"Magic Patron Energy Sniff | Un vasto assortimento di prodotti del tabacco e accessori per fumatori in tutta la Svizzera | Carte accettate!\" \/>\n<meta property=\"og:url\" content=\"https:\/\/www.tabakversand.ch\/it\/prodotto\/annusa-energia-magica-del-patrono\/\" \/>\n<meta property=\"og:site_name\" content=\"Tabakversand.ch | Alles aus der Welt des Tabaks\" \/>\n<meta property=\"article:modified_time\" content=\"2025-09-25T11:57:53+00:00\" \/>\n<meta property=\"og:image\" content=\"https:\/\/www.tabakversand.ch\/wp-content\/uploads\/2024\/04\/magic-patron.jpg\" \/>\n\t<meta property=\"og:image:width\" content=\"500\" \/>\n\t<meta property=\"og:image:height\" content=\"500\" \/>\n\t<meta property=\"og:image:type\" content=\"image\/jpeg\" \/>\n<meta name=\"twitter:card\" content=\"summary_large_image\" \/>\n<meta name=\"twitter:label1\" content=\"Tempo di lettura stimato\" \/>\n\t<meta name=\"twitter:data1\" content=\"2 minuti\" \/>\n<script type=\"application\/ld+json\" class=\"yoast-schema-graph\">{\"@context\":\"https:\/\/schema.org\",\"@graph\":[{\"@type\":\"WebPage\",\"@id\":\"https:\/\/www.tabakversand.ch\/it\/prodotto\/annusa-energia-magica-del-patrono\/\",\"url\":\"https:\/\/www.tabakversand.ch\/it\/prodotto\/annusa-energia-magica-del-patrono\/\",\"name\":\"Annusa energia magica del Patrono -\",\"isPartOf\":{\"@id\":\"https:\/\/www.tabakversand.ch\/#website\"},\"primaryImageOfPage\":{\"@id\":\"https:\/\/www.tabakversand.ch\/it\/prodotto\/annusa-energia-magica-del-patrono\/#primaryimage\"},\"image\":{\"@id\":\"https:\/\/www.tabakversand.ch\/it\/prodotto\/annusa-energia-magica-del-patrono\/#primaryimage\"},\"thumbnailUrl\":\"https:\/\/www.tabakversand.ch\/wp-content\/uploads\/2024\/04\/magic-patron.jpg\",\"datePublished\":\"2024-04-09T08:10:17+00:00\",\"dateModified\":\"2025-09-25T11:57:53+00:00\",\"description\":\"Magic Patron Energy Sniff | Un vasto assortimento di prodotti del tabacco e accessori per fumatori in tutta la Svizzera | Carte accettate!\",\"breadcrumb\":{\"@id\":\"https:\/\/www.tabakversand.ch\/it\/prodotto\/annusa-energia-magica-del-patrono\/#breadcrumb\"},\"inLanguage\":\"it-IT\",\"potentialAction\":[{\"@type\":\"ReadAction\",\"target\":[\"https:\/\/www.tabakversand.ch\/it\/prodotto\/annusa-energia-magica-del-patrono\/\"]}]},{\"@type\":\"ImageObject\",\"inLanguage\":\"it-IT\",\"@id\":\"https:\/\/www.tabakversand.ch\/it\/prodotto\/annusa-energia-magica-del-patrono\/#primaryimage\",\"url\":\"https:\/\/www.tabakversand.ch\/wp-content\/uploads\/2024\/04\/magic-patron.jpg\",\"contentUrl\":\"https:\/\/www.tabakversand.ch\/wp-content\/uploads\/2024\/04\/magic-patron.jpg\",\"width\":500,\"height\":500,\"caption\":\"Magic Patron Energy Sniff | Tabakversand.ch\"},{\"@type\":\"BreadcrumbList\",\"@id\":\"https:\/\/www.tabakversand.ch\/it\/prodotto\/annusa-energia-magica-del-patrono\/#breadcrumb\",\"itemListElement\":[{\"@type\":\"ListItem\",\"position\":1,\"name\":\"Startseite\",\"item\":\"https:\/\/www.tabakversand.ch\/\"},{\"@type\":\"ListItem\",\"position\":2,\"name\":\"Negozio\",\"item\":\"https:\/\/www.tabakversand.ch\/it\/negozio\/\"},{\"@type\":\"ListItem\",\"position\":3,\"name\":\"Annusa energia magica del Patrono\"}]},{\"@type\":\"WebSite\",\"@id\":\"https:\/\/www.tabakversand.ch\/#website\",\"url\":\"https:\/\/www.tabakversand.ch\/\",\"name\":\"Tabakversand.ch | Alles aus der Welt des Tabaks\",\"description\":\"Smoke and carpe diem\",\"potentialAction\":[{\"@type\":\"SearchAction\",\"target\":{\"@type\":\"EntryPoint\",\"urlTemplate\":\"https:\/\/www.tabakversand.ch\/?s={search_term_string}\"},\"query-input\":{\"@type\":\"PropertyValueSpecification\",\"valueRequired\":true,\"valueName\":\"search_term_string\"}}],\"inLanguage\":\"it-IT\"}]}<\/script>\n<!-- \/ Yoast SEO plugin. -->","yoast_head_json":{"title":"Annusa energia magica del Patrono -","description":"Magic Patron Energy Sniff | Un vasto assortimento di prodotti del tabacco e accessori per fumatori in tutta la Svizzera | Carte accettate!","robots":{"index":"index","follow":"follow","max-snippet":"max-snippet:-1","max-image-preview":"max-image-preview:large","max-video-preview":"max-video-preview:-1"},"canonical":"https:\/\/www.tabakversand.ch\/it\/prodotto\/annusa-energia-magica-del-patrono\/","og_locale":"it_IT","og_type":"article","og_title":"Annusa energia magica del Patrono -","og_description":"Magic Patron Energy Sniff | Un vasto assortimento di prodotti del tabacco e accessori per fumatori in tutta la Svizzera | Carte accettate!","og_url":"https:\/\/www.tabakversand.ch\/it\/prodotto\/annusa-energia-magica-del-patrono\/","og_site_name":"Tabakversand.ch | Alles aus der Welt des Tabaks","article_modified_time":"2025-09-25T11:57:53+00:00","og_image":[{"width":500,"height":500,"url":"https:\/\/www.tabakversand.ch\/wp-content\/uploads\/2024\/04\/magic-patron.jpg","type":"image\/jpeg"}],"twitter_card":"summary_large_image","twitter_misc":{"Tempo di lettura stimato":"2 minuti"},"schema":{"@context":"https:\/\/schema.org","@graph":[{"@type":"WebPage","@id":"https:\/\/www.tabakversand.ch\/it\/prodotto\/annusa-energia-magica-del-patrono\/","url":"https:\/\/www.tabakversand.ch\/it\/prodotto\/annusa-energia-magica-del-patrono\/","name":"Annusa energia magica del Patrono -","isPartOf":{"@id":"https:\/\/www.tabakversand.ch\/#website"},"primaryImageOfPage":{"@id":"https:\/\/www.tabakversand.ch\/it\/prodotto\/annusa-energia-magica-del-patrono\/#primaryimage"},"image":{"@id":"https:\/\/www.tabakversand.ch\/it\/prodotto\/annusa-energia-magica-del-patrono\/#primaryimage"},"thumbnailUrl":"https:\/\/www.tabakversand.ch\/wp-content\/uploads\/2024\/04\/magic-patron.jpg","datePublished":"2024-04-09T08:10:17+00:00","dateModified":"2025-09-25T11:57:53+00:00","description":"Magic Patron Energy Sniff | Un vasto assortimento di prodotti del tabacco e accessori per fumatori in tutta la Svizzera | Carte accettate!","breadcrumb":{"@id":"https:\/\/www.tabakversand.ch\/it\/prodotto\/annusa-energia-magica-del-patrono\/#breadcrumb"},"inLanguage":"it-IT","potentialAction":[{"@type":"ReadAction","target":["https:\/\/www.tabakversand.ch\/it\/prodotto\/annusa-energia-magica-del-patrono\/"]}]},{"@type":"ImageObject","inLanguage":"it-IT","@id":"https:\/\/www.tabakversand.ch\/it\/prodotto\/annusa-energia-magica-del-patrono\/#primaryimage","url":"https:\/\/www.tabakversand.ch\/wp-content\/uploads\/2024\/04\/magic-patron.jpg","contentUrl":"https:\/\/www.tabakversand.ch\/wp-content\/uploads\/2024\/04\/magic-patron.jpg","width":500,"height":500,"caption":"Magic Patron Energy Sniff | Tabakversand.ch"},{"@type":"BreadcrumbList","@id":"https:\/\/www.tabakversand.ch\/it\/prodotto\/annusa-energia-magica-del-patrono\/#breadcrumb","itemListElement":[{"@type":"ListItem","position":1,"name":"Startseite","item":"https:\/\/www.tabakversand.ch\/"},{"@type":"ListItem","position":2,"name":"Negozio","item":"https:\/\/www.tabakversand.ch\/it\/negozio\/"},{"@type":"ListItem","position":3,"name":"Annusa energia magica del Patrono"}]},{"@type":"WebSite","@id":"https:\/\/www.tabakversand.ch\/#website","url":"https:\/\/www.tabakversand.ch\/","name":"Tabakversand.ch | Alles aus der Welt des Tabaks","description":"Smoke and carpe diem","potentialAction":[{"@type":"SearchAction","target":{"@type":"EntryPoint","urlTemplate":"https:\/\/www.tabakversand.ch\/?s={search_term_string}"},"query-input":{"@type":"PropertyValueSpecification","valueRequired":true,"valueName":"search_term_string"}}],"inLanguage":"it-IT"}]}},"_links":{"self":[{"href":"https:\/\/www.tabakversand.ch\/it\/wp-json\/wp\/v2\/product\/149671","targetHints":{"allow":["GET"]}}],"collection":[{"href":"https:\/\/www.tabakversand.ch\/it\/wp-json\/wp\/v2\/product"}],"about":[{"href":"https:\/\/www.tabakversand.ch\/it\/wp-json\/wp\/v2\/types\/product"}],"version-history":[{"count":6,"href":"https:\/\/www.tabakversand.ch\/it\/wp-json\/wp\/v2\/product\/149671\/revisions"}],"predecessor-version":[{"id":201436,"href":"https:\/\/www.tabakversand.ch\/it\/wp-json\/wp\/v2\/product\/149671\/revisions\/201436"}],"wp:featuredmedia":[{"embeddable":true,"href":"https:\/\/www.tabakversand.ch\/it\/wp-json\/wp\/v2\/media\/155319"}],"wp:attachment":[{"href":"https:\/\/www.tabakversand.ch\/it\/wp-json\/wp\/v2\/media?parent=149671"}],"wp:term":[{"taxonomy":"product_brand","embeddable":true,"href":"https:\/\/www.tabakversand.ch\/it\/wp-json\/wp\/v2\/product_brand?post=149671"},{"taxonomy":"product_cat","embeddable":true,"href":"https:\/\/www.tabakversand.ch\/it\/wp-json\/wp\/v2\/product_cat?post=149671"},{"taxonomy":"product_tag","embeddable":true,"href":"https:\/\/www.tabakversand.ch\/it\/wp-json\/wp\/v2\/product_tag?post=149671"}],"curies":[{"name":"wp","href":"https:\/\/api.w.org\/{rel}","templated":true}]}}