{"id":149815,"date":"2024-09-20T12:12:11","date_gmt":"2024-09-20T10:12:11","guid":{"rendered":"https:\/\/www.tabakversand.ch\/?post_type=product&#038;p=149815"},"modified":"2026-03-31T14:15:20","modified_gmt":"2026-03-31T12:15:20","slug":"lost-mary-tappo-air-kit-2-ml-rosa-e-ghiaccio-fragola","status":"publish","type":"product","link":"https:\/\/www.tabakversand.ch\/it\/prodotto\/lost-mary-tappo-air-kit-2-ml-rosa-e-ghiaccio-fragola\/","title":{"rendered":"Lost Mary Tappo Air Kit 2 ml Rosa e ghiaccio fragola"},"content":{"rendered":"<p>Lost Mary Tappo Air Kit 2 ml Rosa e ghiaccio fragola<\/p>\n<p>Gli articoli monouso sono molto facili da usare. Poich\u00e9 la batteria \u00e8 gi\u00e0 installata e il sale liquido e nicotina (20 mg \/ ml) \u00e8 incluso, devi solo decidere il tuo gusto preferito e puoi cuocere immediatamente a vapore. I pod dell&#8217;Elfbar Elfa Pro e del Lost Mary Tappo Air sono compatibili tra loro. In questo modo avrai una scelta di gusti ancora pi\u00f9 ampia per entrambi i dispositivi. <\/p>\n<p>Tutti i prezzi si applicano solo agli ordini online e sono comprensivi di IVA. Soggetto a modifiche senza preavviso, escluse le spese di spedizione. Con riserva di errori, modifiche nell&#8217;ambito di consegna e nel design, errori di stampa e variazioni di prezzo. I prezzi barrati sono prezzi sostitutivi. Le illustrazioni possono differire dall&#8217;originale\/dall&#8217;ambito di consegna.<br \/>\n*Spedizione gratuita per ordini superiori a CHF 250.-.<\/p>\n","protected":false},"excerpt":{"rendered":"<p>Lost Mary Tappo Air Kit 2 ml Rosa e ghiaccio fragola Gli articoli monouso sono molto facili da usare. Poich\u00e9 la batteria \u00e8 gi\u00e0 installata e il sale liquido e nicotina (20 mg \/ ml) \u00e8 incluso, devi solo decidere il tuo gusto preferito e puoi cuocere immediatamente a vapore. I pod dell&#8217;Elfbar Elfa Pro [&hellip;]<\/p>\n","protected":false},"featured_media":161072,"template":"","meta":[],"product_brand":[2951],"product_cat":[1875,1916,3161],"product_tag":[],"class_list":{"0":"post-149815","1":"product","2":"type-product","3":"status-publish","4":"has-post-thumbnail","6":"product_brand-elfbar","7":"product_cat-e-fumo","8":"product_cat-sigarette-elettroniche","9":"product_cat-kit-aria-lost-mary-tappo","11":"first","12":"onbackorder","13":"purchasable","14":"product-type-simple"},"yoast_head":"<!-- This site is optimized with the Yoast SEO plugin v27.0 - https:\/\/yoast.com\/product\/yoast-seo-wordpress\/ -->\n<title>Lost Mary Tappo Air Kit 2 ml Rosa e ghiaccio fragola - Tabakversand.ch | Alles aus der Welt des Tabaks<\/title>\n<meta name=\"description\" content=\"Lost Mary Tappo Air Kit 2ml Rosa e Ghiaccio Fragola | Una vasta scelta di liquidi elettronici, sigarette elettroniche e pipe elettroniche in tutta la Svizzera Carte accettate!\" \/>\n<meta name=\"robots\" content=\"index, follow, max-snippet:-1, max-image-preview:large, max-video-preview:-1\" \/>\n<link rel=\"canonical\" href=\"https:\/\/www.tabakversand.ch\/it\/prodotto\/lost-mary-tappo-air-kit-2-ml-rosa-e-ghiaccio-fragola\/\" \/>\n<meta property=\"og:locale\" content=\"it_IT\" \/>\n<meta property=\"og:type\" content=\"article\" \/>\n<meta property=\"og:title\" content=\"Lost Mary Tappo Air Kit 2 ml Rosa e ghiaccio fragola - Tabakversand.ch | Alles aus der Welt des Tabaks\" \/>\n<meta property=\"og:description\" content=\"Lost Mary Tappo Air Kit 2ml Rosa e Ghiaccio Fragola | Una vasta scelta di liquidi elettronici, sigarette elettroniche e pipe elettroniche in tutta la Svizzera Carte accettate!\" \/>\n<meta property=\"og:url\" content=\"https:\/\/www.tabakversand.ch\/it\/prodotto\/lost-mary-tappo-air-kit-2-ml-rosa-e-ghiaccio-fragola\/\" \/>\n<meta property=\"og:site_name\" content=\"Tabakversand.ch | Alles aus der Welt des Tabaks\" \/>\n<meta property=\"article:modified_time\" content=\"2026-03-31T12:15:20+00:00\" \/>\n<meta property=\"og:image\" content=\"https:\/\/www.tabakversand.ch\/wp-content\/uploads\/2024\/04\/lost-mary-tappo-air-kit-pink-strawberry-ice.jpg\" \/>\n\t<meta property=\"og:image:width\" content=\"500\" \/>\n\t<meta property=\"og:image:height\" content=\"500\" \/>\n\t<meta property=\"og:image:type\" content=\"image\/jpeg\" \/>\n<meta name=\"twitter:card\" content=\"summary_large_image\" \/>\n<meta name=\"twitter:label1\" content=\"Tempo di lettura stimato\" \/>\n\t<meta name=\"twitter:data1\" content=\"1 minuto\" \/>\n<script type=\"application\/ld+json\" class=\"yoast-schema-graph\">{\"@context\":\"https:\/\/schema.org\",\"@graph\":[{\"@type\":\"WebPage\",\"@id\":\"https:\/\/www.tabakversand.ch\/it\/prodotto\/lost-mary-tappo-air-kit-2-ml-rosa-e-ghiaccio-fragola\/\",\"url\":\"https:\/\/www.tabakversand.ch\/it\/prodotto\/lost-mary-tappo-air-kit-2-ml-rosa-e-ghiaccio-fragola\/\",\"name\":\"Lost Mary Tappo Air Kit 2 ml Rosa e ghiaccio fragola - Tabakversand.ch | Alles aus der Welt des Tabaks\",\"isPartOf\":{\"@id\":\"https:\/\/www.tabakversand.ch\/#website\"},\"primaryImageOfPage\":{\"@id\":\"https:\/\/www.tabakversand.ch\/it\/prodotto\/lost-mary-tappo-air-kit-2-ml-rosa-e-ghiaccio-fragola\/#primaryimage\"},\"image\":{\"@id\":\"https:\/\/www.tabakversand.ch\/it\/prodotto\/lost-mary-tappo-air-kit-2-ml-rosa-e-ghiaccio-fragola\/#primaryimage\"},\"thumbnailUrl\":\"https:\/\/www.tabakversand.ch\/wp-content\/uploads\/2024\/04\/lost-mary-tappo-air-kit-pink-strawberry-ice.jpg\",\"datePublished\":\"2024-09-20T10:12:11+00:00\",\"dateModified\":\"2026-03-31T12:15:20+00:00\",\"description\":\"Lost Mary Tappo Air Kit 2ml Rosa e Ghiaccio Fragola | Una vasta scelta di liquidi elettronici, sigarette elettroniche e pipe elettroniche in tutta la Svizzera Carte accettate!\",\"breadcrumb\":{\"@id\":\"https:\/\/www.tabakversand.ch\/it\/prodotto\/lost-mary-tappo-air-kit-2-ml-rosa-e-ghiaccio-fragola\/#breadcrumb\"},\"inLanguage\":\"it-IT\",\"potentialAction\":[{\"@type\":\"ReadAction\",\"target\":[\"https:\/\/www.tabakversand.ch\/it\/prodotto\/lost-mary-tappo-air-kit-2-ml-rosa-e-ghiaccio-fragola\/\"]}]},{\"@type\":\"ImageObject\",\"inLanguage\":\"it-IT\",\"@id\":\"https:\/\/www.tabakversand.ch\/it\/prodotto\/lost-mary-tappo-air-kit-2-ml-rosa-e-ghiaccio-fragola\/#primaryimage\",\"url\":\"https:\/\/www.tabakversand.ch\/wp-content\/uploads\/2024\/04\/lost-mary-tappo-air-kit-pink-strawberry-ice.jpg\",\"contentUrl\":\"https:\/\/www.tabakversand.ch\/wp-content\/uploads\/2024\/04\/lost-mary-tappo-air-kit-pink-strawberry-ice.jpg\",\"width\":500,\"height\":500,\"caption\":\"Lost Mary Tappo Air Kit 2ml Rosa e Fragola Ghiaccio | Tabakversand.ch\"},{\"@type\":\"BreadcrumbList\",\"@id\":\"https:\/\/www.tabakversand.ch\/it\/prodotto\/lost-mary-tappo-air-kit-2-ml-rosa-e-ghiaccio-fragola\/#breadcrumb\",\"itemListElement\":[{\"@type\":\"ListItem\",\"position\":1,\"name\":\"Startseite\",\"item\":\"https:\/\/www.tabakversand.ch\/\"},{\"@type\":\"ListItem\",\"position\":2,\"name\":\"Negozio\",\"item\":\"https:\/\/www.tabakversand.ch\/it\/negozio\/\"},{\"@type\":\"ListItem\",\"position\":3,\"name\":\"Lost Mary Tappo Air Kit 2 ml Rosa e ghiaccio fragola\"}]},{\"@type\":\"WebSite\",\"@id\":\"https:\/\/www.tabakversand.ch\/#website\",\"url\":\"https:\/\/www.tabakversand.ch\/\",\"name\":\"Tabakversand.ch | Alles aus der Welt des Tabaks\",\"description\":\"Smoke and carpe diem\",\"potentialAction\":[{\"@type\":\"SearchAction\",\"target\":{\"@type\":\"EntryPoint\",\"urlTemplate\":\"https:\/\/www.tabakversand.ch\/?s={search_term_string}\"},\"query-input\":{\"@type\":\"PropertyValueSpecification\",\"valueRequired\":true,\"valueName\":\"search_term_string\"}}],\"inLanguage\":\"it-IT\"}]}<\/script>\n<!-- \/ Yoast SEO plugin. -->","yoast_head_json":{"title":"Lost Mary Tappo Air Kit 2 ml Rosa e ghiaccio fragola - Tabakversand.ch | Alles aus der Welt des Tabaks","description":"Lost Mary Tappo Air Kit 2ml Rosa e Ghiaccio Fragola | Una vasta scelta di liquidi elettronici, sigarette elettroniche e pipe elettroniche in tutta la Svizzera Carte accettate!","robots":{"index":"index","follow":"follow","max-snippet":"max-snippet:-1","max-image-preview":"max-image-preview:large","max-video-preview":"max-video-preview:-1"},"canonical":"https:\/\/www.tabakversand.ch\/it\/prodotto\/lost-mary-tappo-air-kit-2-ml-rosa-e-ghiaccio-fragola\/","og_locale":"it_IT","og_type":"article","og_title":"Lost Mary Tappo Air Kit 2 ml Rosa e ghiaccio fragola - Tabakversand.ch | Alles aus der Welt des Tabaks","og_description":"Lost Mary Tappo Air Kit 2ml Rosa e Ghiaccio Fragola | Una vasta scelta di liquidi elettronici, sigarette elettroniche e pipe elettroniche in tutta la Svizzera Carte accettate!","og_url":"https:\/\/www.tabakversand.ch\/it\/prodotto\/lost-mary-tappo-air-kit-2-ml-rosa-e-ghiaccio-fragola\/","og_site_name":"Tabakversand.ch | Alles aus der Welt des Tabaks","article_modified_time":"2026-03-31T12:15:20+00:00","og_image":[{"width":500,"height":500,"url":"https:\/\/www.tabakversand.ch\/wp-content\/uploads\/2024\/04\/lost-mary-tappo-air-kit-pink-strawberry-ice.jpg","type":"image\/jpeg"}],"twitter_card":"summary_large_image","twitter_misc":{"Tempo di lettura stimato":"1 minuto"},"schema":{"@context":"https:\/\/schema.org","@graph":[{"@type":"WebPage","@id":"https:\/\/www.tabakversand.ch\/it\/prodotto\/lost-mary-tappo-air-kit-2-ml-rosa-e-ghiaccio-fragola\/","url":"https:\/\/www.tabakversand.ch\/it\/prodotto\/lost-mary-tappo-air-kit-2-ml-rosa-e-ghiaccio-fragola\/","name":"Lost Mary Tappo Air Kit 2 ml Rosa e ghiaccio fragola - Tabakversand.ch | Alles aus der Welt des Tabaks","isPartOf":{"@id":"https:\/\/www.tabakversand.ch\/#website"},"primaryImageOfPage":{"@id":"https:\/\/www.tabakversand.ch\/it\/prodotto\/lost-mary-tappo-air-kit-2-ml-rosa-e-ghiaccio-fragola\/#primaryimage"},"image":{"@id":"https:\/\/www.tabakversand.ch\/it\/prodotto\/lost-mary-tappo-air-kit-2-ml-rosa-e-ghiaccio-fragola\/#primaryimage"},"thumbnailUrl":"https:\/\/www.tabakversand.ch\/wp-content\/uploads\/2024\/04\/lost-mary-tappo-air-kit-pink-strawberry-ice.jpg","datePublished":"2024-09-20T10:12:11+00:00","dateModified":"2026-03-31T12:15:20+00:00","description":"Lost Mary Tappo Air Kit 2ml Rosa e Ghiaccio Fragola | Una vasta scelta di liquidi elettronici, sigarette elettroniche e pipe elettroniche in tutta la Svizzera Carte accettate!","breadcrumb":{"@id":"https:\/\/www.tabakversand.ch\/it\/prodotto\/lost-mary-tappo-air-kit-2-ml-rosa-e-ghiaccio-fragola\/#breadcrumb"},"inLanguage":"it-IT","potentialAction":[{"@type":"ReadAction","target":["https:\/\/www.tabakversand.ch\/it\/prodotto\/lost-mary-tappo-air-kit-2-ml-rosa-e-ghiaccio-fragola\/"]}]},{"@type":"ImageObject","inLanguage":"it-IT","@id":"https:\/\/www.tabakversand.ch\/it\/prodotto\/lost-mary-tappo-air-kit-2-ml-rosa-e-ghiaccio-fragola\/#primaryimage","url":"https:\/\/www.tabakversand.ch\/wp-content\/uploads\/2024\/04\/lost-mary-tappo-air-kit-pink-strawberry-ice.jpg","contentUrl":"https:\/\/www.tabakversand.ch\/wp-content\/uploads\/2024\/04\/lost-mary-tappo-air-kit-pink-strawberry-ice.jpg","width":500,"height":500,"caption":"Lost Mary Tappo Air Kit 2ml Rosa e Fragola Ghiaccio | Tabakversand.ch"},{"@type":"BreadcrumbList","@id":"https:\/\/www.tabakversand.ch\/it\/prodotto\/lost-mary-tappo-air-kit-2-ml-rosa-e-ghiaccio-fragola\/#breadcrumb","itemListElement":[{"@type":"ListItem","position":1,"name":"Startseite","item":"https:\/\/www.tabakversand.ch\/"},{"@type":"ListItem","position":2,"name":"Negozio","item":"https:\/\/www.tabakversand.ch\/it\/negozio\/"},{"@type":"ListItem","position":3,"name":"Lost Mary Tappo Air Kit 2 ml Rosa e ghiaccio fragola"}]},{"@type":"WebSite","@id":"https:\/\/www.tabakversand.ch\/#website","url":"https:\/\/www.tabakversand.ch\/","name":"Tabakversand.ch | Alles aus der Welt des Tabaks","description":"Smoke and carpe diem","potentialAction":[{"@type":"SearchAction","target":{"@type":"EntryPoint","urlTemplate":"https:\/\/www.tabakversand.ch\/?s={search_term_string}"},"query-input":{"@type":"PropertyValueSpecification","valueRequired":true,"valueName":"search_term_string"}}],"inLanguage":"it-IT"}]}},"_links":{"self":[{"href":"https:\/\/www.tabakversand.ch\/it\/wp-json\/wp\/v2\/product\/149815","targetHints":{"allow":["GET"]}}],"collection":[{"href":"https:\/\/www.tabakversand.ch\/it\/wp-json\/wp\/v2\/product"}],"about":[{"href":"https:\/\/www.tabakversand.ch\/it\/wp-json\/wp\/v2\/types\/product"}],"version-history":[{"count":6,"href":"https:\/\/www.tabakversand.ch\/it\/wp-json\/wp\/v2\/product\/149815\/revisions"}],"predecessor-version":[{"id":216268,"href":"https:\/\/www.tabakversand.ch\/it\/wp-json\/wp\/v2\/product\/149815\/revisions\/216268"}],"wp:featuredmedia":[{"embeddable":true,"href":"https:\/\/www.tabakversand.ch\/it\/wp-json\/wp\/v2\/media\/161072"}],"wp:attachment":[{"href":"https:\/\/www.tabakversand.ch\/it\/wp-json\/wp\/v2\/media?parent=149815"}],"wp:term":[{"taxonomy":"product_brand","embeddable":true,"href":"https:\/\/www.tabakversand.ch\/it\/wp-json\/wp\/v2\/product_brand?post=149815"},{"taxonomy":"product_cat","embeddable":true,"href":"https:\/\/www.tabakversand.ch\/it\/wp-json\/wp\/v2\/product_cat?post=149815"},{"taxonomy":"product_tag","embeddable":true,"href":"https:\/\/www.tabakversand.ch\/it\/wp-json\/wp\/v2\/product_tag?post=149815"}],"curies":[{"name":"wp","href":"https:\/\/api.w.org\/{rel}","templated":true}]}}