{"id":164222,"date":"2024-12-18T15:38:11","date_gmt":"2024-12-18T14:38:11","guid":{"rendered":"https:\/\/www.tabakversand.ch\/?post_type=product&#038;p=164222"},"modified":"2025-05-22T12:25:49","modified_gmt":"2025-05-22T10:25:49","slug":"lost-mary-bm6000-contenitore-di-ricarica-10ml-20mg-blackberry-ice","status":"publish","type":"product","link":"https:\/\/www.tabakversand.ch\/it\/prodotto\/lost-mary-bm6000-contenitore-di-ricarica-10ml-20mg-blackberry-ice\/","title":{"rendered":"Contenitore di ricarica Lost Mary BM6000 da 10 ml 20 mg Blackberry ICE"},"content":{"rendered":"<p>Contenitore di ricarica Lost Mary BM6000 da 10 ml 20 mg Blackberry ICE<\/p>\n<p>Istruzioni per l&#8217;uso: Sostituzione della bottiglia del liquido: aprire la confezione del contenitore di ricarica e rimuovere la bottiglia del liquido. Estrarre la bottiglia vuota del liquido dall&#8217;apparecchio e sostituirla con il contenitore di ricarica. Premere saldamente il contenitore di ricarica nel dispositivo; la bottiglia del liquido deve essere bloccata in posizione.   Attivazione: tenere il dispositivo con il flacone del liquido inserito capovolto per 10 secondi per distribuire il liquido in modo uniforme. Per utilizzare: riportare il dispositivo nella posizione iniziale e tirare il bocchino per vaporizzare. Divertimento: ora puoi indossare il boccaglio non appena l&#8217;indicatore della batteria lampeggia in rosso, il dispositivo deve essere caricato tramite USB-C.<\/p>\n<p>Gli elettrodomestici Lost Mary colpiscono soprattutto per la loro qualit\u00e0, funzionalit\u00e0 e variet\u00e0 di gusti.<br \/>\n A parte questo, Lost Mary \u00e8 il punto di partenza perfetto per i fumatori che vogliono passare allo svapo.<\/p>\n<p>Da Lost Mary la sicurezza e la qualit\u00e0 sono le nostre massime priorit\u00e0. I dispositivi ibridi e i liquidi vengono venduti solo quando soddisfano al 100% i rigorosi standard qualitativi dei laboratori Lost Mary. <\/p>\n<table width=\"719\">\n<tbody>\n<tr>\n<td width=\"151\">Rapporto di miscelazione<\/td>\n<td width=\"568\">50% PG \/ 50% VG<\/td>\n<\/tr>\n<tr>\n<td width=\"151\">Quantit\u00e0 di riempimento<\/td>\n<td width=\"568\">10 ml<\/td>\n<\/tr>\n<tr>\n<td width=\"151\">Contenuto di nicotina\/ml<\/td>\n<td width=\"568\">20 mg di sale<\/td>\n<\/tr>\n<\/tbody>\n<\/table>\n<p>Tutti i prezzi si applicano solo agli ordini online e sono comprensivi di IVA. IVA, soggetta a modifiche pi\u00f9 Spedizione. Con riserva di errori, modifiche nella fornitura e nella progettazione, errori di stampa e modifiche dei prezzi. I prezzi barrati sono invece prezzi. L&#8217;immagine pu\u00f2 differire dall&#8217;originale\/dalla fornitura.<br \/>\n*Spedizione gratuita per ordini superiori a CHF 250.<\/p>\n","protected":false},"excerpt":{"rendered":"<p>Contenitore di ricarica Lost Mary BM6000 da 10 ml 20 mg Blackberry ICE Istruzioni per l&#8217;uso: Sostituzione della bottiglia del liquido: aprire la confezione del contenitore di ricarica e rimuovere la bottiglia del liquido. Estrarre la bottiglia vuota del liquido dall&#8217;apparecchio e sostituirla con il contenitore di ricarica. Premere saldamente il contenitore di ricarica nel [&hellip;]<\/p>\n","protected":false},"featured_media":164226,"template":"","meta":[],"product_brand":[2951],"product_cat":[3198,1875,1869,3140],"product_tag":[],"class_list":{"0":"post-164222","1":"product","2":"type-product","3":"status-publish","4":"has-post-thumbnail","6":"product_brand-elfbar","7":"product_cat-contenitore-di-ricarica-lost-mary-bm6000","8":"product_cat-e-fumo","9":"product_cat-e-liquid-it","10":"product_cat-lost-mary-bm6000-con-nicotina","12":"first","13":"onbackorder","14":"purchasable","15":"product-type-simple"},"yoast_head":"<!-- This site is optimized with the Yoast SEO plugin v27.0 - https:\/\/yoast.com\/product\/yoast-seo-wordpress\/ -->\n<title>Contenitore di ricarica Lost Mary BM6000 da 10 ml 20 mg Blackberry ICE<\/title>\n<meta name=\"description\" content=\"Lost Mary BM6000 contenitore di ricarica 10ml 20mg Blackberry ICE | Ampia selezione di prodotti del tabacco in tutta la Svizzera | Carte accettate!\" \/>\n<meta name=\"robots\" content=\"index, follow, max-snippet:-1, max-image-preview:large, max-video-preview:-1\" \/>\n<link rel=\"canonical\" href=\"https:\/\/www.tabakversand.ch\/prodotto\/lost-mary-bm6000-nachfuellbehaelter-10ml-20mg-blackberry-ice\/\" \/>\n<meta property=\"og:locale\" content=\"it_IT\" \/>\n<meta property=\"og:type\" content=\"article\" \/>\n<meta property=\"og:title\" content=\"Contenitore di ricarica Lost Mary BM6000 da 10 ml 20 mg Blackberry ICE\" \/>\n<meta property=\"og:description\" content=\"Lost Mary BM6000 contenitore di ricarica 10ml 20mg Blackberry ICE | Ampia selezione di prodotti del tabacco in tutta la Svizzera | Carte accettate!\" \/>\n<meta property=\"og:url\" content=\"https:\/\/www.tabakversand.ch\/prodotto\/lost-mary-bm6000-nachfuellbehaelter-10ml-20mg-blackberry-ice\/\" \/>\n<meta property=\"og:site_name\" content=\"Tabakversand.ch | Alles aus der Welt des Tabaks\" \/>\n<meta property=\"article:modified_time\" content=\"2025-05-22T10:25:49+00:00\" \/>\n<meta property=\"og:image\" content=\"https:\/\/www.tabakversand.ch\/wp-content\/uploads\/2024\/12\/lost-mary-bm6000-nachfuellbehaelter-blackberry-ice.jpg\" \/>\n\t<meta property=\"og:image:width\" content=\"500\" \/>\n\t<meta property=\"og:image:height\" content=\"500\" \/>\n\t<meta property=\"og:image:type\" content=\"image\/jpeg\" \/>\n<meta name=\"twitter:card\" content=\"summary_large_image\" \/>\n<meta name=\"twitter:label1\" content=\"Tempo di lettura stimato\" \/>\n\t<meta name=\"twitter:data1\" content=\"2 minuti\" \/>\n<script type=\"application\/ld+json\" class=\"yoast-schema-graph\">{\"@context\":\"https:\/\/schema.org\",\"@graph\":[{\"@type\":\"WebPage\",\"@id\":\"https:\/\/www.tabakversand.ch\/prodotto\/lost-mary-bm6000-nachfuellbehaelter-10ml-20mg-blackberry-ice\/\",\"url\":\"https:\/\/www.tabakversand.ch\/prodotto\/lost-mary-bm6000-nachfuellbehaelter-10ml-20mg-blackberry-ice\/\",\"name\":\"Contenitore di ricarica Lost Mary BM6000 da 10 ml 20 mg Blackberry ICE\",\"isPartOf\":{\"@id\":\"https:\/\/www.tabakversand.ch\/#website\"},\"primaryImageOfPage\":{\"@id\":\"https:\/\/www.tabakversand.ch\/prodotto\/lost-mary-bm6000-nachfuellbehaelter-10ml-20mg-blackberry-ice\/#primaryimage\"},\"image\":{\"@id\":\"https:\/\/www.tabakversand.ch\/prodotto\/lost-mary-bm6000-nachfuellbehaelter-10ml-20mg-blackberry-ice\/#primaryimage\"},\"thumbnailUrl\":\"https:\/\/www.tabakversand.ch\/wp-content\/uploads\/2024\/12\/lost-mary-bm6000-nachfuellbehaelter-blackberry-ice.jpg\",\"datePublished\":\"2024-12-18T14:38:11+00:00\",\"dateModified\":\"2025-05-22T10:25:49+00:00\",\"description\":\"Lost Mary BM6000 contenitore di ricarica 10ml 20mg Blackberry ICE | Ampia selezione di prodotti del tabacco in tutta la Svizzera | Carte accettate!\",\"breadcrumb\":{\"@id\":\"https:\/\/www.tabakversand.ch\/prodotto\/lost-mary-bm6000-nachfuellbehaelter-10ml-20mg-blackberry-ice\/#breadcrumb\"},\"inLanguage\":\"it-IT\",\"potentialAction\":[{\"@type\":\"ReadAction\",\"target\":[\"https:\/\/www.tabakversand.ch\/prodotto\/lost-mary-bm6000-nachfuellbehaelter-10ml-20mg-blackberry-ice\/\"]}]},{\"@type\":\"ImageObject\",\"inLanguage\":\"it-IT\",\"@id\":\"https:\/\/www.tabakversand.ch\/prodotto\/lost-mary-bm6000-nachfuellbehaelter-10ml-20mg-blackberry-ice\/#primaryimage\",\"url\":\"https:\/\/www.tabakversand.ch\/wp-content\/uploads\/2024\/12\/lost-mary-bm6000-nachfuellbehaelter-blackberry-ice.jpg\",\"contentUrl\":\"https:\/\/www.tabakversand.ch\/wp-content\/uploads\/2024\/12\/lost-mary-bm6000-nachfuellbehaelter-blackberry-ice.jpg\",\"width\":500,\"height\":500,\"caption\":\"Lost Mary BM6000 Contenitore di ricarica 10 ml 20 mg Blackberry ICE | Tabakversand.ch\"},{\"@type\":\"BreadcrumbList\",\"@id\":\"https:\/\/www.tabakversand.ch\/prodotto\/lost-mary-bm6000-nachfuellbehaelter-10ml-20mg-blackberry-ice\/#breadcrumb\",\"itemListElement\":[{\"@type\":\"ListItem\",\"position\":1,\"name\":\"Startseite\",\"item\":\"https:\/\/www.tabakversand.ch\/\"},{\"@type\":\"ListItem\",\"position\":2,\"name\":\"Negozio\",\"item\":\"https:\/\/www.tabakversand.ch\/it\/negozio\/\"},{\"@type\":\"ListItem\",\"position\":3,\"name\":\"Contenitore di ricarica Lost Mary BM6000 da 10 ml 20 mg Blackberry ICE\"}]},{\"@type\":\"WebSite\",\"@id\":\"https:\/\/www.tabakversand.ch\/#website\",\"url\":\"https:\/\/www.tabakversand.ch\/\",\"name\":\"Tabakversand.ch | Alles aus der Welt des Tabaks\",\"description\":\"Smoke and carpe diem\",\"potentialAction\":[{\"@type\":\"SearchAction\",\"target\":{\"@type\":\"EntryPoint\",\"urlTemplate\":\"https:\/\/www.tabakversand.ch\/?s={search_term_string}\"},\"query-input\":{\"@type\":\"PropertyValueSpecification\",\"valueRequired\":true,\"valueName\":\"search_term_string\"}}],\"inLanguage\":\"it-IT\"}]}<\/script>\n<!-- \/ Yoast SEO plugin. -->","yoast_head_json":{"title":"Contenitore di ricarica Lost Mary BM6000 da 10 ml 20 mg Blackberry ICE","description":"Lost Mary BM6000 contenitore di ricarica 10ml 20mg Blackberry ICE | Ampia selezione di prodotti del tabacco in tutta la Svizzera | Carte accettate!","robots":{"index":"index","follow":"follow","max-snippet":"max-snippet:-1","max-image-preview":"max-image-preview:large","max-video-preview":"max-video-preview:-1"},"canonical":"https:\/\/www.tabakversand.ch\/prodotto\/lost-mary-bm6000-nachfuellbehaelter-10ml-20mg-blackberry-ice\/","og_locale":"it_IT","og_type":"article","og_title":"Contenitore di ricarica Lost Mary BM6000 da 10 ml 20 mg Blackberry ICE","og_description":"Lost Mary BM6000 contenitore di ricarica 10ml 20mg Blackberry ICE | Ampia selezione di prodotti del tabacco in tutta la Svizzera | Carte accettate!","og_url":"https:\/\/www.tabakversand.ch\/prodotto\/lost-mary-bm6000-nachfuellbehaelter-10ml-20mg-blackberry-ice\/","og_site_name":"Tabakversand.ch | Alles aus der Welt des Tabaks","article_modified_time":"2025-05-22T10:25:49+00:00","og_image":[{"width":500,"height":500,"url":"https:\/\/www.tabakversand.ch\/wp-content\/uploads\/2024\/12\/lost-mary-bm6000-nachfuellbehaelter-blackberry-ice.jpg","type":"image\/jpeg"}],"twitter_card":"summary_large_image","twitter_misc":{"Tempo di lettura stimato":"2 minuti"},"schema":{"@context":"https:\/\/schema.org","@graph":[{"@type":"WebPage","@id":"https:\/\/www.tabakversand.ch\/prodotto\/lost-mary-bm6000-nachfuellbehaelter-10ml-20mg-blackberry-ice\/","url":"https:\/\/www.tabakversand.ch\/prodotto\/lost-mary-bm6000-nachfuellbehaelter-10ml-20mg-blackberry-ice\/","name":"Contenitore di ricarica Lost Mary BM6000 da 10 ml 20 mg Blackberry ICE","isPartOf":{"@id":"https:\/\/www.tabakversand.ch\/#website"},"primaryImageOfPage":{"@id":"https:\/\/www.tabakversand.ch\/prodotto\/lost-mary-bm6000-nachfuellbehaelter-10ml-20mg-blackberry-ice\/#primaryimage"},"image":{"@id":"https:\/\/www.tabakversand.ch\/prodotto\/lost-mary-bm6000-nachfuellbehaelter-10ml-20mg-blackberry-ice\/#primaryimage"},"thumbnailUrl":"https:\/\/www.tabakversand.ch\/wp-content\/uploads\/2024\/12\/lost-mary-bm6000-nachfuellbehaelter-blackberry-ice.jpg","datePublished":"2024-12-18T14:38:11+00:00","dateModified":"2025-05-22T10:25:49+00:00","description":"Lost Mary BM6000 contenitore di ricarica 10ml 20mg Blackberry ICE | Ampia selezione di prodotti del tabacco in tutta la Svizzera | Carte accettate!","breadcrumb":{"@id":"https:\/\/www.tabakversand.ch\/prodotto\/lost-mary-bm6000-nachfuellbehaelter-10ml-20mg-blackberry-ice\/#breadcrumb"},"inLanguage":"it-IT","potentialAction":[{"@type":"ReadAction","target":["https:\/\/www.tabakversand.ch\/prodotto\/lost-mary-bm6000-nachfuellbehaelter-10ml-20mg-blackberry-ice\/"]}]},{"@type":"ImageObject","inLanguage":"it-IT","@id":"https:\/\/www.tabakversand.ch\/prodotto\/lost-mary-bm6000-nachfuellbehaelter-10ml-20mg-blackberry-ice\/#primaryimage","url":"https:\/\/www.tabakversand.ch\/wp-content\/uploads\/2024\/12\/lost-mary-bm6000-nachfuellbehaelter-blackberry-ice.jpg","contentUrl":"https:\/\/www.tabakversand.ch\/wp-content\/uploads\/2024\/12\/lost-mary-bm6000-nachfuellbehaelter-blackberry-ice.jpg","width":500,"height":500,"caption":"Lost Mary BM6000 Contenitore di ricarica 10 ml 20 mg Blackberry ICE | Tabakversand.ch"},{"@type":"BreadcrumbList","@id":"https:\/\/www.tabakversand.ch\/prodotto\/lost-mary-bm6000-nachfuellbehaelter-10ml-20mg-blackberry-ice\/#breadcrumb","itemListElement":[{"@type":"ListItem","position":1,"name":"Startseite","item":"https:\/\/www.tabakversand.ch\/"},{"@type":"ListItem","position":2,"name":"Negozio","item":"https:\/\/www.tabakversand.ch\/it\/negozio\/"},{"@type":"ListItem","position":3,"name":"Contenitore di ricarica Lost Mary BM6000 da 10 ml 20 mg Blackberry ICE"}]},{"@type":"WebSite","@id":"https:\/\/www.tabakversand.ch\/#website","url":"https:\/\/www.tabakversand.ch\/","name":"Tabakversand.ch | Alles aus der Welt des Tabaks","description":"Smoke and carpe diem","potentialAction":[{"@type":"SearchAction","target":{"@type":"EntryPoint","urlTemplate":"https:\/\/www.tabakversand.ch\/?s={search_term_string}"},"query-input":{"@type":"PropertyValueSpecification","valueRequired":true,"valueName":"search_term_string"}}],"inLanguage":"it-IT"}]}},"_links":{"self":[{"href":"https:\/\/www.tabakversand.ch\/it\/wp-json\/wp\/v2\/product\/164222","targetHints":{"allow":["GET"]}}],"collection":[{"href":"https:\/\/www.tabakversand.ch\/it\/wp-json\/wp\/v2\/product"}],"about":[{"href":"https:\/\/www.tabakversand.ch\/it\/wp-json\/wp\/v2\/types\/product"}],"version-history":[{"count":5,"href":"https:\/\/www.tabakversand.ch\/it\/wp-json\/wp\/v2\/product\/164222\/revisions"}],"predecessor-version":[{"id":181374,"href":"https:\/\/www.tabakversand.ch\/it\/wp-json\/wp\/v2\/product\/164222\/revisions\/181374"}],"wp:featuredmedia":[{"embeddable":true,"href":"https:\/\/www.tabakversand.ch\/it\/wp-json\/wp\/v2\/media\/164226"}],"wp:attachment":[{"href":"https:\/\/www.tabakversand.ch\/it\/wp-json\/wp\/v2\/media?parent=164222"}],"wp:term":[{"taxonomy":"product_brand","embeddable":true,"href":"https:\/\/www.tabakversand.ch\/it\/wp-json\/wp\/v2\/product_brand?post=164222"},{"taxonomy":"product_cat","embeddable":true,"href":"https:\/\/www.tabakversand.ch\/it\/wp-json\/wp\/v2\/product_cat?post=164222"},{"taxonomy":"product_tag","embeddable":true,"href":"https:\/\/www.tabakversand.ch\/it\/wp-json\/wp\/v2\/product_tag?post=164222"}],"curies":[{"name":"wp","href":"https:\/\/api.w.org\/{rel}","templated":true}]}}