{"id":166383,"date":"2025-01-22T13:54:15","date_gmt":"2025-01-22T12:54:15","guid":{"rendered":"https:\/\/www.tabakversand.ch\/?post_type=product&#038;p=166383"},"modified":"2025-09-17T09:59:19","modified_gmt":"2025-09-17T07:59:19","slug":"vozol-joygo-snus-anguria-ice-25mg","status":"publish","type":"product","link":"https:\/\/www.tabakversand.ch\/it\/prodotto\/vozol-joygo-snus-anguria-ice-25mg\/","title":{"rendered":"Vozol JoyGo Snus Anguria ICE 25mg"},"content":{"rendered":"<p>Vozol JoyGo Snus Anguria ICE 25mg<\/p>\n<p>&nbsp;<\/p>\n<p>Joygo Snus \u2013 25 mg \u00e8 pensato per gli utilizzatori esperti di snus che cercano un effetto significativamente pi\u00f9 forte. 25 mg per dose offrono una spinta notevolmente potente, ideale per chi cerca un effetto pi\u00f9 intenso e un&#8217;esperienza di snus profonda e duratura. Perfetto per gli utilizzatori esperti che cercano un momento di piacere pi\u00f9 intenso.  <\/p>\n<p>Watermelon ICE: unisce il sapore dolce e succoso dell&#8217;anguria a una nota fresca e rinfrescante.<\/p>\n<p>Gusto: Anguria, Freschezza<br \/>\n Sacchetti per lattina: 20<br \/>\n Nicotina: 25 mg\/g<br \/>\n 5 lattine<\/p>\n<p>&nbsp;<\/p>\n<p>Tutti i prezzi si applicano solo agli ordini online e sono comprensivi di IVA. Soggetto a modifiche senza preavviso, escluse le spese di spedizione. Con riserva di errori, modifiche nell&#8217;ambito di consegna e nel design, errori di stampa e variazioni di prezzo. I prezzi barrati sono prezzi sostitutivi. Le illustrazioni possono differire dall&#8217;originale\/dall&#8217;ambito di consegna.<br \/>\n*Spedizione gratuita per ordini superiori a CHF 250.-.<\/p>\n","protected":false},"excerpt":{"rendered":"<p>Vozol JoyGo Snus Anguria ICE 25mg &nbsp; Joygo Snus \u2013 25 mg \u00e8 pensato per gli utilizzatori esperti di snus che cercano un effetto significativamente pi\u00f9 forte. 25 mg per dose offrono una spinta notevolmente potente, ideale per chi cerca un effetto pi\u00f9 intenso e un&#8217;esperienza di snus profonda e duratura. Perfetto per gli utilizzatori [&hellip;]<\/p>\n","protected":false},"featured_media":166387,"template":"","meta":[],"product_brand":[],"product_cat":[4565,1889,1901,1902],"product_tag":[],"class_list":{"0":"post-166383","1":"product","2":"type-product","3":"status-publish","4":"has-post-thumbnail","6":"product_cat-snus-in-una-bustina","7":"product_cat-tabacco","8":"product_cat-tabacco-da-masticare-in-un-sacchetto","9":"product_cat-tabacco-da-masticare-snus","11":"first","12":"outofstock","13":"purchasable","14":"product-type-simple"},"yoast_head":"<!-- This site is optimized with the Yoast SEO plugin v27.0 - https:\/\/yoast.com\/product\/yoast-seo-wordpress\/ -->\n<title>Vozol JoyGo Snus Anguria ICE 25mg - Tabakversand.ch | Alles aus der Welt des Tabaks<\/title>\n<meta name=\"description\" content=\"Vozol JoyGo Snus Anguria ICE 25mg | Una selezione di prodotti del tabacco, e-smoke e utensili per fumatori di altissimo livello in tutta la Svizzera Carte accettate!\" \/>\n<meta name=\"robots\" content=\"index, follow, max-snippet:-1, max-image-preview:large, max-video-preview:-1\" \/>\n<link rel=\"canonical\" href=\"https:\/\/www.tabakversand.ch\/it\/prodotto\/vozol-joygo-snus-anguria-ice-25mg\/\" \/>\n<meta property=\"og:locale\" content=\"it_IT\" \/>\n<meta property=\"og:type\" content=\"article\" \/>\n<meta property=\"og:title\" content=\"Vozol JoyGo Snus Anguria ICE 25mg - Tabakversand.ch | Alles aus der Welt des Tabaks\" \/>\n<meta property=\"og:description\" content=\"Vozol JoyGo Snus Anguria ICE 25mg | Una selezione di prodotti del tabacco, e-smoke e utensili per fumatori di altissimo livello in tutta la Svizzera Carte accettate!\" \/>\n<meta property=\"og:url\" content=\"https:\/\/www.tabakversand.ch\/it\/prodotto\/vozol-joygo-snus-anguria-ice-25mg\/\" \/>\n<meta property=\"og:site_name\" content=\"Tabakversand.ch | Alles aus der Welt des Tabaks\" \/>\n<meta property=\"article:modified_time\" content=\"2025-09-17T07:59:19+00:00\" \/>\n<meta property=\"og:image\" content=\"https:\/\/www.tabakversand.ch\/wp-content\/uploads\/2025\/01\/vozol-joygo-snus-watermelom-ice-25mg.jpg\" \/>\n\t<meta property=\"og:image:width\" content=\"500\" \/>\n\t<meta property=\"og:image:height\" content=\"500\" \/>\n\t<meta property=\"og:image:type\" content=\"image\/jpeg\" \/>\n<meta name=\"twitter:card\" content=\"summary_large_image\" \/>\n<meta name=\"twitter:label1\" content=\"Tempo di lettura stimato\" \/>\n\t<meta name=\"twitter:data1\" content=\"2 minuti\" \/>\n<script type=\"application\/ld+json\" class=\"yoast-schema-graph\">{\"@context\":\"https:\/\/schema.org\",\"@graph\":[{\"@type\":\"WebPage\",\"@id\":\"https:\/\/www.tabakversand.ch\/it\/prodotto\/vozol-joygo-snus-anguria-ice-25mg\/\",\"url\":\"https:\/\/www.tabakversand.ch\/it\/prodotto\/vozol-joygo-snus-anguria-ice-25mg\/\",\"name\":\"Vozol JoyGo Snus Anguria ICE 25mg - Tabakversand.ch | Alles aus der Welt des Tabaks\",\"isPartOf\":{\"@id\":\"https:\/\/www.tabakversand.ch\/#website\"},\"primaryImageOfPage\":{\"@id\":\"https:\/\/www.tabakversand.ch\/it\/prodotto\/vozol-joygo-snus-anguria-ice-25mg\/#primaryimage\"},\"image\":{\"@id\":\"https:\/\/www.tabakversand.ch\/it\/prodotto\/vozol-joygo-snus-anguria-ice-25mg\/#primaryimage\"},\"thumbnailUrl\":\"https:\/\/www.tabakversand.ch\/wp-content\/uploads\/2025\/01\/vozol-joygo-snus-watermelom-ice-25mg.jpg\",\"datePublished\":\"2025-01-22T12:54:15+00:00\",\"dateModified\":\"2025-09-17T07:59:19+00:00\",\"description\":\"Vozol JoyGo Snus Anguria ICE 25mg | Una selezione di prodotti del tabacco, e-smoke e utensili per fumatori di altissimo livello in tutta la Svizzera Carte accettate!\",\"breadcrumb\":{\"@id\":\"https:\/\/www.tabakversand.ch\/it\/prodotto\/vozol-joygo-snus-anguria-ice-25mg\/#breadcrumb\"},\"inLanguage\":\"it-IT\",\"potentialAction\":[{\"@type\":\"ReadAction\",\"target\":[\"https:\/\/www.tabakversand.ch\/it\/prodotto\/vozol-joygo-snus-anguria-ice-25mg\/\"]}]},{\"@type\":\"ImageObject\",\"inLanguage\":\"it-IT\",\"@id\":\"https:\/\/www.tabakversand.ch\/it\/prodotto\/vozol-joygo-snus-anguria-ice-25mg\/#primaryimage\",\"url\":\"https:\/\/www.tabakversand.ch\/wp-content\/uploads\/2025\/01\/vozol-joygo-snus-watermelom-ice-25mg.jpg\",\"contentUrl\":\"https:\/\/www.tabakversand.ch\/wp-content\/uploads\/2025\/01\/vozol-joygo-snus-watermelom-ice-25mg.jpg\",\"width\":500,\"height\":500,\"caption\":\"Vozol JoyGo Snus Watermelon ICE 25mg | Tabakversand.ch\"},{\"@type\":\"BreadcrumbList\",\"@id\":\"https:\/\/www.tabakversand.ch\/it\/prodotto\/vozol-joygo-snus-anguria-ice-25mg\/#breadcrumb\",\"itemListElement\":[{\"@type\":\"ListItem\",\"position\":1,\"name\":\"Startseite\",\"item\":\"https:\/\/www.tabakversand.ch\/\"},{\"@type\":\"ListItem\",\"position\":2,\"name\":\"Negozio\",\"item\":\"https:\/\/www.tabakversand.ch\/it\/negozio\/\"},{\"@type\":\"ListItem\",\"position\":3,\"name\":\"Vozol JoyGo Snus Anguria ICE 25mg\"}]},{\"@type\":\"WebSite\",\"@id\":\"https:\/\/www.tabakversand.ch\/#website\",\"url\":\"https:\/\/www.tabakversand.ch\/\",\"name\":\"Tabakversand.ch | Alles aus der Welt des Tabaks\",\"description\":\"Smoke and carpe diem\",\"potentialAction\":[{\"@type\":\"SearchAction\",\"target\":{\"@type\":\"EntryPoint\",\"urlTemplate\":\"https:\/\/www.tabakversand.ch\/?s={search_term_string}\"},\"query-input\":{\"@type\":\"PropertyValueSpecification\",\"valueRequired\":true,\"valueName\":\"search_term_string\"}}],\"inLanguage\":\"it-IT\"}]}<\/script>\n<!-- \/ Yoast SEO plugin. -->","yoast_head_json":{"title":"Vozol JoyGo Snus Anguria ICE 25mg - Tabakversand.ch | Alles aus der Welt des Tabaks","description":"Vozol JoyGo Snus Anguria ICE 25mg | Una selezione di prodotti del tabacco, e-smoke e utensili per fumatori di altissimo livello in tutta la Svizzera Carte accettate!","robots":{"index":"index","follow":"follow","max-snippet":"max-snippet:-1","max-image-preview":"max-image-preview:large","max-video-preview":"max-video-preview:-1"},"canonical":"https:\/\/www.tabakversand.ch\/it\/prodotto\/vozol-joygo-snus-anguria-ice-25mg\/","og_locale":"it_IT","og_type":"article","og_title":"Vozol JoyGo Snus Anguria ICE 25mg - Tabakversand.ch | Alles aus der Welt des Tabaks","og_description":"Vozol JoyGo Snus Anguria ICE 25mg | Una selezione di prodotti del tabacco, e-smoke e utensili per fumatori di altissimo livello in tutta la Svizzera Carte accettate!","og_url":"https:\/\/www.tabakversand.ch\/it\/prodotto\/vozol-joygo-snus-anguria-ice-25mg\/","og_site_name":"Tabakversand.ch | Alles aus der Welt des Tabaks","article_modified_time":"2025-09-17T07:59:19+00:00","og_image":[{"width":500,"height":500,"url":"https:\/\/www.tabakversand.ch\/wp-content\/uploads\/2025\/01\/vozol-joygo-snus-watermelom-ice-25mg.jpg","type":"image\/jpeg"}],"twitter_card":"summary_large_image","twitter_misc":{"Tempo di lettura stimato":"2 minuti"},"schema":{"@context":"https:\/\/schema.org","@graph":[{"@type":"WebPage","@id":"https:\/\/www.tabakversand.ch\/it\/prodotto\/vozol-joygo-snus-anguria-ice-25mg\/","url":"https:\/\/www.tabakversand.ch\/it\/prodotto\/vozol-joygo-snus-anguria-ice-25mg\/","name":"Vozol JoyGo Snus Anguria ICE 25mg - Tabakversand.ch | Alles aus der Welt des Tabaks","isPartOf":{"@id":"https:\/\/www.tabakversand.ch\/#website"},"primaryImageOfPage":{"@id":"https:\/\/www.tabakversand.ch\/it\/prodotto\/vozol-joygo-snus-anguria-ice-25mg\/#primaryimage"},"image":{"@id":"https:\/\/www.tabakversand.ch\/it\/prodotto\/vozol-joygo-snus-anguria-ice-25mg\/#primaryimage"},"thumbnailUrl":"https:\/\/www.tabakversand.ch\/wp-content\/uploads\/2025\/01\/vozol-joygo-snus-watermelom-ice-25mg.jpg","datePublished":"2025-01-22T12:54:15+00:00","dateModified":"2025-09-17T07:59:19+00:00","description":"Vozol JoyGo Snus Anguria ICE 25mg | Una selezione di prodotti del tabacco, e-smoke e utensili per fumatori di altissimo livello in tutta la Svizzera Carte accettate!","breadcrumb":{"@id":"https:\/\/www.tabakversand.ch\/it\/prodotto\/vozol-joygo-snus-anguria-ice-25mg\/#breadcrumb"},"inLanguage":"it-IT","potentialAction":[{"@type":"ReadAction","target":["https:\/\/www.tabakversand.ch\/it\/prodotto\/vozol-joygo-snus-anguria-ice-25mg\/"]}]},{"@type":"ImageObject","inLanguage":"it-IT","@id":"https:\/\/www.tabakversand.ch\/it\/prodotto\/vozol-joygo-snus-anguria-ice-25mg\/#primaryimage","url":"https:\/\/www.tabakversand.ch\/wp-content\/uploads\/2025\/01\/vozol-joygo-snus-watermelom-ice-25mg.jpg","contentUrl":"https:\/\/www.tabakversand.ch\/wp-content\/uploads\/2025\/01\/vozol-joygo-snus-watermelom-ice-25mg.jpg","width":500,"height":500,"caption":"Vozol JoyGo Snus Watermelon ICE 25mg | Tabakversand.ch"},{"@type":"BreadcrumbList","@id":"https:\/\/www.tabakversand.ch\/it\/prodotto\/vozol-joygo-snus-anguria-ice-25mg\/#breadcrumb","itemListElement":[{"@type":"ListItem","position":1,"name":"Startseite","item":"https:\/\/www.tabakversand.ch\/"},{"@type":"ListItem","position":2,"name":"Negozio","item":"https:\/\/www.tabakversand.ch\/it\/negozio\/"},{"@type":"ListItem","position":3,"name":"Vozol JoyGo Snus Anguria ICE 25mg"}]},{"@type":"WebSite","@id":"https:\/\/www.tabakversand.ch\/#website","url":"https:\/\/www.tabakversand.ch\/","name":"Tabakversand.ch | Alles aus der Welt des Tabaks","description":"Smoke and carpe diem","potentialAction":[{"@type":"SearchAction","target":{"@type":"EntryPoint","urlTemplate":"https:\/\/www.tabakversand.ch\/?s={search_term_string}"},"query-input":{"@type":"PropertyValueSpecification","valueRequired":true,"valueName":"search_term_string"}}],"inLanguage":"it-IT"}]}},"_links":{"self":[{"href":"https:\/\/www.tabakversand.ch\/it\/wp-json\/wp\/v2\/product\/166383","targetHints":{"allow":["GET"]}}],"collection":[{"href":"https:\/\/www.tabakversand.ch\/it\/wp-json\/wp\/v2\/product"}],"about":[{"href":"https:\/\/www.tabakversand.ch\/it\/wp-json\/wp\/v2\/types\/product"}],"version-history":[{"count":4,"href":"https:\/\/www.tabakversand.ch\/it\/wp-json\/wp\/v2\/product\/166383\/revisions"}],"predecessor-version":[{"id":200004,"href":"https:\/\/www.tabakversand.ch\/it\/wp-json\/wp\/v2\/product\/166383\/revisions\/200004"}],"wp:featuredmedia":[{"embeddable":true,"href":"https:\/\/www.tabakversand.ch\/it\/wp-json\/wp\/v2\/media\/166387"}],"wp:attachment":[{"href":"https:\/\/www.tabakversand.ch\/it\/wp-json\/wp\/v2\/media?parent=166383"}],"wp:term":[{"taxonomy":"product_brand","embeddable":true,"href":"https:\/\/www.tabakversand.ch\/it\/wp-json\/wp\/v2\/product_brand?post=166383"},{"taxonomy":"product_cat","embeddable":true,"href":"https:\/\/www.tabakversand.ch\/it\/wp-json\/wp\/v2\/product_cat?post=166383"},{"taxonomy":"product_tag","embeddable":true,"href":"https:\/\/www.tabakversand.ch\/it\/wp-json\/wp\/v2\/product_tag?post=166383"}],"curies":[{"name":"wp","href":"https:\/\/api.w.org\/{rel}","templated":true}]}}