{"id":170575,"date":"2025-05-01T07:55:26","date_gmt":"2025-05-01T05:55:26","guid":{"rendered":"https:\/\/www.tabakversand.ch\/?post_type=product&#038;p=170575"},"modified":"2026-04-12T09:13:22","modified_gmt":"2026-04-12T07:13:22","slug":"corrida-club-brasile","status":"publish","type":"product","link":"https:\/\/www.tabakversand.ch\/it\/prodotto\/corrida-club-brasile\/","title":{"rendered":"Corrida Club Brasile"},"content":{"rendered":"<p>Corrida Club Brasile<\/p>\n<p>\u00c8 arrotolato a mano con una pregiata foglia di Arapiraca brasiliana. Il colore scuro deriva da una speciale raccolta e da un processo di fermentazione del tabacco che si svolge esclusivamente in Brasile. Questo conferisce al sigaretto un aroma pi\u00f9 intenso, rendendolo al contempo pi\u00f9 delicato e dolce. Il profilo aromatico \u00e8 una sinfonia di profumi, arricchita da note di caff\u00e8 e floreali-dolci.   <\/p>\n<p>1 x 10 pezzi<\/p>\n<p>Tutti i prezzi sono validi solo per gli ordini online e includono l&#8217;IVA, sono soggetti a modifiche senza preavviso e non includono le spese di spedizione.   Con riserva di errori, modifiche nella fornitura e nella progettazione, errori di stampa e modifiche dei prezzi. I prezzi barrati sono invece prezzi. L&#8217;immagine pu\u00f2 differire dall&#8217;originale\/dalla fornitura.<br \/>\n*Spedizione gratuita per ordini superiori a CHF 250.-.<\/p>\n","protected":false},"excerpt":{"rendered":"<p>Corrida Club Brasile \u00c8 arrotolato a mano con una pregiata foglia di Arapiraca brasiliana. Il colore scuro deriva da una speciale raccolta e da un processo di fermentazione del tabacco che si svolge esclusivamente in Brasile. Questo conferisce al sigaretto un aroma pi\u00f9 intenso, rendendolo al contempo pi\u00f9 delicato e dolce. Il profilo aromatico \u00e8 [&hellip;]<\/p>\n","protected":false},"featured_media":170579,"template":"","meta":[],"product_brand":[5781],"product_cat":[2004,2003,3207,2058],"product_tag":[],"class_list":{"0":"post-170575","1":"product","2":"type-product","3":"status-publish","4":"has-post-thumbnail","6":"product_brand-corrida-zigarren","7":"product_cat-diverso-headshop","8":"product_cat-mondo-dei-sigari","9":"product_cat-offerte","10":"product_cat-sigaretti","12":"first","13":"instock","14":"sale","15":"featured","16":"purchasable","17":"product-type-simple"},"yoast_head":"<!-- This site is optimized with the Yoast SEO plugin v27.0 - https:\/\/yoast.com\/product\/yoast-seo-wordpress\/ -->\n<title>Corrida Club Brasile - Tabakversand.ch | Alles aus der Welt des Tabaks<\/title>\n<meta name=\"description\" content=\"Corrida Club Brasile | Un&#039;ampia selezione di prodotti del tabacco, sigarette elettroniche e accessori per fumatori di alta qualit\u00e0 in tutta la Svizzera | Carte di credito accettate!\" \/>\n<meta name=\"robots\" content=\"index, follow, max-snippet:-1, max-image-preview:large, max-video-preview:-1\" \/>\n<link rel=\"canonical\" href=\"https:\/\/www.tabakversand.ch\/it\/prodotto\/corrida-club-brasile\/\" \/>\n<meta property=\"og:locale\" content=\"it_IT\" \/>\n<meta property=\"og:type\" content=\"article\" \/>\n<meta property=\"og:title\" content=\"Corrida Club Brasile - Tabakversand.ch | Alles aus der Welt des Tabaks\" \/>\n<meta property=\"og:description\" content=\"Corrida Club Brasile | Un&#039;ampia selezione di prodotti del tabacco, sigarette elettroniche e accessori per fumatori di alta qualit\u00e0 in tutta la Svizzera | Carte di credito accettate!\" \/>\n<meta property=\"og:url\" content=\"https:\/\/www.tabakversand.ch\/it\/prodotto\/corrida-club-brasile\/\" \/>\n<meta property=\"og:site_name\" content=\"Tabakversand.ch | Alles aus der Welt des Tabaks\" \/>\n<meta property=\"article:modified_time\" content=\"2026-04-12T07:13:22+00:00\" \/>\n<meta property=\"og:image\" content=\"https:\/\/www.tabakversand.ch\/wp-content\/uploads\/2025\/02\/corrida-club-brasil.jpg\" \/>\n\t<meta property=\"og:image:width\" content=\"500\" \/>\n\t<meta property=\"og:image:height\" content=\"501\" \/>\n\t<meta property=\"og:image:type\" content=\"image\/jpeg\" \/>\n<meta name=\"twitter:card\" content=\"summary_large_image\" \/>\n<meta name=\"twitter:label1\" content=\"Tempo di lettura stimato\" \/>\n\t<meta name=\"twitter:data1\" content=\"1 minuto\" \/>\n<script type=\"application\/ld+json\" class=\"yoast-schema-graph\">{\"@context\":\"https:\/\/schema.org\",\"@graph\":[{\"@type\":\"WebPage\",\"@id\":\"https:\/\/www.tabakversand.ch\/it\/prodotto\/corrida-club-brasile\/\",\"url\":\"https:\/\/www.tabakversand.ch\/it\/prodotto\/corrida-club-brasile\/\",\"name\":\"Corrida Club Brasile - Tabakversand.ch | Alles aus der Welt des Tabaks\",\"isPartOf\":{\"@id\":\"https:\/\/www.tabakversand.ch\/#website\"},\"primaryImageOfPage\":{\"@id\":\"https:\/\/www.tabakversand.ch\/it\/prodotto\/corrida-club-brasile\/#primaryimage\"},\"image\":{\"@id\":\"https:\/\/www.tabakversand.ch\/it\/prodotto\/corrida-club-brasile\/#primaryimage\"},\"thumbnailUrl\":\"https:\/\/www.tabakversand.ch\/wp-content\/uploads\/2025\/02\/corrida-club-brasil.jpg\",\"datePublished\":\"2025-05-01T05:55:26+00:00\",\"dateModified\":\"2026-04-12T07:13:22+00:00\",\"description\":\"Corrida Club Brasile | Un'ampia selezione di prodotti del tabacco, sigarette elettroniche e accessori per fumatori di alta qualit\u00e0 in tutta la Svizzera | Carte di credito accettate!\",\"breadcrumb\":{\"@id\":\"https:\/\/www.tabakversand.ch\/it\/prodotto\/corrida-club-brasile\/#breadcrumb\"},\"inLanguage\":\"it-IT\",\"potentialAction\":[{\"@type\":\"ReadAction\",\"target\":[\"https:\/\/www.tabakversand.ch\/it\/prodotto\/corrida-club-brasile\/\"]}]},{\"@type\":\"ImageObject\",\"inLanguage\":\"it-IT\",\"@id\":\"https:\/\/www.tabakversand.ch\/it\/prodotto\/corrida-club-brasile\/#primaryimage\",\"url\":\"https:\/\/www.tabakversand.ch\/wp-content\/uploads\/2025\/02\/corrida-club-brasil.jpg\",\"contentUrl\":\"https:\/\/www.tabakversand.ch\/wp-content\/uploads\/2025\/02\/corrida-club-brasil.jpg\",\"width\":500,\"height\":501,\"caption\":\"Corrida Club Brasile | Tabakversand.ch\"},{\"@type\":\"BreadcrumbList\",\"@id\":\"https:\/\/www.tabakversand.ch\/it\/prodotto\/corrida-club-brasile\/#breadcrumb\",\"itemListElement\":[{\"@type\":\"ListItem\",\"position\":1,\"name\":\"Startseite\",\"item\":\"https:\/\/www.tabakversand.ch\/\"},{\"@type\":\"ListItem\",\"position\":2,\"name\":\"Negozio\",\"item\":\"https:\/\/www.tabakversand.ch\/it\/negozio\/\"},{\"@type\":\"ListItem\",\"position\":3,\"name\":\"Corrida Club Brasile\"}]},{\"@type\":\"WebSite\",\"@id\":\"https:\/\/www.tabakversand.ch\/#website\",\"url\":\"https:\/\/www.tabakversand.ch\/\",\"name\":\"Tabakversand.ch | Alles aus der Welt des Tabaks\",\"description\":\"Smoke and carpe diem\",\"potentialAction\":[{\"@type\":\"SearchAction\",\"target\":{\"@type\":\"EntryPoint\",\"urlTemplate\":\"https:\/\/www.tabakversand.ch\/?s={search_term_string}\"},\"query-input\":{\"@type\":\"PropertyValueSpecification\",\"valueRequired\":true,\"valueName\":\"search_term_string\"}}],\"inLanguage\":\"it-IT\"}]}<\/script>\n<!-- \/ Yoast SEO plugin. -->","yoast_head_json":{"title":"Corrida Club Brasile - Tabakversand.ch | Alles aus der Welt des Tabaks","description":"Corrida Club Brasile | Un'ampia selezione di prodotti del tabacco, sigarette elettroniche e accessori per fumatori di alta qualit\u00e0 in tutta la Svizzera | Carte di credito accettate!","robots":{"index":"index","follow":"follow","max-snippet":"max-snippet:-1","max-image-preview":"max-image-preview:large","max-video-preview":"max-video-preview:-1"},"canonical":"https:\/\/www.tabakversand.ch\/it\/prodotto\/corrida-club-brasile\/","og_locale":"it_IT","og_type":"article","og_title":"Corrida Club Brasile - Tabakversand.ch | Alles aus der Welt des Tabaks","og_description":"Corrida Club Brasile | Un'ampia selezione di prodotti del tabacco, sigarette elettroniche e accessori per fumatori di alta qualit\u00e0 in tutta la Svizzera | Carte di credito accettate!","og_url":"https:\/\/www.tabakversand.ch\/it\/prodotto\/corrida-club-brasile\/","og_site_name":"Tabakversand.ch | Alles aus der Welt des Tabaks","article_modified_time":"2026-04-12T07:13:22+00:00","og_image":[{"width":500,"height":501,"url":"https:\/\/www.tabakversand.ch\/wp-content\/uploads\/2025\/02\/corrida-club-brasil.jpg","type":"image\/jpeg"}],"twitter_card":"summary_large_image","twitter_misc":{"Tempo di lettura stimato":"1 minuto"},"schema":{"@context":"https:\/\/schema.org","@graph":[{"@type":"WebPage","@id":"https:\/\/www.tabakversand.ch\/it\/prodotto\/corrida-club-brasile\/","url":"https:\/\/www.tabakversand.ch\/it\/prodotto\/corrida-club-brasile\/","name":"Corrida Club Brasile - Tabakversand.ch | Alles aus der Welt des Tabaks","isPartOf":{"@id":"https:\/\/www.tabakversand.ch\/#website"},"primaryImageOfPage":{"@id":"https:\/\/www.tabakversand.ch\/it\/prodotto\/corrida-club-brasile\/#primaryimage"},"image":{"@id":"https:\/\/www.tabakversand.ch\/it\/prodotto\/corrida-club-brasile\/#primaryimage"},"thumbnailUrl":"https:\/\/www.tabakversand.ch\/wp-content\/uploads\/2025\/02\/corrida-club-brasil.jpg","datePublished":"2025-05-01T05:55:26+00:00","dateModified":"2026-04-12T07:13:22+00:00","description":"Corrida Club Brasile | Un'ampia selezione di prodotti del tabacco, sigarette elettroniche e accessori per fumatori di alta qualit\u00e0 in tutta la Svizzera | Carte di credito accettate!","breadcrumb":{"@id":"https:\/\/www.tabakversand.ch\/it\/prodotto\/corrida-club-brasile\/#breadcrumb"},"inLanguage":"it-IT","potentialAction":[{"@type":"ReadAction","target":["https:\/\/www.tabakversand.ch\/it\/prodotto\/corrida-club-brasile\/"]}]},{"@type":"ImageObject","inLanguage":"it-IT","@id":"https:\/\/www.tabakversand.ch\/it\/prodotto\/corrida-club-brasile\/#primaryimage","url":"https:\/\/www.tabakversand.ch\/wp-content\/uploads\/2025\/02\/corrida-club-brasil.jpg","contentUrl":"https:\/\/www.tabakversand.ch\/wp-content\/uploads\/2025\/02\/corrida-club-brasil.jpg","width":500,"height":501,"caption":"Corrida Club Brasile | Tabakversand.ch"},{"@type":"BreadcrumbList","@id":"https:\/\/www.tabakversand.ch\/it\/prodotto\/corrida-club-brasile\/#breadcrumb","itemListElement":[{"@type":"ListItem","position":1,"name":"Startseite","item":"https:\/\/www.tabakversand.ch\/"},{"@type":"ListItem","position":2,"name":"Negozio","item":"https:\/\/www.tabakversand.ch\/it\/negozio\/"},{"@type":"ListItem","position":3,"name":"Corrida Club Brasile"}]},{"@type":"WebSite","@id":"https:\/\/www.tabakversand.ch\/#website","url":"https:\/\/www.tabakversand.ch\/","name":"Tabakversand.ch | Alles aus der Welt des Tabaks","description":"Smoke and carpe diem","potentialAction":[{"@type":"SearchAction","target":{"@type":"EntryPoint","urlTemplate":"https:\/\/www.tabakversand.ch\/?s={search_term_string}"},"query-input":{"@type":"PropertyValueSpecification","valueRequired":true,"valueName":"search_term_string"}}],"inLanguage":"it-IT"}]}},"_links":{"self":[{"href":"https:\/\/www.tabakversand.ch\/it\/wp-json\/wp\/v2\/product\/170575","targetHints":{"allow":["GET"]}}],"collection":[{"href":"https:\/\/www.tabakversand.ch\/it\/wp-json\/wp\/v2\/product"}],"about":[{"href":"https:\/\/www.tabakversand.ch\/it\/wp-json\/wp\/v2\/types\/product"}],"version-history":[{"count":5,"href":"https:\/\/www.tabakversand.ch\/it\/wp-json\/wp\/v2\/product\/170575\/revisions"}],"predecessor-version":[{"id":217640,"href":"https:\/\/www.tabakversand.ch\/it\/wp-json\/wp\/v2\/product\/170575\/revisions\/217640"}],"wp:featuredmedia":[{"embeddable":true,"href":"https:\/\/www.tabakversand.ch\/it\/wp-json\/wp\/v2\/media\/170579"}],"wp:attachment":[{"href":"https:\/\/www.tabakversand.ch\/it\/wp-json\/wp\/v2\/media?parent=170575"}],"wp:term":[{"taxonomy":"product_brand","embeddable":true,"href":"https:\/\/www.tabakversand.ch\/it\/wp-json\/wp\/v2\/product_brand?post=170575"},{"taxonomy":"product_cat","embeddable":true,"href":"https:\/\/www.tabakversand.ch\/it\/wp-json\/wp\/v2\/product_cat?post=170575"},{"taxonomy":"product_tag","embeddable":true,"href":"https:\/\/www.tabakversand.ch\/it\/wp-json\/wp\/v2\/product_tag?post=170575"}],"curies":[{"name":"wp","href":"https:\/\/api.w.org\/{rel}","templated":true}]}}