{"id":172692,"date":"2025-02-22T10:46:27","date_gmt":"2025-02-22T09:46:27","guid":{"rendered":"https:\/\/www.tabakversand.ch\/?post_type=product&#038;p=172692"},"modified":"2026-03-05T14:02:06","modified_gmt":"2026-03-05T13:02:06","slug":"adalya-hawaii-50-gr-tabacco-per-shisha","status":"publish","type":"product","link":"https:\/\/www.tabakversand.ch\/it\/prodotto\/adalya-hawaii-50-gr-tabacco-per-shisha\/","title":{"rendered":"Adalya Hawaii 50 gr tabacco per shisha"},"content":{"rendered":"<p>Adalya Hawaii<\/p>\n<p>Delizia di frutta esotica<\/p>\n<p>Con il tabacco per shisha Adalya Hawaii, vivrai un viaggio di sapori ai tropici. L&#8217;armoniosa miscela di frutti esotici, pesca succosa e ananas dolce crea un aroma intenso e fruttato che rende ogni sessione di shisha un&#8217;esperienza speciale. <\/p>\n<p>Questa combinazione esotica regala un&#8217;esperienza di sapore fresco, dolce ed equilibrato, deliziando sia i principianti che gli appassionati di narghil\u00e8 pi\u00f9 esperti. Il tabacco \u00e8 tabacco Virginia di alta qualit\u00e0, finemente tagliato e sufficientemente umido da garantire una fumata densa. <\/p>\n<p>Che si tratti di rilassanti serate in due o di allegre sessioni di narghil\u00e8 con gli amici, Adalya Hawaii offre freschezza tropicale e un piacere intenso.<\/p>\n<p>1 x 50 gr.<\/p>\n<p>Su tabakversand.ch, riceverete il tabacco per shisha Adalya Hawaii fresco di conservazione e nella sua confezione originale. Una conservazione accurata garantisce che l&#8217;aroma, l&#8217;umidit\u00e0 e la qualit\u00e0 siano preservati in modo ottimale fino alla spedizione. Grazie alla consegna rapida in Svizzera, il vostro tabacco per shisha arriver\u00e0 solitamente molto rapidamente.  <\/p>\n<p>Per maggiori informazioni su shisha\/pipe ad acqua, visita la voce corrispondente su Wikipedia: <a href=\"https:\/\/de.wikipedia.org\/wiki\/Shisha\">clicca qui<\/a> . Per qualsiasi domanda sul prodotto, non esitare a contattarci: <a href=\"https:\/\/www.tabakversand.ch\/kontakt\/\">clicca qui<\/a> . <\/p>\n<p>Tutti i prezzi si applicano solo agli ordini online e sono comprensivi di IVA. Soggetto a modifiche senza preavviso, escluse le spese di spedizione. Con riserva di errori, modifiche nell&#8217;ambito di consegna e nel design, errori di stampa e variazioni di prezzo. I prezzi barrati sono prezzi sostitutivi. Le illustrazioni possono differire dall&#8217;originale\/dall&#8217;ambito di consegna.<br \/>\n*Spedizione gratuita per ordini superiori a CHF 250.-.<\/p>\n","protected":false},"excerpt":{"rendered":"<p>Adalya Hawaii Delizia di frutta esotica Con il tabacco per shisha Adalya Hawaii, vivrai un viaggio di sapori ai tropici. L&#8217;armoniosa miscela di frutti esotici, pesca succosa e ananas dolce crea un aroma intenso e fruttato che rende ogni sessione di shisha un&#8217;esperienza speciale. Questa combinazione esotica regala un&#8217;esperienza di sapore fresco, dolce ed equilibrato, [&hellip;]<\/p>\n","protected":false},"featured_media":63789,"template":"","meta":[],"product_brand":[1793],"product_cat":[1892,1886,2081,1889,1884,2078,2004,3207],"product_tag":[],"class_list":{"0":"post-172692","1":"product","2":"type-product","3":"status-publish","4":"has-post-thumbnail","6":"product_brand-adalya-tobacco","7":"product_cat-narghile","8":"product_cat-tabacco-narghile-tabacco-narghile","9":"product_cat-adalya-","10":"product_cat-tabacco","11":"product_cat-shishatabak-it","12":"product_cat-adalya-shishatabak-it","13":"product_cat-diverso-headshop","14":"product_cat-offerte","16":"first","17":"instock","18":"sale","19":"purchasable","20":"product-type-simple"},"yoast_head":"<!-- This site is optimized with the Yoast SEO plugin v27.0 - https:\/\/yoast.com\/product\/yoast-seo-wordpress\/ -->\n<title>Adalya Hawaii 50 gr tabacco per shisha - Tabakversand.ch | Alles aus der Welt des Tabaks<\/title>\n<meta name=\"description\" content=\"Acquista il tabacco per shisha Adalya Hawaii: un mix esotico di frutti tropicali per un sapore intenso e un fumo denso. Scoprilo subito online!\" \/>\n<meta name=\"robots\" content=\"index, follow, max-snippet:-1, max-image-preview:large, max-video-preview:-1\" \/>\n<link rel=\"canonical\" href=\"https:\/\/www.tabakversand.ch\/it\/prodotto\/adalya-hawaii-50-gr-tabacco-per-shisha\/\" \/>\n<meta property=\"og:locale\" content=\"it_IT\" \/>\n<meta property=\"og:type\" content=\"article\" \/>\n<meta property=\"og:title\" content=\"Adalya Hawaii 50 gr tabacco per shisha - Tabakversand.ch | Alles aus der Welt des Tabaks\" \/>\n<meta property=\"og:description\" content=\"Acquista il tabacco per shisha Adalya Hawaii: un mix esotico di frutti tropicali per un sapore intenso e un fumo denso. Scoprilo subito online!\" \/>\n<meta property=\"og:url\" content=\"https:\/\/www.tabakversand.ch\/it\/prodotto\/adalya-hawaii-50-gr-tabacco-per-shisha\/\" \/>\n<meta property=\"og:site_name\" content=\"Tabakversand.ch | Alles aus der Welt des Tabaks\" \/>\n<meta property=\"article:modified_time\" content=\"2026-03-05T13:02:06+00:00\" \/>\n<meta property=\"og:image\" content=\"https:\/\/www.tabakversand.ch\/wp-content\/uploads\/2022\/03\/adalya-hawaii-50.jpg\" \/>\n\t<meta property=\"og:image:width\" content=\"500\" \/>\n\t<meta property=\"og:image:height\" content=\"346\" \/>\n\t<meta property=\"og:image:type\" content=\"image\/jpeg\" \/>\n<meta name=\"twitter:card\" content=\"summary_large_image\" \/>\n<meta name=\"twitter:label1\" content=\"Tempo di lettura stimato\" \/>\n\t<meta name=\"twitter:data1\" content=\"1 minuto\" \/>\n<script type=\"application\/ld+json\" class=\"yoast-schema-graph\">{\"@context\":\"https:\/\/schema.org\",\"@graph\":[{\"@type\":\"WebPage\",\"@id\":\"https:\/\/www.tabakversand.ch\/it\/prodotto\/adalya-hawaii-50-gr-tabacco-per-shisha\/\",\"url\":\"https:\/\/www.tabakversand.ch\/it\/prodotto\/adalya-hawaii-50-gr-tabacco-per-shisha\/\",\"name\":\"Adalya Hawaii 50 gr tabacco per shisha - Tabakversand.ch | Alles aus der Welt des Tabaks\",\"isPartOf\":{\"@id\":\"https:\/\/www.tabakversand.ch\/#website\"},\"primaryImageOfPage\":{\"@id\":\"https:\/\/www.tabakversand.ch\/it\/prodotto\/adalya-hawaii-50-gr-tabacco-per-shisha\/#primaryimage\"},\"image\":{\"@id\":\"https:\/\/www.tabakversand.ch\/it\/prodotto\/adalya-hawaii-50-gr-tabacco-per-shisha\/#primaryimage\"},\"thumbnailUrl\":\"https:\/\/www.tabakversand.ch\/wp-content\/uploads\/2022\/03\/adalya-hawaii-50.jpg\",\"datePublished\":\"2025-02-22T09:46:27+00:00\",\"dateModified\":\"2026-03-05T13:02:06+00:00\",\"description\":\"Acquista il tabacco per shisha Adalya Hawaii: un mix esotico di frutti tropicali per un sapore intenso e un fumo denso. Scoprilo subito online!\",\"breadcrumb\":{\"@id\":\"https:\/\/www.tabakversand.ch\/it\/prodotto\/adalya-hawaii-50-gr-tabacco-per-shisha\/#breadcrumb\"},\"inLanguage\":\"it-IT\",\"potentialAction\":[{\"@type\":\"ReadAction\",\"target\":[\"https:\/\/www.tabakversand.ch\/it\/prodotto\/adalya-hawaii-50-gr-tabacco-per-shisha\/\"]}]},{\"@type\":\"ImageObject\",\"inLanguage\":\"it-IT\",\"@id\":\"https:\/\/www.tabakversand.ch\/it\/prodotto\/adalya-hawaii-50-gr-tabacco-per-shisha\/#primaryimage\",\"url\":\"https:\/\/www.tabakversand.ch\/wp-content\/uploads\/2022\/03\/adalya-hawaii-50.jpg\",\"contentUrl\":\"https:\/\/www.tabakversand.ch\/wp-content\/uploads\/2022\/03\/adalya-hawaii-50.jpg\",\"width\":500,\"height\":346,\"caption\":\"Adalya Hawaii 50 gr. Shishatabak\"},{\"@type\":\"BreadcrumbList\",\"@id\":\"https:\/\/www.tabakversand.ch\/it\/prodotto\/adalya-hawaii-50-gr-tabacco-per-shisha\/#breadcrumb\",\"itemListElement\":[{\"@type\":\"ListItem\",\"position\":1,\"name\":\"Startseite\",\"item\":\"https:\/\/www.tabakversand.ch\/\"},{\"@type\":\"ListItem\",\"position\":2,\"name\":\"Negozio\",\"item\":\"https:\/\/www.tabakversand.ch\/it\/negozio\/\"},{\"@type\":\"ListItem\",\"position\":3,\"name\":\"Adalya Hawaii 50 gr tabacco per shisha\"}]},{\"@type\":\"WebSite\",\"@id\":\"https:\/\/www.tabakversand.ch\/#website\",\"url\":\"https:\/\/www.tabakversand.ch\/\",\"name\":\"Tabakversand.ch | Alles aus der Welt des Tabaks\",\"description\":\"Smoke and carpe diem\",\"potentialAction\":[{\"@type\":\"SearchAction\",\"target\":{\"@type\":\"EntryPoint\",\"urlTemplate\":\"https:\/\/www.tabakversand.ch\/?s={search_term_string}\"},\"query-input\":{\"@type\":\"PropertyValueSpecification\",\"valueRequired\":true,\"valueName\":\"search_term_string\"}}],\"inLanguage\":\"it-IT\"}]}<\/script>\n<!-- \/ Yoast SEO plugin. -->","yoast_head_json":{"title":"Adalya Hawaii 50 gr tabacco per shisha - Tabakversand.ch | Alles aus der Welt des Tabaks","description":"Acquista il tabacco per shisha Adalya Hawaii: un mix esotico di frutti tropicali per un sapore intenso e un fumo denso. Scoprilo subito online!","robots":{"index":"index","follow":"follow","max-snippet":"max-snippet:-1","max-image-preview":"max-image-preview:large","max-video-preview":"max-video-preview:-1"},"canonical":"https:\/\/www.tabakversand.ch\/it\/prodotto\/adalya-hawaii-50-gr-tabacco-per-shisha\/","og_locale":"it_IT","og_type":"article","og_title":"Adalya Hawaii 50 gr tabacco per shisha - Tabakversand.ch | Alles aus der Welt des Tabaks","og_description":"Acquista il tabacco per shisha Adalya Hawaii: un mix esotico di frutti tropicali per un sapore intenso e un fumo denso. Scoprilo subito online!","og_url":"https:\/\/www.tabakversand.ch\/it\/prodotto\/adalya-hawaii-50-gr-tabacco-per-shisha\/","og_site_name":"Tabakversand.ch | Alles aus der Welt des Tabaks","article_modified_time":"2026-03-05T13:02:06+00:00","og_image":[{"width":500,"height":346,"url":"https:\/\/www.tabakversand.ch\/wp-content\/uploads\/2022\/03\/adalya-hawaii-50.jpg","type":"image\/jpeg"}],"twitter_card":"summary_large_image","twitter_misc":{"Tempo di lettura stimato":"1 minuto"},"schema":{"@context":"https:\/\/schema.org","@graph":[{"@type":"WebPage","@id":"https:\/\/www.tabakversand.ch\/it\/prodotto\/adalya-hawaii-50-gr-tabacco-per-shisha\/","url":"https:\/\/www.tabakversand.ch\/it\/prodotto\/adalya-hawaii-50-gr-tabacco-per-shisha\/","name":"Adalya Hawaii 50 gr tabacco per shisha - Tabakversand.ch | Alles aus der Welt des Tabaks","isPartOf":{"@id":"https:\/\/www.tabakversand.ch\/#website"},"primaryImageOfPage":{"@id":"https:\/\/www.tabakversand.ch\/it\/prodotto\/adalya-hawaii-50-gr-tabacco-per-shisha\/#primaryimage"},"image":{"@id":"https:\/\/www.tabakversand.ch\/it\/prodotto\/adalya-hawaii-50-gr-tabacco-per-shisha\/#primaryimage"},"thumbnailUrl":"https:\/\/www.tabakversand.ch\/wp-content\/uploads\/2022\/03\/adalya-hawaii-50.jpg","datePublished":"2025-02-22T09:46:27+00:00","dateModified":"2026-03-05T13:02:06+00:00","description":"Acquista il tabacco per shisha Adalya Hawaii: un mix esotico di frutti tropicali per un sapore intenso e un fumo denso. Scoprilo subito online!","breadcrumb":{"@id":"https:\/\/www.tabakversand.ch\/it\/prodotto\/adalya-hawaii-50-gr-tabacco-per-shisha\/#breadcrumb"},"inLanguage":"it-IT","potentialAction":[{"@type":"ReadAction","target":["https:\/\/www.tabakversand.ch\/it\/prodotto\/adalya-hawaii-50-gr-tabacco-per-shisha\/"]}]},{"@type":"ImageObject","inLanguage":"it-IT","@id":"https:\/\/www.tabakversand.ch\/it\/prodotto\/adalya-hawaii-50-gr-tabacco-per-shisha\/#primaryimage","url":"https:\/\/www.tabakversand.ch\/wp-content\/uploads\/2022\/03\/adalya-hawaii-50.jpg","contentUrl":"https:\/\/www.tabakversand.ch\/wp-content\/uploads\/2022\/03\/adalya-hawaii-50.jpg","width":500,"height":346,"caption":"Adalya Hawaii 50 gr. Shishatabak"},{"@type":"BreadcrumbList","@id":"https:\/\/www.tabakversand.ch\/it\/prodotto\/adalya-hawaii-50-gr-tabacco-per-shisha\/#breadcrumb","itemListElement":[{"@type":"ListItem","position":1,"name":"Startseite","item":"https:\/\/www.tabakversand.ch\/"},{"@type":"ListItem","position":2,"name":"Negozio","item":"https:\/\/www.tabakversand.ch\/it\/negozio\/"},{"@type":"ListItem","position":3,"name":"Adalya Hawaii 50 gr tabacco per shisha"}]},{"@type":"WebSite","@id":"https:\/\/www.tabakversand.ch\/#website","url":"https:\/\/www.tabakversand.ch\/","name":"Tabakversand.ch | Alles aus der Welt des Tabaks","description":"Smoke and carpe diem","potentialAction":[{"@type":"SearchAction","target":{"@type":"EntryPoint","urlTemplate":"https:\/\/www.tabakversand.ch\/?s={search_term_string}"},"query-input":{"@type":"PropertyValueSpecification","valueRequired":true,"valueName":"search_term_string"}}],"inLanguage":"it-IT"}]}},"_links":{"self":[{"href":"https:\/\/www.tabakversand.ch\/it\/wp-json\/wp\/v2\/product\/172692","targetHints":{"allow":["GET"]}}],"collection":[{"href":"https:\/\/www.tabakversand.ch\/it\/wp-json\/wp\/v2\/product"}],"about":[{"href":"https:\/\/www.tabakversand.ch\/it\/wp-json\/wp\/v2\/types\/product"}],"version-history":[{"count":7,"href":"https:\/\/www.tabakversand.ch\/it\/wp-json\/wp\/v2\/product\/172692\/revisions"}],"predecessor-version":[{"id":214245,"href":"https:\/\/www.tabakversand.ch\/it\/wp-json\/wp\/v2\/product\/172692\/revisions\/214245"}],"wp:featuredmedia":[{"embeddable":true,"href":"https:\/\/www.tabakversand.ch\/it\/wp-json\/wp\/v2\/media\/63789"}],"wp:attachment":[{"href":"https:\/\/www.tabakversand.ch\/it\/wp-json\/wp\/v2\/media?parent=172692"}],"wp:term":[{"taxonomy":"product_brand","embeddable":true,"href":"https:\/\/www.tabakversand.ch\/it\/wp-json\/wp\/v2\/product_brand?post=172692"},{"taxonomy":"product_cat","embeddable":true,"href":"https:\/\/www.tabakversand.ch\/it\/wp-json\/wp\/v2\/product_cat?post=172692"},{"taxonomy":"product_tag","embeddable":true,"href":"https:\/\/www.tabakversand.ch\/it\/wp-json\/wp\/v2\/product_tag?post=172692"}],"curies":[{"name":"wp","href":"https:\/\/api.w.org\/{rel}","templated":true}]}}