{"id":173270,"date":"2025-02-26T11:19:42","date_gmt":"2025-02-26T10:19:42","guid":{"rendered":"https:\/\/www.tabakversand.ch\/?post_type=product&#038;p=173270"},"modified":"2025-04-04T11:53:44","modified_gmt":"2025-04-04T09:53:44","slug":"sigaretta-elettronica-innokin-klypse-bianca","status":"publish","type":"product","link":"https:\/\/www.tabakversand.ch\/it\/prodotto\/sigaretta-elettronica-innokin-klypse-bianca\/","title":{"rendered":"Sigaretta elettronica Innokin Klypse bianca"},"content":{"rendered":"<p>Sigaretta elettronica Innokin Klypse bianca<\/p>\n<p>Innokin \u00e8 pratico e semplice in lettere maiuscole, il cui miglior esempio \u00e8 l&#8217;Innokin Klypse. Con il sistema di coperchi intelligente, il tuo bocchino \u00e8 sempre protetto dalla contaminazione ed \u00e8 sempre pronto. Questa \u00e8 la funzione del dispositivo semplicemente riempire il pod, attendere 5 minuti, inserire pod e via. Non \u00e8 necessario effettuare impostazioni fastidiose, anche il dispositivo non deve essere acceso o spento. Perch\u00e9 l&#8217;Innokin Klypse ha una trazione automatica, quindi devi solo essere tirato sul boccaglio e puoi vaporizzare. Con la batteria da 700 mAh installata in Innokin Klypse, puoi svapare tutto il giorno senza problemi. Abbinando il design semplice ma elegante in 6 colori da semplici a stravaganti.<\/p>\n<p>Dimensioni: 94mm x 29mm x 15.2mm<\/p>\n<p>Tecnologia del treno: MTL<\/p>\n<p>Volume di riempimento: 2ml<\/p>\n<p>Riempimento: Dal lato<\/p>\n<p>Flusso d&#8217;aria: non regolabile<\/p>\n<p>Potenza di uscita: 16 watt<\/p>\n<p>Batteria: Installata internamente 700 mAh<\/p>\n<p>Connettore: USB-C<\/p>\n<p>CONTENUTO DELLA FORNITURA<\/p>\n<p>1x Supporto per batteria Innokin Klypse<br \/>\n 1x Pod Innokin Klypse 0,8 Ohm<br \/>\n 1x cavo USB-C<\/p>\n<p><iframe title=\"Alternative zu Disposables? Klypse Podsystem getestet\" width=\"800\" height=\"450\" src=\"https:\/\/www.youtube.com\/embed\/ypfQH0xapug?feature=oembed\" frameborder=\"0\" allow=\"accelerometer; autoplay; clipboard-write; encrypted-media; gyroscope; picture-in-picture; web-share\" referrerpolicy=\"strict-origin-when-cross-origin\" allowfullscreen><\/iframe><\/p>\n<p>Tutti i prezzi si applicano solo agli ordini online e sono comprensivi di IVA. IVA, soggetta a modifiche pi\u00f9 Spedizione. Con riserva di errori, modifiche nella fornitura e nella progettazione, errori di stampa e modifiche dei prezzi. I prezzi barrati sono invece prezzi. L&#8217;immagine pu\u00f2 differire dall&#8217;originale\/dalla fornitura.<br \/>\n*Spedizione gratuita per ordini superiori a CHF 250.<\/p>\n","protected":false},"excerpt":{"rendered":"<p>Sigaretta elettronica Innokin Klypse bianca Innokin \u00e8 pratico e semplice in lettere maiuscole, il cui miglior esempio \u00e8 l&#8217;Innokin Klypse. Con il sistema di coperchi intelligente, il tuo bocchino \u00e8 sempre protetto dalla contaminazione ed \u00e8 sempre pronto. Questa \u00e8 la funzione del dispositivo semplicemente riempire il pod, attendere 5 minuti, inserire pod e via. [&hellip;]<\/p>\n","protected":false},"featured_media":173274,"template":"","meta":[],"product_brand":[1457],"product_cat":[2004,1875,1915,2189,3207,1916],"product_tag":[],"class_list":{"0":"post-173270","1":"product","2":"type-product","3":"status-publish","4":"has-post-thumbnail","6":"product_brand-innokin","7":"product_cat-diverso-headshop","8":"product_cat-e-fumo","9":"product_cat-innokin-","10":"product_cat-innokin-kroma-r-zlide-it","11":"product_cat-offerte","12":"product_cat-sigarette-elettroniche","14":"first","15":"instock","16":"sale","17":"purchasable","18":"product-type-simple"},"yoast_head":"<!-- This site is optimized with the Yoast SEO plugin v27.0 - https:\/\/yoast.com\/product\/yoast-seo-wordpress\/ -->\n<title>Sigaretta elettronica Innokin Klypse bianca - tabakveresand.ch<\/title>\n<meta name=\"description\" content=\"Sigaretta elettronica Innokin Klypse bianca | Un&#039;ampia scelta di prodotti di tabacco di prima qualit\u00e0, e-smoke e accessori per fumatori in tutta la Svizzera | Carte accettate!\" \/>\n<meta name=\"robots\" content=\"index, follow, max-snippet:-1, max-image-preview:large, max-video-preview:-1\" \/>\n<link rel=\"canonical\" href=\"https:\/\/www.tabakversand.ch\/it\/prodotto\/sigaretta-elettronica-innokin-klypse-bianca\/\" \/>\n<meta property=\"og:locale\" content=\"it_IT\" \/>\n<meta property=\"og:type\" content=\"article\" \/>\n<meta property=\"og:title\" content=\"Sigaretta elettronica Innokin Klypse bianca - tabakveresand.ch\" \/>\n<meta property=\"og:description\" content=\"Sigaretta elettronica Innokin Klypse bianca | Un&#039;ampia scelta di prodotti di tabacco di prima qualit\u00e0, e-smoke e accessori per fumatori in tutta la Svizzera | Carte accettate!\" \/>\n<meta property=\"og:url\" content=\"https:\/\/www.tabakversand.ch\/it\/prodotto\/sigaretta-elettronica-innokin-klypse-bianca\/\" \/>\n<meta property=\"og:site_name\" content=\"Tabakversand.ch | Alles aus der Welt des Tabaks\" \/>\n<meta property=\"article:modified_time\" content=\"2025-04-04T09:53:44+00:00\" \/>\n<meta property=\"og:image\" content=\"https:\/\/www.tabakversand.ch\/wp-content\/uploads\/2025\/02\/innokin-klypse-weiss.jpg\" \/>\n\t<meta property=\"og:image:width\" content=\"500\" \/>\n\t<meta property=\"og:image:height\" content=\"500\" \/>\n\t<meta property=\"og:image:type\" content=\"image\/jpeg\" \/>\n<meta name=\"twitter:card\" content=\"summary_large_image\" \/>\n<meta name=\"twitter:label1\" content=\"Tempo di lettura stimato\" \/>\n\t<meta name=\"twitter:data1\" content=\"2 minuti\" \/>\n<script type=\"application\/ld+json\" class=\"yoast-schema-graph\">{\"@context\":\"https:\/\/schema.org\",\"@graph\":[{\"@type\":\"WebPage\",\"@id\":\"https:\/\/www.tabakversand.ch\/it\/prodotto\/sigaretta-elettronica-innokin-klypse-bianca\/\",\"url\":\"https:\/\/www.tabakversand.ch\/it\/prodotto\/sigaretta-elettronica-innokin-klypse-bianca\/\",\"name\":\"Sigaretta elettronica Innokin Klypse bianca - tabakveresand.ch\",\"isPartOf\":{\"@id\":\"https:\/\/www.tabakversand.ch\/#website\"},\"primaryImageOfPage\":{\"@id\":\"https:\/\/www.tabakversand.ch\/it\/prodotto\/sigaretta-elettronica-innokin-klypse-bianca\/#primaryimage\"},\"image\":{\"@id\":\"https:\/\/www.tabakversand.ch\/it\/prodotto\/sigaretta-elettronica-innokin-klypse-bianca\/#primaryimage\"},\"thumbnailUrl\":\"https:\/\/www.tabakversand.ch\/wp-content\/uploads\/2025\/02\/innokin-klypse-weiss.jpg\",\"datePublished\":\"2025-02-26T10:19:42+00:00\",\"dateModified\":\"2025-04-04T09:53:44+00:00\",\"description\":\"Sigaretta elettronica Innokin Klypse bianca | Un'ampia scelta di prodotti di tabacco di prima qualit\u00e0, e-smoke e accessori per fumatori in tutta la Svizzera | Carte accettate!\",\"breadcrumb\":{\"@id\":\"https:\/\/www.tabakversand.ch\/it\/prodotto\/sigaretta-elettronica-innokin-klypse-bianca\/#breadcrumb\"},\"inLanguage\":\"it-IT\",\"potentialAction\":[{\"@type\":\"ReadAction\",\"target\":[\"https:\/\/www.tabakversand.ch\/it\/prodotto\/sigaretta-elettronica-innokin-klypse-bianca\/\"]}]},{\"@type\":\"ImageObject\",\"inLanguage\":\"it-IT\",\"@id\":\"https:\/\/www.tabakversand.ch\/it\/prodotto\/sigaretta-elettronica-innokin-klypse-bianca\/#primaryimage\",\"url\":\"https:\/\/www.tabakversand.ch\/wp-content\/uploads\/2025\/02\/innokin-klypse-weiss.jpg\",\"contentUrl\":\"https:\/\/www.tabakversand.ch\/wp-content\/uploads\/2025\/02\/innokin-klypse-weiss.jpg\",\"width\":500,\"height\":500,\"caption\":\"Innokin Klypse weiss E-Zigarette\"},{\"@type\":\"BreadcrumbList\",\"@id\":\"https:\/\/www.tabakversand.ch\/it\/prodotto\/sigaretta-elettronica-innokin-klypse-bianca\/#breadcrumb\",\"itemListElement\":[{\"@type\":\"ListItem\",\"position\":1,\"name\":\"Startseite\",\"item\":\"https:\/\/www.tabakversand.ch\/\"},{\"@type\":\"ListItem\",\"position\":2,\"name\":\"Negozio\",\"item\":\"https:\/\/www.tabakversand.ch\/it\/negozio\/\"},{\"@type\":\"ListItem\",\"position\":3,\"name\":\"Sigaretta elettronica Innokin Klypse bianca\"}]},{\"@type\":\"WebSite\",\"@id\":\"https:\/\/www.tabakversand.ch\/#website\",\"url\":\"https:\/\/www.tabakversand.ch\/\",\"name\":\"Tabakversand.ch | Alles aus der Welt des Tabaks\",\"description\":\"Smoke and carpe diem\",\"potentialAction\":[{\"@type\":\"SearchAction\",\"target\":{\"@type\":\"EntryPoint\",\"urlTemplate\":\"https:\/\/www.tabakversand.ch\/?s={search_term_string}\"},\"query-input\":{\"@type\":\"PropertyValueSpecification\",\"valueRequired\":true,\"valueName\":\"search_term_string\"}}],\"inLanguage\":\"it-IT\"}]}<\/script>\n<!-- \/ Yoast SEO plugin. -->","yoast_head_json":{"title":"Sigaretta elettronica Innokin Klypse bianca - tabakveresand.ch","description":"Sigaretta elettronica Innokin Klypse bianca | Un'ampia scelta di prodotti di tabacco di prima qualit\u00e0, e-smoke e accessori per fumatori in tutta la Svizzera | Carte accettate!","robots":{"index":"index","follow":"follow","max-snippet":"max-snippet:-1","max-image-preview":"max-image-preview:large","max-video-preview":"max-video-preview:-1"},"canonical":"https:\/\/www.tabakversand.ch\/it\/prodotto\/sigaretta-elettronica-innokin-klypse-bianca\/","og_locale":"it_IT","og_type":"article","og_title":"Sigaretta elettronica Innokin Klypse bianca - tabakveresand.ch","og_description":"Sigaretta elettronica Innokin Klypse bianca | Un'ampia scelta di prodotti di tabacco di prima qualit\u00e0, e-smoke e accessori per fumatori in tutta la Svizzera | Carte accettate!","og_url":"https:\/\/www.tabakversand.ch\/it\/prodotto\/sigaretta-elettronica-innokin-klypse-bianca\/","og_site_name":"Tabakversand.ch | Alles aus der Welt des Tabaks","article_modified_time":"2025-04-04T09:53:44+00:00","og_image":[{"width":500,"height":500,"url":"https:\/\/www.tabakversand.ch\/wp-content\/uploads\/2025\/02\/innokin-klypse-weiss.jpg","type":"image\/jpeg"}],"twitter_card":"summary_large_image","twitter_misc":{"Tempo di lettura stimato":"2 minuti"},"schema":{"@context":"https:\/\/schema.org","@graph":[{"@type":"WebPage","@id":"https:\/\/www.tabakversand.ch\/it\/prodotto\/sigaretta-elettronica-innokin-klypse-bianca\/","url":"https:\/\/www.tabakversand.ch\/it\/prodotto\/sigaretta-elettronica-innokin-klypse-bianca\/","name":"Sigaretta elettronica Innokin Klypse bianca - tabakveresand.ch","isPartOf":{"@id":"https:\/\/www.tabakversand.ch\/#website"},"primaryImageOfPage":{"@id":"https:\/\/www.tabakversand.ch\/it\/prodotto\/sigaretta-elettronica-innokin-klypse-bianca\/#primaryimage"},"image":{"@id":"https:\/\/www.tabakversand.ch\/it\/prodotto\/sigaretta-elettronica-innokin-klypse-bianca\/#primaryimage"},"thumbnailUrl":"https:\/\/www.tabakversand.ch\/wp-content\/uploads\/2025\/02\/innokin-klypse-weiss.jpg","datePublished":"2025-02-26T10:19:42+00:00","dateModified":"2025-04-04T09:53:44+00:00","description":"Sigaretta elettronica Innokin Klypse bianca | Un'ampia scelta di prodotti di tabacco di prima qualit\u00e0, e-smoke e accessori per fumatori in tutta la Svizzera | Carte accettate!","breadcrumb":{"@id":"https:\/\/www.tabakversand.ch\/it\/prodotto\/sigaretta-elettronica-innokin-klypse-bianca\/#breadcrumb"},"inLanguage":"it-IT","potentialAction":[{"@type":"ReadAction","target":["https:\/\/www.tabakversand.ch\/it\/prodotto\/sigaretta-elettronica-innokin-klypse-bianca\/"]}]},{"@type":"ImageObject","inLanguage":"it-IT","@id":"https:\/\/www.tabakversand.ch\/it\/prodotto\/sigaretta-elettronica-innokin-klypse-bianca\/#primaryimage","url":"https:\/\/www.tabakversand.ch\/wp-content\/uploads\/2025\/02\/innokin-klypse-weiss.jpg","contentUrl":"https:\/\/www.tabakversand.ch\/wp-content\/uploads\/2025\/02\/innokin-klypse-weiss.jpg","width":500,"height":500,"caption":"Innokin Klypse weiss E-Zigarette"},{"@type":"BreadcrumbList","@id":"https:\/\/www.tabakversand.ch\/it\/prodotto\/sigaretta-elettronica-innokin-klypse-bianca\/#breadcrumb","itemListElement":[{"@type":"ListItem","position":1,"name":"Startseite","item":"https:\/\/www.tabakversand.ch\/"},{"@type":"ListItem","position":2,"name":"Negozio","item":"https:\/\/www.tabakversand.ch\/it\/negozio\/"},{"@type":"ListItem","position":3,"name":"Sigaretta elettronica Innokin Klypse bianca"}]},{"@type":"WebSite","@id":"https:\/\/www.tabakversand.ch\/#website","url":"https:\/\/www.tabakversand.ch\/","name":"Tabakversand.ch | Alles aus der Welt des Tabaks","description":"Smoke and carpe diem","potentialAction":[{"@type":"SearchAction","target":{"@type":"EntryPoint","urlTemplate":"https:\/\/www.tabakversand.ch\/?s={search_term_string}"},"query-input":{"@type":"PropertyValueSpecification","valueRequired":true,"valueName":"search_term_string"}}],"inLanguage":"it-IT"}]}},"_links":{"self":[{"href":"https:\/\/www.tabakversand.ch\/it\/wp-json\/wp\/v2\/product\/173270","targetHints":{"allow":["GET"]}}],"collection":[{"href":"https:\/\/www.tabakversand.ch\/it\/wp-json\/wp\/v2\/product"}],"about":[{"href":"https:\/\/www.tabakversand.ch\/it\/wp-json\/wp\/v2\/types\/product"}],"version-history":[{"count":4,"href":"https:\/\/www.tabakversand.ch\/it\/wp-json\/wp\/v2\/product\/173270\/revisions"}],"predecessor-version":[{"id":173288,"href":"https:\/\/www.tabakversand.ch\/it\/wp-json\/wp\/v2\/product\/173270\/revisions\/173288"}],"wp:featuredmedia":[{"embeddable":true,"href":"https:\/\/www.tabakversand.ch\/it\/wp-json\/wp\/v2\/media\/173274"}],"wp:attachment":[{"href":"https:\/\/www.tabakversand.ch\/it\/wp-json\/wp\/v2\/media?parent=173270"}],"wp:term":[{"taxonomy":"product_brand","embeddable":true,"href":"https:\/\/www.tabakversand.ch\/it\/wp-json\/wp\/v2\/product_brand?post=173270"},{"taxonomy":"product_cat","embeddable":true,"href":"https:\/\/www.tabakversand.ch\/it\/wp-json\/wp\/v2\/product_cat?post=173270"},{"taxonomy":"product_tag","embeddable":true,"href":"https:\/\/www.tabakversand.ch\/it\/wp-json\/wp\/v2\/product_tag?post=173270"}],"curies":[{"name":"wp","href":"https:\/\/api.w.org\/{rel}","templated":true}]}}