{"id":173436,"date":"2025-02-26T13:12:03","date_gmt":"2025-02-26T12:12:03","guid":{"rendered":"https:\/\/www.tabakversand.ch\/?post_type=product&#038;p=173436"},"modified":"2026-03-05T09:49:56","modified_gmt":"2026-03-05T08:49:56","slug":"amy-deluxe-ha-bisogno-di-u-038r-nickel-blue-shisha-kopie","status":"publish","type":"product","link":"https:\/\/www.tabakversand.ch\/it\/prodotto\/amy-deluxe-ha-bisogno-di-u-038r-nickel-blue-shisha-kopie\/","title":{"rendered":"Amy Falcon 652 Nero Trasparente"},"content":{"rendered":"<h1>Amy Falcon 652<\/h1>\n<ul>\n<li>Nero Trasparente<\/li>\n<\/ul>\n<p>&nbsp;<\/p>\n<p>Il narghil\u00e8 Falcon by Amy Falcon 652 Black Transparent non \u00e8 solo molto carino, ma pu\u00f2 anche fare molto.<\/p>\n<p>Naturalmente e come di consueto, la shisha viene consegnata con tutti i suoi accessori.<br \/>\n Ci\u00f2 significa che sono inclusi un tubo igienico in silicone e un bocchino in alluminio.<br \/>\n Grazie alle sue dimensioni ridotte e al vetro robusto, \u00e8 perfetto anche da portare con s\u00e9 e da fumare all&#8217;aperto.<\/p>\n<p>Se lo desideri, puoi potenziare la shisha con 2 tubi. Tutto ci\u00f2 di cui hai bisogno \u00e8 un altro adattatore per tubo. <\/p>\n<ul>\n<li>Altezza: 52 cm<\/li>\n<\/ul>\n<p>&nbsp;<\/p>\n<p>Contenuto della confezione:<\/p>\n<ul>\n<li>Tabacco con schermo caldo<\/li>\n<li>piatto di carbone<\/li>\n<li>Colonna di fumo<\/li>\n<li>2 basi<\/li>\n<li>ciotola di vetro<\/li>\n<li>Tubo in silicone con bocchino in alluminio<\/li>\n<li>Kit di sigillatura<\/li>\n<li>pinze per carbone<\/li>\n<\/ul>\n<p>&nbsp;<\/p>\n<p>Su tabakversand.ch riceverete il narghil\u00e8 Amy Falcon 652 Nero Trasparente, ben conservato e nella sua confezione originale. Una conservazione accurata garantisce che la qualit\u00e0 rimanga ottimale fino alla spedizione. Grazie alla consegna rapida in Svizzera, il vostro narghil\u00e8\/pipa ad acqua arriver\u00e0 in tempi rapidi.  <\/p>\n<p>Per maggiori informazioni su shisha\/pipe ad acqua, visita la voce corrispondente su Wikipedia: <a href=\"https:\/\/de.wikipedia.org\/wiki\/Shisha\">clicca qui<\/a> . Per qualsiasi domanda sul prodotto, non esitare a contattarci: <a href=\"https:\/\/www.tabakversand.ch\/kontakt\/\">clicca qui<\/a> . <\/p>\n<p>Tutti i prezzi si applicano solo agli ordini online e sono comprensivi di IVA. Soggetto a modifiche senza preavviso, escluse le spese di spedizione. Con riserva di errori, modifiche nell&#8217;ambito di consegna e nel design, errori di stampa e variazioni di prezzo. I prezzi barrati sono prezzi sostitutivi. Le illustrazioni possono differire dall&#8217;originale\/dall&#8217;ambito di consegna.<br \/>\n*Spedizione gratuita per ordini superiori a CHF 250.-.<\/p>\n","protected":false},"excerpt":{"rendered":"<p>Amy Falcon 652 Nero Trasparente &nbsp; Il narghil\u00e8 Falcon by Amy Falcon 652 Black Transparent non \u00e8 solo molto carino, ma pu\u00f2 anche fare molto. Naturalmente e come di consueto, la shisha viene consegnata con tutti i suoi accessori. Ci\u00f2 significa che sono inclusi un tubo igienico in silicone e un bocchino in alluminio. Grazie [&hellip;]<\/p>\n","protected":false},"featured_media":173440,"template":"","meta":[],"product_brand":[2862],"product_cat":[1892,2150],"product_tag":[],"class_list":{"0":"post-173436","1":"product","2":"type-product","3":"status-publish","4":"has-post-thumbnail","6":"product_brand-amy-delux","7":"product_cat-narghile","8":"product_cat-narghile-shisha","10":"first","11":"instock","12":"featured","13":"purchasable","14":"product-type-simple"},"yoast_head":"<!-- This site is optimized with the Yoast SEO plugin v27.0 - https:\/\/yoast.com\/product\/yoast-seo-wordpress\/ -->\n<title>Amy Falcon 652 Nero Trasparente - tabakversand.ch<\/title>\n<meta name=\"description\" content=\"Acquista la shisha Amy Falcon 652 in nero trasparente: una pipa ad acqua di alta qualit\u00e0 realizzata con materiali resistenti, design elegante e un piacere di fumo perfetto.\" \/>\n<meta name=\"robots\" content=\"index, follow, max-snippet:-1, max-image-preview:large, max-video-preview:-1\" \/>\n<link rel=\"canonical\" href=\"https:\/\/www.tabakversand.ch\/it\/prodotto\/amy-deluxe-ha-bisogno-di-u-038r-nickel-blue-shisha-kopie\/\" \/>\n<meta property=\"og:locale\" content=\"it_IT\" \/>\n<meta property=\"og:type\" content=\"article\" \/>\n<meta property=\"og:title\" content=\"Amy Falcon 652 Nero Trasparente - tabakversand.ch\" \/>\n<meta property=\"og:description\" content=\"Acquista la shisha Amy Falcon 652 in nero trasparente: una pipa ad acqua di alta qualit\u00e0 realizzata con materiali resistenti, design elegante e un piacere di fumo perfetto.\" \/>\n<meta property=\"og:url\" content=\"https:\/\/www.tabakversand.ch\/it\/prodotto\/amy-deluxe-ha-bisogno-di-u-038r-nickel-blue-shisha-kopie\/\" \/>\n<meta property=\"og:site_name\" content=\"Tabakversand.ch | Alles aus der Welt des Tabaks\" \/>\n<meta property=\"article:modified_time\" content=\"2026-03-05T08:49:56+00:00\" \/>\n<meta property=\"og:image\" content=\"https:\/\/www.tabakversand.ch\/wp-content\/uploads\/2025\/02\/amy-falcon-652-schwarz-trasparent.jpg\" \/>\n\t<meta property=\"og:image:width\" content=\"500\" \/>\n\t<meta property=\"og:image:height\" content=\"500\" \/>\n\t<meta property=\"og:image:type\" content=\"image\/jpeg\" \/>\n<meta name=\"twitter:card\" content=\"summary_large_image\" \/>\n<meta name=\"twitter:label1\" content=\"Tempo di lettura stimato\" \/>\n\t<meta name=\"twitter:data1\" content=\"1 minuto\" \/>\n<script type=\"application\/ld+json\" class=\"yoast-schema-graph\">{\"@context\":\"https:\/\/schema.org\",\"@graph\":[{\"@type\":\"WebPage\",\"@id\":\"https:\/\/www.tabakversand.ch\/it\/prodotto\/amy-deluxe-ha-bisogno-di-u-038r-nickel-blue-shisha-kopie\/\",\"url\":\"https:\/\/www.tabakversand.ch\/it\/prodotto\/amy-deluxe-ha-bisogno-di-u-038r-nickel-blue-shisha-kopie\/\",\"name\":\"Amy Falcon 652 Nero Trasparente - tabakversand.ch\",\"isPartOf\":{\"@id\":\"https:\/\/www.tabakversand.ch\/#website\"},\"primaryImageOfPage\":{\"@id\":\"https:\/\/www.tabakversand.ch\/it\/prodotto\/amy-deluxe-ha-bisogno-di-u-038r-nickel-blue-shisha-kopie\/#primaryimage\"},\"image\":{\"@id\":\"https:\/\/www.tabakversand.ch\/it\/prodotto\/amy-deluxe-ha-bisogno-di-u-038r-nickel-blue-shisha-kopie\/#primaryimage\"},\"thumbnailUrl\":\"https:\/\/www.tabakversand.ch\/wp-content\/uploads\/2025\/02\/amy-falcon-652-schwarz-trasparent.jpg\",\"datePublished\":\"2025-02-26T12:12:03+00:00\",\"dateModified\":\"2026-03-05T08:49:56+00:00\",\"description\":\"Acquista la shisha Amy Falcon 652 in nero trasparente: una pipa ad acqua di alta qualit\u00e0 realizzata con materiali resistenti, design elegante e un piacere di fumo perfetto.\",\"breadcrumb\":{\"@id\":\"https:\/\/www.tabakversand.ch\/it\/prodotto\/amy-deluxe-ha-bisogno-di-u-038r-nickel-blue-shisha-kopie\/#breadcrumb\"},\"inLanguage\":\"it-IT\",\"potentialAction\":[{\"@type\":\"ReadAction\",\"target\":[\"https:\/\/www.tabakversand.ch\/it\/prodotto\/amy-deluxe-ha-bisogno-di-u-038r-nickel-blue-shisha-kopie\/\"]}]},{\"@type\":\"ImageObject\",\"inLanguage\":\"it-IT\",\"@id\":\"https:\/\/www.tabakversand.ch\/it\/prodotto\/amy-deluxe-ha-bisogno-di-u-038r-nickel-blue-shisha-kopie\/#primaryimage\",\"url\":\"https:\/\/www.tabakversand.ch\/wp-content\/uploads\/2025\/02\/amy-falcon-652-schwarz-trasparent.jpg\",\"contentUrl\":\"https:\/\/www.tabakversand.ch\/wp-content\/uploads\/2025\/02\/amy-falcon-652-schwarz-trasparent.jpg\",\"width\":500,\"height\":500,\"caption\":\"Amy Falcon 652 Shisha Nero Trasparente | Tabakversand.ch\"},{\"@type\":\"BreadcrumbList\",\"@id\":\"https:\/\/www.tabakversand.ch\/it\/prodotto\/amy-deluxe-ha-bisogno-di-u-038r-nickel-blue-shisha-kopie\/#breadcrumb\",\"itemListElement\":[{\"@type\":\"ListItem\",\"position\":1,\"name\":\"Startseite\",\"item\":\"https:\/\/www.tabakversand.ch\/\"},{\"@type\":\"ListItem\",\"position\":2,\"name\":\"Negozio\",\"item\":\"https:\/\/www.tabakversand.ch\/it\/negozio\/\"},{\"@type\":\"ListItem\",\"position\":3,\"name\":\"Amy Falcon 652 Nero Trasparente\"}]},{\"@type\":\"WebSite\",\"@id\":\"https:\/\/www.tabakversand.ch\/#website\",\"url\":\"https:\/\/www.tabakversand.ch\/\",\"name\":\"Tabakversand.ch | Alles aus der Welt des Tabaks\",\"description\":\"Smoke and carpe diem\",\"potentialAction\":[{\"@type\":\"SearchAction\",\"target\":{\"@type\":\"EntryPoint\",\"urlTemplate\":\"https:\/\/www.tabakversand.ch\/?s={search_term_string}\"},\"query-input\":{\"@type\":\"PropertyValueSpecification\",\"valueRequired\":true,\"valueName\":\"search_term_string\"}}],\"inLanguage\":\"it-IT\"}]}<\/script>\n<!-- \/ Yoast SEO plugin. -->","yoast_head_json":{"title":"Amy Falcon 652 Nero Trasparente - tabakversand.ch","description":"Acquista la shisha Amy Falcon 652 in nero trasparente: una pipa ad acqua di alta qualit\u00e0 realizzata con materiali resistenti, design elegante e un piacere di fumo perfetto.","robots":{"index":"index","follow":"follow","max-snippet":"max-snippet:-1","max-image-preview":"max-image-preview:large","max-video-preview":"max-video-preview:-1"},"canonical":"https:\/\/www.tabakversand.ch\/it\/prodotto\/amy-deluxe-ha-bisogno-di-u-038r-nickel-blue-shisha-kopie\/","og_locale":"it_IT","og_type":"article","og_title":"Amy Falcon 652 Nero Trasparente - tabakversand.ch","og_description":"Acquista la shisha Amy Falcon 652 in nero trasparente: una pipa ad acqua di alta qualit\u00e0 realizzata con materiali resistenti, design elegante e un piacere di fumo perfetto.","og_url":"https:\/\/www.tabakversand.ch\/it\/prodotto\/amy-deluxe-ha-bisogno-di-u-038r-nickel-blue-shisha-kopie\/","og_site_name":"Tabakversand.ch | Alles aus der Welt des Tabaks","article_modified_time":"2026-03-05T08:49:56+00:00","og_image":[{"width":500,"height":500,"url":"https:\/\/www.tabakversand.ch\/wp-content\/uploads\/2025\/02\/amy-falcon-652-schwarz-trasparent.jpg","type":"image\/jpeg"}],"twitter_card":"summary_large_image","twitter_misc":{"Tempo di lettura stimato":"1 minuto"},"schema":{"@context":"https:\/\/schema.org","@graph":[{"@type":"WebPage","@id":"https:\/\/www.tabakversand.ch\/it\/prodotto\/amy-deluxe-ha-bisogno-di-u-038r-nickel-blue-shisha-kopie\/","url":"https:\/\/www.tabakversand.ch\/it\/prodotto\/amy-deluxe-ha-bisogno-di-u-038r-nickel-blue-shisha-kopie\/","name":"Amy Falcon 652 Nero Trasparente - tabakversand.ch","isPartOf":{"@id":"https:\/\/www.tabakversand.ch\/#website"},"primaryImageOfPage":{"@id":"https:\/\/www.tabakversand.ch\/it\/prodotto\/amy-deluxe-ha-bisogno-di-u-038r-nickel-blue-shisha-kopie\/#primaryimage"},"image":{"@id":"https:\/\/www.tabakversand.ch\/it\/prodotto\/amy-deluxe-ha-bisogno-di-u-038r-nickel-blue-shisha-kopie\/#primaryimage"},"thumbnailUrl":"https:\/\/www.tabakversand.ch\/wp-content\/uploads\/2025\/02\/amy-falcon-652-schwarz-trasparent.jpg","datePublished":"2025-02-26T12:12:03+00:00","dateModified":"2026-03-05T08:49:56+00:00","description":"Acquista la shisha Amy Falcon 652 in nero trasparente: una pipa ad acqua di alta qualit\u00e0 realizzata con materiali resistenti, design elegante e un piacere di fumo perfetto.","breadcrumb":{"@id":"https:\/\/www.tabakversand.ch\/it\/prodotto\/amy-deluxe-ha-bisogno-di-u-038r-nickel-blue-shisha-kopie\/#breadcrumb"},"inLanguage":"it-IT","potentialAction":[{"@type":"ReadAction","target":["https:\/\/www.tabakversand.ch\/it\/prodotto\/amy-deluxe-ha-bisogno-di-u-038r-nickel-blue-shisha-kopie\/"]}]},{"@type":"ImageObject","inLanguage":"it-IT","@id":"https:\/\/www.tabakversand.ch\/it\/prodotto\/amy-deluxe-ha-bisogno-di-u-038r-nickel-blue-shisha-kopie\/#primaryimage","url":"https:\/\/www.tabakversand.ch\/wp-content\/uploads\/2025\/02\/amy-falcon-652-schwarz-trasparent.jpg","contentUrl":"https:\/\/www.tabakversand.ch\/wp-content\/uploads\/2025\/02\/amy-falcon-652-schwarz-trasparent.jpg","width":500,"height":500,"caption":"Amy Falcon 652 Shisha Nero Trasparente | Tabakversand.ch"},{"@type":"BreadcrumbList","@id":"https:\/\/www.tabakversand.ch\/it\/prodotto\/amy-deluxe-ha-bisogno-di-u-038r-nickel-blue-shisha-kopie\/#breadcrumb","itemListElement":[{"@type":"ListItem","position":1,"name":"Startseite","item":"https:\/\/www.tabakversand.ch\/"},{"@type":"ListItem","position":2,"name":"Negozio","item":"https:\/\/www.tabakversand.ch\/it\/negozio\/"},{"@type":"ListItem","position":3,"name":"Amy Falcon 652 Nero Trasparente"}]},{"@type":"WebSite","@id":"https:\/\/www.tabakversand.ch\/#website","url":"https:\/\/www.tabakversand.ch\/","name":"Tabakversand.ch | Alles aus der Welt des Tabaks","description":"Smoke and carpe diem","potentialAction":[{"@type":"SearchAction","target":{"@type":"EntryPoint","urlTemplate":"https:\/\/www.tabakversand.ch\/?s={search_term_string}"},"query-input":{"@type":"PropertyValueSpecification","valueRequired":true,"valueName":"search_term_string"}}],"inLanguage":"it-IT"}]}},"_links":{"self":[{"href":"https:\/\/www.tabakversand.ch\/it\/wp-json\/wp\/v2\/product\/173436","targetHints":{"allow":["GET"]}}],"collection":[{"href":"https:\/\/www.tabakversand.ch\/it\/wp-json\/wp\/v2\/product"}],"about":[{"href":"https:\/\/www.tabakversand.ch\/it\/wp-json\/wp\/v2\/types\/product"}],"version-history":[{"count":4,"href":"https:\/\/www.tabakversand.ch\/it\/wp-json\/wp\/v2\/product\/173436\/revisions"}],"predecessor-version":[{"id":214163,"href":"https:\/\/www.tabakversand.ch\/it\/wp-json\/wp\/v2\/product\/173436\/revisions\/214163"}],"wp:featuredmedia":[{"embeddable":true,"href":"https:\/\/www.tabakversand.ch\/it\/wp-json\/wp\/v2\/media\/173440"}],"wp:attachment":[{"href":"https:\/\/www.tabakversand.ch\/it\/wp-json\/wp\/v2\/media?parent=173436"}],"wp:term":[{"taxonomy":"product_brand","embeddable":true,"href":"https:\/\/www.tabakversand.ch\/it\/wp-json\/wp\/v2\/product_brand?post=173436"},{"taxonomy":"product_cat","embeddable":true,"href":"https:\/\/www.tabakversand.ch\/it\/wp-json\/wp\/v2\/product_cat?post=173436"},{"taxonomy":"product_tag","embeddable":true,"href":"https:\/\/www.tabakversand.ch\/it\/wp-json\/wp\/v2\/product_tag?post=173436"}],"curies":[{"name":"wp","href":"https:\/\/api.w.org\/{rel}","templated":true}]}}